{"id":7181,"date":"2020-12-29T16:01:16","date_gmt":"2020-12-29T15:01:16","guid":{"rendered":"https:\/\/bolting.eu\/?post_type=product&#038;p=7181"},"modified":"2024-08-12T13:19:33","modified_gmt":"2024-08-12T11:19:33","slug":"metolius-cam-lube","status":"publish","type":"product","link":"https:\/\/bolting.eu\/en\/shop\/metolius-cam-lube\/","title":{"rendered":"Metolius Cam Lube"},"content":{"rendered":"<p>Metolius Cam Lube ist ein spezielles Reinigungs\u00f6l f\u00fcr Kletterausr\u00fcstung. Es wird speziell f\u00fcr <a href=\"https:\/\/bolting.eu\/produkt-kategorie\/kletterausruestung\/karabiner-kletterkarabiner\/\">Karabiner<\/a> und <a href=\"https:\/\/bolting.eu\/produkt-kategorie\/kletterausruestung\/klemmgeraete-friends\/\">Klemmger\u00e4te<\/a> verwendet.<\/p>\n<p>Die spezielle Formel bedingt eine schonende Reinigung. Erstens l\u00f6st das \u00d6l die feinen Staubpartikel auf. Zweitens sorgt es f\u00fcr die Bindung des Schmutzes, der so aus dem Gewinden bzw. Gelenken kommen kann. Drittens erschwert das \u00d6l nach dem Auftrocknen das Eindringen von Staub bzw. Feuchtigkeit.<\/p>\n<h2>Eigenschaften Metolius Cam Lube<\/h2>\n<ul>\n<li>Hersteller: Metolius<\/li>\n<li>Inhalt: 60mm<\/li>\n<li>\u00d6l: spezielles Reinigungs- und Schmier\u00f6l f\u00fcr Kletterausr\u00fcstung<\/li>\n<li>feuergef\u00e4hrlich &#8211; nur in gut bel\u00fcfteten R\u00e4umen verwenden<\/li>\n<li>Anwendung erst nach Waschen der Ausr\u00fcstung!<\/li>\n<li>nicht auf Bandschlingen Materialien tropfen lassen!<\/li>\n<\/ul>\n<h3>Anwendung Metolius Cam Lube<\/h3>\n<p><a href=\"https:\/\/bolting.eu\/wp-content\/uploads\/2020\/12\/Metolius-Cam-Lube-3.jpg\"><img loading=\"lazy\" decoding=\"async\" class=\"alignleft wp-image-7184 size-thumbnail\" src=\"https:\/\/bolting.eu\/wp-content\/uploads\/2020\/12\/Metolius-Cam-Lube-3-280x280.jpg\" alt=\"Das Bild zeigt das Auftragen des Metolius Cam Lube \u00d6ls auf ein Klemmger\u00e4t.\" width=\"280\" height=\"280\" srcset=\"https:\/\/bolting.eu\/wp-content\/uploads\/2020\/12\/Metolius-Cam-Lube-3-280x280.jpg 280w, https:\/\/bolting.eu\/wp-content\/uploads\/2020\/12\/Metolius-Cam-Lube-3-100x100.jpg 100w, https:\/\/bolting.eu\/wp-content\/uploads\/2020\/12\/Metolius-Cam-Lube-3-510x510.jpg 510w, https:\/\/bolting.eu\/wp-content\/uploads\/2020\/12\/Metolius-Cam-Lube-3-400x400.jpg 400w, https:\/\/bolting.eu\/wp-content\/uploads\/2020\/12\/Metolius-Cam-Lube-3-300x300.jpg 300w, https:\/\/bolting.eu\/wp-content\/uploads\/2020\/12\/Metolius-Cam-Lube-3-600x600.jpg 600w, https:\/\/bolting.eu\/wp-content\/uploads\/2020\/12\/Metolius-Cam-Lube-3.jpg 700w\" sizes=\"auto, (max-width: 280px) 100vw, 280px\" \/><\/a>Vor der Anwendung des \u00d6ls, solltet ihr eure Ausr\u00fcstungsgegenst\u00e4nde zuerst ordentlich waschen. Beispielsweise Eure Klemmger\u00e4te oder Expressschlingen.<\/p>\n<p>Wir raten euch, diese unter lauwarmen Wasser kr\u00e4ftig auszusp\u00fclen. Ihr k\u00f6nnt den Schmutz vor allem durch &#8220;Schlagen&#8221; der Ausr\u00fcstung in ein Handtuch herausbekommen. Einfach fest darauf schlagen um \u00fcber die Tr\u00e4gheit den Schmutz aus all den Ritzen zu bekommen.<\/p>\n<p>Nach dem Trocknen der Ausr\u00fcstung wenige Tropfen des \u00d6ls auftragen und die Gelenke bewegen. Fertig!<\/p>\n<h3>Warnhinweise<\/h3>\n<p>Das Metolius Cam Lube ist eine \u00e4tzende, leicht entz\u00fcndliche Fl\u00fcssigkeit. Seid daher umsichtig bei der Verwendung!<\/p>\n<ul>\n<li>Raum gut bel\u00fcften<\/li>\n<li>kein Feuer in der N\u00e4he<\/li>\n<li>nicht in Augen oder andere Schleimh\u00e4ute bringen<\/li>\n<\/ul>\n<p>Zudem m\u00fcsst ihr bei Friends und <a href=\"https:\/\/bolting.eu\/produkt-kategorie\/kletterausruestung\/expressschlingen\/\">Expressen<\/a> aufpassen. Lasst kein \u00d6l auf die Bandschlingen tropfen!<\/p>\n<h4><strong>Link Tipp<\/strong><\/h4>\n<p>Hier geht es zum <a href=\"https:\/\/www.metoliusclimbing.com\" target=\"_blank\" rel=\"noopener\">Hersteller<\/a> des Metolius Cam Lube.<\/p>\n","protected":false},"excerpt":{"rendered":"<p>Spezielles Reinigungs- und Schmier\u00f6l f\u00fcr Kletterausr\u00fcstung. Anwendung erst nach Waschen der Ausr\u00fcstung!<\/p>\n<p>Nicht auf Bandschlingen Materialien tropfen lassen.<\/p>\n<p>Versandkostenfrei bis 2kg in <img decoding=\"async\" class=\"emoji\" role=\"img\" draggable=\"false\" src=\"https:\/\/s.w.org\/images\/core\/emoji\/14.0.0\/svg\/1f1e6-1f1f9.svg\" alt=\"\ud83c\udde6\ud83c\uddf9\" \/> ab \u20ac 100,- und <img decoding=\"async\" class=\"emoji\" role=\"img\" draggable=\"false\" src=\"https:\/\/s.w.org\/images\/core\/emoji\/14.0.0\/svg\/1f1e9-1f1ea.svg\" alt=\"\ud83c\udde9\ud83c\uddea\" \/> ab \u20ac 200,-!<\/p>\n","protected":false},"featured_media":7182,"comment_status":"open","ping_status":"closed","template":"","meta":[],"product_brand":[],"product_cat":[5061,29,39],"product_tag":[],"class_list":{"0":"post-7181","1":"product","2":"type-product","3":"status-publish","4":"has-post-thumbnail","6":"product_cat-kletterzubehoer","7":"product_cat-kletterausruestung","8":"product_cat-klemmgeraete-friends","10":"first","11":"outofstock","12":"taxable","13":"shipping-taxable","14":"purchasable","15":"product-type-simple"},"yoast_head":"<!-- This site is optimized with the Yoast SEO Premium plugin v26.9 (Yoast SEO v26.9) - https:\/\/yoast.com\/product\/yoast-seo-premium-wordpress\/ -->\n<title>Metolius Cam Lube - Kletterausr\u00fcstung Pflege\u00f6l | bolting.eu<\/title>\n<meta name=\"description\" content=\"METOLIUS CAM LUBE Kletterausr\u00fcstung Pflege\u00f6l kaufen \u2705 Trusted Shop \u2705 kostenloser Versand* \u2705 14 Tage R\u00fcckgaberecht \u2705 Co2 neutrale Zustellung\" \/>\n<meta name=\"robots\" content=\"index, follow, max-snippet:-1, max-image-preview:large, max-video-preview:-1\" \/>\n<link rel=\"canonical\" href=\"https:\/\/bolting.eu\/en\/shop\/metolius-cam-lube\/\" \/>\n<meta property=\"og:locale\" content=\"en_US\" \/>\n<meta property=\"og:type\" content=\"article\" \/>\n<meta property=\"og:title\" content=\"Metolius Cam Lube\" \/>\n<meta property=\"og:description\" content=\"METOLIUS CAM LUBE Kletterausr\u00fcstung Pflege\u00f6l kaufen \u2705 Trusted Shop \u2705 kostenloser Versand* \u2705 14 Tage R\u00fcckgaberecht \u2705 Co2 neutrale Zustellung\" \/>\n<meta property=\"og:url\" content=\"https:\/\/bolting.eu\/en\/shop\/metolius-cam-lube\/\" \/>\n<meta property=\"og:site_name\" content=\"bolting.eu\" \/>\n<meta property=\"article:publisher\" content=\"https:\/\/www.facebook.com\/bolting.eu\" \/>\n<meta property=\"article:modified_time\" content=\"2024-08-12T11:19:33+00:00\" \/>\n<meta property=\"og:image\" content=\"https:\/\/bolting.eu\/wp-content\/uploads\/2020\/12\/Metolius-Cam-Lube-1.jpg\" \/>\n\t<meta property=\"og:image:width\" content=\"700\" \/>\n\t<meta property=\"og:image:height\" content=\"700\" \/>\n\t<meta property=\"og:image:type\" content=\"image\/jpeg\" \/>\n<meta name=\"twitter:card\" content=\"summary_large_image\" \/>\n<meta name=\"twitter:label1\" content=\"Price\" \/>\n\t<meta name=\"twitter:data1\" content=\"&euro;&nbsp;6,90\" \/>\n\t<meta name=\"twitter:label2\" content=\"Availability\" \/>\n\t<meta name=\"twitter:data2\" content=\"Out of stock\" \/>\n<script type=\"application\/ld+json\" class=\"yoast-schema-graph\">{\"@context\":\"https:\/\/schema.org\",\"@graph\":[{\"@type\":[\"WebPage\",\"ItemPage\"],\"@id\":\"https:\/\/bolting.eu\/en\/shop\/metolius-cam-lube\/\",\"url\":\"https:\/\/bolting.eu\/en\/shop\/metolius-cam-lube\/\",\"name\":\"Metolius Cam Lube - Kletterausr\u00fcstung Pflege\u00f6l | bolting.eu\",\"isPartOf\":{\"@id\":\"https:\/\/bolting.eu\/en\/#website\"},\"primaryImageOfPage\":{\"@id\":\"https:\/\/bolting.eu\/en\/shop\/metolius-cam-lube\/#primaryimage\"},\"image\":{\"@id\":\"https:\/\/bolting.eu\/en\/shop\/metolius-cam-lube\/#primaryimage\"},\"thumbnailUrl\":\"https:\/\/bolting.eu\/wp-content\/uploads\/2020\/12\/Metolius-Cam-Lube-1.jpg\",\"datePublished\":\"2020-12-29T15:01:16+00:00\",\"dateModified\":\"2024-08-12T11:19:33+00:00\",\"description\":\"METOLIUS CAM LUBE Kletterausr\u00fcstung Pflege\u00f6l kaufen \u2705 Trusted Shop \u2705 kostenloser Versand* \u2705 14 Tage R\u00fcckgaberecht \u2705 Co2 neutrale Zustellung\",\"breadcrumb\":{\"@id\":\"https:\/\/bolting.eu\/en\/shop\/metolius-cam-lube\/#breadcrumb\"},\"inLanguage\":\"en-US\",\"potentialAction\":[{\"@type\":\"ReadAction\",\"target\":[\"https:\/\/bolting.eu\/en\/shop\/metolius-cam-lube\/\"]}]},{\"@type\":\"ImageObject\",\"inLanguage\":\"en-US\",\"@id\":\"https:\/\/bolting.eu\/en\/shop\/metolius-cam-lube\/#primaryimage\",\"url\":\"https:\/\/bolting.eu\/wp-content\/uploads\/2020\/12\/Metolius-Cam-Lube-1.jpg\",\"contentUrl\":\"https:\/\/bolting.eu\/wp-content\/uploads\/2020\/12\/Metolius-Cam-Lube-1.jpg\",\"width\":700,\"height\":700,\"caption\":\"Das Bild zeigt eine schwarze Flasche Metolius Cam Lube mit buntem Label und roter Verschlusskappe.\"},{\"@type\":\"BreadcrumbList\",\"@id\":\"https:\/\/bolting.eu\/en\/shop\/metolius-cam-lube\/#breadcrumb\",\"itemListElement\":[{\"@type\":\"ListItem\",\"position\":1,\"name\":\"Shop\",\"item\":\"https:\/\/bolting.eu\/en\/shop\/\"},{\"@type\":\"ListItem\",\"position\":2,\"name\":\"climbing equipment\",\"item\":\"https:\/\/bolting.eu\/en\/produkt-kategorie\/climbing-equipment\/\"},{\"@type\":\"ListItem\",\"position\":3,\"name\":\"Klemmger\u00e4te - Friends\",\"item\":\"https:\/\/bolting.eu\/produkt-kategorie\/kletterausruestung\/klemmgeraete-friends\/\"},{\"@type\":\"ListItem\",\"position\":4,\"name\":\"Metolius Cam Lube\"}]},{\"@type\":\"WebSite\",\"@id\":\"https:\/\/bolting.eu\/en\/#website\",\"url\":\"https:\/\/bolting.eu\/en\/\",\"name\":\"bolting.eu\",\"description\":\"we make climbs happen\",\"publisher\":{\"@id\":\"https:\/\/bolting.eu\/en\/#organization\"},\"potentialAction\":[{\"@type\":\"SearchAction\",\"target\":{\"@type\":\"EntryPoint\",\"urlTemplate\":\"https:\/\/bolting.eu\/en\/?s={search_term_string}\"},\"query-input\":{\"@type\":\"PropertyValueSpecification\",\"valueRequired\":true,\"valueName\":\"search_term_string\"}}],\"inLanguage\":\"en-US\"},{\"@type\":[\"Organization\",\"Place\",\"SportingGoodsStore\"],\"@id\":\"https:\/\/bolting.eu\/en\/#organization\",\"name\":\"bolting.eu\",\"url\":\"https:\/\/bolting.eu\/en\/\",\"logo\":{\"@id\":\"https:\/\/bolting.eu\/en\/shop\/metolius-cam-lube\/#local-main-organization-logo\"},\"image\":{\"@id\":\"https:\/\/bolting.eu\/en\/shop\/metolius-cam-lube\/#local-main-organization-logo\"},\"sameAs\":[\"https:\/\/www.facebook.com\/bolting.eu\",\"https:\/\/www.instagram.com\/bolting.eu\/\"],\"address\":{\"@id\":\"https:\/\/bolting.eu\/en\/shop\/metolius-cam-lube\/#local-main-place-address\"},\"geo\":{\"@type\":\"GeoCoordinates\",\"latitude\":\"47.264176340396226\",\"longitude\":\"11.380109057672346\"},\"telephone\":[\"+43 699 19083372\"],\"openingHoursSpecification\":[{\"@type\":\"OpeningHoursSpecification\",\"dayOfWeek\":[\"Monday\",\"Wednesday\",\"Friday\"],\"opens\":\"14:00\",\"closes\":\"18:00\"},{\"@type\":\"OpeningHoursSpecification\",\"dayOfWeek\":[\"Tuesday\",\"Thursday\",\"Saturday\",\"Sunday\"],\"opens\":\"00:00\",\"closes\":\"00:00\"}],\"email\":\"office@bolting.eu\",\"vatID\":\"ATU59999728\",\"priceRange\":\"$$\",\"currenciesAccepted\":\"Euro\"},{\"@type\":\"PostalAddress\",\"@id\":\"https:\/\/bolting.eu\/en\/shop\/metolius-cam-lube\/#local-main-place-address\",\"streetAddress\":\"Fischnalerstra\u00dfe 4\",\"addressLocality\":\"Innsbruck\",\"postalCode\":\"6020\",\"addressRegion\":\"Tirol\",\"addressCountry\":\"AT\"},{\"@type\":\"ImageObject\",\"inLanguage\":\"en-US\",\"@id\":\"https:\/\/bolting.eu\/en\/shop\/metolius-cam-lube\/#local-main-organization-logo\",\"url\":\"https:\/\/bolting.eu\/wp-content\/uploads\/2019\/09\/bolting-logo.png\",\"contentUrl\":\"https:\/\/bolting.eu\/wp-content\/uploads\/2019\/09\/bolting-logo.png\",\"width\":400,\"height\":211,\"caption\":\"bolting.eu\"}]}<\/script>\n<meta property=\"product:price:amount\" content=\"6.90\" \/>\n<meta property=\"product:price:currency\" content=\"EUR\" \/>\n<meta property=\"og:availability\" content=\"out of stock\" \/>\n<meta property=\"product:availability\" content=\"out of stock\" \/>\n<meta property=\"product:retailer_item_id\" content=\"cras021\" \/>\n<meta property=\"product:condition\" content=\"new\" \/>\n<meta name=\"geo.placename\" content=\"Innsbruck\" \/>\n<meta name=\"geo.position\" content=\"47.264176340396226;11.380109057672346\" \/>\n<meta name=\"geo.region\" content=\"Austria\" \/>\n<!-- \/ Yoast SEO Premium plugin. -->","yoast_head_json":{"title":"Metolius Cam Lube - Kletterausr\u00fcstung Pflege\u00f6l | bolting.eu","description":"METOLIUS CAM LUBE Kletterausr\u00fcstung Pflege\u00f6l kaufen \u2705 Trusted Shop \u2705 kostenloser Versand* \u2705 14 Tage R\u00fcckgaberecht \u2705 Co2 neutrale Zustellung","robots":{"index":"index","follow":"follow","max-snippet":"max-snippet:-1","max-image-preview":"max-image-preview:large","max-video-preview":"max-video-preview:-1"},"canonical":"https:\/\/bolting.eu\/en\/shop\/metolius-cam-lube\/","og_locale":"en_US","og_type":"article","og_title":"Metolius Cam Lube","og_description":"METOLIUS CAM LUBE Kletterausr\u00fcstung Pflege\u00f6l kaufen \u2705 Trusted Shop \u2705 kostenloser Versand* \u2705 14 Tage R\u00fcckgaberecht \u2705 Co2 neutrale Zustellung","og_url":"https:\/\/bolting.eu\/en\/shop\/metolius-cam-lube\/","og_site_name":"bolting.eu","article_publisher":"https:\/\/www.facebook.com\/bolting.eu","article_modified_time":"2024-08-12T11:19:33+00:00","og_image":[{"width":700,"height":700,"url":"https:\/\/bolting.eu\/wp-content\/uploads\/2020\/12\/Metolius-Cam-Lube-1.jpg","type":"image\/jpeg"}],"twitter_card":"summary_large_image","twitter_misc":{"Price":"&euro;&nbsp;6,90","Availability":"Out of stock"},"schema":{"@context":"https:\/\/schema.org","@graph":[{"@type":["WebPage","ItemPage"],"@id":"https:\/\/bolting.eu\/en\/shop\/metolius-cam-lube\/","url":"https:\/\/bolting.eu\/en\/shop\/metolius-cam-lube\/","name":"Metolius Cam Lube - Kletterausr\u00fcstung Pflege\u00f6l | bolting.eu","isPartOf":{"@id":"https:\/\/bolting.eu\/en\/#website"},"primaryImageOfPage":{"@id":"https:\/\/bolting.eu\/en\/shop\/metolius-cam-lube\/#primaryimage"},"image":{"@id":"https:\/\/bolting.eu\/en\/shop\/metolius-cam-lube\/#primaryimage"},"thumbnailUrl":"https:\/\/bolting.eu\/wp-content\/uploads\/2020\/12\/Metolius-Cam-Lube-1.jpg","datePublished":"2020-12-29T15:01:16+00:00","dateModified":"2024-08-12T11:19:33+00:00","description":"METOLIUS CAM LUBE Kletterausr\u00fcstung Pflege\u00f6l kaufen \u2705 Trusted Shop \u2705 kostenloser Versand* \u2705 14 Tage R\u00fcckgaberecht \u2705 Co2 neutrale Zustellung","breadcrumb":{"@id":"https:\/\/bolting.eu\/en\/shop\/metolius-cam-lube\/#breadcrumb"},"inLanguage":"en-US","potentialAction":[{"@type":"ReadAction","target":["https:\/\/bolting.eu\/en\/shop\/metolius-cam-lube\/"]}]},{"@type":"ImageObject","inLanguage":"en-US","@id":"https:\/\/bolting.eu\/en\/shop\/metolius-cam-lube\/#primaryimage","url":"https:\/\/bolting.eu\/wp-content\/uploads\/2020\/12\/Metolius-Cam-Lube-1.jpg","contentUrl":"https:\/\/bolting.eu\/wp-content\/uploads\/2020\/12\/Metolius-Cam-Lube-1.jpg","width":700,"height":700,"caption":"Das Bild zeigt eine schwarze Flasche Metolius Cam Lube mit buntem Label und roter Verschlusskappe."},{"@type":"BreadcrumbList","@id":"https:\/\/bolting.eu\/en\/shop\/metolius-cam-lube\/#breadcrumb","itemListElement":[{"@type":"ListItem","position":1,"name":"Shop","item":"https:\/\/bolting.eu\/en\/shop\/"},{"@type":"ListItem","position":2,"name":"climbing equipment","item":"https:\/\/bolting.eu\/en\/produkt-kategorie\/climbing-equipment\/"},{"@type":"ListItem","position":3,"name":"Klemmger\u00e4te - Friends","item":"https:\/\/bolting.eu\/produkt-kategorie\/kletterausruestung\/klemmgeraete-friends\/"},{"@type":"ListItem","position":4,"name":"Metolius Cam Lube"}]},{"@type":"WebSite","@id":"https:\/\/bolting.eu\/en\/#website","url":"https:\/\/bolting.eu\/en\/","name":"bolting.eu","description":"we make climbs happen","publisher":{"@id":"https:\/\/bolting.eu\/en\/#organization"},"potentialAction":[{"@type":"SearchAction","target":{"@type":"EntryPoint","urlTemplate":"https:\/\/bolting.eu\/en\/?s={search_term_string}"},"query-input":{"@type":"PropertyValueSpecification","valueRequired":true,"valueName":"search_term_string"}}],"inLanguage":"en-US"},{"@type":["Organization","Place","SportingGoodsStore"],"@id":"https:\/\/bolting.eu\/en\/#organization","name":"bolting.eu","url":"https:\/\/bolting.eu\/en\/","logo":{"@id":"https:\/\/bolting.eu\/en\/shop\/metolius-cam-lube\/#local-main-organization-logo"},"image":{"@id":"https:\/\/bolting.eu\/en\/shop\/metolius-cam-lube\/#local-main-organization-logo"},"sameAs":["https:\/\/www.facebook.com\/bolting.eu","https:\/\/www.instagram.com\/bolting.eu\/"],"address":{"@id":"https:\/\/bolting.eu\/en\/shop\/metolius-cam-lube\/#local-main-place-address"},"geo":{"@type":"GeoCoordinates","latitude":"47.264176340396226","longitude":"11.380109057672346"},"telephone":["+43 699 19083372"],"openingHoursSpecification":[{"@type":"OpeningHoursSpecification","dayOfWeek":["Monday","Wednesday","Friday"],"opens":"14:00","closes":"18:00"},{"@type":"OpeningHoursSpecification","dayOfWeek":["Tuesday","Thursday","Saturday","Sunday"],"opens":"00:00","closes":"00:00"}],"email":"office@bolting.eu","vatID":"ATU59999728","priceRange":"$$","currenciesAccepted":"Euro"},{"@type":"PostalAddress","@id":"https:\/\/bolting.eu\/en\/shop\/metolius-cam-lube\/#local-main-place-address","streetAddress":"Fischnalerstra\u00dfe 4","addressLocality":"Innsbruck","postalCode":"6020","addressRegion":"Tirol","addressCountry":"AT"},{"@type":"ImageObject","inLanguage":"en-US","@id":"https:\/\/bolting.eu\/en\/shop\/metolius-cam-lube\/#local-main-organization-logo","url":"https:\/\/bolting.eu\/wp-content\/uploads\/2019\/09\/bolting-logo.png","contentUrl":"https:\/\/bolting.eu\/wp-content\/uploads\/2019\/09\/bolting-logo.png","width":400,"height":211,"caption":"bolting.eu"}]},"product_price_amount":"6.90","product_price_currency":"EUR","og_availability":"out of stock","product_availability":"out of stock","product_retailer_item_id":"cras021","product_condition":"new","geo.placename":"Innsbruck","geo.position":{"lat":"47.264176340396226","long":"11.380109057672346"},"geo.region":"Austria"},"_links":{"self":[{"href":"https:\/\/bolting.eu\/en\/wp-json\/wp\/v2\/product\/7181","targetHints":{"allow":["GET"]}}],"collection":[{"href":"https:\/\/bolting.eu\/en\/wp-json\/wp\/v2\/product"}],"about":[{"href":"https:\/\/bolting.eu\/en\/wp-json\/wp\/v2\/types\/product"}],"replies":[{"embeddable":true,"href":"https:\/\/bolting.eu\/en\/wp-json\/wp\/v2\/comments?post=7181"}],"wp:featuredmedia":[{"embeddable":true,"href":"https:\/\/bolting.eu\/en\/wp-json\/wp\/v2\/media\/7182"}],"wp:attachment":[{"href":"https:\/\/bolting.eu\/en\/wp-json\/wp\/v2\/media?parent=7181"}],"wp:term":[{"taxonomy":"product_brand","embeddable":true,"href":"https:\/\/bolting.eu\/en\/wp-json\/wp\/v2\/product_brand?post=7181"},{"taxonomy":"product_cat","embeddable":true,"href":"https:\/\/bolting.eu\/en\/wp-json\/wp\/v2\/product_cat?post=7181"},{"taxonomy":"product_tag","embeddable":true,"href":"https:\/\/bolting.eu\/en\/wp-json\/wp\/v2\/product_tag?post=7181"}],"curies":[{"name":"wp","href":"https:\/\/api.w.org\/{rel}","templated":true}]}}