{"id":7172,"date":"2020-12-29T14:48:27","date_gmt":"2020-12-29T13:48:27","guid":{"rendered":"https:\/\/bolting.eu\/?post_type=product&#038;p=7172"},"modified":"2026-04-08T18:10:57","modified_gmt":"2026-04-08T16:10:57","slug":"metolius-gym-bag","status":"publish","type":"product","link":"https:\/\/bolting.eu\/en\/shop\/metolius-gym-bag\/","title":{"rendered":"Metolius Gym Bag"},"content":{"rendered":"<p>Der Metolius Gym Bag ist eine gro\u00dfe <a href=\"https:\/\/bolting.eu\/produkt-kategorie\/boulder-ausruestung\/bouldertaschen\/\">Bouldertasche<\/a>. Sie hat ein Volumen von 28 Litern und ist somit f\u00fcr die Halle als auch f\u00fcr Drau\u00dfen bestens geeignet.<\/p>\n<p>Diese Klettertasche ist ganz simpel gehalten. Ein gro\u00dfer robuster Top Zipper sorgt f\u00fcr den direkten Zugang in den Innenteil. Au\u00dfen gibt es eine Tasche mit Zipper, darin eine Handy Halterung und ein Schl\u00fcssel Klippser. Fertig!<\/p>\n<p>Kurzum. Wer eine robuste und simple Bouldertasche sucht. Hier bist du richtig!<\/p>\n<h2>Eigenschaften Metolius Gym Bag<\/h2>\n<ul>\n<li>Hersteller: Metolius<\/li>\n<li>Volumen: 28 Liter<\/li>\n<li>Gewicht: 425 Gramm<\/li>\n<li>Material: abriebfester Ripstop Nylon<\/li>\n<li>verstellbarer, gepolsterter Schulterriemen<\/li>\n<li>zentraler Rei\u00dfverschluss<\/li>\n<li>Au\u00dfentasche mit Rei\u00dfverschluss (Handyhalterung, Schl\u00fcssel Klipps)<\/li>\n<li>ideal f\u00fcr die Kletterhalle und Bouldern drau\u00dfen<\/li>\n<\/ul>\n<h3>Klasse Preis<\/h3>\n<p>Der Metolius Gym Bag hat mit \u20ac 39,90 einen wirklich attraktiven Preis. Das liegt an der simplen Verarbeitung dieser Bouldertasche. Denn sie besitzt wahrlich keine Schn\u00f6rkel. Das dr\u00fcckt nat\u00fcrlich auf den Preis. Diesmal jedoch zum Positiven.<\/p>\n<p>Somit bekommt man hier relativ viel Tasche f\u00fcr wenig Geld!<\/p>\n<h3>Metolius Gym Bag &#8211; einfach aber gut!<\/h3>\n<p>Wer eine ganz einfache Bouldertasche haben will, ist hier richtig. Denn dieser Boulderbag \u00fcberzeugt durch den robusten und zentralen Zipper, \u00fcber welchem man in den Innenteil gelangt. Hier gibt es keinerlei Unterteilungen, Taschen oder F\u00e4cher. Einfach nur 28 Liter uneingeschr\u00e4nkten Stauraum.<\/p>\n<p>Zudem \u00fcberzeugt der fest angen\u00e4hte bzw. gepolsterte Schultertr\u00e4ger. Der ist breit, schneidet auch bei mehr Gewicht nicht ein und h\u00e4lt bomber!<\/p>\n<p>Abschlie\u00dfend sind die starken Trageriemen und die Front Tasche mit RV zu erw\u00e4hnen. Einfach simpel aber gut!<\/p>\n<h3>Metolius Gym Bag &#8211; Praxis Tipp<\/h3>\n<p>Seid mit sehr scharfen Gegenst\u00e4nden vorsichtig. Denn wenn ihr das Material der Bouldertasche einmal gr\u00f6\u00dfer aufrei\u00dft bzw. einschneidet, l\u00e4sst sich das schwer wieder reparieren. Also achtet ggf. auf spitze und scharfe Gegenst\u00e4nde. So k\u00f6nnt ihr euch lange Eurer geliebten Bouldertasche erfreuen!<\/p>\n<h3>Link Tipp<\/h3>\n<p>Hier geht es zum <a href=\"https:\/\/www.metoliusclimbing.com\" target=\"_blank\" rel=\"noopener\">Hersteller<\/a> des Metolius Gym Bag.<\/p>\n","protected":false},"excerpt":{"rendered":"<ul>\n<li>Hersteller: <a href=\"https:\/\/bolting.eu\/produkt-kategorie\/metolius\/\">Metolius<\/a><\/li>\n<li>Volumen: 28 Liter<\/li>\n<li>Gewicht: 425 Gramm<\/li>\n<li>Material: abriebfester Ripstop Nylon<\/li>\n<li>verstellbarer, gepolsterter Schulterriemen<\/li>\n<li>zentraler Rei\u00dfverschluss<\/li>\n<li>Au\u00dfentasche mit Rei\u00dfverschluss (Handyhalterung, Schl\u00fcssel Klipps)<\/li>\n<li>ideal f\u00fcr die Kletterhalle und Bouldern drau\u00dfen<\/li>\n<\/ul>\n","protected":false},"featured_media":7173,"comment_status":"open","ping_status":"closed","template":"","meta":[],"product_brand":[],"product_cat":[5284,10937,4657],"product_tag":[],"class_list":{"0":"post-7172","1":"product","2":"type-product","3":"status-publish","4":"has-post-thumbnail","6":"product_cat-boulder-ausruestung","7":"product_cat-bouldertaschen","8":"product_cat-metolius","10":"first","11":"instock","12":"sale","13":"taxable","14":"shipping-taxable","15":"purchasable","16":"product-type-simple"},"yoast_head":"<!-- This site is optimized with the Yoast SEO Premium plugin v26.9 (Yoast SEO v26.9) - https:\/\/yoast.com\/product\/yoast-seo-premium-wordpress\/ -->\n<title>Metolius Gym Bag - Bouldertasche f\u00fcr Halle &amp; Drau\u00dfen | bolting.eu<\/title>\n<meta name=\"description\" content=\"Hier findest Du den METOLIUS GYM BAG. Eine robuste und simple Bouldertasche mit 28 Litern Volumen f\u00fcr die Halle und Drau\u00dfen!\" \/>\n<meta name=\"robots\" content=\"index, follow, max-snippet:-1, max-image-preview:large, max-video-preview:-1\" \/>\n<link rel=\"canonical\" href=\"https:\/\/bolting.eu\/en\/shop\/metolius-gym-bag\/\" \/>\n<meta property=\"og:locale\" content=\"en_US\" \/>\n<meta property=\"og:type\" content=\"article\" \/>\n<meta property=\"og:title\" content=\"Metolius Gym Bag\" \/>\n<meta property=\"og:description\" content=\"Hier findest Du den METOLIUS GYM BAG. Eine robuste und simple Bouldertasche mit 28 Litern Volumen f\u00fcr die Halle und Drau\u00dfen!\" \/>\n<meta property=\"og:url\" content=\"https:\/\/bolting.eu\/en\/shop\/metolius-gym-bag\/\" \/>\n<meta property=\"og:site_name\" content=\"bolting.eu\" \/>\n<meta property=\"article:publisher\" content=\"https:\/\/www.facebook.com\/bolting.eu\" \/>\n<meta property=\"article:modified_time\" content=\"2026-04-08T16:10:57+00:00\" \/>\n<meta property=\"og:image\" content=\"https:\/\/bolting.eu\/wp-content\/uploads\/2020\/12\/Metolius-Gym-Bag-Bouldertasche-1.jpg\" \/>\n\t<meta property=\"og:image:width\" content=\"700\" \/>\n\t<meta property=\"og:image:height\" content=\"700\" \/>\n\t<meta property=\"og:image:type\" content=\"image\/jpeg\" \/>\n<meta name=\"twitter:card\" content=\"summary_large_image\" \/>\n<meta name=\"twitter:label1\" content=\"Price\" \/>\n\t<meta name=\"twitter:data1\" content=\"&euro;&nbsp;30,00\" \/>\n\t<meta name=\"twitter:label2\" content=\"Availability\" \/>\n\t<meta name=\"twitter:data2\" content=\"In stock\" \/>\n<script type=\"application\/ld+json\" class=\"yoast-schema-graph\">{\"@context\":\"https:\/\/schema.org\",\"@graph\":[{\"@type\":[\"WebPage\",\"ItemPage\"],\"@id\":\"https:\/\/bolting.eu\/en\/shop\/metolius-gym-bag\/\",\"url\":\"https:\/\/bolting.eu\/en\/shop\/metolius-gym-bag\/\",\"name\":\"Metolius Gym Bag - Bouldertasche f\u00fcr Halle & Drau\u00dfen | bolting.eu\",\"isPartOf\":{\"@id\":\"https:\/\/bolting.eu\/en\/#website\"},\"primaryImageOfPage\":{\"@id\":\"https:\/\/bolting.eu\/en\/shop\/metolius-gym-bag\/#primaryimage\"},\"image\":{\"@id\":\"https:\/\/bolting.eu\/en\/shop\/metolius-gym-bag\/#primaryimage\"},\"thumbnailUrl\":\"https:\/\/bolting.eu\/wp-content\/uploads\/2020\/12\/Metolius-Gym-Bag-Bouldertasche-1.jpg\",\"datePublished\":\"2020-12-29T13:48:27+00:00\",\"dateModified\":\"2026-04-08T16:10:57+00:00\",\"description\":\"Hier findest Du den METOLIUS GYM BAG. Eine robuste und simple Bouldertasche mit 28 Litern Volumen f\u00fcr die Halle und Drau\u00dfen!\",\"breadcrumb\":{\"@id\":\"https:\/\/bolting.eu\/en\/shop\/metolius-gym-bag\/#breadcrumb\"},\"inLanguage\":\"en-US\",\"potentialAction\":[{\"@type\":\"ReadAction\",\"target\":[\"https:\/\/bolting.eu\/en\/shop\/metolius-gym-bag\/\"]}]},{\"@type\":\"ImageObject\",\"inLanguage\":\"en-US\",\"@id\":\"https:\/\/bolting.eu\/en\/shop\/metolius-gym-bag\/#primaryimage\",\"url\":\"https:\/\/bolting.eu\/wp-content\/uploads\/2020\/12\/Metolius-Gym-Bag-Bouldertasche-1.jpg\",\"contentUrl\":\"https:\/\/bolting.eu\/wp-content\/uploads\/2020\/12\/Metolius-Gym-Bag-Bouldertasche-1.jpg\",\"width\":700,\"height\":700,\"caption\":\"Das Bild zeigt die Metolius Gym Bag Bouldertasche. Der gr\u00fcne Gym Bag ist auf einem wei\u00dfem Quadrat zu sehen, man erkennt den ganzen Bag, die Front Tasche, dieTrageriemen, den Schulterg\u00fcrtel und das kleine Metolius Logo.\"},{\"@type\":\"BreadcrumbList\",\"@id\":\"https:\/\/bolting.eu\/en\/shop\/metolius-gym-bag\/#breadcrumb\",\"itemListElement\":[{\"@type\":\"ListItem\",\"position\":1,\"name\":\"Shop\",\"item\":\"https:\/\/bolting.eu\/en\/shop\/\"},{\"@type\":\"ListItem\",\"position\":2,\"name\":\"Boulder Ausr\u00fcstung\",\"item\":\"https:\/\/bolting.eu\/produkt-kategorie\/boulder-ausruestung\/\"},{\"@type\":\"ListItem\",\"position\":3,\"name\":\"Bouldertaschen\",\"item\":\"https:\/\/bolting.eu\/produkt-kategorie\/boulder-ausruestung\/bouldertaschen\/\"},{\"@type\":\"ListItem\",\"position\":4,\"name\":\"Metolius Gym Bag\"}]},{\"@type\":\"WebSite\",\"@id\":\"https:\/\/bolting.eu\/en\/#website\",\"url\":\"https:\/\/bolting.eu\/en\/\",\"name\":\"bolting.eu\",\"description\":\"we make climbs happen\",\"publisher\":{\"@id\":\"https:\/\/bolting.eu\/en\/#organization\"},\"potentialAction\":[{\"@type\":\"SearchAction\",\"target\":{\"@type\":\"EntryPoint\",\"urlTemplate\":\"https:\/\/bolting.eu\/en\/?s={search_term_string}\"},\"query-input\":{\"@type\":\"PropertyValueSpecification\",\"valueRequired\":true,\"valueName\":\"search_term_string\"}}],\"inLanguage\":\"en-US\"},{\"@type\":[\"Organization\",\"Place\",\"SportingGoodsStore\"],\"@id\":\"https:\/\/bolting.eu\/en\/#organization\",\"name\":\"bolting.eu\",\"url\":\"https:\/\/bolting.eu\/en\/\",\"logo\":{\"@id\":\"https:\/\/bolting.eu\/en\/shop\/metolius-gym-bag\/#local-main-organization-logo\"},\"image\":{\"@id\":\"https:\/\/bolting.eu\/en\/shop\/metolius-gym-bag\/#local-main-organization-logo\"},\"sameAs\":[\"https:\/\/www.facebook.com\/bolting.eu\",\"https:\/\/www.instagram.com\/bolting.eu\/\"],\"address\":{\"@id\":\"https:\/\/bolting.eu\/en\/shop\/metolius-gym-bag\/#local-main-place-address\"},\"geo\":{\"@type\":\"GeoCoordinates\",\"latitude\":\"47.264176340396226\",\"longitude\":\"11.380109057672346\"},\"telephone\":[\"+43 699 19083372\"],\"openingHoursSpecification\":[{\"@type\":\"OpeningHoursSpecification\",\"dayOfWeek\":[\"Monday\",\"Wednesday\",\"Friday\"],\"opens\":\"14:00\",\"closes\":\"18:00\"},{\"@type\":\"OpeningHoursSpecification\",\"dayOfWeek\":[\"Tuesday\",\"Thursday\",\"Saturday\",\"Sunday\"],\"opens\":\"00:00\",\"closes\":\"00:00\"}],\"email\":\"office@bolting.eu\",\"vatID\":\"ATU59999728\",\"priceRange\":\"$$\",\"currenciesAccepted\":\"Euro\"},{\"@type\":\"PostalAddress\",\"@id\":\"https:\/\/bolting.eu\/en\/shop\/metolius-gym-bag\/#local-main-place-address\",\"streetAddress\":\"Fischnalerstra\u00dfe 4\",\"addressLocality\":\"Innsbruck\",\"postalCode\":\"6020\",\"addressRegion\":\"Tirol\",\"addressCountry\":\"AT\"},{\"@type\":\"ImageObject\",\"inLanguage\":\"en-US\",\"@id\":\"https:\/\/bolting.eu\/en\/shop\/metolius-gym-bag\/#local-main-organization-logo\",\"url\":\"https:\/\/bolting.eu\/wp-content\/uploads\/2019\/09\/bolting-logo.png\",\"contentUrl\":\"https:\/\/bolting.eu\/wp-content\/uploads\/2019\/09\/bolting-logo.png\",\"width\":400,\"height\":211,\"caption\":\"bolting.eu\"}]}<\/script>\n<meta property=\"product:price:amount\" content=\"30.00\" \/>\n<meta property=\"product:price:currency\" content=\"EUR\" \/>\n<meta property=\"og:availability\" content=\"instock\" \/>\n<meta property=\"product:availability\" content=\"instock\" \/>\n<meta property=\"product:retailer_item_id\" content=\"gymb001.3\" \/>\n<meta property=\"product:condition\" content=\"new\" \/>\n<meta name=\"geo.placename\" content=\"Innsbruck\" \/>\n<meta name=\"geo.position\" content=\"47.264176340396226;11.380109057672346\" \/>\n<meta name=\"geo.region\" content=\"Austria\" \/>\n<!-- \/ Yoast SEO Premium plugin. -->","yoast_head_json":{"title":"Metolius Gym Bag - Bouldertasche f\u00fcr Halle & Drau\u00dfen | bolting.eu","description":"Hier findest Du den METOLIUS GYM BAG. Eine robuste und simple Bouldertasche mit 28 Litern Volumen f\u00fcr die Halle und Drau\u00dfen!","robots":{"index":"index","follow":"follow","max-snippet":"max-snippet:-1","max-image-preview":"max-image-preview:large","max-video-preview":"max-video-preview:-1"},"canonical":"https:\/\/bolting.eu\/en\/shop\/metolius-gym-bag\/","og_locale":"en_US","og_type":"article","og_title":"Metolius Gym Bag","og_description":"Hier findest Du den METOLIUS GYM BAG. Eine robuste und simple Bouldertasche mit 28 Litern Volumen f\u00fcr die Halle und Drau\u00dfen!","og_url":"https:\/\/bolting.eu\/en\/shop\/metolius-gym-bag\/","og_site_name":"bolting.eu","article_publisher":"https:\/\/www.facebook.com\/bolting.eu","article_modified_time":"2026-04-08T16:10:57+00:00","og_image":[{"width":700,"height":700,"url":"https:\/\/bolting.eu\/wp-content\/uploads\/2020\/12\/Metolius-Gym-Bag-Bouldertasche-1.jpg","type":"image\/jpeg"}],"twitter_card":"summary_large_image","twitter_misc":{"Price":"&euro;&nbsp;30,00","Availability":"In stock"},"schema":{"@context":"https:\/\/schema.org","@graph":[{"@type":["WebPage","ItemPage"],"@id":"https:\/\/bolting.eu\/en\/shop\/metolius-gym-bag\/","url":"https:\/\/bolting.eu\/en\/shop\/metolius-gym-bag\/","name":"Metolius Gym Bag - Bouldertasche f\u00fcr Halle & Drau\u00dfen | bolting.eu","isPartOf":{"@id":"https:\/\/bolting.eu\/en\/#website"},"primaryImageOfPage":{"@id":"https:\/\/bolting.eu\/en\/shop\/metolius-gym-bag\/#primaryimage"},"image":{"@id":"https:\/\/bolting.eu\/en\/shop\/metolius-gym-bag\/#primaryimage"},"thumbnailUrl":"https:\/\/bolting.eu\/wp-content\/uploads\/2020\/12\/Metolius-Gym-Bag-Bouldertasche-1.jpg","datePublished":"2020-12-29T13:48:27+00:00","dateModified":"2026-04-08T16:10:57+00:00","description":"Hier findest Du den METOLIUS GYM BAG. Eine robuste und simple Bouldertasche mit 28 Litern Volumen f\u00fcr die Halle und Drau\u00dfen!","breadcrumb":{"@id":"https:\/\/bolting.eu\/en\/shop\/metolius-gym-bag\/#breadcrumb"},"inLanguage":"en-US","potentialAction":[{"@type":"ReadAction","target":["https:\/\/bolting.eu\/en\/shop\/metolius-gym-bag\/"]}]},{"@type":"ImageObject","inLanguage":"en-US","@id":"https:\/\/bolting.eu\/en\/shop\/metolius-gym-bag\/#primaryimage","url":"https:\/\/bolting.eu\/wp-content\/uploads\/2020\/12\/Metolius-Gym-Bag-Bouldertasche-1.jpg","contentUrl":"https:\/\/bolting.eu\/wp-content\/uploads\/2020\/12\/Metolius-Gym-Bag-Bouldertasche-1.jpg","width":700,"height":700,"caption":"Das Bild zeigt die Metolius Gym Bag Bouldertasche. Der gr\u00fcne Gym Bag ist auf einem wei\u00dfem Quadrat zu sehen, man erkennt den ganzen Bag, die Front Tasche, dieTrageriemen, den Schulterg\u00fcrtel und das kleine Metolius Logo."},{"@type":"BreadcrumbList","@id":"https:\/\/bolting.eu\/en\/shop\/metolius-gym-bag\/#breadcrumb","itemListElement":[{"@type":"ListItem","position":1,"name":"Shop","item":"https:\/\/bolting.eu\/en\/shop\/"},{"@type":"ListItem","position":2,"name":"Boulder Ausr\u00fcstung","item":"https:\/\/bolting.eu\/produkt-kategorie\/boulder-ausruestung\/"},{"@type":"ListItem","position":3,"name":"Bouldertaschen","item":"https:\/\/bolting.eu\/produkt-kategorie\/boulder-ausruestung\/bouldertaschen\/"},{"@type":"ListItem","position":4,"name":"Metolius Gym Bag"}]},{"@type":"WebSite","@id":"https:\/\/bolting.eu\/en\/#website","url":"https:\/\/bolting.eu\/en\/","name":"bolting.eu","description":"we make climbs happen","publisher":{"@id":"https:\/\/bolting.eu\/en\/#organization"},"potentialAction":[{"@type":"SearchAction","target":{"@type":"EntryPoint","urlTemplate":"https:\/\/bolting.eu\/en\/?s={search_term_string}"},"query-input":{"@type":"PropertyValueSpecification","valueRequired":true,"valueName":"search_term_string"}}],"inLanguage":"en-US"},{"@type":["Organization","Place","SportingGoodsStore"],"@id":"https:\/\/bolting.eu\/en\/#organization","name":"bolting.eu","url":"https:\/\/bolting.eu\/en\/","logo":{"@id":"https:\/\/bolting.eu\/en\/shop\/metolius-gym-bag\/#local-main-organization-logo"},"image":{"@id":"https:\/\/bolting.eu\/en\/shop\/metolius-gym-bag\/#local-main-organization-logo"},"sameAs":["https:\/\/www.facebook.com\/bolting.eu","https:\/\/www.instagram.com\/bolting.eu\/"],"address":{"@id":"https:\/\/bolting.eu\/en\/shop\/metolius-gym-bag\/#local-main-place-address"},"geo":{"@type":"GeoCoordinates","latitude":"47.264176340396226","longitude":"11.380109057672346"},"telephone":["+43 699 19083372"],"openingHoursSpecification":[{"@type":"OpeningHoursSpecification","dayOfWeek":["Monday","Wednesday","Friday"],"opens":"14:00","closes":"18:00"},{"@type":"OpeningHoursSpecification","dayOfWeek":["Tuesday","Thursday","Saturday","Sunday"],"opens":"00:00","closes":"00:00"}],"email":"office@bolting.eu","vatID":"ATU59999728","priceRange":"$$","currenciesAccepted":"Euro"},{"@type":"PostalAddress","@id":"https:\/\/bolting.eu\/en\/shop\/metolius-gym-bag\/#local-main-place-address","streetAddress":"Fischnalerstra\u00dfe 4","addressLocality":"Innsbruck","postalCode":"6020","addressRegion":"Tirol","addressCountry":"AT"},{"@type":"ImageObject","inLanguage":"en-US","@id":"https:\/\/bolting.eu\/en\/shop\/metolius-gym-bag\/#local-main-organization-logo","url":"https:\/\/bolting.eu\/wp-content\/uploads\/2019\/09\/bolting-logo.png","contentUrl":"https:\/\/bolting.eu\/wp-content\/uploads\/2019\/09\/bolting-logo.png","width":400,"height":211,"caption":"bolting.eu"}]},"product_price_amount":"30.00","product_price_currency":"EUR","og_availability":"instock","product_availability":"instock","product_retailer_item_id":"gymb001.3","product_condition":"new","geo.placename":"Innsbruck","geo.position":{"lat":"47.264176340396226","long":"11.380109057672346"},"geo.region":"Austria"},"_links":{"self":[{"href":"https:\/\/bolting.eu\/en\/wp-json\/wp\/v2\/product\/7172","targetHints":{"allow":["GET"]}}],"collection":[{"href":"https:\/\/bolting.eu\/en\/wp-json\/wp\/v2\/product"}],"about":[{"href":"https:\/\/bolting.eu\/en\/wp-json\/wp\/v2\/types\/product"}],"replies":[{"embeddable":true,"href":"https:\/\/bolting.eu\/en\/wp-json\/wp\/v2\/comments?post=7172"}],"wp:featuredmedia":[{"embeddable":true,"href":"https:\/\/bolting.eu\/en\/wp-json\/wp\/v2\/media\/7173"}],"wp:attachment":[{"href":"https:\/\/bolting.eu\/en\/wp-json\/wp\/v2\/media?parent=7172"}],"wp:term":[{"taxonomy":"product_brand","embeddable":true,"href":"https:\/\/bolting.eu\/en\/wp-json\/wp\/v2\/product_brand?post=7172"},{"taxonomy":"product_cat","embeddable":true,"href":"https:\/\/bolting.eu\/en\/wp-json\/wp\/v2\/product_cat?post=7172"},{"taxonomy":"product_tag","embeddable":true,"href":"https:\/\/bolting.eu\/en\/wp-json\/wp\/v2\/product_tag?post=7172"}],"curies":[{"name":"wp","href":"https:\/\/api.w.org\/{rel}","templated":true}]}}