{"id":7158,"date":"2020-12-29T13:41:32","date_gmt":"2020-12-29T12:41:32","guid":{"rendered":"https:\/\/bolting.eu\/?post_type=product&#038;p=7158"},"modified":"2025-03-14T18:52:26","modified_gmt":"2025-03-14T17:52:26","slug":"metolius-chalk-nroll","status":"publish","type":"product","link":"https:\/\/bolting.eu\/en\/shop\/metolius-chalk-nroll\/","title":{"rendered":"Metolius Chalk n\u00b4Roll"},"content":{"rendered":"<p>Das Metolius Chalk n\u00b4Roll ist ein richtig gro\u00dfes Boulder Chalkbag. Wer mehr Platz sowie mehr B\u00fcrstenhalterungen und zudem mehr Stauraum will, sollte dieses Teil in seiner <a href=\"https:\/\/bolting.eu\/boulderausruestung\/\">Boulderausr\u00fcstung<\/a> haben!<\/p>\n<p>Denn dieser Boulder Magnesiumbeutel ist echt American Size. Erstens beim Volumen. Zweitens sind gleich 8 B\u00fcrstenhalterungen an dem Ding dran. Drittens gibt es eine Front Tasche mit Velcro und eine Netztasche mit Velcro auf der R\u00fcckseite. Viertens ist dieser Bag mit einem Dry-Bag Verschluss System ausgestattet. Folglich ist dieses Teil absolut dicht!<\/p>\n<p>Kurzum. Viel Platz f\u00fcr <a href=\"https:\/\/bolting.eu\/produkt-kategorie\/kletterausruestung\/chalk-klettern\/\">Kletterchalk<\/a> und jede Menge Stauraum stehen bei dir ganz oben auf der Anforderungsliste. Dann hier zuschlagen!<\/p>\n<h2>Eigenschaften Metolius Chalk n\u00b4Roll<\/h2>\n<ul>\n<li>Hersteller: <a href=\"https:\/\/bolting.eu\/produkt-kategorie\/metolius\/\">Metolius<\/a><\/li>\n<li>\u00d6ffnung: ca. 23cm<\/li>\n<li>Volumen: ca. 3,5 Liter<\/li>\n<li>8 elastische B\u00fcrstenhalterungen<\/li>\n<li>Front Tasche mit Klettverschluss<\/li>\n<li>Netztasche auf R\u00fcckseite mit Klettverschluss<\/li>\n<li>Dry-Bag Verschluss System mit Klettverschluss + Steckschnalle<\/li>\n<li>super stabiler Stand wenn gef\u00fcllt<\/li>\n<\/ul>\n<h3>Gro\u00dfes Boulder Chalkbag<\/h3>\n<p>Das Metolius Chalk n\u00b4Roll ist im Vergleich zu anderen Bags sehr gro\u00df. Es hat teilweise doppelt so viel Volumen wie die kleinsten Boulder Magnesiumbeutel.<\/p>\n<p>Folglich ist dieses Produkt ideal f\u00fcr alle, die viel Platz wollen. Zum einen viel Volumen f\u00fcr jede Menge Chalk. Aber zum anderen auch f\u00fcr das <a href=\"https:\/\/bolting.eu\/produkt-kategorie\/boulder-ausruestung\/boulder-zubehoer\/\">Boulderzubeh\u00f6r<\/a>. Wie z.B. Hautfeile, Klettertape und Nagelkippser.<\/p>\n<p>Dar\u00fcber hinaus k\u00f6nnen gleich acht B\u00fcrsten an diesem Bag angebracht werden. Nicht nur &#8220;big&#8221; also, sondern echt &#8220;American Size&#8221;!<\/p>\n<h4><strong>Link Tipp<\/strong><\/h4>\n<p>Hier geht es zum <a href=\"https:\/\/www.metoliusclimbing.com\" target=\"_blank\" rel=\"noopener\">Hersteller<\/a> des Metolius Chalk n\u00b4Roll Boulder Chalkbags.<\/p>\n","protected":false},"excerpt":{"rendered":"<ul>\n<li>Hersteller: <a href=\"https:\/\/bolting.eu\/produkt-kategorie\/metolius\/\">Metolius<\/a><\/li>\n<li>\u00d6ffnung: ca. 23cm<\/li>\n<li>Volumen: ca. 3,5 Liter<\/li>\n<li>8 elastische B\u00fcrstenhalterungen<\/li>\n<li>Front Tasche mit Klettverschluss<\/li>\n<li>Netztasche auf R\u00fcckseite mit Klettverschluss<\/li>\n<li>Dry-Bag Verschluss System mit Klettverschluss + Steckschnalle<\/li>\n<li>super stabiler Stand wenn gef\u00fcllt<\/li>\n<\/ul>\n","protected":false},"featured_media":7159,"comment_status":"open","ping_status":"closed","template":"","meta":[],"product_brand":[],"product_cat":[5006,5284,5692,14319,4657],"product_tag":[],"class_list":{"0":"post-7158","1":"product","2":"type-product","3":"status-publish","4":"has-post-thumbnail","6":"product_cat-chalkbag","7":"product_cat-boulder-ausruestung","8":"product_cat-chalkbag-bouldern","9":"product_cat-sale-klettern","10":"product_cat-metolius","12":"first","13":"instock","14":"sale","15":"taxable","16":"shipping-taxable","17":"purchasable","18":"product-type-variable"},"yoast_head":"<!-- This site is optimized with the Yoast SEO Premium plugin v26.9 (Yoast SEO v26.9) - https:\/\/yoast.com\/product\/yoast-seo-premium-wordpress\/ -->\n<title>Metolius Chalk n\u00b4Roll - riesiges Boulder Chalkbag | bolting.eu<\/title>\n<meta name=\"description\" content=\"Hier findest Du das METOLIUS CHALK N\u00b4ROLL Boulder Chalkbag. Einen super gro\u00dfe Magnesiabeutel der alle Boulderer W\u00fcnsche erf\u00fcllt!\" \/>\n<meta name=\"robots\" content=\"index, follow, max-snippet:-1, max-image-preview:large, max-video-preview:-1\" \/>\n<link rel=\"canonical\" href=\"https:\/\/bolting.eu\/en\/shop\/metolius-chalk-nroll\/\" \/>\n<meta property=\"og:locale\" content=\"en_US\" \/>\n<meta property=\"og:type\" content=\"article\" \/>\n<meta property=\"og:title\" content=\"Metolius Chalk n\u00b4Roll\" \/>\n<meta property=\"og:description\" content=\"Hier findest Du das METOLIUS CHALK N\u00b4ROLL Boulder Chalkbag. Einen super gro\u00dfe Magnesiabeutel der alle Boulderer W\u00fcnsche erf\u00fcllt!\" \/>\n<meta property=\"og:url\" content=\"https:\/\/bolting.eu\/en\/shop\/metolius-chalk-nroll\/\" \/>\n<meta property=\"og:site_name\" content=\"bolting.eu\" \/>\n<meta property=\"article:publisher\" content=\"https:\/\/www.facebook.com\/bolting.eu\" \/>\n<meta property=\"article:modified_time\" content=\"2025-03-14T17:52:26+00:00\" \/>\n<meta property=\"og:image\" content=\"https:\/\/bolting.eu\/wp-content\/uploads\/2020\/12\/Metolius-Chalk-n\u00b4Roll-1.jpg\" \/>\n\t<meta property=\"og:image:width\" content=\"700\" \/>\n\t<meta property=\"og:image:height\" content=\"700\" \/>\n\t<meta property=\"og:image:type\" content=\"image\/jpeg\" \/>\n<meta name=\"twitter:card\" content=\"summary_large_image\" \/>\n<meta name=\"twitter:label1\" content=\"Availability\" \/>\n\t<meta name=\"twitter:data1\" content=\"In stock\" \/>\n<script type=\"application\/ld+json\" class=\"yoast-schema-graph\">{\"@context\":\"https:\/\/schema.org\",\"@graph\":[{\"@type\":[\"WebPage\",\"ItemPage\"],\"@id\":\"https:\/\/bolting.eu\/en\/shop\/metolius-chalk-nroll\/\",\"url\":\"https:\/\/bolting.eu\/en\/shop\/metolius-chalk-nroll\/\",\"name\":\"Metolius Chalk n\u00b4Roll - riesiges Boulder Chalkbag | bolting.eu\",\"isPartOf\":{\"@id\":\"https:\/\/bolting.eu\/en\/#website\"},\"primaryImageOfPage\":{\"@id\":\"https:\/\/bolting.eu\/en\/shop\/metolius-chalk-nroll\/#primaryimage\"},\"image\":{\"@id\":\"https:\/\/bolting.eu\/en\/shop\/metolius-chalk-nroll\/#primaryimage\"},\"thumbnailUrl\":\"https:\/\/bolting.eu\/wp-content\/uploads\/2020\/12\/Metolius-Chalk-n\u00b4Roll-1.jpg\",\"datePublished\":\"2020-12-29T12:41:32+00:00\",\"dateModified\":\"2025-03-14T17:52:26+00:00\",\"description\":\"Hier findest Du das METOLIUS CHALK N\u00b4ROLL Boulder Chalkbag. Einen super gro\u00dfe Magnesiabeutel der alle Boulderer W\u00fcnsche erf\u00fcllt!\",\"breadcrumb\":{\"@id\":\"https:\/\/bolting.eu\/en\/shop\/metolius-chalk-nroll\/#breadcrumb\"},\"inLanguage\":\"en-US\",\"potentialAction\":[{\"@type\":\"ReadAction\",\"target\":[\"https:\/\/bolting.eu\/en\/shop\/metolius-chalk-nroll\/\"]}]},{\"@type\":\"ImageObject\",\"inLanguage\":\"en-US\",\"@id\":\"https:\/\/bolting.eu\/en\/shop\/metolius-chalk-nroll\/#primaryimage\",\"url\":\"https:\/\/bolting.eu\/wp-content\/uploads\/2020\/12\/Metolius-Chalk-n\u00b4Roll-1.jpg\",\"contentUrl\":\"https:\/\/bolting.eu\/wp-content\/uploads\/2020\/12\/Metolius-Chalk-n\u00b4Roll-1.jpg\",\"width\":700,\"height\":700,\"caption\":\"Das Bild zeigt das Metolius Chalk n\u00b4Roll Boulder Chalkbag in blau-orange. Man erkennt den Bag von der Seite, die B\u00fcrsten Halterungen mit einer orangen B\u00fcrste, den Top Verschluss sowie die Netztasche mit einem Tape.\"},{\"@type\":\"BreadcrumbList\",\"@id\":\"https:\/\/bolting.eu\/en\/shop\/metolius-chalk-nroll\/#breadcrumb\",\"itemListElement\":[{\"@type\":\"ListItem\",\"position\":1,\"name\":\"Shop\",\"item\":\"https:\/\/bolting.eu\/en\/shop\/\"},{\"@type\":\"ListItem\",\"position\":2,\"name\":\"climbing equipment\",\"item\":\"https:\/\/bolting.eu\/en\/produkt-kategorie\/climbing-equipment\/\"},{\"@type\":\"ListItem\",\"position\":3,\"name\":\"Chalkbag\",\"item\":\"https:\/\/bolting.eu\/produkt-kategorie\/kletterausruestung\/chalkbag\/\"},{\"@type\":\"ListItem\",\"position\":4,\"name\":\"Chalkbag Bouldern\",\"item\":\"https:\/\/bolting.eu\/produkt-kategorie\/kletterausruestung\/chalkbag\/chalkbag-bouldern\/\"},{\"@type\":\"ListItem\",\"position\":5,\"name\":\"Metolius Chalk n\u00b4Roll\"}]},{\"@type\":\"WebSite\",\"@id\":\"https:\/\/bolting.eu\/en\/#website\",\"url\":\"https:\/\/bolting.eu\/en\/\",\"name\":\"bolting.eu\",\"description\":\"we make climbs happen\",\"publisher\":{\"@id\":\"https:\/\/bolting.eu\/en\/#organization\"},\"potentialAction\":[{\"@type\":\"SearchAction\",\"target\":{\"@type\":\"EntryPoint\",\"urlTemplate\":\"https:\/\/bolting.eu\/en\/?s={search_term_string}\"},\"query-input\":{\"@type\":\"PropertyValueSpecification\",\"valueRequired\":true,\"valueName\":\"search_term_string\"}}],\"inLanguage\":\"en-US\"},{\"@type\":[\"Organization\",\"Place\",\"SportingGoodsStore\"],\"@id\":\"https:\/\/bolting.eu\/en\/#organization\",\"name\":\"bolting.eu\",\"url\":\"https:\/\/bolting.eu\/en\/\",\"logo\":{\"@id\":\"https:\/\/bolting.eu\/en\/shop\/metolius-chalk-nroll\/#local-main-organization-logo\"},\"image\":{\"@id\":\"https:\/\/bolting.eu\/en\/shop\/metolius-chalk-nroll\/#local-main-organization-logo\"},\"sameAs\":[\"https:\/\/www.facebook.com\/bolting.eu\",\"https:\/\/www.instagram.com\/bolting.eu\/\"],\"address\":{\"@id\":\"https:\/\/bolting.eu\/en\/shop\/metolius-chalk-nroll\/#local-main-place-address\"},\"geo\":{\"@type\":\"GeoCoordinates\",\"latitude\":\"47.264176340396226\",\"longitude\":\"11.380109057672346\"},\"telephone\":[\"+43 699 19083372\"],\"openingHoursSpecification\":[{\"@type\":\"OpeningHoursSpecification\",\"dayOfWeek\":[\"Monday\",\"Wednesday\",\"Friday\"],\"opens\":\"14:00\",\"closes\":\"18:00\"},{\"@type\":\"OpeningHoursSpecification\",\"dayOfWeek\":[\"Tuesday\",\"Thursday\",\"Saturday\",\"Sunday\"],\"opens\":\"00:00\",\"closes\":\"00:00\"}],\"email\":\"office@bolting.eu\",\"vatID\":\"ATU59999728\",\"priceRange\":\"$$\",\"currenciesAccepted\":\"Euro\"},{\"@type\":\"PostalAddress\",\"@id\":\"https:\/\/bolting.eu\/en\/shop\/metolius-chalk-nroll\/#local-main-place-address\",\"streetAddress\":\"Fischnalerstra\u00dfe 4\",\"addressLocality\":\"Innsbruck\",\"postalCode\":\"6020\",\"addressRegion\":\"Tirol\",\"addressCountry\":\"AT\"},{\"@type\":\"ImageObject\",\"inLanguage\":\"en-US\",\"@id\":\"https:\/\/bolting.eu\/en\/shop\/metolius-chalk-nroll\/#local-main-organization-logo\",\"url\":\"https:\/\/bolting.eu\/wp-content\/uploads\/2019\/09\/bolting-logo.png\",\"contentUrl\":\"https:\/\/bolting.eu\/wp-content\/uploads\/2019\/09\/bolting-logo.png\",\"width\":400,\"height\":211,\"caption\":\"bolting.eu\"}]}<\/script>\n<meta property=\"og:availability\" content=\"instock\" \/>\n<meta property=\"product:availability\" content=\"instock\" \/>\n<meta property=\"product:condition\" content=\"new\" \/>\n<meta name=\"geo.placename\" content=\"Innsbruck\" \/>\n<meta name=\"geo.position\" content=\"47.264176340396226;11.380109057672346\" \/>\n<meta name=\"geo.region\" content=\"Austria\" \/>\n<!-- \/ Yoast SEO Premium plugin. -->","yoast_head_json":{"title":"Metolius Chalk n\u00b4Roll - riesiges Boulder Chalkbag | bolting.eu","description":"Hier findest Du das METOLIUS CHALK N\u00b4ROLL Boulder Chalkbag. Einen super gro\u00dfe Magnesiabeutel der alle Boulderer W\u00fcnsche erf\u00fcllt!","robots":{"index":"index","follow":"follow","max-snippet":"max-snippet:-1","max-image-preview":"max-image-preview:large","max-video-preview":"max-video-preview:-1"},"canonical":"https:\/\/bolting.eu\/en\/shop\/metolius-chalk-nroll\/","og_locale":"en_US","og_type":"article","og_title":"Metolius Chalk n\u00b4Roll","og_description":"Hier findest Du das METOLIUS CHALK N\u00b4ROLL Boulder Chalkbag. Einen super gro\u00dfe Magnesiabeutel der alle Boulderer W\u00fcnsche erf\u00fcllt!","og_url":"https:\/\/bolting.eu\/en\/shop\/metolius-chalk-nroll\/","og_site_name":"bolting.eu","article_publisher":"https:\/\/www.facebook.com\/bolting.eu","article_modified_time":"2025-03-14T17:52:26+00:00","og_image":[{"width":700,"height":700,"url":"https:\/\/bolting.eu\/wp-content\/uploads\/2020\/12\/Metolius-Chalk-n\u00b4Roll-1.jpg","type":"image\/jpeg"}],"twitter_card":"summary_large_image","twitter_misc":{"Availability":"In stock"},"schema":{"@context":"https:\/\/schema.org","@graph":[{"@type":["WebPage","ItemPage"],"@id":"https:\/\/bolting.eu\/en\/shop\/metolius-chalk-nroll\/","url":"https:\/\/bolting.eu\/en\/shop\/metolius-chalk-nroll\/","name":"Metolius Chalk n\u00b4Roll - riesiges Boulder Chalkbag | bolting.eu","isPartOf":{"@id":"https:\/\/bolting.eu\/en\/#website"},"primaryImageOfPage":{"@id":"https:\/\/bolting.eu\/en\/shop\/metolius-chalk-nroll\/#primaryimage"},"image":{"@id":"https:\/\/bolting.eu\/en\/shop\/metolius-chalk-nroll\/#primaryimage"},"thumbnailUrl":"https:\/\/bolting.eu\/wp-content\/uploads\/2020\/12\/Metolius-Chalk-n\u00b4Roll-1.jpg","datePublished":"2020-12-29T12:41:32+00:00","dateModified":"2025-03-14T17:52:26+00:00","description":"Hier findest Du das METOLIUS CHALK N\u00b4ROLL Boulder Chalkbag. Einen super gro\u00dfe Magnesiabeutel der alle Boulderer W\u00fcnsche erf\u00fcllt!","breadcrumb":{"@id":"https:\/\/bolting.eu\/en\/shop\/metolius-chalk-nroll\/#breadcrumb"},"inLanguage":"en-US","potentialAction":[{"@type":"ReadAction","target":["https:\/\/bolting.eu\/en\/shop\/metolius-chalk-nroll\/"]}]},{"@type":"ImageObject","inLanguage":"en-US","@id":"https:\/\/bolting.eu\/en\/shop\/metolius-chalk-nroll\/#primaryimage","url":"https:\/\/bolting.eu\/wp-content\/uploads\/2020\/12\/Metolius-Chalk-n\u00b4Roll-1.jpg","contentUrl":"https:\/\/bolting.eu\/wp-content\/uploads\/2020\/12\/Metolius-Chalk-n\u00b4Roll-1.jpg","width":700,"height":700,"caption":"Das Bild zeigt das Metolius Chalk n\u00b4Roll Boulder Chalkbag in blau-orange. Man erkennt den Bag von der Seite, die B\u00fcrsten Halterungen mit einer orangen B\u00fcrste, den Top Verschluss sowie die Netztasche mit einem Tape."},{"@type":"BreadcrumbList","@id":"https:\/\/bolting.eu\/en\/shop\/metolius-chalk-nroll\/#breadcrumb","itemListElement":[{"@type":"ListItem","position":1,"name":"Shop","item":"https:\/\/bolting.eu\/en\/shop\/"},{"@type":"ListItem","position":2,"name":"climbing equipment","item":"https:\/\/bolting.eu\/en\/produkt-kategorie\/climbing-equipment\/"},{"@type":"ListItem","position":3,"name":"Chalkbag","item":"https:\/\/bolting.eu\/produkt-kategorie\/kletterausruestung\/chalkbag\/"},{"@type":"ListItem","position":4,"name":"Chalkbag Bouldern","item":"https:\/\/bolting.eu\/produkt-kategorie\/kletterausruestung\/chalkbag\/chalkbag-bouldern\/"},{"@type":"ListItem","position":5,"name":"Metolius Chalk n\u00b4Roll"}]},{"@type":"WebSite","@id":"https:\/\/bolting.eu\/en\/#website","url":"https:\/\/bolting.eu\/en\/","name":"bolting.eu","description":"we make climbs happen","publisher":{"@id":"https:\/\/bolting.eu\/en\/#organization"},"potentialAction":[{"@type":"SearchAction","target":{"@type":"EntryPoint","urlTemplate":"https:\/\/bolting.eu\/en\/?s={search_term_string}"},"query-input":{"@type":"PropertyValueSpecification","valueRequired":true,"valueName":"search_term_string"}}],"inLanguage":"en-US"},{"@type":["Organization","Place","SportingGoodsStore"],"@id":"https:\/\/bolting.eu\/en\/#organization","name":"bolting.eu","url":"https:\/\/bolting.eu\/en\/","logo":{"@id":"https:\/\/bolting.eu\/en\/shop\/metolius-chalk-nroll\/#local-main-organization-logo"},"image":{"@id":"https:\/\/bolting.eu\/en\/shop\/metolius-chalk-nroll\/#local-main-organization-logo"},"sameAs":["https:\/\/www.facebook.com\/bolting.eu","https:\/\/www.instagram.com\/bolting.eu\/"],"address":{"@id":"https:\/\/bolting.eu\/en\/shop\/metolius-chalk-nroll\/#local-main-place-address"},"geo":{"@type":"GeoCoordinates","latitude":"47.264176340396226","longitude":"11.380109057672346"},"telephone":["+43 699 19083372"],"openingHoursSpecification":[{"@type":"OpeningHoursSpecification","dayOfWeek":["Monday","Wednesday","Friday"],"opens":"14:00","closes":"18:00"},{"@type":"OpeningHoursSpecification","dayOfWeek":["Tuesday","Thursday","Saturday","Sunday"],"opens":"00:00","closes":"00:00"}],"email":"office@bolting.eu","vatID":"ATU59999728","priceRange":"$$","currenciesAccepted":"Euro"},{"@type":"PostalAddress","@id":"https:\/\/bolting.eu\/en\/shop\/metolius-chalk-nroll\/#local-main-place-address","streetAddress":"Fischnalerstra\u00dfe 4","addressLocality":"Innsbruck","postalCode":"6020","addressRegion":"Tirol","addressCountry":"AT"},{"@type":"ImageObject","inLanguage":"en-US","@id":"https:\/\/bolting.eu\/en\/shop\/metolius-chalk-nroll\/#local-main-organization-logo","url":"https:\/\/bolting.eu\/wp-content\/uploads\/2019\/09\/bolting-logo.png","contentUrl":"https:\/\/bolting.eu\/wp-content\/uploads\/2019\/09\/bolting-logo.png","width":400,"height":211,"caption":"bolting.eu"}]},"og_availability":"instock","product_availability":"instock","product_condition":"new","geo.placename":"Innsbruck","geo.position":{"lat":"47.264176340396226","long":"11.380109057672346"},"geo.region":"Austria"},"_links":{"self":[{"href":"https:\/\/bolting.eu\/en\/wp-json\/wp\/v2\/product\/7158","targetHints":{"allow":["GET"]}}],"collection":[{"href":"https:\/\/bolting.eu\/en\/wp-json\/wp\/v2\/product"}],"about":[{"href":"https:\/\/bolting.eu\/en\/wp-json\/wp\/v2\/types\/product"}],"replies":[{"embeddable":true,"href":"https:\/\/bolting.eu\/en\/wp-json\/wp\/v2\/comments?post=7158"}],"wp:featuredmedia":[{"embeddable":true,"href":"https:\/\/bolting.eu\/en\/wp-json\/wp\/v2\/media\/7159"}],"wp:attachment":[{"href":"https:\/\/bolting.eu\/en\/wp-json\/wp\/v2\/media?parent=7158"}],"wp:term":[{"taxonomy":"product_brand","embeddable":true,"href":"https:\/\/bolting.eu\/en\/wp-json\/wp\/v2\/product_brand?post=7158"},{"taxonomy":"product_cat","embeddable":true,"href":"https:\/\/bolting.eu\/en\/wp-json\/wp\/v2\/product_cat?post=7158"},{"taxonomy":"product_tag","embeddable":true,"href":"https:\/\/bolting.eu\/en\/wp-json\/wp\/v2\/product_tag?post=7158"}],"curies":[{"name":"wp","href":"https:\/\/api.w.org\/{rel}","templated":true}]}}