{"id":7153,"date":"2020-12-29T12:38:12","date_gmt":"2020-12-29T11:38:12","guid":{"rendered":"https:\/\/bolting.eu\/?post_type=product&#038;p=7153"},"modified":"2023-12-06T16:15:46","modified_gmt":"2023-12-06T15:15:46","slug":"singing-rock-boulder-bag","status":"publish","type":"product","link":"https:\/\/bolting.eu\/en\/shop\/singing-rock-boulder-bag\/","title":{"rendered":"Singing Rock Boulder Bag"},"content":{"rendered":"<p>Das Singing Rock Boulder Bag ist eine gro\u00dfe Sache. Genau gesagt hat dieses Bag ganze 4 Liter Volumen. Somit ist dieses <a href=\"https:\/\/bolting.eu\/produkt-kategorie\/kletterausruestung\/chalkbag\/\">Chalkbag<\/a> etwas f\u00fcr den Boulderkeller, die Halle oder f\u00fcr all jene, die gerne beide H\u00e4nde ins Boulderbag stecken!<\/p>\n<p>Folglich z\u00e4hlt dieser Magnesiumbeutel zu den gr\u00f6\u00dften in unserem Sortiment. Wer gerne viel Chalk verwendet, ist hier goldrichtig!<\/p>\n<h2>Eigenschaften Singing Rock Boulder Bag<\/h2>\n<ul>\n<li>Hersteller: <a href=\"https:\/\/bolting.eu\/produkt-kategorie\/singing-rock\/\">Singing Rock<\/a><\/li>\n<li>Volumen: 4 Liter<\/li>\n<li>\u00d6ffnung: ca. 25cm<\/li>\n<li>Dry-Bag Verschluss mit Steckschnalle<\/li>\n<li>2 B\u00fcrstenhalter<\/li>\n<li>Netztasche<\/li>\n<li>Kordel Schnellverschluss<\/li>\n<li>Gewicht: 205 Gramm<\/li>\n<li>Material: Polyester<\/li>\n<\/ul>\n","protected":false},"excerpt":{"rendered":"<ul>\n<li>Hersteller: Singing Rock<\/li>\n<li>Volumen: 4 Liter<\/li>\n<li>\u00d6ffnung: ca. 25cm<\/li>\n<li>Dry-Bag Verschluss mit Steckschnalle<\/li>\n<li>2 B\u00fcrstenhalter<\/li>\n<li>Netztasche<\/li>\n<li>Kordel Schnellverschluss<\/li>\n<li>Gewicht: 205 Gramm<\/li>\n<li>Material: Polyester<\/li>\n<\/ul>\n","protected":false},"featured_media":7154,"comment_status":"open","ping_status":"closed","template":"","meta":[],"product_brand":[],"product_cat":[5006,5284,5692,12141],"product_tag":[],"class_list":{"0":"post-7153","1":"product","2":"type-product","3":"status-publish","4":"has-post-thumbnail","6":"product_cat-chalkbag","7":"product_cat-boulder-ausruestung","8":"product_cat-chalkbag-bouldern","9":"product_cat-singing-rock","11":"first","12":"instock","13":"taxable","14":"shipping-taxable","15":"purchasable","16":"product-type-simple"},"yoast_head":"<!-- This site is optimized with the Yoast SEO Premium plugin v26.9 (Yoast SEO v26.9) - https:\/\/yoast.com\/product\/yoast-seo-premium-wordpress\/ -->\n<title>Singing Rock Boulder Bag - super gro\u00dfes 4 Liter Chalkbag | bolting.eu<\/title>\n<meta name=\"description\" content=\"Hier findest Du das SINGING ROCK BOULDER BAG. Ein super gro\u00dfes Chalkbag mit 4 Litern Volumen und 100% dichtem Verschluss!\" \/>\n<meta name=\"robots\" content=\"index, follow, max-snippet:-1, max-image-preview:large, max-video-preview:-1\" \/>\n<link rel=\"canonical\" href=\"https:\/\/bolting.eu\/en\/shop\/singing-rock-boulder-bag\/\" \/>\n<meta property=\"og:locale\" content=\"en_US\" \/>\n<meta property=\"og:type\" content=\"article\" \/>\n<meta property=\"og:title\" content=\"Singing Rock Boulder Bag\" \/>\n<meta property=\"og:description\" content=\"Hier findest Du das SINGING ROCK BOULDER BAG. Ein super gro\u00dfes Chalkbag mit 4 Litern Volumen und 100% dichtem Verschluss!\" \/>\n<meta property=\"og:url\" content=\"https:\/\/bolting.eu\/en\/shop\/singing-rock-boulder-bag\/\" \/>\n<meta property=\"og:site_name\" content=\"bolting.eu\" \/>\n<meta property=\"article:publisher\" content=\"https:\/\/www.facebook.com\/bolting.eu\" \/>\n<meta property=\"article:modified_time\" content=\"2023-12-06T15:15:46+00:00\" \/>\n<meta property=\"og:image\" content=\"https:\/\/bolting.eu\/wp-content\/uploads\/2020\/12\/Singing-Rock-Boulder-Bag-1.jpg\" \/>\n\t<meta property=\"og:image:width\" content=\"700\" \/>\n\t<meta property=\"og:image:height\" content=\"700\" \/>\n\t<meta property=\"og:image:type\" content=\"image\/jpeg\" \/>\n<meta name=\"twitter:card\" content=\"summary_large_image\" \/>\n<meta name=\"twitter:label1\" content=\"Price\" \/>\n\t<meta name=\"twitter:data1\" content=\"&euro;&nbsp;44,90\" \/>\n\t<meta name=\"twitter:label2\" content=\"Availability\" \/>\n\t<meta name=\"twitter:data2\" content=\"In stock\" \/>\n<script type=\"application\/ld+json\" class=\"yoast-schema-graph\">{\"@context\":\"https:\/\/schema.org\",\"@graph\":[{\"@type\":[\"WebPage\",\"ItemPage\"],\"@id\":\"https:\/\/bolting.eu\/en\/shop\/singing-rock-boulder-bag\/\",\"url\":\"https:\/\/bolting.eu\/en\/shop\/singing-rock-boulder-bag\/\",\"name\":\"Singing Rock Boulder Bag - super gro\u00dfes 4 Liter Chalkbag | bolting.eu\",\"isPartOf\":{\"@id\":\"https:\/\/bolting.eu\/en\/#website\"},\"primaryImageOfPage\":{\"@id\":\"https:\/\/bolting.eu\/en\/shop\/singing-rock-boulder-bag\/#primaryimage\"},\"image\":{\"@id\":\"https:\/\/bolting.eu\/en\/shop\/singing-rock-boulder-bag\/#primaryimage\"},\"thumbnailUrl\":\"https:\/\/bolting.eu\/wp-content\/uploads\/2020\/12\/Singing-Rock-Boulder-Bag-1.jpg\",\"datePublished\":\"2020-12-29T11:38:12+00:00\",\"dateModified\":\"2023-12-06T15:15:46+00:00\",\"description\":\"Hier findest Du das SINGING ROCK BOULDER BAG. Ein super gro\u00dfes Chalkbag mit 4 Litern Volumen und 100% dichtem Verschluss!\",\"breadcrumb\":{\"@id\":\"https:\/\/bolting.eu\/en\/shop\/singing-rock-boulder-bag\/#breadcrumb\"},\"inLanguage\":\"en-US\",\"potentialAction\":[{\"@type\":\"ReadAction\",\"target\":[\"https:\/\/bolting.eu\/en\/shop\/singing-rock-boulder-bag\/\"]}]},{\"@type\":\"ImageObject\",\"inLanguage\":\"en-US\",\"@id\":\"https:\/\/bolting.eu\/en\/shop\/singing-rock-boulder-bag\/#primaryimage\",\"url\":\"https:\/\/bolting.eu\/wp-content\/uploads\/2020\/12\/Singing-Rock-Boulder-Bag-1.jpg\",\"contentUrl\":\"https:\/\/bolting.eu\/wp-content\/uploads\/2020\/12\/Singing-Rock-Boulder-Bag-1.jpg\",\"width\":700,\"height\":700,\"caption\":\"Das Bild zeigt das gelb-schwarze Singing Rock Boulder Bag. Man erkennt die Form des Chalk Bags, den Trageriemen und das Logo.\"},{\"@type\":\"BreadcrumbList\",\"@id\":\"https:\/\/bolting.eu\/en\/shop\/singing-rock-boulder-bag\/#breadcrumb\",\"itemListElement\":[{\"@type\":\"ListItem\",\"position\":1,\"name\":\"Shop\",\"item\":\"https:\/\/bolting.eu\/en\/shop\/\"},{\"@type\":\"ListItem\",\"position\":2,\"name\":\"climbing equipment\",\"item\":\"https:\/\/bolting.eu\/en\/produkt-kategorie\/climbing-equipment\/\"},{\"@type\":\"ListItem\",\"position\":3,\"name\":\"Chalkbag\",\"item\":\"https:\/\/bolting.eu\/produkt-kategorie\/kletterausruestung\/chalkbag\/\"},{\"@type\":\"ListItem\",\"position\":4,\"name\":\"Chalkbag Bouldern\",\"item\":\"https:\/\/bolting.eu\/produkt-kategorie\/kletterausruestung\/chalkbag\/chalkbag-bouldern\/\"},{\"@type\":\"ListItem\",\"position\":5,\"name\":\"Singing Rock Boulder Bag\"}]},{\"@type\":\"WebSite\",\"@id\":\"https:\/\/bolting.eu\/en\/#website\",\"url\":\"https:\/\/bolting.eu\/en\/\",\"name\":\"bolting.eu\",\"description\":\"we make climbs happen\",\"publisher\":{\"@id\":\"https:\/\/bolting.eu\/en\/#organization\"},\"potentialAction\":[{\"@type\":\"SearchAction\",\"target\":{\"@type\":\"EntryPoint\",\"urlTemplate\":\"https:\/\/bolting.eu\/en\/?s={search_term_string}\"},\"query-input\":{\"@type\":\"PropertyValueSpecification\",\"valueRequired\":true,\"valueName\":\"search_term_string\"}}],\"inLanguage\":\"en-US\"},{\"@type\":[\"Organization\",\"Place\",\"SportingGoodsStore\"],\"@id\":\"https:\/\/bolting.eu\/en\/#organization\",\"name\":\"bolting.eu\",\"url\":\"https:\/\/bolting.eu\/en\/\",\"logo\":{\"@id\":\"https:\/\/bolting.eu\/en\/shop\/singing-rock-boulder-bag\/#local-main-organization-logo\"},\"image\":{\"@id\":\"https:\/\/bolting.eu\/en\/shop\/singing-rock-boulder-bag\/#local-main-organization-logo\"},\"sameAs\":[\"https:\/\/www.facebook.com\/bolting.eu\",\"https:\/\/www.instagram.com\/bolting.eu\/\"],\"address\":{\"@id\":\"https:\/\/bolting.eu\/en\/shop\/singing-rock-boulder-bag\/#local-main-place-address\"},\"geo\":{\"@type\":\"GeoCoordinates\",\"latitude\":\"47.264176340396226\",\"longitude\":\"11.380109057672346\"},\"telephone\":[\"+43 699 19083372\"],\"openingHoursSpecification\":[{\"@type\":\"OpeningHoursSpecification\",\"dayOfWeek\":[\"Monday\",\"Wednesday\",\"Friday\"],\"opens\":\"14:00\",\"closes\":\"18:00\"},{\"@type\":\"OpeningHoursSpecification\",\"dayOfWeek\":[\"Tuesday\",\"Thursday\",\"Saturday\",\"Sunday\"],\"opens\":\"00:00\",\"closes\":\"00:00\"}],\"email\":\"office@bolting.eu\",\"vatID\":\"ATU59999728\",\"priceRange\":\"$$\",\"currenciesAccepted\":\"Euro\"},{\"@type\":\"PostalAddress\",\"@id\":\"https:\/\/bolting.eu\/en\/shop\/singing-rock-boulder-bag\/#local-main-place-address\",\"streetAddress\":\"Fischnalerstra\u00dfe 4\",\"addressLocality\":\"Innsbruck\",\"postalCode\":\"6020\",\"addressRegion\":\"Tirol\",\"addressCountry\":\"AT\"},{\"@type\":\"ImageObject\",\"inLanguage\":\"en-US\",\"@id\":\"https:\/\/bolting.eu\/en\/shop\/singing-rock-boulder-bag\/#local-main-organization-logo\",\"url\":\"https:\/\/bolting.eu\/wp-content\/uploads\/2019\/09\/bolting-logo.png\",\"contentUrl\":\"https:\/\/bolting.eu\/wp-content\/uploads\/2019\/09\/bolting-logo.png\",\"width\":400,\"height\":211,\"caption\":\"bolting.eu\"}]}<\/script>\n<meta property=\"product:price:amount\" content=\"44.90\" \/>\n<meta property=\"product:price:currency\" content=\"EUR\" \/>\n<meta property=\"og:availability\" content=\"instock\" \/>\n<meta property=\"product:availability\" content=\"instock\" \/>\n<meta property=\"product:retailer_item_id\" content=\"C3066BY00\" \/>\n<meta property=\"product:condition\" content=\"new\" \/>\n<meta name=\"geo.placename\" content=\"Innsbruck\" \/>\n<meta name=\"geo.position\" content=\"47.264176340396226;11.380109057672346\" \/>\n<meta name=\"geo.region\" content=\"Austria\" \/>\n<!-- \/ Yoast SEO Premium plugin. -->","yoast_head_json":{"title":"Singing Rock Boulder Bag - super gro\u00dfes 4 Liter Chalkbag | bolting.eu","description":"Hier findest Du das SINGING ROCK BOULDER BAG. Ein super gro\u00dfes Chalkbag mit 4 Litern Volumen und 100% dichtem Verschluss!","robots":{"index":"index","follow":"follow","max-snippet":"max-snippet:-1","max-image-preview":"max-image-preview:large","max-video-preview":"max-video-preview:-1"},"canonical":"https:\/\/bolting.eu\/en\/shop\/singing-rock-boulder-bag\/","og_locale":"en_US","og_type":"article","og_title":"Singing Rock Boulder Bag","og_description":"Hier findest Du das SINGING ROCK BOULDER BAG. Ein super gro\u00dfes Chalkbag mit 4 Litern Volumen und 100% dichtem Verschluss!","og_url":"https:\/\/bolting.eu\/en\/shop\/singing-rock-boulder-bag\/","og_site_name":"bolting.eu","article_publisher":"https:\/\/www.facebook.com\/bolting.eu","article_modified_time":"2023-12-06T15:15:46+00:00","og_image":[{"width":700,"height":700,"url":"https:\/\/bolting.eu\/wp-content\/uploads\/2020\/12\/Singing-Rock-Boulder-Bag-1.jpg","type":"image\/jpeg"}],"twitter_card":"summary_large_image","twitter_misc":{"Price":"&euro;&nbsp;44,90","Availability":"In stock"},"schema":{"@context":"https:\/\/schema.org","@graph":[{"@type":["WebPage","ItemPage"],"@id":"https:\/\/bolting.eu\/en\/shop\/singing-rock-boulder-bag\/","url":"https:\/\/bolting.eu\/en\/shop\/singing-rock-boulder-bag\/","name":"Singing Rock Boulder Bag - super gro\u00dfes 4 Liter Chalkbag | bolting.eu","isPartOf":{"@id":"https:\/\/bolting.eu\/en\/#website"},"primaryImageOfPage":{"@id":"https:\/\/bolting.eu\/en\/shop\/singing-rock-boulder-bag\/#primaryimage"},"image":{"@id":"https:\/\/bolting.eu\/en\/shop\/singing-rock-boulder-bag\/#primaryimage"},"thumbnailUrl":"https:\/\/bolting.eu\/wp-content\/uploads\/2020\/12\/Singing-Rock-Boulder-Bag-1.jpg","datePublished":"2020-12-29T11:38:12+00:00","dateModified":"2023-12-06T15:15:46+00:00","description":"Hier findest Du das SINGING ROCK BOULDER BAG. Ein super gro\u00dfes Chalkbag mit 4 Litern Volumen und 100% dichtem Verschluss!","breadcrumb":{"@id":"https:\/\/bolting.eu\/en\/shop\/singing-rock-boulder-bag\/#breadcrumb"},"inLanguage":"en-US","potentialAction":[{"@type":"ReadAction","target":["https:\/\/bolting.eu\/en\/shop\/singing-rock-boulder-bag\/"]}]},{"@type":"ImageObject","inLanguage":"en-US","@id":"https:\/\/bolting.eu\/en\/shop\/singing-rock-boulder-bag\/#primaryimage","url":"https:\/\/bolting.eu\/wp-content\/uploads\/2020\/12\/Singing-Rock-Boulder-Bag-1.jpg","contentUrl":"https:\/\/bolting.eu\/wp-content\/uploads\/2020\/12\/Singing-Rock-Boulder-Bag-1.jpg","width":700,"height":700,"caption":"Das Bild zeigt das gelb-schwarze Singing Rock Boulder Bag. Man erkennt die Form des Chalk Bags, den Trageriemen und das Logo."},{"@type":"BreadcrumbList","@id":"https:\/\/bolting.eu\/en\/shop\/singing-rock-boulder-bag\/#breadcrumb","itemListElement":[{"@type":"ListItem","position":1,"name":"Shop","item":"https:\/\/bolting.eu\/en\/shop\/"},{"@type":"ListItem","position":2,"name":"climbing equipment","item":"https:\/\/bolting.eu\/en\/produkt-kategorie\/climbing-equipment\/"},{"@type":"ListItem","position":3,"name":"Chalkbag","item":"https:\/\/bolting.eu\/produkt-kategorie\/kletterausruestung\/chalkbag\/"},{"@type":"ListItem","position":4,"name":"Chalkbag Bouldern","item":"https:\/\/bolting.eu\/produkt-kategorie\/kletterausruestung\/chalkbag\/chalkbag-bouldern\/"},{"@type":"ListItem","position":5,"name":"Singing Rock Boulder Bag"}]},{"@type":"WebSite","@id":"https:\/\/bolting.eu\/en\/#website","url":"https:\/\/bolting.eu\/en\/","name":"bolting.eu","description":"we make climbs happen","publisher":{"@id":"https:\/\/bolting.eu\/en\/#organization"},"potentialAction":[{"@type":"SearchAction","target":{"@type":"EntryPoint","urlTemplate":"https:\/\/bolting.eu\/en\/?s={search_term_string}"},"query-input":{"@type":"PropertyValueSpecification","valueRequired":true,"valueName":"search_term_string"}}],"inLanguage":"en-US"},{"@type":["Organization","Place","SportingGoodsStore"],"@id":"https:\/\/bolting.eu\/en\/#organization","name":"bolting.eu","url":"https:\/\/bolting.eu\/en\/","logo":{"@id":"https:\/\/bolting.eu\/en\/shop\/singing-rock-boulder-bag\/#local-main-organization-logo"},"image":{"@id":"https:\/\/bolting.eu\/en\/shop\/singing-rock-boulder-bag\/#local-main-organization-logo"},"sameAs":["https:\/\/www.facebook.com\/bolting.eu","https:\/\/www.instagram.com\/bolting.eu\/"],"address":{"@id":"https:\/\/bolting.eu\/en\/shop\/singing-rock-boulder-bag\/#local-main-place-address"},"geo":{"@type":"GeoCoordinates","latitude":"47.264176340396226","longitude":"11.380109057672346"},"telephone":["+43 699 19083372"],"openingHoursSpecification":[{"@type":"OpeningHoursSpecification","dayOfWeek":["Monday","Wednesday","Friday"],"opens":"14:00","closes":"18:00"},{"@type":"OpeningHoursSpecification","dayOfWeek":["Tuesday","Thursday","Saturday","Sunday"],"opens":"00:00","closes":"00:00"}],"email":"office@bolting.eu","vatID":"ATU59999728","priceRange":"$$","currenciesAccepted":"Euro"},{"@type":"PostalAddress","@id":"https:\/\/bolting.eu\/en\/shop\/singing-rock-boulder-bag\/#local-main-place-address","streetAddress":"Fischnalerstra\u00dfe 4","addressLocality":"Innsbruck","postalCode":"6020","addressRegion":"Tirol","addressCountry":"AT"},{"@type":"ImageObject","inLanguage":"en-US","@id":"https:\/\/bolting.eu\/en\/shop\/singing-rock-boulder-bag\/#local-main-organization-logo","url":"https:\/\/bolting.eu\/wp-content\/uploads\/2019\/09\/bolting-logo.png","contentUrl":"https:\/\/bolting.eu\/wp-content\/uploads\/2019\/09\/bolting-logo.png","width":400,"height":211,"caption":"bolting.eu"}]},"product_price_amount":"44.90","product_price_currency":"EUR","og_availability":"instock","product_availability":"instock","product_retailer_item_id":"C3066BY00","product_condition":"new","geo.placename":"Innsbruck","geo.position":{"lat":"47.264176340396226","long":"11.380109057672346"},"geo.region":"Austria"},"_links":{"self":[{"href":"https:\/\/bolting.eu\/en\/wp-json\/wp\/v2\/product\/7153","targetHints":{"allow":["GET"]}}],"collection":[{"href":"https:\/\/bolting.eu\/en\/wp-json\/wp\/v2\/product"}],"about":[{"href":"https:\/\/bolting.eu\/en\/wp-json\/wp\/v2\/types\/product"}],"replies":[{"embeddable":true,"href":"https:\/\/bolting.eu\/en\/wp-json\/wp\/v2\/comments?post=7153"}],"wp:featuredmedia":[{"embeddable":true,"href":"https:\/\/bolting.eu\/en\/wp-json\/wp\/v2\/media\/7154"}],"wp:attachment":[{"href":"https:\/\/bolting.eu\/en\/wp-json\/wp\/v2\/media?parent=7153"}],"wp:term":[{"taxonomy":"product_brand","embeddable":true,"href":"https:\/\/bolting.eu\/en\/wp-json\/wp\/v2\/product_brand?post=7153"},{"taxonomy":"product_cat","embeddable":true,"href":"https:\/\/bolting.eu\/en\/wp-json\/wp\/v2\/product_cat?post=7153"},{"taxonomy":"product_tag","embeddable":true,"href":"https:\/\/bolting.eu\/en\/wp-json\/wp\/v2\/product_tag?post=7153"}],"curies":[{"name":"wp","href":"https:\/\/api.w.org\/{rel}","templated":true}]}}