{"id":7146,"date":"2020-12-29T12:02:23","date_gmt":"2020-12-29T11:02:23","guid":{"rendered":"https:\/\/bolting.eu\/?post_type=product&#038;p=7146"},"modified":"2025-10-03T17:57:50","modified_gmt":"2025-10-03T15:57:50","slug":"edelrid-herkules-boulder-chalkbag","status":"publish","type":"product","link":"https:\/\/bolting.eu\/en\/shop\/edelrid-herkules-boulder-chalkbag\/","title":{"rendered":"Edelrid Herkules Boulder Chalkbag"},"content":{"rendered":"<p>Das Edelrid Herkules Boulder Chalkbag\u00a0ist ein absoluter Klassiker. Denn dieses Produkt hat alles was ein solider Boulder <a href=\"https:\/\/bolting.eu\/produkt-kategorie\/kletterausruestung\/chalkbag\/\">Chalkbag<\/a> braucht.<\/p>\n<p>Erstens viel Platz f\u00fcr jede Menge <a href=\"https:\/\/bolting.eu\/produkt-kategorie\/kletterausruestung\/chalk-klettern\/\">Kletterchalk<\/a>. Zweitens einen soliden Stand dass der Bag nicht umf\u00e4llt. Drittens ordentliche Boulder B\u00fcrsten Halterungen. Und viertens eine kleine Tasche mit Zipper sowie eine gro\u00dfe Netztasche. Folglich haben hier Tape, Nagelklipps ebenso Platz wie etwas Sandpapier, ein M\u00fcsli Riegel oder euer Handy.<\/p>\n<p>Kurzum. Du willst einen Boulder Magnesiumbeutel kaufen bei dem du eine Garantie hast das alles passt. Dann bist du hier richtig!<\/p>\n<h2>Eigenschaften Edelrid Herkules Boulder Chalkbag<\/h2>\n<ul>\n<li>Hersteller: <a href=\"https:\/\/bolting.eu\/produkt-kategorie\/edelrid\/\">Edelrid<\/a><\/li>\n<li>\u00d6ffnung: ca. 20cm Durchmesser<\/li>\n<li>100% dichter Rollverschluss<\/li>\n<li>mehrere B\u00fcrstenhalterungen<\/li>\n<li>Au\u00dfentasche mit RV<\/li>\n<li>gro\u00dfe Netztasche<\/li>\n<li>Trageriemen<\/li>\n<li>hergestellt aus bluesign \u00ae zertifizierten Materialien<\/li>\n<\/ul>\n<h3>bluesign \u00ae<\/h3>\n<p>Dieses Label kennzeichnet Produkte die mit ressourcenschonenden Materialien und Verfahren hergestellt wurden. Die Firma Edelrid ist hier einer der Vorreiter und hat bluesign \u00ae als einer der ganz wenigen Outdoor Hersteller bei sich fl\u00e4chendeckend implementiert.<\/p>\n<p>Somit hat man die Gewissheit, dass so weit wie m\u00f6glich, seine Ausr\u00fcstung nachhaltig produziert wird. Ein kleiner aber wichtiger Beitrag f\u00fcr weniger \u00f6kologischem Impact.<\/p>\n<h3>Praxis Tipp Edelrid Herkules Boulder Chalkbag<\/h3>\n<p>Ihr werdet vor allem dann viel Freude mit dem Chalkbag haben, wenn ihr es regelm\u00e4\u00dfig reinigt. Daher unser Praxis Tipp.<\/p>\n<p>Leert in regelm\u00e4\u00dfigen Abst\u00e4nden den Magnesiumbeutel ganz aus. Z.B. wenn ihr ohnehin nur mehr wenig Restchalk im Bag habt. Gebt dabei auch alles Zubeh\u00f6r aus den Taschen.<\/p>\n<p>Zweitens dann mit lauwarmen Wasser auswaschen oder bei 30% in die Waschmaschine geben. Dann gut trocknen.<\/p>\n<p>Somit habt ihr wieder ein sauberes Chalk Bag und werdet auch die vielen kleinen und harten Chalk Br\u00f6ckchen wieder los. Denn die tragen ohnehin nichts mehr zu besserem Grip bei!<\/p>\n<h4><strong>Link Tipp<\/strong><\/h4>\n<p>Hier geht es zum <a href=\"https:\/\/www.edelrid.de\" target=\"_blank\" rel=\"noopener\">Hersteller<\/a> des Edelrid Herkules Boulder Chalkbag.<\/p>\n<p>&nbsp;<\/p>\n","protected":false},"excerpt":{"rendered":"<ul>\n<li>Hersteller: <a href=\"https:\/\/bolting.eu\/produkt-kategorie\/edelrid\/\">Edelrid<\/a><\/li>\n<li>\u00d6ffnung: ca. 20cm Durchmesser<\/li>\n<li>100% dichter Rollverschluss<\/li>\n<li>mehrere B\u00fcrstenhalterungen<\/li>\n<li>Au\u00dfentasche mit RV<\/li>\n<li>gro\u00dfe Netztasche<\/li>\n<li>Trageriemen<\/li>\n<li>hergestellt aus bluesign \u00ae zertifizierten Materialien<\/li>\n<\/ul>\n","protected":false},"featured_media":7148,"comment_status":"open","ping_status":"closed","template":"","meta":[],"product_brand":[],"product_cat":[5284,5692,5006],"product_tag":[],"class_list":{"0":"post-7146","1":"product","2":"type-product","3":"status-publish","4":"has-post-thumbnail","6":"product_cat-boulder-ausruestung","7":"product_cat-chalkbag-bouldern","8":"product_cat-chalkbag","10":"first","11":"outofstock","12":"taxable","13":"shipping-taxable","14":"purchasable","15":"product-type-variable"},"yoast_head":"<!-- This site is optimized with the Yoast SEO Premium plugin v26.9 (Yoast SEO v26.9) - https:\/\/yoast.com\/product\/yoast-seo-premium-wordpress\/ -->\n<title>Edelrid Herkules Boulder Chalkbag online kaufen | bolting.eu<\/title>\n<meta name=\"description\" content=\"Hier findest Du das EDELRID HERKULES BOULDER CHALKBAG. Ein klasse Boulder Magnesiumbeutel mit B\u00fcrstenhalterung, Zusatzfach und viel Platz!\" \/>\n<meta name=\"robots\" content=\"index, follow, max-snippet:-1, max-image-preview:large, max-video-preview:-1\" \/>\n<link rel=\"canonical\" href=\"https:\/\/bolting.eu\/en\/shop\/edelrid-herkules-boulder-chalkbag\/\" \/>\n<meta property=\"og:locale\" content=\"en_US\" \/>\n<meta property=\"og:type\" content=\"article\" \/>\n<meta property=\"og:title\" content=\"Edelrid Herkules Boulder Chalkbag\" \/>\n<meta property=\"og:description\" content=\"Hier findest Du das EDELRID HERKULES BOULDER CHALKBAG. Ein klasse Boulder Magnesiumbeutel mit B\u00fcrstenhalterung, Zusatzfach und viel Platz!\" \/>\n<meta property=\"og:url\" content=\"https:\/\/bolting.eu\/en\/shop\/edelrid-herkules-boulder-chalkbag\/\" \/>\n<meta property=\"og:site_name\" content=\"bolting.eu\" \/>\n<meta property=\"article:publisher\" content=\"https:\/\/www.facebook.com\/bolting.eu\" \/>\n<meta property=\"article:modified_time\" content=\"2025-10-03T15:57:50+00:00\" \/>\n<meta property=\"og:image\" content=\"https:\/\/bolting.eu\/wp-content\/uploads\/2020\/12\/Edelrid-Herkules-Boulder-Chalkbag-gruen-1.jpg\" \/>\n\t<meta property=\"og:image:width\" content=\"700\" \/>\n\t<meta property=\"og:image:height\" content=\"700\" \/>\n\t<meta property=\"og:image:type\" content=\"image\/jpeg\" \/>\n<meta name=\"twitter:card\" content=\"summary_large_image\" \/>\n<meta name=\"twitter:label1\" content=\"Availability\" \/>\n\t<meta name=\"twitter:data1\" content=\"Out of stock\" \/>\n<script type=\"application\/ld+json\" class=\"yoast-schema-graph\">{\"@context\":\"https:\/\/schema.org\",\"@graph\":[{\"@type\":[\"WebPage\",\"ItemPage\"],\"@id\":\"https:\/\/bolting.eu\/en\/shop\/edelrid-herkules-boulder-chalkbag\/\",\"url\":\"https:\/\/bolting.eu\/en\/shop\/edelrid-herkules-boulder-chalkbag\/\",\"name\":\"Edelrid Herkules Boulder Chalkbag online kaufen | bolting.eu\",\"isPartOf\":{\"@id\":\"https:\/\/bolting.eu\/en\/#website\"},\"primaryImageOfPage\":{\"@id\":\"https:\/\/bolting.eu\/en\/shop\/edelrid-herkules-boulder-chalkbag\/#primaryimage\"},\"image\":{\"@id\":\"https:\/\/bolting.eu\/en\/shop\/edelrid-herkules-boulder-chalkbag\/#primaryimage\"},\"thumbnailUrl\":\"https:\/\/bolting.eu\/wp-content\/uploads\/2020\/12\/Edelrid-Herkules-Boulder-Chalkbag-gruen-1.jpg\",\"datePublished\":\"2020-12-29T11:02:23+00:00\",\"dateModified\":\"2025-10-03T15:57:50+00:00\",\"description\":\"Hier findest Du das EDELRID HERKULES BOULDER CHALKBAG. Ein klasse Boulder Magnesiumbeutel mit B\u00fcrstenhalterung, Zusatzfach und viel Platz!\",\"breadcrumb\":{\"@id\":\"https:\/\/bolting.eu\/en\/shop\/edelrid-herkules-boulder-chalkbag\/#breadcrumb\"},\"inLanguage\":\"en-US\",\"potentialAction\":[{\"@type\":\"ReadAction\",\"target\":[\"https:\/\/bolting.eu\/en\/shop\/edelrid-herkules-boulder-chalkbag\/\"]}]},{\"@type\":\"ImageObject\",\"inLanguage\":\"en-US\",\"@id\":\"https:\/\/bolting.eu\/en\/shop\/edelrid-herkules-boulder-chalkbag\/#primaryimage\",\"url\":\"https:\/\/bolting.eu\/wp-content\/uploads\/2020\/12\/Edelrid-Herkules-Boulder-Chalkbag-gruen-1.jpg\",\"contentUrl\":\"https:\/\/bolting.eu\/wp-content\/uploads\/2020\/12\/Edelrid-Herkules-Boulder-Chalkbag-gruen-1.jpg\",\"width\":700,\"height\":700,\"caption\":\"Das Bild zeigt das Edelrid Herkules Boulder Chalkbag in gr\u00fcn. Es ist in einem wei\u00dfem Quadrat zu sehen, man erkennt die Trageriemen, die \u00d6ffnung und den seitlichen Rei\u00dfverschluss.\"},{\"@type\":\"BreadcrumbList\",\"@id\":\"https:\/\/bolting.eu\/en\/shop\/edelrid-herkules-boulder-chalkbag\/#breadcrumb\",\"itemListElement\":[{\"@type\":\"ListItem\",\"position\":1,\"name\":\"Shop\",\"item\":\"https:\/\/bolting.eu\/en\/shop\/\"},{\"@type\":\"ListItem\",\"position\":2,\"name\":\"climbing equipment\",\"item\":\"https:\/\/bolting.eu\/en\/produkt-kategorie\/climbing-equipment\/\"},{\"@type\":\"ListItem\",\"position\":3,\"name\":\"Chalkbag\",\"item\":\"https:\/\/bolting.eu\/produkt-kategorie\/kletterausruestung\/chalkbag\/\"},{\"@type\":\"ListItem\",\"position\":4,\"name\":\"Chalkbag Bouldern\",\"item\":\"https:\/\/bolting.eu\/produkt-kategorie\/kletterausruestung\/chalkbag\/chalkbag-bouldern\/\"},{\"@type\":\"ListItem\",\"position\":5,\"name\":\"Edelrid Herkules Boulder Chalkbag\"}]},{\"@type\":\"WebSite\",\"@id\":\"https:\/\/bolting.eu\/en\/#website\",\"url\":\"https:\/\/bolting.eu\/en\/\",\"name\":\"bolting.eu\",\"description\":\"we make climbs happen\",\"publisher\":{\"@id\":\"https:\/\/bolting.eu\/en\/#organization\"},\"potentialAction\":[{\"@type\":\"SearchAction\",\"target\":{\"@type\":\"EntryPoint\",\"urlTemplate\":\"https:\/\/bolting.eu\/en\/?s={search_term_string}\"},\"query-input\":{\"@type\":\"PropertyValueSpecification\",\"valueRequired\":true,\"valueName\":\"search_term_string\"}}],\"inLanguage\":\"en-US\"},{\"@type\":[\"Organization\",\"Place\",\"SportingGoodsStore\"],\"@id\":\"https:\/\/bolting.eu\/en\/#organization\",\"name\":\"bolting.eu\",\"url\":\"https:\/\/bolting.eu\/en\/\",\"logo\":{\"@id\":\"https:\/\/bolting.eu\/en\/shop\/edelrid-herkules-boulder-chalkbag\/#local-main-organization-logo\"},\"image\":{\"@id\":\"https:\/\/bolting.eu\/en\/shop\/edelrid-herkules-boulder-chalkbag\/#local-main-organization-logo\"},\"sameAs\":[\"https:\/\/www.facebook.com\/bolting.eu\",\"https:\/\/www.instagram.com\/bolting.eu\/\"],\"address\":{\"@id\":\"https:\/\/bolting.eu\/en\/shop\/edelrid-herkules-boulder-chalkbag\/#local-main-place-address\"},\"geo\":{\"@type\":\"GeoCoordinates\",\"latitude\":\"47.264176340396226\",\"longitude\":\"11.380109057672346\"},\"telephone\":[\"+43 699 19083372\"],\"openingHoursSpecification\":[{\"@type\":\"OpeningHoursSpecification\",\"dayOfWeek\":[\"Monday\",\"Wednesday\",\"Friday\"],\"opens\":\"14:00\",\"closes\":\"18:00\"},{\"@type\":\"OpeningHoursSpecification\",\"dayOfWeek\":[\"Tuesday\",\"Thursday\",\"Saturday\",\"Sunday\"],\"opens\":\"00:00\",\"closes\":\"00:00\"}],\"email\":\"office@bolting.eu\",\"vatID\":\"ATU59999728\",\"priceRange\":\"$$\",\"currenciesAccepted\":\"Euro\"},{\"@type\":\"PostalAddress\",\"@id\":\"https:\/\/bolting.eu\/en\/shop\/edelrid-herkules-boulder-chalkbag\/#local-main-place-address\",\"streetAddress\":\"Fischnalerstra\u00dfe 4\",\"addressLocality\":\"Innsbruck\",\"postalCode\":\"6020\",\"addressRegion\":\"Tirol\",\"addressCountry\":\"AT\"},{\"@type\":\"ImageObject\",\"inLanguage\":\"en-US\",\"@id\":\"https:\/\/bolting.eu\/en\/shop\/edelrid-herkules-boulder-chalkbag\/#local-main-organization-logo\",\"url\":\"https:\/\/bolting.eu\/wp-content\/uploads\/2019\/09\/bolting-logo.png\",\"contentUrl\":\"https:\/\/bolting.eu\/wp-content\/uploads\/2019\/09\/bolting-logo.png\",\"width\":400,\"height\":211,\"caption\":\"bolting.eu\"}]}<\/script>\n<meta property=\"og:availability\" content=\"out of stock\" \/>\n<meta property=\"product:availability\" content=\"out of stock\" \/>\n<meta property=\"product:condition\" content=\"new\" \/>\n<meta name=\"geo.placename\" content=\"Innsbruck\" \/>\n<meta name=\"geo.position\" content=\"47.264176340396226;11.380109057672346\" \/>\n<meta name=\"geo.region\" content=\"Austria\" \/>\n<!-- \/ Yoast SEO Premium plugin. -->","yoast_head_json":{"title":"Edelrid Herkules Boulder Chalkbag online kaufen | bolting.eu","description":"Hier findest Du das EDELRID HERKULES BOULDER CHALKBAG. Ein klasse Boulder Magnesiumbeutel mit B\u00fcrstenhalterung, Zusatzfach und viel Platz!","robots":{"index":"index","follow":"follow","max-snippet":"max-snippet:-1","max-image-preview":"max-image-preview:large","max-video-preview":"max-video-preview:-1"},"canonical":"https:\/\/bolting.eu\/en\/shop\/edelrid-herkules-boulder-chalkbag\/","og_locale":"en_US","og_type":"article","og_title":"Edelrid Herkules Boulder Chalkbag","og_description":"Hier findest Du das EDELRID HERKULES BOULDER CHALKBAG. Ein klasse Boulder Magnesiumbeutel mit B\u00fcrstenhalterung, Zusatzfach und viel Platz!","og_url":"https:\/\/bolting.eu\/en\/shop\/edelrid-herkules-boulder-chalkbag\/","og_site_name":"bolting.eu","article_publisher":"https:\/\/www.facebook.com\/bolting.eu","article_modified_time":"2025-10-03T15:57:50+00:00","og_image":[{"width":700,"height":700,"url":"https:\/\/bolting.eu\/wp-content\/uploads\/2020\/12\/Edelrid-Herkules-Boulder-Chalkbag-gruen-1.jpg","type":"image\/jpeg"}],"twitter_card":"summary_large_image","twitter_misc":{"Availability":"Out of stock"},"schema":{"@context":"https:\/\/schema.org","@graph":[{"@type":["WebPage","ItemPage"],"@id":"https:\/\/bolting.eu\/en\/shop\/edelrid-herkules-boulder-chalkbag\/","url":"https:\/\/bolting.eu\/en\/shop\/edelrid-herkules-boulder-chalkbag\/","name":"Edelrid Herkules Boulder Chalkbag online kaufen | bolting.eu","isPartOf":{"@id":"https:\/\/bolting.eu\/en\/#website"},"primaryImageOfPage":{"@id":"https:\/\/bolting.eu\/en\/shop\/edelrid-herkules-boulder-chalkbag\/#primaryimage"},"image":{"@id":"https:\/\/bolting.eu\/en\/shop\/edelrid-herkules-boulder-chalkbag\/#primaryimage"},"thumbnailUrl":"https:\/\/bolting.eu\/wp-content\/uploads\/2020\/12\/Edelrid-Herkules-Boulder-Chalkbag-gruen-1.jpg","datePublished":"2020-12-29T11:02:23+00:00","dateModified":"2025-10-03T15:57:50+00:00","description":"Hier findest Du das EDELRID HERKULES BOULDER CHALKBAG. Ein klasse Boulder Magnesiumbeutel mit B\u00fcrstenhalterung, Zusatzfach und viel Platz!","breadcrumb":{"@id":"https:\/\/bolting.eu\/en\/shop\/edelrid-herkules-boulder-chalkbag\/#breadcrumb"},"inLanguage":"en-US","potentialAction":[{"@type":"ReadAction","target":["https:\/\/bolting.eu\/en\/shop\/edelrid-herkules-boulder-chalkbag\/"]}]},{"@type":"ImageObject","inLanguage":"en-US","@id":"https:\/\/bolting.eu\/en\/shop\/edelrid-herkules-boulder-chalkbag\/#primaryimage","url":"https:\/\/bolting.eu\/wp-content\/uploads\/2020\/12\/Edelrid-Herkules-Boulder-Chalkbag-gruen-1.jpg","contentUrl":"https:\/\/bolting.eu\/wp-content\/uploads\/2020\/12\/Edelrid-Herkules-Boulder-Chalkbag-gruen-1.jpg","width":700,"height":700,"caption":"Das Bild zeigt das Edelrid Herkules Boulder Chalkbag in gr\u00fcn. Es ist in einem wei\u00dfem Quadrat zu sehen, man erkennt die Trageriemen, die \u00d6ffnung und den seitlichen Rei\u00dfverschluss."},{"@type":"BreadcrumbList","@id":"https:\/\/bolting.eu\/en\/shop\/edelrid-herkules-boulder-chalkbag\/#breadcrumb","itemListElement":[{"@type":"ListItem","position":1,"name":"Shop","item":"https:\/\/bolting.eu\/en\/shop\/"},{"@type":"ListItem","position":2,"name":"climbing equipment","item":"https:\/\/bolting.eu\/en\/produkt-kategorie\/climbing-equipment\/"},{"@type":"ListItem","position":3,"name":"Chalkbag","item":"https:\/\/bolting.eu\/produkt-kategorie\/kletterausruestung\/chalkbag\/"},{"@type":"ListItem","position":4,"name":"Chalkbag Bouldern","item":"https:\/\/bolting.eu\/produkt-kategorie\/kletterausruestung\/chalkbag\/chalkbag-bouldern\/"},{"@type":"ListItem","position":5,"name":"Edelrid Herkules Boulder Chalkbag"}]},{"@type":"WebSite","@id":"https:\/\/bolting.eu\/en\/#website","url":"https:\/\/bolting.eu\/en\/","name":"bolting.eu","description":"we make climbs happen","publisher":{"@id":"https:\/\/bolting.eu\/en\/#organization"},"potentialAction":[{"@type":"SearchAction","target":{"@type":"EntryPoint","urlTemplate":"https:\/\/bolting.eu\/en\/?s={search_term_string}"},"query-input":{"@type":"PropertyValueSpecification","valueRequired":true,"valueName":"search_term_string"}}],"inLanguage":"en-US"},{"@type":["Organization","Place","SportingGoodsStore"],"@id":"https:\/\/bolting.eu\/en\/#organization","name":"bolting.eu","url":"https:\/\/bolting.eu\/en\/","logo":{"@id":"https:\/\/bolting.eu\/en\/shop\/edelrid-herkules-boulder-chalkbag\/#local-main-organization-logo"},"image":{"@id":"https:\/\/bolting.eu\/en\/shop\/edelrid-herkules-boulder-chalkbag\/#local-main-organization-logo"},"sameAs":["https:\/\/www.facebook.com\/bolting.eu","https:\/\/www.instagram.com\/bolting.eu\/"],"address":{"@id":"https:\/\/bolting.eu\/en\/shop\/edelrid-herkules-boulder-chalkbag\/#local-main-place-address"},"geo":{"@type":"GeoCoordinates","latitude":"47.264176340396226","longitude":"11.380109057672346"},"telephone":["+43 699 19083372"],"openingHoursSpecification":[{"@type":"OpeningHoursSpecification","dayOfWeek":["Monday","Wednesday","Friday"],"opens":"14:00","closes":"18:00"},{"@type":"OpeningHoursSpecification","dayOfWeek":["Tuesday","Thursday","Saturday","Sunday"],"opens":"00:00","closes":"00:00"}],"email":"office@bolting.eu","vatID":"ATU59999728","priceRange":"$$","currenciesAccepted":"Euro"},{"@type":"PostalAddress","@id":"https:\/\/bolting.eu\/en\/shop\/edelrid-herkules-boulder-chalkbag\/#local-main-place-address","streetAddress":"Fischnalerstra\u00dfe 4","addressLocality":"Innsbruck","postalCode":"6020","addressRegion":"Tirol","addressCountry":"AT"},{"@type":"ImageObject","inLanguage":"en-US","@id":"https:\/\/bolting.eu\/en\/shop\/edelrid-herkules-boulder-chalkbag\/#local-main-organization-logo","url":"https:\/\/bolting.eu\/wp-content\/uploads\/2019\/09\/bolting-logo.png","contentUrl":"https:\/\/bolting.eu\/wp-content\/uploads\/2019\/09\/bolting-logo.png","width":400,"height":211,"caption":"bolting.eu"}]},"og_availability":"out of stock","product_availability":"out of stock","product_condition":"new","geo.placename":"Innsbruck","geo.position":{"lat":"47.264176340396226","long":"11.380109057672346"},"geo.region":"Austria"},"_links":{"self":[{"href":"https:\/\/bolting.eu\/en\/wp-json\/wp\/v2\/product\/7146","targetHints":{"allow":["GET"]}}],"collection":[{"href":"https:\/\/bolting.eu\/en\/wp-json\/wp\/v2\/product"}],"about":[{"href":"https:\/\/bolting.eu\/en\/wp-json\/wp\/v2\/types\/product"}],"replies":[{"embeddable":true,"href":"https:\/\/bolting.eu\/en\/wp-json\/wp\/v2\/comments?post=7146"}],"wp:featuredmedia":[{"embeddable":true,"href":"https:\/\/bolting.eu\/en\/wp-json\/wp\/v2\/media\/7148"}],"wp:attachment":[{"href":"https:\/\/bolting.eu\/en\/wp-json\/wp\/v2\/media?parent=7146"}],"wp:term":[{"taxonomy":"product_brand","embeddable":true,"href":"https:\/\/bolting.eu\/en\/wp-json\/wp\/v2\/product_brand?post=7146"},{"taxonomy":"product_cat","embeddable":true,"href":"https:\/\/bolting.eu\/en\/wp-json\/wp\/v2\/product_cat?post=7146"},{"taxonomy":"product_tag","embeddable":true,"href":"https:\/\/bolting.eu\/en\/wp-json\/wp\/v2\/product_tag?post=7146"}],"curies":[{"name":"wp","href":"https:\/\/api.w.org\/{rel}","templated":true}]}}