{"id":6892,"date":"2020-12-09T17:47:56","date_gmt":"2020-12-09T16:47:56","guid":{"rendered":"https:\/\/bolting.eu\/?post_type=product&#038;p=6892"},"modified":"2022-09-12T12:45:08","modified_gmt":"2022-09-12T10:45:08","slug":"fixe-rivet-bolt-8mm","status":"publish","type":"product","link":"https:\/\/bolting.eu\/en\/shop\/fixe-rivet-bolt-8mm\/","title":{"rendered":"Fixe Rivet Bolt 8mm"},"content":{"rendered":"<p>Der Fixe Rivet Bolt 8mm ist f\u00fcr das Techno Klettern gedacht. Er geh\u00f6rt zur Produkt Kategorie der Handbohrer. Denn in der Regel wird das Loch auf Big Walls per Hand gebohrt.<\/p>\n<p>Der Rivet Bolt wird in ein ca. 3cm tiefen Loch mit 8mm Breite geh\u00e4mmert. Hier verklemmt er sich und dient dann zur technischen Fortbewegung, indem ein sogenannter Rivet Hanger angebracht wird. D.h. er h\u00e4lt nur das K\u00f6rpergewicht und stellt keine Sicherung gegen Absturz dar!<\/p>\n<h3>Eigenschaften Fixe Rivet Bolt 8mm<\/h3>\n<ul>\n<li>Hersteller: Fixe Climbing<\/li>\n<li>Material: Normstahl verzinkt<\/li>\n<li>Dimension: 8 x 40mm<\/li>\n<li>f\u00fcr das Techno Klettern<\/li>\n<li>h\u00e4lt nur das K\u00f6rpergewicht<\/li>\n<li>nicht als Absturzsicherung\u00a0 zu verwenden<\/li>\n<li>Verpackungseinheit: <strong>5 St\u00fcck<\/strong><\/li>\n<\/ul>\n","protected":false},"excerpt":{"rendered":"<ul>\n<li>Hersteller: Fixe Climbing<\/li>\n<li>Material: Normstahl verzinkt<\/li>\n<li>Dimension: 8 x 40mm<\/li>\n<li>f\u00fcr das Techno Klettern<\/li>\n<li>h\u00e4lt nur das K\u00f6rpergewicht<\/li>\n<li>nicht als Absturzsicherung\u00a0 zu verwenden<\/li>\n<li>Verpackungseinheit: <strong>5 St\u00fcck<\/strong><\/li>\n<\/ul>\n","protected":false},"featured_media":6894,"comment_status":"open","ping_status":"closed","template":"","meta":[],"product_brand":[],"product_cat":[31,41,1210],"product_tag":[265],"class_list":{"0":"post-6892","1":"product","2":"type-product","3":"status-publish","4":"has-post-thumbnail","6":"product_cat-big-wall-ausruestung","7":"product_cat-handbohrer","8":"product_cat-einbohrartikel","9":"product_tag-big-wall-klettern","11":"first","12":"outofstock","13":"taxable","14":"shipping-taxable","15":"purchasable","16":"product-type-simple"},"yoast_head":"<!-- This site is optimized with the Yoast SEO Premium plugin v26.9 (Yoast SEO v26.9) - https:\/\/yoast.com\/product\/yoast-seo-premium-wordpress\/ -->\n<title>Fixe Rivet Bolt 8mm zum Techno Klettern &amp; Big Walls | bolting.eu<\/title>\n<meta name=\"description\" content=\"Hier findest Du den FIXE RIVET BOLT 8mm. Einen Einschlagstift f\u00fcr 8mm L\u00f6cher zum TEchno Klettern und f\u00fcr Big Walls!\" \/>\n<meta name=\"robots\" content=\"index, follow, max-snippet:-1, max-image-preview:large, max-video-preview:-1\" \/>\n<link rel=\"canonical\" href=\"https:\/\/bolting.eu\/en\/shop\/fixe-rivet-bolt-8mm\/\" \/>\n<meta property=\"og:locale\" content=\"en_US\" \/>\n<meta property=\"og:type\" content=\"article\" \/>\n<meta property=\"og:title\" content=\"Fixe Rivet Bolt 8mm\" \/>\n<meta property=\"og:description\" content=\"Hier findest Du den FIXE RIVET BOLT 8mm. Einen Einschlagstift f\u00fcr 8mm L\u00f6cher zum TEchno Klettern und f\u00fcr Big Walls!\" \/>\n<meta property=\"og:url\" content=\"https:\/\/bolting.eu\/en\/shop\/fixe-rivet-bolt-8mm\/\" \/>\n<meta property=\"og:site_name\" content=\"bolting.eu\" \/>\n<meta property=\"article:publisher\" content=\"https:\/\/www.facebook.com\/bolting.eu\" \/>\n<meta property=\"article:modified_time\" content=\"2022-09-12T10:45:08+00:00\" \/>\n<meta property=\"og:image\" content=\"https:\/\/bolting.eu\/wp-content\/uploads\/2020\/12\/Rivet-Bolt-Fixe-8mm-2.jpg\" \/>\n\t<meta property=\"og:image:width\" content=\"700\" \/>\n\t<meta property=\"og:image:height\" content=\"700\" \/>\n\t<meta property=\"og:image:type\" content=\"image\/jpeg\" \/>\n<meta name=\"twitter:card\" content=\"summary_large_image\" \/>\n<meta name=\"twitter:label1\" content=\"Price\" \/>\n\t<meta name=\"twitter:data1\" content=\"&euro;&nbsp;9,99\" \/>\n\t<meta name=\"twitter:label2\" content=\"Availability\" \/>\n\t<meta name=\"twitter:data2\" content=\"Out of stock\" \/>\n<script type=\"application\/ld+json\" class=\"yoast-schema-graph\">{\"@context\":\"https:\/\/schema.org\",\"@graph\":[{\"@type\":[\"WebPage\",\"ItemPage\"],\"@id\":\"https:\/\/bolting.eu\/en\/shop\/fixe-rivet-bolt-8mm\/\",\"url\":\"https:\/\/bolting.eu\/en\/shop\/fixe-rivet-bolt-8mm\/\",\"name\":\"Fixe Rivet Bolt 8mm zum Techno Klettern & Big Walls | bolting.eu\",\"isPartOf\":{\"@id\":\"https:\/\/bolting.eu\/en\/#website\"},\"primaryImageOfPage\":{\"@id\":\"https:\/\/bolting.eu\/en\/shop\/fixe-rivet-bolt-8mm\/#primaryimage\"},\"image\":{\"@id\":\"https:\/\/bolting.eu\/en\/shop\/fixe-rivet-bolt-8mm\/#primaryimage\"},\"thumbnailUrl\":\"https:\/\/bolting.eu\/wp-content\/uploads\/2020\/12\/Rivet-Bolt-Fixe-8mm-2.jpg\",\"datePublished\":\"2020-12-09T16:47:56+00:00\",\"dateModified\":\"2022-09-12T10:45:08+00:00\",\"description\":\"Hier findest Du den FIXE RIVET BOLT 8mm. Einen Einschlagstift f\u00fcr 8mm L\u00f6cher zum TEchno Klettern und f\u00fcr Big Walls!\",\"breadcrumb\":{\"@id\":\"https:\/\/bolting.eu\/en\/shop\/fixe-rivet-bolt-8mm\/#breadcrumb\"},\"inLanguage\":\"en-US\",\"potentialAction\":[{\"@type\":\"ReadAction\",\"target\":[\"https:\/\/bolting.eu\/en\/shop\/fixe-rivet-bolt-8mm\/\"]}]},{\"@type\":\"ImageObject\",\"inLanguage\":\"en-US\",\"@id\":\"https:\/\/bolting.eu\/en\/shop\/fixe-rivet-bolt-8mm\/#primaryimage\",\"url\":\"https:\/\/bolting.eu\/wp-content\/uploads\/2020\/12\/Rivet-Bolt-Fixe-8mm-2.jpg\",\"contentUrl\":\"https:\/\/bolting.eu\/wp-content\/uploads\/2020\/12\/Rivet-Bolt-Fixe-8mm-2.jpg\",\"width\":700,\"height\":700,\"caption\":\"Das Bild den Fixe Rivet Bolt 8mm. Der silberne Metallstift ist in Bildmitte zu sehen mit der Schlagfl\u00e4che oben. Man erkennt den Schaft und die Einschnitte zum Verklemmen im Bohrloch.\"},{\"@type\":\"BreadcrumbList\",\"@id\":\"https:\/\/bolting.eu\/en\/shop\/fixe-rivet-bolt-8mm\/#breadcrumb\",\"itemListElement\":[{\"@type\":\"ListItem\",\"position\":1,\"name\":\"Shop\",\"item\":\"https:\/\/bolting.eu\/en\/shop\/\"},{\"@type\":\"ListItem\",\"position\":2,\"name\":\"Big Wall gear\",\"item\":\"https:\/\/bolting.eu\/en\/produkt-kategorie\/big-wall-gear\/\"},{\"@type\":\"ListItem\",\"position\":3,\"name\":\"Fixe Rivet Bolt 8mm\"}]},{\"@type\":\"WebSite\",\"@id\":\"https:\/\/bolting.eu\/en\/#website\",\"url\":\"https:\/\/bolting.eu\/en\/\",\"name\":\"bolting.eu\",\"description\":\"we make climbs happen\",\"publisher\":{\"@id\":\"https:\/\/bolting.eu\/en\/#organization\"},\"potentialAction\":[{\"@type\":\"SearchAction\",\"target\":{\"@type\":\"EntryPoint\",\"urlTemplate\":\"https:\/\/bolting.eu\/en\/?s={search_term_string}\"},\"query-input\":{\"@type\":\"PropertyValueSpecification\",\"valueRequired\":true,\"valueName\":\"search_term_string\"}}],\"inLanguage\":\"en-US\"},{\"@type\":[\"Organization\",\"Place\",\"SportingGoodsStore\"],\"@id\":\"https:\/\/bolting.eu\/en\/#organization\",\"name\":\"bolting.eu\",\"url\":\"https:\/\/bolting.eu\/en\/\",\"logo\":{\"@id\":\"https:\/\/bolting.eu\/en\/shop\/fixe-rivet-bolt-8mm\/#local-main-organization-logo\"},\"image\":{\"@id\":\"https:\/\/bolting.eu\/en\/shop\/fixe-rivet-bolt-8mm\/#local-main-organization-logo\"},\"sameAs\":[\"https:\/\/www.facebook.com\/bolting.eu\",\"https:\/\/www.instagram.com\/bolting.eu\/\"],\"address\":{\"@id\":\"https:\/\/bolting.eu\/en\/shop\/fixe-rivet-bolt-8mm\/#local-main-place-address\"},\"geo\":{\"@type\":\"GeoCoordinates\",\"latitude\":\"47.264176340396226\",\"longitude\":\"11.380109057672346\"},\"telephone\":[\"+43 699 19083372\"],\"openingHoursSpecification\":[{\"@type\":\"OpeningHoursSpecification\",\"dayOfWeek\":[\"Monday\",\"Wednesday\",\"Friday\"],\"opens\":\"14:00\",\"closes\":\"18:00\"},{\"@type\":\"OpeningHoursSpecification\",\"dayOfWeek\":[\"Tuesday\",\"Thursday\",\"Saturday\",\"Sunday\"],\"opens\":\"00:00\",\"closes\":\"00:00\"}],\"email\":\"office@bolting.eu\",\"vatID\":\"ATU59999728\",\"priceRange\":\"$$\",\"currenciesAccepted\":\"Euro\"},{\"@type\":\"PostalAddress\",\"@id\":\"https:\/\/bolting.eu\/en\/shop\/fixe-rivet-bolt-8mm\/#local-main-place-address\",\"streetAddress\":\"Fischnalerstra\u00dfe 4\",\"addressLocality\":\"Innsbruck\",\"postalCode\":\"6020\",\"addressRegion\":\"Tirol\",\"addressCountry\":\"AT\"},{\"@type\":\"ImageObject\",\"inLanguage\":\"en-US\",\"@id\":\"https:\/\/bolting.eu\/en\/shop\/fixe-rivet-bolt-8mm\/#local-main-organization-logo\",\"url\":\"https:\/\/bolting.eu\/wp-content\/uploads\/2019\/09\/bolting-logo.png\",\"contentUrl\":\"https:\/\/bolting.eu\/wp-content\/uploads\/2019\/09\/bolting-logo.png\",\"width\":400,\"height\":211,\"caption\":\"bolting.eu\"}]}<\/script>\n<meta property=\"product:price:amount\" content=\"9.99\" \/>\n<meta property=\"product:price:currency\" content=\"EUR\" \/>\n<meta property=\"og:availability\" content=\"out of stock\" \/>\n<meta property=\"product:availability\" content=\"out of stock\" \/>\n<meta property=\"product:retailer_item_id\" content=\"fixe_132\" \/>\n<meta property=\"product:condition\" content=\"new\" \/>\n<meta name=\"geo.placename\" content=\"Innsbruck\" \/>\n<meta name=\"geo.position\" content=\"47.264176340396226;11.380109057672346\" \/>\n<meta name=\"geo.region\" content=\"Austria\" \/>\n<!-- \/ Yoast SEO Premium plugin. -->","yoast_head_json":{"title":"Fixe Rivet Bolt 8mm zum Techno Klettern & Big Walls | bolting.eu","description":"Hier findest Du den FIXE RIVET BOLT 8mm. Einen Einschlagstift f\u00fcr 8mm L\u00f6cher zum TEchno Klettern und f\u00fcr Big Walls!","robots":{"index":"index","follow":"follow","max-snippet":"max-snippet:-1","max-image-preview":"max-image-preview:large","max-video-preview":"max-video-preview:-1"},"canonical":"https:\/\/bolting.eu\/en\/shop\/fixe-rivet-bolt-8mm\/","og_locale":"en_US","og_type":"article","og_title":"Fixe Rivet Bolt 8mm","og_description":"Hier findest Du den FIXE RIVET BOLT 8mm. Einen Einschlagstift f\u00fcr 8mm L\u00f6cher zum TEchno Klettern und f\u00fcr Big Walls!","og_url":"https:\/\/bolting.eu\/en\/shop\/fixe-rivet-bolt-8mm\/","og_site_name":"bolting.eu","article_publisher":"https:\/\/www.facebook.com\/bolting.eu","article_modified_time":"2022-09-12T10:45:08+00:00","og_image":[{"width":700,"height":700,"url":"https:\/\/bolting.eu\/wp-content\/uploads\/2020\/12\/Rivet-Bolt-Fixe-8mm-2.jpg","type":"image\/jpeg"}],"twitter_card":"summary_large_image","twitter_misc":{"Price":"&euro;&nbsp;9,99","Availability":"Out of stock"},"schema":{"@context":"https:\/\/schema.org","@graph":[{"@type":["WebPage","ItemPage"],"@id":"https:\/\/bolting.eu\/en\/shop\/fixe-rivet-bolt-8mm\/","url":"https:\/\/bolting.eu\/en\/shop\/fixe-rivet-bolt-8mm\/","name":"Fixe Rivet Bolt 8mm zum Techno Klettern & Big Walls | bolting.eu","isPartOf":{"@id":"https:\/\/bolting.eu\/en\/#website"},"primaryImageOfPage":{"@id":"https:\/\/bolting.eu\/en\/shop\/fixe-rivet-bolt-8mm\/#primaryimage"},"image":{"@id":"https:\/\/bolting.eu\/en\/shop\/fixe-rivet-bolt-8mm\/#primaryimage"},"thumbnailUrl":"https:\/\/bolting.eu\/wp-content\/uploads\/2020\/12\/Rivet-Bolt-Fixe-8mm-2.jpg","datePublished":"2020-12-09T16:47:56+00:00","dateModified":"2022-09-12T10:45:08+00:00","description":"Hier findest Du den FIXE RIVET BOLT 8mm. Einen Einschlagstift f\u00fcr 8mm L\u00f6cher zum TEchno Klettern und f\u00fcr Big Walls!","breadcrumb":{"@id":"https:\/\/bolting.eu\/en\/shop\/fixe-rivet-bolt-8mm\/#breadcrumb"},"inLanguage":"en-US","potentialAction":[{"@type":"ReadAction","target":["https:\/\/bolting.eu\/en\/shop\/fixe-rivet-bolt-8mm\/"]}]},{"@type":"ImageObject","inLanguage":"en-US","@id":"https:\/\/bolting.eu\/en\/shop\/fixe-rivet-bolt-8mm\/#primaryimage","url":"https:\/\/bolting.eu\/wp-content\/uploads\/2020\/12\/Rivet-Bolt-Fixe-8mm-2.jpg","contentUrl":"https:\/\/bolting.eu\/wp-content\/uploads\/2020\/12\/Rivet-Bolt-Fixe-8mm-2.jpg","width":700,"height":700,"caption":"Das Bild den Fixe Rivet Bolt 8mm. Der silberne Metallstift ist in Bildmitte zu sehen mit der Schlagfl\u00e4che oben. Man erkennt den Schaft und die Einschnitte zum Verklemmen im Bohrloch."},{"@type":"BreadcrumbList","@id":"https:\/\/bolting.eu\/en\/shop\/fixe-rivet-bolt-8mm\/#breadcrumb","itemListElement":[{"@type":"ListItem","position":1,"name":"Shop","item":"https:\/\/bolting.eu\/en\/shop\/"},{"@type":"ListItem","position":2,"name":"Big Wall gear","item":"https:\/\/bolting.eu\/en\/produkt-kategorie\/big-wall-gear\/"},{"@type":"ListItem","position":3,"name":"Fixe Rivet Bolt 8mm"}]},{"@type":"WebSite","@id":"https:\/\/bolting.eu\/en\/#website","url":"https:\/\/bolting.eu\/en\/","name":"bolting.eu","description":"we make climbs happen","publisher":{"@id":"https:\/\/bolting.eu\/en\/#organization"},"potentialAction":[{"@type":"SearchAction","target":{"@type":"EntryPoint","urlTemplate":"https:\/\/bolting.eu\/en\/?s={search_term_string}"},"query-input":{"@type":"PropertyValueSpecification","valueRequired":true,"valueName":"search_term_string"}}],"inLanguage":"en-US"},{"@type":["Organization","Place","SportingGoodsStore"],"@id":"https:\/\/bolting.eu\/en\/#organization","name":"bolting.eu","url":"https:\/\/bolting.eu\/en\/","logo":{"@id":"https:\/\/bolting.eu\/en\/shop\/fixe-rivet-bolt-8mm\/#local-main-organization-logo"},"image":{"@id":"https:\/\/bolting.eu\/en\/shop\/fixe-rivet-bolt-8mm\/#local-main-organization-logo"},"sameAs":["https:\/\/www.facebook.com\/bolting.eu","https:\/\/www.instagram.com\/bolting.eu\/"],"address":{"@id":"https:\/\/bolting.eu\/en\/shop\/fixe-rivet-bolt-8mm\/#local-main-place-address"},"geo":{"@type":"GeoCoordinates","latitude":"47.264176340396226","longitude":"11.380109057672346"},"telephone":["+43 699 19083372"],"openingHoursSpecification":[{"@type":"OpeningHoursSpecification","dayOfWeek":["Monday","Wednesday","Friday"],"opens":"14:00","closes":"18:00"},{"@type":"OpeningHoursSpecification","dayOfWeek":["Tuesday","Thursday","Saturday","Sunday"],"opens":"00:00","closes":"00:00"}],"email":"office@bolting.eu","vatID":"ATU59999728","priceRange":"$$","currenciesAccepted":"Euro"},{"@type":"PostalAddress","@id":"https:\/\/bolting.eu\/en\/shop\/fixe-rivet-bolt-8mm\/#local-main-place-address","streetAddress":"Fischnalerstra\u00dfe 4","addressLocality":"Innsbruck","postalCode":"6020","addressRegion":"Tirol","addressCountry":"AT"},{"@type":"ImageObject","inLanguage":"en-US","@id":"https:\/\/bolting.eu\/en\/shop\/fixe-rivet-bolt-8mm\/#local-main-organization-logo","url":"https:\/\/bolting.eu\/wp-content\/uploads\/2019\/09\/bolting-logo.png","contentUrl":"https:\/\/bolting.eu\/wp-content\/uploads\/2019\/09\/bolting-logo.png","width":400,"height":211,"caption":"bolting.eu"}]},"product_price_amount":"9.99","product_price_currency":"EUR","og_availability":"out of stock","product_availability":"out of stock","product_retailer_item_id":"fixe_132","product_condition":"new","geo.placename":"Innsbruck","geo.position":{"lat":"47.264176340396226","long":"11.380109057672346"},"geo.region":"Austria"},"_links":{"self":[{"href":"https:\/\/bolting.eu\/en\/wp-json\/wp\/v2\/product\/6892","targetHints":{"allow":["GET"]}}],"collection":[{"href":"https:\/\/bolting.eu\/en\/wp-json\/wp\/v2\/product"}],"about":[{"href":"https:\/\/bolting.eu\/en\/wp-json\/wp\/v2\/types\/product"}],"replies":[{"embeddable":true,"href":"https:\/\/bolting.eu\/en\/wp-json\/wp\/v2\/comments?post=6892"}],"wp:featuredmedia":[{"embeddable":true,"href":"https:\/\/bolting.eu\/en\/wp-json\/wp\/v2\/media\/6894"}],"wp:attachment":[{"href":"https:\/\/bolting.eu\/en\/wp-json\/wp\/v2\/media?parent=6892"}],"wp:term":[{"taxonomy":"product_brand","embeddable":true,"href":"https:\/\/bolting.eu\/en\/wp-json\/wp\/v2\/product_brand?post=6892"},{"taxonomy":"product_cat","embeddable":true,"href":"https:\/\/bolting.eu\/en\/wp-json\/wp\/v2\/product_cat?post=6892"},{"taxonomy":"product_tag","embeddable":true,"href":"https:\/\/bolting.eu\/en\/wp-json\/wp\/v2\/product_tag?post=6892"}],"curies":[{"name":"wp","href":"https:\/\/api.w.org\/{rel}","templated":true}]}}