{"id":6886,"date":"2020-12-09T17:07:12","date_gmt":"2020-12-09T16:07:12","guid":{"rendered":"https:\/\/bolting.eu\/?post_type=product&#038;p=6886"},"modified":"2022-08-19T23:09:36","modified_gmt":"2022-08-19T21:09:36","slug":"12mm-bohraufsatz-raumer","status":"publish","type":"product","link":"https:\/\/bolting.eu\/en\/shop\/12mm-bohraufsatz-raumer\/","title":{"rendered":"12mm Bohraufsatz Raumer"},"content":{"rendered":"<p>Der 12mm Bohraufsatz Raumer geh\u00f6rt zur Produktfamilie der <a href=\"https:\/\/bolting.eu\/produkt-kategorie\/einbohrartikel\/handbohrer\/\">Handbohrer<\/a>.\u00a0 Konkret kann man diesen Bohraufsatz dank des 10mm Gewindes auf den Raumer Handbohrer Stroker montieren.<\/p>\n<p>Damit lassen sich dann alle 12mm L\u00f6cher per Hand bohren. Beispielsweise f\u00fcr die M8 Spits bzw. M8 Innengewindeanker.<\/p>\n<p>Dieser Aufsatz hat gegen\u00fcber den Spits bzw. Systemen mit Adaptern f\u00fcr SDS Bohrer einige Vorteile. Erstens ist dieser Zertr\u00fcmmerungsbohrer speziell f\u00fcr das Handbohren gebaut worden. D.h. er ist wesentlich spitzer als diese. Somit ist der Bohrfortschritt auch schneller.<\/p>\n<p>Zweitens gibt der kurze Bohraufsatz mehr Stabilit\u00e4t beim Bohren. Und drittens wei\u00df man genau, wenn man die Bohrtiefe erreicht hat. Ein \u00dcberbohren ist nicht m\u00f6glich.<\/p>\n<h3>Eigenschaften 12mm Bohraufsatz Raumer<\/h3>\n<ul>\n<li>Hersteller: Raumer Climbing<\/li>\n<li>Material: geh\u00e4rteter Normstahl verzinkt<\/li>\n<li>L\u00e4nge: ca. 40mm<\/li>\n<li>Dicke: 12mm<\/li>\n<li>f\u00fcr Raumer Handbohrer Stroker<\/li>\n<li>nicht f\u00fcr Akku Bohrh\u00e4mmer geeignet<\/li>\n<\/ul>\n","protected":false},"excerpt":{"rendered":"<ul>\n<li>Hersteller: <a href=\"https:\/\/bolting.eu\/produkt-kategorie\/raumer\/\">Raumer Climbing<\/a><\/li>\n<li>Material: geh\u00e4rteter Normstahl verzinkt<\/li>\n<li>L\u00e4nge: ca. 40mm<\/li>\n<li>Dicke: 12mm<\/li>\n<li>f\u00fcr Raumer Handbohrer Striker<\/li>\n<li>nicht f\u00fcr Akku Bohrh\u00e4mmer geeignet<\/li>\n<\/ul>\n","protected":false},"featured_media":6887,"comment_status":"open","ping_status":"closed","template":"","meta":[],"product_brand":[],"product_cat":[4660,41,1210],"product_tag":[],"class_list":{"0":"post-6886","1":"product","2":"type-product","3":"status-publish","4":"has-post-thumbnail","6":"product_cat-raumer","7":"product_cat-handbohrer","8":"product_cat-einbohrartikel","10":"first","11":"instock","12":"taxable","13":"shipping-taxable","14":"purchasable","15":"product-type-simple"},"yoast_head":"<!-- This site is optimized with the Yoast SEO Premium plugin v26.9 (Yoast SEO v26.9) - https:\/\/yoast.com\/product\/yoast-seo-premium-wordpress\/ -->\n<title>12mm Bohraufsatz Raumer f\u00fcr Handbohrer Stroker kaufen | bolting.eu<\/title>\n<meta name=\"description\" content=\"Hier findest Du den 12mm Bohraufsatz Raumer f\u00fcr den Handbohrer Stroker. Ein Zubeh\u00f6r zum Setzen von Spitz bzw. Innengewindeankern per Hand!\" \/>\n<meta name=\"robots\" content=\"index, follow, max-snippet:-1, max-image-preview:large, max-video-preview:-1\" \/>\n<link rel=\"canonical\" href=\"https:\/\/bolting.eu\/en\/shop\/12mm-bohraufsatz-raumer\/\" \/>\n<meta property=\"og:locale\" content=\"en_US\" \/>\n<meta property=\"og:type\" content=\"article\" \/>\n<meta property=\"og:title\" content=\"12mm Bohraufsatz Raumer\" \/>\n<meta property=\"og:description\" content=\"Hier findest Du den 12mm Bohraufsatz Raumer f\u00fcr den Handbohrer Stroker. Ein Zubeh\u00f6r zum Setzen von Spitz bzw. Innengewindeankern per Hand!\" \/>\n<meta property=\"og:url\" content=\"https:\/\/bolting.eu\/en\/shop\/12mm-bohraufsatz-raumer\/\" \/>\n<meta property=\"og:site_name\" content=\"bolting.eu\" \/>\n<meta property=\"article:publisher\" content=\"https:\/\/www.facebook.com\/bolting.eu\" \/>\n<meta property=\"article:modified_time\" content=\"2022-08-19T21:09:36+00:00\" \/>\n<meta property=\"og:image\" content=\"https:\/\/bolting.eu\/wp-content\/uploads\/2020\/12\/12mm-Bohraufsatz-Raumer-1.jpg\" \/>\n\t<meta property=\"og:image:width\" content=\"700\" \/>\n\t<meta property=\"og:image:height\" content=\"700\" \/>\n\t<meta property=\"og:image:type\" content=\"image\/jpeg\" \/>\n<meta name=\"twitter:card\" content=\"summary_large_image\" \/>\n<meta name=\"twitter:label1\" content=\"Price\" \/>\n\t<meta name=\"twitter:data1\" content=\"&euro;&nbsp;5,99\" \/>\n\t<meta name=\"twitter:label2\" content=\"Availability\" \/>\n\t<meta name=\"twitter:data2\" content=\"In stock\" \/>\n<script type=\"application\/ld+json\" class=\"yoast-schema-graph\">{\"@context\":\"https:\/\/schema.org\",\"@graph\":[{\"@type\":[\"WebPage\",\"ItemPage\"],\"@id\":\"https:\/\/bolting.eu\/en\/shop\/12mm-bohraufsatz-raumer\/\",\"url\":\"https:\/\/bolting.eu\/en\/shop\/12mm-bohraufsatz-raumer\/\",\"name\":\"12mm Bohraufsatz Raumer f\u00fcr Handbohrer Stroker kaufen | bolting.eu\",\"isPartOf\":{\"@id\":\"https:\/\/bolting.eu\/en\/#website\"},\"primaryImageOfPage\":{\"@id\":\"https:\/\/bolting.eu\/en\/shop\/12mm-bohraufsatz-raumer\/#primaryimage\"},\"image\":{\"@id\":\"https:\/\/bolting.eu\/en\/shop\/12mm-bohraufsatz-raumer\/#primaryimage\"},\"thumbnailUrl\":\"https:\/\/bolting.eu\/wp-content\/uploads\/2020\/12\/12mm-Bohraufsatz-Raumer-1.jpg\",\"datePublished\":\"2020-12-09T16:07:12+00:00\",\"dateModified\":\"2022-08-19T21:09:36+00:00\",\"description\":\"Hier findest Du den 12mm Bohraufsatz Raumer f\u00fcr den Handbohrer Stroker. Ein Zubeh\u00f6r zum Setzen von Spitz bzw. Innengewindeankern per Hand!\",\"breadcrumb\":{\"@id\":\"https:\/\/bolting.eu\/en\/shop\/12mm-bohraufsatz-raumer\/#breadcrumb\"},\"inLanguage\":\"en-US\",\"potentialAction\":[{\"@type\":\"ReadAction\",\"target\":[\"https:\/\/bolting.eu\/en\/shop\/12mm-bohraufsatz-raumer\/\"]}]},{\"@type\":\"ImageObject\",\"inLanguage\":\"en-US\",\"@id\":\"https:\/\/bolting.eu\/en\/shop\/12mm-bohraufsatz-raumer\/#primaryimage\",\"url\":\"https:\/\/bolting.eu\/wp-content\/uploads\/2020\/12\/12mm-Bohraufsatz-Raumer-1.jpg\",\"contentUrl\":\"https:\/\/bolting.eu\/wp-content\/uploads\/2020\/12\/12mm-Bohraufsatz-Raumer-1.jpg\",\"width\":700,\"height\":700,\"caption\":\"Das Bild zeigt den 12mm Bohraufsatz Raumer. Der kurze Metallbohrer steht waagrecht in Bildmitte mit der Spitze nach links.\"},{\"@type\":\"BreadcrumbList\",\"@id\":\"https:\/\/bolting.eu\/en\/shop\/12mm-bohraufsatz-raumer\/#breadcrumb\",\"itemListElement\":[{\"@type\":\"ListItem\",\"position\":1,\"name\":\"Shop\",\"item\":\"https:\/\/bolting.eu\/en\/shop\/\"},{\"@type\":\"ListItem\",\"position\":2,\"name\":\"Spacer\",\"item\":\"https:\/\/bolting.eu\/en\/produkt-kategorie\/spacer\/\"},{\"@type\":\"ListItem\",\"position\":3,\"name\":\"12mm Bohraufsatz Raumer\"}]},{\"@type\":\"WebSite\",\"@id\":\"https:\/\/bolting.eu\/en\/#website\",\"url\":\"https:\/\/bolting.eu\/en\/\",\"name\":\"bolting.eu\",\"description\":\"we make climbs happen\",\"publisher\":{\"@id\":\"https:\/\/bolting.eu\/en\/#organization\"},\"potentialAction\":[{\"@type\":\"SearchAction\",\"target\":{\"@type\":\"EntryPoint\",\"urlTemplate\":\"https:\/\/bolting.eu\/en\/?s={search_term_string}\"},\"query-input\":{\"@type\":\"PropertyValueSpecification\",\"valueRequired\":true,\"valueName\":\"search_term_string\"}}],\"inLanguage\":\"en-US\"},{\"@type\":[\"Organization\",\"Place\",\"SportingGoodsStore\"],\"@id\":\"https:\/\/bolting.eu\/en\/#organization\",\"name\":\"bolting.eu\",\"url\":\"https:\/\/bolting.eu\/en\/\",\"logo\":{\"@id\":\"https:\/\/bolting.eu\/en\/shop\/12mm-bohraufsatz-raumer\/#local-main-organization-logo\"},\"image\":{\"@id\":\"https:\/\/bolting.eu\/en\/shop\/12mm-bohraufsatz-raumer\/#local-main-organization-logo\"},\"sameAs\":[\"https:\/\/www.facebook.com\/bolting.eu\",\"https:\/\/www.instagram.com\/bolting.eu\/\"],\"address\":{\"@id\":\"https:\/\/bolting.eu\/en\/shop\/12mm-bohraufsatz-raumer\/#local-main-place-address\"},\"geo\":{\"@type\":\"GeoCoordinates\",\"latitude\":\"47.264176340396226\",\"longitude\":\"11.380109057672346\"},\"telephone\":[\"+43 699 19083372\"],\"openingHoursSpecification\":[{\"@type\":\"OpeningHoursSpecification\",\"dayOfWeek\":[\"Monday\",\"Wednesday\",\"Friday\"],\"opens\":\"14:00\",\"closes\":\"18:00\"},{\"@type\":\"OpeningHoursSpecification\",\"dayOfWeek\":[\"Tuesday\",\"Thursday\",\"Saturday\",\"Sunday\"],\"opens\":\"00:00\",\"closes\":\"00:00\"}],\"email\":\"office@bolting.eu\",\"vatID\":\"ATU59999728\",\"priceRange\":\"$$\",\"currenciesAccepted\":\"Euro\"},{\"@type\":\"PostalAddress\",\"@id\":\"https:\/\/bolting.eu\/en\/shop\/12mm-bohraufsatz-raumer\/#local-main-place-address\",\"streetAddress\":\"Fischnalerstra\u00dfe 4\",\"addressLocality\":\"Innsbruck\",\"postalCode\":\"6020\",\"addressRegion\":\"Tirol\",\"addressCountry\":\"AT\"},{\"@type\":\"ImageObject\",\"inLanguage\":\"en-US\",\"@id\":\"https:\/\/bolting.eu\/en\/shop\/12mm-bohraufsatz-raumer\/#local-main-organization-logo\",\"url\":\"https:\/\/bolting.eu\/wp-content\/uploads\/2019\/09\/bolting-logo.png\",\"contentUrl\":\"https:\/\/bolting.eu\/wp-content\/uploads\/2019\/09\/bolting-logo.png\",\"width\":400,\"height\":211,\"caption\":\"bolting.eu\"}]}<\/script>\n<meta property=\"product:price:amount\" content=\"5.99\" \/>\n<meta property=\"product:price:currency\" content=\"EUR\" \/>\n<meta property=\"og:availability\" content=\"instock\" \/>\n<meta property=\"product:availability\" content=\"instock\" \/>\n<meta property=\"product:retailer_item_id\" content=\"R106\" \/>\n<meta property=\"product:condition\" content=\"new\" \/>\n<meta name=\"geo.placename\" content=\"Innsbruck\" \/>\n<meta name=\"geo.position\" content=\"47.264176340396226;11.380109057672346\" \/>\n<meta name=\"geo.region\" content=\"Austria\" \/>\n<!-- \/ Yoast SEO Premium plugin. -->","yoast_head_json":{"title":"12mm Bohraufsatz Raumer f\u00fcr Handbohrer Stroker kaufen | bolting.eu","description":"Hier findest Du den 12mm Bohraufsatz Raumer f\u00fcr den Handbohrer Stroker. Ein Zubeh\u00f6r zum Setzen von Spitz bzw. Innengewindeankern per Hand!","robots":{"index":"index","follow":"follow","max-snippet":"max-snippet:-1","max-image-preview":"max-image-preview:large","max-video-preview":"max-video-preview:-1"},"canonical":"https:\/\/bolting.eu\/en\/shop\/12mm-bohraufsatz-raumer\/","og_locale":"en_US","og_type":"article","og_title":"12mm Bohraufsatz Raumer","og_description":"Hier findest Du den 12mm Bohraufsatz Raumer f\u00fcr den Handbohrer Stroker. Ein Zubeh\u00f6r zum Setzen von Spitz bzw. Innengewindeankern per Hand!","og_url":"https:\/\/bolting.eu\/en\/shop\/12mm-bohraufsatz-raumer\/","og_site_name":"bolting.eu","article_publisher":"https:\/\/www.facebook.com\/bolting.eu","article_modified_time":"2022-08-19T21:09:36+00:00","og_image":[{"width":700,"height":700,"url":"https:\/\/bolting.eu\/wp-content\/uploads\/2020\/12\/12mm-Bohraufsatz-Raumer-1.jpg","type":"image\/jpeg"}],"twitter_card":"summary_large_image","twitter_misc":{"Price":"&euro;&nbsp;5,99","Availability":"In stock"},"schema":{"@context":"https:\/\/schema.org","@graph":[{"@type":["WebPage","ItemPage"],"@id":"https:\/\/bolting.eu\/en\/shop\/12mm-bohraufsatz-raumer\/","url":"https:\/\/bolting.eu\/en\/shop\/12mm-bohraufsatz-raumer\/","name":"12mm Bohraufsatz Raumer f\u00fcr Handbohrer Stroker kaufen | bolting.eu","isPartOf":{"@id":"https:\/\/bolting.eu\/en\/#website"},"primaryImageOfPage":{"@id":"https:\/\/bolting.eu\/en\/shop\/12mm-bohraufsatz-raumer\/#primaryimage"},"image":{"@id":"https:\/\/bolting.eu\/en\/shop\/12mm-bohraufsatz-raumer\/#primaryimage"},"thumbnailUrl":"https:\/\/bolting.eu\/wp-content\/uploads\/2020\/12\/12mm-Bohraufsatz-Raumer-1.jpg","datePublished":"2020-12-09T16:07:12+00:00","dateModified":"2022-08-19T21:09:36+00:00","description":"Hier findest Du den 12mm Bohraufsatz Raumer f\u00fcr den Handbohrer Stroker. Ein Zubeh\u00f6r zum Setzen von Spitz bzw. Innengewindeankern per Hand!","breadcrumb":{"@id":"https:\/\/bolting.eu\/en\/shop\/12mm-bohraufsatz-raumer\/#breadcrumb"},"inLanguage":"en-US","potentialAction":[{"@type":"ReadAction","target":["https:\/\/bolting.eu\/en\/shop\/12mm-bohraufsatz-raumer\/"]}]},{"@type":"ImageObject","inLanguage":"en-US","@id":"https:\/\/bolting.eu\/en\/shop\/12mm-bohraufsatz-raumer\/#primaryimage","url":"https:\/\/bolting.eu\/wp-content\/uploads\/2020\/12\/12mm-Bohraufsatz-Raumer-1.jpg","contentUrl":"https:\/\/bolting.eu\/wp-content\/uploads\/2020\/12\/12mm-Bohraufsatz-Raumer-1.jpg","width":700,"height":700,"caption":"Das Bild zeigt den 12mm Bohraufsatz Raumer. Der kurze Metallbohrer steht waagrecht in Bildmitte mit der Spitze nach links."},{"@type":"BreadcrumbList","@id":"https:\/\/bolting.eu\/en\/shop\/12mm-bohraufsatz-raumer\/#breadcrumb","itemListElement":[{"@type":"ListItem","position":1,"name":"Shop","item":"https:\/\/bolting.eu\/en\/shop\/"},{"@type":"ListItem","position":2,"name":"Spacer","item":"https:\/\/bolting.eu\/en\/produkt-kategorie\/spacer\/"},{"@type":"ListItem","position":3,"name":"12mm Bohraufsatz Raumer"}]},{"@type":"WebSite","@id":"https:\/\/bolting.eu\/en\/#website","url":"https:\/\/bolting.eu\/en\/","name":"bolting.eu","description":"we make climbs happen","publisher":{"@id":"https:\/\/bolting.eu\/en\/#organization"},"potentialAction":[{"@type":"SearchAction","target":{"@type":"EntryPoint","urlTemplate":"https:\/\/bolting.eu\/en\/?s={search_term_string}"},"query-input":{"@type":"PropertyValueSpecification","valueRequired":true,"valueName":"search_term_string"}}],"inLanguage":"en-US"},{"@type":["Organization","Place","SportingGoodsStore"],"@id":"https:\/\/bolting.eu\/en\/#organization","name":"bolting.eu","url":"https:\/\/bolting.eu\/en\/","logo":{"@id":"https:\/\/bolting.eu\/en\/shop\/12mm-bohraufsatz-raumer\/#local-main-organization-logo"},"image":{"@id":"https:\/\/bolting.eu\/en\/shop\/12mm-bohraufsatz-raumer\/#local-main-organization-logo"},"sameAs":["https:\/\/www.facebook.com\/bolting.eu","https:\/\/www.instagram.com\/bolting.eu\/"],"address":{"@id":"https:\/\/bolting.eu\/en\/shop\/12mm-bohraufsatz-raumer\/#local-main-place-address"},"geo":{"@type":"GeoCoordinates","latitude":"47.264176340396226","longitude":"11.380109057672346"},"telephone":["+43 699 19083372"],"openingHoursSpecification":[{"@type":"OpeningHoursSpecification","dayOfWeek":["Monday","Wednesday","Friday"],"opens":"14:00","closes":"18:00"},{"@type":"OpeningHoursSpecification","dayOfWeek":["Tuesday","Thursday","Saturday","Sunday"],"opens":"00:00","closes":"00:00"}],"email":"office@bolting.eu","vatID":"ATU59999728","priceRange":"$$","currenciesAccepted":"Euro"},{"@type":"PostalAddress","@id":"https:\/\/bolting.eu\/en\/shop\/12mm-bohraufsatz-raumer\/#local-main-place-address","streetAddress":"Fischnalerstra\u00dfe 4","addressLocality":"Innsbruck","postalCode":"6020","addressRegion":"Tirol","addressCountry":"AT"},{"@type":"ImageObject","inLanguage":"en-US","@id":"https:\/\/bolting.eu\/en\/shop\/12mm-bohraufsatz-raumer\/#local-main-organization-logo","url":"https:\/\/bolting.eu\/wp-content\/uploads\/2019\/09\/bolting-logo.png","contentUrl":"https:\/\/bolting.eu\/wp-content\/uploads\/2019\/09\/bolting-logo.png","width":400,"height":211,"caption":"bolting.eu"}]},"product_price_amount":"5.99","product_price_currency":"EUR","og_availability":"instock","product_availability":"instock","product_retailer_item_id":"R106","product_condition":"new","geo.placename":"Innsbruck","geo.position":{"lat":"47.264176340396226","long":"11.380109057672346"},"geo.region":"Austria"},"_links":{"self":[{"href":"https:\/\/bolting.eu\/en\/wp-json\/wp\/v2\/product\/6886","targetHints":{"allow":["GET"]}}],"collection":[{"href":"https:\/\/bolting.eu\/en\/wp-json\/wp\/v2\/product"}],"about":[{"href":"https:\/\/bolting.eu\/en\/wp-json\/wp\/v2\/types\/product"}],"replies":[{"embeddable":true,"href":"https:\/\/bolting.eu\/en\/wp-json\/wp\/v2\/comments?post=6886"}],"wp:featuredmedia":[{"embeddable":true,"href":"https:\/\/bolting.eu\/en\/wp-json\/wp\/v2\/media\/6887"}],"wp:attachment":[{"href":"https:\/\/bolting.eu\/en\/wp-json\/wp\/v2\/media?parent=6886"}],"wp:term":[{"taxonomy":"product_brand","embeddable":true,"href":"https:\/\/bolting.eu\/en\/wp-json\/wp\/v2\/product_brand?post=6886"},{"taxonomy":"product_cat","embeddable":true,"href":"https:\/\/bolting.eu\/en\/wp-json\/wp\/v2\/product_cat?post=6886"},{"taxonomy":"product_tag","embeddable":true,"href":"https:\/\/bolting.eu\/en\/wp-json\/wp\/v2\/product_tag?post=6886"}],"curies":[{"name":"wp","href":"https:\/\/api.w.org\/{rel}","templated":true}]}}