{"id":6856,"date":"2020-12-09T12:38:55","date_gmt":"2020-12-09T11:38:55","guid":{"rendered":"https:\/\/bolting.eu\/?post_type=product&#038;p=6856"},"modified":"2020-12-09T12:38:56","modified_gmt":"2020-12-09T11:38:56","slug":"kong-driller-handbohrer-adapter","status":"publish","type":"product","link":"https:\/\/bolting.eu\/en\/shop\/kong-driller-handbohrer-adapter\/","title":{"rendered":"Kong Driller Handbohrer Adapter"},"content":{"rendered":"<p>Der Kong Driller Handbohrer Adapter ist ein optionaler Aufsatz f\u00fcr den <a href=\"https:\/\/bolting.eu\/produkt-kategorie\/einbohrartikel\/handbohrer\/\">Handbohrer<\/a> &#8220;Pianta Spit&#8221;. Denn damit kann man dann auch <a href=\"https:\/\/bolting.eu\/produkt-kategorie\/sds-bohrer\/\">SDS Bohrer<\/a> verwenden.<\/p>\n<p>Dieses Adapter-Set besteht aus vier Teilen. Erstens aus dem Adapter selbst. Er wird einfach gegen den vormontierten M8 Aufsatz am Handbohrer getauscht. Beim Festdrehen hilft der Inbusschl\u00fcssel schon mal als Hebelarm.<\/p>\n<p>Zweitens sind sowohl ein 8mm als auch 10mm SDS Bohrer im Set dabei. So kann man die beiden g\u00e4ngigsten Durchmesser f\u00fcr <a href=\"https:\/\/bolting.eu\/produkt-kategorie\/einbohrartikel\/bohrhaken\/\">Bohrhaken<\/a> verarbeiten.<\/p>\n<p>Drittens der Inbusschl\u00fcssel. Mit diesem Kann man dann auch noch den SDS Bohrer am Adapter befestigen.<\/p>\n<h2>Eigenschaften Kong Driller Handbohrer Adapter<\/h2>\n<ul>\n<li>Hersteller: <a href=\"https:\/\/bolting.eu\/produkt-kategorie\/kong\/\">Kong<\/a><\/li>\n<li>Material: Chromstahl<\/li>\n<li>Set aus Adapter, 8mm + 10mm SDS Bohrer, Inbusschl\u00fcssel Gr. 4<\/li>\n<li>passend zu Handbohrer &#8220;Pianta Spit&#8221;<\/li>\n<li>Gewicht: 380 Gramm<\/li>\n<li>f\u00fcr Setzen von 8mm oder 10mm Bohrhaken<\/li>\n<\/ul>\n<h4><strong>Link Tipp<\/strong><\/h4>\n<p>Hier geht es zur <a href=\"https:\/\/www.kong.it\/\" target=\"_blank\" rel=\"noopener noreferrer\">Website<\/a> des Herstellers des Kong Driller Handbohrer Adapter!<\/p>\n<p>&nbsp;<\/p>\n<p>&nbsp;<\/p>\n","protected":false},"excerpt":{"rendered":"<ul>\n<li>Hersteller: <a href=\"https:\/\/bolting.eu\/produkt-kategorie\/kong\/\">Kong<\/a><\/li>\n<li>Material: Chromstahl<\/li>\n<li>Set aus Adapter, 8mm + 10mm SDS Bohrer, Inbusschl\u00fcssel Gr. 4<\/li>\n<li>passend zu Handbohrer &#8220;Pianta Spit&#8221;<\/li>\n<li>Gewicht: 380 Gramm<\/li>\n<li>f\u00fcr Setzen von 8mm oder 10mm Bohrhaken<\/li>\n<\/ul>\n","protected":false},"featured_media":6853,"comment_status":"open","ping_status":"closed","template":"","meta":[],"product_brand":[],"product_cat":[41,1210,4651],"product_tag":[],"class_list":{"0":"post-6856","1":"product","2":"type-product","3":"status-publish","4":"has-post-thumbnail","6":"product_cat-handbohrer","7":"product_cat-einbohrartikel","8":"product_cat-kong","10":"first","11":"instock","12":"taxable","13":"shipping-taxable","14":"purchasable","15":"product-type-simple"},"yoast_head":"<!-- This site is optimized with the Yoast SEO Premium plugin v26.9 (Yoast SEO v26.9) - https:\/\/yoast.com\/product\/yoast-seo-premium-wordpress\/ -->\n<title>Kong Driller Handbohrer Adapter - f\u00fcr &quot;Pianta Spit&quot; kaufen | bolting.eu<\/title>\n<meta name=\"description\" content=\"Hier findest Du den KONG DRILLER HANDBOHRER ADAPTER. Einen Aufsatz f\u00fcr den HAndbohrer &quot;PIANTA SPIT&quot; um SDS Bohrer verwenden zu k\u00f6nnen!\" \/>\n<meta name=\"robots\" content=\"index, follow, max-snippet:-1, max-image-preview:large, max-video-preview:-1\" \/>\n<link rel=\"canonical\" href=\"https:\/\/bolting.eu\/en\/shop\/kong-driller-handbohrer-adapter\/\" \/>\n<meta property=\"og:locale\" content=\"en_US\" \/>\n<meta property=\"og:type\" content=\"article\" \/>\n<meta property=\"og:title\" content=\"Kong Driller Handbohrer Adapter\" \/>\n<meta property=\"og:description\" content=\"Hier findest Du den KONG DRILLER HANDBOHRER ADAPTER. Einen Aufsatz f\u00fcr den HAndbohrer &quot;PIANTA SPIT&quot; um SDS Bohrer verwenden zu k\u00f6nnen!\" \/>\n<meta property=\"og:url\" content=\"https:\/\/bolting.eu\/en\/shop\/kong-driller-handbohrer-adapter\/\" \/>\n<meta property=\"og:site_name\" content=\"bolting.eu\" \/>\n<meta property=\"article:publisher\" content=\"https:\/\/www.facebook.com\/bolting.eu\" \/>\n<meta property=\"article:modified_time\" content=\"2020-12-09T11:38:56+00:00\" \/>\n<meta property=\"og:image\" content=\"https:\/\/bolting.eu\/wp-content\/uploads\/2020\/12\/Kong-Driller-Handbohrer-Adapter-1.jpg\" \/>\n\t<meta property=\"og:image:width\" content=\"700\" \/>\n\t<meta property=\"og:image:height\" content=\"700\" \/>\n\t<meta property=\"og:image:type\" content=\"image\/jpeg\" \/>\n<meta name=\"twitter:card\" content=\"summary_large_image\" \/>\n<meta name=\"twitter:label1\" content=\"Price\" \/>\n\t<meta name=\"twitter:data1\" content=\"&euro;&nbsp;49,90\" \/>\n\t<meta name=\"twitter:label2\" content=\"Availability\" \/>\n\t<meta name=\"twitter:data2\" content=\"In stock\" \/>\n<script type=\"application\/ld+json\" class=\"yoast-schema-graph\">{\"@context\":\"https:\/\/schema.org\",\"@graph\":[{\"@type\":[\"WebPage\",\"ItemPage\"],\"@id\":\"https:\/\/bolting.eu\/en\/shop\/kong-driller-handbohrer-adapter\/\",\"url\":\"https:\/\/bolting.eu\/en\/shop\/kong-driller-handbohrer-adapter\/\",\"name\":\"Kong Driller Handbohrer Adapter - f\u00fcr \\\"Pianta Spit\\\" kaufen | bolting.eu\",\"isPartOf\":{\"@id\":\"https:\/\/bolting.eu\/en\/#website\"},\"primaryImageOfPage\":{\"@id\":\"https:\/\/bolting.eu\/en\/shop\/kong-driller-handbohrer-adapter\/#primaryimage\"},\"image\":{\"@id\":\"https:\/\/bolting.eu\/en\/shop\/kong-driller-handbohrer-adapter\/#primaryimage\"},\"thumbnailUrl\":\"https:\/\/bolting.eu\/wp-content\/uploads\/2020\/12\/Kong-Driller-Handbohrer-Adapter-1.jpg\",\"datePublished\":\"2020-12-09T11:38:55+00:00\",\"dateModified\":\"2020-12-09T11:38:56+00:00\",\"description\":\"Hier findest Du den KONG DRILLER HANDBOHRER ADAPTER. Einen Aufsatz f\u00fcr den HAndbohrer \\\"PIANTA SPIT\\\" um SDS Bohrer verwenden zu k\u00f6nnen!\",\"breadcrumb\":{\"@id\":\"https:\/\/bolting.eu\/en\/shop\/kong-driller-handbohrer-adapter\/#breadcrumb\"},\"inLanguage\":\"en-US\",\"potentialAction\":[{\"@type\":\"ReadAction\",\"target\":[\"https:\/\/bolting.eu\/en\/shop\/kong-driller-handbohrer-adapter\/\"]}]},{\"@type\":\"ImageObject\",\"inLanguage\":\"en-US\",\"@id\":\"https:\/\/bolting.eu\/en\/shop\/kong-driller-handbohrer-adapter\/#primaryimage\",\"url\":\"https:\/\/bolting.eu\/wp-content\/uploads\/2020\/12\/Kong-Driller-Handbohrer-Adapter-1.jpg\",\"contentUrl\":\"https:\/\/bolting.eu\/wp-content\/uploads\/2020\/12\/Kong-Driller-Handbohrer-Adapter-1.jpg\",\"width\":700,\"height\":700,\"caption\":\"Das Bild zeigt den Kong Driller Handbohrer Adapter samt Zubeh\u00f6r. Auf einem wei\u00dfem Quadrat sind von links nach rechts zu sehen: ein 10mm SDS Bohrer, ein 10mm SDS Bohrer, der Adapter und ein Inbusschl\u00fcssel f\u00fcr die Montage.\"},{\"@type\":\"BreadcrumbList\",\"@id\":\"https:\/\/bolting.eu\/en\/shop\/kong-driller-handbohrer-adapter\/#breadcrumb\",\"itemListElement\":[{\"@type\":\"ListItem\",\"position\":1,\"name\":\"Shop\",\"item\":\"https:\/\/bolting.eu\/en\/shop\/\"},{\"@type\":\"ListItem\",\"position\":2,\"name\":\"Kong\",\"item\":\"https:\/\/bolting.eu\/en\/produkt-kategorie\/kong-en\/\"},{\"@type\":\"ListItem\",\"position\":3,\"name\":\"Kong Driller Handbohrer Adapter\"}]},{\"@type\":\"WebSite\",\"@id\":\"https:\/\/bolting.eu\/en\/#website\",\"url\":\"https:\/\/bolting.eu\/en\/\",\"name\":\"bolting.eu\",\"description\":\"we make climbs happen\",\"publisher\":{\"@id\":\"https:\/\/bolting.eu\/en\/#organization\"},\"potentialAction\":[{\"@type\":\"SearchAction\",\"target\":{\"@type\":\"EntryPoint\",\"urlTemplate\":\"https:\/\/bolting.eu\/en\/?s={search_term_string}\"},\"query-input\":{\"@type\":\"PropertyValueSpecification\",\"valueRequired\":true,\"valueName\":\"search_term_string\"}}],\"inLanguage\":\"en-US\"},{\"@type\":[\"Organization\",\"Place\",\"SportingGoodsStore\"],\"@id\":\"https:\/\/bolting.eu\/en\/#organization\",\"name\":\"bolting.eu\",\"url\":\"https:\/\/bolting.eu\/en\/\",\"logo\":{\"@id\":\"https:\/\/bolting.eu\/en\/shop\/kong-driller-handbohrer-adapter\/#local-main-organization-logo\"},\"image\":{\"@id\":\"https:\/\/bolting.eu\/en\/shop\/kong-driller-handbohrer-adapter\/#local-main-organization-logo\"},\"sameAs\":[\"https:\/\/www.facebook.com\/bolting.eu\",\"https:\/\/www.instagram.com\/bolting.eu\/\"],\"address\":{\"@id\":\"https:\/\/bolting.eu\/en\/shop\/kong-driller-handbohrer-adapter\/#local-main-place-address\"},\"geo\":{\"@type\":\"GeoCoordinates\",\"latitude\":\"47.264176340396226\",\"longitude\":\"11.380109057672346\"},\"telephone\":[\"+43 699 19083372\"],\"openingHoursSpecification\":[{\"@type\":\"OpeningHoursSpecification\",\"dayOfWeek\":[\"Monday\",\"Wednesday\",\"Friday\"],\"opens\":\"14:00\",\"closes\":\"18:00\"},{\"@type\":\"OpeningHoursSpecification\",\"dayOfWeek\":[\"Tuesday\",\"Thursday\",\"Saturday\",\"Sunday\"],\"opens\":\"00:00\",\"closes\":\"00:00\"}],\"email\":\"office@bolting.eu\",\"vatID\":\"ATU59999728\",\"priceRange\":\"$$\",\"currenciesAccepted\":\"Euro\"},{\"@type\":\"PostalAddress\",\"@id\":\"https:\/\/bolting.eu\/en\/shop\/kong-driller-handbohrer-adapter\/#local-main-place-address\",\"streetAddress\":\"Fischnalerstra\u00dfe 4\",\"addressLocality\":\"Innsbruck\",\"postalCode\":\"6020\",\"addressRegion\":\"Tirol\",\"addressCountry\":\"AT\"},{\"@type\":\"ImageObject\",\"inLanguage\":\"en-US\",\"@id\":\"https:\/\/bolting.eu\/en\/shop\/kong-driller-handbohrer-adapter\/#local-main-organization-logo\",\"url\":\"https:\/\/bolting.eu\/wp-content\/uploads\/2019\/09\/bolting-logo.png\",\"contentUrl\":\"https:\/\/bolting.eu\/wp-content\/uploads\/2019\/09\/bolting-logo.png\",\"width\":400,\"height\":211,\"caption\":\"bolting.eu\"}]}<\/script>\n<meta property=\"product:price:amount\" content=\"49.90\" \/>\n<meta property=\"product:price:currency\" content=\"EUR\" \/>\n<meta property=\"og:availability\" content=\"instock\" \/>\n<meta property=\"product:availability\" content=\"instock\" \/>\n<meta property=\"product:retailer_item_id\" content=\"830010000KK\" \/>\n<meta property=\"product:condition\" content=\"new\" \/>\n<meta name=\"geo.placename\" content=\"Innsbruck\" \/>\n<meta name=\"geo.position\" content=\"47.264176340396226;11.380109057672346\" \/>\n<meta name=\"geo.region\" content=\"Austria\" \/>\n<!-- \/ Yoast SEO Premium plugin. -->","yoast_head_json":{"title":"Kong Driller Handbohrer Adapter - f\u00fcr \"Pianta Spit\" kaufen | bolting.eu","description":"Hier findest Du den KONG DRILLER HANDBOHRER ADAPTER. Einen Aufsatz f\u00fcr den HAndbohrer \"PIANTA SPIT\" um SDS Bohrer verwenden zu k\u00f6nnen!","robots":{"index":"index","follow":"follow","max-snippet":"max-snippet:-1","max-image-preview":"max-image-preview:large","max-video-preview":"max-video-preview:-1"},"canonical":"https:\/\/bolting.eu\/en\/shop\/kong-driller-handbohrer-adapter\/","og_locale":"en_US","og_type":"article","og_title":"Kong Driller Handbohrer Adapter","og_description":"Hier findest Du den KONG DRILLER HANDBOHRER ADAPTER. Einen Aufsatz f\u00fcr den HAndbohrer \"PIANTA SPIT\" um SDS Bohrer verwenden zu k\u00f6nnen!","og_url":"https:\/\/bolting.eu\/en\/shop\/kong-driller-handbohrer-adapter\/","og_site_name":"bolting.eu","article_publisher":"https:\/\/www.facebook.com\/bolting.eu","article_modified_time":"2020-12-09T11:38:56+00:00","og_image":[{"width":700,"height":700,"url":"https:\/\/bolting.eu\/wp-content\/uploads\/2020\/12\/Kong-Driller-Handbohrer-Adapter-1.jpg","type":"image\/jpeg"}],"twitter_card":"summary_large_image","twitter_misc":{"Price":"&euro;&nbsp;49,90","Availability":"In stock"},"schema":{"@context":"https:\/\/schema.org","@graph":[{"@type":["WebPage","ItemPage"],"@id":"https:\/\/bolting.eu\/en\/shop\/kong-driller-handbohrer-adapter\/","url":"https:\/\/bolting.eu\/en\/shop\/kong-driller-handbohrer-adapter\/","name":"Kong Driller Handbohrer Adapter - f\u00fcr \"Pianta Spit\" kaufen | bolting.eu","isPartOf":{"@id":"https:\/\/bolting.eu\/en\/#website"},"primaryImageOfPage":{"@id":"https:\/\/bolting.eu\/en\/shop\/kong-driller-handbohrer-adapter\/#primaryimage"},"image":{"@id":"https:\/\/bolting.eu\/en\/shop\/kong-driller-handbohrer-adapter\/#primaryimage"},"thumbnailUrl":"https:\/\/bolting.eu\/wp-content\/uploads\/2020\/12\/Kong-Driller-Handbohrer-Adapter-1.jpg","datePublished":"2020-12-09T11:38:55+00:00","dateModified":"2020-12-09T11:38:56+00:00","description":"Hier findest Du den KONG DRILLER HANDBOHRER ADAPTER. Einen Aufsatz f\u00fcr den HAndbohrer \"PIANTA SPIT\" um SDS Bohrer verwenden zu k\u00f6nnen!","breadcrumb":{"@id":"https:\/\/bolting.eu\/en\/shop\/kong-driller-handbohrer-adapter\/#breadcrumb"},"inLanguage":"en-US","potentialAction":[{"@type":"ReadAction","target":["https:\/\/bolting.eu\/en\/shop\/kong-driller-handbohrer-adapter\/"]}]},{"@type":"ImageObject","inLanguage":"en-US","@id":"https:\/\/bolting.eu\/en\/shop\/kong-driller-handbohrer-adapter\/#primaryimage","url":"https:\/\/bolting.eu\/wp-content\/uploads\/2020\/12\/Kong-Driller-Handbohrer-Adapter-1.jpg","contentUrl":"https:\/\/bolting.eu\/wp-content\/uploads\/2020\/12\/Kong-Driller-Handbohrer-Adapter-1.jpg","width":700,"height":700,"caption":"Das Bild zeigt den Kong Driller Handbohrer Adapter samt Zubeh\u00f6r. Auf einem wei\u00dfem Quadrat sind von links nach rechts zu sehen: ein 10mm SDS Bohrer, ein 10mm SDS Bohrer, der Adapter und ein Inbusschl\u00fcssel f\u00fcr die Montage."},{"@type":"BreadcrumbList","@id":"https:\/\/bolting.eu\/en\/shop\/kong-driller-handbohrer-adapter\/#breadcrumb","itemListElement":[{"@type":"ListItem","position":1,"name":"Shop","item":"https:\/\/bolting.eu\/en\/shop\/"},{"@type":"ListItem","position":2,"name":"Kong","item":"https:\/\/bolting.eu\/en\/produkt-kategorie\/kong-en\/"},{"@type":"ListItem","position":3,"name":"Kong Driller Handbohrer Adapter"}]},{"@type":"WebSite","@id":"https:\/\/bolting.eu\/en\/#website","url":"https:\/\/bolting.eu\/en\/","name":"bolting.eu","description":"we make climbs happen","publisher":{"@id":"https:\/\/bolting.eu\/en\/#organization"},"potentialAction":[{"@type":"SearchAction","target":{"@type":"EntryPoint","urlTemplate":"https:\/\/bolting.eu\/en\/?s={search_term_string}"},"query-input":{"@type":"PropertyValueSpecification","valueRequired":true,"valueName":"search_term_string"}}],"inLanguage":"en-US"},{"@type":["Organization","Place","SportingGoodsStore"],"@id":"https:\/\/bolting.eu\/en\/#organization","name":"bolting.eu","url":"https:\/\/bolting.eu\/en\/","logo":{"@id":"https:\/\/bolting.eu\/en\/shop\/kong-driller-handbohrer-adapter\/#local-main-organization-logo"},"image":{"@id":"https:\/\/bolting.eu\/en\/shop\/kong-driller-handbohrer-adapter\/#local-main-organization-logo"},"sameAs":["https:\/\/www.facebook.com\/bolting.eu","https:\/\/www.instagram.com\/bolting.eu\/"],"address":{"@id":"https:\/\/bolting.eu\/en\/shop\/kong-driller-handbohrer-adapter\/#local-main-place-address"},"geo":{"@type":"GeoCoordinates","latitude":"47.264176340396226","longitude":"11.380109057672346"},"telephone":["+43 699 19083372"],"openingHoursSpecification":[{"@type":"OpeningHoursSpecification","dayOfWeek":["Monday","Wednesday","Friday"],"opens":"14:00","closes":"18:00"},{"@type":"OpeningHoursSpecification","dayOfWeek":["Tuesday","Thursday","Saturday","Sunday"],"opens":"00:00","closes":"00:00"}],"email":"office@bolting.eu","vatID":"ATU59999728","priceRange":"$$","currenciesAccepted":"Euro"},{"@type":"PostalAddress","@id":"https:\/\/bolting.eu\/en\/shop\/kong-driller-handbohrer-adapter\/#local-main-place-address","streetAddress":"Fischnalerstra\u00dfe 4","addressLocality":"Innsbruck","postalCode":"6020","addressRegion":"Tirol","addressCountry":"AT"},{"@type":"ImageObject","inLanguage":"en-US","@id":"https:\/\/bolting.eu\/en\/shop\/kong-driller-handbohrer-adapter\/#local-main-organization-logo","url":"https:\/\/bolting.eu\/wp-content\/uploads\/2019\/09\/bolting-logo.png","contentUrl":"https:\/\/bolting.eu\/wp-content\/uploads\/2019\/09\/bolting-logo.png","width":400,"height":211,"caption":"bolting.eu"}]},"product_price_amount":"49.90","product_price_currency":"EUR","og_availability":"instock","product_availability":"instock","product_retailer_item_id":"830010000KK","product_condition":"new","geo.placename":"Innsbruck","geo.position":{"lat":"47.264176340396226","long":"11.380109057672346"},"geo.region":"Austria"},"_links":{"self":[{"href":"https:\/\/bolting.eu\/en\/wp-json\/wp\/v2\/product\/6856","targetHints":{"allow":["GET"]}}],"collection":[{"href":"https:\/\/bolting.eu\/en\/wp-json\/wp\/v2\/product"}],"about":[{"href":"https:\/\/bolting.eu\/en\/wp-json\/wp\/v2\/types\/product"}],"replies":[{"embeddable":true,"href":"https:\/\/bolting.eu\/en\/wp-json\/wp\/v2\/comments?post=6856"}],"wp:featuredmedia":[{"embeddable":true,"href":"https:\/\/bolting.eu\/en\/wp-json\/wp\/v2\/media\/6853"}],"wp:attachment":[{"href":"https:\/\/bolting.eu\/en\/wp-json\/wp\/v2\/media?parent=6856"}],"wp:term":[{"taxonomy":"product_brand","embeddable":true,"href":"https:\/\/bolting.eu\/en\/wp-json\/wp\/v2\/product_brand?post=6856"},{"taxonomy":"product_cat","embeddable":true,"href":"https:\/\/bolting.eu\/en\/wp-json\/wp\/v2\/product_cat?post=6856"},{"taxonomy":"product_tag","embeddable":true,"href":"https:\/\/bolting.eu\/en\/wp-json\/wp\/v2\/product_tag?post=6856"}],"curies":[{"name":"wp","href":"https:\/\/api.w.org\/{rel}","templated":true}]}}