{"id":6850,"date":"2020-12-09T11:39:01","date_gmt":"2020-12-09T10:39:01","guid":{"rendered":"https:\/\/bolting.eu\/?post_type=product&#038;p=6850"},"modified":"2023-08-21T17:26:20","modified_gmt":"2023-08-21T15:26:20","slug":"kong-handbohrer-pianta-spit","status":"publish","type":"product","link":"https:\/\/bolting.eu\/en\/shop\/kong-handbohrer-pianta-spit\/","title":{"rendered":"Kong Handbohrer Pianta Spit"},"content":{"rendered":"<p>Der Kong Handbohrer Pianta Spit ist perfekt zum Bohrhaken setzen per Hand. Er kann mit allen Produkten in unserer Kategorie &#8220;<a href=\"https:\/\/bolting.eu\/produkt-kategorie\/einbohrartikel\/handbohrer\/\">Handbohrer<\/a>&#8221; kombiniert werden.<\/p>\n<p>Dieser Handbohrer z\u00e4hlt zu den meistverkauften am Markt. Denn erstens punktet er mit perfekter Ergonomie. Wie z.B. dem super d\u00e4mpfenden Plastikgriff.<\/p>\n<p>Zweitens ist ein Adapter f\u00fcr ein M10 Gewinde bereits inkludiert. Und drittens gibt es den Aufsatz &#8220;Driller&#8221; f\u00fcr SDS Bohrer.<\/p>\n<p>Kurzum. Wer einen <a href=\"https:\/\/bolting.eu\/produkt-kategorie\/einbohrartikel\/bohrhaken\/\">Bohrhaken<\/a> per Hand setzen will ist hier richtig!<\/p>\n<h2>Eigenschaften Kong Handbohrer Pianta Spit<\/h2>\n<ul>\n<li>Hersteller: Kong<\/li>\n<li>Material: hochwertiger Kohlenstoff Stahl und Kunststoff<\/li>\n<li>Gewicht: 338 Gramm<\/li>\n<li>inkl. M10 Aufsatz<\/li>\n<li>richtiger SDS Bohrer Adapter = Kong Driller<\/li>\n<li>mit Fangschlaufe<\/li>\n<li>Schutzring<\/li>\n<\/ul>\n<h3>Video Kong Handbohrer Pianta Spit<\/h3>\n<p>Im folgenden Video seht ihr, wie dieses Produkt verwendet wird. Die Anbringung ist jedoch anstrengender als es dein Anschein macht!<\/p>\n<p><iframe loading=\"lazy\" src=\"https:\/\/www.youtube.com\/embed\/WdNNYGS-vF0\" width=\"75%\" height=\"350\" frameborder=\"0\" allowfullscreen=\"allowfullscreen\"><span data-mce-type=\"bookmark\" style=\"display: inline-block; width: 0px; overflow: hidden; line-height: 0;\" class=\"mce_SELRES_start\">\ufeff<\/span><\/iframe><\/p>\n<p>&nbsp;<\/p>\n<h3>Passenden Felshammer verwenden!<\/h3>\n<p>F\u00fcr den Kong Handbohrer Pianta Spit ben\u00f6tigt man einen passenden Hammer. D.h. zum einen einen etwas schwereren Hammer. Denn somit bekommt ihr die n\u00f6tige Schlagenergie zusammen.<\/p>\n<p>Und zum anderen muss dort das D\u00e4mpfungssystem am Stiel gut sein. Wie z.B. ein Stiel aus Holz oder mit gutem Kunststoff Griff. Denn somit schont ihr eure Handgelenke!<\/p>\n<h3>Kong Handbohrer Pianta Spit &#8211; SDS Bohrer Adapter Driller<\/h3>\n<p><a href=\"https:\/\/bolting.eu\/wp-content\/uploads\/2020\/12\/Kong-Driller-Handbohrer-Adapter-1.jpg\"><img loading=\"lazy\" decoding=\"async\" class=\"alignleft wp-image-6853\" src=\"https:\/\/bolting.eu\/wp-content\/uploads\/2020\/12\/Kong-Driller-Handbohrer-Adapter-1.jpg\" alt=\"Das Bild zeigt den Kong Driller Handbohrer Adapter samt Zubeh\u00f6r. Auf einem wei\u00dfem Quadrat sind von links nach rechts zu sehen: ein 10mm SDS Bohrer, ein 10mm SDS Bohrer, der Adapter und ein Inbusschl\u00fcssel f\u00fcr die Montage.\" width=\"200\" height=\"200\" srcset=\"https:\/\/bolting.eu\/wp-content\/uploads\/2020\/12\/Kong-Driller-Handbohrer-Adapter-1.jpg 700w, https:\/\/bolting.eu\/wp-content\/uploads\/2020\/12\/Kong-Driller-Handbohrer-Adapter-1-247x247.jpg 247w, https:\/\/bolting.eu\/wp-content\/uploads\/2020\/12\/Kong-Driller-Handbohrer-Adapter-1-100x100.jpg 100w, https:\/\/bolting.eu\/wp-content\/uploads\/2020\/12\/Kong-Driller-Handbohrer-Adapter-1-510x510.jpg 510w, https:\/\/bolting.eu\/wp-content\/uploads\/2020\/12\/Kong-Driller-Handbohrer-Adapter-1-400x400.jpg 400w, https:\/\/bolting.eu\/wp-content\/uploads\/2020\/12\/Kong-Driller-Handbohrer-Adapter-1-280x280.jpg 280w, https:\/\/bolting.eu\/wp-content\/uploads\/2020\/12\/Kong-Driller-Handbohrer-Adapter-1-300x300.jpg 300w, https:\/\/bolting.eu\/wp-content\/uploads\/2020\/12\/Kong-Driller-Handbohrer-Adapter-1-600x600.jpg 600w\" sizes=\"auto, (max-width: 200px) 100vw, 200px\" \/><\/a>Wer diesen Handbohrer zus\u00e4tzlich mit SDS Bohrern verwenden will, braucht den passenden Adapter Aufsatz. Dieser ist der Kong Driller.<\/p>\n<p>Er besteht erstens aus dem Adapter selbst. Zweitens aus einem Inbusschl\u00fcssel f\u00fcr die Montage. Und drittens befinden sich ein 8mm und 10mm Bohrer in dem Set.<\/p>\n<p>Somit ist man f\u00fcr die Installation von Bohrhaken dieses Durchmessers bestens ausgestattet.<\/p>\n<h3>Praxis Tipp bolting.eu<\/h3>\n<p><a href=\"https:\/\/bolting.eu\/wp-content\/uploads\/2020\/03\/Beal-Werkzeugtasche-Genius-Simple.jpg\"><img loading=\"lazy\" decoding=\"async\" class=\"alignleft wp-image-1718\" src=\"https:\/\/bolting.eu\/wp-content\/uploads\/2020\/03\/Beal-Werkzeugtasche-Genius-Simple.jpg\" alt=\"Das Bild zeigt die schwarze Werkzeugtasche Beal Genius Simple in einem wei\u00dfem Quadrat. Sie steht aufrecht in Bildmitte mit der \u00d6ffnung nach oben.\" width=\"200\" height=\"200\" srcset=\"https:\/\/bolting.eu\/wp-content\/uploads\/2020\/03\/Beal-Werkzeugtasche-Genius-Simple.jpg 700w, https:\/\/bolting.eu\/wp-content\/uploads\/2020\/03\/Beal-Werkzeugtasche-Genius-Simple-247x247.jpg 247w, https:\/\/bolting.eu\/wp-content\/uploads\/2020\/03\/Beal-Werkzeugtasche-Genius-Simple-100x100.jpg 100w, https:\/\/bolting.eu\/wp-content\/uploads\/2020\/03\/Beal-Werkzeugtasche-Genius-Simple-510x510.jpg 510w, https:\/\/bolting.eu\/wp-content\/uploads\/2020\/03\/Beal-Werkzeugtasche-Genius-Simple-280x280.jpg 280w, https:\/\/bolting.eu\/wp-content\/uploads\/2020\/03\/Beal-Werkzeugtasche-Genius-Simple-400x400.jpg 400w, https:\/\/bolting.eu\/wp-content\/uploads\/2020\/03\/Beal-Werkzeugtasche-Genius-Simple-300x300.jpg 300w, https:\/\/bolting.eu\/wp-content\/uploads\/2020\/03\/Beal-Werkzeugtasche-Genius-Simple-600x600.jpg 600w\" sizes=\"auto, (max-width: 200px) 100vw, 200px\" \/><\/a>Verstaut euren Kong Handbohrer Pianta Spit und alles an Zubeh\u00f6r am besten in einer Materialtasche. Wir finden das Beal Genius Bucket sehr praktisch. Denn dieses hat den praktischen Click-Clack Verschluss.<\/p>\n<p>Somit k\u00f6nnt ihr hier den Bohrer, Adapter sowie gleich die Spit bzw. Innengewindeanker ordentlich aufbewahren. Ihr habt dann alles \u00fcbersichtlich in der Tasche und das Material immer parat. \u00dcberdies kann nichts unabsichtlich heraus fallen.<\/p>\n<h4><strong>Link Tipp<\/strong><\/h4>\n<p>Hier geht es zur <a href=\"https:\/\/www.kong.it\/\" target=\"_blank\" rel=\"noopener noreferrer\">Website<\/a> des Herstellers.<\/p>\n","protected":false},"excerpt":{"rendered":"<ul>\n<li>Hersteller: <a href=\"https:\/\/bolting.eu\/produkt-kategorie\/kong\/\">Kong<\/a><\/li>\n<li>Material: hochwertiger Kohlenstoff Stahl und Kunststoff<\/li>\n<li>Gewicht: 338 Gramm<\/li>\n<li>inkl. M10 Aufsatz<\/li>\n<li>richtiger SDS Bohrer Adapter = Kong Driller<\/li>\n<li>mit Fangschlaufe<\/li>\n<li>Schutzring<\/li>\n<\/ul>\n","protected":false},"featured_media":6851,"comment_status":"open","ping_status":"closed","template":"","meta":[],"product_brand":[],"product_cat":[41,1210,4660],"product_tag":[],"class_list":{"0":"post-6850","1":"product","2":"type-product","3":"status-publish","4":"has-post-thumbnail","6":"product_cat-handbohrer","7":"product_cat-einbohrartikel","8":"product_cat-raumer","10":"first","11":"outofstock","12":"taxable","13":"shipping-taxable","14":"purchasable","15":"product-type-simple"},"yoast_head":"<!-- This site is optimized with the Yoast SEO Premium plugin v26.9 (Yoast SEO v26.9) - https:\/\/yoast.com\/product\/yoast-seo-premium-wordpress\/ -->\n<title>Kong Handbohrer Pianta Spit - Bohrhaken per Hand setzen | bolting.eu<\/title>\n<meta name=\"description\" content=\"Hier findest Du den KONG HANDBOHRER PIANTA SPIT zum Bohrhaken per Hand setzen. Immer lagernd beim Einbohrprofi bolting.eu!\" \/>\n<meta name=\"robots\" content=\"index, follow, max-snippet:-1, max-image-preview:large, max-video-preview:-1\" \/>\n<link rel=\"canonical\" href=\"https:\/\/bolting.eu\/en\/shop\/kong-handbohrer-pianta-spit\/\" \/>\n<meta property=\"og:locale\" content=\"en_US\" \/>\n<meta property=\"og:type\" content=\"article\" \/>\n<meta property=\"og:title\" content=\"Kong Handbohrer Pianta Spit\" \/>\n<meta property=\"og:description\" content=\"Hier findest Du den KONG HANDBOHRER PIANTA SPIT zum Bohrhaken per Hand setzen. Immer lagernd beim Einbohrprofi bolting.eu!\" \/>\n<meta property=\"og:url\" content=\"https:\/\/bolting.eu\/en\/shop\/kong-handbohrer-pianta-spit\/\" \/>\n<meta property=\"og:site_name\" content=\"bolting.eu\" \/>\n<meta property=\"article:publisher\" content=\"https:\/\/www.facebook.com\/bolting.eu\" \/>\n<meta property=\"article:modified_time\" content=\"2023-08-21T15:26:20+00:00\" \/>\n<meta property=\"og:image\" content=\"https:\/\/bolting.eu\/wp-content\/uploads\/2020\/12\/Kong-Handbohrer-Pianta-Spit-1.jpg\" \/>\n\t<meta property=\"og:image:width\" content=\"700\" \/>\n\t<meta property=\"og:image:height\" content=\"700\" \/>\n\t<meta property=\"og:image:type\" content=\"image\/jpeg\" \/>\n<meta name=\"twitter:card\" content=\"summary_large_image\" \/>\n<meta name=\"twitter:label1\" content=\"Price\" \/>\n\t<meta name=\"twitter:data1\" content=\"&euro;&nbsp;34,90\" \/>\n\t<meta name=\"twitter:label2\" content=\"Availability\" \/>\n\t<meta name=\"twitter:data2\" content=\"Out of stock\" \/>\n<script type=\"application\/ld+json\" class=\"yoast-schema-graph\">{\"@context\":\"https:\/\/schema.org\",\"@graph\":[{\"@type\":[\"WebPage\",\"ItemPage\"],\"@id\":\"https:\/\/bolting.eu\/en\/shop\/kong-handbohrer-pianta-spit\/\",\"url\":\"https:\/\/bolting.eu\/en\/shop\/kong-handbohrer-pianta-spit\/\",\"name\":\"Kong Handbohrer Pianta Spit - Bohrhaken per Hand setzen | bolting.eu\",\"isPartOf\":{\"@id\":\"https:\/\/bolting.eu\/en\/#website\"},\"primaryImageOfPage\":{\"@id\":\"https:\/\/bolting.eu\/en\/shop\/kong-handbohrer-pianta-spit\/#primaryimage\"},\"image\":{\"@id\":\"https:\/\/bolting.eu\/en\/shop\/kong-handbohrer-pianta-spit\/#primaryimage\"},\"thumbnailUrl\":\"https:\/\/bolting.eu\/wp-content\/uploads\/2020\/12\/Kong-Handbohrer-Pianta-Spit-1.jpg\",\"datePublished\":\"2020-12-09T10:39:01+00:00\",\"dateModified\":\"2023-08-21T15:26:20+00:00\",\"description\":\"Hier findest Du den KONG HANDBOHRER PIANTA SPIT zum Bohrhaken per Hand setzen. Immer lagernd beim Einbohrprofi bolting.eu!\",\"breadcrumb\":{\"@id\":\"https:\/\/bolting.eu\/en\/shop\/kong-handbohrer-pianta-spit\/#breadcrumb\"},\"inLanguage\":\"en-US\",\"potentialAction\":[{\"@type\":\"ReadAction\",\"target\":[\"https:\/\/bolting.eu\/en\/shop\/kong-handbohrer-pianta-spit\/\"]}]},{\"@type\":\"ImageObject\",\"inLanguage\":\"en-US\",\"@id\":\"https:\/\/bolting.eu\/en\/shop\/kong-handbohrer-pianta-spit\/#primaryimage\",\"url\":\"https:\/\/bolting.eu\/wp-content\/uploads\/2020\/12\/Kong-Handbohrer-Pianta-Spit-1.jpg\",\"contentUrl\":\"https:\/\/bolting.eu\/wp-content\/uploads\/2020\/12\/Kong-Handbohrer-Pianta-Spit-1.jpg\",\"width\":700,\"height\":700,\"caption\":\"Das Bild zeigt den Kong Handbohrer Pianta Spit. Der Bohrer mit dem schwarzen Plastikgriff ist in Bildmitte eines wei\u00dfen Quadrates zu sehen. Man erkennt das Produkt und die gelbe Fangschlaufe mit dem Markennamen Kong. Unten in Bildmitte der Zubeh\u00f6r Adapter.\"},{\"@type\":\"BreadcrumbList\",\"@id\":\"https:\/\/bolting.eu\/en\/shop\/kong-handbohrer-pianta-spit\/#breadcrumb\",\"itemListElement\":[{\"@type\":\"ListItem\",\"position\":1,\"name\":\"Shop\",\"item\":\"https:\/\/bolting.eu\/en\/shop\/\"},{\"@type\":\"ListItem\",\"position\":2,\"name\":\"Spacer\",\"item\":\"https:\/\/bolting.eu\/en\/produkt-kategorie\/spacer\/\"},{\"@type\":\"ListItem\",\"position\":3,\"name\":\"Kong Handbohrer Pianta Spit\"}]},{\"@type\":\"WebSite\",\"@id\":\"https:\/\/bolting.eu\/en\/#website\",\"url\":\"https:\/\/bolting.eu\/en\/\",\"name\":\"bolting.eu\",\"description\":\"we make climbs happen\",\"publisher\":{\"@id\":\"https:\/\/bolting.eu\/en\/#organization\"},\"potentialAction\":[{\"@type\":\"SearchAction\",\"target\":{\"@type\":\"EntryPoint\",\"urlTemplate\":\"https:\/\/bolting.eu\/en\/?s={search_term_string}\"},\"query-input\":{\"@type\":\"PropertyValueSpecification\",\"valueRequired\":true,\"valueName\":\"search_term_string\"}}],\"inLanguage\":\"en-US\"},{\"@type\":[\"Organization\",\"Place\",\"SportingGoodsStore\"],\"@id\":\"https:\/\/bolting.eu\/en\/#organization\",\"name\":\"bolting.eu\",\"url\":\"https:\/\/bolting.eu\/en\/\",\"logo\":{\"@id\":\"https:\/\/bolting.eu\/en\/shop\/kong-handbohrer-pianta-spit\/#local-main-organization-logo\"},\"image\":{\"@id\":\"https:\/\/bolting.eu\/en\/shop\/kong-handbohrer-pianta-spit\/#local-main-organization-logo\"},\"sameAs\":[\"https:\/\/www.facebook.com\/bolting.eu\",\"https:\/\/www.instagram.com\/bolting.eu\/\"],\"address\":{\"@id\":\"https:\/\/bolting.eu\/en\/shop\/kong-handbohrer-pianta-spit\/#local-main-place-address\"},\"geo\":{\"@type\":\"GeoCoordinates\",\"latitude\":\"47.264176340396226\",\"longitude\":\"11.380109057672346\"},\"telephone\":[\"+43 699 19083372\"],\"openingHoursSpecification\":[{\"@type\":\"OpeningHoursSpecification\",\"dayOfWeek\":[\"Monday\",\"Wednesday\",\"Friday\"],\"opens\":\"14:00\",\"closes\":\"18:00\"},{\"@type\":\"OpeningHoursSpecification\",\"dayOfWeek\":[\"Tuesday\",\"Thursday\",\"Saturday\",\"Sunday\"],\"opens\":\"00:00\",\"closes\":\"00:00\"}],\"email\":\"office@bolting.eu\",\"vatID\":\"ATU59999728\",\"priceRange\":\"$$\",\"currenciesAccepted\":\"Euro\"},{\"@type\":\"PostalAddress\",\"@id\":\"https:\/\/bolting.eu\/en\/shop\/kong-handbohrer-pianta-spit\/#local-main-place-address\",\"streetAddress\":\"Fischnalerstra\u00dfe 4\",\"addressLocality\":\"Innsbruck\",\"postalCode\":\"6020\",\"addressRegion\":\"Tirol\",\"addressCountry\":\"AT\"},{\"@type\":\"ImageObject\",\"inLanguage\":\"en-US\",\"@id\":\"https:\/\/bolting.eu\/en\/shop\/kong-handbohrer-pianta-spit\/#local-main-organization-logo\",\"url\":\"https:\/\/bolting.eu\/wp-content\/uploads\/2019\/09\/bolting-logo.png\",\"contentUrl\":\"https:\/\/bolting.eu\/wp-content\/uploads\/2019\/09\/bolting-logo.png\",\"width\":400,\"height\":211,\"caption\":\"bolting.eu\"}]}<\/script>\n<meta property=\"product:price:amount\" content=\"34.90\" \/>\n<meta property=\"product:price:currency\" content=\"EUR\" \/>\n<meta property=\"og:availability\" content=\"out of stock\" \/>\n<meta property=\"product:availability\" content=\"out of stock\" \/>\n<meta property=\"product:retailer_item_id\" content=\"830000000KK\" \/>\n<meta property=\"product:condition\" content=\"new\" \/>\n<meta name=\"geo.placename\" content=\"Innsbruck\" \/>\n<meta name=\"geo.position\" content=\"47.264176340396226;11.380109057672346\" \/>\n<meta name=\"geo.region\" content=\"Austria\" \/>\n<!-- \/ Yoast SEO Premium plugin. -->","yoast_head_json":{"title":"Kong Handbohrer Pianta Spit - Bohrhaken per Hand setzen | bolting.eu","description":"Hier findest Du den KONG HANDBOHRER PIANTA SPIT zum Bohrhaken per Hand setzen. Immer lagernd beim Einbohrprofi bolting.eu!","robots":{"index":"index","follow":"follow","max-snippet":"max-snippet:-1","max-image-preview":"max-image-preview:large","max-video-preview":"max-video-preview:-1"},"canonical":"https:\/\/bolting.eu\/en\/shop\/kong-handbohrer-pianta-spit\/","og_locale":"en_US","og_type":"article","og_title":"Kong Handbohrer Pianta Spit","og_description":"Hier findest Du den KONG HANDBOHRER PIANTA SPIT zum Bohrhaken per Hand setzen. Immer lagernd beim Einbohrprofi bolting.eu!","og_url":"https:\/\/bolting.eu\/en\/shop\/kong-handbohrer-pianta-spit\/","og_site_name":"bolting.eu","article_publisher":"https:\/\/www.facebook.com\/bolting.eu","article_modified_time":"2023-08-21T15:26:20+00:00","og_image":[{"width":700,"height":700,"url":"https:\/\/bolting.eu\/wp-content\/uploads\/2020\/12\/Kong-Handbohrer-Pianta-Spit-1.jpg","type":"image\/jpeg"}],"twitter_card":"summary_large_image","twitter_misc":{"Price":"&euro;&nbsp;34,90","Availability":"Out of stock"},"schema":{"@context":"https:\/\/schema.org","@graph":[{"@type":["WebPage","ItemPage"],"@id":"https:\/\/bolting.eu\/en\/shop\/kong-handbohrer-pianta-spit\/","url":"https:\/\/bolting.eu\/en\/shop\/kong-handbohrer-pianta-spit\/","name":"Kong Handbohrer Pianta Spit - Bohrhaken per Hand setzen | bolting.eu","isPartOf":{"@id":"https:\/\/bolting.eu\/en\/#website"},"primaryImageOfPage":{"@id":"https:\/\/bolting.eu\/en\/shop\/kong-handbohrer-pianta-spit\/#primaryimage"},"image":{"@id":"https:\/\/bolting.eu\/en\/shop\/kong-handbohrer-pianta-spit\/#primaryimage"},"thumbnailUrl":"https:\/\/bolting.eu\/wp-content\/uploads\/2020\/12\/Kong-Handbohrer-Pianta-Spit-1.jpg","datePublished":"2020-12-09T10:39:01+00:00","dateModified":"2023-08-21T15:26:20+00:00","description":"Hier findest Du den KONG HANDBOHRER PIANTA SPIT zum Bohrhaken per Hand setzen. Immer lagernd beim Einbohrprofi bolting.eu!","breadcrumb":{"@id":"https:\/\/bolting.eu\/en\/shop\/kong-handbohrer-pianta-spit\/#breadcrumb"},"inLanguage":"en-US","potentialAction":[{"@type":"ReadAction","target":["https:\/\/bolting.eu\/en\/shop\/kong-handbohrer-pianta-spit\/"]}]},{"@type":"ImageObject","inLanguage":"en-US","@id":"https:\/\/bolting.eu\/en\/shop\/kong-handbohrer-pianta-spit\/#primaryimage","url":"https:\/\/bolting.eu\/wp-content\/uploads\/2020\/12\/Kong-Handbohrer-Pianta-Spit-1.jpg","contentUrl":"https:\/\/bolting.eu\/wp-content\/uploads\/2020\/12\/Kong-Handbohrer-Pianta-Spit-1.jpg","width":700,"height":700,"caption":"Das Bild zeigt den Kong Handbohrer Pianta Spit. Der Bohrer mit dem schwarzen Plastikgriff ist in Bildmitte eines wei\u00dfen Quadrates zu sehen. Man erkennt das Produkt und die gelbe Fangschlaufe mit dem Markennamen Kong. Unten in Bildmitte der Zubeh\u00f6r Adapter."},{"@type":"BreadcrumbList","@id":"https:\/\/bolting.eu\/en\/shop\/kong-handbohrer-pianta-spit\/#breadcrumb","itemListElement":[{"@type":"ListItem","position":1,"name":"Shop","item":"https:\/\/bolting.eu\/en\/shop\/"},{"@type":"ListItem","position":2,"name":"Spacer","item":"https:\/\/bolting.eu\/en\/produkt-kategorie\/spacer\/"},{"@type":"ListItem","position":3,"name":"Kong Handbohrer Pianta Spit"}]},{"@type":"WebSite","@id":"https:\/\/bolting.eu\/en\/#website","url":"https:\/\/bolting.eu\/en\/","name":"bolting.eu","description":"we make climbs happen","publisher":{"@id":"https:\/\/bolting.eu\/en\/#organization"},"potentialAction":[{"@type":"SearchAction","target":{"@type":"EntryPoint","urlTemplate":"https:\/\/bolting.eu\/en\/?s={search_term_string}"},"query-input":{"@type":"PropertyValueSpecification","valueRequired":true,"valueName":"search_term_string"}}],"inLanguage":"en-US"},{"@type":["Organization","Place","SportingGoodsStore"],"@id":"https:\/\/bolting.eu\/en\/#organization","name":"bolting.eu","url":"https:\/\/bolting.eu\/en\/","logo":{"@id":"https:\/\/bolting.eu\/en\/shop\/kong-handbohrer-pianta-spit\/#local-main-organization-logo"},"image":{"@id":"https:\/\/bolting.eu\/en\/shop\/kong-handbohrer-pianta-spit\/#local-main-organization-logo"},"sameAs":["https:\/\/www.facebook.com\/bolting.eu","https:\/\/www.instagram.com\/bolting.eu\/"],"address":{"@id":"https:\/\/bolting.eu\/en\/shop\/kong-handbohrer-pianta-spit\/#local-main-place-address"},"geo":{"@type":"GeoCoordinates","latitude":"47.264176340396226","longitude":"11.380109057672346"},"telephone":["+43 699 19083372"],"openingHoursSpecification":[{"@type":"OpeningHoursSpecification","dayOfWeek":["Monday","Wednesday","Friday"],"opens":"14:00","closes":"18:00"},{"@type":"OpeningHoursSpecification","dayOfWeek":["Tuesday","Thursday","Saturday","Sunday"],"opens":"00:00","closes":"00:00"}],"email":"office@bolting.eu","vatID":"ATU59999728","priceRange":"$$","currenciesAccepted":"Euro"},{"@type":"PostalAddress","@id":"https:\/\/bolting.eu\/en\/shop\/kong-handbohrer-pianta-spit\/#local-main-place-address","streetAddress":"Fischnalerstra\u00dfe 4","addressLocality":"Innsbruck","postalCode":"6020","addressRegion":"Tirol","addressCountry":"AT"},{"@type":"ImageObject","inLanguage":"en-US","@id":"https:\/\/bolting.eu\/en\/shop\/kong-handbohrer-pianta-spit\/#local-main-organization-logo","url":"https:\/\/bolting.eu\/wp-content\/uploads\/2019\/09\/bolting-logo.png","contentUrl":"https:\/\/bolting.eu\/wp-content\/uploads\/2019\/09\/bolting-logo.png","width":400,"height":211,"caption":"bolting.eu"}]},"product_price_amount":"34.90","product_price_currency":"EUR","og_availability":"out of stock","product_availability":"out of stock","product_retailer_item_id":"830000000KK","product_condition":"new","geo.placename":"Innsbruck","geo.position":{"lat":"47.264176340396226","long":"11.380109057672346"},"geo.region":"Austria"},"_links":{"self":[{"href":"https:\/\/bolting.eu\/en\/wp-json\/wp\/v2\/product\/6850","targetHints":{"allow":["GET"]}}],"collection":[{"href":"https:\/\/bolting.eu\/en\/wp-json\/wp\/v2\/product"}],"about":[{"href":"https:\/\/bolting.eu\/en\/wp-json\/wp\/v2\/types\/product"}],"replies":[{"embeddable":true,"href":"https:\/\/bolting.eu\/en\/wp-json\/wp\/v2\/comments?post=6850"}],"wp:featuredmedia":[{"embeddable":true,"href":"https:\/\/bolting.eu\/en\/wp-json\/wp\/v2\/media\/6851"}],"wp:attachment":[{"href":"https:\/\/bolting.eu\/en\/wp-json\/wp\/v2\/media?parent=6850"}],"wp:term":[{"taxonomy":"product_brand","embeddable":true,"href":"https:\/\/bolting.eu\/en\/wp-json\/wp\/v2\/product_brand?post=6850"},{"taxonomy":"product_cat","embeddable":true,"href":"https:\/\/bolting.eu\/en\/wp-json\/wp\/v2\/product_cat?post=6850"},{"taxonomy":"product_tag","embeddable":true,"href":"https:\/\/bolting.eu\/en\/wp-json\/wp\/v2\/product_tag?post=6850"}],"curies":[{"name":"wp","href":"https:\/\/api.w.org\/{rel}","templated":true}]}}