{"id":6726,"date":"2020-12-03T13:17:45","date_gmt":"2020-12-03T12:17:45","guid":{"rendered":"https:\/\/bolting.eu\/?post_type=product&#038;p=6726"},"modified":"2026-04-13T08:24:20","modified_gmt":"2026-04-13T06:24:20","slug":"salewa-ortles-klettergurt","status":"publish","type":"product","link":"https:\/\/bolting.eu\/en\/shop\/salewa-ortles-klettergurt\/","title":{"rendered":"Salewa Ortles Klettergurt"},"content":{"rendered":"<p>Der Salewa Ortles Klettergurt geh\u00f6rt zur <a href=\"https:\/\/bolting.eu\/produkt-kategorie\/kletterausruestung\/klettergurte\/salewa-klettergurt\/\">Salewa Klettergurt<\/a> Familie. Er ist ein klassischer <a href=\"https:\/\/bolting.eu\/produkt-kategorie\/bergsteiger-ausruestung\/hochtourengurte\/\">Hochtourengurt<\/a>. D.h. er punktet mit geringstem Gewicht und kleinstem Packma\u00df.<\/p>\n<p>Hierzu hat Salewa ein super starkes, aber d\u00fcnnes Flachband verarbeitet. Zudem sind die tragenden B\u00e4nder extrem schmal und leicht.<\/p>\n<p>\u00dcberdies hat der Gurt alle Standard Features f\u00fcr alpine Anspr\u00fcche. Erstens kann man ihn anziehen, ohne die Schuhe ausziehen zu m\u00fcssen. Zweitens sind alle Schnallen auch gut mit Handschuhen zu bedienen. Und drittens hat der Gurt eine einfache Einbindeschlaufe zum Anseilen.<\/p>\n<h2>Eigenschaften Salewa Ortles Klettergurt<\/h2>\n<ul>\n<li>Hersteller: <a href=\"https:\/\/bolting.eu\/produkt-kategorie\/salewa\/\">Salewa<\/a><\/li>\n<li>voll verstellbarer Hochtourengurt<\/li>\n<li>Gr\u00f6\u00dfen: S-M und L-XL<\/li>\n<li>Gewicht: 165 Gramm<\/li>\n<li>Normen: EN 12277<\/li>\n<li>Beinschlaufen: S-M = 51-63cm; L-XL = 56 &#8211; 70cm<\/li>\n<li>H\u00fcftschlaufe: S-M = 70-94cm; L-XL = 80 &#8211; 102cm<\/li>\n<li>An- und Ausziehen mit Schuhen<\/li>\n<li>Schnallen mit Handschuhen bedienbar<\/li>\n<li>4 Materialschlaufen<\/li>\n<li>minimales Packma\u00df (nur ca. 10x10x10cm)<\/li>\n<\/ul>\n<h3>Test Video<\/h3>\n<p>Das Bergsteiger Magazin hat den Salewa Ortles Klettergurt unter die Lupe genommen&#8230;<\/p>\n<p><iframe loading=\"lazy\" src=\"https:\/\/www.youtube.com\/embed\/AEDwKynFuK4\" width=\"75%\" height=\"350\" frameborder=\"0\" allowfullscreen=\"allowfullscreen\"><span data-mce-type=\"bookmark\" style=\"display: inline-block; width: 0px; overflow: hidden; line-height: 0;\" class=\"mce_SELRES_start\">\ufeff<\/span><\/iframe><\/p>\n<h3>Salewa Ortles Klettergurt &#8211; sauber verarbeitet<\/h3>\n<p>Was bei diesem Hochtourengurt gleich auff\u00e4llt, ist die saubere Verarbeitung. D.h. er ist absolut minimalistisch. Nichts ist zu viel bei diesem Gurt.<\/p>\n<p>Dar\u00fcber hinaus sind alle N\u00e4hte super genau gesetzt. Des weiteren haben auch die Gurtb\u00e4nder saubere Stop-N\u00e4hte, sodass sie nicht leicht aus den Schnallen heraus f\u00e4deln k\u00f6nnen.<\/p>\n<p>Die breiten Flachb\u00e4nder in der H\u00fcft- bzw. den Beinschlaufen sind super angenehm zu tragen. Kurzum. Echt sauber verarbeitet!<\/p>\n<h3>Geeignet f\u00fcr Klettersteig?<\/h3>\n<p>Wir empfehlen den Salewa Ortles Klettergurt nicht f\u00fcr Klettersteige, auch wenn er von der Norm her sehr wohl daf\u00fcr verwendet werden kann. D.h. im Klartext. Der Gurt erf\u00fcllt alle Normen f\u00fcr den Klettersteig, ist aber dennoch f\u00fcr einen anderen zweck gebaut.<\/p>\n<p>Folglich habt ihr auf Dauer damit keine Freude. Wie z.B. wenn ihr mal l\u00e4nger im Gurt h\u00e4ngt weil ihr auf euren Klettersteigpartner wartet. Oder wenn ihr tats\u00e4chlich einmal st\u00fcrzen solltet.<\/p>\n<h4><strong>Link Tipp<\/strong><\/h4>\n<p>Hier geht es zur <a href=\"https:\/\/www.salewa.com\/\" target=\"_blank\" rel=\"noopener noreferrer\">Website<\/a> des Herstellers.<\/p>\n","protected":false},"excerpt":{"rendered":"<ul>\n<li>Hersteller: <a href=\"https:\/\/bolting.eu\/produkt-kategorie\/salewa\/\">Salewa<\/a><\/li>\n<li>voll verstellbarer Hochtourengurt<\/li>\n<li>Gr\u00f6\u00dfen: S-M und L-XL<\/li>\n<li>Gewicht: 165 Gramm<\/li>\n<li>Normen: EN 12277<\/li>\n<li>Beinschlaufen: S-M = 51-63cm; L-XL = 56 &#8211; 70cm<\/li>\n<li>H\u00fcftschlaufe: S-M = 70-94cm; L-XL = 80 &#8211; 102cm<\/li>\n<li>An- und Ausziehen mit Schuhen<\/li>\n<li>Schnallen mit Handschuhen bedienbar<\/li>\n<li>4 Materialschlaufen<\/li>\n<li>minimales Packma\u00df (nur ca. 10x10x10cm)<\/li>\n<\/ul>\n","protected":false},"featured_media":6728,"comment_status":"open","ping_status":"closed","template":"","meta":[],"product_brand":[],"product_cat":[11053,13938,13953,29,4672,6359],"product_tag":[],"class_list":{"0":"post-6726","1":"product","2":"type-product","3":"status-publish","4":"has-post-thumbnail","6":"product_cat-hochtourengurte","7":"product_cat-bergsteiger-ausruestung","8":"product_cat-salewa-klettergurt","9":"product_cat-kletterausruestung","10":"product_cat-salewa","11":"product_cat-klettergurte","13":"first","14":"instock","15":"taxable","16":"shipping-taxable","17":"purchasable","18":"product-type-variable"},"yoast_head":"<!-- This site is optimized with the Yoast SEO Premium plugin v26.9 (Yoast SEO v26.9) - https:\/\/yoast.com\/product\/yoast-seo-premium-wordpress\/ -->\n<title>Salewa Ortles Klettergurt - Hochtourengurt online kaufen | bolting.eu<\/title>\n<meta name=\"description\" content=\"Hier findest Du den SALEWA ORTLES KLETTERGURT. Einen super leichten Hochtourengurt f\u00fcr\u00b4s Bergsteigen, Gletschertouren und Skitouren.\" \/>\n<meta name=\"robots\" content=\"index, follow, max-snippet:-1, max-image-preview:large, max-video-preview:-1\" \/>\n<link rel=\"canonical\" href=\"https:\/\/bolting.eu\/en\/shop\/salewa-ortles-klettergurt\/\" \/>\n<meta property=\"og:locale\" content=\"en_US\" \/>\n<meta property=\"og:type\" content=\"article\" \/>\n<meta property=\"og:title\" content=\"Salewa Ortles Klettergurt\" \/>\n<meta property=\"og:description\" content=\"Hier findest Du den SALEWA ORTLES KLETTERGURT. Einen super leichten Hochtourengurt f\u00fcr\u00b4s Bergsteigen, Gletschertouren und Skitouren.\" \/>\n<meta property=\"og:url\" content=\"https:\/\/bolting.eu\/en\/shop\/salewa-ortles-klettergurt\/\" \/>\n<meta property=\"og:site_name\" content=\"bolting.eu\" \/>\n<meta property=\"article:publisher\" content=\"https:\/\/www.facebook.com\/bolting.eu\" \/>\n<meta property=\"article:modified_time\" content=\"2026-04-13T06:24:20+00:00\" \/>\n<meta property=\"og:image\" content=\"https:\/\/bolting.eu\/wp-content\/uploads\/2020\/12\/Salewa-Ortles-Klettergurt-1.jpg\" \/>\n\t<meta property=\"og:image:width\" content=\"700\" \/>\n\t<meta property=\"og:image:height\" content=\"700\" \/>\n\t<meta property=\"og:image:type\" content=\"image\/jpeg\" \/>\n<meta name=\"twitter:card\" content=\"summary_large_image\" \/>\n<meta name=\"twitter:label1\" content=\"Availability\" \/>\n\t<meta name=\"twitter:data1\" content=\"In stock\" \/>\n<script type=\"application\/ld+json\" class=\"yoast-schema-graph\">{\"@context\":\"https:\/\/schema.org\",\"@graph\":[{\"@type\":[\"WebPage\",\"ItemPage\"],\"@id\":\"https:\/\/bolting.eu\/en\/shop\/salewa-ortles-klettergurt\/\",\"url\":\"https:\/\/bolting.eu\/en\/shop\/salewa-ortles-klettergurt\/\",\"name\":\"Salewa Ortles Klettergurt - Hochtourengurt online kaufen | bolting.eu\",\"isPartOf\":{\"@id\":\"https:\/\/bolting.eu\/en\/#website\"},\"primaryImageOfPage\":{\"@id\":\"https:\/\/bolting.eu\/en\/shop\/salewa-ortles-klettergurt\/#primaryimage\"},\"image\":{\"@id\":\"https:\/\/bolting.eu\/en\/shop\/salewa-ortles-klettergurt\/#primaryimage\"},\"thumbnailUrl\":\"https:\/\/bolting.eu\/wp-content\/uploads\/2020\/12\/Salewa-Ortles-Klettergurt-1.jpg\",\"datePublished\":\"2020-12-03T12:17:45+00:00\",\"dateModified\":\"2026-04-13T06:24:20+00:00\",\"description\":\"Hier findest Du den SALEWA ORTLES KLETTERGURT. Einen super leichten Hochtourengurt f\u00fcr\u00b4s Bergsteigen, Gletschertouren und Skitouren.\",\"breadcrumb\":{\"@id\":\"https:\/\/bolting.eu\/en\/shop\/salewa-ortles-klettergurt\/#breadcrumb\"},\"inLanguage\":\"en-US\",\"potentialAction\":[{\"@type\":\"ReadAction\",\"target\":[\"https:\/\/bolting.eu\/en\/shop\/salewa-ortles-klettergurt\/\"]}]},{\"@type\":\"ImageObject\",\"inLanguage\":\"en-US\",\"@id\":\"https:\/\/bolting.eu\/en\/shop\/salewa-ortles-klettergurt\/#primaryimage\",\"url\":\"https:\/\/bolting.eu\/wp-content\/uploads\/2020\/12\/Salewa-Ortles-Klettergurt-1.jpg\",\"contentUrl\":\"https:\/\/bolting.eu\/wp-content\/uploads\/2020\/12\/Salewa-Ortles-Klettergurt-1.jpg\",\"width\":700,\"height\":700,\"caption\":\"Das Bild zeigt den Salewa Ortles Klettergurt. Der Hochtourengurt ist ausgebreitet in Bildmitte eines wei\u00dfen Quadrates zu sehen. Man erkennt alle Produktdetails wie die Beinschlaufen, Schnallen und die H\u00fcftschlaufe. Man erfasst sehr gut die leichte Bauweise des Gurtes.\"},{\"@type\":\"BreadcrumbList\",\"@id\":\"https:\/\/bolting.eu\/en\/shop\/salewa-ortles-klettergurt\/#breadcrumb\",\"itemListElement\":[{\"@type\":\"ListItem\",\"position\":1,\"name\":\"Shop\",\"item\":\"https:\/\/bolting.eu\/en\/shop\/\"},{\"@type\":\"ListItem\",\"position\":2,\"name\":\"Bergsteiger Ausr\u00fcstung\",\"item\":\"https:\/\/bolting.eu\/produkt-kategorie\/bergsteiger-ausruestung\/\"},{\"@type\":\"ListItem\",\"position\":3,\"name\":\"Hochtourengurte\",\"item\":\"https:\/\/bolting.eu\/produkt-kategorie\/bergsteiger-ausruestung\/hochtourengurte\/\"},{\"@type\":\"ListItem\",\"position\":4,\"name\":\"Salewa Ortles Klettergurt\"}]},{\"@type\":\"WebSite\",\"@id\":\"https:\/\/bolting.eu\/en\/#website\",\"url\":\"https:\/\/bolting.eu\/en\/\",\"name\":\"bolting.eu\",\"description\":\"we make climbs happen\",\"publisher\":{\"@id\":\"https:\/\/bolting.eu\/en\/#organization\"},\"potentialAction\":[{\"@type\":\"SearchAction\",\"target\":{\"@type\":\"EntryPoint\",\"urlTemplate\":\"https:\/\/bolting.eu\/en\/?s={search_term_string}\"},\"query-input\":{\"@type\":\"PropertyValueSpecification\",\"valueRequired\":true,\"valueName\":\"search_term_string\"}}],\"inLanguage\":\"en-US\"},{\"@type\":[\"Organization\",\"Place\",\"SportingGoodsStore\"],\"@id\":\"https:\/\/bolting.eu\/en\/#organization\",\"name\":\"bolting.eu\",\"url\":\"https:\/\/bolting.eu\/en\/\",\"logo\":{\"@id\":\"https:\/\/bolting.eu\/en\/shop\/salewa-ortles-klettergurt\/#local-main-organization-logo\"},\"image\":{\"@id\":\"https:\/\/bolting.eu\/en\/shop\/salewa-ortles-klettergurt\/#local-main-organization-logo\"},\"sameAs\":[\"https:\/\/www.facebook.com\/bolting.eu\",\"https:\/\/www.instagram.com\/bolting.eu\/\"],\"address\":{\"@id\":\"https:\/\/bolting.eu\/en\/shop\/salewa-ortles-klettergurt\/#local-main-place-address\"},\"geo\":{\"@type\":\"GeoCoordinates\",\"latitude\":\"47.264176340396226\",\"longitude\":\"11.380109057672346\"},\"telephone\":[\"+43 699 19083372\"],\"openingHoursSpecification\":[{\"@type\":\"OpeningHoursSpecification\",\"dayOfWeek\":[\"Monday\",\"Wednesday\",\"Friday\"],\"opens\":\"14:00\",\"closes\":\"18:00\"},{\"@type\":\"OpeningHoursSpecification\",\"dayOfWeek\":[\"Tuesday\",\"Thursday\",\"Saturday\",\"Sunday\"],\"opens\":\"00:00\",\"closes\":\"00:00\"}],\"email\":\"office@bolting.eu\",\"vatID\":\"ATU59999728\",\"priceRange\":\"$$\",\"currenciesAccepted\":\"Euro\"},{\"@type\":\"PostalAddress\",\"@id\":\"https:\/\/bolting.eu\/en\/shop\/salewa-ortles-klettergurt\/#local-main-place-address\",\"streetAddress\":\"Fischnalerstra\u00dfe 4\",\"addressLocality\":\"Innsbruck\",\"postalCode\":\"6020\",\"addressRegion\":\"Tirol\",\"addressCountry\":\"AT\"},{\"@type\":\"ImageObject\",\"inLanguage\":\"en-US\",\"@id\":\"https:\/\/bolting.eu\/en\/shop\/salewa-ortles-klettergurt\/#local-main-organization-logo\",\"url\":\"https:\/\/bolting.eu\/wp-content\/uploads\/2019\/09\/bolting-logo.png\",\"contentUrl\":\"https:\/\/bolting.eu\/wp-content\/uploads\/2019\/09\/bolting-logo.png\",\"width\":400,\"height\":211,\"caption\":\"bolting.eu\"}]}<\/script>\n<meta property=\"og:availability\" content=\"instock\" \/>\n<meta property=\"product:availability\" content=\"instock\" \/>\n<meta property=\"product:retailer_item_id\" content=\"00-0000001751\" \/>\n<meta property=\"product:condition\" content=\"new\" \/>\n<meta name=\"geo.placename\" content=\"Innsbruck\" \/>\n<meta name=\"geo.position\" content=\"47.264176340396226;11.380109057672346\" \/>\n<meta name=\"geo.region\" content=\"Austria\" \/>\n<!-- \/ Yoast SEO Premium plugin. -->","yoast_head_json":{"title":"Salewa Ortles Klettergurt - Hochtourengurt online kaufen | bolting.eu","description":"Hier findest Du den SALEWA ORTLES KLETTERGURT. Einen super leichten Hochtourengurt f\u00fcr\u00b4s Bergsteigen, Gletschertouren und Skitouren.","robots":{"index":"index","follow":"follow","max-snippet":"max-snippet:-1","max-image-preview":"max-image-preview:large","max-video-preview":"max-video-preview:-1"},"canonical":"https:\/\/bolting.eu\/en\/shop\/salewa-ortles-klettergurt\/","og_locale":"en_US","og_type":"article","og_title":"Salewa Ortles Klettergurt","og_description":"Hier findest Du den SALEWA ORTLES KLETTERGURT. Einen super leichten Hochtourengurt f\u00fcr\u00b4s Bergsteigen, Gletschertouren und Skitouren.","og_url":"https:\/\/bolting.eu\/en\/shop\/salewa-ortles-klettergurt\/","og_site_name":"bolting.eu","article_publisher":"https:\/\/www.facebook.com\/bolting.eu","article_modified_time":"2026-04-13T06:24:20+00:00","og_image":[{"width":700,"height":700,"url":"https:\/\/bolting.eu\/wp-content\/uploads\/2020\/12\/Salewa-Ortles-Klettergurt-1.jpg","type":"image\/jpeg"}],"twitter_card":"summary_large_image","twitter_misc":{"Availability":"In stock"},"schema":{"@context":"https:\/\/schema.org","@graph":[{"@type":["WebPage","ItemPage"],"@id":"https:\/\/bolting.eu\/en\/shop\/salewa-ortles-klettergurt\/","url":"https:\/\/bolting.eu\/en\/shop\/salewa-ortles-klettergurt\/","name":"Salewa Ortles Klettergurt - Hochtourengurt online kaufen | bolting.eu","isPartOf":{"@id":"https:\/\/bolting.eu\/en\/#website"},"primaryImageOfPage":{"@id":"https:\/\/bolting.eu\/en\/shop\/salewa-ortles-klettergurt\/#primaryimage"},"image":{"@id":"https:\/\/bolting.eu\/en\/shop\/salewa-ortles-klettergurt\/#primaryimage"},"thumbnailUrl":"https:\/\/bolting.eu\/wp-content\/uploads\/2020\/12\/Salewa-Ortles-Klettergurt-1.jpg","datePublished":"2020-12-03T12:17:45+00:00","dateModified":"2026-04-13T06:24:20+00:00","description":"Hier findest Du den SALEWA ORTLES KLETTERGURT. Einen super leichten Hochtourengurt f\u00fcr\u00b4s Bergsteigen, Gletschertouren und Skitouren.","breadcrumb":{"@id":"https:\/\/bolting.eu\/en\/shop\/salewa-ortles-klettergurt\/#breadcrumb"},"inLanguage":"en-US","potentialAction":[{"@type":"ReadAction","target":["https:\/\/bolting.eu\/en\/shop\/salewa-ortles-klettergurt\/"]}]},{"@type":"ImageObject","inLanguage":"en-US","@id":"https:\/\/bolting.eu\/en\/shop\/salewa-ortles-klettergurt\/#primaryimage","url":"https:\/\/bolting.eu\/wp-content\/uploads\/2020\/12\/Salewa-Ortles-Klettergurt-1.jpg","contentUrl":"https:\/\/bolting.eu\/wp-content\/uploads\/2020\/12\/Salewa-Ortles-Klettergurt-1.jpg","width":700,"height":700,"caption":"Das Bild zeigt den Salewa Ortles Klettergurt. Der Hochtourengurt ist ausgebreitet in Bildmitte eines wei\u00dfen Quadrates zu sehen. Man erkennt alle Produktdetails wie die Beinschlaufen, Schnallen und die H\u00fcftschlaufe. Man erfasst sehr gut die leichte Bauweise des Gurtes."},{"@type":"BreadcrumbList","@id":"https:\/\/bolting.eu\/en\/shop\/salewa-ortles-klettergurt\/#breadcrumb","itemListElement":[{"@type":"ListItem","position":1,"name":"Shop","item":"https:\/\/bolting.eu\/en\/shop\/"},{"@type":"ListItem","position":2,"name":"Bergsteiger Ausr\u00fcstung","item":"https:\/\/bolting.eu\/produkt-kategorie\/bergsteiger-ausruestung\/"},{"@type":"ListItem","position":3,"name":"Hochtourengurte","item":"https:\/\/bolting.eu\/produkt-kategorie\/bergsteiger-ausruestung\/hochtourengurte\/"},{"@type":"ListItem","position":4,"name":"Salewa Ortles Klettergurt"}]},{"@type":"WebSite","@id":"https:\/\/bolting.eu\/en\/#website","url":"https:\/\/bolting.eu\/en\/","name":"bolting.eu","description":"we make climbs happen","publisher":{"@id":"https:\/\/bolting.eu\/en\/#organization"},"potentialAction":[{"@type":"SearchAction","target":{"@type":"EntryPoint","urlTemplate":"https:\/\/bolting.eu\/en\/?s={search_term_string}"},"query-input":{"@type":"PropertyValueSpecification","valueRequired":true,"valueName":"search_term_string"}}],"inLanguage":"en-US"},{"@type":["Organization","Place","SportingGoodsStore"],"@id":"https:\/\/bolting.eu\/en\/#organization","name":"bolting.eu","url":"https:\/\/bolting.eu\/en\/","logo":{"@id":"https:\/\/bolting.eu\/en\/shop\/salewa-ortles-klettergurt\/#local-main-organization-logo"},"image":{"@id":"https:\/\/bolting.eu\/en\/shop\/salewa-ortles-klettergurt\/#local-main-organization-logo"},"sameAs":["https:\/\/www.facebook.com\/bolting.eu","https:\/\/www.instagram.com\/bolting.eu\/"],"address":{"@id":"https:\/\/bolting.eu\/en\/shop\/salewa-ortles-klettergurt\/#local-main-place-address"},"geo":{"@type":"GeoCoordinates","latitude":"47.264176340396226","longitude":"11.380109057672346"},"telephone":["+43 699 19083372"],"openingHoursSpecification":[{"@type":"OpeningHoursSpecification","dayOfWeek":["Monday","Wednesday","Friday"],"opens":"14:00","closes":"18:00"},{"@type":"OpeningHoursSpecification","dayOfWeek":["Tuesday","Thursday","Saturday","Sunday"],"opens":"00:00","closes":"00:00"}],"email":"office@bolting.eu","vatID":"ATU59999728","priceRange":"$$","currenciesAccepted":"Euro"},{"@type":"PostalAddress","@id":"https:\/\/bolting.eu\/en\/shop\/salewa-ortles-klettergurt\/#local-main-place-address","streetAddress":"Fischnalerstra\u00dfe 4","addressLocality":"Innsbruck","postalCode":"6020","addressRegion":"Tirol","addressCountry":"AT"},{"@type":"ImageObject","inLanguage":"en-US","@id":"https:\/\/bolting.eu\/en\/shop\/salewa-ortles-klettergurt\/#local-main-organization-logo","url":"https:\/\/bolting.eu\/wp-content\/uploads\/2019\/09\/bolting-logo.png","contentUrl":"https:\/\/bolting.eu\/wp-content\/uploads\/2019\/09\/bolting-logo.png","width":400,"height":211,"caption":"bolting.eu"}]},"og_availability":"instock","product_availability":"instock","product_retailer_item_id":"00-0000001751","product_condition":"new","geo.placename":"Innsbruck","geo.position":{"lat":"47.264176340396226","long":"11.380109057672346"},"geo.region":"Austria"},"_links":{"self":[{"href":"https:\/\/bolting.eu\/en\/wp-json\/wp\/v2\/product\/6726","targetHints":{"allow":["GET"]}}],"collection":[{"href":"https:\/\/bolting.eu\/en\/wp-json\/wp\/v2\/product"}],"about":[{"href":"https:\/\/bolting.eu\/en\/wp-json\/wp\/v2\/types\/product"}],"replies":[{"embeddable":true,"href":"https:\/\/bolting.eu\/en\/wp-json\/wp\/v2\/comments?post=6726"}],"wp:featuredmedia":[{"embeddable":true,"href":"https:\/\/bolting.eu\/en\/wp-json\/wp\/v2\/media\/6728"}],"wp:attachment":[{"href":"https:\/\/bolting.eu\/en\/wp-json\/wp\/v2\/media?parent=6726"}],"wp:term":[{"taxonomy":"product_brand","embeddable":true,"href":"https:\/\/bolting.eu\/en\/wp-json\/wp\/v2\/product_brand?post=6726"},{"taxonomy":"product_cat","embeddable":true,"href":"https:\/\/bolting.eu\/en\/wp-json\/wp\/v2\/product_cat?post=6726"},{"taxonomy":"product_tag","embeddable":true,"href":"https:\/\/bolting.eu\/en\/wp-json\/wp\/v2\/product_tag?post=6726"}],"curies":[{"name":"wp","href":"https:\/\/api.w.org\/{rel}","templated":true}]}}