{"id":6708,"date":"2020-12-03T09:57:34","date_gmt":"2020-12-03T08:57:34","guid":{"rendered":"https:\/\/bolting.eu\/?post_type=product&#038;p=6708"},"modified":"2026-03-03T11:21:45","modified_gmt":"2026-03-03T10:21:45","slug":"selbstsichernde-mutter-m10-a4-stahl","status":"publish","type":"product","link":"https:\/\/bolting.eu\/en\/shop\/selbstsichernde-mutter-m10-a4-stahl\/","title":{"rendered":"Selbstsichernde Mutter M10 A4 Stahl"},"content":{"rendered":"<p>Diese selbstsichernde Mutter M10 A4 Stahl passt auf alle unsere 10mm Bohrhaken aus A4 Stahl.<\/p>\n<p>Sie dient zum Nachbesetzen bei 10mm Bohrhaken (A2 Stahl). Denn dort kann zum einen die originale Mutter abfallen. Zum andern kann sich die Mutter aber auch lockern und f\u00fcr eine wackelnde Bohrhakenlasche sorgen.<\/p>\n<p>Beispielsweise am 1. Haken durch den regelm\u00e4\u00dfigen Druck des Einlaufenden Seiles. Zudem k\u00f6nnen aber auch Bohrhaken mit viel Vibration der Expressschlinge beim Ablassen, ebenfalls lockere Muttern bekommen<\/p>\n<p>Dann empfiehlt sich eben die Montage der selbstsichernden Muttern.<\/p>\n<h3>Eigenschaften selbstsichernde Mutter M10 A2 Stahl<\/h3>\n<ul>\n<li>Material: A4 Stahl (Edelstahl)<\/li>\n<li>Gewinde: M10 (f\u00fcr 10mm Bohrhaken)<\/li>\n<li>DIN 984 Norm<\/li>\n<li>n\u00f6tige Schraubenschl\u00fcssel Gr\u00f6\u00dfe: 17<\/li>\n<li><strong>Verpackungseinheit: 10 St\u00fcck<\/strong><\/li>\n<li>Polyamid Ring im Gewinde sorgt f\u00fcr selbstsichernden Effekt<\/li>\n<li>zum Nachbesetzen von abgefallenen Muttern<\/li>\n<li>zum Austausch von Muttern die immer locker werden<\/li>\n<\/ul>\n<h3>Selbstsichernde Mutter M10 A4 Stahl &#8211; galvanische Korrosion<\/h3>\n<p>Diese selbstsichernde Mutter d\u00fcrft ihr nur mit Edelstahl Bohrhaken verwenden. Idealerweise nur mit A4 Stahl Bohrhaken. D.h. ihr m\u00fcsst vor der Montage abkl\u00e4ren, aus welcher Stahlqualit\u00e4t der Bohrhaken tats\u00e4chlich besteht!<\/p>\n<p>Denn Edelstahl Materialien d\u00fcrfen niemals mit verzinkten Materialien zusammen montiert werden. Denn das produziert <a href=\"https:\/\/bolting.eu\/galvanische-korrosion-bei-bohrhaken\/\">galvanische Korrosion<\/a>.<\/p>\n<p>Also sauber arbeiten Leute und genau hin schauen! Ggf. m\u00fcsst ihr f\u00fcr euer Vorhaben die Edelstahl Variante in A2 Stahl oder verzinkten Stahl verwenden.<\/p>\n<p>Dich interessiert dieses Thema? Dann lies dir doch unsere informativen Fachbeitr\u00e4ge in unserem <a href=\"https:\/\/bolting.eu\/einbohr-blog\/\">Einbohr Blog<\/a> durch.<\/p>\n<h3>Richtig einbohren lernen in unserer Academy<\/h3>\n<p>Das Nachbesetzen der Selbstsichernde Mutter M10 A4 Stahl ist ein Kinderspiel. Das saubere <a href=\"https:\/\/bolting.eu\/kletterroute-einbohren\/\">Kletterrouten Einrichten<\/a> bzw. <a href=\"https:\/\/bolting.eu\/kletterroute-mit-bohrhaken-einrichten\/\">Kletterroute mit Bohrhaken<\/a> einbohren ist da schon viel komplexer.<\/p>\n<p>Wenn du das richtig systematisch erlernen m\u00f6chtest, dann besuche einen Kurs unserer <a href=\"https:\/\/bolting.eu\/academy\/\">bolting.eu Academy<\/a>.<\/p>\n<p>Hier kannst du dich z.B. auf eine <a href=\"https:\/\/bolting.eu\/kletter-infrastruktur\/klettergarten-sanierung\/\">Klettergarten Sanierung<\/a> oder <a href=\"https:\/\/bolting.eu\/kletter-infrastruktur\/klettergarten-errichtung\/\">Klettergarten Errichtung<\/a> professionell vorbereiten.<\/p>\n<h4><strong>Link Tipp<\/strong><\/h4>\n<p>In diesem <a href=\"https:\/\/youtu.be\/cg78FIZR3Xc\" target=\"_blank\" rel=\"noopener noreferrer\">Video<\/a> k\u00f6nnt ihr super sehen, wie Vibrationen die Muttern an an Gewinden lockern k\u00f6nnen. Wie z.B. eben auch an den Bohrhaken.<\/p>\n<p>&nbsp;<\/p>\n","protected":false},"excerpt":{"rendered":"<ul>\n<li>Material: A4 Stahl (Edelstahl)<\/li>\n<li>Gewinde: M10 (f\u00fcr 10mm Bohrhaken)<\/li>\n<li>DIN 984 Norm<\/li>\n<li>n\u00f6tige Schraubenschl\u00fcssel Gr\u00f6\u00dfe: 17<\/li>\n<li><strong>Verpackungseinheit: 10 St\u00fcck<\/strong><\/li>\n<li>Polyamid Ring im Gewinde sorgt f\u00fcr selbstsichernden Effekt<\/li>\n<li>zum Nachbesetzen von abgefallenen Muttern<\/li>\n<li>zum Austausch von Muttern die immer locker werden<\/li>\n<\/ul>\n","protected":false},"featured_media":6713,"comment_status":"open","ping_status":"closed","template":"","meta":[],"product_brand":[],"product_cat":[32,1210],"product_tag":[5949,1498],"class_list":{"0":"post-6708","1":"product","2":"type-product","3":"status-publish","4":"has-post-thumbnail","6":"product_cat-bohrhaken","7":"product_cat-einbohrartikel","8":"product_tag-m10","9":"product_tag-a2-stahl","11":"first","12":"instock","13":"taxable","14":"shipping-taxable","15":"purchasable","16":"product-type-simple"},"yoast_head":"<!-- This site is optimized with the Yoast SEO Premium plugin v26.9 (Yoast SEO v26.9) - https:\/\/yoast.com\/product\/yoast-seo-premium-wordpress\/ -->\n<title>Selbstsichernde Mutter M10 A4 Stahl - 10 St\u00fcck | bolting.eu<\/title>\n<meta name=\"description\" content=\"Hier findest Du die SELBSTSICHERNDE MUTTER M10 A4 STAHL. Eine selbstsichernde M10 Sechskantmutter mit Polyamideinlage im 10-er Pack!\" \/>\n<meta name=\"robots\" content=\"index, follow, max-snippet:-1, max-image-preview:large, max-video-preview:-1\" \/>\n<link rel=\"canonical\" href=\"https:\/\/bolting.eu\/en\/shop\/selbstsichernde-mutter-m10-a4-stahl\/\" \/>\n<meta property=\"og:locale\" content=\"en_US\" \/>\n<meta property=\"og:type\" content=\"article\" \/>\n<meta property=\"og:title\" content=\"Selbstsichernde Mutter M10 A4 Stahl\" \/>\n<meta property=\"og:description\" content=\"Hier findest Du die SELBSTSICHERNDE MUTTER M10 A4 STAHL. Eine selbstsichernde M10 Sechskantmutter mit Polyamideinlage im 10-er Pack!\" \/>\n<meta property=\"og:url\" content=\"https:\/\/bolting.eu\/en\/shop\/selbstsichernde-mutter-m10-a4-stahl\/\" \/>\n<meta property=\"og:site_name\" content=\"bolting.eu\" \/>\n<meta property=\"article:publisher\" content=\"https:\/\/www.facebook.com\/bolting.eu\" \/>\n<meta property=\"article:modified_time\" content=\"2026-03-03T10:21:45+00:00\" \/>\n<meta property=\"og:image\" content=\"https:\/\/bolting.eu\/wp-content\/uploads\/2020\/12\/selbstsichernde-Mutter-M10-A4-Stahl-2.jpg\" \/>\n\t<meta property=\"og:image:width\" content=\"700\" \/>\n\t<meta property=\"og:image:height\" content=\"700\" \/>\n\t<meta property=\"og:image:type\" content=\"image\/jpeg\" \/>\n<meta name=\"twitter:card\" content=\"summary_large_image\" \/>\n<meta name=\"twitter:label1\" content=\"Price\" \/>\n\t<meta name=\"twitter:data1\" content=\"&euro;&nbsp;4,99\" \/>\n\t<meta name=\"twitter:label2\" content=\"Availability\" \/>\n\t<meta name=\"twitter:data2\" content=\"In stock\" \/>\n<script type=\"application\/ld+json\" class=\"yoast-schema-graph\">{\"@context\":\"https:\/\/schema.org\",\"@graph\":[{\"@type\":[\"WebPage\",\"ItemPage\"],\"@id\":\"https:\/\/bolting.eu\/en\/shop\/selbstsichernde-mutter-m10-a4-stahl\/\",\"url\":\"https:\/\/bolting.eu\/en\/shop\/selbstsichernde-mutter-m10-a4-stahl\/\",\"name\":\"Selbstsichernde Mutter M10 A4 Stahl - 10 St\u00fcck | bolting.eu\",\"isPartOf\":{\"@id\":\"https:\/\/bolting.eu\/en\/#website\"},\"primaryImageOfPage\":{\"@id\":\"https:\/\/bolting.eu\/en\/shop\/selbstsichernde-mutter-m10-a4-stahl\/#primaryimage\"},\"image\":{\"@id\":\"https:\/\/bolting.eu\/en\/shop\/selbstsichernde-mutter-m10-a4-stahl\/#primaryimage\"},\"thumbnailUrl\":\"https:\/\/bolting.eu\/wp-content\/uploads\/2020\/12\/selbstsichernde-Mutter-M10-A4-Stahl-2.jpg\",\"datePublished\":\"2020-12-03T08:57:34+00:00\",\"dateModified\":\"2026-03-03T10:21:45+00:00\",\"description\":\"Hier findest Du die SELBSTSICHERNDE MUTTER M10 A4 STAHL. Eine selbstsichernde M10 Sechskantmutter mit Polyamideinlage im 10-er Pack!\",\"breadcrumb\":{\"@id\":\"https:\/\/bolting.eu\/en\/shop\/selbstsichernde-mutter-m10-a4-stahl\/#breadcrumb\"},\"inLanguage\":\"en-US\",\"potentialAction\":[{\"@type\":\"ReadAction\",\"target\":[\"https:\/\/bolting.eu\/en\/shop\/selbstsichernde-mutter-m10-a4-stahl\/\"]}]},{\"@type\":\"ImageObject\",\"inLanguage\":\"en-US\",\"@id\":\"https:\/\/bolting.eu\/en\/shop\/selbstsichernde-mutter-m10-a4-stahl\/#primaryimage\",\"url\":\"https:\/\/bolting.eu\/wp-content\/uploads\/2020\/12\/selbstsichernde-Mutter-M10-A4-Stahl-2.jpg\",\"contentUrl\":\"https:\/\/bolting.eu\/wp-content\/uploads\/2020\/12\/selbstsichernde-Mutter-M10-A4-Stahl-2.jpg\",\"width\":700,\"height\":700,\"caption\":\"Das Bild zeigt eine selbstsichernde Mutter M10 A4 Stahl. Sie ist in Bildmitte auf einem wei\u00dfem Quadrat zu sehen, man erkennt die blaue Polyamid Ringeinlage welche ein Drehen verhindert.\"},{\"@type\":\"BreadcrumbList\",\"@id\":\"https:\/\/bolting.eu\/en\/shop\/selbstsichernde-mutter-m10-a4-stahl\/#breadcrumb\",\"itemListElement\":[{\"@type\":\"ListItem\",\"position\":1,\"name\":\"Shop\",\"item\":\"https:\/\/bolting.eu\/en\/shop\/\"},{\"@type\":\"ListItem\",\"position\":2,\"name\":\"bolting products\",\"item\":\"https:\/\/bolting.eu\/en\/produkt-kategorie\/bolting-products\/\"},{\"@type\":\"ListItem\",\"position\":3,\"name\":\"expansion bolt\",\"item\":\"https:\/\/bolting.eu\/en\/produkt-kategorie\/expansion-bolt\/\"},{\"@type\":\"ListItem\",\"position\":4,\"name\":\"Selbstsichernde Mutter M10 A4 Stahl\"}]},{\"@type\":\"WebSite\",\"@id\":\"https:\/\/bolting.eu\/en\/#website\",\"url\":\"https:\/\/bolting.eu\/en\/\",\"name\":\"bolting.eu\",\"description\":\"we make climbs happen\",\"publisher\":{\"@id\":\"https:\/\/bolting.eu\/en\/#organization\"},\"potentialAction\":[{\"@type\":\"SearchAction\",\"target\":{\"@type\":\"EntryPoint\",\"urlTemplate\":\"https:\/\/bolting.eu\/en\/?s={search_term_string}\"},\"query-input\":{\"@type\":\"PropertyValueSpecification\",\"valueRequired\":true,\"valueName\":\"search_term_string\"}}],\"inLanguage\":\"en-US\"},{\"@type\":[\"Organization\",\"Place\",\"SportingGoodsStore\"],\"@id\":\"https:\/\/bolting.eu\/en\/#organization\",\"name\":\"bolting.eu\",\"url\":\"https:\/\/bolting.eu\/en\/\",\"logo\":{\"@id\":\"https:\/\/bolting.eu\/en\/shop\/selbstsichernde-mutter-m10-a4-stahl\/#local-main-organization-logo\"},\"image\":{\"@id\":\"https:\/\/bolting.eu\/en\/shop\/selbstsichernde-mutter-m10-a4-stahl\/#local-main-organization-logo\"},\"sameAs\":[\"https:\/\/www.facebook.com\/bolting.eu\",\"https:\/\/www.instagram.com\/bolting.eu\/\"],\"address\":{\"@id\":\"https:\/\/bolting.eu\/en\/shop\/selbstsichernde-mutter-m10-a4-stahl\/#local-main-place-address\"},\"geo\":{\"@type\":\"GeoCoordinates\",\"latitude\":\"47.264176340396226\",\"longitude\":\"11.380109057672346\"},\"telephone\":[\"+43 699 19083372\"],\"openingHoursSpecification\":[{\"@type\":\"OpeningHoursSpecification\",\"dayOfWeek\":[\"Monday\",\"Wednesday\",\"Friday\"],\"opens\":\"14:00\",\"closes\":\"18:00\"},{\"@type\":\"OpeningHoursSpecification\",\"dayOfWeek\":[\"Tuesday\",\"Thursday\",\"Saturday\",\"Sunday\"],\"opens\":\"00:00\",\"closes\":\"00:00\"}],\"email\":\"office@bolting.eu\",\"vatID\":\"ATU59999728\",\"priceRange\":\"$$\",\"currenciesAccepted\":\"Euro\"},{\"@type\":\"PostalAddress\",\"@id\":\"https:\/\/bolting.eu\/en\/shop\/selbstsichernde-mutter-m10-a4-stahl\/#local-main-place-address\",\"streetAddress\":\"Fischnalerstra\u00dfe 4\",\"addressLocality\":\"Innsbruck\",\"postalCode\":\"6020\",\"addressRegion\":\"Tirol\",\"addressCountry\":\"AT\"},{\"@type\":\"ImageObject\",\"inLanguage\":\"en-US\",\"@id\":\"https:\/\/bolting.eu\/en\/shop\/selbstsichernde-mutter-m10-a4-stahl\/#local-main-organization-logo\",\"url\":\"https:\/\/bolting.eu\/wp-content\/uploads\/2019\/09\/bolting-logo.png\",\"contentUrl\":\"https:\/\/bolting.eu\/wp-content\/uploads\/2019\/09\/bolting-logo.png\",\"width\":400,\"height\":211,\"caption\":\"bolting.eu\"}]}<\/script>\n<meta property=\"product:price:amount\" content=\"4.99\" \/>\n<meta property=\"product:price:currency\" content=\"EUR\" \/>\n<meta property=\"og:availability\" content=\"instock\" \/>\n<meta property=\"product:availability\" content=\"instock\" \/>\n<meta property=\"product:retailer_item_id\" content=\"104475055-1\" \/>\n<meta property=\"product:condition\" content=\"new\" \/>\n<meta name=\"geo.placename\" content=\"Innsbruck\" \/>\n<meta name=\"geo.position\" content=\"47.264176340396226;11.380109057672346\" \/>\n<meta name=\"geo.region\" content=\"Austria\" \/>\n<!-- \/ Yoast SEO Premium plugin. -->","yoast_head_json":{"title":"Selbstsichernde Mutter M10 A4 Stahl - 10 St\u00fcck | bolting.eu","description":"Hier findest Du die SELBSTSICHERNDE MUTTER M10 A4 STAHL. Eine selbstsichernde M10 Sechskantmutter mit Polyamideinlage im 10-er Pack!","robots":{"index":"index","follow":"follow","max-snippet":"max-snippet:-1","max-image-preview":"max-image-preview:large","max-video-preview":"max-video-preview:-1"},"canonical":"https:\/\/bolting.eu\/en\/shop\/selbstsichernde-mutter-m10-a4-stahl\/","og_locale":"en_US","og_type":"article","og_title":"Selbstsichernde Mutter M10 A4 Stahl","og_description":"Hier findest Du die SELBSTSICHERNDE MUTTER M10 A4 STAHL. Eine selbstsichernde M10 Sechskantmutter mit Polyamideinlage im 10-er Pack!","og_url":"https:\/\/bolting.eu\/en\/shop\/selbstsichernde-mutter-m10-a4-stahl\/","og_site_name":"bolting.eu","article_publisher":"https:\/\/www.facebook.com\/bolting.eu","article_modified_time":"2026-03-03T10:21:45+00:00","og_image":[{"width":700,"height":700,"url":"https:\/\/bolting.eu\/wp-content\/uploads\/2020\/12\/selbstsichernde-Mutter-M10-A4-Stahl-2.jpg","type":"image\/jpeg"}],"twitter_card":"summary_large_image","twitter_misc":{"Price":"&euro;&nbsp;4,99","Availability":"In stock"},"schema":{"@context":"https:\/\/schema.org","@graph":[{"@type":["WebPage","ItemPage"],"@id":"https:\/\/bolting.eu\/en\/shop\/selbstsichernde-mutter-m10-a4-stahl\/","url":"https:\/\/bolting.eu\/en\/shop\/selbstsichernde-mutter-m10-a4-stahl\/","name":"Selbstsichernde Mutter M10 A4 Stahl - 10 St\u00fcck | bolting.eu","isPartOf":{"@id":"https:\/\/bolting.eu\/en\/#website"},"primaryImageOfPage":{"@id":"https:\/\/bolting.eu\/en\/shop\/selbstsichernde-mutter-m10-a4-stahl\/#primaryimage"},"image":{"@id":"https:\/\/bolting.eu\/en\/shop\/selbstsichernde-mutter-m10-a4-stahl\/#primaryimage"},"thumbnailUrl":"https:\/\/bolting.eu\/wp-content\/uploads\/2020\/12\/selbstsichernde-Mutter-M10-A4-Stahl-2.jpg","datePublished":"2020-12-03T08:57:34+00:00","dateModified":"2026-03-03T10:21:45+00:00","description":"Hier findest Du die SELBSTSICHERNDE MUTTER M10 A4 STAHL. Eine selbstsichernde M10 Sechskantmutter mit Polyamideinlage im 10-er Pack!","breadcrumb":{"@id":"https:\/\/bolting.eu\/en\/shop\/selbstsichernde-mutter-m10-a4-stahl\/#breadcrumb"},"inLanguage":"en-US","potentialAction":[{"@type":"ReadAction","target":["https:\/\/bolting.eu\/en\/shop\/selbstsichernde-mutter-m10-a4-stahl\/"]}]},{"@type":"ImageObject","inLanguage":"en-US","@id":"https:\/\/bolting.eu\/en\/shop\/selbstsichernde-mutter-m10-a4-stahl\/#primaryimage","url":"https:\/\/bolting.eu\/wp-content\/uploads\/2020\/12\/selbstsichernde-Mutter-M10-A4-Stahl-2.jpg","contentUrl":"https:\/\/bolting.eu\/wp-content\/uploads\/2020\/12\/selbstsichernde-Mutter-M10-A4-Stahl-2.jpg","width":700,"height":700,"caption":"Das Bild zeigt eine selbstsichernde Mutter M10 A4 Stahl. Sie ist in Bildmitte auf einem wei\u00dfem Quadrat zu sehen, man erkennt die blaue Polyamid Ringeinlage welche ein Drehen verhindert."},{"@type":"BreadcrumbList","@id":"https:\/\/bolting.eu\/en\/shop\/selbstsichernde-mutter-m10-a4-stahl\/#breadcrumb","itemListElement":[{"@type":"ListItem","position":1,"name":"Shop","item":"https:\/\/bolting.eu\/en\/shop\/"},{"@type":"ListItem","position":2,"name":"bolting products","item":"https:\/\/bolting.eu\/en\/produkt-kategorie\/bolting-products\/"},{"@type":"ListItem","position":3,"name":"expansion bolt","item":"https:\/\/bolting.eu\/en\/produkt-kategorie\/expansion-bolt\/"},{"@type":"ListItem","position":4,"name":"Selbstsichernde Mutter M10 A4 Stahl"}]},{"@type":"WebSite","@id":"https:\/\/bolting.eu\/en\/#website","url":"https:\/\/bolting.eu\/en\/","name":"bolting.eu","description":"we make climbs happen","publisher":{"@id":"https:\/\/bolting.eu\/en\/#organization"},"potentialAction":[{"@type":"SearchAction","target":{"@type":"EntryPoint","urlTemplate":"https:\/\/bolting.eu\/en\/?s={search_term_string}"},"query-input":{"@type":"PropertyValueSpecification","valueRequired":true,"valueName":"search_term_string"}}],"inLanguage":"en-US"},{"@type":["Organization","Place","SportingGoodsStore"],"@id":"https:\/\/bolting.eu\/en\/#organization","name":"bolting.eu","url":"https:\/\/bolting.eu\/en\/","logo":{"@id":"https:\/\/bolting.eu\/en\/shop\/selbstsichernde-mutter-m10-a4-stahl\/#local-main-organization-logo"},"image":{"@id":"https:\/\/bolting.eu\/en\/shop\/selbstsichernde-mutter-m10-a4-stahl\/#local-main-organization-logo"},"sameAs":["https:\/\/www.facebook.com\/bolting.eu","https:\/\/www.instagram.com\/bolting.eu\/"],"address":{"@id":"https:\/\/bolting.eu\/en\/shop\/selbstsichernde-mutter-m10-a4-stahl\/#local-main-place-address"},"geo":{"@type":"GeoCoordinates","latitude":"47.264176340396226","longitude":"11.380109057672346"},"telephone":["+43 699 19083372"],"openingHoursSpecification":[{"@type":"OpeningHoursSpecification","dayOfWeek":["Monday","Wednesday","Friday"],"opens":"14:00","closes":"18:00"},{"@type":"OpeningHoursSpecification","dayOfWeek":["Tuesday","Thursday","Saturday","Sunday"],"opens":"00:00","closes":"00:00"}],"email":"office@bolting.eu","vatID":"ATU59999728","priceRange":"$$","currenciesAccepted":"Euro"},{"@type":"PostalAddress","@id":"https:\/\/bolting.eu\/en\/shop\/selbstsichernde-mutter-m10-a4-stahl\/#local-main-place-address","streetAddress":"Fischnalerstra\u00dfe 4","addressLocality":"Innsbruck","postalCode":"6020","addressRegion":"Tirol","addressCountry":"AT"},{"@type":"ImageObject","inLanguage":"en-US","@id":"https:\/\/bolting.eu\/en\/shop\/selbstsichernde-mutter-m10-a4-stahl\/#local-main-organization-logo","url":"https:\/\/bolting.eu\/wp-content\/uploads\/2019\/09\/bolting-logo.png","contentUrl":"https:\/\/bolting.eu\/wp-content\/uploads\/2019\/09\/bolting-logo.png","width":400,"height":211,"caption":"bolting.eu"}]},"product_price_amount":"4.99","product_price_currency":"EUR","og_availability":"instock","product_availability":"instock","product_retailer_item_id":"104475055-1","product_condition":"new","geo.placename":"Innsbruck","geo.position":{"lat":"47.264176340396226","long":"11.380109057672346"},"geo.region":"Austria"},"_links":{"self":[{"href":"https:\/\/bolting.eu\/en\/wp-json\/wp\/v2\/product\/6708","targetHints":{"allow":["GET"]}}],"collection":[{"href":"https:\/\/bolting.eu\/en\/wp-json\/wp\/v2\/product"}],"about":[{"href":"https:\/\/bolting.eu\/en\/wp-json\/wp\/v2\/types\/product"}],"replies":[{"embeddable":true,"href":"https:\/\/bolting.eu\/en\/wp-json\/wp\/v2\/comments?post=6708"}],"wp:featuredmedia":[{"embeddable":true,"href":"https:\/\/bolting.eu\/en\/wp-json\/wp\/v2\/media\/6713"}],"wp:attachment":[{"href":"https:\/\/bolting.eu\/en\/wp-json\/wp\/v2\/media?parent=6708"}],"wp:term":[{"taxonomy":"product_brand","embeddable":true,"href":"https:\/\/bolting.eu\/en\/wp-json\/wp\/v2\/product_brand?post=6708"},{"taxonomy":"product_cat","embeddable":true,"href":"https:\/\/bolting.eu\/en\/wp-json\/wp\/v2\/product_cat?post=6708"},{"taxonomy":"product_tag","embeddable":true,"href":"https:\/\/bolting.eu\/en\/wp-json\/wp\/v2\/product_tag?post=6708"}],"curies":[{"name":"wp","href":"https:\/\/api.w.org\/{rel}","templated":true}]}}