{"id":6692,"date":"2020-12-03T08:04:24","date_gmt":"2020-12-03T07:04:24","guid":{"rendered":"https:\/\/bolting.eu\/?post_type=product&#038;p=6692"},"modified":"2024-08-22T21:31:40","modified_gmt":"2024-08-22T19:31:40","slug":"klettertasche-rockstar-28","status":"publish","type":"product","link":"https:\/\/bolting.eu\/en\/shop\/klettertasche-rockstar-28\/","title":{"rendered":"Klettertasche Rockstar 28"},"content":{"rendered":"<p>Die Klettertasche Rockstar 28 ist eine \u00e4u\u00dferst ger\u00e4umige Umh\u00e4ngetasche. D.h. sie kann sowohl als <a href=\"https:\/\/bolting.eu\/produkt-kategorie\/boulder-ausruestung\/bouldertaschen\/\">Bouldertasche<\/a> als auch als Klettertasche f\u00fcr die Halle oder allein als <a href=\"https:\/\/bolting.eu\/produkt-kategorie\/kletterausruestung\/seilsaecke\/\">Seilsack<\/a> verwendet werden.<\/p>\n<p>Diese Tasche hat drei Haupt Features, welche sie f\u00fcr diese Verwendungszwecke ideal macht.<\/p>\n<p>Erstens das Volumen als Klettertasche. Z.B. f\u00fcr die Kletterhalle. Denn mit 28 Litern passen hier ein kurzes <a href=\"https:\/\/bolting.eu\/produkt-kategorie\/kletterausruestung\/kletterseil\/\">Kletterseil<\/a>, Gurt, <a href=\"https:\/\/bolting.eu\/produkt-kategorie\/klettersteigausruestung\/sicherungsgeraete-klettern\/\">Sicherungsger\u00e4t<\/a> sowie ein paar Klamotten rein.<\/p>\n<p>Zweitens die Form und erneut das Schulter Trage System als Bouldertasche. Denn diese Tasche kann wenig bef\u00fcllt zwischen die Bouldermatten H\u00e4lften gepackt werden.<\/p>\n<p>Sollte die Klettertasche Rockstar 28 prall gef\u00fcllt sein, so kann man sie einerseits um die Schulter h\u00e4ngen. Und andererseits mit den langen Schulterriemen um die <a href=\"https:\/\/bolting.eu\/produkt-kategorie\/boulder-ausruestung\/bouldermatte\/\">Bouldermatte<\/a> h\u00e4ngen.<\/p>\n<p>Drittens die heraustrennbare Seilplane als Seilsack. Denn die 135 x 150cm gro\u00dfe Plane ist perfekt f\u00fcr jedes Seil. In die 28 Liter gro\u00dfe Tasche passt locker ein 70m Seil.<\/p>\n<p>Kurzum. Wer eine vielseitige und robuste Klettertasche sucht, hat sie gefunden!<\/p>\n<h2>Eigenschaften Klettertasche Rockstar 28<\/h2>\n<ul>\n<li>Hersteller: <a href=\"https:\/\/bolting.eu\/produkt-kategorie\/singing-rock\/\">Singing Rock<\/a><\/li>\n<li>Volumen: 28 Liter<\/li>\n<li>Gewicht: 845 Gramm<\/li>\n<li>Material: abriebfester Ripstop Nylon<\/li>\n<li>Boden und Seiten gepolstert<\/li>\n<li>\u00a02 Seitentaschen au\u00dfen<\/li>\n<li>1 RV Innentasche mit Schl\u00fcssel-Clips<\/li>\n<li>heraustrennbare Seilplane 135 x 150cm<\/li>\n<li>verst\u00e4rkter Trageriemen<\/li>\n<li>verstellbarer Schulter Trageriemen gepolstert<\/li>\n<li>2 Alu Verschluss Schnallen<\/li>\n<\/ul>\n<h3>Produktvideo Klettertasche Rockstar 28<\/h3>\n<p>Im folgenden Video stellen wir euch diesen Kletterbag ausf\u00fchrlich vor. Wie ihr sehen werdet, besticht er durch seine Vielseitigkeit.<\/p>\n<p>Klettern, Bouldern oder als Seilsack, dieser Bag passt sich wunderbar euren Bed\u00fcrfnissen an.<\/p>\n<p><iframe loading=\"lazy\" src=\"https:\/\/www.youtube.com\/embed\/szJf6hNaoEo\" width=\"75%\" height=\"350\" frameborder=\"0\" allowfullscreen=\"allowfullscreen\"><span data-mce-type=\"bookmark\" style=\"display: inline-block; width: 0px; overflow: hidden; line-height: 0;\" class=\"mce_SELRES_start\">\ufeff<\/span><\/iframe><\/p>\n<h3>Klettertasche Rockstar 28 &#8211; zum Bouldern<\/h3>\n<p>Dieser Bag eignet sich ideal zum Bouldern. Einfach die Seilplane heraus Zippen, <a href=\"https:\/\/bolting.eu\/boulderausruestung\/\">Boulderausr\u00fcstung<\/a> einpacken, loslegen!<\/p>\n<p><a href=\"https:\/\/bolting.eu\/wp-content\/uploads\/2020\/12\/Klettertasche-Rockstar-28-Singing-Rock-6.jpg\"><img loading=\"lazy\" decoding=\"async\" class=\"alignleft wp-image-6698 size-thumbnail\" src=\"https:\/\/bolting.eu\/wp-content\/uploads\/2020\/12\/Klettertasche-Rockstar-28-Singing-Rock-6-280x280.jpg\" alt=\"\" width=\"280\" height=\"280\" srcset=\"https:\/\/bolting.eu\/wp-content\/uploads\/2020\/12\/Klettertasche-Rockstar-28-Singing-Rock-6-280x280.jpg 280w, https:\/\/bolting.eu\/wp-content\/uploads\/2020\/12\/Klettertasche-Rockstar-28-Singing-Rock-6-247x247.jpg 247w, https:\/\/bolting.eu\/wp-content\/uploads\/2020\/12\/Klettertasche-Rockstar-28-Singing-Rock-6-100x100.jpg 100w, https:\/\/bolting.eu\/wp-content\/uploads\/2020\/12\/Klettertasche-Rockstar-28-Singing-Rock-6-510x510.jpg 510w, https:\/\/bolting.eu\/wp-content\/uploads\/2020\/12\/Klettertasche-Rockstar-28-Singing-Rock-6-400x400.jpg 400w, https:\/\/bolting.eu\/wp-content\/uploads\/2020\/12\/Klettertasche-Rockstar-28-Singing-Rock-6-300x300.jpg 300w, https:\/\/bolting.eu\/wp-content\/uploads\/2020\/12\/Klettertasche-Rockstar-28-Singing-Rock-6-600x600.jpg 600w, https:\/\/bolting.eu\/wp-content\/uploads\/2020\/12\/Klettertasche-Rockstar-28-Singing-Rock-6.jpg 700w\" sizes=\"auto, (max-width: 280px) 100vw, 280px\" \/><\/a>Denn der ger\u00e4umige Innenraum hat Platz f\u00fcr deine ganze Boulderausr\u00fcstung. Es passen locker sowohl die Kletterschuhe, <a href=\"https:\/\/bolting.eu\/produkt-kategorie\/kletterausruestung\/chalkbag\/chalkbag-bouldern\/\">Boulder Chalkbag<\/a> als auch <a href=\"https:\/\/bolting.eu\/produkt-kategorie\/boulder-ausruestung\/boulderfuehrer\/\">Boulderf\u00fchrer<\/a>, Theraband und Jause hinein.<\/p>\n<p>In der RV Tasche kann man zudem locker die Geldb\u00f6rse, Handy und Nagelklippser unterbringen.<\/p>\n<p>Au\u00dfen gibt es \u00fcberdies zwei Seitentaschen. Einmal mit, und einmal ohne Klettverschluss. Hier k\u00f6nnen z.B. die <a href=\"https:\/\/bolting.eu\/produkt-kategorie\/boulder-ausruestung\/boulderbuersten\/\">Boulderb\u00fcrsten<\/a> eingesteckt werden.<\/p>\n<h3>Perfekter Bag f\u00fcr die Halle<\/h3>\n<p>Die Klettertasche Rockstar 28 ist auch klasse als Kletterbag f\u00fcr die Halle. Denn 28 Liter Volumen sind jede Menge.<\/p>\n<p><a href=\"https:\/\/bolting.eu\/wp-content\/uploads\/2020\/12\/Klettertasche-Rockstar-28-Singing-Rock-1.jpg\"><img loading=\"lazy\" decoding=\"async\" class=\"alignleft wp-image-6693 size-thumbnail\" src=\"https:\/\/bolting.eu\/wp-content\/uploads\/2020\/12\/Klettertasche-Rockstar-28-Singing-Rock-1-280x280.jpg\" alt=\"\" width=\"280\" height=\"280\" srcset=\"https:\/\/bolting.eu\/wp-content\/uploads\/2020\/12\/Klettertasche-Rockstar-28-Singing-Rock-1-280x280.jpg 280w, https:\/\/bolting.eu\/wp-content\/uploads\/2020\/12\/Klettertasche-Rockstar-28-Singing-Rock-1-247x247.jpg 247w, https:\/\/bolting.eu\/wp-content\/uploads\/2020\/12\/Klettertasche-Rockstar-28-Singing-Rock-1-100x100.jpg 100w, https:\/\/bolting.eu\/wp-content\/uploads\/2020\/12\/Klettertasche-Rockstar-28-Singing-Rock-1-510x510.jpg 510w, https:\/\/bolting.eu\/wp-content\/uploads\/2020\/12\/Klettertasche-Rockstar-28-Singing-Rock-1-400x400.jpg 400w, https:\/\/bolting.eu\/wp-content\/uploads\/2020\/12\/Klettertasche-Rockstar-28-Singing-Rock-1-300x300.jpg 300w, https:\/\/bolting.eu\/wp-content\/uploads\/2020\/12\/Klettertasche-Rockstar-28-Singing-Rock-1-600x600.jpg 600w, https:\/\/bolting.eu\/wp-content\/uploads\/2020\/12\/Klettertasche-Rockstar-28-Singing-Rock-1.jpg 700w\" sizes=\"auto, (max-width: 280px) 100vw, 280px\" \/><\/a>D.h. hier passt alles f\u00fcr einen Abend im Gym hinein. Erstens ein 30 Meter Seil. Zweitens ein Klettergurt, Kletterschuhe und Chalkbag. Drittens ein paar Klamotten sowie eine Trinkflasche.<\/p>\n<p>In der RV Seitentasche k\u00f6nnt ihr wiederum Handy, Geldtasche und Zutrittskarte perfekt aufbewahren.<\/p>\n<p>Mit der riesigen Seilplane l\u00e4sst sich das Seil zudem bequem am Boden dahin schleifen.<\/p>\n<h4><strong>Link Tipp<\/strong><\/h4>\n<p>Hier geht es zur <a href=\"https:\/\/www.singingrock.com\">Website<\/a> des Hersteller.<\/p>\n","protected":false},"excerpt":{"rendered":"<ul>\n<li>Hersteller: Singing Rock<\/li>\n<li>Volumen: 28 Liter<\/li>\n<li>Gewicht: 845 Gramm<\/li>\n<li>Material: abriebfester Ripstop Nylon<\/li>\n<li>Boden und Seiten gepolstert<\/li>\n<li>\u00a02 Seitentaschen au\u00dfen<\/li>\n<li>1 RV Innentasche mit Schl\u00fcssel-Clips<\/li>\n<li>heraustrennbare Seilplane 135 x 150cm<\/li>\n<li>verst\u00e4rkter Trageriemen<\/li>\n<li>verstellbarer Schulter Trageriemen gepolstert<\/li>\n<li>2 Alu Verschluss Schnallen<\/li>\n<\/ul>\n","protected":false},"featured_media":6697,"comment_status":"open","ping_status":"closed","template":"","meta":[],"product_brand":[],"product_cat":[5284,5416,10937,29],"product_tag":[],"class_list":{"0":"post-6692","1":"product","2":"type-product","3":"status-publish","4":"has-post-thumbnail","6":"product_cat-boulder-ausruestung","7":"product_cat-seilsaecke","8":"product_cat-bouldertaschen","9":"product_cat-kletterausruestung","11":"first","12":"outofstock","13":"taxable","14":"shipping-taxable","15":"purchasable","16":"product-type-simple"},"yoast_head":"<!-- This site is optimized with the Yoast SEO Premium plugin v26.9 (Yoast SEO v26.9) - https:\/\/yoast.com\/product\/yoast-seo-premium-wordpress\/ -->\n<title>Klettertasche Rockstar 28 Singing Rock: g\u00fcnstig online kaufen | bolting.eu<\/title>\n<meta name=\"description\" content=\"Hier findest du die KLETTERTASCHE ROCKSTAR 28 vonSinging Rock. Eine robuste Tasche zum Klettern, Boudern oder als Seilsack!\" \/>\n<meta name=\"robots\" content=\"index, follow, max-snippet:-1, max-image-preview:large, max-video-preview:-1\" \/>\n<link rel=\"canonical\" href=\"https:\/\/bolting.eu\/en\/shop\/klettertasche-rockstar-28\/\" \/>\n<meta property=\"og:locale\" content=\"en_US\" \/>\n<meta property=\"og:type\" content=\"article\" \/>\n<meta property=\"og:title\" content=\"Klettertasche Rockstar 28\" \/>\n<meta property=\"og:description\" content=\"Hier findest du die KLETTERTASCHE ROCKSTAR 28 vonSinging Rock. Eine robuste Tasche zum Klettern, Boudern oder als Seilsack!\" \/>\n<meta property=\"og:url\" content=\"https:\/\/bolting.eu\/en\/shop\/klettertasche-rockstar-28\/\" \/>\n<meta property=\"og:site_name\" content=\"bolting.eu\" \/>\n<meta property=\"article:publisher\" content=\"https:\/\/www.facebook.com\/bolting.eu\" \/>\n<meta property=\"article:modified_time\" content=\"2024-08-22T19:31:40+00:00\" \/>\n<meta property=\"og:image\" content=\"https:\/\/bolting.eu\/wp-content\/uploads\/2020\/12\/Klettertasche-Rockstar-28-Singing-Rock-5.jpg\" \/>\n\t<meta property=\"og:image:width\" content=\"700\" \/>\n\t<meta property=\"og:image:height\" content=\"700\" \/>\n\t<meta property=\"og:image:type\" content=\"image\/jpeg\" \/>\n<meta name=\"twitter:card\" content=\"summary_large_image\" \/>\n<meta name=\"twitter:label1\" content=\"Price\" \/>\n\t<meta name=\"twitter:data1\" content=\"&euro;&nbsp;89,90\" \/>\n\t<meta name=\"twitter:label2\" content=\"Availability\" \/>\n\t<meta name=\"twitter:data2\" content=\"Out of stock\" \/>\n<script type=\"application\/ld+json\" class=\"yoast-schema-graph\">{\"@context\":\"https:\/\/schema.org\",\"@graph\":[{\"@type\":[\"WebPage\",\"ItemPage\"],\"@id\":\"https:\/\/bolting.eu\/en\/shop\/klettertasche-rockstar-28\/\",\"url\":\"https:\/\/bolting.eu\/en\/shop\/klettertasche-rockstar-28\/\",\"name\":\"Klettertasche Rockstar 28 Singing Rock: g\u00fcnstig online kaufen | bolting.eu\",\"isPartOf\":{\"@id\":\"https:\/\/bolting.eu\/en\/#website\"},\"primaryImageOfPage\":{\"@id\":\"https:\/\/bolting.eu\/en\/shop\/klettertasche-rockstar-28\/#primaryimage\"},\"image\":{\"@id\":\"https:\/\/bolting.eu\/en\/shop\/klettertasche-rockstar-28\/#primaryimage\"},\"thumbnailUrl\":\"https:\/\/bolting.eu\/wp-content\/uploads\/2020\/12\/Klettertasche-Rockstar-28-Singing-Rock-5.jpg\",\"datePublished\":\"2020-12-03T07:04:24+00:00\",\"dateModified\":\"2024-08-22T19:31:40+00:00\",\"description\":\"Hier findest du die KLETTERTASCHE ROCKSTAR 28 vonSinging Rock. Eine robuste Tasche zum Klettern, Boudern oder als Seilsack!\",\"breadcrumb\":{\"@id\":\"https:\/\/bolting.eu\/en\/shop\/klettertasche-rockstar-28\/#breadcrumb\"},\"inLanguage\":\"en-US\",\"potentialAction\":[{\"@type\":\"ReadAction\",\"target\":[\"https:\/\/bolting.eu\/en\/shop\/klettertasche-rockstar-28\/\"]}]},{\"@type\":\"ImageObject\",\"inLanguage\":\"en-US\",\"@id\":\"https:\/\/bolting.eu\/en\/shop\/klettertasche-rockstar-28\/#primaryimage\",\"url\":\"https:\/\/bolting.eu\/wp-content\/uploads\/2020\/12\/Klettertasche-Rockstar-28-Singing-Rock-5.jpg\",\"contentUrl\":\"https:\/\/bolting.eu\/wp-content\/uploads\/2020\/12\/Klettertasche-Rockstar-28-Singing-Rock-5.jpg\",\"width\":700,\"height\":700,\"caption\":\"Das Bild zeigt die Klettertasche Rockstar 28 von Singing Rock. Die schwarze Tasche ist mit getsrecktem Schulterriemen in Bildmitte zu sehen. Man erkennt die Verschlussriemen, das silberne Firmenlogo und den Produktnamen.\"},{\"@type\":\"BreadcrumbList\",\"@id\":\"https:\/\/bolting.eu\/en\/shop\/klettertasche-rockstar-28\/#breadcrumb\",\"itemListElement\":[{\"@type\":\"ListItem\",\"position\":1,\"name\":\"Shop\",\"item\":\"https:\/\/bolting.eu\/en\/shop\/\"},{\"@type\":\"ListItem\",\"position\":2,\"name\":\"Boulder Ausr\u00fcstung\",\"item\":\"https:\/\/bolting.eu\/produkt-kategorie\/boulder-ausruestung\/\"},{\"@type\":\"ListItem\",\"position\":3,\"name\":\"Klettertasche Rockstar 28\"}]},{\"@type\":\"WebSite\",\"@id\":\"https:\/\/bolting.eu\/en\/#website\",\"url\":\"https:\/\/bolting.eu\/en\/\",\"name\":\"bolting.eu\",\"description\":\"we make climbs happen\",\"publisher\":{\"@id\":\"https:\/\/bolting.eu\/en\/#organization\"},\"potentialAction\":[{\"@type\":\"SearchAction\",\"target\":{\"@type\":\"EntryPoint\",\"urlTemplate\":\"https:\/\/bolting.eu\/en\/?s={search_term_string}\"},\"query-input\":{\"@type\":\"PropertyValueSpecification\",\"valueRequired\":true,\"valueName\":\"search_term_string\"}}],\"inLanguage\":\"en-US\"},{\"@type\":[\"Organization\",\"Place\",\"SportingGoodsStore\"],\"@id\":\"https:\/\/bolting.eu\/en\/#organization\",\"name\":\"bolting.eu\",\"url\":\"https:\/\/bolting.eu\/en\/\",\"logo\":{\"@id\":\"https:\/\/bolting.eu\/en\/shop\/klettertasche-rockstar-28\/#local-main-organization-logo\"},\"image\":{\"@id\":\"https:\/\/bolting.eu\/en\/shop\/klettertasche-rockstar-28\/#local-main-organization-logo\"},\"sameAs\":[\"https:\/\/www.facebook.com\/bolting.eu\",\"https:\/\/www.instagram.com\/bolting.eu\/\"],\"address\":{\"@id\":\"https:\/\/bolting.eu\/en\/shop\/klettertasche-rockstar-28\/#local-main-place-address\"},\"geo\":{\"@type\":\"GeoCoordinates\",\"latitude\":\"47.264176340396226\",\"longitude\":\"11.380109057672346\"},\"telephone\":[\"+43 699 19083372\"],\"openingHoursSpecification\":[{\"@type\":\"OpeningHoursSpecification\",\"dayOfWeek\":[\"Monday\",\"Wednesday\",\"Friday\"],\"opens\":\"14:00\",\"closes\":\"18:00\"},{\"@type\":\"OpeningHoursSpecification\",\"dayOfWeek\":[\"Tuesday\",\"Thursday\",\"Saturday\",\"Sunday\"],\"opens\":\"00:00\",\"closes\":\"00:00\"}],\"email\":\"office@bolting.eu\",\"vatID\":\"ATU59999728\",\"priceRange\":\"$$\",\"currenciesAccepted\":\"Euro\"},{\"@type\":\"PostalAddress\",\"@id\":\"https:\/\/bolting.eu\/en\/shop\/klettertasche-rockstar-28\/#local-main-place-address\",\"streetAddress\":\"Fischnalerstra\u00dfe 4\",\"addressLocality\":\"Innsbruck\",\"postalCode\":\"6020\",\"addressRegion\":\"Tirol\",\"addressCountry\":\"AT\"},{\"@type\":\"ImageObject\",\"inLanguage\":\"en-US\",\"@id\":\"https:\/\/bolting.eu\/en\/shop\/klettertasche-rockstar-28\/#local-main-organization-logo\",\"url\":\"https:\/\/bolting.eu\/wp-content\/uploads\/2019\/09\/bolting-logo.png\",\"contentUrl\":\"https:\/\/bolting.eu\/wp-content\/uploads\/2019\/09\/bolting-logo.png\",\"width\":400,\"height\":211,\"caption\":\"bolting.eu\"}]}<\/script>\n<meta property=\"product:price:amount\" content=\"89.90\" \/>\n<meta property=\"product:price:currency\" content=\"EUR\" \/>\n<meta property=\"og:availability\" content=\"out of stock\" \/>\n<meta property=\"product:availability\" content=\"out of stock\" \/>\n<meta property=\"product:retailer_item_id\" content=\"C0085BX28\" \/>\n<meta property=\"product:condition\" content=\"new\" \/>\n<meta name=\"geo.placename\" content=\"Innsbruck\" \/>\n<meta name=\"geo.position\" content=\"47.264176340396226;11.380109057672346\" \/>\n<meta name=\"geo.region\" content=\"Austria\" \/>\n<!-- \/ Yoast SEO Premium plugin. -->","yoast_head_json":{"title":"Klettertasche Rockstar 28 Singing Rock: g\u00fcnstig online kaufen | bolting.eu","description":"Hier findest du die KLETTERTASCHE ROCKSTAR 28 vonSinging Rock. Eine robuste Tasche zum Klettern, Boudern oder als Seilsack!","robots":{"index":"index","follow":"follow","max-snippet":"max-snippet:-1","max-image-preview":"max-image-preview:large","max-video-preview":"max-video-preview:-1"},"canonical":"https:\/\/bolting.eu\/en\/shop\/klettertasche-rockstar-28\/","og_locale":"en_US","og_type":"article","og_title":"Klettertasche Rockstar 28","og_description":"Hier findest du die KLETTERTASCHE ROCKSTAR 28 vonSinging Rock. Eine robuste Tasche zum Klettern, Boudern oder als Seilsack!","og_url":"https:\/\/bolting.eu\/en\/shop\/klettertasche-rockstar-28\/","og_site_name":"bolting.eu","article_publisher":"https:\/\/www.facebook.com\/bolting.eu","article_modified_time":"2024-08-22T19:31:40+00:00","og_image":[{"width":700,"height":700,"url":"https:\/\/bolting.eu\/wp-content\/uploads\/2020\/12\/Klettertasche-Rockstar-28-Singing-Rock-5.jpg","type":"image\/jpeg"}],"twitter_card":"summary_large_image","twitter_misc":{"Price":"&euro;&nbsp;89,90","Availability":"Out of stock"},"schema":{"@context":"https:\/\/schema.org","@graph":[{"@type":["WebPage","ItemPage"],"@id":"https:\/\/bolting.eu\/en\/shop\/klettertasche-rockstar-28\/","url":"https:\/\/bolting.eu\/en\/shop\/klettertasche-rockstar-28\/","name":"Klettertasche Rockstar 28 Singing Rock: g\u00fcnstig online kaufen | bolting.eu","isPartOf":{"@id":"https:\/\/bolting.eu\/en\/#website"},"primaryImageOfPage":{"@id":"https:\/\/bolting.eu\/en\/shop\/klettertasche-rockstar-28\/#primaryimage"},"image":{"@id":"https:\/\/bolting.eu\/en\/shop\/klettertasche-rockstar-28\/#primaryimage"},"thumbnailUrl":"https:\/\/bolting.eu\/wp-content\/uploads\/2020\/12\/Klettertasche-Rockstar-28-Singing-Rock-5.jpg","datePublished":"2020-12-03T07:04:24+00:00","dateModified":"2024-08-22T19:31:40+00:00","description":"Hier findest du die KLETTERTASCHE ROCKSTAR 28 vonSinging Rock. Eine robuste Tasche zum Klettern, Boudern oder als Seilsack!","breadcrumb":{"@id":"https:\/\/bolting.eu\/en\/shop\/klettertasche-rockstar-28\/#breadcrumb"},"inLanguage":"en-US","potentialAction":[{"@type":"ReadAction","target":["https:\/\/bolting.eu\/en\/shop\/klettertasche-rockstar-28\/"]}]},{"@type":"ImageObject","inLanguage":"en-US","@id":"https:\/\/bolting.eu\/en\/shop\/klettertasche-rockstar-28\/#primaryimage","url":"https:\/\/bolting.eu\/wp-content\/uploads\/2020\/12\/Klettertasche-Rockstar-28-Singing-Rock-5.jpg","contentUrl":"https:\/\/bolting.eu\/wp-content\/uploads\/2020\/12\/Klettertasche-Rockstar-28-Singing-Rock-5.jpg","width":700,"height":700,"caption":"Das Bild zeigt die Klettertasche Rockstar 28 von Singing Rock. Die schwarze Tasche ist mit getsrecktem Schulterriemen in Bildmitte zu sehen. Man erkennt die Verschlussriemen, das silberne Firmenlogo und den Produktnamen."},{"@type":"BreadcrumbList","@id":"https:\/\/bolting.eu\/en\/shop\/klettertasche-rockstar-28\/#breadcrumb","itemListElement":[{"@type":"ListItem","position":1,"name":"Shop","item":"https:\/\/bolting.eu\/en\/shop\/"},{"@type":"ListItem","position":2,"name":"Boulder Ausr\u00fcstung","item":"https:\/\/bolting.eu\/produkt-kategorie\/boulder-ausruestung\/"},{"@type":"ListItem","position":3,"name":"Klettertasche Rockstar 28"}]},{"@type":"WebSite","@id":"https:\/\/bolting.eu\/en\/#website","url":"https:\/\/bolting.eu\/en\/","name":"bolting.eu","description":"we make climbs happen","publisher":{"@id":"https:\/\/bolting.eu\/en\/#organization"},"potentialAction":[{"@type":"SearchAction","target":{"@type":"EntryPoint","urlTemplate":"https:\/\/bolting.eu\/en\/?s={search_term_string}"},"query-input":{"@type":"PropertyValueSpecification","valueRequired":true,"valueName":"search_term_string"}}],"inLanguage":"en-US"},{"@type":["Organization","Place","SportingGoodsStore"],"@id":"https:\/\/bolting.eu\/en\/#organization","name":"bolting.eu","url":"https:\/\/bolting.eu\/en\/","logo":{"@id":"https:\/\/bolting.eu\/en\/shop\/klettertasche-rockstar-28\/#local-main-organization-logo"},"image":{"@id":"https:\/\/bolting.eu\/en\/shop\/klettertasche-rockstar-28\/#local-main-organization-logo"},"sameAs":["https:\/\/www.facebook.com\/bolting.eu","https:\/\/www.instagram.com\/bolting.eu\/"],"address":{"@id":"https:\/\/bolting.eu\/en\/shop\/klettertasche-rockstar-28\/#local-main-place-address"},"geo":{"@type":"GeoCoordinates","latitude":"47.264176340396226","longitude":"11.380109057672346"},"telephone":["+43 699 19083372"],"openingHoursSpecification":[{"@type":"OpeningHoursSpecification","dayOfWeek":["Monday","Wednesday","Friday"],"opens":"14:00","closes":"18:00"},{"@type":"OpeningHoursSpecification","dayOfWeek":["Tuesday","Thursday","Saturday","Sunday"],"opens":"00:00","closes":"00:00"}],"email":"office@bolting.eu","vatID":"ATU59999728","priceRange":"$$","currenciesAccepted":"Euro"},{"@type":"PostalAddress","@id":"https:\/\/bolting.eu\/en\/shop\/klettertasche-rockstar-28\/#local-main-place-address","streetAddress":"Fischnalerstra\u00dfe 4","addressLocality":"Innsbruck","postalCode":"6020","addressRegion":"Tirol","addressCountry":"AT"},{"@type":"ImageObject","inLanguage":"en-US","@id":"https:\/\/bolting.eu\/en\/shop\/klettertasche-rockstar-28\/#local-main-organization-logo","url":"https:\/\/bolting.eu\/wp-content\/uploads\/2019\/09\/bolting-logo.png","contentUrl":"https:\/\/bolting.eu\/wp-content\/uploads\/2019\/09\/bolting-logo.png","width":400,"height":211,"caption":"bolting.eu"}]},"product_price_amount":"89.90","product_price_currency":"EUR","og_availability":"out of stock","product_availability":"out of stock","product_retailer_item_id":"C0085BX28","product_condition":"new","geo.placename":"Innsbruck","geo.position":{"lat":"47.264176340396226","long":"11.380109057672346"},"geo.region":"Austria"},"_links":{"self":[{"href":"https:\/\/bolting.eu\/en\/wp-json\/wp\/v2\/product\/6692","targetHints":{"allow":["GET"]}}],"collection":[{"href":"https:\/\/bolting.eu\/en\/wp-json\/wp\/v2\/product"}],"about":[{"href":"https:\/\/bolting.eu\/en\/wp-json\/wp\/v2\/types\/product"}],"replies":[{"embeddable":true,"href":"https:\/\/bolting.eu\/en\/wp-json\/wp\/v2\/comments?post=6692"}],"wp:featuredmedia":[{"embeddable":true,"href":"https:\/\/bolting.eu\/en\/wp-json\/wp\/v2\/media\/6697"}],"wp:attachment":[{"href":"https:\/\/bolting.eu\/en\/wp-json\/wp\/v2\/media?parent=6692"}],"wp:term":[{"taxonomy":"product_brand","embeddable":true,"href":"https:\/\/bolting.eu\/en\/wp-json\/wp\/v2\/product_brand?post=6692"},{"taxonomy":"product_cat","embeddable":true,"href":"https:\/\/bolting.eu\/en\/wp-json\/wp\/v2\/product_cat?post=6692"},{"taxonomy":"product_tag","embeddable":true,"href":"https:\/\/bolting.eu\/en\/wp-json\/wp\/v2\/product_tag?post=6692"}],"curies":[{"name":"wp","href":"https:\/\/api.w.org\/{rel}","templated":true}]}}