{"id":6661,"date":"2020-12-01T19:02:00","date_gmt":"2020-12-01T18:02:00","guid":{"rendered":"https:\/\/bolting.eu\/?post_type=product&#038;p=6661"},"modified":"2026-03-25T13:47:08","modified_gmt":"2026-03-25T12:47:08","slug":"rocking-40-singing-rock","status":"publish","type":"product","link":"https:\/\/bolting.eu\/en\/shop\/rocking-40-singing-rock\/","title":{"rendered":"Rocking 40 Singing Rock"},"content":{"rendered":"<p>Der Rocking 40 Singing Rock ist ein super ausget\u00fcftelter Climbing Pack. Hier hat man sich offensichtlich mal richtig viele Gedanken gemacht!<\/p>\n<p>Heraus gekommen ist dabei eine tolle Umsetzung. Denn der <a href=\"https:\/\/bolting.eu\/produkt-kategorie\/kletterausruestung\/kletterrucksack\/\">Kletterrucksack<\/a> l\u00e4sst wirklich keine W\u00fcnsche \u00fcbrig. Zum einen sind die Materialien bestens verarbeitet. Und zum anderen hat man dem Rucksack enorm viel Funktion durch coole Features verliehen.<\/p>\n<p>Kurzum. Wer einen spitzenm\u00e4\u00dfigen Kletterrucksack sucht, findet hier eine empfehlenswerte Option!<\/p>\n<h2>Eigenschaften Rocking 40 Singing Rock<\/h2>\n<ul>\n<li>Hersteller: Singing Rock<\/li>\n<li>Volumen: 40 Liter<\/li>\n<li>Material: super robustes Ripstop Nylon<\/li>\n<li>R\u00fcckenteil, Bodenteil und Front Teil gepolstert &amp; verst\u00e4rkt<\/li>\n<li>Deckeltteil mit Innen und Au\u00dfentasche<\/li>\n<li>Rundum RV im gepolsterten R\u00fcckenteil &#8211; Zugang zum Innenraum<\/li>\n<li>gepolsterte Trageriemen, Brustriemen, H\u00fcftgurt<\/li>\n<li>zwei Materialschlaufen Innen<\/li>\n<li>120 x 140cm Seilplane in eigenem Innenfach<\/li>\n<li>gro\u00dfe Seitentasche mit RV au\u00dfen<\/li>\n<li>verstaubare Seil-Riemen f\u00fcr Top Befestigung<\/li>\n<li>Daisy Chain Schlaufen au\u00dfen<\/li>\n<li>Bungee Cord seitlich<\/li>\n<li>zwei verst\u00e4rkte Trageriemen<\/li>\n<\/ul>\n<h3>Video Rocking 40 Singing Rock<\/h3>\n<p>Ein Bild sagt mehr als 1000 Worte. Deshalb zeigen wir euch im Folgenden ein Vorstellungsvideo von diesem Produkt. Es gibt euch einen super \u00dcberblick zu diesem Produkt!<\/p>\n<p><iframe loading=\"lazy\" src=\"https:\/\/www.youtube.com\/embed\/kumEtrGHOQ8\" width=\"75%\" height=\"350\" frameborder=\"0\" allowfullscreen=\"allowfullscreen\"><span data-mce-type=\"bookmark\" style=\"display: inline-block; width: 0px; overflow: hidden; line-height: 0;\" class=\"mce_SELRES_start\">\ufeff<\/span><\/iframe><\/p>\n<h3>Perfekter Climbing Pack<\/h3>\n<p>F\u00fcr uns kommt der Rocking 40 Singing Rock einem perfekten Kletterrucksack schon ziemlich nahe. Unglaublich all seine Features, oder?<\/p>\n<p>Und gef\u00e4llt zum einen wie robust alle Materialien bzw. die Verarbeitung ist. Denn so h\u00e4lt dieser Bag wirklich sehr lange.<\/p>\n<p>Und zum anderen sind seine Details sehr ausgefeilt. Wie beispielsweise seine gut angeordneten Taschen im Deckel, au\u00dfen auf der Seite sowie auch Innen.<\/p>\n<p>Weiters ist das Zugangssystem sehr gut durchdacht. Sowohl die gro\u00dfe Top \u00d6ffnung als auch der Rundum Zip am R\u00fccken schaffen schnellen Zugriff auf sein Gear<\/p>\n<h3>Gro\u00dfe Innentasche<\/h3>\n<p>Eines der coolsten Details des Rocking 40 Singing Rock ist die gro\u00dfe Innentasche. Hier ist standardm\u00e4\u00dfig die gro\u00dfe Seilplane geparkt.<\/p>\n<p>Da viele Kletterer aber einen separaten <a href=\"https:\/\/bolting.eu\/produkt-kategorie\/seilsaecke\/\">Seilsack<\/a> benutzen, wird dieses Fach dann leer. D.h. hier wird Platz frei f\u00fcr Dinge, welche sonst im normalen Climbing Pack oft irgendwo herum fliegen. Beispielsweise der <a href=\"https:\/\/bolting.eu\/produkt-kategorie\/kletterausruestung\/klettergurte\/\">Klettergurt<\/a>, Trinkflasche oder Theraband zum Aufw\u00e4rmen.<\/p>\n<p>Zus\u00e4tzlich zu den zwei Materialschlaufen ist diese Tasche einfach perfekt!<\/p>\n<h4><strong>Link Tipp<\/strong><\/h4>\n<p>Hier geht es zur <a href=\"https:\/\/www.singingrock.com\" target=\"_blank\" rel=\"noopener noreferrer\">Website<\/a> des Herstellers des Rocking 40 Singing Rock.<\/p>\n<p>&nbsp;<\/p>\n","protected":false},"excerpt":{"rendered":"<ul>\n<li>Hersteller: Singing Rock<\/li>\n<li>Volumen: 40 Liter<\/li>\n<li>Material: super robustes Ripstop Nylon<\/li>\n<li>R\u00fcckenteil, Bodenteil und Front Teil gepolstert &amp; verst\u00e4rkt<\/li>\n<li>Deckelteil mit Innen und Au\u00dfentasche<\/li>\n<li>Rundum RV im gepolsterten R\u00fcckenteil<\/li>\n<li>zwei Materialschlaufen Innen<\/li>\n<li>120 x 140cm Seilplane in eigenem Innenfach<\/li>\n<li>gro\u00dfe Seitentasche mit RV au\u00dfen<\/li>\n<li>Bungee Cord seitlich<\/li>\n<li>zwei verst\u00e4rkte Trageriemen<\/li>\n<\/ul>\n","protected":false},"featured_media":6668,"comment_status":"open","ping_status":"closed","template":"","meta":[],"product_brand":[],"product_cat":[4809,29],"product_tag":[],"class_list":{"0":"post-6661","1":"product","2":"type-product","3":"status-publish","4":"has-post-thumbnail","6":"product_cat-kletterrucksack","7":"product_cat-kletterausruestung","9":"first","10":"instock","11":"taxable","12":"shipping-taxable","13":"purchasable","14":"product-type-simple"},"yoast_head":"<!-- This site is optimized with the Yoast SEO Premium plugin v26.9 (Yoast SEO v26.9) - https:\/\/yoast.com\/product\/yoast-seo-premium-wordpress\/ -->\n<title>Rocking 40 Singing Rock - Climbing Pack onine kaufen | bolting.eu<\/title>\n<meta name=\"description\" content=\"Hier findest Du den Rocking 40 Singing Rock - Climbing Pack. Einen extrem ausget\u00fcftelten Kletterrucksack mit tollen Features!\" \/>\n<meta name=\"robots\" content=\"index, follow, max-snippet:-1, max-image-preview:large, max-video-preview:-1\" \/>\n<link rel=\"canonical\" href=\"https:\/\/bolting.eu\/en\/shop\/rocking-40-singing-rock\/\" \/>\n<meta property=\"og:locale\" content=\"en_US\" \/>\n<meta property=\"og:type\" content=\"article\" \/>\n<meta property=\"og:title\" content=\"Rocking 40 Singing Rock\" \/>\n<meta property=\"og:description\" content=\"Hier findest Du den Rocking 40 Singing Rock - Climbing Pack. Einen extrem ausget\u00fcftelten Kletterrucksack mit tollen Features!\" \/>\n<meta property=\"og:url\" content=\"https:\/\/bolting.eu\/en\/shop\/rocking-40-singing-rock\/\" \/>\n<meta property=\"og:site_name\" content=\"bolting.eu\" \/>\n<meta property=\"article:publisher\" content=\"https:\/\/www.facebook.com\/bolting.eu\" \/>\n<meta property=\"article:modified_time\" content=\"2026-03-25T12:47:08+00:00\" \/>\n<meta property=\"og:image\" content=\"https:\/\/bolting.eu\/wp-content\/uploads\/2020\/12\/Rocking-40-Kletterrucksack-1.jpg\" \/>\n\t<meta property=\"og:image:width\" content=\"700\" \/>\n\t<meta property=\"og:image:height\" content=\"700\" \/>\n\t<meta property=\"og:image:type\" content=\"image\/jpeg\" \/>\n<meta name=\"twitter:card\" content=\"summary_large_image\" \/>\n<meta name=\"twitter:label1\" content=\"Price\" \/>\n\t<meta name=\"twitter:data1\" content=\"&euro;&nbsp;124,90\" \/>\n\t<meta name=\"twitter:label2\" content=\"Availability\" \/>\n\t<meta name=\"twitter:data2\" content=\"In stock\" \/>\n<script type=\"application\/ld+json\" class=\"yoast-schema-graph\">{\"@context\":\"https:\/\/schema.org\",\"@graph\":[{\"@type\":[\"WebPage\",\"ItemPage\"],\"@id\":\"https:\/\/bolting.eu\/en\/shop\/rocking-40-singing-rock\/\",\"url\":\"https:\/\/bolting.eu\/en\/shop\/rocking-40-singing-rock\/\",\"name\":\"Rocking 40 Singing Rock - Climbing Pack onine kaufen | bolting.eu\",\"isPartOf\":{\"@id\":\"https:\/\/bolting.eu\/en\/#website\"},\"primaryImageOfPage\":{\"@id\":\"https:\/\/bolting.eu\/en\/shop\/rocking-40-singing-rock\/#primaryimage\"},\"image\":{\"@id\":\"https:\/\/bolting.eu\/en\/shop\/rocking-40-singing-rock\/#primaryimage\"},\"thumbnailUrl\":\"https:\/\/bolting.eu\/wp-content\/uploads\/2020\/12\/Rocking-40-Kletterrucksack-1.jpg\",\"datePublished\":\"2020-12-01T18:02:00+00:00\",\"dateModified\":\"2026-03-25T12:47:08+00:00\",\"description\":\"Hier findest Du den Rocking 40 Singing Rock - Climbing Pack. Einen extrem ausget\u00fcftelten Kletterrucksack mit tollen Features!\",\"breadcrumb\":{\"@id\":\"https:\/\/bolting.eu\/en\/shop\/rocking-40-singing-rock\/#breadcrumb\"},\"inLanguage\":\"en-US\",\"potentialAction\":[{\"@type\":\"ReadAction\",\"target\":[\"https:\/\/bolting.eu\/en\/shop\/rocking-40-singing-rock\/\"]}]},{\"@type\":\"ImageObject\",\"inLanguage\":\"en-US\",\"@id\":\"https:\/\/bolting.eu\/en\/shop\/rocking-40-singing-rock\/#primaryimage\",\"url\":\"https:\/\/bolting.eu\/wp-content\/uploads\/2020\/12\/Rocking-40-Kletterrucksack-1.jpg\",\"contentUrl\":\"https:\/\/bolting.eu\/wp-content\/uploads\/2020\/12\/Rocking-40-Kletterrucksack-1.jpg\",\"width\":700,\"height\":700,\"caption\":\"Das Bild zeigt den Rocking 40 Singing Rock Climbing Pack. Der schwarze Kletterrucksack steht leicht schr\u00e4g in Bildmitte sodass man viele Details und alle Trageriemen erkennt.\"},{\"@type\":\"BreadcrumbList\",\"@id\":\"https:\/\/bolting.eu\/en\/shop\/rocking-40-singing-rock\/#breadcrumb\",\"itemListElement\":[{\"@type\":\"ListItem\",\"position\":1,\"name\":\"Shop\",\"item\":\"https:\/\/bolting.eu\/en\/shop\/\"},{\"@type\":\"ListItem\",\"position\":2,\"name\":\"climbing equipment\",\"item\":\"https:\/\/bolting.eu\/en\/produkt-kategorie\/climbing-equipment\/\"},{\"@type\":\"ListItem\",\"position\":3,\"name\":\"Rocking 40 Singing Rock\"}]},{\"@type\":\"WebSite\",\"@id\":\"https:\/\/bolting.eu\/en\/#website\",\"url\":\"https:\/\/bolting.eu\/en\/\",\"name\":\"bolting.eu\",\"description\":\"we make climbs happen\",\"publisher\":{\"@id\":\"https:\/\/bolting.eu\/en\/#organization\"},\"potentialAction\":[{\"@type\":\"SearchAction\",\"target\":{\"@type\":\"EntryPoint\",\"urlTemplate\":\"https:\/\/bolting.eu\/en\/?s={search_term_string}\"},\"query-input\":{\"@type\":\"PropertyValueSpecification\",\"valueRequired\":true,\"valueName\":\"search_term_string\"}}],\"inLanguage\":\"en-US\"},{\"@type\":[\"Organization\",\"Place\",\"SportingGoodsStore\"],\"@id\":\"https:\/\/bolting.eu\/en\/#organization\",\"name\":\"bolting.eu\",\"url\":\"https:\/\/bolting.eu\/en\/\",\"logo\":{\"@id\":\"https:\/\/bolting.eu\/en\/shop\/rocking-40-singing-rock\/#local-main-organization-logo\"},\"image\":{\"@id\":\"https:\/\/bolting.eu\/en\/shop\/rocking-40-singing-rock\/#local-main-organization-logo\"},\"sameAs\":[\"https:\/\/www.facebook.com\/bolting.eu\",\"https:\/\/www.instagram.com\/bolting.eu\/\"],\"address\":{\"@id\":\"https:\/\/bolting.eu\/en\/shop\/rocking-40-singing-rock\/#local-main-place-address\"},\"geo\":{\"@type\":\"GeoCoordinates\",\"latitude\":\"47.264176340396226\",\"longitude\":\"11.380109057672346\"},\"telephone\":[\"+43 699 19083372\"],\"openingHoursSpecification\":[{\"@type\":\"OpeningHoursSpecification\",\"dayOfWeek\":[\"Monday\",\"Wednesday\",\"Friday\"],\"opens\":\"14:00\",\"closes\":\"18:00\"},{\"@type\":\"OpeningHoursSpecification\",\"dayOfWeek\":[\"Tuesday\",\"Thursday\",\"Saturday\",\"Sunday\"],\"opens\":\"00:00\",\"closes\":\"00:00\"}],\"email\":\"office@bolting.eu\",\"vatID\":\"ATU59999728\",\"priceRange\":\"$$\",\"currenciesAccepted\":\"Euro\"},{\"@type\":\"PostalAddress\",\"@id\":\"https:\/\/bolting.eu\/en\/shop\/rocking-40-singing-rock\/#local-main-place-address\",\"streetAddress\":\"Fischnalerstra\u00dfe 4\",\"addressLocality\":\"Innsbruck\",\"postalCode\":\"6020\",\"addressRegion\":\"Tirol\",\"addressCountry\":\"AT\"},{\"@type\":\"ImageObject\",\"inLanguage\":\"en-US\",\"@id\":\"https:\/\/bolting.eu\/en\/shop\/rocking-40-singing-rock\/#local-main-organization-logo\",\"url\":\"https:\/\/bolting.eu\/wp-content\/uploads\/2019\/09\/bolting-logo.png\",\"contentUrl\":\"https:\/\/bolting.eu\/wp-content\/uploads\/2019\/09\/bolting-logo.png\",\"width\":400,\"height\":211,\"caption\":\"bolting.eu\"}]}<\/script>\n<meta property=\"og:video\" content=\"https:\/\/www.youtube.com\/embed\/kumEtrGHOQ8\" \/>\n<meta property=\"og:video:type\" content=\"text\/html\" \/>\n<meta property=\"og:video:duration\" content=\"201\" \/>\n<meta property=\"og:video:width\" content=\"480\" \/>\n<meta property=\"og:video:height\" content=\"270\" \/>\n<meta property=\"ya:ovs:adult\" content=\"false\" \/>\n<meta property=\"ya:ovs:upload_date\" content=\"2020-12-01T18:02:00+00:00\" \/>\n<meta property=\"ya:ovs:allow_embed\" content=\"true\" \/>\n<meta property=\"product:price:amount\" content=\"124.90\" \/>\n<meta property=\"product:price:currency\" content=\"EUR\" \/>\n<meta property=\"og:availability\" content=\"instock\" \/>\n<meta property=\"product:availability\" content=\"instock\" \/>\n<meta property=\"product:retailer_item_id\" content=\"C0086BX40\" \/>\n<meta property=\"product:condition\" content=\"new\" \/>\n<meta name=\"geo.placename\" content=\"Innsbruck\" \/>\n<meta name=\"geo.position\" content=\"47.264176340396226;11.380109057672346\" \/>\n<meta name=\"geo.region\" content=\"Austria\" \/>\n<!-- \/ Yoast SEO Premium plugin. -->","yoast_head_json":{"title":"Rocking 40 Singing Rock - Climbing Pack onine kaufen | bolting.eu","description":"Hier findest Du den Rocking 40 Singing Rock - Climbing Pack. Einen extrem ausget\u00fcftelten Kletterrucksack mit tollen Features!","robots":{"index":"index","follow":"follow","max-snippet":"max-snippet:-1","max-image-preview":"max-image-preview:large","max-video-preview":"max-video-preview:-1"},"canonical":"https:\/\/bolting.eu\/en\/shop\/rocking-40-singing-rock\/","og_locale":"en_US","og_type":"article","og_title":"Rocking 40 Singing Rock","og_description":"Hier findest Du den Rocking 40 Singing Rock - Climbing Pack. Einen extrem ausget\u00fcftelten Kletterrucksack mit tollen Features!","og_url":"https:\/\/bolting.eu\/en\/shop\/rocking-40-singing-rock\/","og_site_name":"bolting.eu","article_publisher":"https:\/\/www.facebook.com\/bolting.eu","article_modified_time":"2026-03-25T12:47:08+00:00","og_image":[{"width":700,"height":700,"url":"https:\/\/bolting.eu\/wp-content\/uploads\/2020\/12\/Rocking-40-Kletterrucksack-1.jpg","type":"image\/jpeg"}],"twitter_card":"summary_large_image","twitter_misc":{"Price":"&euro;&nbsp;124,90","Availability":"In stock"},"schema":{"@context":"https:\/\/schema.org","@graph":[{"@type":["WebPage","ItemPage"],"@id":"https:\/\/bolting.eu\/en\/shop\/rocking-40-singing-rock\/","url":"https:\/\/bolting.eu\/en\/shop\/rocking-40-singing-rock\/","name":"Rocking 40 Singing Rock - Climbing Pack onine kaufen | bolting.eu","isPartOf":{"@id":"https:\/\/bolting.eu\/en\/#website"},"primaryImageOfPage":{"@id":"https:\/\/bolting.eu\/en\/shop\/rocking-40-singing-rock\/#primaryimage"},"image":{"@id":"https:\/\/bolting.eu\/en\/shop\/rocking-40-singing-rock\/#primaryimage"},"thumbnailUrl":"https:\/\/bolting.eu\/wp-content\/uploads\/2020\/12\/Rocking-40-Kletterrucksack-1.jpg","datePublished":"2020-12-01T18:02:00+00:00","dateModified":"2026-03-25T12:47:08+00:00","description":"Hier findest Du den Rocking 40 Singing Rock - Climbing Pack. Einen extrem ausget\u00fcftelten Kletterrucksack mit tollen Features!","breadcrumb":{"@id":"https:\/\/bolting.eu\/en\/shop\/rocking-40-singing-rock\/#breadcrumb"},"inLanguage":"en-US","potentialAction":[{"@type":"ReadAction","target":["https:\/\/bolting.eu\/en\/shop\/rocking-40-singing-rock\/"]}]},{"@type":"ImageObject","inLanguage":"en-US","@id":"https:\/\/bolting.eu\/en\/shop\/rocking-40-singing-rock\/#primaryimage","url":"https:\/\/bolting.eu\/wp-content\/uploads\/2020\/12\/Rocking-40-Kletterrucksack-1.jpg","contentUrl":"https:\/\/bolting.eu\/wp-content\/uploads\/2020\/12\/Rocking-40-Kletterrucksack-1.jpg","width":700,"height":700,"caption":"Das Bild zeigt den Rocking 40 Singing Rock Climbing Pack. Der schwarze Kletterrucksack steht leicht schr\u00e4g in Bildmitte sodass man viele Details und alle Trageriemen erkennt."},{"@type":"BreadcrumbList","@id":"https:\/\/bolting.eu\/en\/shop\/rocking-40-singing-rock\/#breadcrumb","itemListElement":[{"@type":"ListItem","position":1,"name":"Shop","item":"https:\/\/bolting.eu\/en\/shop\/"},{"@type":"ListItem","position":2,"name":"climbing equipment","item":"https:\/\/bolting.eu\/en\/produkt-kategorie\/climbing-equipment\/"},{"@type":"ListItem","position":3,"name":"Rocking 40 Singing Rock"}]},{"@type":"WebSite","@id":"https:\/\/bolting.eu\/en\/#website","url":"https:\/\/bolting.eu\/en\/","name":"bolting.eu","description":"we make climbs happen","publisher":{"@id":"https:\/\/bolting.eu\/en\/#organization"},"potentialAction":[{"@type":"SearchAction","target":{"@type":"EntryPoint","urlTemplate":"https:\/\/bolting.eu\/en\/?s={search_term_string}"},"query-input":{"@type":"PropertyValueSpecification","valueRequired":true,"valueName":"search_term_string"}}],"inLanguage":"en-US"},{"@type":["Organization","Place","SportingGoodsStore"],"@id":"https:\/\/bolting.eu\/en\/#organization","name":"bolting.eu","url":"https:\/\/bolting.eu\/en\/","logo":{"@id":"https:\/\/bolting.eu\/en\/shop\/rocking-40-singing-rock\/#local-main-organization-logo"},"image":{"@id":"https:\/\/bolting.eu\/en\/shop\/rocking-40-singing-rock\/#local-main-organization-logo"},"sameAs":["https:\/\/www.facebook.com\/bolting.eu","https:\/\/www.instagram.com\/bolting.eu\/"],"address":{"@id":"https:\/\/bolting.eu\/en\/shop\/rocking-40-singing-rock\/#local-main-place-address"},"geo":{"@type":"GeoCoordinates","latitude":"47.264176340396226","longitude":"11.380109057672346"},"telephone":["+43 699 19083372"],"openingHoursSpecification":[{"@type":"OpeningHoursSpecification","dayOfWeek":["Monday","Wednesday","Friday"],"opens":"14:00","closes":"18:00"},{"@type":"OpeningHoursSpecification","dayOfWeek":["Tuesday","Thursday","Saturday","Sunday"],"opens":"00:00","closes":"00:00"}],"email":"office@bolting.eu","vatID":"ATU59999728","priceRange":"$$","currenciesAccepted":"Euro"},{"@type":"PostalAddress","@id":"https:\/\/bolting.eu\/en\/shop\/rocking-40-singing-rock\/#local-main-place-address","streetAddress":"Fischnalerstra\u00dfe 4","addressLocality":"Innsbruck","postalCode":"6020","addressRegion":"Tirol","addressCountry":"AT"},{"@type":"ImageObject","inLanguage":"en-US","@id":"https:\/\/bolting.eu\/en\/shop\/rocking-40-singing-rock\/#local-main-organization-logo","url":"https:\/\/bolting.eu\/wp-content\/uploads\/2019\/09\/bolting-logo.png","contentUrl":"https:\/\/bolting.eu\/wp-content\/uploads\/2019\/09\/bolting-logo.png","width":400,"height":211,"caption":"bolting.eu"}]},"og_video":"https:\/\/www.youtube.com\/embed\/kumEtrGHOQ8","og_video_type":"text\/html","og_video_duration":"201","og_video_width":"480","og_video_height":"270","ya_ovs_adult":"false","ya_ovs_upload_date":"2020-12-01T18:02:00+00:00","ya_ovs_allow_embed":"true","product_price_amount":"124.90","product_price_currency":"EUR","og_availability":"instock","product_availability":"instock","product_retailer_item_id":"C0086BX40","product_condition":"new","geo.placename":"Innsbruck","geo.position":{"lat":"47.264176340396226","long":"11.380109057672346"},"geo.region":"Austria"},"_links":{"self":[{"href":"https:\/\/bolting.eu\/en\/wp-json\/wp\/v2\/product\/6661","targetHints":{"allow":["GET"]}}],"collection":[{"href":"https:\/\/bolting.eu\/en\/wp-json\/wp\/v2\/product"}],"about":[{"href":"https:\/\/bolting.eu\/en\/wp-json\/wp\/v2\/types\/product"}],"replies":[{"embeddable":true,"href":"https:\/\/bolting.eu\/en\/wp-json\/wp\/v2\/comments?post=6661"}],"wp:featuredmedia":[{"embeddable":true,"href":"https:\/\/bolting.eu\/en\/wp-json\/wp\/v2\/media\/6668"}],"wp:attachment":[{"href":"https:\/\/bolting.eu\/en\/wp-json\/wp\/v2\/media?parent=6661"}],"wp:term":[{"taxonomy":"product_brand","embeddable":true,"href":"https:\/\/bolting.eu\/en\/wp-json\/wp\/v2\/product_brand?post=6661"},{"taxonomy":"product_cat","embeddable":true,"href":"https:\/\/bolting.eu\/en\/wp-json\/wp\/v2\/product_cat?post=6661"},{"taxonomy":"product_tag","embeddable":true,"href":"https:\/\/bolting.eu\/en\/wp-json\/wp\/v2\/product_tag?post=6661"}],"curies":[{"name":"wp","href":"https:\/\/api.w.org\/{rel}","templated":true}]}}