{"id":6657,"date":"2020-12-01T15:41:11","date_gmt":"2020-12-01T14:41:11","guid":{"rendered":"https:\/\/bolting.eu\/?post_type=product&#038;p=6657"},"modified":"2023-09-14T14:54:10","modified_gmt":"2023-09-14T12:54:10","slug":"climbskin-handcreme","status":"publish","type":"product","link":"https:\/\/bolting.eu\/en\/shop\/climbskin-handcreme\/","title":{"rendered":"Climbskin Handcreme"},"content":{"rendered":"<p>Die Climbskin Handcreme ist ein Produkt f\u00fcr Kletterer und Boulderer. Denn sie beinhaltet eine spezielle Mischung aus nat\u00fcrlichen Bestandteilen f\u00fcr extrem stark beanspruchte Haut.<\/p>\n<p><a href=\"https:\/\/bolting.eu\/wp-content\/uploads\/2020\/12\/Climbskin-Handcreme-6.jpg\"><img loading=\"lazy\" decoding=\"async\" class=\"alignleft wp-image-6660 size-thumbnail\" src=\"https:\/\/bolting.eu\/wp-content\/uploads\/2020\/12\/Climbskin-Handcreme-6-280x280.jpg\" alt=\"Das Bild zeigt die Climbskin Handcreme Dose in ge\u00f6ffnetem Zustand. Sie steht in Bildmitte mit dem Deckel rechts angelehnt. Man erkennt die unge\u00f6ffnete Versiegelung des Innenraumes der Dose. Au\u00dfen steht das Logo bzw. der Schriftzug genau zum Betrachter.\" width=\"280\" height=\"280\" srcset=\"https:\/\/bolting.eu\/wp-content\/uploads\/2020\/12\/Climbskin-Handcreme-6-280x280.jpg 280w, https:\/\/bolting.eu\/wp-content\/uploads\/2020\/12\/Climbskin-Handcreme-6-100x100.jpg 100w, https:\/\/bolting.eu\/wp-content\/uploads\/2020\/12\/Climbskin-Handcreme-6-510x510.jpg 510w, https:\/\/bolting.eu\/wp-content\/uploads\/2020\/12\/Climbskin-Handcreme-6-400x400.jpg 400w, https:\/\/bolting.eu\/wp-content\/uploads\/2020\/12\/Climbskin-Handcreme-6-300x300.jpg 300w, https:\/\/bolting.eu\/wp-content\/uploads\/2020\/12\/Climbskin-Handcreme-6-600x600.jpg 600w, https:\/\/bolting.eu\/wp-content\/uploads\/2020\/12\/Climbskin-Handcreme-6.jpg 700w\" sizes=\"auto, (max-width: 280px) 100vw, 280px\" \/><\/a>Diese spezielle Kletterer Handcreme wirkt auf zwei Arten. Zum einen hilft sie durch das Auftragen vor dem Klettern. Denn sie macht die Fingerkuppen etwas geschmeidiger und verhindert so das Einrei\u00dfen. Und zum anderen durch die Behandlung nach dem Klettern. Hierbei hilft sie die Haut zu regenerieren wo n\u00f6tig bzw. die dickere Haut wieder geschmeidig zu bekommen.<\/p>\n<p>Kurzum. Eine bew\u00e4hrte und oft empfohlene Option bei Kletter Handcremen. Je nach eurem Haut Typ bzw. Haut ph-Wert vielleicht auch f\u00fcr Euch. In jedem Fall sollte eine pflegende Handcreme in keine <a href=\"https:\/\/bolting.eu\/kletterausruestung\/\">Kletterausr\u00fcstung<\/a> fehlen!<\/p>\n<h2>Eigenschaften Climbskin Handcreme<\/h2>\n<ul>\n<li>Hersteller: Climbskin<\/li>\n<li>Inhalt: Handcreme mit 8 nat\u00fcrlichen Wirkstoffen<\/li>\n<li>Verpackung: Kunststoff Dose<\/li>\n<li>Inhalt: 30ml<\/li>\n<li>Gewicht: 35 Gramm<\/li>\n<li>spezielle Kletter Handcreme<\/li>\n<li>vor und nach dem Klettern auftragen<\/li>\n<li>fettet nicht<\/li>\n<li>keine k\u00fcnstlichen Zus\u00e4tze!<\/li>\n<li>100% vegan!<\/li>\n<\/ul>\n<h3>Video Climbskin Handcreme<\/h3>\n<p>Einer der Testimonials f\u00fcr dieses Produkt ist Chris Sharma. Daher wollen wir mal ihn auch das Produkt etwas ausf\u00fchrlicher erkl\u00e4ren lassen:<\/p>\n<p><iframe loading=\"lazy\" src=\"https:\/\/www.youtube.com\/embed\/8b4YBqPU1Jk\" width=\"75%\" height=\"350\" frameborder=\"0\" allowfullscreen=\"allowfullscreen\"><span data-mce-type=\"bookmark\" style=\"display: inline-block; width: 0px; overflow: hidden; line-height: 0;\" class=\"mce_SELRES_start\">\ufeff<\/span><\/iframe><\/p>\n<h3>Vor und nach dem Klettern auftragen!<\/h3>\n<p>F\u00fcr die Verwendung der Climbskin Handcreme geben wir euch folgenden Tipp. Tragt die Creme sowohl vor als auch nach dem Klettern auf.<\/p>\n<p>Denn zum einen macht die nicht fettende Creme die Haut vor dem Klettern etwas elastischer. Das hilft gegen raschen Verschlie\u00df und erh\u00f6ht den Grip.<\/p>\n<p>Und zum anderen solltet ihr das Produkt nach dem Klettern verwenden. Zuerst ordentlich die H\u00e4nde waschen. Dann trocknen lassen. Daraufhin die Creme leicht einmassieren.<\/p>\n<p>So regeneriert sich die Haut besser und bleibt an den R\u00e4ndern der Fingerkuppen auch geschmeidig!<\/p>\n<p><strong>Link Tipp<\/strong><\/p>\n<p>Hier geht es zur <a href=\"https:\/\/www.climbskin.com\" target=\"_blank\" rel=\"noopener noreferrer\">Website<\/a> des Herstellers der Climbskin Handcreme.<\/p>\n","protected":false},"excerpt":{"rendered":"<ul>\n<li>Hersteller: Climskin<\/li>\n<li>Inhalt: Handcreme mit 8 nat\u00fcrlichen Wirkstoffen<\/li>\n<li>Verpackung: Kunststoff Dose<\/li>\n<li>Inhalt: 30ml<\/li>\n<li>Gewicht: 35 Gramm<\/li>\n<li>spezielle Kletter Handcreme<\/li>\n<li>vor und nach dem Klettern auftragen<\/li>\n<li>fettet nicht<\/li>\n<li>keine k\u00fcnstlichen Zus\u00e4tze!<\/li>\n<li>100% vegan!<\/li>\n<\/ul>\n","protected":false},"featured_media":6658,"comment_status":"open","ping_status":"closed","template":"","meta":[],"product_brand":[],"product_cat":[6357],"product_tag":[],"class_list":{"0":"post-6657","1":"product","2":"type-product","3":"status-publish","4":"has-post-thumbnail","6":"product_cat-boulder-zubehoer","8":"first","9":"outofstock","10":"sale","11":"taxable","12":"shipping-taxable","13":"purchasable","14":"product-type-simple"},"yoast_head":"<!-- This site is optimized with the Yoast SEO Premium plugin v26.9 (Yoast SEO v26.9) - https:\/\/yoast.com\/product\/yoast-seo-premium-wordpress\/ -->\n<title>Climbskin Handcreme - spezielle Kletterer Handcreme kaufen | bolting.eu<\/title>\n<meta name=\"description\" content=\"Hier findest Du die CLIMBSKIN HANDCREME. Eine Kletterer Handcreme mit 8 nat\u00fcrlichen Wirkstoffen zum Auftragen vor und nach dem Klettern!\" \/>\n<meta name=\"robots\" content=\"index, follow, max-snippet:-1, max-image-preview:large, max-video-preview:-1\" \/>\n<link rel=\"canonical\" href=\"https:\/\/bolting.eu\/en\/shop\/climbskin-handcreme\/\" \/>\n<meta property=\"og:locale\" content=\"en_US\" \/>\n<meta property=\"og:type\" content=\"article\" \/>\n<meta property=\"og:title\" content=\"Climbskin Handcreme\" \/>\n<meta property=\"og:description\" content=\"Hier findest Du die CLIMBSKIN HANDCREME. Eine Kletterer Handcreme mit 8 nat\u00fcrlichen Wirkstoffen zum Auftragen vor und nach dem Klettern!\" \/>\n<meta property=\"og:url\" content=\"https:\/\/bolting.eu\/en\/shop\/climbskin-handcreme\/\" \/>\n<meta property=\"og:site_name\" content=\"bolting.eu\" \/>\n<meta property=\"article:publisher\" content=\"https:\/\/www.facebook.com\/bolting.eu\" \/>\n<meta property=\"article:modified_time\" content=\"2023-09-14T12:54:10+00:00\" \/>\n<meta property=\"og:image\" content=\"https:\/\/bolting.eu\/wp-content\/uploads\/2020\/12\/Climbskin-Handcreme-4.jpg\" \/>\n\t<meta property=\"og:image:width\" content=\"700\" \/>\n\t<meta property=\"og:image:height\" content=\"700\" \/>\n\t<meta property=\"og:image:type\" content=\"image\/jpeg\" \/>\n<meta name=\"twitter:card\" content=\"summary_large_image\" \/>\n<meta name=\"twitter:label1\" content=\"Price\" \/>\n\t<meta name=\"twitter:data1\" content=\"&euro;&nbsp;15,00\" \/>\n\t<meta name=\"twitter:label2\" content=\"Availability\" \/>\n\t<meta name=\"twitter:data2\" content=\"Out of stock\" \/>\n<script type=\"application\/ld+json\" class=\"yoast-schema-graph\">{\"@context\":\"https:\/\/schema.org\",\"@graph\":[{\"@type\":[\"WebPage\",\"ItemPage\"],\"@id\":\"https:\/\/bolting.eu\/en\/shop\/climbskin-handcreme\/\",\"url\":\"https:\/\/bolting.eu\/en\/shop\/climbskin-handcreme\/\",\"name\":\"Climbskin Handcreme - spezielle Kletterer Handcreme kaufen | bolting.eu\",\"isPartOf\":{\"@id\":\"https:\/\/bolting.eu\/en\/#website\"},\"primaryImageOfPage\":{\"@id\":\"https:\/\/bolting.eu\/en\/shop\/climbskin-handcreme\/#primaryimage\"},\"image\":{\"@id\":\"https:\/\/bolting.eu\/en\/shop\/climbskin-handcreme\/#primaryimage\"},\"thumbnailUrl\":\"https:\/\/bolting.eu\/wp-content\/uploads\/2020\/12\/Climbskin-Handcreme-4.jpg\",\"datePublished\":\"2020-12-01T14:41:11+00:00\",\"dateModified\":\"2023-09-14T12:54:10+00:00\",\"description\":\"Hier findest Du die CLIMBSKIN HANDCREME. Eine Kletterer Handcreme mit 8 nat\u00fcrlichen Wirkstoffen zum Auftragen vor und nach dem Klettern!\",\"breadcrumb\":{\"@id\":\"https:\/\/bolting.eu\/en\/shop\/climbskin-handcreme\/#breadcrumb\"},\"inLanguage\":\"en-US\",\"potentialAction\":[{\"@type\":\"ReadAction\",\"target\":[\"https:\/\/bolting.eu\/en\/shop\/climbskin-handcreme\/\"]}]},{\"@type\":\"ImageObject\",\"inLanguage\":\"en-US\",\"@id\":\"https:\/\/bolting.eu\/en\/shop\/climbskin-handcreme\/#primaryimage\",\"url\":\"https:\/\/bolting.eu\/wp-content\/uploads\/2020\/12\/Climbskin-Handcreme-4.jpg\",\"contentUrl\":\"https:\/\/bolting.eu\/wp-content\/uploads\/2020\/12\/Climbskin-Handcreme-4.jpg\",\"width\":700,\"height\":700,\"caption\":\"Das Bild zeigt die Climbskin Handcreme Dose in unge\u00f6ffnetem Zustand. Sie steht in Bildmitte dem Logo bzw. dem Schriftzug genau zum Betrachter.\"},{\"@type\":\"BreadcrumbList\",\"@id\":\"https:\/\/bolting.eu\/en\/shop\/climbskin-handcreme\/#breadcrumb\",\"itemListElement\":[{\"@type\":\"ListItem\",\"position\":1,\"name\":\"Shop\",\"item\":\"https:\/\/bolting.eu\/en\/shop\/\"},{\"@type\":\"ListItem\",\"position\":2,\"name\":\"Boulder Ausr\u00fcstung\",\"item\":\"https:\/\/bolting.eu\/produkt-kategorie\/boulder-ausruestung\/\"},{\"@type\":\"ListItem\",\"position\":3,\"name\":\"Boulder accessories\",\"item\":\"https:\/\/bolting.eu\/en\/produkt-kategorie\/boulder-accessories\/\"},{\"@type\":\"ListItem\",\"position\":4,\"name\":\"Climbskin Handcreme\"}]},{\"@type\":\"WebSite\",\"@id\":\"https:\/\/bolting.eu\/en\/#website\",\"url\":\"https:\/\/bolting.eu\/en\/\",\"name\":\"bolting.eu\",\"description\":\"we make climbs happen\",\"publisher\":{\"@id\":\"https:\/\/bolting.eu\/en\/#organization\"},\"potentialAction\":[{\"@type\":\"SearchAction\",\"target\":{\"@type\":\"EntryPoint\",\"urlTemplate\":\"https:\/\/bolting.eu\/en\/?s={search_term_string}\"},\"query-input\":{\"@type\":\"PropertyValueSpecification\",\"valueRequired\":true,\"valueName\":\"search_term_string\"}}],\"inLanguage\":\"en-US\"},{\"@type\":[\"Organization\",\"Place\",\"SportingGoodsStore\"],\"@id\":\"https:\/\/bolting.eu\/en\/#organization\",\"name\":\"bolting.eu\",\"url\":\"https:\/\/bolting.eu\/en\/\",\"logo\":{\"@id\":\"https:\/\/bolting.eu\/en\/shop\/climbskin-handcreme\/#local-main-organization-logo\"},\"image\":{\"@id\":\"https:\/\/bolting.eu\/en\/shop\/climbskin-handcreme\/#local-main-organization-logo\"},\"sameAs\":[\"https:\/\/www.facebook.com\/bolting.eu\",\"https:\/\/www.instagram.com\/bolting.eu\/\"],\"address\":{\"@id\":\"https:\/\/bolting.eu\/en\/shop\/climbskin-handcreme\/#local-main-place-address\"},\"geo\":{\"@type\":\"GeoCoordinates\",\"latitude\":\"47.264176340396226\",\"longitude\":\"11.380109057672346\"},\"telephone\":[\"+43 699 19083372\"],\"openingHoursSpecification\":[{\"@type\":\"OpeningHoursSpecification\",\"dayOfWeek\":[\"Monday\",\"Wednesday\",\"Friday\"],\"opens\":\"14:00\",\"closes\":\"18:00\"},{\"@type\":\"OpeningHoursSpecification\",\"dayOfWeek\":[\"Tuesday\",\"Thursday\",\"Saturday\",\"Sunday\"],\"opens\":\"00:00\",\"closes\":\"00:00\"}],\"email\":\"office@bolting.eu\",\"vatID\":\"ATU59999728\",\"priceRange\":\"$$\",\"currenciesAccepted\":\"Euro\"},{\"@type\":\"PostalAddress\",\"@id\":\"https:\/\/bolting.eu\/en\/shop\/climbskin-handcreme\/#local-main-place-address\",\"streetAddress\":\"Fischnalerstra\u00dfe 4\",\"addressLocality\":\"Innsbruck\",\"postalCode\":\"6020\",\"addressRegion\":\"Tirol\",\"addressCountry\":\"AT\"},{\"@type\":\"ImageObject\",\"inLanguage\":\"en-US\",\"@id\":\"https:\/\/bolting.eu\/en\/shop\/climbskin-handcreme\/#local-main-organization-logo\",\"url\":\"https:\/\/bolting.eu\/wp-content\/uploads\/2019\/09\/bolting-logo.png\",\"contentUrl\":\"https:\/\/bolting.eu\/wp-content\/uploads\/2019\/09\/bolting-logo.png\",\"width\":400,\"height\":211,\"caption\":\"bolting.eu\"}]}<\/script>\n<meta property=\"product:price:amount\" content=\"15.00\" \/>\n<meta property=\"product:price:currency\" content=\"EUR\" \/>\n<meta property=\"og:availability\" content=\"out of stock\" \/>\n<meta property=\"product:availability\" content=\"out of stock\" \/>\n<meta property=\"product:retailer_item_id\" content=\"E50000\" \/>\n<meta property=\"product:condition\" content=\"new\" \/>\n<meta name=\"geo.placename\" content=\"Innsbruck\" \/>\n<meta name=\"geo.position\" content=\"47.264176340396226;11.380109057672346\" \/>\n<meta name=\"geo.region\" content=\"Austria\" \/>\n<!-- \/ Yoast SEO Premium plugin. -->","yoast_head_json":{"title":"Climbskin Handcreme - spezielle Kletterer Handcreme kaufen | bolting.eu","description":"Hier findest Du die CLIMBSKIN HANDCREME. Eine Kletterer Handcreme mit 8 nat\u00fcrlichen Wirkstoffen zum Auftragen vor und nach dem Klettern!","robots":{"index":"index","follow":"follow","max-snippet":"max-snippet:-1","max-image-preview":"max-image-preview:large","max-video-preview":"max-video-preview:-1"},"canonical":"https:\/\/bolting.eu\/en\/shop\/climbskin-handcreme\/","og_locale":"en_US","og_type":"article","og_title":"Climbskin Handcreme","og_description":"Hier findest Du die CLIMBSKIN HANDCREME. Eine Kletterer Handcreme mit 8 nat\u00fcrlichen Wirkstoffen zum Auftragen vor und nach dem Klettern!","og_url":"https:\/\/bolting.eu\/en\/shop\/climbskin-handcreme\/","og_site_name":"bolting.eu","article_publisher":"https:\/\/www.facebook.com\/bolting.eu","article_modified_time":"2023-09-14T12:54:10+00:00","og_image":[{"width":700,"height":700,"url":"https:\/\/bolting.eu\/wp-content\/uploads\/2020\/12\/Climbskin-Handcreme-4.jpg","type":"image\/jpeg"}],"twitter_card":"summary_large_image","twitter_misc":{"Price":"&euro;&nbsp;15,00","Availability":"Out of stock"},"schema":{"@context":"https:\/\/schema.org","@graph":[{"@type":["WebPage","ItemPage"],"@id":"https:\/\/bolting.eu\/en\/shop\/climbskin-handcreme\/","url":"https:\/\/bolting.eu\/en\/shop\/climbskin-handcreme\/","name":"Climbskin Handcreme - spezielle Kletterer Handcreme kaufen | bolting.eu","isPartOf":{"@id":"https:\/\/bolting.eu\/en\/#website"},"primaryImageOfPage":{"@id":"https:\/\/bolting.eu\/en\/shop\/climbskin-handcreme\/#primaryimage"},"image":{"@id":"https:\/\/bolting.eu\/en\/shop\/climbskin-handcreme\/#primaryimage"},"thumbnailUrl":"https:\/\/bolting.eu\/wp-content\/uploads\/2020\/12\/Climbskin-Handcreme-4.jpg","datePublished":"2020-12-01T14:41:11+00:00","dateModified":"2023-09-14T12:54:10+00:00","description":"Hier findest Du die CLIMBSKIN HANDCREME. Eine Kletterer Handcreme mit 8 nat\u00fcrlichen Wirkstoffen zum Auftragen vor und nach dem Klettern!","breadcrumb":{"@id":"https:\/\/bolting.eu\/en\/shop\/climbskin-handcreme\/#breadcrumb"},"inLanguage":"en-US","potentialAction":[{"@type":"ReadAction","target":["https:\/\/bolting.eu\/en\/shop\/climbskin-handcreme\/"]}]},{"@type":"ImageObject","inLanguage":"en-US","@id":"https:\/\/bolting.eu\/en\/shop\/climbskin-handcreme\/#primaryimage","url":"https:\/\/bolting.eu\/wp-content\/uploads\/2020\/12\/Climbskin-Handcreme-4.jpg","contentUrl":"https:\/\/bolting.eu\/wp-content\/uploads\/2020\/12\/Climbskin-Handcreme-4.jpg","width":700,"height":700,"caption":"Das Bild zeigt die Climbskin Handcreme Dose in unge\u00f6ffnetem Zustand. Sie steht in Bildmitte dem Logo bzw. dem Schriftzug genau zum Betrachter."},{"@type":"BreadcrumbList","@id":"https:\/\/bolting.eu\/en\/shop\/climbskin-handcreme\/#breadcrumb","itemListElement":[{"@type":"ListItem","position":1,"name":"Shop","item":"https:\/\/bolting.eu\/en\/shop\/"},{"@type":"ListItem","position":2,"name":"Boulder Ausr\u00fcstung","item":"https:\/\/bolting.eu\/produkt-kategorie\/boulder-ausruestung\/"},{"@type":"ListItem","position":3,"name":"Boulder accessories","item":"https:\/\/bolting.eu\/en\/produkt-kategorie\/boulder-accessories\/"},{"@type":"ListItem","position":4,"name":"Climbskin Handcreme"}]},{"@type":"WebSite","@id":"https:\/\/bolting.eu\/en\/#website","url":"https:\/\/bolting.eu\/en\/","name":"bolting.eu","description":"we make climbs happen","publisher":{"@id":"https:\/\/bolting.eu\/en\/#organization"},"potentialAction":[{"@type":"SearchAction","target":{"@type":"EntryPoint","urlTemplate":"https:\/\/bolting.eu\/en\/?s={search_term_string}"},"query-input":{"@type":"PropertyValueSpecification","valueRequired":true,"valueName":"search_term_string"}}],"inLanguage":"en-US"},{"@type":["Organization","Place","SportingGoodsStore"],"@id":"https:\/\/bolting.eu\/en\/#organization","name":"bolting.eu","url":"https:\/\/bolting.eu\/en\/","logo":{"@id":"https:\/\/bolting.eu\/en\/shop\/climbskin-handcreme\/#local-main-organization-logo"},"image":{"@id":"https:\/\/bolting.eu\/en\/shop\/climbskin-handcreme\/#local-main-organization-logo"},"sameAs":["https:\/\/www.facebook.com\/bolting.eu","https:\/\/www.instagram.com\/bolting.eu\/"],"address":{"@id":"https:\/\/bolting.eu\/en\/shop\/climbskin-handcreme\/#local-main-place-address"},"geo":{"@type":"GeoCoordinates","latitude":"47.264176340396226","longitude":"11.380109057672346"},"telephone":["+43 699 19083372"],"openingHoursSpecification":[{"@type":"OpeningHoursSpecification","dayOfWeek":["Monday","Wednesday","Friday"],"opens":"14:00","closes":"18:00"},{"@type":"OpeningHoursSpecification","dayOfWeek":["Tuesday","Thursday","Saturday","Sunday"],"opens":"00:00","closes":"00:00"}],"email":"office@bolting.eu","vatID":"ATU59999728","priceRange":"$$","currenciesAccepted":"Euro"},{"@type":"PostalAddress","@id":"https:\/\/bolting.eu\/en\/shop\/climbskin-handcreme\/#local-main-place-address","streetAddress":"Fischnalerstra\u00dfe 4","addressLocality":"Innsbruck","postalCode":"6020","addressRegion":"Tirol","addressCountry":"AT"},{"@type":"ImageObject","inLanguage":"en-US","@id":"https:\/\/bolting.eu\/en\/shop\/climbskin-handcreme\/#local-main-organization-logo","url":"https:\/\/bolting.eu\/wp-content\/uploads\/2019\/09\/bolting-logo.png","contentUrl":"https:\/\/bolting.eu\/wp-content\/uploads\/2019\/09\/bolting-logo.png","width":400,"height":211,"caption":"bolting.eu"}]},"product_price_amount":"15.00","product_price_currency":"EUR","og_availability":"out of stock","product_availability":"out of stock","product_retailer_item_id":"E50000","product_condition":"new","geo.placename":"Innsbruck","geo.position":{"lat":"47.264176340396226","long":"11.380109057672346"},"geo.region":"Austria"},"_links":{"self":[{"href":"https:\/\/bolting.eu\/en\/wp-json\/wp\/v2\/product\/6657","targetHints":{"allow":["GET"]}}],"collection":[{"href":"https:\/\/bolting.eu\/en\/wp-json\/wp\/v2\/product"}],"about":[{"href":"https:\/\/bolting.eu\/en\/wp-json\/wp\/v2\/types\/product"}],"replies":[{"embeddable":true,"href":"https:\/\/bolting.eu\/en\/wp-json\/wp\/v2\/comments?post=6657"}],"wp:featuredmedia":[{"embeddable":true,"href":"https:\/\/bolting.eu\/en\/wp-json\/wp\/v2\/media\/6658"}],"wp:attachment":[{"href":"https:\/\/bolting.eu\/en\/wp-json\/wp\/v2\/media?parent=6657"}],"wp:term":[{"taxonomy":"product_brand","embeddable":true,"href":"https:\/\/bolting.eu\/en\/wp-json\/wp\/v2\/product_brand?post=6657"},{"taxonomy":"product_cat","embeddable":true,"href":"https:\/\/bolting.eu\/en\/wp-json\/wp\/v2\/product_cat?post=6657"},{"taxonomy":"product_tag","embeddable":true,"href":"https:\/\/bolting.eu\/en\/wp-json\/wp\/v2\/product_tag?post=6657"}],"curies":[{"name":"wp","href":"https:\/\/api.w.org\/{rel}","templated":true}]}}