{"id":6650,"date":"2020-12-01T14:15:00","date_gmt":"2020-12-01T13:15:00","guid":{"rendered":"https:\/\/bolting.eu\/?post_type=product&#038;p=6650"},"modified":"2024-09-23T17:22:56","modified_gmt":"2024-09-23T15:22:56","slug":"kletterer-hautfeile-climbskin","status":"publish","type":"product","link":"https:\/\/bolting.eu\/en\/shop\/kletterer-hautfeile-climbskin\/","title":{"rendered":"Kletterer Hautfeile Climbskin"},"content":{"rendered":"<p>Die Kletterer Hautfeile Climbskin ist ein wichtiges <a href=\"https:\/\/bolting.eu\/produkt-kategorie\/boulder-ausruestung\/boulder-zubehoer\/\">Boulderzubeh\u00f6r<\/a>. Denn diese Feile sorgt f\u00fcr die passende Pflege der Haut auf euren Kletterfingern.<\/p>\n<p>Denn zum einen kann man damit &#8220;Schwielen&#8221; in den Griff bekommen. D.h. die verdickten Hautstellen wie man sie beim Hallenklettern gerne bekommt.<\/p>\n<p>Und zum anderen kann man die Haut an den Fingerkuppen bewusst abfeilen. Das ist z.B. erw\u00fcnscht wenn man &#8220;Cuts&#8221; hat und der \u00dcbergang zur intakten Haut &#8220;soft&#8221; sein soll. Dar\u00fcber hinaus kann man damit aber auch kleine Hautfetzen abfeilen. Diese entstehen z.B. auf scharfen Leisten. Damit die Haut dann hier nicht einrei\u00dft geh\u00f6rt sie abgefeilt.<\/p>\n<p>Kurzum. Ein extrem wichtiges Tool das jeder Boulderer bzw. Kletterer stets dabei haben sollte.<\/p>\n<h3>Eigenschaften Kletterer Hautfeile Climbskin<\/h3>\n<ul>\n<li>Hersteller: Climbskin<\/li>\n<li>Material: Holz bzw. Schleifpapier<\/li>\n<li>grobe und feine Seite<\/li>\n<li>inkl. Anh\u00e4ngeschlaufe<\/li>\n<li>inkl. je 2 Ersatz Schleifpapier Aufs\u00e4tzen zum einfachen aufkleben<\/li>\n<li>perfekt f\u00fcr die Hautpflege von Kletterern<\/li>\n<\/ul>\n<h3>Wieso Kletterer Hautfeile Climbskin?<\/h3>\n<p>Wieso m\u00f6chte man Haut \u00fcberhaupt weg feilen? Hat man denn nich genau das umgekehrte Problem, n\u00e4mlich zu wenig Haut?<\/p>\n<p>Wir wollen euch hier etwas tiefergehend aufkl\u00e4ren. Denn was man mit der Hautfeile macht, ist die Haut sch\u00f6n elastisch zu halten.<\/p>\n<p><a href=\"https:\/\/bolting.eu\/wp-content\/uploads\/2020\/12\/Kletterer-Hautfeile-Climbskin-3.jpg\"><img loading=\"lazy\" decoding=\"async\" class=\"alignleft wp-image-6653 size-thumbnail\" src=\"https:\/\/bolting.eu\/wp-content\/uploads\/2020\/12\/Kletterer-Hautfeile-Climbskin-3-280x280.jpg\" alt=\"Das Bild zeigt wie ein Kletterer seine Finger mit einer Hautfeile pflegt. MAn sieht wie er mit einer HAnd die Feile h\u00e4lt und die Finger der anderen Hand abschleift.\" width=\"280\" height=\"280\" srcset=\"https:\/\/bolting.eu\/wp-content\/uploads\/2020\/12\/Kletterer-Hautfeile-Climbskin-3-280x280.jpg 280w, https:\/\/bolting.eu\/wp-content\/uploads\/2020\/12\/Kletterer-Hautfeile-Climbskin-3-100x100.jpg 100w, https:\/\/bolting.eu\/wp-content\/uploads\/2020\/12\/Kletterer-Hautfeile-Climbskin-3-510x510.jpg 510w, https:\/\/bolting.eu\/wp-content\/uploads\/2020\/12\/Kletterer-Hautfeile-Climbskin-3-400x400.jpg 400w, https:\/\/bolting.eu\/wp-content\/uploads\/2020\/12\/Kletterer-Hautfeile-Climbskin-3-300x300.jpg 300w, https:\/\/bolting.eu\/wp-content\/uploads\/2020\/12\/Kletterer-Hautfeile-Climbskin-3-600x600.jpg 600w, https:\/\/bolting.eu\/wp-content\/uploads\/2020\/12\/Kletterer-Hautfeile-Climbskin-3.jpg 700w\" sizes=\"auto, (max-width: 280px) 100vw, 280px\" \/><\/a>Zum einen als Haut wegfeilen wo sie zu dick ist. Denn dort rei\u00dft sie leicht ein. Zudem hat man bei zu viel Hornhaut keinen optimalen Grip mehr.<\/p>\n<p>Und zum anderen feilt man \u00fcberall dort Haut weg, wo es zu gro\u00dfe Dickenunterschiede gibt. Z.B. seitlich der Fingerkuppen oder bei kleinen aufgerollten Hautfalten.<\/p>\n<p>&nbsp;<\/p>\n<h3>Haut auch richtig pflegen!<\/h3>\n<p>Mit der Kletterer Hautfeile Climbskin alleine ist es aber nicht getan. Ihr m\u00fcsst Eure Haut auch richtig pflegen.<\/p>\n<ul>\n<li>nach dem Klettern H\u00e4nde gut waschen<\/li>\n<li>Fingerkuppen leicht eincremenWir empfehlen euch eine Creme Eurer Wahl, wie z.B. die Climbskin Handcreme.<\/li>\n<li>dicke Haut regelm\u00e4\u00dfig abfeilen<\/li>\n<\/ul>\n<p>&nbsp;<\/p>\n<h4><strong>Link Tipp<\/strong><\/h4>\n<p>Hier geht es zur <a href=\"https:\/\/www.climbskin.com\" target=\"_blank\" rel=\"noopener noreferrer\">Website<\/a> des Herstellers.<\/p>\n","protected":false},"excerpt":{"rendered":"<ul>\n<li>Hersteller: Climbskin<\/li>\n<li>Material: Holz bzw. Schleifpapier<\/li>\n<li>grobe und feine Seite<\/li>\n<li>inkl. Anh\u00e4ngeschlaufe<\/li>\n<li>inkl. je 2 Ersatz Schleifpapier Aufs\u00e4tzen zum einfachen aufkleben<\/li>\n<li>perfekt f\u00fcr die Hautpflege von Kletterern<\/li>\n<\/ul>\n","protected":false},"featured_media":6652,"comment_status":"open","ping_status":"closed","template":"","meta":[],"product_brand":[],"product_cat":[5061,5284,29,6357],"product_tag":[],"class_list":{"0":"post-6650","1":"product","2":"type-product","3":"status-publish","4":"has-post-thumbnail","6":"product_cat-kletterzubehoer","7":"product_cat-boulder-ausruestung","8":"product_cat-kletterausruestung","9":"product_cat-boulder-zubehoer","11":"first","12":"outofstock","13":"taxable","14":"shipping-taxable","15":"purchasable","16":"product-type-simple"},"yoast_head":"<!-- This site is optimized with the Yoast SEO Premium plugin v26.9 (Yoast SEO v26.9) - https:\/\/yoast.com\/product\/yoast-seo-premium-wordpress\/ -->\n<title>Kletterer Hautfeile Climbskin g\u00fcnstig online kaufen | bolting.eu<\/title>\n<meta name=\"description\" content=\"Hier findest Du die KLETTERER HAUTFEILE CLIMBSKIN. Eine Feile aus Holz mit grobem und feinem Schleifpapier f\u00fcr Klettererfinger!\" \/>\n<meta name=\"robots\" content=\"index, follow, max-snippet:-1, max-image-preview:large, max-video-preview:-1\" \/>\n<link rel=\"canonical\" href=\"https:\/\/bolting.eu\/en\/shop\/kletterer-hautfeile-climbskin\/\" \/>\n<meta property=\"og:locale\" content=\"en_US\" \/>\n<meta property=\"og:type\" content=\"article\" \/>\n<meta property=\"og:title\" content=\"Kletterer Hautfeile Climbskin\" \/>\n<meta property=\"og:description\" content=\"Hier findest Du die KLETTERER HAUTFEILE CLIMBSKIN. Eine Feile aus Holz mit grobem und feinem Schleifpapier f\u00fcr Klettererfinger!\" \/>\n<meta property=\"og:url\" content=\"https:\/\/bolting.eu\/en\/shop\/kletterer-hautfeile-climbskin\/\" \/>\n<meta property=\"og:site_name\" content=\"bolting.eu\" \/>\n<meta property=\"article:publisher\" content=\"https:\/\/www.facebook.com\/bolting.eu\" \/>\n<meta property=\"article:modified_time\" content=\"2024-09-23T15:22:56+00:00\" \/>\n<meta property=\"og:image\" content=\"https:\/\/bolting.eu\/wp-content\/uploads\/2020\/12\/Kletterer-Hautfeile-Climbskin-1.jpg\" \/>\n\t<meta property=\"og:image:width\" content=\"700\" \/>\n\t<meta property=\"og:image:height\" content=\"700\" \/>\n\t<meta property=\"og:image:type\" content=\"image\/jpeg\" \/>\n<meta name=\"twitter:card\" content=\"summary_large_image\" \/>\n<meta name=\"twitter:label1\" content=\"Price\" \/>\n\t<meta name=\"twitter:data1\" content=\"&euro;&nbsp;7,90\" \/>\n\t<meta name=\"twitter:label2\" content=\"Availability\" \/>\n\t<meta name=\"twitter:data2\" content=\"Out of stock\" \/>\n<script type=\"application\/ld+json\" class=\"yoast-schema-graph\">{\"@context\":\"https:\/\/schema.org\",\"@graph\":[{\"@type\":[\"WebPage\",\"ItemPage\"],\"@id\":\"https:\/\/bolting.eu\/en\/shop\/kletterer-hautfeile-climbskin\/\",\"url\":\"https:\/\/bolting.eu\/en\/shop\/kletterer-hautfeile-climbskin\/\",\"name\":\"Kletterer Hautfeile Climbskin g\u00fcnstig online kaufen | bolting.eu\",\"isPartOf\":{\"@id\":\"https:\/\/bolting.eu\/en\/#website\"},\"primaryImageOfPage\":{\"@id\":\"https:\/\/bolting.eu\/en\/shop\/kletterer-hautfeile-climbskin\/#primaryimage\"},\"image\":{\"@id\":\"https:\/\/bolting.eu\/en\/shop\/kletterer-hautfeile-climbskin\/#primaryimage\"},\"thumbnailUrl\":\"https:\/\/bolting.eu\/wp-content\/uploads\/2020\/12\/Kletterer-Hautfeile-Climbskin-1.jpg\",\"datePublished\":\"2020-12-01T13:15:00+00:00\",\"dateModified\":\"2024-09-23T15:22:56+00:00\",\"description\":\"Hier findest Du die KLETTERER HAUTFEILE CLIMBSKIN. Eine Feile aus Holz mit grobem und feinem Schleifpapier f\u00fcr Klettererfinger!\",\"breadcrumb\":{\"@id\":\"https:\/\/bolting.eu\/en\/shop\/kletterer-hautfeile-climbskin\/#breadcrumb\"},\"inLanguage\":\"en-US\",\"potentialAction\":[{\"@type\":\"ReadAction\",\"target\":[\"https:\/\/bolting.eu\/en\/shop\/kletterer-hautfeile-climbskin\/\"]}]},{\"@type\":\"ImageObject\",\"inLanguage\":\"en-US\",\"@id\":\"https:\/\/bolting.eu\/en\/shop\/kletterer-hautfeile-climbskin\/#primaryimage\",\"url\":\"https:\/\/bolting.eu\/wp-content\/uploads\/2020\/12\/Kletterer-Hautfeile-Climbskin-1.jpg\",\"contentUrl\":\"https:\/\/bolting.eu\/wp-content\/uploads\/2020\/12\/Kletterer-Hautfeile-Climbskin-1.jpg\",\"width\":700,\"height\":700,\"caption\":\"Das Bild zeigt die Kletterer Hautfeile Climbskin mit den vier Ersatz Schleifpapier Streifen. Der Holzstiel steht aufrecht in der Mitte mit dem dunklen Schleifpapierstreifen unten, darunter sind die Erstazstreifen ausgelegt wie bei einem Stern.\"},{\"@type\":\"BreadcrumbList\",\"@id\":\"https:\/\/bolting.eu\/en\/shop\/kletterer-hautfeile-climbskin\/#breadcrumb\",\"itemListElement\":[{\"@type\":\"ListItem\",\"position\":1,\"name\":\"Shop\",\"item\":\"https:\/\/bolting.eu\/en\/shop\/\"},{\"@type\":\"ListItem\",\"position\":2,\"name\":\"Boulder Ausr\u00fcstung\",\"item\":\"https:\/\/bolting.eu\/produkt-kategorie\/boulder-ausruestung\/\"},{\"@type\":\"ListItem\",\"position\":3,\"name\":\"Kletterer Hautfeile Climbskin\"}]},{\"@type\":\"WebSite\",\"@id\":\"https:\/\/bolting.eu\/en\/#website\",\"url\":\"https:\/\/bolting.eu\/en\/\",\"name\":\"bolting.eu\",\"description\":\"we make climbs happen\",\"publisher\":{\"@id\":\"https:\/\/bolting.eu\/en\/#organization\"},\"potentialAction\":[{\"@type\":\"SearchAction\",\"target\":{\"@type\":\"EntryPoint\",\"urlTemplate\":\"https:\/\/bolting.eu\/en\/?s={search_term_string}\"},\"query-input\":{\"@type\":\"PropertyValueSpecification\",\"valueRequired\":true,\"valueName\":\"search_term_string\"}}],\"inLanguage\":\"en-US\"},{\"@type\":[\"Organization\",\"Place\",\"SportingGoodsStore\"],\"@id\":\"https:\/\/bolting.eu\/en\/#organization\",\"name\":\"bolting.eu\",\"url\":\"https:\/\/bolting.eu\/en\/\",\"logo\":{\"@id\":\"https:\/\/bolting.eu\/en\/shop\/kletterer-hautfeile-climbskin\/#local-main-organization-logo\"},\"image\":{\"@id\":\"https:\/\/bolting.eu\/en\/shop\/kletterer-hautfeile-climbskin\/#local-main-organization-logo\"},\"sameAs\":[\"https:\/\/www.facebook.com\/bolting.eu\",\"https:\/\/www.instagram.com\/bolting.eu\/\"],\"address\":{\"@id\":\"https:\/\/bolting.eu\/en\/shop\/kletterer-hautfeile-climbskin\/#local-main-place-address\"},\"geo\":{\"@type\":\"GeoCoordinates\",\"latitude\":\"47.264176340396226\",\"longitude\":\"11.380109057672346\"},\"telephone\":[\"+43 699 19083372\"],\"openingHoursSpecification\":[{\"@type\":\"OpeningHoursSpecification\",\"dayOfWeek\":[\"Monday\",\"Wednesday\",\"Friday\"],\"opens\":\"14:00\",\"closes\":\"18:00\"},{\"@type\":\"OpeningHoursSpecification\",\"dayOfWeek\":[\"Tuesday\",\"Thursday\",\"Saturday\",\"Sunday\"],\"opens\":\"00:00\",\"closes\":\"00:00\"}],\"email\":\"office@bolting.eu\",\"vatID\":\"ATU59999728\",\"priceRange\":\"$$\",\"currenciesAccepted\":\"Euro\"},{\"@type\":\"PostalAddress\",\"@id\":\"https:\/\/bolting.eu\/en\/shop\/kletterer-hautfeile-climbskin\/#local-main-place-address\",\"streetAddress\":\"Fischnalerstra\u00dfe 4\",\"addressLocality\":\"Innsbruck\",\"postalCode\":\"6020\",\"addressRegion\":\"Tirol\",\"addressCountry\":\"AT\"},{\"@type\":\"ImageObject\",\"inLanguage\":\"en-US\",\"@id\":\"https:\/\/bolting.eu\/en\/shop\/kletterer-hautfeile-climbskin\/#local-main-organization-logo\",\"url\":\"https:\/\/bolting.eu\/wp-content\/uploads\/2019\/09\/bolting-logo.png\",\"contentUrl\":\"https:\/\/bolting.eu\/wp-content\/uploads\/2019\/09\/bolting-logo.png\",\"width\":400,\"height\":211,\"caption\":\"bolting.eu\"}]}<\/script>\n<meta property=\"product:price:amount\" content=\"7.90\" \/>\n<meta property=\"product:price:currency\" content=\"EUR\" \/>\n<meta property=\"og:availability\" content=\"out of stock\" \/>\n<meta property=\"product:availability\" content=\"out of stock\" \/>\n<meta property=\"product:retailer_item_id\" content=\"E50200\" \/>\n<meta property=\"product:condition\" content=\"new\" \/>\n<meta name=\"geo.placename\" content=\"Innsbruck\" \/>\n<meta name=\"geo.position\" content=\"47.264176340396226;11.380109057672346\" \/>\n<meta name=\"geo.region\" content=\"Austria\" \/>\n<!-- \/ Yoast SEO Premium plugin. -->","yoast_head_json":{"title":"Kletterer Hautfeile Climbskin g\u00fcnstig online kaufen | bolting.eu","description":"Hier findest Du die KLETTERER HAUTFEILE CLIMBSKIN. Eine Feile aus Holz mit grobem und feinem Schleifpapier f\u00fcr Klettererfinger!","robots":{"index":"index","follow":"follow","max-snippet":"max-snippet:-1","max-image-preview":"max-image-preview:large","max-video-preview":"max-video-preview:-1"},"canonical":"https:\/\/bolting.eu\/en\/shop\/kletterer-hautfeile-climbskin\/","og_locale":"en_US","og_type":"article","og_title":"Kletterer Hautfeile Climbskin","og_description":"Hier findest Du die KLETTERER HAUTFEILE CLIMBSKIN. Eine Feile aus Holz mit grobem und feinem Schleifpapier f\u00fcr Klettererfinger!","og_url":"https:\/\/bolting.eu\/en\/shop\/kletterer-hautfeile-climbskin\/","og_site_name":"bolting.eu","article_publisher":"https:\/\/www.facebook.com\/bolting.eu","article_modified_time":"2024-09-23T15:22:56+00:00","og_image":[{"width":700,"height":700,"url":"https:\/\/bolting.eu\/wp-content\/uploads\/2020\/12\/Kletterer-Hautfeile-Climbskin-1.jpg","type":"image\/jpeg"}],"twitter_card":"summary_large_image","twitter_misc":{"Price":"&euro;&nbsp;7,90","Availability":"Out of stock"},"schema":{"@context":"https:\/\/schema.org","@graph":[{"@type":["WebPage","ItemPage"],"@id":"https:\/\/bolting.eu\/en\/shop\/kletterer-hautfeile-climbskin\/","url":"https:\/\/bolting.eu\/en\/shop\/kletterer-hautfeile-climbskin\/","name":"Kletterer Hautfeile Climbskin g\u00fcnstig online kaufen | bolting.eu","isPartOf":{"@id":"https:\/\/bolting.eu\/en\/#website"},"primaryImageOfPage":{"@id":"https:\/\/bolting.eu\/en\/shop\/kletterer-hautfeile-climbskin\/#primaryimage"},"image":{"@id":"https:\/\/bolting.eu\/en\/shop\/kletterer-hautfeile-climbskin\/#primaryimage"},"thumbnailUrl":"https:\/\/bolting.eu\/wp-content\/uploads\/2020\/12\/Kletterer-Hautfeile-Climbskin-1.jpg","datePublished":"2020-12-01T13:15:00+00:00","dateModified":"2024-09-23T15:22:56+00:00","description":"Hier findest Du die KLETTERER HAUTFEILE CLIMBSKIN. Eine Feile aus Holz mit grobem und feinem Schleifpapier f\u00fcr Klettererfinger!","breadcrumb":{"@id":"https:\/\/bolting.eu\/en\/shop\/kletterer-hautfeile-climbskin\/#breadcrumb"},"inLanguage":"en-US","potentialAction":[{"@type":"ReadAction","target":["https:\/\/bolting.eu\/en\/shop\/kletterer-hautfeile-climbskin\/"]}]},{"@type":"ImageObject","inLanguage":"en-US","@id":"https:\/\/bolting.eu\/en\/shop\/kletterer-hautfeile-climbskin\/#primaryimage","url":"https:\/\/bolting.eu\/wp-content\/uploads\/2020\/12\/Kletterer-Hautfeile-Climbskin-1.jpg","contentUrl":"https:\/\/bolting.eu\/wp-content\/uploads\/2020\/12\/Kletterer-Hautfeile-Climbskin-1.jpg","width":700,"height":700,"caption":"Das Bild zeigt die Kletterer Hautfeile Climbskin mit den vier Ersatz Schleifpapier Streifen. Der Holzstiel steht aufrecht in der Mitte mit dem dunklen Schleifpapierstreifen unten, darunter sind die Erstazstreifen ausgelegt wie bei einem Stern."},{"@type":"BreadcrumbList","@id":"https:\/\/bolting.eu\/en\/shop\/kletterer-hautfeile-climbskin\/#breadcrumb","itemListElement":[{"@type":"ListItem","position":1,"name":"Shop","item":"https:\/\/bolting.eu\/en\/shop\/"},{"@type":"ListItem","position":2,"name":"Boulder Ausr\u00fcstung","item":"https:\/\/bolting.eu\/produkt-kategorie\/boulder-ausruestung\/"},{"@type":"ListItem","position":3,"name":"Kletterer Hautfeile Climbskin"}]},{"@type":"WebSite","@id":"https:\/\/bolting.eu\/en\/#website","url":"https:\/\/bolting.eu\/en\/","name":"bolting.eu","description":"we make climbs happen","publisher":{"@id":"https:\/\/bolting.eu\/en\/#organization"},"potentialAction":[{"@type":"SearchAction","target":{"@type":"EntryPoint","urlTemplate":"https:\/\/bolting.eu\/en\/?s={search_term_string}"},"query-input":{"@type":"PropertyValueSpecification","valueRequired":true,"valueName":"search_term_string"}}],"inLanguage":"en-US"},{"@type":["Organization","Place","SportingGoodsStore"],"@id":"https:\/\/bolting.eu\/en\/#organization","name":"bolting.eu","url":"https:\/\/bolting.eu\/en\/","logo":{"@id":"https:\/\/bolting.eu\/en\/shop\/kletterer-hautfeile-climbskin\/#local-main-organization-logo"},"image":{"@id":"https:\/\/bolting.eu\/en\/shop\/kletterer-hautfeile-climbskin\/#local-main-organization-logo"},"sameAs":["https:\/\/www.facebook.com\/bolting.eu","https:\/\/www.instagram.com\/bolting.eu\/"],"address":{"@id":"https:\/\/bolting.eu\/en\/shop\/kletterer-hautfeile-climbskin\/#local-main-place-address"},"geo":{"@type":"GeoCoordinates","latitude":"47.264176340396226","longitude":"11.380109057672346"},"telephone":["+43 699 19083372"],"openingHoursSpecification":[{"@type":"OpeningHoursSpecification","dayOfWeek":["Monday","Wednesday","Friday"],"opens":"14:00","closes":"18:00"},{"@type":"OpeningHoursSpecification","dayOfWeek":["Tuesday","Thursday","Saturday","Sunday"],"opens":"00:00","closes":"00:00"}],"email":"office@bolting.eu","vatID":"ATU59999728","priceRange":"$$","currenciesAccepted":"Euro"},{"@type":"PostalAddress","@id":"https:\/\/bolting.eu\/en\/shop\/kletterer-hautfeile-climbskin\/#local-main-place-address","streetAddress":"Fischnalerstra\u00dfe 4","addressLocality":"Innsbruck","postalCode":"6020","addressRegion":"Tirol","addressCountry":"AT"},{"@type":"ImageObject","inLanguage":"en-US","@id":"https:\/\/bolting.eu\/en\/shop\/kletterer-hautfeile-climbskin\/#local-main-organization-logo","url":"https:\/\/bolting.eu\/wp-content\/uploads\/2019\/09\/bolting-logo.png","contentUrl":"https:\/\/bolting.eu\/wp-content\/uploads\/2019\/09\/bolting-logo.png","width":400,"height":211,"caption":"bolting.eu"}]},"product_price_amount":"7.90","product_price_currency":"EUR","og_availability":"out of stock","product_availability":"out of stock","product_retailer_item_id":"E50200","product_condition":"new","geo.placename":"Innsbruck","geo.position":{"lat":"47.264176340396226","long":"11.380109057672346"},"geo.region":"Austria"},"_links":{"self":[{"href":"https:\/\/bolting.eu\/en\/wp-json\/wp\/v2\/product\/6650","targetHints":{"allow":["GET"]}}],"collection":[{"href":"https:\/\/bolting.eu\/en\/wp-json\/wp\/v2\/product"}],"about":[{"href":"https:\/\/bolting.eu\/en\/wp-json\/wp\/v2\/types\/product"}],"replies":[{"embeddable":true,"href":"https:\/\/bolting.eu\/en\/wp-json\/wp\/v2\/comments?post=6650"}],"wp:featuredmedia":[{"embeddable":true,"href":"https:\/\/bolting.eu\/en\/wp-json\/wp\/v2\/media\/6652"}],"wp:attachment":[{"href":"https:\/\/bolting.eu\/en\/wp-json\/wp\/v2\/media?parent=6650"}],"wp:term":[{"taxonomy":"product_brand","embeddable":true,"href":"https:\/\/bolting.eu\/en\/wp-json\/wp\/v2\/product_brand?post=6650"},{"taxonomy":"product_cat","embeddable":true,"href":"https:\/\/bolting.eu\/en\/wp-json\/wp\/v2\/product_cat?post=6650"},{"taxonomy":"product_tag","embeddable":true,"href":"https:\/\/bolting.eu\/en\/wp-json\/wp\/v2\/product_tag?post=6650"}],"curies":[{"name":"wp","href":"https:\/\/api.w.org\/{rel}","templated":true}]}}