{"id":6633,"date":"2020-12-01T12:11:45","date_gmt":"2020-12-01T11:11:45","guid":{"rendered":"https:\/\/bolting.eu\/?post_type=product&#038;p=6633"},"modified":"2025-05-13T19:07:36","modified_gmt":"2025-05-13T17:07:36","slug":"outdoor-guertel-rock-belt-schwarz","status":"publish","type":"product","link":"https:\/\/bolting.eu\/en\/shop\/outdoor-guertel-rock-belt-schwarz\/","title":{"rendered":"Outdoor G\u00fcrtel Rock Belt schwarz"},"content":{"rendered":"<p>Der Outdoor G\u00fcrtel Rock Belt schwarz ist ein Produkt von Singing Rock. Der 110cm (M-L) bzw. 130cm lange (XL) G\u00fcrtel hat eine Edelstahl Schnalle sowie ein robustes Nylon Gurtband.<\/p>\n<p>Folglich ist dieses Produkt perfekt f\u00fcr alle Outdoor Aktivit\u00e4ten. Zudem kann man die Weite ganz leicht durch die smarte Schnalle verstellen.<\/p>\n<p>Somit ist er perfekt f\u00fcr jede <a href=\"https:\/\/bolting.eu\/kletterausruestung\/\">Kletterausr\u00fcstung<\/a> oder alle, die Ihr <a href=\"https:\/\/bolting.eu\/produkt-kategorie\/kletterausruestung\/chalkbag\/\">Chalkbag<\/a> mit einem G\u00fcrtel umh\u00e4ngen wollen.<\/p>\n<h2>Eigenschaften Outdoor G\u00fcrtel Rock Belt<\/h2>\n<ul>\n<li>Hersteller: Singing Rock<\/li>\n<li>L\u00e4nge: 110cm (Gr. M-L) bzw. 130cm (Gr. XL)<\/li>\n<li>Material: Nylon und Edelstahl<\/li>\n<li>Edelstahl Schnalle zum Verstellen<\/li>\n<li>Breite Gurtband: 2cm<\/li>\n<li>Farbe: schwarz<\/li>\n<li>perfekt f\u00fcr alle Outdoor Aktivit\u00e4ten<\/li>\n<\/ul>\n","protected":false},"excerpt":{"rendered":"<ul>\n<li>Hersteller: Singing Rock<\/li>\n<li>L\u00e4nge: 110cm (Gr. M-L) bzw. 130cm (Gr. XL)<\/li>\n<li>Material: Nylon und Edelstahl<\/li>\n<li>Edelstahl Schnalle zum Verstellen<\/li>\n<li>Breite Gurtband: 2cm<\/li>\n<li>Farbe: schwarz<\/li>\n<li>perfekt f\u00fcr alle Outdoor Aktivit\u00e4ten<\/li>\n<\/ul>\n","protected":false},"featured_media":6636,"comment_status":"open","ping_status":"closed","template":"","meta":[],"product_brand":[],"product_cat":[14868,15069,13975,14971,15030,5006],"product_tag":[],"class_list":{"0":"post-6633","1":"product","2":"type-product","3":"status-publish","4":"has-post-thumbnail","6":"product_cat-climbing-accessories","7":"product_cat-singing-rock-en","8":"product_cat-chalkbag-befestigen","9":"product_cat-sale-climbing","10":"product_cat-climbing-equipment","11":"product_cat-chalkbag","13":"first","14":"instock","15":"sale","16":"taxable","17":"shipping-taxable","18":"purchasable","19":"product-type-variable"},"yoast_head":"<!-- This site is optimized with the Yoast SEO Premium plugin v26.9 (Yoast SEO v26.9) - https:\/\/yoast.com\/product\/yoast-seo-premium-wordpress\/ -->\n<title>Outdoor G\u00fcrtel Rock Belt schwarz g\u00fcnstig online kaufen | bolting.eu<\/title>\n<meta name=\"description\" content=\"Hier findest Du den Outdoor G\u00fcrtel Rock Belt schwarz. Einen klasse G\u00fcrel mit 2cm Nylon Band und Edelsteahl Schnalle!\" \/>\n<meta name=\"robots\" content=\"index, follow, max-snippet:-1, max-image-preview:large, max-video-preview:-1\" \/>\n<link rel=\"canonical\" href=\"https:\/\/bolting.eu\/en\/shop\/outdoor-guertel-rock-belt-schwarz\/\" \/>\n<meta property=\"og:locale\" content=\"en_US\" \/>\n<meta property=\"og:type\" content=\"article\" \/>\n<meta property=\"og:title\" content=\"Outdoor G\u00fcrtel Rock Belt schwarz\" \/>\n<meta property=\"og:description\" content=\"Hier findest Du den Outdoor G\u00fcrtel Rock Belt schwarz. Einen klasse G\u00fcrel mit 2cm Nylon Band und Edelsteahl Schnalle!\" \/>\n<meta property=\"og:url\" content=\"https:\/\/bolting.eu\/en\/shop\/outdoor-guertel-rock-belt-schwarz\/\" \/>\n<meta property=\"og:site_name\" content=\"bolting.eu\" \/>\n<meta property=\"article:publisher\" content=\"https:\/\/www.facebook.com\/bolting.eu\" \/>\n<meta property=\"article:modified_time\" content=\"2025-05-13T17:07:36+00:00\" \/>\n<meta property=\"og:image\" content=\"https:\/\/bolting.eu\/wp-content\/uploads\/2020\/12\/Outdoor-Gu\u0308rtel-Rock-Belt-schwarz-1.jpg\" \/>\n\t<meta property=\"og:image:width\" content=\"700\" \/>\n\t<meta property=\"og:image:height\" content=\"700\" \/>\n\t<meta property=\"og:image:type\" content=\"image\/jpeg\" \/>\n<meta name=\"twitter:card\" content=\"summary_large_image\" \/>\n<meta name=\"twitter:label1\" content=\"Availability\" \/>\n\t<meta name=\"twitter:data1\" content=\"In stock\" \/>\n<script type=\"application\/ld+json\" class=\"yoast-schema-graph\">{\"@context\":\"https:\/\/schema.org\",\"@graph\":[{\"@type\":[\"WebPage\",\"ItemPage\"],\"@id\":\"https:\/\/bolting.eu\/en\/shop\/outdoor-guertel-rock-belt-schwarz\/\",\"url\":\"https:\/\/bolting.eu\/en\/shop\/outdoor-guertel-rock-belt-schwarz\/\",\"name\":\"Outdoor G\u00fcrtel Rock Belt schwarz g\u00fcnstig online kaufen | bolting.eu\",\"isPartOf\":{\"@id\":\"https:\/\/bolting.eu\/en\/#website\"},\"primaryImageOfPage\":{\"@id\":\"https:\/\/bolting.eu\/en\/shop\/outdoor-guertel-rock-belt-schwarz\/#primaryimage\"},\"image\":{\"@id\":\"https:\/\/bolting.eu\/en\/shop\/outdoor-guertel-rock-belt-schwarz\/#primaryimage\"},\"thumbnailUrl\":\"https:\/\/bolting.eu\/wp-content\/uploads\/2020\/12\/Outdoor-Gu\u0308rtel-Rock-Belt-schwarz-1.jpg\",\"datePublished\":\"2020-12-01T11:11:45+00:00\",\"dateModified\":\"2025-05-13T17:07:36+00:00\",\"description\":\"Hier findest Du den Outdoor G\u00fcrtel Rock Belt schwarz. Einen klasse G\u00fcrel mit 2cm Nylon Band und Edelsteahl Schnalle!\",\"breadcrumb\":{\"@id\":\"https:\/\/bolting.eu\/en\/shop\/outdoor-guertel-rock-belt-schwarz\/#breadcrumb\"},\"inLanguage\":\"en-US\",\"potentialAction\":[{\"@type\":\"ReadAction\",\"target\":[\"https:\/\/bolting.eu\/en\/shop\/outdoor-guertel-rock-belt-schwarz\/\"]}]},{\"@type\":\"ImageObject\",\"inLanguage\":\"en-US\",\"@id\":\"https:\/\/bolting.eu\/en\/shop\/outdoor-guertel-rock-belt-schwarz\/#primaryimage\",\"url\":\"https:\/\/bolting.eu\/wp-content\/uploads\/2020\/12\/Outdoor-Gu\u0308rtel-Rock-Belt-schwarz-1.jpg\",\"contentUrl\":\"https:\/\/bolting.eu\/wp-content\/uploads\/2020\/12\/Outdoor-Gu\u0308rtel-Rock-Belt-schwarz-1.jpg\",\"width\":700,\"height\":700,\"caption\":\"Das Bild zeigt den Outdoor G\u00fcrtel Rock Belt schwarz von Singing Rock. Er liegt zusammen gefaltet in Bildmitte mit der Schnalle links.\"},{\"@type\":\"BreadcrumbList\",\"@id\":\"https:\/\/bolting.eu\/en\/shop\/outdoor-guertel-rock-belt-schwarz\/#breadcrumb\",\"itemListElement\":[{\"@type\":\"ListItem\",\"position\":1,\"name\":\"Shop\",\"item\":\"https:\/\/bolting.eu\/en\/shop\/\"},{\"@type\":\"ListItem\",\"position\":2,\"name\":\"climbing equipment\",\"item\":\"https:\/\/bolting.eu\/en\/produkt-kategorie\/climbing-equipment\/\"},{\"@type\":\"ListItem\",\"position\":3,\"name\":\"Chalkbag\",\"item\":\"https:\/\/bolting.eu\/produkt-kategorie\/kletterausruestung\/chalkbag\/\"},{\"@type\":\"ListItem\",\"position\":4,\"name\":\"Chalkbag befestigen\",\"item\":\"https:\/\/bolting.eu\/en\/produkt-kategorie\/climbing-equipment\/chalkbag\/chalkbag-befestigen\/\"},{\"@type\":\"ListItem\",\"position\":5,\"name\":\"Outdoor G\u00fcrtel Rock Belt schwarz\"}]},{\"@type\":\"WebSite\",\"@id\":\"https:\/\/bolting.eu\/en\/#website\",\"url\":\"https:\/\/bolting.eu\/en\/\",\"name\":\"bolting.eu\",\"description\":\"we make climbs happen\",\"publisher\":{\"@id\":\"https:\/\/bolting.eu\/en\/#organization\"},\"potentialAction\":[{\"@type\":\"SearchAction\",\"target\":{\"@type\":\"EntryPoint\",\"urlTemplate\":\"https:\/\/bolting.eu\/en\/?s={search_term_string}\"},\"query-input\":{\"@type\":\"PropertyValueSpecification\",\"valueRequired\":true,\"valueName\":\"search_term_string\"}}],\"inLanguage\":\"en-US\"},{\"@type\":[\"Organization\",\"Place\",\"SportingGoodsStore\"],\"@id\":\"https:\/\/bolting.eu\/en\/#organization\",\"name\":\"bolting.eu\",\"url\":\"https:\/\/bolting.eu\/en\/\",\"logo\":{\"@id\":\"https:\/\/bolting.eu\/en\/shop\/outdoor-guertel-rock-belt-schwarz\/#local-main-organization-logo\"},\"image\":{\"@id\":\"https:\/\/bolting.eu\/en\/shop\/outdoor-guertel-rock-belt-schwarz\/#local-main-organization-logo\"},\"sameAs\":[\"https:\/\/www.facebook.com\/bolting.eu\",\"https:\/\/www.instagram.com\/bolting.eu\/\"],\"address\":{\"@id\":\"https:\/\/bolting.eu\/en\/shop\/outdoor-guertel-rock-belt-schwarz\/#local-main-place-address\"},\"geo\":{\"@type\":\"GeoCoordinates\",\"latitude\":\"47.264176340396226\",\"longitude\":\"11.380109057672346\"},\"telephone\":[\"+43 699 19083372\"],\"openingHoursSpecification\":[{\"@type\":\"OpeningHoursSpecification\",\"dayOfWeek\":[\"Monday\",\"Wednesday\",\"Friday\"],\"opens\":\"14:00\",\"closes\":\"18:00\"},{\"@type\":\"OpeningHoursSpecification\",\"dayOfWeek\":[\"Tuesday\",\"Thursday\",\"Saturday\",\"Sunday\"],\"opens\":\"00:00\",\"closes\":\"00:00\"}],\"email\":\"office@bolting.eu\",\"vatID\":\"ATU59999728\",\"priceRange\":\"$$\",\"currenciesAccepted\":\"Euro\"},{\"@type\":\"PostalAddress\",\"@id\":\"https:\/\/bolting.eu\/en\/shop\/outdoor-guertel-rock-belt-schwarz\/#local-main-place-address\",\"streetAddress\":\"Fischnalerstra\u00dfe 4\",\"addressLocality\":\"Innsbruck\",\"postalCode\":\"6020\",\"addressRegion\":\"Tirol\",\"addressCountry\":\"AT\"},{\"@type\":\"ImageObject\",\"inLanguage\":\"en-US\",\"@id\":\"https:\/\/bolting.eu\/en\/shop\/outdoor-guertel-rock-belt-schwarz\/#local-main-organization-logo\",\"url\":\"https:\/\/bolting.eu\/wp-content\/uploads\/2019\/09\/bolting-logo.png\",\"contentUrl\":\"https:\/\/bolting.eu\/wp-content\/uploads\/2019\/09\/bolting-logo.png\",\"width\":400,\"height\":211,\"caption\":\"bolting.eu\"}]}<\/script>\n<meta property=\"og:availability\" content=\"instock\" \/>\n<meta property=\"product:availability\" content=\"instock\" \/>\n<meta property=\"product:retailer_item_id\" content=\"C9091XX\" \/>\n<meta property=\"product:condition\" content=\"new\" \/>\n<meta name=\"geo.placename\" content=\"Innsbruck\" \/>\n<meta name=\"geo.position\" content=\"47.264176340396226;11.380109057672346\" \/>\n<meta name=\"geo.region\" content=\"Austria\" \/>\n<!-- \/ Yoast SEO Premium plugin. -->","yoast_head_json":{"title":"Outdoor G\u00fcrtel Rock Belt schwarz g\u00fcnstig online kaufen | bolting.eu","description":"Hier findest Du den Outdoor G\u00fcrtel Rock Belt schwarz. Einen klasse G\u00fcrel mit 2cm Nylon Band und Edelsteahl Schnalle!","robots":{"index":"index","follow":"follow","max-snippet":"max-snippet:-1","max-image-preview":"max-image-preview:large","max-video-preview":"max-video-preview:-1"},"canonical":"https:\/\/bolting.eu\/en\/shop\/outdoor-guertel-rock-belt-schwarz\/","og_locale":"en_US","og_type":"article","og_title":"Outdoor G\u00fcrtel Rock Belt schwarz","og_description":"Hier findest Du den Outdoor G\u00fcrtel Rock Belt schwarz. Einen klasse G\u00fcrel mit 2cm Nylon Band und Edelsteahl Schnalle!","og_url":"https:\/\/bolting.eu\/en\/shop\/outdoor-guertel-rock-belt-schwarz\/","og_site_name":"bolting.eu","article_publisher":"https:\/\/www.facebook.com\/bolting.eu","article_modified_time":"2025-05-13T17:07:36+00:00","og_image":[{"width":700,"height":700,"url":"https:\/\/bolting.eu\/wp-content\/uploads\/2020\/12\/Outdoor-Gu\u0308rtel-Rock-Belt-schwarz-1.jpg","type":"image\/jpeg"}],"twitter_card":"summary_large_image","twitter_misc":{"Availability":"In stock"},"schema":{"@context":"https:\/\/schema.org","@graph":[{"@type":["WebPage","ItemPage"],"@id":"https:\/\/bolting.eu\/en\/shop\/outdoor-guertel-rock-belt-schwarz\/","url":"https:\/\/bolting.eu\/en\/shop\/outdoor-guertel-rock-belt-schwarz\/","name":"Outdoor G\u00fcrtel Rock Belt schwarz g\u00fcnstig online kaufen | bolting.eu","isPartOf":{"@id":"https:\/\/bolting.eu\/en\/#website"},"primaryImageOfPage":{"@id":"https:\/\/bolting.eu\/en\/shop\/outdoor-guertel-rock-belt-schwarz\/#primaryimage"},"image":{"@id":"https:\/\/bolting.eu\/en\/shop\/outdoor-guertel-rock-belt-schwarz\/#primaryimage"},"thumbnailUrl":"https:\/\/bolting.eu\/wp-content\/uploads\/2020\/12\/Outdoor-Gu\u0308rtel-Rock-Belt-schwarz-1.jpg","datePublished":"2020-12-01T11:11:45+00:00","dateModified":"2025-05-13T17:07:36+00:00","description":"Hier findest Du den Outdoor G\u00fcrtel Rock Belt schwarz. Einen klasse G\u00fcrel mit 2cm Nylon Band und Edelsteahl Schnalle!","breadcrumb":{"@id":"https:\/\/bolting.eu\/en\/shop\/outdoor-guertel-rock-belt-schwarz\/#breadcrumb"},"inLanguage":"en-US","potentialAction":[{"@type":"ReadAction","target":["https:\/\/bolting.eu\/en\/shop\/outdoor-guertel-rock-belt-schwarz\/"]}]},{"@type":"ImageObject","inLanguage":"en-US","@id":"https:\/\/bolting.eu\/en\/shop\/outdoor-guertel-rock-belt-schwarz\/#primaryimage","url":"https:\/\/bolting.eu\/wp-content\/uploads\/2020\/12\/Outdoor-Gu\u0308rtel-Rock-Belt-schwarz-1.jpg","contentUrl":"https:\/\/bolting.eu\/wp-content\/uploads\/2020\/12\/Outdoor-Gu\u0308rtel-Rock-Belt-schwarz-1.jpg","width":700,"height":700,"caption":"Das Bild zeigt den Outdoor G\u00fcrtel Rock Belt schwarz von Singing Rock. Er liegt zusammen gefaltet in Bildmitte mit der Schnalle links."},{"@type":"BreadcrumbList","@id":"https:\/\/bolting.eu\/en\/shop\/outdoor-guertel-rock-belt-schwarz\/#breadcrumb","itemListElement":[{"@type":"ListItem","position":1,"name":"Shop","item":"https:\/\/bolting.eu\/en\/shop\/"},{"@type":"ListItem","position":2,"name":"climbing equipment","item":"https:\/\/bolting.eu\/en\/produkt-kategorie\/climbing-equipment\/"},{"@type":"ListItem","position":3,"name":"Chalkbag","item":"https:\/\/bolting.eu\/produkt-kategorie\/kletterausruestung\/chalkbag\/"},{"@type":"ListItem","position":4,"name":"Chalkbag befestigen","item":"https:\/\/bolting.eu\/en\/produkt-kategorie\/climbing-equipment\/chalkbag\/chalkbag-befestigen\/"},{"@type":"ListItem","position":5,"name":"Outdoor G\u00fcrtel Rock Belt schwarz"}]},{"@type":"WebSite","@id":"https:\/\/bolting.eu\/en\/#website","url":"https:\/\/bolting.eu\/en\/","name":"bolting.eu","description":"we make climbs happen","publisher":{"@id":"https:\/\/bolting.eu\/en\/#organization"},"potentialAction":[{"@type":"SearchAction","target":{"@type":"EntryPoint","urlTemplate":"https:\/\/bolting.eu\/en\/?s={search_term_string}"},"query-input":{"@type":"PropertyValueSpecification","valueRequired":true,"valueName":"search_term_string"}}],"inLanguage":"en-US"},{"@type":["Organization","Place","SportingGoodsStore"],"@id":"https:\/\/bolting.eu\/en\/#organization","name":"bolting.eu","url":"https:\/\/bolting.eu\/en\/","logo":{"@id":"https:\/\/bolting.eu\/en\/shop\/outdoor-guertel-rock-belt-schwarz\/#local-main-organization-logo"},"image":{"@id":"https:\/\/bolting.eu\/en\/shop\/outdoor-guertel-rock-belt-schwarz\/#local-main-organization-logo"},"sameAs":["https:\/\/www.facebook.com\/bolting.eu","https:\/\/www.instagram.com\/bolting.eu\/"],"address":{"@id":"https:\/\/bolting.eu\/en\/shop\/outdoor-guertel-rock-belt-schwarz\/#local-main-place-address"},"geo":{"@type":"GeoCoordinates","latitude":"47.264176340396226","longitude":"11.380109057672346"},"telephone":["+43 699 19083372"],"openingHoursSpecification":[{"@type":"OpeningHoursSpecification","dayOfWeek":["Monday","Wednesday","Friday"],"opens":"14:00","closes":"18:00"},{"@type":"OpeningHoursSpecification","dayOfWeek":["Tuesday","Thursday","Saturday","Sunday"],"opens":"00:00","closes":"00:00"}],"email":"office@bolting.eu","vatID":"ATU59999728","priceRange":"$$","currenciesAccepted":"Euro"},{"@type":"PostalAddress","@id":"https:\/\/bolting.eu\/en\/shop\/outdoor-guertel-rock-belt-schwarz\/#local-main-place-address","streetAddress":"Fischnalerstra\u00dfe 4","addressLocality":"Innsbruck","postalCode":"6020","addressRegion":"Tirol","addressCountry":"AT"},{"@type":"ImageObject","inLanguage":"en-US","@id":"https:\/\/bolting.eu\/en\/shop\/outdoor-guertel-rock-belt-schwarz\/#local-main-organization-logo","url":"https:\/\/bolting.eu\/wp-content\/uploads\/2019\/09\/bolting-logo.png","contentUrl":"https:\/\/bolting.eu\/wp-content\/uploads\/2019\/09\/bolting-logo.png","width":400,"height":211,"caption":"bolting.eu"}]},"og_availability":"instock","product_availability":"instock","product_retailer_item_id":"C9091XX","product_condition":"new","geo.placename":"Innsbruck","geo.position":{"lat":"47.264176340396226","long":"11.380109057672346"},"geo.region":"Austria"},"_links":{"self":[{"href":"https:\/\/bolting.eu\/en\/wp-json\/wp\/v2\/product\/6633","targetHints":{"allow":["GET"]}}],"collection":[{"href":"https:\/\/bolting.eu\/en\/wp-json\/wp\/v2\/product"}],"about":[{"href":"https:\/\/bolting.eu\/en\/wp-json\/wp\/v2\/types\/product"}],"replies":[{"embeddable":true,"href":"https:\/\/bolting.eu\/en\/wp-json\/wp\/v2\/comments?post=6633"}],"wp:featuredmedia":[{"embeddable":true,"href":"https:\/\/bolting.eu\/en\/wp-json\/wp\/v2\/media\/6636"}],"wp:attachment":[{"href":"https:\/\/bolting.eu\/en\/wp-json\/wp\/v2\/media?parent=6633"}],"wp:term":[{"taxonomy":"product_brand","embeddable":true,"href":"https:\/\/bolting.eu\/en\/wp-json\/wp\/v2\/product_brand?post=6633"},{"taxonomy":"product_cat","embeddable":true,"href":"https:\/\/bolting.eu\/en\/wp-json\/wp\/v2\/product_cat?post=6633"},{"taxonomy":"product_tag","embeddable":true,"href":"https:\/\/bolting.eu\/en\/wp-json\/wp\/v2\/product_tag?post=6633"}],"curies":[{"name":"wp","href":"https:\/\/api.w.org\/{rel}","templated":true}]}}