{"id":6624,"date":"2020-12-01T10:23:57","date_gmt":"2020-12-01T09:23:57","guid":{"rendered":"https:\/\/bolting.eu\/?post_type=product&#038;p=6624"},"modified":"2025-03-14T17:07:21","modified_gmt":"2025-03-14T16:07:21","slug":"chalk-bag-belt-xxl","status":"publish","type":"product","link":"https:\/\/bolting.eu\/en\/shop\/chalk-bag-belt-xxl\/","title":{"rendered":"Chalk Bag Belt XXL"},"content":{"rendered":"<p>Unser Chalk Bag Belt XXL ist ein Produkt von Singing Rock. Der G\u00fcrtel f\u00fcr <a href=\"https:\/\/bolting.eu\/produkt-kategorie\/kletterausruestung\/chalkbag\/\">Chalkbags<\/a> hat eine L\u00e4nge von 120cm.<\/p>\n<p>Somit kann er einerseits von sehr gro\u00dfen Personen verwendet werden. Andererseits kann man ihn aber auch k\u00fcrzen bzw. andere Zwecke wie z.B. zum Fixieren von Ausr\u00fcstung verwenden.<\/p>\n<p>Er ist mit einer einfachen Kunststoff Schnalle zum &#8220;Klippen&#8221; ausgestattet.<\/p>\n<h3>Eigenschaften Chalk Bag Belt XXL<\/h3>\n<ul>\n<li>Hersteller: Singing Rock<\/li>\n<li>L\u00e4nge: 120cm<\/li>\n<li>Material: Nylon bzw. Kunststoff<\/li>\n<li>Steckschnalle zum Klippen<\/li>\n<li>Schnalle gebogen &#8211; schmiegt sich Bauch gut an<\/li>\n<li>Breite: 1,5cm<\/li>\n<li>Standard Nylon Band<\/li>\n<\/ul>\n<h3>Chalk Bag Belt XXL &#8211; anpassen<\/h3>\n<p>Ihr k\u00f6nnt diesen G\u00fcrtel f\u00fcr Chalkbags selber recht leicht anpassen. Wir geben euch daf\u00fcr im Folgenden unsere Tipps.<\/p>\n<p>1.) klebt ein Tape um den G\u00fcrtel wo ihr ihn abschneiden wollt<br \/>\n2.) schneidet das Band mit einem Cutter Messer ab<br \/>\n3.) entfernt das Tape<br \/>\n4.) sengt mit einem Feuerzeug das Ende nun ganz leicht an<\/p>\n<p>Somit kann euch das Ende des Nylon Bandes nicht mehr ausfransen!<\/p>\n<h3>F\u00fcr jedes Chalkbag<\/h3>\n<p>Der Chalk Bag Belt XXL passt zu jedem anderen Magnesiabeutel Modell. Bitte pr\u00fcft jedoch, ob die ca. 2,5cm breite Schnalle auch durch die Fixierschlaufe am Chalkbag passt.<\/p>\n<p>Ansonsten kann man das Gurtband aus der Schnalle ziehen. Das ist zwar etwas umst\u00e4ndlich, l\u00e4sst sich aber bewerkstelligen. Dann k\u00f6nnt ihr das 1,5cm schmale Gurtband durch die Fixierschlaufe f\u00e4deln.<\/p>\n<h3>Gerade Steckschnalle<\/h3>\n<p>Singing Rock hat f\u00fcr seinen G\u00fcrtel f\u00fcr Chalkbags leider eine gerade Schnalle verwendet. Somit f\u00fchlt sie sich auf der Haut etwas grob an.<\/p>\n<h3>Mehr als ein G\u00fcrtel<\/h3>\n<p>Der Chalk Bag Belt XXL ist ein sehr vielseitiges Teil. Denn man kann es nicht nur als G\u00fcrtel f\u00fcr Chalkbags verwenden.<\/p>\n<p>Dieser G\u00fcrtel eignet sich f\u00fcr Befestigungen aller Art. Wie z.B. das Fixieren von Yogamatten oder Unterlagsmatten. Des weiteren kann man damit Jacken am Kletterrucksack fixieren usw&#8230; Echt handy!<\/p>\n<h4><strong>Link Tipp<\/strong><\/h4>\n<p>Hier findest Du ein <a href=\"https:\/\/youtu.be\/_cwxmDIHcDQ\" target=\"_blank\" rel=\"noopener noreferrer\">Video<\/a> welches dir die Marke Singing Rock etwas n\u00e4her bringt.<\/p>\n","protected":false},"excerpt":{"rendered":"<ul>\n<li>Hersteller: Singing Rock<\/li>\n<li>L\u00e4nge: 120cm<\/li>\n<li>Material: Nylon bzw. Kunststoff<\/li>\n<li>Steckschnalle zum Klippen<\/li>\n<li>Schnalle gebogen &#8211; schmiegt sich Bauch gut an<\/li>\n<li>Breite: 1,5cm<\/li>\n<li>Standard Nylon Band<\/li>\n<\/ul>\n","protected":false},"featured_media":6625,"comment_status":"open","ping_status":"closed","template":"","meta":[],"product_brand":[],"product_cat":[29,5006,12141,13975],"product_tag":[],"class_list":{"0":"post-6624","1":"product","2":"type-product","3":"status-publish","4":"has-post-thumbnail","6":"product_cat-kletterausruestung","7":"product_cat-chalkbag","8":"product_cat-singing-rock","9":"product_cat-chalkbag-befestigen","11":"first","12":"instock","13":"taxable","14":"shipping-taxable","15":"purchasable","16":"product-type-simple"},"yoast_head":"<!-- This site is optimized with the Yoast SEO Premium plugin v26.9 (Yoast SEO v26.9) - https:\/\/yoast.com\/product\/yoast-seo-premium-wordpress\/ -->\n<title>Chalk Bag Belt XXL - 120cm G\u00fcrtel f\u00fcr Chalkbags | bolting.eu<\/title>\n<meta name=\"description\" content=\"Hier findest Du den Chalk Bag Belt XXL. Einen 120cm G\u00fcrtel f\u00fcr Chalkbags mit Steckschnalle, der auch leicht gek\u00fcrzt werden kann!\" \/>\n<meta name=\"robots\" content=\"index, follow, max-snippet:-1, max-image-preview:large, max-video-preview:-1\" \/>\n<link rel=\"canonical\" href=\"https:\/\/bolting.eu\/en\/shop\/chalk-bag-belt-xxl\/\" \/>\n<meta property=\"og:locale\" content=\"en_US\" \/>\n<meta property=\"og:type\" content=\"article\" \/>\n<meta property=\"og:title\" content=\"Chalk Bag Belt XXL\" \/>\n<meta property=\"og:description\" content=\"Hier findest Du den Chalk Bag Belt XXL. Einen 120cm G\u00fcrtel f\u00fcr Chalkbags mit Steckschnalle, der auch leicht gek\u00fcrzt werden kann!\" \/>\n<meta property=\"og:url\" content=\"https:\/\/bolting.eu\/en\/shop\/chalk-bag-belt-xxl\/\" \/>\n<meta property=\"og:site_name\" content=\"bolting.eu\" \/>\n<meta property=\"article:publisher\" content=\"https:\/\/www.facebook.com\/bolting.eu\" \/>\n<meta property=\"article:modified_time\" content=\"2025-03-14T16:07:21+00:00\" \/>\n<meta property=\"og:image\" content=\"https:\/\/bolting.eu\/wp-content\/uploads\/2020\/12\/Chalk-Bag-Belt-XXL-1.jpg\" \/>\n\t<meta property=\"og:image:width\" content=\"700\" \/>\n\t<meta property=\"og:image:height\" content=\"700\" \/>\n\t<meta property=\"og:image:type\" content=\"image\/jpeg\" \/>\n<meta name=\"twitter:card\" content=\"summary_large_image\" \/>\n<meta name=\"twitter:label1\" content=\"Price\" \/>\n\t<meta name=\"twitter:data1\" content=\"&euro;&nbsp;3,99\" \/>\n\t<meta name=\"twitter:label2\" content=\"Availability\" \/>\n\t<meta name=\"twitter:data2\" content=\"In stock\" \/>\n<script type=\"application\/ld+json\" class=\"yoast-schema-graph\">{\"@context\":\"https:\/\/schema.org\",\"@graph\":[{\"@type\":[\"WebPage\",\"ItemPage\"],\"@id\":\"https:\/\/bolting.eu\/en\/shop\/chalk-bag-belt-xxl\/\",\"url\":\"https:\/\/bolting.eu\/en\/shop\/chalk-bag-belt-xxl\/\",\"name\":\"Chalk Bag Belt XXL - 120cm G\u00fcrtel f\u00fcr Chalkbags | bolting.eu\",\"isPartOf\":{\"@id\":\"https:\/\/bolting.eu\/en\/#website\"},\"primaryImageOfPage\":{\"@id\":\"https:\/\/bolting.eu\/en\/shop\/chalk-bag-belt-xxl\/#primaryimage\"},\"image\":{\"@id\":\"https:\/\/bolting.eu\/en\/shop\/chalk-bag-belt-xxl\/#primaryimage\"},\"thumbnailUrl\":\"https:\/\/bolting.eu\/wp-content\/uploads\/2020\/12\/Chalk-Bag-Belt-XXL-1.jpg\",\"datePublished\":\"2020-12-01T09:23:57+00:00\",\"dateModified\":\"2025-03-14T16:07:21+00:00\",\"description\":\"Hier findest Du den Chalk Bag Belt XXL. Einen 120cm G\u00fcrtel f\u00fcr Chalkbags mit Steckschnalle, der auch leicht gek\u00fcrzt werden kann!\",\"breadcrumb\":{\"@id\":\"https:\/\/bolting.eu\/en\/shop\/chalk-bag-belt-xxl\/#breadcrumb\"},\"inLanguage\":\"en-US\",\"potentialAction\":[{\"@type\":\"ReadAction\",\"target\":[\"https:\/\/bolting.eu\/en\/shop\/chalk-bag-belt-xxl\/\"]}]},{\"@type\":\"ImageObject\",\"inLanguage\":\"en-US\",\"@id\":\"https:\/\/bolting.eu\/en\/shop\/chalk-bag-belt-xxl\/#primaryimage\",\"url\":\"https:\/\/bolting.eu\/wp-content\/uploads\/2020\/12\/Chalk-Bag-Belt-XXL-1.jpg\",\"contentUrl\":\"https:\/\/bolting.eu\/wp-content\/uploads\/2020\/12\/Chalk-Bag-Belt-XXL-1.jpg\",\"width\":700,\"height\":700,\"caption\":\"Das Bild zeigt den Chalk Bag Belt XXL. Einen schwarzen G\u00fcrtel f\u00fcr Chalkbags mit einer Steckschnalle. Der G\u00fcrtel liegt waagrecht ausgelegt im Bild. Man erkennt alle Produktdetails.\"},{\"@type\":\"BreadcrumbList\",\"@id\":\"https:\/\/bolting.eu\/en\/shop\/chalk-bag-belt-xxl\/#breadcrumb\",\"itemListElement\":[{\"@type\":\"ListItem\",\"position\":1,\"name\":\"Shop\",\"item\":\"https:\/\/bolting.eu\/en\/shop\/\"},{\"@type\":\"ListItem\",\"position\":2,\"name\":\"climbing equipment\",\"item\":\"https:\/\/bolting.eu\/en\/produkt-kategorie\/climbing-equipment\/\"},{\"@type\":\"ListItem\",\"position\":3,\"name\":\"Chalkbag\",\"item\":\"https:\/\/bolting.eu\/produkt-kategorie\/kletterausruestung\/chalkbag\/\"},{\"@type\":\"ListItem\",\"position\":4,\"name\":\"Chalkbag befestigen\",\"item\":\"https:\/\/bolting.eu\/en\/produkt-kategorie\/climbing-equipment\/chalkbag\/chalkbag-befestigen\/\"},{\"@type\":\"ListItem\",\"position\":5,\"name\":\"Chalk Bag Belt XXL\"}]},{\"@type\":\"WebSite\",\"@id\":\"https:\/\/bolting.eu\/en\/#website\",\"url\":\"https:\/\/bolting.eu\/en\/\",\"name\":\"bolting.eu\",\"description\":\"we make climbs happen\",\"publisher\":{\"@id\":\"https:\/\/bolting.eu\/en\/#organization\"},\"potentialAction\":[{\"@type\":\"SearchAction\",\"target\":{\"@type\":\"EntryPoint\",\"urlTemplate\":\"https:\/\/bolting.eu\/en\/?s={search_term_string}\"},\"query-input\":{\"@type\":\"PropertyValueSpecification\",\"valueRequired\":true,\"valueName\":\"search_term_string\"}}],\"inLanguage\":\"en-US\"},{\"@type\":[\"Organization\",\"Place\",\"SportingGoodsStore\"],\"@id\":\"https:\/\/bolting.eu\/en\/#organization\",\"name\":\"bolting.eu\",\"url\":\"https:\/\/bolting.eu\/en\/\",\"logo\":{\"@id\":\"https:\/\/bolting.eu\/en\/shop\/chalk-bag-belt-xxl\/#local-main-organization-logo\"},\"image\":{\"@id\":\"https:\/\/bolting.eu\/en\/shop\/chalk-bag-belt-xxl\/#local-main-organization-logo\"},\"sameAs\":[\"https:\/\/www.facebook.com\/bolting.eu\",\"https:\/\/www.instagram.com\/bolting.eu\/\"],\"address\":{\"@id\":\"https:\/\/bolting.eu\/en\/shop\/chalk-bag-belt-xxl\/#local-main-place-address\"},\"geo\":{\"@type\":\"GeoCoordinates\",\"latitude\":\"47.264176340396226\",\"longitude\":\"11.380109057672346\"},\"telephone\":[\"+43 699 19083372\"],\"openingHoursSpecification\":[{\"@type\":\"OpeningHoursSpecification\",\"dayOfWeek\":[\"Monday\",\"Wednesday\",\"Friday\"],\"opens\":\"14:00\",\"closes\":\"18:00\"},{\"@type\":\"OpeningHoursSpecification\",\"dayOfWeek\":[\"Tuesday\",\"Thursday\",\"Saturday\",\"Sunday\"],\"opens\":\"00:00\",\"closes\":\"00:00\"}],\"email\":\"office@bolting.eu\",\"vatID\":\"ATU59999728\",\"priceRange\":\"$$\",\"currenciesAccepted\":\"Euro\"},{\"@type\":\"PostalAddress\",\"@id\":\"https:\/\/bolting.eu\/en\/shop\/chalk-bag-belt-xxl\/#local-main-place-address\",\"streetAddress\":\"Fischnalerstra\u00dfe 4\",\"addressLocality\":\"Innsbruck\",\"postalCode\":\"6020\",\"addressRegion\":\"Tirol\",\"addressCountry\":\"AT\"},{\"@type\":\"ImageObject\",\"inLanguage\":\"en-US\",\"@id\":\"https:\/\/bolting.eu\/en\/shop\/chalk-bag-belt-xxl\/#local-main-organization-logo\",\"url\":\"https:\/\/bolting.eu\/wp-content\/uploads\/2019\/09\/bolting-logo.png\",\"contentUrl\":\"https:\/\/bolting.eu\/wp-content\/uploads\/2019\/09\/bolting-logo.png\",\"width\":400,\"height\":211,\"caption\":\"bolting.eu\"}]}<\/script>\n<meta property=\"product:price:amount\" content=\"3.99\" \/>\n<meta property=\"product:price:currency\" content=\"EUR\" \/>\n<meta property=\"og:availability\" content=\"instock\" \/>\n<meta property=\"product:availability\" content=\"instock\" \/>\n<meta property=\"product:retailer_item_id\" content=\"C3090XX\" \/>\n<meta property=\"product:condition\" content=\"new\" \/>\n<meta name=\"geo.placename\" content=\"Innsbruck\" \/>\n<meta name=\"geo.position\" content=\"47.264176340396226;11.380109057672346\" \/>\n<meta name=\"geo.region\" content=\"Austria\" \/>\n<!-- \/ Yoast SEO Premium plugin. -->","yoast_head_json":{"title":"Chalk Bag Belt XXL - 120cm G\u00fcrtel f\u00fcr Chalkbags | bolting.eu","description":"Hier findest Du den Chalk Bag Belt XXL. Einen 120cm G\u00fcrtel f\u00fcr Chalkbags mit Steckschnalle, der auch leicht gek\u00fcrzt werden kann!","robots":{"index":"index","follow":"follow","max-snippet":"max-snippet:-1","max-image-preview":"max-image-preview:large","max-video-preview":"max-video-preview:-1"},"canonical":"https:\/\/bolting.eu\/en\/shop\/chalk-bag-belt-xxl\/","og_locale":"en_US","og_type":"article","og_title":"Chalk Bag Belt XXL","og_description":"Hier findest Du den Chalk Bag Belt XXL. Einen 120cm G\u00fcrtel f\u00fcr Chalkbags mit Steckschnalle, der auch leicht gek\u00fcrzt werden kann!","og_url":"https:\/\/bolting.eu\/en\/shop\/chalk-bag-belt-xxl\/","og_site_name":"bolting.eu","article_publisher":"https:\/\/www.facebook.com\/bolting.eu","article_modified_time":"2025-03-14T16:07:21+00:00","og_image":[{"width":700,"height":700,"url":"https:\/\/bolting.eu\/wp-content\/uploads\/2020\/12\/Chalk-Bag-Belt-XXL-1.jpg","type":"image\/jpeg"}],"twitter_card":"summary_large_image","twitter_misc":{"Price":"&euro;&nbsp;3,99","Availability":"In stock"},"schema":{"@context":"https:\/\/schema.org","@graph":[{"@type":["WebPage","ItemPage"],"@id":"https:\/\/bolting.eu\/en\/shop\/chalk-bag-belt-xxl\/","url":"https:\/\/bolting.eu\/en\/shop\/chalk-bag-belt-xxl\/","name":"Chalk Bag Belt XXL - 120cm G\u00fcrtel f\u00fcr Chalkbags | bolting.eu","isPartOf":{"@id":"https:\/\/bolting.eu\/en\/#website"},"primaryImageOfPage":{"@id":"https:\/\/bolting.eu\/en\/shop\/chalk-bag-belt-xxl\/#primaryimage"},"image":{"@id":"https:\/\/bolting.eu\/en\/shop\/chalk-bag-belt-xxl\/#primaryimage"},"thumbnailUrl":"https:\/\/bolting.eu\/wp-content\/uploads\/2020\/12\/Chalk-Bag-Belt-XXL-1.jpg","datePublished":"2020-12-01T09:23:57+00:00","dateModified":"2025-03-14T16:07:21+00:00","description":"Hier findest Du den Chalk Bag Belt XXL. Einen 120cm G\u00fcrtel f\u00fcr Chalkbags mit Steckschnalle, der auch leicht gek\u00fcrzt werden kann!","breadcrumb":{"@id":"https:\/\/bolting.eu\/en\/shop\/chalk-bag-belt-xxl\/#breadcrumb"},"inLanguage":"en-US","potentialAction":[{"@type":"ReadAction","target":["https:\/\/bolting.eu\/en\/shop\/chalk-bag-belt-xxl\/"]}]},{"@type":"ImageObject","inLanguage":"en-US","@id":"https:\/\/bolting.eu\/en\/shop\/chalk-bag-belt-xxl\/#primaryimage","url":"https:\/\/bolting.eu\/wp-content\/uploads\/2020\/12\/Chalk-Bag-Belt-XXL-1.jpg","contentUrl":"https:\/\/bolting.eu\/wp-content\/uploads\/2020\/12\/Chalk-Bag-Belt-XXL-1.jpg","width":700,"height":700,"caption":"Das Bild zeigt den Chalk Bag Belt XXL. Einen schwarzen G\u00fcrtel f\u00fcr Chalkbags mit einer Steckschnalle. Der G\u00fcrtel liegt waagrecht ausgelegt im Bild. Man erkennt alle Produktdetails."},{"@type":"BreadcrumbList","@id":"https:\/\/bolting.eu\/en\/shop\/chalk-bag-belt-xxl\/#breadcrumb","itemListElement":[{"@type":"ListItem","position":1,"name":"Shop","item":"https:\/\/bolting.eu\/en\/shop\/"},{"@type":"ListItem","position":2,"name":"climbing equipment","item":"https:\/\/bolting.eu\/en\/produkt-kategorie\/climbing-equipment\/"},{"@type":"ListItem","position":3,"name":"Chalkbag","item":"https:\/\/bolting.eu\/produkt-kategorie\/kletterausruestung\/chalkbag\/"},{"@type":"ListItem","position":4,"name":"Chalkbag befestigen","item":"https:\/\/bolting.eu\/en\/produkt-kategorie\/climbing-equipment\/chalkbag\/chalkbag-befestigen\/"},{"@type":"ListItem","position":5,"name":"Chalk Bag Belt XXL"}]},{"@type":"WebSite","@id":"https:\/\/bolting.eu\/en\/#website","url":"https:\/\/bolting.eu\/en\/","name":"bolting.eu","description":"we make climbs happen","publisher":{"@id":"https:\/\/bolting.eu\/en\/#organization"},"potentialAction":[{"@type":"SearchAction","target":{"@type":"EntryPoint","urlTemplate":"https:\/\/bolting.eu\/en\/?s={search_term_string}"},"query-input":{"@type":"PropertyValueSpecification","valueRequired":true,"valueName":"search_term_string"}}],"inLanguage":"en-US"},{"@type":["Organization","Place","SportingGoodsStore"],"@id":"https:\/\/bolting.eu\/en\/#organization","name":"bolting.eu","url":"https:\/\/bolting.eu\/en\/","logo":{"@id":"https:\/\/bolting.eu\/en\/shop\/chalk-bag-belt-xxl\/#local-main-organization-logo"},"image":{"@id":"https:\/\/bolting.eu\/en\/shop\/chalk-bag-belt-xxl\/#local-main-organization-logo"},"sameAs":["https:\/\/www.facebook.com\/bolting.eu","https:\/\/www.instagram.com\/bolting.eu\/"],"address":{"@id":"https:\/\/bolting.eu\/en\/shop\/chalk-bag-belt-xxl\/#local-main-place-address"},"geo":{"@type":"GeoCoordinates","latitude":"47.264176340396226","longitude":"11.380109057672346"},"telephone":["+43 699 19083372"],"openingHoursSpecification":[{"@type":"OpeningHoursSpecification","dayOfWeek":["Monday","Wednesday","Friday"],"opens":"14:00","closes":"18:00"},{"@type":"OpeningHoursSpecification","dayOfWeek":["Tuesday","Thursday","Saturday","Sunday"],"opens":"00:00","closes":"00:00"}],"email":"office@bolting.eu","vatID":"ATU59999728","priceRange":"$$","currenciesAccepted":"Euro"},{"@type":"PostalAddress","@id":"https:\/\/bolting.eu\/en\/shop\/chalk-bag-belt-xxl\/#local-main-place-address","streetAddress":"Fischnalerstra\u00dfe 4","addressLocality":"Innsbruck","postalCode":"6020","addressRegion":"Tirol","addressCountry":"AT"},{"@type":"ImageObject","inLanguage":"en-US","@id":"https:\/\/bolting.eu\/en\/shop\/chalk-bag-belt-xxl\/#local-main-organization-logo","url":"https:\/\/bolting.eu\/wp-content\/uploads\/2019\/09\/bolting-logo.png","contentUrl":"https:\/\/bolting.eu\/wp-content\/uploads\/2019\/09\/bolting-logo.png","width":400,"height":211,"caption":"bolting.eu"}]},"product_price_amount":"3.99","product_price_currency":"EUR","og_availability":"instock","product_availability":"instock","product_retailer_item_id":"C3090XX","product_condition":"new","geo.placename":"Innsbruck","geo.position":{"lat":"47.264176340396226","long":"11.380109057672346"},"geo.region":"Austria"},"_links":{"self":[{"href":"https:\/\/bolting.eu\/en\/wp-json\/wp\/v2\/product\/6624","targetHints":{"allow":["GET"]}}],"collection":[{"href":"https:\/\/bolting.eu\/en\/wp-json\/wp\/v2\/product"}],"about":[{"href":"https:\/\/bolting.eu\/en\/wp-json\/wp\/v2\/types\/product"}],"replies":[{"embeddable":true,"href":"https:\/\/bolting.eu\/en\/wp-json\/wp\/v2\/comments?post=6624"}],"wp:featuredmedia":[{"embeddable":true,"href":"https:\/\/bolting.eu\/en\/wp-json\/wp\/v2\/media\/6625"}],"wp:attachment":[{"href":"https:\/\/bolting.eu\/en\/wp-json\/wp\/v2\/media?parent=6624"}],"wp:term":[{"taxonomy":"product_brand","embeddable":true,"href":"https:\/\/bolting.eu\/en\/wp-json\/wp\/v2\/product_brand?post=6624"},{"taxonomy":"product_cat","embeddable":true,"href":"https:\/\/bolting.eu\/en\/wp-json\/wp\/v2\/product_cat?post=6624"},{"taxonomy":"product_tag","embeddable":true,"href":"https:\/\/bolting.eu\/en\/wp-json\/wp\/v2\/product_tag?post=6624"}],"curies":[{"name":"wp","href":"https:\/\/api.w.org\/{rel}","templated":true}]}}