{"id":6618,"date":"2020-12-01T09:49:12","date_gmt":"2020-12-01T08:49:12","guid":{"rendered":"https:\/\/bolting.eu\/?post_type=product&#038;p=6618"},"modified":"2026-03-13T13:50:01","modified_gmt":"2026-03-13T12:50:01","slug":"chalk-bag-belt-metolius","status":"publish","type":"product","link":"https:\/\/bolting.eu\/en\/shop\/chalk-bag-belt-metolius\/","title":{"rendered":"Chalk Bag Belt Metolius"},"content":{"rendered":"<p>Der Chalk Bag Belt <a href=\"https:\/\/bolting.eu\/produkt-kategorie\/metolius\/\">Metolius<\/a> ist ein kleiner, hochwertiger G\u00fcrtel f\u00fcr <a href=\"https:\/\/bolting.eu\/produkt-kategorie\/kletterausruestung\/chalkbag\/\">Magnesiabeutel<\/a>. Durch die Security Schnalle kann sich dieser nicht unabsichtlich \u00f6ffnen.<\/p>\n<p>Denn dieses Produkt ist mit einer speziellen Mini Aluminium Schnalle ausgestattet. Hier wird das Gurtband fix durchgef\u00e4delt. Wie bereits erw\u00e4hnt gibt es somit kein Aush\u00e4ngen!<\/p>\n<p>Gegen\u00fcber herk\u00f6mmlichen Plastik Schnallen ist dieser G\u00fcrtel somit auch quasi unzerst\u00f6rbar. Dar\u00fcber hinaus ist das Nylon Gurtband auch sehr weich. D.h. es ist auch direkt auf der Haut angenehm zu tragen. Beispielsweise wenn man mal sein Shirt auszieht bzw. mit Top klettert.<\/p>\n<h2>Eigenschaften Chalk Bag Belt Metolius<\/h2>\n<ul>\n<li>Hersteller: Metolius<\/li>\n<li>L\u00e4nge: ca. 105cm<\/li>\n<li>Material: Nylon und Alu<\/li>\n<li>Security Buckle zum Durchf\u00e4deln des Gurtbandes<\/li>\n<li>kann sich nicht unabsichtlich \u00f6ffnen<\/li>\n<li>sehe weiches Nylon &#8211; angenehm auf der Haut<\/li>\n<\/ul>\n<h3>Chalk Bag Belt Metolius &#8211; Security Buckle<\/h3>\n<p>Dieser G\u00fcrtel f\u00fcr Magnesiabeutel ist f\u00fcr all jene gedacht, die einen fix verschlossenen G\u00fcrtel haben wollen. Denn die &#8220;Security Buckle&#8221; Schnalle erfordert das Durchf\u00e4deln des Gurtbandes. Oder besser ausgedr\u00fcckt. Diese Schnalle kann sich nicht \u00f6ffnen. D.h. kein Verlieren des Chalkbags mehr!<\/p>\n<h3>Sehr weiches Nylon Band<\/h3>\n<p>Der Chalk Bag Belt Metolius hat ein sehr weiches Nylon Band. Folglich ist es sehr angenehm auf der Haut zu tragen. Anders als &#8220;raue&#8221; bzw. &#8220;grobe&#8221; Nylon B\u00e4nder reibt dieses Band also nicht.<\/p>\n<p>Dennoch ist dieses Gurtband extrem langlebig. Wer ein klein wenig Acht gibt, sollte es gaaaaanz lange sein Eigen nennen k\u00f6nnen!<\/p>\n<h3>Passt zu jedem Chalk Bag und mehr&#8230;<\/h3>\n<p>Der Chalk Bag Belt Metolius passt wirklich zu jedem Chalk Bag. Denn dieser Gurt ist nur 1,5cm breit. Somit kann man ihn durch jede auch noch so kleine Befestigungsschlaufe von Chalkbags f\u00e4deln.<\/p>\n<p>Dar\u00fcber hinaus kannman diesen schmalen Gurt nat\u00fcrlich auch anderwertig verwenden. Z.B. f\u00fcr Hosen oder zum Festzurren von Jacken am Rucksack. Die Einsatzm\u00f6glichkeiten sind aufgrund der gro\u00dfen Haltekraft von Band und Schnalle sehr umfangreich.<\/p>\n<h2>Chalk Bag Belt Metolius k\u00fcrzen<\/h2>\n<p>Hier noch unser Tipp f\u00fcr euch, wenn der G\u00fcrtel f\u00fcr Magnesiabeutel viel zu lang ist.<\/p>\n<p>1.) wickelt ein Tape St\u00fcck um den G\u00fcrtel wo ihr ihn k\u00fcrzen wollt<br \/>\n2.) schneidet ihn mit einem Cutter Messer ab<br \/>\n3.) entfernt das Tape<br \/>\n4.) sengt mit einem Feuerzeug das Ende ganz leicht ab, dann franst es nicht aus!<\/p>\n<h4><strong>Link Tipp<\/strong><\/h4>\n<p>Hier gibt es ein <a href=\"https:\/\/youtu.be\/n-cpWJNLJ3s\" target=\"_blank\" rel=\"noopener noreferrer\">Video<\/a> dass alle Metolius Chalkbag Modelle erkl\u00e4rt.<\/p>\n<p>&nbsp;<\/p>\n","protected":false},"excerpt":{"rendered":"<ul>\n<li>Hersteller: <a href=\"https:\/\/bolting.eu\/produkt-kategorie\/metolius\/\">Metolius<\/a><\/li>\n<li>L\u00e4nge: ca. 105cm<\/li>\n<li>Material: Nylon und Alu<\/li>\n<li>Security Buckle zum Durchf\u00e4deln des Gurtbandes<\/li>\n<li>kann sich nicht \u00f6ffnen<\/li>\n<li>sehe weiches Nylon &#8211; angenehm auf der Haut<\/li>\n<\/ul>\n","protected":false},"featured_media":6622,"comment_status":"open","ping_status":"closed","template":"","meta":[],"product_brand":[],"product_cat":[15094,4657,13975,14971,5006,15030,14868,5284],"product_tag":[],"class_list":{"0":"post-6618","1":"product","2":"type-product","3":"status-publish","4":"has-post-thumbnail","6":"product_cat-boulder-accessories","7":"product_cat-metolius","8":"product_cat-chalkbag-befestigen","9":"product_cat-sale-climbing","10":"product_cat-chalkbag","11":"product_cat-climbing-equipment","12":"product_cat-climbing-accessories","13":"product_cat-boulder-ausruestung","15":"first","16":"outofstock","17":"sale","18":"taxable","19":"shipping-taxable","20":"purchasable","21":"product-type-simple"},"yoast_head":"<!-- This site is optimized with the Yoast SEO Premium plugin v26.9 (Yoast SEO v26.9) - https:\/\/yoast.com\/product\/yoast-seo-premium-wordpress\/ -->\n<title>Chalk Bag Belt Metolius - G\u00fcrtel f\u00fcr Mangnesiabeutel kaufen | bolting.eu<\/title>\n<meta name=\"description\" content=\"Hier findet ihr den CHALK BAG BELT Metolius mit Security Buckle. Einen G\u00fcrtel f\u00fcr Magnesiabeutel der sich nicht unbeabsichtigt \u00f6ffnen kann!\" \/>\n<meta name=\"robots\" content=\"index, follow, max-snippet:-1, max-image-preview:large, max-video-preview:-1\" \/>\n<link rel=\"canonical\" href=\"https:\/\/bolting.eu\/en\/shop\/chalk-bag-belt-metolius\/\" \/>\n<meta property=\"og:locale\" content=\"en_US\" \/>\n<meta property=\"og:type\" content=\"article\" \/>\n<meta property=\"og:title\" content=\"Chalk Bag Belt Metolius\" \/>\n<meta property=\"og:description\" content=\"Hier findet ihr den CHALK BAG BELT Metolius mit Security Buckle. Einen G\u00fcrtel f\u00fcr Magnesiabeutel der sich nicht unbeabsichtigt \u00f6ffnen kann!\" \/>\n<meta property=\"og:url\" content=\"https:\/\/bolting.eu\/en\/shop\/chalk-bag-belt-metolius\/\" \/>\n<meta property=\"og:site_name\" content=\"bolting.eu\" \/>\n<meta property=\"article:publisher\" content=\"https:\/\/www.facebook.com\/bolting.eu\" \/>\n<meta property=\"article:modified_time\" content=\"2026-03-13T12:50:01+00:00\" \/>\n<meta property=\"og:image\" content=\"https:\/\/bolting.eu\/wp-content\/uploads\/2020\/12\/Chalk-Bag-Belt-Metolius-Security-1.jpg\" \/>\n\t<meta property=\"og:image:width\" content=\"700\" \/>\n\t<meta property=\"og:image:height\" content=\"700\" \/>\n\t<meta property=\"og:image:type\" content=\"image\/jpeg\" \/>\n<meta name=\"twitter:card\" content=\"summary_large_image\" \/>\n<meta name=\"twitter:label1\" content=\"Price\" \/>\n\t<meta name=\"twitter:data1\" content=\"&euro;&nbsp;6,00\" \/>\n\t<meta name=\"twitter:label2\" content=\"Availability\" \/>\n\t<meta name=\"twitter:data2\" content=\"Out of stock\" \/>\n<script type=\"application\/ld+json\" class=\"yoast-schema-graph\">{\"@context\":\"https:\/\/schema.org\",\"@graph\":[{\"@type\":[\"WebPage\",\"ItemPage\"],\"@id\":\"https:\/\/bolting.eu\/en\/shop\/chalk-bag-belt-metolius\/\",\"url\":\"https:\/\/bolting.eu\/en\/shop\/chalk-bag-belt-metolius\/\",\"name\":\"Chalk Bag Belt Metolius - G\u00fcrtel f\u00fcr Mangnesiabeutel kaufen | bolting.eu\",\"isPartOf\":{\"@id\":\"https:\/\/bolting.eu\/en\/#website\"},\"primaryImageOfPage\":{\"@id\":\"https:\/\/bolting.eu\/en\/shop\/chalk-bag-belt-metolius\/#primaryimage\"},\"image\":{\"@id\":\"https:\/\/bolting.eu\/en\/shop\/chalk-bag-belt-metolius\/#primaryimage\"},\"thumbnailUrl\":\"https:\/\/bolting.eu\/wp-content\/uploads\/2020\/12\/Chalk-Bag-Belt-Metolius-Security-1.jpg\",\"datePublished\":\"2020-12-01T08:49:12+00:00\",\"dateModified\":\"2026-03-13T12:50:01+00:00\",\"description\":\"Hier findet ihr den CHALK BAG BELT Metolius mit Security Buckle. Einen G\u00fcrtel f\u00fcr Magnesiabeutel der sich nicht unbeabsichtigt \u00f6ffnen kann!\",\"breadcrumb\":{\"@id\":\"https:\/\/bolting.eu\/en\/shop\/chalk-bag-belt-metolius\/#breadcrumb\"},\"inLanguage\":\"en-US\",\"potentialAction\":[{\"@type\":\"ReadAction\",\"target\":[\"https:\/\/bolting.eu\/en\/shop\/chalk-bag-belt-metolius\/\"]}]},{\"@type\":\"ImageObject\",\"inLanguage\":\"en-US\",\"@id\":\"https:\/\/bolting.eu\/en\/shop\/chalk-bag-belt-metolius\/#primaryimage\",\"url\":\"https:\/\/bolting.eu\/wp-content\/uploads\/2020\/12\/Chalk-Bag-Belt-Metolius-Security-1.jpg\",\"contentUrl\":\"https:\/\/bolting.eu\/wp-content\/uploads\/2020\/12\/Chalk-Bag-Belt-Metolius-Security-1.jpg\",\"width\":700,\"height\":700,\"caption\":\"Das Bild zeigt den Chalk Bag Belt Metolius Security. Der Gurt f\u00fcr Magnesiabeutel liegt in Bildmitte, man sieht im Vordergrund die scharf gestellte Alu Schnalle, dahinter unscharf das schwarze, eingerollte Gurtband.\"},{\"@type\":\"BreadcrumbList\",\"@id\":\"https:\/\/bolting.eu\/en\/shop\/chalk-bag-belt-metolius\/#breadcrumb\",\"itemListElement\":[{\"@type\":\"ListItem\",\"position\":1,\"name\":\"Shop\",\"item\":\"https:\/\/bolting.eu\/en\/shop\/\"},{\"@type\":\"ListItem\",\"position\":2,\"name\":\"climbing equipment\",\"item\":\"https:\/\/bolting.eu\/en\/produkt-kategorie\/climbing-equipment\/\"},{\"@type\":\"ListItem\",\"position\":3,\"name\":\"Chalkbag\",\"item\":\"https:\/\/bolting.eu\/produkt-kategorie\/kletterausruestung\/chalkbag\/\"},{\"@type\":\"ListItem\",\"position\":4,\"name\":\"Chalkbag befestigen\",\"item\":\"https:\/\/bolting.eu\/en\/produkt-kategorie\/climbing-equipment\/chalkbag\/chalkbag-befestigen\/\"},{\"@type\":\"ListItem\",\"position\":5,\"name\":\"Chalk Bag Belt Metolius\"}]},{\"@type\":\"WebSite\",\"@id\":\"https:\/\/bolting.eu\/en\/#website\",\"url\":\"https:\/\/bolting.eu\/en\/\",\"name\":\"bolting.eu\",\"description\":\"we make climbs happen\",\"publisher\":{\"@id\":\"https:\/\/bolting.eu\/en\/#organization\"},\"potentialAction\":[{\"@type\":\"SearchAction\",\"target\":{\"@type\":\"EntryPoint\",\"urlTemplate\":\"https:\/\/bolting.eu\/en\/?s={search_term_string}\"},\"query-input\":{\"@type\":\"PropertyValueSpecification\",\"valueRequired\":true,\"valueName\":\"search_term_string\"}}],\"inLanguage\":\"en-US\"},{\"@type\":[\"Organization\",\"Place\",\"SportingGoodsStore\"],\"@id\":\"https:\/\/bolting.eu\/en\/#organization\",\"name\":\"bolting.eu\",\"url\":\"https:\/\/bolting.eu\/en\/\",\"logo\":{\"@id\":\"https:\/\/bolting.eu\/en\/shop\/chalk-bag-belt-metolius\/#local-main-organization-logo\"},\"image\":{\"@id\":\"https:\/\/bolting.eu\/en\/shop\/chalk-bag-belt-metolius\/#local-main-organization-logo\"},\"sameAs\":[\"https:\/\/www.facebook.com\/bolting.eu\",\"https:\/\/www.instagram.com\/bolting.eu\/\"],\"address\":{\"@id\":\"https:\/\/bolting.eu\/en\/shop\/chalk-bag-belt-metolius\/#local-main-place-address\"},\"geo\":{\"@type\":\"GeoCoordinates\",\"latitude\":\"47.264176340396226\",\"longitude\":\"11.380109057672346\"},\"telephone\":[\"+43 699 19083372\"],\"openingHoursSpecification\":[{\"@type\":\"OpeningHoursSpecification\",\"dayOfWeek\":[\"Monday\",\"Wednesday\",\"Friday\"],\"opens\":\"14:00\",\"closes\":\"18:00\"},{\"@type\":\"OpeningHoursSpecification\",\"dayOfWeek\":[\"Tuesday\",\"Thursday\",\"Saturday\",\"Sunday\"],\"opens\":\"00:00\",\"closes\":\"00:00\"}],\"email\":\"office@bolting.eu\",\"vatID\":\"ATU59999728\",\"priceRange\":\"$$\",\"currenciesAccepted\":\"Euro\"},{\"@type\":\"PostalAddress\",\"@id\":\"https:\/\/bolting.eu\/en\/shop\/chalk-bag-belt-metolius\/#local-main-place-address\",\"streetAddress\":\"Fischnalerstra\u00dfe 4\",\"addressLocality\":\"Innsbruck\",\"postalCode\":\"6020\",\"addressRegion\":\"Tirol\",\"addressCountry\":\"AT\"},{\"@type\":\"ImageObject\",\"inLanguage\":\"en-US\",\"@id\":\"https:\/\/bolting.eu\/en\/shop\/chalk-bag-belt-metolius\/#local-main-organization-logo\",\"url\":\"https:\/\/bolting.eu\/wp-content\/uploads\/2019\/09\/bolting-logo.png\",\"contentUrl\":\"https:\/\/bolting.eu\/wp-content\/uploads\/2019\/09\/bolting-logo.png\",\"width\":400,\"height\":211,\"caption\":\"bolting.eu\"}]}<\/script>\n<meta property=\"product:price:amount\" content=\"6.00\" \/>\n<meta property=\"product:price:currency\" content=\"EUR\" \/>\n<meta property=\"og:availability\" content=\"out of stock\" \/>\n<meta property=\"product:availability\" content=\"out of stock\" \/>\n<meta property=\"product:retailer_item_id\" content=\"chal002\" \/>\n<meta property=\"product:condition\" content=\"new\" \/>\n<meta name=\"geo.placename\" content=\"Innsbruck\" \/>\n<meta name=\"geo.position\" content=\"47.264176340396226;11.380109057672346\" \/>\n<meta name=\"geo.region\" content=\"Austria\" \/>\n<!-- \/ Yoast SEO Premium plugin. -->","yoast_head_json":{"title":"Chalk Bag Belt Metolius - G\u00fcrtel f\u00fcr Mangnesiabeutel kaufen | bolting.eu","description":"Hier findet ihr den CHALK BAG BELT Metolius mit Security Buckle. Einen G\u00fcrtel f\u00fcr Magnesiabeutel der sich nicht unbeabsichtigt \u00f6ffnen kann!","robots":{"index":"index","follow":"follow","max-snippet":"max-snippet:-1","max-image-preview":"max-image-preview:large","max-video-preview":"max-video-preview:-1"},"canonical":"https:\/\/bolting.eu\/en\/shop\/chalk-bag-belt-metolius\/","og_locale":"en_US","og_type":"article","og_title":"Chalk Bag Belt Metolius","og_description":"Hier findet ihr den CHALK BAG BELT Metolius mit Security Buckle. Einen G\u00fcrtel f\u00fcr Magnesiabeutel der sich nicht unbeabsichtigt \u00f6ffnen kann!","og_url":"https:\/\/bolting.eu\/en\/shop\/chalk-bag-belt-metolius\/","og_site_name":"bolting.eu","article_publisher":"https:\/\/www.facebook.com\/bolting.eu","article_modified_time":"2026-03-13T12:50:01+00:00","og_image":[{"width":700,"height":700,"url":"https:\/\/bolting.eu\/wp-content\/uploads\/2020\/12\/Chalk-Bag-Belt-Metolius-Security-1.jpg","type":"image\/jpeg"}],"twitter_card":"summary_large_image","twitter_misc":{"Price":"&euro;&nbsp;6,00","Availability":"Out of stock"},"schema":{"@context":"https:\/\/schema.org","@graph":[{"@type":["WebPage","ItemPage"],"@id":"https:\/\/bolting.eu\/en\/shop\/chalk-bag-belt-metolius\/","url":"https:\/\/bolting.eu\/en\/shop\/chalk-bag-belt-metolius\/","name":"Chalk Bag Belt Metolius - G\u00fcrtel f\u00fcr Mangnesiabeutel kaufen | bolting.eu","isPartOf":{"@id":"https:\/\/bolting.eu\/en\/#website"},"primaryImageOfPage":{"@id":"https:\/\/bolting.eu\/en\/shop\/chalk-bag-belt-metolius\/#primaryimage"},"image":{"@id":"https:\/\/bolting.eu\/en\/shop\/chalk-bag-belt-metolius\/#primaryimage"},"thumbnailUrl":"https:\/\/bolting.eu\/wp-content\/uploads\/2020\/12\/Chalk-Bag-Belt-Metolius-Security-1.jpg","datePublished":"2020-12-01T08:49:12+00:00","dateModified":"2026-03-13T12:50:01+00:00","description":"Hier findet ihr den CHALK BAG BELT Metolius mit Security Buckle. Einen G\u00fcrtel f\u00fcr Magnesiabeutel der sich nicht unbeabsichtigt \u00f6ffnen kann!","breadcrumb":{"@id":"https:\/\/bolting.eu\/en\/shop\/chalk-bag-belt-metolius\/#breadcrumb"},"inLanguage":"en-US","potentialAction":[{"@type":"ReadAction","target":["https:\/\/bolting.eu\/en\/shop\/chalk-bag-belt-metolius\/"]}]},{"@type":"ImageObject","inLanguage":"en-US","@id":"https:\/\/bolting.eu\/en\/shop\/chalk-bag-belt-metolius\/#primaryimage","url":"https:\/\/bolting.eu\/wp-content\/uploads\/2020\/12\/Chalk-Bag-Belt-Metolius-Security-1.jpg","contentUrl":"https:\/\/bolting.eu\/wp-content\/uploads\/2020\/12\/Chalk-Bag-Belt-Metolius-Security-1.jpg","width":700,"height":700,"caption":"Das Bild zeigt den Chalk Bag Belt Metolius Security. Der Gurt f\u00fcr Magnesiabeutel liegt in Bildmitte, man sieht im Vordergrund die scharf gestellte Alu Schnalle, dahinter unscharf das schwarze, eingerollte Gurtband."},{"@type":"BreadcrumbList","@id":"https:\/\/bolting.eu\/en\/shop\/chalk-bag-belt-metolius\/#breadcrumb","itemListElement":[{"@type":"ListItem","position":1,"name":"Shop","item":"https:\/\/bolting.eu\/en\/shop\/"},{"@type":"ListItem","position":2,"name":"climbing equipment","item":"https:\/\/bolting.eu\/en\/produkt-kategorie\/climbing-equipment\/"},{"@type":"ListItem","position":3,"name":"Chalkbag","item":"https:\/\/bolting.eu\/produkt-kategorie\/kletterausruestung\/chalkbag\/"},{"@type":"ListItem","position":4,"name":"Chalkbag befestigen","item":"https:\/\/bolting.eu\/en\/produkt-kategorie\/climbing-equipment\/chalkbag\/chalkbag-befestigen\/"},{"@type":"ListItem","position":5,"name":"Chalk Bag Belt Metolius"}]},{"@type":"WebSite","@id":"https:\/\/bolting.eu\/en\/#website","url":"https:\/\/bolting.eu\/en\/","name":"bolting.eu","description":"we make climbs happen","publisher":{"@id":"https:\/\/bolting.eu\/en\/#organization"},"potentialAction":[{"@type":"SearchAction","target":{"@type":"EntryPoint","urlTemplate":"https:\/\/bolting.eu\/en\/?s={search_term_string}"},"query-input":{"@type":"PropertyValueSpecification","valueRequired":true,"valueName":"search_term_string"}}],"inLanguage":"en-US"},{"@type":["Organization","Place","SportingGoodsStore"],"@id":"https:\/\/bolting.eu\/en\/#organization","name":"bolting.eu","url":"https:\/\/bolting.eu\/en\/","logo":{"@id":"https:\/\/bolting.eu\/en\/shop\/chalk-bag-belt-metolius\/#local-main-organization-logo"},"image":{"@id":"https:\/\/bolting.eu\/en\/shop\/chalk-bag-belt-metolius\/#local-main-organization-logo"},"sameAs":["https:\/\/www.facebook.com\/bolting.eu","https:\/\/www.instagram.com\/bolting.eu\/"],"address":{"@id":"https:\/\/bolting.eu\/en\/shop\/chalk-bag-belt-metolius\/#local-main-place-address"},"geo":{"@type":"GeoCoordinates","latitude":"47.264176340396226","longitude":"11.380109057672346"},"telephone":["+43 699 19083372"],"openingHoursSpecification":[{"@type":"OpeningHoursSpecification","dayOfWeek":["Monday","Wednesday","Friday"],"opens":"14:00","closes":"18:00"},{"@type":"OpeningHoursSpecification","dayOfWeek":["Tuesday","Thursday","Saturday","Sunday"],"opens":"00:00","closes":"00:00"}],"email":"office@bolting.eu","vatID":"ATU59999728","priceRange":"$$","currenciesAccepted":"Euro"},{"@type":"PostalAddress","@id":"https:\/\/bolting.eu\/en\/shop\/chalk-bag-belt-metolius\/#local-main-place-address","streetAddress":"Fischnalerstra\u00dfe 4","addressLocality":"Innsbruck","postalCode":"6020","addressRegion":"Tirol","addressCountry":"AT"},{"@type":"ImageObject","inLanguage":"en-US","@id":"https:\/\/bolting.eu\/en\/shop\/chalk-bag-belt-metolius\/#local-main-organization-logo","url":"https:\/\/bolting.eu\/wp-content\/uploads\/2019\/09\/bolting-logo.png","contentUrl":"https:\/\/bolting.eu\/wp-content\/uploads\/2019\/09\/bolting-logo.png","width":400,"height":211,"caption":"bolting.eu"}]},"product_price_amount":"6.00","product_price_currency":"EUR","og_availability":"out of stock","product_availability":"out of stock","product_retailer_item_id":"chal002","product_condition":"new","geo.placename":"Innsbruck","geo.position":{"lat":"47.264176340396226","long":"11.380109057672346"},"geo.region":"Austria"},"_links":{"self":[{"href":"https:\/\/bolting.eu\/en\/wp-json\/wp\/v2\/product\/6618","targetHints":{"allow":["GET"]}}],"collection":[{"href":"https:\/\/bolting.eu\/en\/wp-json\/wp\/v2\/product"}],"about":[{"href":"https:\/\/bolting.eu\/en\/wp-json\/wp\/v2\/types\/product"}],"replies":[{"embeddable":true,"href":"https:\/\/bolting.eu\/en\/wp-json\/wp\/v2\/comments?post=6618"}],"wp:featuredmedia":[{"embeddable":true,"href":"https:\/\/bolting.eu\/en\/wp-json\/wp\/v2\/media\/6622"}],"wp:attachment":[{"href":"https:\/\/bolting.eu\/en\/wp-json\/wp\/v2\/media?parent=6618"}],"wp:term":[{"taxonomy":"product_brand","embeddable":true,"href":"https:\/\/bolting.eu\/en\/wp-json\/wp\/v2\/product_brand?post=6618"},{"taxonomy":"product_cat","embeddable":true,"href":"https:\/\/bolting.eu\/en\/wp-json\/wp\/v2\/product_cat?post=6618"},{"taxonomy":"product_tag","embeddable":true,"href":"https:\/\/bolting.eu\/en\/wp-json\/wp\/v2\/product_tag?post=6618"}],"curies":[{"name":"wp","href":"https:\/\/api.w.org\/{rel}","templated":true}]}}