{"id":6463,"date":"2020-11-26T10:39:54","date_gmt":"2020-11-26T09:39:54","guid":{"rendered":"https:\/\/bolting.eu\/?post_type=product&#038;p=6463"},"modified":"2026-05-08T16:49:07","modified_gmt":"2026-05-08T14:49:07","slug":"austrialpin-rondo-schrauber-eloxiert","status":"publish","type":"product","link":"https:\/\/bolting.eu\/en\/shop\/austrialpin-rondo-schrauber-eloxiert\/","title":{"rendered":"Austrialpin Rondo Schrauber eloxiert"},"content":{"rendered":"<p>Der Austrialpin Rondo Schrauber eloxiert ist ein gro\u00dfer HMS Karabiner. Er geh\u00f6rt zur <a href=\"https:\/\/bolting.eu\/produkt-kategorie\/karabiner-kletterkarabiner\/austrialpin-rondo\/\">Austrialpin Rondo<\/a> Familie und ist einer unserer HMS Bestseller.<\/p>\n<p>Dieser Karabiner hat gleich einige klasse Eigenschaften die ihn deswegen so beliebt machen. Erstens seine Gr\u00f6\u00dfe. Denn er macht sowohl als Zentralkarabiner als auch Anschlagpunkt eine gute Figur. Z.B. an Bohrhaken oder Klebehaken.<\/p>\n<p>Zweitens hat er einen runden Querschnitt und sehr breiten Schenkel. Somit ist er die Paradedefinition eines HMS Karabiners. Denn der Halbmastwurf springt perfekt vor und zur\u00fcck. Dar\u00fcber hinaus eignet Austrialpin Rondo Schrauber eloxiert f\u00fcr viele Sicherungsger\u00e4te. Wie z.B. Tuber, Abseilachter oder Reverso und seine Derivate anderer Hersteller.<\/p>\n<p>Drittens die Eloxierung. Diese Korrosions Schutzschichte f\u00fcr Aluminium sch\u00fctz den Karabiner langfristig gegen Rost und beinhaltet auch die Farbe.<\/p>\n<p>Und viertens nat\u00fcrlich den Preis. Denn der Karabiner liegt definitiv im unteren Preissegment f\u00fcr HMS Schrauber.<\/p>\n<p>Kurzum. Wer einen gro\u00dfen, vielseitigen und g\u00fcnstigen HMS Schraubkarabiner sucht ist hier richtig!<\/p>\n<h2>Eigenschaften Austrialpin Rondo Schrauber eloxiert<\/h2>\n<ul>\n<li>Hersteller: <a href=\"https:\/\/bolting.eu\/produkt-kategorie\/austrialpin\/\">Austrialpin<\/a><\/li>\n<li>Material: Aluminium eloxiert<\/li>\n<li>Farbe: azurblau oder rot<\/li>\n<li>EN Norm 12275, EN 362 bzw. UIAA 121<\/li>\n<li>Verschluss: Schraubverschluss<\/li>\n<li>Bruchlasten 23kN l\u00e4ngs \/ 7kN offen \/ 10 kN Querachse<\/li>\n<li>Gr\u00f6\u00dfe 110 x 72mm<\/li>\n<li>Schnapper\u00f6ffnung: 27mm<\/li>\n<li>Gewicht: 93 Gramm<\/li>\n<li>Made in Austria<\/li>\n<\/ul>\n<h3>Der runde Querschnitt macht\u00b4s!<\/h3>\n<p>Der Austrialpin Rondo Schrauber eloxiert ist ein perfekter HMS Karabiner. Denn zum einen hat er einen sehr breiten und flachen Scheitel. Und zum anderen hat dieser einen runden Querschnitt.<\/p>\n<p>Das sorgt f\u00fcr einen extrem smoothen Seildurchlauf und somit f\u00fcr ein perfektes Handling. Denn das Seil l\u00e4uft fl\u00fcssig und gleichm\u00e4\u00dfig durch bzw. um den Karabinerscheitel. So sorgt dieser HMS Karabiner auch f\u00fcr sp\u00fcrbare Sicherheit mit vielen Sicherungsger\u00e4ten.<\/p>\n<h3>Austrialpin Rondo Schrauber eloxiert = langlebig!<\/h3>\n<p>Dieser HMS Karabiner ist mit einer Eloxierung ausgestattet. D.h. er besitzt zum einen diese Schutzschichte gegen Korrosion. Und zum anderen befindet sich darin gleich auch die Farbe. Somit kann man die verschiedenen Karabiner Typen gleich erkennen bzw. sich mehrere Farben zulegen.<\/p>\n<p>Anders ausgedr\u00fcckt bedeutet dies aber auch. Die Eloxierung macht den Karabiner zu einem extrem langlebigen Produkt. Denn so sollte der HMS Karabiner \u00fcber viele Klettersaisonen hinweg gute Dienste leisten.<\/p>\n<p>Auszutauschen ist der Karabiner wenn er zu stark abgerieben ist. Ihr merkt dies dann beim Handling. Bei Sicherungsger\u00e4ten wird dann der Kraftaufwand zum Dosieren des Seildurchlaufs deutlich gr\u00f6\u00dfer.<\/p>\n<h3>Pflegetipp<\/h3>\n<p>Wascht den Austrialpin Rondo Schrauber poliert von Zeit zu Zeit mit lauwarmen Wasser aus. Dies holt den feinen Schmutz aus dem Schraubverschluss bzw. dem Schnappergelenk. Danach dankt euch der Karabiner ein paar Tropfen <a href=\"https:\/\/bolting.eu\/shop\/kong-kletterausruestung-pflegeoel\/\">Karabiner Pflege\u00f6l<\/a> mit voller Funktionst\u00fcchtigkeit!<\/p>\n<h4><strong>Link Tipp<\/strong><\/h4>\n<p>Hier geht es zur <a href=\"https:\/\/www.austrialpin.at\/fileadmin\/anleitungen\/AA_instruction-manual_carabiner-slings.pdf\">Gebrauchsanweisung<\/a> des Herstellers.<\/p>\n","protected":false},"excerpt":{"rendered":"<p>Gro\u00dfer HMS Karabiner mit gro\u00dfer Bruchlast und 27mm Schnapper\u00f6ffnung. Gut als Zentralkarabiner, zum HMS Sichern oder zum Anseilen am Gletscher.<\/p>\n<p>100% made in Austria!<\/p>\n<p>Versandkostenfrei bis 2kg in <img decoding=\"async\" class=\"emoji\" role=\"img\" draggable=\"false\" src=\"https:\/\/s.w.org\/images\/core\/emoji\/14.0.0\/svg\/1f1e6-1f1f9.svg\" alt=\"\ud83c\udde6\ud83c\uddf9\" \/> ab \u20ac 100,- und <img decoding=\"async\" class=\"emoji\" role=\"img\" draggable=\"false\" src=\"https:\/\/s.w.org\/images\/core\/emoji\/14.0.0\/svg\/1f1e9-1f1ea.svg\" alt=\"\ud83c\udde9\ud83c\uddea\" \/> ab \u20ac 200,-!<\/p>\n","protected":false},"featured_media":6396,"comment_status":"open","ping_status":"closed","template":"","meta":[],"product_brand":[],"product_cat":[3008,3009,13358,4649,13935,44,15205],"product_tag":[],"class_list":{"0":"post-6463","1":"product","2":"type-product","3":"status-publish","4":"has-post-thumbnail","6":"product_cat-sicherheitskarabiner","7":"product_cat-schraubkarabiner","8":"product_cat-hms-karabiner","9":"product_cat-austrialpin","10":"product_cat-austrialpin-rondo","11":"product_cat-kletterkarabiner","12":"product_cat-karabiner-schwarz","14":"first","15":"instock","16":"sale","17":"taxable","18":"shipping-taxable","19":"purchasable","20":"product-type-variable"},"yoast_head":"<!-- This site is optimized with the Yoast SEO Premium plugin v26.9 (Yoast SEO v26.9) - https:\/\/yoast.com\/product\/yoast-seo-premium-wordpress\/ -->\n<title>Austrialpin Rondo Schrauber eloxiert g\u00fcnstig online kaufen | bolting.eu<\/title>\n<meta name=\"description\" content=\"AUSTRIALPIN RONDO SCHRAUBER ELOXIERT beim Kletterprofi aus Innsbruck kaufen \u2705 kostenloser Versand* \u2705 14 Tage R\u00fcckgaberecht \u2705 Co2 neutraler Versand\" \/>\n<meta name=\"robots\" content=\"index, follow, max-snippet:-1, max-image-preview:large, max-video-preview:-1\" \/>\n<link rel=\"canonical\" href=\"https:\/\/bolting.eu\/en\/shop\/austrialpin-rondo-schrauber-eloxiert\/\" \/>\n<meta property=\"og:locale\" content=\"en_US\" \/>\n<meta property=\"og:type\" content=\"article\" \/>\n<meta property=\"og:title\" content=\"Austrialpin Rondo Schrauber eloxiert\" \/>\n<meta property=\"og:description\" content=\"AUSTRIALPIN RONDO SCHRAUBER ELOXIERT beim Kletterprofi aus Innsbruck kaufen \u2705 kostenloser Versand* \u2705 14 Tage R\u00fcckgaberecht \u2705 Co2 neutraler Versand\" \/>\n<meta property=\"og:url\" content=\"https:\/\/bolting.eu\/en\/shop\/austrialpin-rondo-schrauber-eloxiert\/\" \/>\n<meta property=\"og:site_name\" content=\"bolting.eu\" \/>\n<meta property=\"article:publisher\" content=\"https:\/\/www.facebook.com\/bolting.eu\" \/>\n<meta property=\"article:modified_time\" content=\"2026-05-08T14:49:07+00:00\" \/>\n<meta property=\"og:image\" content=\"https:\/\/bolting.eu\/wp-content\/uploads\/2020\/11\/Austrialpin-Rondo-Schrauber-eloxiert-blau-1.jpg\" \/>\n\t<meta property=\"og:image:width\" content=\"700\" \/>\n\t<meta property=\"og:image:height\" content=\"700\" \/>\n\t<meta property=\"og:image:type\" content=\"image\/jpeg\" \/>\n<meta name=\"twitter:card\" content=\"summary_large_image\" \/>\n<meta name=\"twitter:label1\" content=\"Availability\" \/>\n\t<meta name=\"twitter:data1\" content=\"In stock\" \/>\n<script type=\"application\/ld+json\" class=\"yoast-schema-graph\">{\"@context\":\"https:\/\/schema.org\",\"@graph\":[{\"@type\":[\"WebPage\",\"ItemPage\"],\"@id\":\"https:\/\/bolting.eu\/en\/shop\/austrialpin-rondo-schrauber-eloxiert\/\",\"url\":\"https:\/\/bolting.eu\/en\/shop\/austrialpin-rondo-schrauber-eloxiert\/\",\"name\":\"Austrialpin Rondo Schrauber eloxiert g\u00fcnstig online kaufen | bolting.eu\",\"isPartOf\":{\"@id\":\"https:\/\/bolting.eu\/en\/#website\"},\"primaryImageOfPage\":{\"@id\":\"https:\/\/bolting.eu\/en\/shop\/austrialpin-rondo-schrauber-eloxiert\/#primaryimage\"},\"image\":{\"@id\":\"https:\/\/bolting.eu\/en\/shop\/austrialpin-rondo-schrauber-eloxiert\/#primaryimage\"},\"thumbnailUrl\":\"https:\/\/bolting.eu\/wp-content\/uploads\/2020\/11\/Austrialpin-Rondo-Schrauber-eloxiert-blau-1.jpg\",\"datePublished\":\"2020-11-26T09:39:54+00:00\",\"dateModified\":\"2026-05-08T14:49:07+00:00\",\"description\":\"AUSTRIALPIN RONDO SCHRAUBER ELOXIERT beim Kletterprofi aus Innsbruck kaufen \u2705 kostenloser Versand* \u2705 14 Tage R\u00fcckgaberecht \u2705 Co2 neutraler Versand\",\"breadcrumb\":{\"@id\":\"https:\/\/bolting.eu\/en\/shop\/austrialpin-rondo-schrauber-eloxiert\/#breadcrumb\"},\"inLanguage\":\"en-US\",\"potentialAction\":[{\"@type\":\"ReadAction\",\"target\":[\"https:\/\/bolting.eu\/en\/shop\/austrialpin-rondo-schrauber-eloxiert\/\"]}]},{\"@type\":\"ImageObject\",\"inLanguage\":\"en-US\",\"@id\":\"https:\/\/bolting.eu\/en\/shop\/austrialpin-rondo-schrauber-eloxiert\/#primaryimage\",\"url\":\"https:\/\/bolting.eu\/wp-content\/uploads\/2020\/11\/Austrialpin-Rondo-Schrauber-eloxiert-blau-1.jpg\",\"contentUrl\":\"https:\/\/bolting.eu\/wp-content\/uploads\/2020\/11\/Austrialpin-Rondo-Schrauber-eloxiert-blau-1.jpg\",\"width\":700,\"height\":700,\"caption\":\"Das Bild zeigt den Austrialpin Rondo Schrauber eloxiert in azurblau. Der HMS Karabiner steht in Bildmitte mit dem Schraubverschluss auf der rechten Seite.\"},{\"@type\":\"BreadcrumbList\",\"@id\":\"https:\/\/bolting.eu\/en\/shop\/austrialpin-rondo-schrauber-eloxiert\/#breadcrumb\",\"itemListElement\":[{\"@type\":\"ListItem\",\"position\":1,\"name\":\"Shop\",\"item\":\"https:\/\/bolting.eu\/en\/shop\/\"},{\"@type\":\"ListItem\",\"position\":2,\"name\":\"climbing equipment\",\"item\":\"https:\/\/bolting.eu\/en\/produkt-kategorie\/climbing-equipment\/\"},{\"@type\":\"ListItem\",\"position\":3,\"name\":\"Climbing carabiner\",\"item\":\"https:\/\/bolting.eu\/en\/produkt-kategorie\/climbing-carabiner\/\"},{\"@type\":\"ListItem\",\"position\":4,\"name\":\"Austrialpin Rondo Schrauber eloxiert\"}]},{\"@type\":\"WebSite\",\"@id\":\"https:\/\/bolting.eu\/en\/#website\",\"url\":\"https:\/\/bolting.eu\/en\/\",\"name\":\"bolting.eu\",\"description\":\"we make climbs happen\",\"publisher\":{\"@id\":\"https:\/\/bolting.eu\/en\/#organization\"},\"potentialAction\":[{\"@type\":\"SearchAction\",\"target\":{\"@type\":\"EntryPoint\",\"urlTemplate\":\"https:\/\/bolting.eu\/en\/?s={search_term_string}\"},\"query-input\":{\"@type\":\"PropertyValueSpecification\",\"valueRequired\":true,\"valueName\":\"search_term_string\"}}],\"inLanguage\":\"en-US\"},{\"@type\":[\"Organization\",\"Place\",\"SportingGoodsStore\"],\"@id\":\"https:\/\/bolting.eu\/en\/#organization\",\"name\":\"bolting.eu\",\"url\":\"https:\/\/bolting.eu\/en\/\",\"logo\":{\"@id\":\"https:\/\/bolting.eu\/en\/shop\/austrialpin-rondo-schrauber-eloxiert\/#local-main-organization-logo\"},\"image\":{\"@id\":\"https:\/\/bolting.eu\/en\/shop\/austrialpin-rondo-schrauber-eloxiert\/#local-main-organization-logo\"},\"sameAs\":[\"https:\/\/www.facebook.com\/bolting.eu\",\"https:\/\/www.instagram.com\/bolting.eu\/\"],\"address\":{\"@id\":\"https:\/\/bolting.eu\/en\/shop\/austrialpin-rondo-schrauber-eloxiert\/#local-main-place-address\"},\"geo\":{\"@type\":\"GeoCoordinates\",\"latitude\":\"47.264176340396226\",\"longitude\":\"11.380109057672346\"},\"telephone\":[\"+43 699 19083372\"],\"openingHoursSpecification\":[{\"@type\":\"OpeningHoursSpecification\",\"dayOfWeek\":[\"Monday\",\"Wednesday\",\"Friday\"],\"opens\":\"14:00\",\"closes\":\"18:00\"},{\"@type\":\"OpeningHoursSpecification\",\"dayOfWeek\":[\"Tuesday\",\"Thursday\",\"Saturday\",\"Sunday\"],\"opens\":\"00:00\",\"closes\":\"00:00\"}],\"email\":\"office@bolting.eu\",\"vatID\":\"ATU59999728\",\"priceRange\":\"$$\",\"currenciesAccepted\":\"Euro\"},{\"@type\":\"PostalAddress\",\"@id\":\"https:\/\/bolting.eu\/en\/shop\/austrialpin-rondo-schrauber-eloxiert\/#local-main-place-address\",\"streetAddress\":\"Fischnalerstra\u00dfe 4\",\"addressLocality\":\"Innsbruck\",\"postalCode\":\"6020\",\"addressRegion\":\"Tirol\",\"addressCountry\":\"AT\"},{\"@type\":\"ImageObject\",\"inLanguage\":\"en-US\",\"@id\":\"https:\/\/bolting.eu\/en\/shop\/austrialpin-rondo-schrauber-eloxiert\/#local-main-organization-logo\",\"url\":\"https:\/\/bolting.eu\/wp-content\/uploads\/2019\/09\/bolting-logo.png\",\"contentUrl\":\"https:\/\/bolting.eu\/wp-content\/uploads\/2019\/09\/bolting-logo.png\",\"width\":400,\"height\":211,\"caption\":\"bolting.eu\"}]}<\/script>\n<meta property=\"og:availability\" content=\"instock\" \/>\n<meta property=\"product:availability\" content=\"instock\" \/>\n<meta property=\"product:retailer_item_id\" content=\"KR13A-1\" \/>\n<meta property=\"product:condition\" content=\"new\" \/>\n<meta name=\"geo.placename\" content=\"Innsbruck\" \/>\n<meta name=\"geo.position\" content=\"47.264176340396226;11.380109057672346\" \/>\n<meta name=\"geo.region\" content=\"Austria\" \/>\n<!-- \/ Yoast SEO Premium plugin. -->","yoast_head_json":{"title":"Austrialpin Rondo Schrauber eloxiert g\u00fcnstig online kaufen | bolting.eu","description":"AUSTRIALPIN RONDO SCHRAUBER ELOXIERT beim Kletterprofi aus Innsbruck kaufen \u2705 kostenloser Versand* \u2705 14 Tage R\u00fcckgaberecht \u2705 Co2 neutraler Versand","robots":{"index":"index","follow":"follow","max-snippet":"max-snippet:-1","max-image-preview":"max-image-preview:large","max-video-preview":"max-video-preview:-1"},"canonical":"https:\/\/bolting.eu\/en\/shop\/austrialpin-rondo-schrauber-eloxiert\/","og_locale":"en_US","og_type":"article","og_title":"Austrialpin Rondo Schrauber eloxiert","og_description":"AUSTRIALPIN RONDO SCHRAUBER ELOXIERT beim Kletterprofi aus Innsbruck kaufen \u2705 kostenloser Versand* \u2705 14 Tage R\u00fcckgaberecht \u2705 Co2 neutraler Versand","og_url":"https:\/\/bolting.eu\/en\/shop\/austrialpin-rondo-schrauber-eloxiert\/","og_site_name":"bolting.eu","article_publisher":"https:\/\/www.facebook.com\/bolting.eu","article_modified_time":"2026-05-08T14:49:07+00:00","og_image":[{"width":700,"height":700,"url":"https:\/\/bolting.eu\/wp-content\/uploads\/2020\/11\/Austrialpin-Rondo-Schrauber-eloxiert-blau-1.jpg","type":"image\/jpeg"}],"twitter_card":"summary_large_image","twitter_misc":{"Availability":"In stock"},"schema":{"@context":"https:\/\/schema.org","@graph":[{"@type":["WebPage","ItemPage"],"@id":"https:\/\/bolting.eu\/en\/shop\/austrialpin-rondo-schrauber-eloxiert\/","url":"https:\/\/bolting.eu\/en\/shop\/austrialpin-rondo-schrauber-eloxiert\/","name":"Austrialpin Rondo Schrauber eloxiert g\u00fcnstig online kaufen | bolting.eu","isPartOf":{"@id":"https:\/\/bolting.eu\/en\/#website"},"primaryImageOfPage":{"@id":"https:\/\/bolting.eu\/en\/shop\/austrialpin-rondo-schrauber-eloxiert\/#primaryimage"},"image":{"@id":"https:\/\/bolting.eu\/en\/shop\/austrialpin-rondo-schrauber-eloxiert\/#primaryimage"},"thumbnailUrl":"https:\/\/bolting.eu\/wp-content\/uploads\/2020\/11\/Austrialpin-Rondo-Schrauber-eloxiert-blau-1.jpg","datePublished":"2020-11-26T09:39:54+00:00","dateModified":"2026-05-08T14:49:07+00:00","description":"AUSTRIALPIN RONDO SCHRAUBER ELOXIERT beim Kletterprofi aus Innsbruck kaufen \u2705 kostenloser Versand* \u2705 14 Tage R\u00fcckgaberecht \u2705 Co2 neutraler Versand","breadcrumb":{"@id":"https:\/\/bolting.eu\/en\/shop\/austrialpin-rondo-schrauber-eloxiert\/#breadcrumb"},"inLanguage":"en-US","potentialAction":[{"@type":"ReadAction","target":["https:\/\/bolting.eu\/en\/shop\/austrialpin-rondo-schrauber-eloxiert\/"]}]},{"@type":"ImageObject","inLanguage":"en-US","@id":"https:\/\/bolting.eu\/en\/shop\/austrialpin-rondo-schrauber-eloxiert\/#primaryimage","url":"https:\/\/bolting.eu\/wp-content\/uploads\/2020\/11\/Austrialpin-Rondo-Schrauber-eloxiert-blau-1.jpg","contentUrl":"https:\/\/bolting.eu\/wp-content\/uploads\/2020\/11\/Austrialpin-Rondo-Schrauber-eloxiert-blau-1.jpg","width":700,"height":700,"caption":"Das Bild zeigt den Austrialpin Rondo Schrauber eloxiert in azurblau. Der HMS Karabiner steht in Bildmitte mit dem Schraubverschluss auf der rechten Seite."},{"@type":"BreadcrumbList","@id":"https:\/\/bolting.eu\/en\/shop\/austrialpin-rondo-schrauber-eloxiert\/#breadcrumb","itemListElement":[{"@type":"ListItem","position":1,"name":"Shop","item":"https:\/\/bolting.eu\/en\/shop\/"},{"@type":"ListItem","position":2,"name":"climbing equipment","item":"https:\/\/bolting.eu\/en\/produkt-kategorie\/climbing-equipment\/"},{"@type":"ListItem","position":3,"name":"Climbing carabiner","item":"https:\/\/bolting.eu\/en\/produkt-kategorie\/climbing-carabiner\/"},{"@type":"ListItem","position":4,"name":"Austrialpin Rondo Schrauber eloxiert"}]},{"@type":"WebSite","@id":"https:\/\/bolting.eu\/en\/#website","url":"https:\/\/bolting.eu\/en\/","name":"bolting.eu","description":"we make climbs happen","publisher":{"@id":"https:\/\/bolting.eu\/en\/#organization"},"potentialAction":[{"@type":"SearchAction","target":{"@type":"EntryPoint","urlTemplate":"https:\/\/bolting.eu\/en\/?s={search_term_string}"},"query-input":{"@type":"PropertyValueSpecification","valueRequired":true,"valueName":"search_term_string"}}],"inLanguage":"en-US"},{"@type":["Organization","Place","SportingGoodsStore"],"@id":"https:\/\/bolting.eu\/en\/#organization","name":"bolting.eu","url":"https:\/\/bolting.eu\/en\/","logo":{"@id":"https:\/\/bolting.eu\/en\/shop\/austrialpin-rondo-schrauber-eloxiert\/#local-main-organization-logo"},"image":{"@id":"https:\/\/bolting.eu\/en\/shop\/austrialpin-rondo-schrauber-eloxiert\/#local-main-organization-logo"},"sameAs":["https:\/\/www.facebook.com\/bolting.eu","https:\/\/www.instagram.com\/bolting.eu\/"],"address":{"@id":"https:\/\/bolting.eu\/en\/shop\/austrialpin-rondo-schrauber-eloxiert\/#local-main-place-address"},"geo":{"@type":"GeoCoordinates","latitude":"47.264176340396226","longitude":"11.380109057672346"},"telephone":["+43 699 19083372"],"openingHoursSpecification":[{"@type":"OpeningHoursSpecification","dayOfWeek":["Monday","Wednesday","Friday"],"opens":"14:00","closes":"18:00"},{"@type":"OpeningHoursSpecification","dayOfWeek":["Tuesday","Thursday","Saturday","Sunday"],"opens":"00:00","closes":"00:00"}],"email":"office@bolting.eu","vatID":"ATU59999728","priceRange":"$$","currenciesAccepted":"Euro"},{"@type":"PostalAddress","@id":"https:\/\/bolting.eu\/en\/shop\/austrialpin-rondo-schrauber-eloxiert\/#local-main-place-address","streetAddress":"Fischnalerstra\u00dfe 4","addressLocality":"Innsbruck","postalCode":"6020","addressRegion":"Tirol","addressCountry":"AT"},{"@type":"ImageObject","inLanguage":"en-US","@id":"https:\/\/bolting.eu\/en\/shop\/austrialpin-rondo-schrauber-eloxiert\/#local-main-organization-logo","url":"https:\/\/bolting.eu\/wp-content\/uploads\/2019\/09\/bolting-logo.png","contentUrl":"https:\/\/bolting.eu\/wp-content\/uploads\/2019\/09\/bolting-logo.png","width":400,"height":211,"caption":"bolting.eu"}]},"og_availability":"instock","product_availability":"instock","product_retailer_item_id":"KR13A-1","product_condition":"new","geo.placename":"Innsbruck","geo.position":{"lat":"47.264176340396226","long":"11.380109057672346"},"geo.region":"Austria"},"_links":{"self":[{"href":"https:\/\/bolting.eu\/en\/wp-json\/wp\/v2\/product\/6463","targetHints":{"allow":["GET"]}}],"collection":[{"href":"https:\/\/bolting.eu\/en\/wp-json\/wp\/v2\/product"}],"about":[{"href":"https:\/\/bolting.eu\/en\/wp-json\/wp\/v2\/types\/product"}],"replies":[{"embeddable":true,"href":"https:\/\/bolting.eu\/en\/wp-json\/wp\/v2\/comments?post=6463"}],"wp:featuredmedia":[{"embeddable":true,"href":"https:\/\/bolting.eu\/en\/wp-json\/wp\/v2\/media\/6396"}],"wp:attachment":[{"href":"https:\/\/bolting.eu\/en\/wp-json\/wp\/v2\/media?parent=6463"}],"wp:term":[{"taxonomy":"product_brand","embeddable":true,"href":"https:\/\/bolting.eu\/en\/wp-json\/wp\/v2\/product_brand?post=6463"},{"taxonomy":"product_cat","embeddable":true,"href":"https:\/\/bolting.eu\/en\/wp-json\/wp\/v2\/product_cat?post=6463"},{"taxonomy":"product_tag","embeddable":true,"href":"https:\/\/bolting.eu\/en\/wp-json\/wp\/v2\/product_tag?post=6463"}],"curies":[{"name":"wp","href":"https:\/\/api.w.org\/{rel}","templated":true}]}}