{"id":6451,"date":"2020-11-25T19:14:34","date_gmt":"2020-11-25T18:14:34","guid":{"rendered":"https:\/\/bolting.eu\/?post_type=product&#038;p=6451"},"modified":"2025-09-19T11:32:39","modified_gmt":"2025-09-19T09:32:39","slug":"hms-rondo-slide-autolock","status":"publish","type":"product","link":"https:\/\/bolting.eu\/en\/shop\/hms-rondo-slide-autolock\/","title":{"rendered":"HMS Rondo Slide Autolock"},"content":{"rendered":"<p>Der HMS Rondo Slide Autolock ist laut Hersteller der schnellste Karabiner Verschluss der Welt. Er geh\u00f6rt zur <a href=\"https:\/\/bolting.eu\/produkt-kategorie\/karabiner-kletterkarabiner\/austrialpin-rondo\/\">Austrialpin Rondo<\/a> Familie. D.h. zum einen ist der Karabiner vom Rahmen her ein &#8220;Rondo&#8221; Modell. Und zum anderen hat er den innovativen &#8220;Slide&#8221; Autolock Verschluss.<\/p>\n<p>Diese Eigenschaften machen den Karabiner zum perfekten HMS Karabiner.<\/p>\n<p>Denn erstens ist er extrem sicher. Die Slider Funktion kann n\u00e4mlich nicht unabsichtlich ausgel\u00f6st werden.<\/p>\n<p>Zweitens bringt die Rondo Form ein super Seilhandling mit sich. Sowohl das reibungslose Durchlaufen des Seiles als auch ein glattes Umspringen des HMS Knoten ist garantiert.<\/p>\n<p>Drittens hat der Karabiner eine angenehme Gr\u00f6\u00dfe, die ihn immer gut in der Hand liegen l\u00e4sst. Und \u00fcberdies sorgt die Eloxierung f\u00fcr einen langlebigen Korrosionsschutz.<\/p>\n<p>Kurzum. Wer einen innovativen und sicheren HMS Karabiner f\u00fcr alle m\u00f6glichen Anwendungen mit Seil sucht, der hat ihn gefunden!<\/p>\n<h2>Eigenschaften HMS Rondo Slide Autolock<\/h2>\n<ul>\n<li>Hersteller: <a href=\"https:\/\/bolting.eu\/produkt-kategorie\/austrialpin\/\">Austrialpin<\/a><\/li>\n<li>Material: Aluminium<\/li>\n<li>Farben: gr\u00fcn oder violett<\/li>\n<li>Normen: <a href=\"https:\/\/bolting.eu\/en-12275-norm\/\">EN 12275<\/a>, <a href=\"https:\/\/bolting.eu\/en-362-norm\/\">EN 362<\/a> bzw. UIAA 121<\/li>\n<li>Verschluss: Slide Autolock<\/li>\n<li><a href=\"https:\/\/bolting.eu\/bruchlast-karabiner\/\">Bruchlast Karabiner<\/a>: 23kN l\u00e4ngs \/ 7kN offen \/ 10 kN Querachse<\/li>\n<li>Gr\u00f6\u00dfe 110 x 72mm<\/li>\n<li>Schnapper\u00f6ffnung: 27mm<\/li>\n<li>Gewicht: 84 Gramm<\/li>\n<li>Made in Austria<\/li>\n<\/ul>\n<h3>Innovativer Slide Autolock Verschluss<\/h3>\n<p>Mit dem HMS Rondo Slide Autolock ist den Tirolern eine klasse Innovation gelungen. Denn dieser Verschluss verbindet gleich einige n\u00fctzliche Eigenschaften.<\/p>\n<p>Erstens ist er extrem schnell zu \u00f6ffnen. In wenigen Bruchteilen einer Sekunde hat man den Messingslider gedr\u00fcckt und Schnapper ge\u00f6ffnet. D.h. auch kein Schrauben und somit rasches Handling!<\/p>\n<p>Zweitens ist dieser Verschluss immun gegen Vibrationen. Folglich kann der Verschluss auch nicht aufgehen, wie z.B. bei einem Schrauber oder Twist Lock. Denn Windvibrationen, Vibrationen beim Gleiten \u00fcber Drahtseile etc. k\u00f6nnen solche Karabiner ungewollt \u00f6ffnen.<\/p>\n<h3>Video Austrialpin HMS Rondo Slide<\/h3>\n<p>Das folgende Video erkl\u00e4rt euch nochmals ausf\u00fchrlich, was dieser HMS Karabiner alles kann.<\/p>\n<p><iframe loading=\"lazy\" src=\"https:\/\/www.youtube.com\/embed\/8taHAUF3gls\" width=\"75%\" height=\"350\" frameborder=\"0\" allowfullscreen=\"allowfullscreen\"><span data-mce-type=\"bookmark\" style=\"display: inline-block; width: 0px; overflow: hidden; line-height: 0;\" class=\"mce_SELRES_start\">\ufeff<\/span><\/iframe><\/p>\n<h3>Made in Austria<\/h3>\n<p>Dieser HMS Karabiner wird zu 100% in \u00d6sterreich hergestellt.<\/p>\n<p>D.h. Einhaltung sozialer und \u00f6kologischer Standards. Zudem kurze Transportwege und die Einsparung von CO2. Dar\u00fcber hinaus bedeutet es aber auch Wertsch\u00f6pfung in \u00d6sterreich!<\/p>\n<h4><strong>Link Tipp<\/strong><\/h4>\n<p>Hier geht es zur <a href=\"https:\/\/www.austrialpin.at\/fileadmin\/anleitungen\/AA_instruction-manual_carabiner-slings.pdf\">Gebrauchsanweisung<\/a><\/p>\n","protected":false},"excerpt":{"rendered":"<p>Der HMS Rondo Slide Autolock von Austrialpin ist ein Karabiner mit neuartigem Verschluss. Dem &#8220;Slide&#8221; System. Dieser ist extrem schnell zu bedienen und selbstschlie\u00dfend.<\/p>\n<p>Der &#8220;Rondo&#8221; Rahmen garantiert eine volle Funktionst\u00fcchtigkeit mit dem HMS Knoten.<\/p>\n<p>Ein ideales HMS Modell f\u00fcr alle, die beim Klettern auf einfaches und schnelles Handling setzen wollen. Nicht gut mit Handschuhen zu bedienen und daher schlecht zum Eisklettern oder Bergsteigen geeignet!<\/p>\n","protected":false},"featured_media":6452,"comment_status":"open","ping_status":"closed","template":"","meta":[],"product_brand":[],"product_cat":[3007,13358,13935,4649,44],"product_tag":[],"class_list":{"0":"post-6451","1":"product","2":"type-product","3":"status-publish","4":"has-post-thumbnail","6":"product_cat-einhandkarabiner","7":"product_cat-hms-karabiner","8":"product_cat-austrialpin-rondo","9":"product_cat-austrialpin","10":"product_cat-kletterkarabiner","12":"first","13":"instock","14":"sale","15":"taxable","16":"shipping-taxable","17":"purchasable","18":"product-type-variable"},"yoast_head":"<!-- This site is optimized with the Yoast SEO Premium plugin v26.9 (Yoast SEO v26.9) - https:\/\/yoast.com\/product\/yoast-seo-premium-wordpress\/ -->\n<title>HMS Rondo Slide Autolock - g\u00fcnstig Online kaufen | bolting.eu<\/title>\n<meta name=\"description\" content=\"Hier findest Du den HMS Rondo Slide Autolock. Einen innovativen HMS Karabiner mit super schnellem und sicherem Verschluss!\" \/>\n<meta name=\"robots\" content=\"index, follow, max-snippet:-1, max-image-preview:large, max-video-preview:-1\" \/>\n<link rel=\"canonical\" href=\"https:\/\/bolting.eu\/en\/shop\/hms-rondo-slide-autolock\/\" \/>\n<meta property=\"og:locale\" content=\"en_US\" \/>\n<meta property=\"og:type\" content=\"article\" \/>\n<meta property=\"og:title\" content=\"HMS Rondo Slide Autolock\" \/>\n<meta property=\"og:description\" content=\"Hier findest Du den HMS Rondo Slide Autolock. Einen innovativen HMS Karabiner mit super schnellem und sicherem Verschluss!\" \/>\n<meta property=\"og:url\" content=\"https:\/\/bolting.eu\/en\/shop\/hms-rondo-slide-autolock\/\" \/>\n<meta property=\"og:site_name\" content=\"bolting.eu\" \/>\n<meta property=\"article:publisher\" content=\"https:\/\/www.facebook.com\/bolting.eu\" \/>\n<meta property=\"article:modified_time\" content=\"2025-09-19T09:32:39+00:00\" \/>\n<meta property=\"og:image\" content=\"https:\/\/bolting.eu\/wp-content\/uploads\/2020\/11\/Austrialpin-HMS-Rondo-Slide-Autolock-gruen-6.jpg\" \/>\n\t<meta property=\"og:image:width\" content=\"700\" \/>\n\t<meta property=\"og:image:height\" content=\"700\" \/>\n\t<meta property=\"og:image:type\" content=\"image\/jpeg\" \/>\n<meta name=\"twitter:card\" content=\"summary_large_image\" \/>\n<meta name=\"twitter:label1\" content=\"Availability\" \/>\n\t<meta name=\"twitter:data1\" content=\"In stock\" \/>\n<script type=\"application\/ld+json\" class=\"yoast-schema-graph\">{\"@context\":\"https:\/\/schema.org\",\"@graph\":[{\"@type\":[\"WebPage\",\"ItemPage\"],\"@id\":\"https:\/\/bolting.eu\/en\/shop\/hms-rondo-slide-autolock\/\",\"url\":\"https:\/\/bolting.eu\/en\/shop\/hms-rondo-slide-autolock\/\",\"name\":\"HMS Rondo Slide Autolock - g\u00fcnstig Online kaufen | bolting.eu\",\"isPartOf\":{\"@id\":\"https:\/\/bolting.eu\/en\/#website\"},\"primaryImageOfPage\":{\"@id\":\"https:\/\/bolting.eu\/en\/shop\/hms-rondo-slide-autolock\/#primaryimage\"},\"image\":{\"@id\":\"https:\/\/bolting.eu\/en\/shop\/hms-rondo-slide-autolock\/#primaryimage\"},\"thumbnailUrl\":\"https:\/\/bolting.eu\/wp-content\/uploads\/2020\/11\/Austrialpin-HMS-Rondo-Slide-Autolock-gruen-6.jpg\",\"datePublished\":\"2020-11-25T18:14:34+00:00\",\"dateModified\":\"2025-09-19T09:32:39+00:00\",\"description\":\"Hier findest Du den HMS Rondo Slide Autolock. Einen innovativen HMS Karabiner mit super schnellem und sicherem Verschluss!\",\"breadcrumb\":{\"@id\":\"https:\/\/bolting.eu\/en\/shop\/hms-rondo-slide-autolock\/#breadcrumb\"},\"inLanguage\":\"en-US\",\"potentialAction\":[{\"@type\":\"ReadAction\",\"target\":[\"https:\/\/bolting.eu\/en\/shop\/hms-rondo-slide-autolock\/\"]}]},{\"@type\":\"ImageObject\",\"inLanguage\":\"en-US\",\"@id\":\"https:\/\/bolting.eu\/en\/shop\/hms-rondo-slide-autolock\/#primaryimage\",\"url\":\"https:\/\/bolting.eu\/wp-content\/uploads\/2020\/11\/Austrialpin-HMS-Rondo-Slide-Autolock-gruen-6.jpg\",\"contentUrl\":\"https:\/\/bolting.eu\/wp-content\/uploads\/2020\/11\/Austrialpin-HMS-Rondo-Slide-Autolock-gruen-6.jpg\",\"width\":700,\"height\":700,\"caption\":\"Das Bild zeigt den Austrialpin HMS Rondo Slide Autolock Kletterkarabiner in gr\u00fcn. Der Karabiner steht aufrecht in Bildmitte, man sieht ihn leicht schr\u00e4g von der Seite. Man erkennt alle Details wie die form des Rahmens, den Slider Verschluss sowie die eingepr\u00e4gten Aufschriften.\"},{\"@type\":\"BreadcrumbList\",\"@id\":\"https:\/\/bolting.eu\/en\/shop\/hms-rondo-slide-autolock\/#breadcrumb\",\"itemListElement\":[{\"@type\":\"ListItem\",\"position\":1,\"name\":\"Shop\",\"item\":\"https:\/\/bolting.eu\/en\/shop\/\"},{\"@type\":\"ListItem\",\"position\":2,\"name\":\"climbing equipment\",\"item\":\"https:\/\/bolting.eu\/en\/produkt-kategorie\/climbing-equipment\/\"},{\"@type\":\"ListItem\",\"position\":3,\"name\":\"Climbing carabiner\",\"item\":\"https:\/\/bolting.eu\/en\/produkt-kategorie\/climbing-carabiner\/\"},{\"@type\":\"ListItem\",\"position\":4,\"name\":\"HMS Karabiner\",\"item\":\"https:\/\/bolting.eu\/produkt-kategorie\/kletterausruestung\/kletterkarabiner\/hms-karabiner\/\"},{\"@type\":\"ListItem\",\"position\":5,\"name\":\"HMS Rondo Slide Autolock\"}]},{\"@type\":\"WebSite\",\"@id\":\"https:\/\/bolting.eu\/en\/#website\",\"url\":\"https:\/\/bolting.eu\/en\/\",\"name\":\"bolting.eu\",\"description\":\"we make climbs happen\",\"publisher\":{\"@id\":\"https:\/\/bolting.eu\/en\/#organization\"},\"potentialAction\":[{\"@type\":\"SearchAction\",\"target\":{\"@type\":\"EntryPoint\",\"urlTemplate\":\"https:\/\/bolting.eu\/en\/?s={search_term_string}\"},\"query-input\":{\"@type\":\"PropertyValueSpecification\",\"valueRequired\":true,\"valueName\":\"search_term_string\"}}],\"inLanguage\":\"en-US\"},{\"@type\":[\"Organization\",\"Place\",\"SportingGoodsStore\"],\"@id\":\"https:\/\/bolting.eu\/en\/#organization\",\"name\":\"bolting.eu\",\"url\":\"https:\/\/bolting.eu\/en\/\",\"logo\":{\"@id\":\"https:\/\/bolting.eu\/en\/shop\/hms-rondo-slide-autolock\/#local-main-organization-logo\"},\"image\":{\"@id\":\"https:\/\/bolting.eu\/en\/shop\/hms-rondo-slide-autolock\/#local-main-organization-logo\"},\"sameAs\":[\"https:\/\/www.facebook.com\/bolting.eu\",\"https:\/\/www.instagram.com\/bolting.eu\/\"],\"address\":{\"@id\":\"https:\/\/bolting.eu\/en\/shop\/hms-rondo-slide-autolock\/#local-main-place-address\"},\"geo\":{\"@type\":\"GeoCoordinates\",\"latitude\":\"47.264176340396226\",\"longitude\":\"11.380109057672346\"},\"telephone\":[\"+43 699 19083372\"],\"openingHoursSpecification\":[{\"@type\":\"OpeningHoursSpecification\",\"dayOfWeek\":[\"Monday\",\"Wednesday\",\"Friday\"],\"opens\":\"14:00\",\"closes\":\"18:00\"},{\"@type\":\"OpeningHoursSpecification\",\"dayOfWeek\":[\"Tuesday\",\"Thursday\",\"Saturday\",\"Sunday\"],\"opens\":\"00:00\",\"closes\":\"00:00\"}],\"email\":\"office@bolting.eu\",\"vatID\":\"ATU59999728\",\"priceRange\":\"$$\",\"currenciesAccepted\":\"Euro\"},{\"@type\":\"PostalAddress\",\"@id\":\"https:\/\/bolting.eu\/en\/shop\/hms-rondo-slide-autolock\/#local-main-place-address\",\"streetAddress\":\"Fischnalerstra\u00dfe 4\",\"addressLocality\":\"Innsbruck\",\"postalCode\":\"6020\",\"addressRegion\":\"Tirol\",\"addressCountry\":\"AT\"},{\"@type\":\"ImageObject\",\"inLanguage\":\"en-US\",\"@id\":\"https:\/\/bolting.eu\/en\/shop\/hms-rondo-slide-autolock\/#local-main-organization-logo\",\"url\":\"https:\/\/bolting.eu\/wp-content\/uploads\/2019\/09\/bolting-logo.png\",\"contentUrl\":\"https:\/\/bolting.eu\/wp-content\/uploads\/2019\/09\/bolting-logo.png\",\"width\":400,\"height\":211,\"caption\":\"bolting.eu\"}]}<\/script>\n<meta property=\"og:video\" content=\"https:\/\/www.youtube.com\/embed\/8taHAUF3gls\" \/>\n<meta property=\"og:video:type\" content=\"text\/html\" \/>\n<meta property=\"og:video:duration\" content=\"336\" \/>\n<meta property=\"og:video:width\" content=\"480\" \/>\n<meta property=\"og:video:height\" content=\"270\" \/>\n<meta property=\"ya:ovs:adult\" content=\"false\" \/>\n<meta property=\"ya:ovs:upload_date\" content=\"2020-11-25T18:14:34+00:00\" \/>\n<meta property=\"ya:ovs:allow_embed\" content=\"true\" \/>\n<meta property=\"og:availability\" content=\"instock\" \/>\n<meta property=\"product:availability\" content=\"instock\" \/>\n<meta property=\"product:retailer_item_id\" content=\"KR43B-N\" \/>\n<meta property=\"product:condition\" content=\"new\" \/>\n<meta name=\"geo.placename\" content=\"Innsbruck\" \/>\n<meta name=\"geo.position\" content=\"47.264176340396226;11.380109057672346\" \/>\n<meta name=\"geo.region\" content=\"Austria\" \/>\n<!-- \/ Yoast SEO Premium plugin. -->","yoast_head_json":{"title":"HMS Rondo Slide Autolock - g\u00fcnstig Online kaufen | bolting.eu","description":"Hier findest Du den HMS Rondo Slide Autolock. Einen innovativen HMS Karabiner mit super schnellem und sicherem Verschluss!","robots":{"index":"index","follow":"follow","max-snippet":"max-snippet:-1","max-image-preview":"max-image-preview:large","max-video-preview":"max-video-preview:-1"},"canonical":"https:\/\/bolting.eu\/en\/shop\/hms-rondo-slide-autolock\/","og_locale":"en_US","og_type":"article","og_title":"HMS Rondo Slide Autolock","og_description":"Hier findest Du den HMS Rondo Slide Autolock. Einen innovativen HMS Karabiner mit super schnellem und sicherem Verschluss!","og_url":"https:\/\/bolting.eu\/en\/shop\/hms-rondo-slide-autolock\/","og_site_name":"bolting.eu","article_publisher":"https:\/\/www.facebook.com\/bolting.eu","article_modified_time":"2025-09-19T09:32:39+00:00","og_image":[{"width":700,"height":700,"url":"https:\/\/bolting.eu\/wp-content\/uploads\/2020\/11\/Austrialpin-HMS-Rondo-Slide-Autolock-gruen-6.jpg","type":"image\/jpeg"}],"twitter_card":"summary_large_image","twitter_misc":{"Availability":"In stock"},"schema":{"@context":"https:\/\/schema.org","@graph":[{"@type":["WebPage","ItemPage"],"@id":"https:\/\/bolting.eu\/en\/shop\/hms-rondo-slide-autolock\/","url":"https:\/\/bolting.eu\/en\/shop\/hms-rondo-slide-autolock\/","name":"HMS Rondo Slide Autolock - g\u00fcnstig Online kaufen | bolting.eu","isPartOf":{"@id":"https:\/\/bolting.eu\/en\/#website"},"primaryImageOfPage":{"@id":"https:\/\/bolting.eu\/en\/shop\/hms-rondo-slide-autolock\/#primaryimage"},"image":{"@id":"https:\/\/bolting.eu\/en\/shop\/hms-rondo-slide-autolock\/#primaryimage"},"thumbnailUrl":"https:\/\/bolting.eu\/wp-content\/uploads\/2020\/11\/Austrialpin-HMS-Rondo-Slide-Autolock-gruen-6.jpg","datePublished":"2020-11-25T18:14:34+00:00","dateModified":"2025-09-19T09:32:39+00:00","description":"Hier findest Du den HMS Rondo Slide Autolock. Einen innovativen HMS Karabiner mit super schnellem und sicherem Verschluss!","breadcrumb":{"@id":"https:\/\/bolting.eu\/en\/shop\/hms-rondo-slide-autolock\/#breadcrumb"},"inLanguage":"en-US","potentialAction":[{"@type":"ReadAction","target":["https:\/\/bolting.eu\/en\/shop\/hms-rondo-slide-autolock\/"]}]},{"@type":"ImageObject","inLanguage":"en-US","@id":"https:\/\/bolting.eu\/en\/shop\/hms-rondo-slide-autolock\/#primaryimage","url":"https:\/\/bolting.eu\/wp-content\/uploads\/2020\/11\/Austrialpin-HMS-Rondo-Slide-Autolock-gruen-6.jpg","contentUrl":"https:\/\/bolting.eu\/wp-content\/uploads\/2020\/11\/Austrialpin-HMS-Rondo-Slide-Autolock-gruen-6.jpg","width":700,"height":700,"caption":"Das Bild zeigt den Austrialpin HMS Rondo Slide Autolock Kletterkarabiner in gr\u00fcn. Der Karabiner steht aufrecht in Bildmitte, man sieht ihn leicht schr\u00e4g von der Seite. Man erkennt alle Details wie die form des Rahmens, den Slider Verschluss sowie die eingepr\u00e4gten Aufschriften."},{"@type":"BreadcrumbList","@id":"https:\/\/bolting.eu\/en\/shop\/hms-rondo-slide-autolock\/#breadcrumb","itemListElement":[{"@type":"ListItem","position":1,"name":"Shop","item":"https:\/\/bolting.eu\/en\/shop\/"},{"@type":"ListItem","position":2,"name":"climbing equipment","item":"https:\/\/bolting.eu\/en\/produkt-kategorie\/climbing-equipment\/"},{"@type":"ListItem","position":3,"name":"Climbing carabiner","item":"https:\/\/bolting.eu\/en\/produkt-kategorie\/climbing-carabiner\/"},{"@type":"ListItem","position":4,"name":"HMS Karabiner","item":"https:\/\/bolting.eu\/produkt-kategorie\/kletterausruestung\/kletterkarabiner\/hms-karabiner\/"},{"@type":"ListItem","position":5,"name":"HMS Rondo Slide Autolock"}]},{"@type":"WebSite","@id":"https:\/\/bolting.eu\/en\/#website","url":"https:\/\/bolting.eu\/en\/","name":"bolting.eu","description":"we make climbs happen","publisher":{"@id":"https:\/\/bolting.eu\/en\/#organization"},"potentialAction":[{"@type":"SearchAction","target":{"@type":"EntryPoint","urlTemplate":"https:\/\/bolting.eu\/en\/?s={search_term_string}"},"query-input":{"@type":"PropertyValueSpecification","valueRequired":true,"valueName":"search_term_string"}}],"inLanguage":"en-US"},{"@type":["Organization","Place","SportingGoodsStore"],"@id":"https:\/\/bolting.eu\/en\/#organization","name":"bolting.eu","url":"https:\/\/bolting.eu\/en\/","logo":{"@id":"https:\/\/bolting.eu\/en\/shop\/hms-rondo-slide-autolock\/#local-main-organization-logo"},"image":{"@id":"https:\/\/bolting.eu\/en\/shop\/hms-rondo-slide-autolock\/#local-main-organization-logo"},"sameAs":["https:\/\/www.facebook.com\/bolting.eu","https:\/\/www.instagram.com\/bolting.eu\/"],"address":{"@id":"https:\/\/bolting.eu\/en\/shop\/hms-rondo-slide-autolock\/#local-main-place-address"},"geo":{"@type":"GeoCoordinates","latitude":"47.264176340396226","longitude":"11.380109057672346"},"telephone":["+43 699 19083372"],"openingHoursSpecification":[{"@type":"OpeningHoursSpecification","dayOfWeek":["Monday","Wednesday","Friday"],"opens":"14:00","closes":"18:00"},{"@type":"OpeningHoursSpecification","dayOfWeek":["Tuesday","Thursday","Saturday","Sunday"],"opens":"00:00","closes":"00:00"}],"email":"office@bolting.eu","vatID":"ATU59999728","priceRange":"$$","currenciesAccepted":"Euro"},{"@type":"PostalAddress","@id":"https:\/\/bolting.eu\/en\/shop\/hms-rondo-slide-autolock\/#local-main-place-address","streetAddress":"Fischnalerstra\u00dfe 4","addressLocality":"Innsbruck","postalCode":"6020","addressRegion":"Tirol","addressCountry":"AT"},{"@type":"ImageObject","inLanguage":"en-US","@id":"https:\/\/bolting.eu\/en\/shop\/hms-rondo-slide-autolock\/#local-main-organization-logo","url":"https:\/\/bolting.eu\/wp-content\/uploads\/2019\/09\/bolting-logo.png","contentUrl":"https:\/\/bolting.eu\/wp-content\/uploads\/2019\/09\/bolting-logo.png","width":400,"height":211,"caption":"bolting.eu"}]},"og_video":"https:\/\/www.youtube.com\/embed\/8taHAUF3gls","og_video_type":"text\/html","og_video_duration":"336","og_video_width":"480","og_video_height":"270","ya_ovs_adult":"false","ya_ovs_upload_date":"2020-11-25T18:14:34+00:00","ya_ovs_allow_embed":"true","og_availability":"instock","product_availability":"instock","product_retailer_item_id":"KR43B-N","product_condition":"new","geo.placename":"Innsbruck","geo.position":{"lat":"47.264176340396226","long":"11.380109057672346"},"geo.region":"Austria"},"_links":{"self":[{"href":"https:\/\/bolting.eu\/en\/wp-json\/wp\/v2\/product\/6451","targetHints":{"allow":["GET"]}}],"collection":[{"href":"https:\/\/bolting.eu\/en\/wp-json\/wp\/v2\/product"}],"about":[{"href":"https:\/\/bolting.eu\/en\/wp-json\/wp\/v2\/types\/product"}],"replies":[{"embeddable":true,"href":"https:\/\/bolting.eu\/en\/wp-json\/wp\/v2\/comments?post=6451"}],"wp:featuredmedia":[{"embeddable":true,"href":"https:\/\/bolting.eu\/en\/wp-json\/wp\/v2\/media\/6452"}],"wp:attachment":[{"href":"https:\/\/bolting.eu\/en\/wp-json\/wp\/v2\/media?parent=6451"}],"wp:term":[{"taxonomy":"product_brand","embeddable":true,"href":"https:\/\/bolting.eu\/en\/wp-json\/wp\/v2\/product_brand?post=6451"},{"taxonomy":"product_cat","embeddable":true,"href":"https:\/\/bolting.eu\/en\/wp-json\/wp\/v2\/product_cat?post=6451"},{"taxonomy":"product_tag","embeddable":true,"href":"https:\/\/bolting.eu\/en\/wp-json\/wp\/v2\/product_tag?post=6451"}],"curies":[{"name":"wp","href":"https:\/\/api.w.org\/{rel}","templated":true}]}}