{"id":6443,"date":"2020-11-25T09:35:49","date_gmt":"2020-11-25T08:35:49","guid":{"rendered":"https:\/\/bolting.eu\/?post_type=product&#038;p=6443"},"modified":"2025-08-07T12:27:39","modified_gmt":"2025-08-07T10:27:39","slug":"austrialpin-rondo-selfie-twist-lock","status":"publish","type":"product","link":"https:\/\/bolting.eu\/en\/shop\/austrialpin-rondo-selfie-twist-lock\/","title":{"rendered":"Austrialpin Rondo Selfie Twist-Lock"},"content":{"rendered":"<p>Der Austrialpin Rondo Selfie Twist-Lock ist ein gro\u00dfer HMS Karabiner. Er geh\u00f6rt zur Austrialpin Rondo Familie.<\/p>\n<p>Dieses Modell ist zus\u00e4tzlich mit einer Feder im kleinen Scheitel ausgestattet. Diese Fixierung h\u00e4lt den Karabiner in einer fixen Position am <a href=\"https:\/\/bolting.eu\/produkt-kategorie\/kletterausruestung\/klettergurte\/\">Klettergurt<\/a>. Somit ist er perfekt als Sicherungskarabiner bzw. zur Fixierung von <a href=\"https:\/\/bolting.eu\/produkt-kategorie\/kletterausruestung\/sicherungsgeraete-klettern\/\">Sicherungsger\u00e4ten<\/a> in der Anseilschlaufe.<\/p>\n<p>Dieses Produkt ist bei uns in zwei Qualit\u00e4ten erh\u00e4ltlich. Erstens in normalem Aluminium. Und zweitens in einer geh\u00e4rteten Variante f\u00fcr noch weniger Abrieb!<\/p>\n<p>Kurzum. Wer einen super sicheren und praktischen HMS f\u00fcr sein Sicherungsger\u00e4t sucht ist hier richtig!<\/p>\n<p><span style=\"font-size: 23.04px; color: #333333;\">Eigenschaften Austrialpin Rondo Selfie Twist-Lock <\/span><\/p>\n<ul>\n<li>Hersteller: Austrialpin<\/li>\n<li>Material: Aluminium eloxiert bzw. Aluminium geh\u00e4rtet<\/li>\n<li>Farbe: azurblau bzw. Schwarz<\/li>\n<li>inkl. Fixierung (Feder) f\u00fcr Anseilschlaufe<\/li>\n<li>Normen: <a href=\"https:\/\/bolting.eu\/en-12275-norm\/\">EN 12275<\/a>, <a href=\"https:\/\/bolting.eu\/en-362-norm\/\">EN 362<\/a> bzw. UIAA 121<\/li>\n<li>Verschluss: 3-Wege Twist Lock<\/li>\n<li><a href=\"https:\/\/bolting.eu\/bruchlast-karabiner\/\">Bruchlast Karabiner<\/a>: 23kN l\u00e4ngs \/ 7kN offen \/ 10 kN Querachse<\/li>\n<li>Gr\u00f6\u00dfe 110 x 72mm<\/li>\n<li>Schnapper\u00f6ffnung: 26mm<\/li>\n<li>Gewicht: 91 Gramm<\/li>\n<li>Made in Austria<\/li>\n<li><a href=\"https:\/\/www.austrialpin.at\/fileadmin\/anleitungen\/AA_instruction-manual_carabiner-slings.pdf\">Bedienungsanleitung<\/a><\/li>\n<\/ul>\n<h2>Austrialpin Rondo Selfie Twist-Lock Anwendungen<\/h2>\n<p>Dieser Sicherheitskarabiner hat eine Fixierung f\u00fcr die Anseilschlaufe. D.h. einmal korrekt eingeh\u00e4ngt, kann sich der der Karabinertyp Selfie nicht mehr verdrehen. Folglich kann es auch keine gef\u00e4hrlichen Querbelastungen geben.<\/p>\n<p>Beachte jedoch! Wir reden hier von jenen Ger\u00e4ten, die auch <strong>unabh\u00e4ngig vom Karabinertyp<\/strong> funktionieren.<\/p>\n<p>Erstens alle Ger\u00e4te bei denen der Karabinertyp \u00fcberhaupt keine Rolle spielt. Beispielsweise Petzl <a href=\"https:\/\/bolting.eu\/shop\/petzl-grigri-2\/\">GriGri 2<\/a>, <a href=\"https:\/\/bolting.eu\/shop\/beal-birdie\/\">Beal\u00a0Birdie<\/a> usw. Hier hat der Karabiner ja nur Fixier Funktion am Gurt.<\/p>\n<p>Zweitens alle \u201enormalen\u201c Tuber wie der DMM Pivot, Kong Ghost, ein Black <a href=\"https:\/\/bolting.eu\/shop\/black-diamond-atc\/\">Diamond ATC<\/a> oder ein <a href=\"https:\/\/bolting.eu\/shop\/petzl-reverso\/\">Petzl Reverso<\/a>. Sie alle funktionieren mit einem \u201enormalen\u201c HMS.<\/p>\n<p>Der Selfie HMS darf nicht verwendet werden f\u00fcr Ger\u00e4te die einen spezifischen Karabiner brauchen. Beispielsweise <a href=\"https:\/\/bolting.eu\/shop\/click-up-sicherungsgeraet-climbing-technology\/\">CT Click-up<\/a>, Mammut Smart, <a href=\"https:\/\/bolting.eu\/shop\/salewa-ergo-belay\/\">Salewa Ergo<\/a>, usw\u2026<\/p>\n<h3>Pflegetipp<\/h3>\n<p>Wascht den Austrialpin Rondo Selfie Twist-Lock von Zeit zu Zeit mit lauwarmen Wasser aus. Dies holt den feinen Schmutz aus dem Drehverschluss und dem Innengelenk. Danach dankt euch der Karabiner bzw. die Fixier Feder ein paar Tropfen <a href=\"https:\/\/bolting.eu\/shop\/kong-kletterausruestung-pflegeoel\/\">Karabiner Pflege\u00f6l<\/a> mit voller Funktionst\u00fcchtigkeit!<\/p>\n","protected":false},"excerpt":{"rendered":"<p>Der Austrialpin Rondo Selfie Twist-Lock ist ein gro\u00dfer HMS f\u00fcr Sicherungsger\u00e4te. Denn er hat einen Anti-Verdrehschutz.<\/p>\n<p>Mit dem Twist-Lock Verschluss kann der Karabiner schnell ge\u00f6ffnet werden. Zudem schlie\u00dft er dann wieder automatisch.<\/p>\n<p>Erh\u00e4ltlich in normalem Aluminium oder als geh\u00e4rtete Variante f\u00fcr noch weniger Abrieb.<\/p>\n","protected":false},"featured_media":33268,"comment_status":"open","ping_status":"closed","template":"","meta":[],"product_brand":[],"product_cat":[29,44,13358,13932,13935,14193,15205,4649],"product_tag":[],"class_list":{"0":"post-6443","1":"product","2":"type-product","3":"status-publish","4":"has-post-thumbnail","6":"product_cat-kletterausruestung","7":"product_cat-kletterkarabiner","8":"product_cat-hms-karabiner","9":"product_cat-twist-lock-karabiner","10":"product_cat-austrialpin-rondo","11":"product_cat-sicherungskarabiner","12":"product_cat-karabiner-schwarz","13":"product_cat-austrialpin","15":"first","16":"instock","17":"sale","18":"taxable","19":"shipping-taxable","20":"purchasable","21":"product-type-variable"},"yoast_head":"<!-- This site is optimized with the Yoast SEO Premium plugin v26.9 (Yoast SEO v26.9) - https:\/\/yoast.com\/product\/yoast-seo-premium-wordpress\/ -->\n<title>Austrialpin Rondo Selfie Twist-Lock g\u00fcnstig online kaufen | bolting.eu<\/title>\n<meta name=\"description\" content=\"Hier findest Du den AUSTRIALPIN RONDO SELFIE TWIST-LOCK. Einen HMS Karabiner zur Fixierung an der Anseilschlaufe als Verdrehschutz!\" \/>\n<meta name=\"robots\" content=\"index, follow, max-snippet:-1, max-image-preview:large, max-video-preview:-1\" \/>\n<link rel=\"canonical\" href=\"https:\/\/bolting.eu\/en\/shop\/austrialpin-rondo-selfie-twist-lock\/\" \/>\n<meta property=\"og:locale\" content=\"en_US\" \/>\n<meta property=\"og:type\" content=\"article\" \/>\n<meta property=\"og:title\" content=\"Austrialpin Rondo Selfie Twist-Lock\" \/>\n<meta property=\"og:description\" content=\"Hier findest Du den AUSTRIALPIN RONDO SELFIE TWIST-LOCK. Einen HMS Karabiner zur Fixierung an der Anseilschlaufe als Verdrehschutz!\" \/>\n<meta property=\"og:url\" content=\"https:\/\/bolting.eu\/en\/shop\/austrialpin-rondo-selfie-twist-lock\/\" \/>\n<meta property=\"og:site_name\" content=\"bolting.eu\" \/>\n<meta property=\"article:publisher\" content=\"https:\/\/www.facebook.com\/bolting.eu\" \/>\n<meta property=\"article:modified_time\" content=\"2025-08-07T10:27:39+00:00\" \/>\n<meta property=\"og:image\" content=\"https:\/\/bolting.eu\/wp-content\/uploads\/2020\/11\/Austrialpin-Selfie-Sicherungskarabiner-schwarz-Twist-Lock.jpg\" \/>\n\t<meta property=\"og:image:width\" content=\"700\" \/>\n\t<meta property=\"og:image:height\" content=\"700\" \/>\n\t<meta property=\"og:image:type\" content=\"image\/jpeg\" \/>\n<meta name=\"twitter:card\" content=\"summary_large_image\" \/>\n<meta name=\"twitter:label1\" content=\"Availability\" \/>\n\t<meta name=\"twitter:data1\" content=\"In stock\" \/>\n<script type=\"application\/ld+json\" class=\"yoast-schema-graph\">{\"@context\":\"https:\/\/schema.org\",\"@graph\":[{\"@type\":[\"WebPage\",\"ItemPage\"],\"@id\":\"https:\/\/bolting.eu\/en\/shop\/austrialpin-rondo-selfie-twist-lock\/\",\"url\":\"https:\/\/bolting.eu\/en\/shop\/austrialpin-rondo-selfie-twist-lock\/\",\"name\":\"Austrialpin Rondo Selfie Twist-Lock g\u00fcnstig online kaufen | bolting.eu\",\"isPartOf\":{\"@id\":\"https:\/\/bolting.eu\/en\/#website\"},\"primaryImageOfPage\":{\"@id\":\"https:\/\/bolting.eu\/en\/shop\/austrialpin-rondo-selfie-twist-lock\/#primaryimage\"},\"image\":{\"@id\":\"https:\/\/bolting.eu\/en\/shop\/austrialpin-rondo-selfie-twist-lock\/#primaryimage\"},\"thumbnailUrl\":\"https:\/\/bolting.eu\/wp-content\/uploads\/2020\/11\/Austrialpin-Selfie-Sicherungskarabiner-schwarz-Twist-Lock.jpg\",\"datePublished\":\"2020-11-25T08:35:49+00:00\",\"dateModified\":\"2025-08-07T10:27:39+00:00\",\"description\":\"Hier findest Du den AUSTRIALPIN RONDO SELFIE TWIST-LOCK. Einen HMS Karabiner zur Fixierung an der Anseilschlaufe als Verdrehschutz!\",\"breadcrumb\":{\"@id\":\"https:\/\/bolting.eu\/en\/shop\/austrialpin-rondo-selfie-twist-lock\/#breadcrumb\"},\"inLanguage\":\"en-US\",\"potentialAction\":[{\"@type\":\"ReadAction\",\"target\":[\"https:\/\/bolting.eu\/en\/shop\/austrialpin-rondo-selfie-twist-lock\/\"]}]},{\"@type\":\"ImageObject\",\"inLanguage\":\"en-US\",\"@id\":\"https:\/\/bolting.eu\/en\/shop\/austrialpin-rondo-selfie-twist-lock\/#primaryimage\",\"url\":\"https:\/\/bolting.eu\/wp-content\/uploads\/2020\/11\/Austrialpin-Selfie-Sicherungskarabiner-schwarz-Twist-Lock.jpg\",\"contentUrl\":\"https:\/\/bolting.eu\/wp-content\/uploads\/2020\/11\/Austrialpin-Selfie-Sicherungskarabiner-schwarz-Twist-Lock.jpg\",\"width\":700,\"height\":700,\"caption\":\"Das Bild zeigt einen schwarzen Austrialpin HMS Rondo Selfie mit Anti-Verdrehschutz und Twist Lock Verschluss.\"},{\"@type\":\"BreadcrumbList\",\"@id\":\"https:\/\/bolting.eu\/en\/shop\/austrialpin-rondo-selfie-twist-lock\/#breadcrumb\",\"itemListElement\":[{\"@type\":\"ListItem\",\"position\":1,\"name\":\"Shop\",\"item\":\"https:\/\/bolting.eu\/en\/shop\/\"},{\"@type\":\"ListItem\",\"position\":2,\"name\":\"climbing equipment\",\"item\":\"https:\/\/bolting.eu\/en\/produkt-kategorie\/climbing-equipment\/\"},{\"@type\":\"ListItem\",\"position\":3,\"name\":\"Climbing carabiner\",\"item\":\"https:\/\/bolting.eu\/en\/produkt-kategorie\/climbing-carabiner\/\"},{\"@type\":\"ListItem\",\"position\":4,\"name\":\"Sicherungskarabiner\",\"item\":\"https:\/\/bolting.eu\/produkt-kategorie\/kletterausruestung\/kletterkarabiner\/sicherungskarabiner\/\"},{\"@type\":\"ListItem\",\"position\":5,\"name\":\"Austrialpin Rondo Selfie Twist-Lock\"}]},{\"@type\":\"WebSite\",\"@id\":\"https:\/\/bolting.eu\/en\/#website\",\"url\":\"https:\/\/bolting.eu\/en\/\",\"name\":\"bolting.eu\",\"description\":\"we make climbs happen\",\"publisher\":{\"@id\":\"https:\/\/bolting.eu\/en\/#organization\"},\"potentialAction\":[{\"@type\":\"SearchAction\",\"target\":{\"@type\":\"EntryPoint\",\"urlTemplate\":\"https:\/\/bolting.eu\/en\/?s={search_term_string}\"},\"query-input\":{\"@type\":\"PropertyValueSpecification\",\"valueRequired\":true,\"valueName\":\"search_term_string\"}}],\"inLanguage\":\"en-US\"},{\"@type\":[\"Organization\",\"Place\",\"SportingGoodsStore\"],\"@id\":\"https:\/\/bolting.eu\/en\/#organization\",\"name\":\"bolting.eu\",\"url\":\"https:\/\/bolting.eu\/en\/\",\"logo\":{\"@id\":\"https:\/\/bolting.eu\/en\/shop\/austrialpin-rondo-selfie-twist-lock\/#local-main-organization-logo\"},\"image\":{\"@id\":\"https:\/\/bolting.eu\/en\/shop\/austrialpin-rondo-selfie-twist-lock\/#local-main-organization-logo\"},\"sameAs\":[\"https:\/\/www.facebook.com\/bolting.eu\",\"https:\/\/www.instagram.com\/bolting.eu\/\"],\"address\":{\"@id\":\"https:\/\/bolting.eu\/en\/shop\/austrialpin-rondo-selfie-twist-lock\/#local-main-place-address\"},\"geo\":{\"@type\":\"GeoCoordinates\",\"latitude\":\"47.264176340396226\",\"longitude\":\"11.380109057672346\"},\"telephone\":[\"+43 699 19083372\"],\"openingHoursSpecification\":[{\"@type\":\"OpeningHoursSpecification\",\"dayOfWeek\":[\"Monday\",\"Wednesday\",\"Friday\"],\"opens\":\"14:00\",\"closes\":\"18:00\"},{\"@type\":\"OpeningHoursSpecification\",\"dayOfWeek\":[\"Tuesday\",\"Thursday\",\"Saturday\",\"Sunday\"],\"opens\":\"00:00\",\"closes\":\"00:00\"}],\"email\":\"office@bolting.eu\",\"vatID\":\"ATU59999728\",\"priceRange\":\"$$\",\"currenciesAccepted\":\"Euro\"},{\"@type\":\"PostalAddress\",\"@id\":\"https:\/\/bolting.eu\/en\/shop\/austrialpin-rondo-selfie-twist-lock\/#local-main-place-address\",\"streetAddress\":\"Fischnalerstra\u00dfe 4\",\"addressLocality\":\"Innsbruck\",\"postalCode\":\"6020\",\"addressRegion\":\"Tirol\",\"addressCountry\":\"AT\"},{\"@type\":\"ImageObject\",\"inLanguage\":\"en-US\",\"@id\":\"https:\/\/bolting.eu\/en\/shop\/austrialpin-rondo-selfie-twist-lock\/#local-main-organization-logo\",\"url\":\"https:\/\/bolting.eu\/wp-content\/uploads\/2019\/09\/bolting-logo.png\",\"contentUrl\":\"https:\/\/bolting.eu\/wp-content\/uploads\/2019\/09\/bolting-logo.png\",\"width\":400,\"height\":211,\"caption\":\"bolting.eu\"}]}<\/script>\n<meta property=\"og:availability\" content=\"instock\" \/>\n<meta property=\"product:availability\" content=\"instock\" \/>\n<meta property=\"product:condition\" content=\"new\" \/>\n<meta name=\"geo.placename\" content=\"Innsbruck\" \/>\n<meta name=\"geo.position\" content=\"47.264176340396226;11.380109057672346\" \/>\n<meta name=\"geo.region\" content=\"Austria\" \/>\n<!-- \/ Yoast SEO Premium plugin. -->","yoast_head_json":{"title":"Austrialpin Rondo Selfie Twist-Lock g\u00fcnstig online kaufen | bolting.eu","description":"Hier findest Du den AUSTRIALPIN RONDO SELFIE TWIST-LOCK. Einen HMS Karabiner zur Fixierung an der Anseilschlaufe als Verdrehschutz!","robots":{"index":"index","follow":"follow","max-snippet":"max-snippet:-1","max-image-preview":"max-image-preview:large","max-video-preview":"max-video-preview:-1"},"canonical":"https:\/\/bolting.eu\/en\/shop\/austrialpin-rondo-selfie-twist-lock\/","og_locale":"en_US","og_type":"article","og_title":"Austrialpin Rondo Selfie Twist-Lock","og_description":"Hier findest Du den AUSTRIALPIN RONDO SELFIE TWIST-LOCK. Einen HMS Karabiner zur Fixierung an der Anseilschlaufe als Verdrehschutz!","og_url":"https:\/\/bolting.eu\/en\/shop\/austrialpin-rondo-selfie-twist-lock\/","og_site_name":"bolting.eu","article_publisher":"https:\/\/www.facebook.com\/bolting.eu","article_modified_time":"2025-08-07T10:27:39+00:00","og_image":[{"width":700,"height":700,"url":"https:\/\/bolting.eu\/wp-content\/uploads\/2020\/11\/Austrialpin-Selfie-Sicherungskarabiner-schwarz-Twist-Lock.jpg","type":"image\/jpeg"}],"twitter_card":"summary_large_image","twitter_misc":{"Availability":"In stock"},"schema":{"@context":"https:\/\/schema.org","@graph":[{"@type":["WebPage","ItemPage"],"@id":"https:\/\/bolting.eu\/en\/shop\/austrialpin-rondo-selfie-twist-lock\/","url":"https:\/\/bolting.eu\/en\/shop\/austrialpin-rondo-selfie-twist-lock\/","name":"Austrialpin Rondo Selfie Twist-Lock g\u00fcnstig online kaufen | bolting.eu","isPartOf":{"@id":"https:\/\/bolting.eu\/en\/#website"},"primaryImageOfPage":{"@id":"https:\/\/bolting.eu\/en\/shop\/austrialpin-rondo-selfie-twist-lock\/#primaryimage"},"image":{"@id":"https:\/\/bolting.eu\/en\/shop\/austrialpin-rondo-selfie-twist-lock\/#primaryimage"},"thumbnailUrl":"https:\/\/bolting.eu\/wp-content\/uploads\/2020\/11\/Austrialpin-Selfie-Sicherungskarabiner-schwarz-Twist-Lock.jpg","datePublished":"2020-11-25T08:35:49+00:00","dateModified":"2025-08-07T10:27:39+00:00","description":"Hier findest Du den AUSTRIALPIN RONDO SELFIE TWIST-LOCK. Einen HMS Karabiner zur Fixierung an der Anseilschlaufe als Verdrehschutz!","breadcrumb":{"@id":"https:\/\/bolting.eu\/en\/shop\/austrialpin-rondo-selfie-twist-lock\/#breadcrumb"},"inLanguage":"en-US","potentialAction":[{"@type":"ReadAction","target":["https:\/\/bolting.eu\/en\/shop\/austrialpin-rondo-selfie-twist-lock\/"]}]},{"@type":"ImageObject","inLanguage":"en-US","@id":"https:\/\/bolting.eu\/en\/shop\/austrialpin-rondo-selfie-twist-lock\/#primaryimage","url":"https:\/\/bolting.eu\/wp-content\/uploads\/2020\/11\/Austrialpin-Selfie-Sicherungskarabiner-schwarz-Twist-Lock.jpg","contentUrl":"https:\/\/bolting.eu\/wp-content\/uploads\/2020\/11\/Austrialpin-Selfie-Sicherungskarabiner-schwarz-Twist-Lock.jpg","width":700,"height":700,"caption":"Das Bild zeigt einen schwarzen Austrialpin HMS Rondo Selfie mit Anti-Verdrehschutz und Twist Lock Verschluss."},{"@type":"BreadcrumbList","@id":"https:\/\/bolting.eu\/en\/shop\/austrialpin-rondo-selfie-twist-lock\/#breadcrumb","itemListElement":[{"@type":"ListItem","position":1,"name":"Shop","item":"https:\/\/bolting.eu\/en\/shop\/"},{"@type":"ListItem","position":2,"name":"climbing equipment","item":"https:\/\/bolting.eu\/en\/produkt-kategorie\/climbing-equipment\/"},{"@type":"ListItem","position":3,"name":"Climbing carabiner","item":"https:\/\/bolting.eu\/en\/produkt-kategorie\/climbing-carabiner\/"},{"@type":"ListItem","position":4,"name":"Sicherungskarabiner","item":"https:\/\/bolting.eu\/produkt-kategorie\/kletterausruestung\/kletterkarabiner\/sicherungskarabiner\/"},{"@type":"ListItem","position":5,"name":"Austrialpin Rondo Selfie Twist-Lock"}]},{"@type":"WebSite","@id":"https:\/\/bolting.eu\/en\/#website","url":"https:\/\/bolting.eu\/en\/","name":"bolting.eu","description":"we make climbs happen","publisher":{"@id":"https:\/\/bolting.eu\/en\/#organization"},"potentialAction":[{"@type":"SearchAction","target":{"@type":"EntryPoint","urlTemplate":"https:\/\/bolting.eu\/en\/?s={search_term_string}"},"query-input":{"@type":"PropertyValueSpecification","valueRequired":true,"valueName":"search_term_string"}}],"inLanguage":"en-US"},{"@type":["Organization","Place","SportingGoodsStore"],"@id":"https:\/\/bolting.eu\/en\/#organization","name":"bolting.eu","url":"https:\/\/bolting.eu\/en\/","logo":{"@id":"https:\/\/bolting.eu\/en\/shop\/austrialpin-rondo-selfie-twist-lock\/#local-main-organization-logo"},"image":{"@id":"https:\/\/bolting.eu\/en\/shop\/austrialpin-rondo-selfie-twist-lock\/#local-main-organization-logo"},"sameAs":["https:\/\/www.facebook.com\/bolting.eu","https:\/\/www.instagram.com\/bolting.eu\/"],"address":{"@id":"https:\/\/bolting.eu\/en\/shop\/austrialpin-rondo-selfie-twist-lock\/#local-main-place-address"},"geo":{"@type":"GeoCoordinates","latitude":"47.264176340396226","longitude":"11.380109057672346"},"telephone":["+43 699 19083372"],"openingHoursSpecification":[{"@type":"OpeningHoursSpecification","dayOfWeek":["Monday","Wednesday","Friday"],"opens":"14:00","closes":"18:00"},{"@type":"OpeningHoursSpecification","dayOfWeek":["Tuesday","Thursday","Saturday","Sunday"],"opens":"00:00","closes":"00:00"}],"email":"office@bolting.eu","vatID":"ATU59999728","priceRange":"$$","currenciesAccepted":"Euro"},{"@type":"PostalAddress","@id":"https:\/\/bolting.eu\/en\/shop\/austrialpin-rondo-selfie-twist-lock\/#local-main-place-address","streetAddress":"Fischnalerstra\u00dfe 4","addressLocality":"Innsbruck","postalCode":"6020","addressRegion":"Tirol","addressCountry":"AT"},{"@type":"ImageObject","inLanguage":"en-US","@id":"https:\/\/bolting.eu\/en\/shop\/austrialpin-rondo-selfie-twist-lock\/#local-main-organization-logo","url":"https:\/\/bolting.eu\/wp-content\/uploads\/2019\/09\/bolting-logo.png","contentUrl":"https:\/\/bolting.eu\/wp-content\/uploads\/2019\/09\/bolting-logo.png","width":400,"height":211,"caption":"bolting.eu"}]},"og_availability":"instock","product_availability":"instock","product_condition":"new","geo.placename":"Innsbruck","geo.position":{"lat":"47.264176340396226","long":"11.380109057672346"},"geo.region":"Austria"},"_links":{"self":[{"href":"https:\/\/bolting.eu\/en\/wp-json\/wp\/v2\/product\/6443","targetHints":{"allow":["GET"]}}],"collection":[{"href":"https:\/\/bolting.eu\/en\/wp-json\/wp\/v2\/product"}],"about":[{"href":"https:\/\/bolting.eu\/en\/wp-json\/wp\/v2\/types\/product"}],"replies":[{"embeddable":true,"href":"https:\/\/bolting.eu\/en\/wp-json\/wp\/v2\/comments?post=6443"}],"wp:featuredmedia":[{"embeddable":true,"href":"https:\/\/bolting.eu\/en\/wp-json\/wp\/v2\/media\/33268"}],"wp:attachment":[{"href":"https:\/\/bolting.eu\/en\/wp-json\/wp\/v2\/media?parent=6443"}],"wp:term":[{"taxonomy":"product_brand","embeddable":true,"href":"https:\/\/bolting.eu\/en\/wp-json\/wp\/v2\/product_brand?post=6443"},{"taxonomy":"product_cat","embeddable":true,"href":"https:\/\/bolting.eu\/en\/wp-json\/wp\/v2\/product_cat?post=6443"},{"taxonomy":"product_tag","embeddable":true,"href":"https:\/\/bolting.eu\/en\/wp-json\/wp\/v2\/product_tag?post=6443"}],"curies":[{"name":"wp","href":"https:\/\/api.w.org\/{rel}","templated":true}]}}