{"id":6425,"date":"2020-11-24T17:28:49","date_gmt":"2020-11-24T16:28:49","guid":{"rendered":"https:\/\/bolting.eu\/?post_type=product&#038;p=6425"},"modified":"2026-02-06T17:40:41","modified_gmt":"2026-02-06T16:40:41","slug":"austrialpin-rondo-2-wege-twist-lock","status":"publish","type":"product","link":"https:\/\/bolting.eu\/en\/shop\/austrialpin-rondo-2-wege-twist-lock\/","title":{"rendered":"Austrialpin Rondo 2-Wege Twist-Lock"},"content":{"rendered":"<p>Der Austrialpin Rondo 2-Wege Twist-Lock ist ein gro\u00dfer HMS Karabiner. Er geh\u00f6rt zur <a href=\"https:\/\/bolting.eu\/produkt-kategorie\/karabiner-kletterkarabiner\/austrialpin-rondo\/\">Austrialpin Rondo<\/a> Familie. Ihr kennt diesen Karabiner Typ vielleicht auch unter der Bezeichnung &#8220;Auto-Lock Karabiner&#8221;<\/p>\n<p>Dieser Karabiner hat gleich einige klasse Eigenschaften die ihn deswegen so beliebt machen. Erstens seine Gr\u00f6\u00dfe. Denn er macht sowohl als Zentralkarabiner als auch Anschlagpunkt eine gute Figur. Z.B. an <a href=\"https:\/\/bolting.eu\/produkt-kategorie\/bohrhaken\/\">Bohrhaken<\/a> oder <a href=\"https:\/\/bolting.eu\/produkt-kategorie\/klebehaken-buehlerhaken\/\">Klebehaken<\/a>.<\/p>\n<p>Zweitens hat er einen runden Querschnitt und sehr breiten Schenkel. Somit ist er die Paradedefinition eines HMS Karabiners. Denn der Halbmastwurf springt perfekt vor und zur\u00fcck. Dar\u00fcber hinaus eignet sich der Austrialpin Rondo 2-Wege Twist-Lock f\u00fcr viele Sicherungsger\u00e4te. Wie z.B. Tuber, Abseilachter oder Reverso und seine Derivate anderer Hersteller.<\/p>\n<p>Drittens ist dieses Modell eloxiert. D.h. man darf mit einer sehr langen Lebensdauer des Karabiners rechnen.<\/p>\n<p>Und viertens nat\u00fcrlich der 2-Wege Twist Lock Verschluss. Dieser einfach zu bedienende Verschluss ist in einigen Situationen von gro\u00dfem Vorteil. Z.B. bei einer Selbstsicherung, beim Einh\u00e4ngen eines Reverso oder eines Sicherungsger\u00e4tes.<\/p>\n<p>Kurzum. Wer einen gro\u00dfen, vielseitigen und g\u00fcnstigen Twist-Lock HMS Karabiner sucht ist hier richtig!<\/p>\n<h2>Eigenschaften Austrialpin Rondo 2-Wege Twist-Lock<\/h2>\n<ul>\n<li>Hersteller: Austrialpin<\/li>\n<li>Material: Aluminium eloxiert<\/li>\n<li>Farbe: schwarz<\/li>\n<li>EN Norm 12275, EN 362 bzw. UIAA 121<\/li>\n<li>Verschluss: 2-Wege Twist Lock<\/li>\n<li>Bruchlasten 23kN l\u00e4ngs \/ 7kN offen \/ 10 kN Querachse<\/li>\n<li>Gr\u00f6\u00dfe 110 x 72mm<\/li>\n<li>Schnapper\u00f6ffnung: 26mm<\/li>\n<li>Gewicht: 87 Gramm<\/li>\n<li>Made in Austria<\/li>\n<\/ul>\n<h2>Austrialpin Rondo 2-Wege Twist-Lock Anwendungen<\/h2>\n<p>Dieser Twist Lock Karabiner ist \u00fcberall handy, wo etwas rasch eingeh\u00e4ngt werden soll. Folglich der Twist-Lock Verschluss mit nur 2 Bewegungen. Drehen und dr\u00fccken! Somit ist er super schnell eingeh\u00e4ngt.<\/p>\n<p>Das ist w\u00fcnschenswert bei beispielsweise diesen Situationen:<\/p>\n<ul>\n<li>Selbstsicherung am Abseilstand<\/li>\n<li>Einh\u00e4ngen einer Bandschlinge am Fixpunkt<\/li>\n<li>redundantes R\u00fccksichern eines Fixseiles<\/li>\n<li>Einh\u00e4ngen eines Reverso zum Sichern im Nachstieg<\/li>\n<\/ul>\n<p>Beachtet. Durch die Limitierung auf einen 2-Wege Verschluss ist die Sicherheit limitiert. D.h. dieser Twist-Lock Karabiner sollte niemals verwendet werden f\u00fcr:<\/p>\n<ul>\n<li>Flying Fox (Vibrationen k\u00f6nnen ihn \u00f6ffnen, immer redundant Sichern!)<\/li>\n<li>am Gletscher (kann sich \u00f6ffnen wenn ung\u00fcnstige Lage Knoten plus Sturz, Schrauber oder 3-Wege Twist-Lock verwenden)<\/li>\n<li>Zentralkarabiner (Schrauber oder 3-Wege Twist Lock)<\/li>\n<\/ul>\n<h3>Der runde Querschnitt macht\u00b4s!<\/h3>\n<p>Der Austrialpin Rondo 2-Wege Twist-Lock ist ein perfekter HMS Karabiner. Denn zum einen hat er einen sehr breiten und flachen Scheitel. Und zum anderen hat dieser einen runden Querschnitt.<\/p>\n<p>Das sorgt f\u00fcr einen extrem smoothen Seildurchlauf und somit f\u00fcr ein perfektes Handling.Denn das Seil l\u00e4uft fl\u00fcssig und gleichm\u00e4\u00dfig durch bzw. um den Karabinerscheitel. So sorgt dieser HM SKarabiner auch f\u00fcr sp\u00fcrbare Sicherheit mit vielen Sicherungsger\u00e4ten.<\/p>\n<h3>Austrialpin Rondo 2-Wege Twist-Lock &#8211; langlebig!<\/h3>\n<p>Die Eloxierung auf dem Rondo sorgt f\u00fcr eine lange Lebensdauer. Ebenso wie der robuste Twist-Lock Verschluss. Feder, Drehverschluss und Innengelenk sind auf Haltbarkeit ausgelegt.<\/p>\n<p>In Summe sollte dieser Karabiner viele Klettersaisonen lang halten. Achtet jedoch auf den Abrieb bei diesem Alu Karabiner. Wer entsprechend viel sichert und abseilt, kann ordentliche Rillen im Scheitel bekommen. Dies kann ggf. zur Verminderung der Reibung bei Sicherungsger\u00e4ten f\u00fchren. Eventuell m\u00fcsst ihr den Karabiner bei zu starker Abnutzung dann ausscheiden!<\/p>\n<h3>Pflegetipp<\/h3>\n<p>Wascht den Austrialpin Rondo 2-Wege Twist-Lock von Zeit zu Zeit mit lauwarmen Wasser aus. Dies holt den feinen Schmutz aus dem Drehverschluss und dem Innengelenk. Danach dankt euch der Karabiner ein paar Tropfen <a href=\"https:\/\/bolting.eu\/shop\/kong-kletterausruestung-pflegeoel\/\">Karabiner Pflege\u00f6l<\/a> mit voller Funktionst\u00fcchtigkeit!<\/p>\n<h4><strong>Link Tipp<\/strong><\/h4>\n<p>Hier geht es zur <a href=\"https:\/\/www.austrialpin.at\/fileadmin\/anleitungen\/AA_instruction-manual_carabiner-slings.pdf\">Gebrauchsanweisung<\/a> des Herstellers.<\/p>\n","protected":false},"excerpt":{"rendered":"<ul>\n<li>Hersteller: <a href=\"https:\/\/bolting.eu\/produkt-kategorie\/austrialpin\/\">Austrialpin<\/a><\/li>\n<li>Material: Aluminium eloxiert<\/li>\n<li>Farbe: schwarz<\/li>\n<li>EN Norm 12275, EN 362 bzw. UIAA 121<\/li>\n<li>Verschluss: 2-Wege Twist Lock<\/li>\n<li>Bruchlasten 23kN l\u00e4ngs \/ 7kN offen \/ 10 kN Querachse<\/li>\n<li>Gr\u00f6\u00dfe 110 x 72mm<\/li>\n<li>Schnapper\u00f6ffnung: 26mm<\/li>\n<li>Gewicht: 87 Gramm<\/li>\n<li>Made in Austria<\/li>\n<\/ul>\n","protected":false},"featured_media":6431,"comment_status":"open","ping_status":"closed","template":"","meta":[],"product_brand":[],"product_cat":[3008,4649,44,13358,13932,13935,15205],"product_tag":[],"class_list":{"0":"post-6425","1":"product","2":"type-product","3":"status-publish","4":"has-post-thumbnail","6":"product_cat-sicherheitskarabiner","7":"product_cat-austrialpin","8":"product_cat-kletterkarabiner","9":"product_cat-hms-karabiner","10":"product_cat-twist-lock-karabiner","11":"product_cat-austrialpin-rondo","12":"product_cat-karabiner-schwarz","14":"first","15":"instock","16":"sale","17":"taxable","18":"shipping-taxable","19":"purchasable","20":"product-type-variable","21":"has-default-attributes"},"yoast_head":"<!-- This site is optimized with the Yoast SEO Premium plugin v26.9 (Yoast SEO v26.9) - https:\/\/yoast.com\/product\/yoast-seo-premium-wordpress\/ -->\n<title>Austrialpin Rondo 2-Wege Twist-Lock g\u00fcnstig online kaufen | bolting.eu<\/title>\n<meta name=\"description\" content=\"Hier findest Du den AUSTRIALPIN RONDO 2-WEGE TWIST-LOCK. Einen gro\u00dfen HMS Karabiner f\u00fcr\u00b4s rasche Einh\u00e4ngen beim Kletterprofi aus \ud83c\udde6\ud83c\uddf9!\" \/>\n<meta name=\"robots\" content=\"index, follow, max-snippet:-1, max-image-preview:large, max-video-preview:-1\" \/>\n<link rel=\"canonical\" href=\"https:\/\/bolting.eu\/en\/shop\/austrialpin-rondo-2-wege-twist-lock\/\" \/>\n<meta property=\"og:locale\" content=\"en_US\" \/>\n<meta property=\"og:type\" content=\"article\" \/>\n<meta property=\"og:title\" content=\"Austrialpin Rondo 2-Wege Twist-Lock\" \/>\n<meta property=\"og:description\" content=\"Hier findest Du den AUSTRIALPIN RONDO 2-WEGE TWIST-LOCK. Einen gro\u00dfen HMS Karabiner f\u00fcr\u00b4s rasche Einh\u00e4ngen beim Kletterprofi aus \ud83c\udde6\ud83c\uddf9!\" \/>\n<meta property=\"og:url\" content=\"https:\/\/bolting.eu\/en\/shop\/austrialpin-rondo-2-wege-twist-lock\/\" \/>\n<meta property=\"og:site_name\" content=\"bolting.eu\" \/>\n<meta property=\"article:publisher\" content=\"https:\/\/www.facebook.com\/bolting.eu\" \/>\n<meta property=\"article:modified_time\" content=\"2026-02-06T16:40:41+00:00\" \/>\n<meta property=\"og:image\" content=\"https:\/\/bolting.eu\/wp-content\/uploads\/2020\/11\/Austrialpin-Rondo-2-Wege-Twist-Lock-schwarz-1.jpg\" \/>\n\t<meta property=\"og:image:width\" content=\"700\" \/>\n\t<meta property=\"og:image:height\" content=\"700\" \/>\n\t<meta property=\"og:image:type\" content=\"image\/jpeg\" \/>\n<meta name=\"twitter:card\" content=\"summary_large_image\" \/>\n<meta name=\"twitter:label1\" content=\"Availability\" \/>\n\t<meta name=\"twitter:data1\" content=\"In stock\" \/>\n<script type=\"application\/ld+json\" class=\"yoast-schema-graph\">{\"@context\":\"https:\/\/schema.org\",\"@graph\":[{\"@type\":[\"WebPage\",\"ItemPage\"],\"@id\":\"https:\/\/bolting.eu\/en\/shop\/austrialpin-rondo-2-wege-twist-lock\/\",\"url\":\"https:\/\/bolting.eu\/en\/shop\/austrialpin-rondo-2-wege-twist-lock\/\",\"name\":\"Austrialpin Rondo 2-Wege Twist-Lock g\u00fcnstig online kaufen | bolting.eu\",\"isPartOf\":{\"@id\":\"https:\/\/bolting.eu\/en\/#website\"},\"primaryImageOfPage\":{\"@id\":\"https:\/\/bolting.eu\/en\/shop\/austrialpin-rondo-2-wege-twist-lock\/#primaryimage\"},\"image\":{\"@id\":\"https:\/\/bolting.eu\/en\/shop\/austrialpin-rondo-2-wege-twist-lock\/#primaryimage\"},\"thumbnailUrl\":\"https:\/\/bolting.eu\/wp-content\/uploads\/2020\/11\/Austrialpin-Rondo-2-Wege-Twist-Lock-schwarz-1.jpg\",\"datePublished\":\"2020-11-24T16:28:49+00:00\",\"dateModified\":\"2026-02-06T16:40:41+00:00\",\"description\":\"Hier findest Du den AUSTRIALPIN RONDO 2-WEGE TWIST-LOCK. Einen gro\u00dfen HMS Karabiner f\u00fcr\u00b4s rasche Einh\u00e4ngen beim Kletterprofi aus \ud83c\udde6\ud83c\uddf9!\",\"breadcrumb\":{\"@id\":\"https:\/\/bolting.eu\/en\/shop\/austrialpin-rondo-2-wege-twist-lock\/#breadcrumb\"},\"inLanguage\":\"en-US\",\"potentialAction\":[{\"@type\":\"ReadAction\",\"target\":[\"https:\/\/bolting.eu\/en\/shop\/austrialpin-rondo-2-wege-twist-lock\/\"]}]},{\"@type\":\"ImageObject\",\"inLanguage\":\"en-US\",\"@id\":\"https:\/\/bolting.eu\/en\/shop\/austrialpin-rondo-2-wege-twist-lock\/#primaryimage\",\"url\":\"https:\/\/bolting.eu\/wp-content\/uploads\/2020\/11\/Austrialpin-Rondo-2-Wege-Twist-Lock-schwarz-1.jpg\",\"contentUrl\":\"https:\/\/bolting.eu\/wp-content\/uploads\/2020\/11\/Austrialpin-Rondo-2-Wege-Twist-Lock-schwarz-1.jpg\",\"width\":700,\"height\":700,\"caption\":\"Das Bild zeigt den Austrialpin Rondo 2-Wege Twist-Lock Karabiner schwarz. Der HMS Karabiner steht in Bildmitte.\"},{\"@type\":\"BreadcrumbList\",\"@id\":\"https:\/\/bolting.eu\/en\/shop\/austrialpin-rondo-2-wege-twist-lock\/#breadcrumb\",\"itemListElement\":[{\"@type\":\"ListItem\",\"position\":1,\"name\":\"Shop\",\"item\":\"https:\/\/bolting.eu\/en\/shop\/\"},{\"@type\":\"ListItem\",\"position\":2,\"name\":\"climbing equipment\",\"item\":\"https:\/\/bolting.eu\/en\/produkt-kategorie\/climbing-equipment\/\"},{\"@type\":\"ListItem\",\"position\":3,\"name\":\"Climbing carabiner\",\"item\":\"https:\/\/bolting.eu\/en\/produkt-kategorie\/climbing-carabiner\/\"},{\"@type\":\"ListItem\",\"position\":4,\"name\":\"Austrialpin Rondo\",\"item\":\"https:\/\/bolting.eu\/produkt-kategorie\/kletterausruestung\/kletterkarabiner\/austrialpin-rondo\/\"},{\"@type\":\"ListItem\",\"position\":5,\"name\":\"Austrialpin Rondo 2-Wege Twist-Lock\"}]},{\"@type\":\"WebSite\",\"@id\":\"https:\/\/bolting.eu\/en\/#website\",\"url\":\"https:\/\/bolting.eu\/en\/\",\"name\":\"bolting.eu\",\"description\":\"we make climbs happen\",\"publisher\":{\"@id\":\"https:\/\/bolting.eu\/en\/#organization\"},\"potentialAction\":[{\"@type\":\"SearchAction\",\"target\":{\"@type\":\"EntryPoint\",\"urlTemplate\":\"https:\/\/bolting.eu\/en\/?s={search_term_string}\"},\"query-input\":{\"@type\":\"PropertyValueSpecification\",\"valueRequired\":true,\"valueName\":\"search_term_string\"}}],\"inLanguage\":\"en-US\"},{\"@type\":[\"Organization\",\"Place\",\"SportingGoodsStore\"],\"@id\":\"https:\/\/bolting.eu\/en\/#organization\",\"name\":\"bolting.eu\",\"url\":\"https:\/\/bolting.eu\/en\/\",\"logo\":{\"@id\":\"https:\/\/bolting.eu\/en\/shop\/austrialpin-rondo-2-wege-twist-lock\/#local-main-organization-logo\"},\"image\":{\"@id\":\"https:\/\/bolting.eu\/en\/shop\/austrialpin-rondo-2-wege-twist-lock\/#local-main-organization-logo\"},\"sameAs\":[\"https:\/\/www.facebook.com\/bolting.eu\",\"https:\/\/www.instagram.com\/bolting.eu\/\"],\"address\":{\"@id\":\"https:\/\/bolting.eu\/en\/shop\/austrialpin-rondo-2-wege-twist-lock\/#local-main-place-address\"},\"geo\":{\"@type\":\"GeoCoordinates\",\"latitude\":\"47.264176340396226\",\"longitude\":\"11.380109057672346\"},\"telephone\":[\"+43 699 19083372\"],\"openingHoursSpecification\":[{\"@type\":\"OpeningHoursSpecification\",\"dayOfWeek\":[\"Monday\",\"Wednesday\",\"Friday\"],\"opens\":\"14:00\",\"closes\":\"18:00\"},{\"@type\":\"OpeningHoursSpecification\",\"dayOfWeek\":[\"Tuesday\",\"Thursday\",\"Saturday\",\"Sunday\"],\"opens\":\"00:00\",\"closes\":\"00:00\"}],\"email\":\"office@bolting.eu\",\"vatID\":\"ATU59999728\",\"priceRange\":\"$$\",\"currenciesAccepted\":\"Euro\"},{\"@type\":\"PostalAddress\",\"@id\":\"https:\/\/bolting.eu\/en\/shop\/austrialpin-rondo-2-wege-twist-lock\/#local-main-place-address\",\"streetAddress\":\"Fischnalerstra\u00dfe 4\",\"addressLocality\":\"Innsbruck\",\"postalCode\":\"6020\",\"addressRegion\":\"Tirol\",\"addressCountry\":\"AT\"},{\"@type\":\"ImageObject\",\"inLanguage\":\"en-US\",\"@id\":\"https:\/\/bolting.eu\/en\/shop\/austrialpin-rondo-2-wege-twist-lock\/#local-main-organization-logo\",\"url\":\"https:\/\/bolting.eu\/wp-content\/uploads\/2019\/09\/bolting-logo.png\",\"contentUrl\":\"https:\/\/bolting.eu\/wp-content\/uploads\/2019\/09\/bolting-logo.png\",\"width\":400,\"height\":211,\"caption\":\"bolting.eu\"}]}<\/script>\n<meta property=\"og:availability\" content=\"instock\" \/>\n<meta property=\"product:availability\" content=\"instock\" \/>\n<meta property=\"product:condition\" content=\"new\" \/>\n<meta name=\"geo.placename\" content=\"Innsbruck\" \/>\n<meta name=\"geo.position\" content=\"47.264176340396226;11.380109057672346\" \/>\n<meta name=\"geo.region\" content=\"Austria\" \/>\n<!-- \/ Yoast SEO Premium plugin. -->","yoast_head_json":{"title":"Austrialpin Rondo 2-Wege Twist-Lock g\u00fcnstig online kaufen | bolting.eu","description":"Hier findest Du den AUSTRIALPIN RONDO 2-WEGE TWIST-LOCK. Einen gro\u00dfen HMS Karabiner f\u00fcr\u00b4s rasche Einh\u00e4ngen beim Kletterprofi aus \ud83c\udde6\ud83c\uddf9!","robots":{"index":"index","follow":"follow","max-snippet":"max-snippet:-1","max-image-preview":"max-image-preview:large","max-video-preview":"max-video-preview:-1"},"canonical":"https:\/\/bolting.eu\/en\/shop\/austrialpin-rondo-2-wege-twist-lock\/","og_locale":"en_US","og_type":"article","og_title":"Austrialpin Rondo 2-Wege Twist-Lock","og_description":"Hier findest Du den AUSTRIALPIN RONDO 2-WEGE TWIST-LOCK. Einen gro\u00dfen HMS Karabiner f\u00fcr\u00b4s rasche Einh\u00e4ngen beim Kletterprofi aus \ud83c\udde6\ud83c\uddf9!","og_url":"https:\/\/bolting.eu\/en\/shop\/austrialpin-rondo-2-wege-twist-lock\/","og_site_name":"bolting.eu","article_publisher":"https:\/\/www.facebook.com\/bolting.eu","article_modified_time":"2026-02-06T16:40:41+00:00","og_image":[{"width":700,"height":700,"url":"https:\/\/bolting.eu\/wp-content\/uploads\/2020\/11\/Austrialpin-Rondo-2-Wege-Twist-Lock-schwarz-1.jpg","type":"image\/jpeg"}],"twitter_card":"summary_large_image","twitter_misc":{"Availability":"In stock"},"schema":{"@context":"https:\/\/schema.org","@graph":[{"@type":["WebPage","ItemPage"],"@id":"https:\/\/bolting.eu\/en\/shop\/austrialpin-rondo-2-wege-twist-lock\/","url":"https:\/\/bolting.eu\/en\/shop\/austrialpin-rondo-2-wege-twist-lock\/","name":"Austrialpin Rondo 2-Wege Twist-Lock g\u00fcnstig online kaufen | bolting.eu","isPartOf":{"@id":"https:\/\/bolting.eu\/en\/#website"},"primaryImageOfPage":{"@id":"https:\/\/bolting.eu\/en\/shop\/austrialpin-rondo-2-wege-twist-lock\/#primaryimage"},"image":{"@id":"https:\/\/bolting.eu\/en\/shop\/austrialpin-rondo-2-wege-twist-lock\/#primaryimage"},"thumbnailUrl":"https:\/\/bolting.eu\/wp-content\/uploads\/2020\/11\/Austrialpin-Rondo-2-Wege-Twist-Lock-schwarz-1.jpg","datePublished":"2020-11-24T16:28:49+00:00","dateModified":"2026-02-06T16:40:41+00:00","description":"Hier findest Du den AUSTRIALPIN RONDO 2-WEGE TWIST-LOCK. Einen gro\u00dfen HMS Karabiner f\u00fcr\u00b4s rasche Einh\u00e4ngen beim Kletterprofi aus \ud83c\udde6\ud83c\uddf9!","breadcrumb":{"@id":"https:\/\/bolting.eu\/en\/shop\/austrialpin-rondo-2-wege-twist-lock\/#breadcrumb"},"inLanguage":"en-US","potentialAction":[{"@type":"ReadAction","target":["https:\/\/bolting.eu\/en\/shop\/austrialpin-rondo-2-wege-twist-lock\/"]}]},{"@type":"ImageObject","inLanguage":"en-US","@id":"https:\/\/bolting.eu\/en\/shop\/austrialpin-rondo-2-wege-twist-lock\/#primaryimage","url":"https:\/\/bolting.eu\/wp-content\/uploads\/2020\/11\/Austrialpin-Rondo-2-Wege-Twist-Lock-schwarz-1.jpg","contentUrl":"https:\/\/bolting.eu\/wp-content\/uploads\/2020\/11\/Austrialpin-Rondo-2-Wege-Twist-Lock-schwarz-1.jpg","width":700,"height":700,"caption":"Das Bild zeigt den Austrialpin Rondo 2-Wege Twist-Lock Karabiner schwarz. Der HMS Karabiner steht in Bildmitte."},{"@type":"BreadcrumbList","@id":"https:\/\/bolting.eu\/en\/shop\/austrialpin-rondo-2-wege-twist-lock\/#breadcrumb","itemListElement":[{"@type":"ListItem","position":1,"name":"Shop","item":"https:\/\/bolting.eu\/en\/shop\/"},{"@type":"ListItem","position":2,"name":"climbing equipment","item":"https:\/\/bolting.eu\/en\/produkt-kategorie\/climbing-equipment\/"},{"@type":"ListItem","position":3,"name":"Climbing carabiner","item":"https:\/\/bolting.eu\/en\/produkt-kategorie\/climbing-carabiner\/"},{"@type":"ListItem","position":4,"name":"Austrialpin Rondo","item":"https:\/\/bolting.eu\/produkt-kategorie\/kletterausruestung\/kletterkarabiner\/austrialpin-rondo\/"},{"@type":"ListItem","position":5,"name":"Austrialpin Rondo 2-Wege Twist-Lock"}]},{"@type":"WebSite","@id":"https:\/\/bolting.eu\/en\/#website","url":"https:\/\/bolting.eu\/en\/","name":"bolting.eu","description":"we make climbs happen","publisher":{"@id":"https:\/\/bolting.eu\/en\/#organization"},"potentialAction":[{"@type":"SearchAction","target":{"@type":"EntryPoint","urlTemplate":"https:\/\/bolting.eu\/en\/?s={search_term_string}"},"query-input":{"@type":"PropertyValueSpecification","valueRequired":true,"valueName":"search_term_string"}}],"inLanguage":"en-US"},{"@type":["Organization","Place","SportingGoodsStore"],"@id":"https:\/\/bolting.eu\/en\/#organization","name":"bolting.eu","url":"https:\/\/bolting.eu\/en\/","logo":{"@id":"https:\/\/bolting.eu\/en\/shop\/austrialpin-rondo-2-wege-twist-lock\/#local-main-organization-logo"},"image":{"@id":"https:\/\/bolting.eu\/en\/shop\/austrialpin-rondo-2-wege-twist-lock\/#local-main-organization-logo"},"sameAs":["https:\/\/www.facebook.com\/bolting.eu","https:\/\/www.instagram.com\/bolting.eu\/"],"address":{"@id":"https:\/\/bolting.eu\/en\/shop\/austrialpin-rondo-2-wege-twist-lock\/#local-main-place-address"},"geo":{"@type":"GeoCoordinates","latitude":"47.264176340396226","longitude":"11.380109057672346"},"telephone":["+43 699 19083372"],"openingHoursSpecification":[{"@type":"OpeningHoursSpecification","dayOfWeek":["Monday","Wednesday","Friday"],"opens":"14:00","closes":"18:00"},{"@type":"OpeningHoursSpecification","dayOfWeek":["Tuesday","Thursday","Saturday","Sunday"],"opens":"00:00","closes":"00:00"}],"email":"office@bolting.eu","vatID":"ATU59999728","priceRange":"$$","currenciesAccepted":"Euro"},{"@type":"PostalAddress","@id":"https:\/\/bolting.eu\/en\/shop\/austrialpin-rondo-2-wege-twist-lock\/#local-main-place-address","streetAddress":"Fischnalerstra\u00dfe 4","addressLocality":"Innsbruck","postalCode":"6020","addressRegion":"Tirol","addressCountry":"AT"},{"@type":"ImageObject","inLanguage":"en-US","@id":"https:\/\/bolting.eu\/en\/shop\/austrialpin-rondo-2-wege-twist-lock\/#local-main-organization-logo","url":"https:\/\/bolting.eu\/wp-content\/uploads\/2019\/09\/bolting-logo.png","contentUrl":"https:\/\/bolting.eu\/wp-content\/uploads\/2019\/09\/bolting-logo.png","width":400,"height":211,"caption":"bolting.eu"}]},"og_availability":"instock","product_availability":"instock","product_condition":"new","geo.placename":"Innsbruck","geo.position":{"lat":"47.264176340396226","long":"11.380109057672346"},"geo.region":"Austria"},"_links":{"self":[{"href":"https:\/\/bolting.eu\/en\/wp-json\/wp\/v2\/product\/6425","targetHints":{"allow":["GET"]}}],"collection":[{"href":"https:\/\/bolting.eu\/en\/wp-json\/wp\/v2\/product"}],"about":[{"href":"https:\/\/bolting.eu\/en\/wp-json\/wp\/v2\/types\/product"}],"replies":[{"embeddable":true,"href":"https:\/\/bolting.eu\/en\/wp-json\/wp\/v2\/comments?post=6425"}],"wp:featuredmedia":[{"embeddable":true,"href":"https:\/\/bolting.eu\/en\/wp-json\/wp\/v2\/media\/6431"}],"wp:attachment":[{"href":"https:\/\/bolting.eu\/en\/wp-json\/wp\/v2\/media?parent=6425"}],"wp:term":[{"taxonomy":"product_brand","embeddable":true,"href":"https:\/\/bolting.eu\/en\/wp-json\/wp\/v2\/product_brand?post=6425"},{"taxonomy":"product_cat","embeddable":true,"href":"https:\/\/bolting.eu\/en\/wp-json\/wp\/v2\/product_cat?post=6425"},{"taxonomy":"product_tag","embeddable":true,"href":"https:\/\/bolting.eu\/en\/wp-json\/wp\/v2\/product_tag?post=6425"}],"curies":[{"name":"wp","href":"https:\/\/api.w.org\/{rel}","templated":true}]}}