{"id":6349,"date":"2020-11-21T17:58:12","date_gmt":"2020-11-21T16:58:12","guid":{"rendered":"https:\/\/bolting.eu\/?post_type=product&#038;p=6349"},"modified":"2026-03-04T19:32:46","modified_gmt":"2026-03-04T18:32:46","slug":"salewa-ergo-belay","status":"publish","type":"product","link":"https:\/\/bolting.eu\/en\/shop\/salewa-ergo-belay\/","title":{"rendered":"Salewa Ergo Belay"},"content":{"rendered":"<p>Das Salewa Ergo Belay ist ein beliebtes halbautomatisches Sicherungsger\u00e4t f\u00fcr Einfachseile. D.h., beim Fixieren des <a href=\"https:\/\/bolting.eu\/produkt-kategorie\/kletterseil\/\">Kletterseils<\/a> mit der Bremshand blockiert dieses Ger\u00e4t automatisch.<\/p>\n<p>Damit reiht sich das Ergo nahtlos in die gro\u00dfe Familie der sogenannten &#8220;Halbautomaten&#8221;. Wie z.B. auch der Austrialpin Fish, das Mammut Smart oder das CT Click up.<\/p>\n<p>Wie bei allen diesen Halbautomaten gilt. Zum einen muss der originale HMS Karabiner des Sets verwendet werden. Denn die Bremswirkung ist von dessen Form anh\u00e4ngig. Wer folglich &#8220;irgendeinen&#8221; Karabiner mit dem Salewa Ergo Belay verwendet, riskiert eine \u00e4u\u00dferst gef\u00e4hrliche Fehlfunktion!<\/p>\n<p>Und zum andern ist die Bremswirkung von Halbautomaten vom Seil abh\u00e4ngig. D.h. von dessen Durchmesser und der Beschaffenheit der Oberfl\u00e4che. Deshalb ist besonders bei neuen (somit &#8220;glatten&#8221;) und d\u00fcnnen Seilen Obacht angesagt.<\/p>\n<p>Kurzum. Ein klassischer Halbautomat zu einem fairen Preis. Es kann sowohl f\u00fcr Anf\u00e4nger als auch erfahrene Kletterer empfohlen werden!<\/p>\n<h2>Eigenschaften Salewa Ergo Sicherungsger\u00e4t<\/h2>\n<ul>\n<li>Hersteller: Salewa<\/li>\n<li>Sicherungsger\u00e4te Typ: Halbautomat<\/li>\n<li>f\u00fcr Einfachseile 8,6-11mm<\/li>\n<li>Material: Aluminium, Edelstahl bzw. Kunststoff<\/li>\n<li>Gewicht: 170 Gramm<\/li>\n<li>Norm: EN 15151, UIAA 129<\/li>\n<li>Gr\u00f6\u00dfe: 70x20x40mm<\/li>\n<li>inkl. HMS Belay Twist Lock<\/li>\n<li>intuitives Handling<\/li>\n<li>Blockierfunktion l\u00f6st schnell aus<\/li>\n<li>leichtes Ablassen<\/li>\n<li>ideal zum Vorstieg Sichern mit schnellem Seil ausgeben<\/li>\n<\/ul>\n<h3>Salewa Ergo Belay Bedienung<\/h3>\n<p>Das folgende Video des DAV zeigt die Bedienung der Halbautomaten sehr ausf\u00fchrlich. Nat\u00fcrlich m\u00fcsst ihr das Ger\u00e4t dann auch entsprechend umsichtig ausprobieren und euch an das Handling gew\u00f6hnen.<\/p>\n<p><iframe loading=\"lazy\" src=\"https:\/\/www.youtube.com\/embed\/ssU1TT-AbWs\" width=\"75%\" height=\"350\" frameborder=\"0\" allowfullscreen=\"allowfullscreen\"><span data-mce-type=\"bookmark\" style=\"display: inline-block; width: 0px; overflow: hidden; line-height: 0;\" class=\"mce_SELRES_start\">\ufeff<\/span><\/iframe><\/p>\n<h3>Kritischer Punkt Bremshand<\/h3>\n<p>Wie im Video sch\u00f6n erkl\u00e4rt wird. Das wichtigste Kriterium f\u00fcr die sichere Bedienung ist die Bremshand. Bitte beachtet daher diese drei einfachen Regen unbedingt.<\/p>\n<p>Erstens darf die Bremshand nie \u00fcber die Ger\u00e4telinie gehoben werden. Zweitens umschlie\u00dft die Bremshand das Seil immer mit dem Daumen nach oben. Und drittens darf man das ger\u00e4t nicht aktiv nach oben dr\u00fccken wenn man denR\u00fcssel fixiert hat!<\/p>\n<h3>Wann muss man das Ger\u00e4t austauschen?<\/h3>\n<p>Das Salewa Ergo Belay hat eine extrem lange Haltbarkeit. Ein Austausch ist nur dann erforderlich, wenn der Abrieb am <a href=\"https:\/\/bolting.eu\/produkt-kategorie\/sicherungsgeraete-klettern\/\">Sicherungsger\u00e4t<\/a> zu gro\u00df wird. D.h. einerseits der Abrieb am Halbautomaten selbst. Vor allem an der Stelle wo das Seil einl\u00e4uft. Durch die Edelstahl Eins\u00e4tze sollte dies aber so gut wie nicht m\u00f6glich sein.<\/p>\n<p>Und zum anderen vom Abrieb am HMS Karabiner. Wer extrem viel mit dem Ger\u00e4t unterwegs ist bzw. sehr schmutzige Seile hat, muss den Karabiner ggf. nach 3-4 Saisonen tauschen. Ihr merkst das deutlich am Grad des automatischen Blockierens.<\/p>\n<h4><strong>Link Tipp<\/strong><\/h4>\n<p>Im folgenden kommt ihr zu einem extrem ausf\u00fchrlichen <a href=\"https:\/\/www.alpenverein.de\/bergsport\/sicherheit\/klettern\/sicherungsgeraete-empfehlung-des-dav-faqs-haeufige-fragen-zur-sicherungsgeraete-empfehlung_aid_16034.html\" target=\"_blank\" rel=\"noopener noreferrer\">FAQ Seite<\/a> des DAV zum Thema hAlbautomaten!<\/p>\n<p>&nbsp;<\/p>\n<p>&nbsp;<\/p>\n","protected":false},"excerpt":{"rendered":"<ul>\n<li>Hersteller: <a href=\"https:\/\/bolting.eu\/produkt-kategorie\/salewa\/\">Salewa<\/a><\/li>\n<li>Sicherungsger\u00e4te Typ: Halbautomat<\/li>\n<li>f\u00fcr Einfachseile 8,6-11mm<\/li>\n<li>Material: Aluminium bzw. Kunststoff<\/li>\n<li>Gewicht: 170 Gramm<\/li>\n<li>Norm: EN 15151, UIAA 129<\/li>\n<li>Gr\u00f6\u00dfe: 70x20x40mm<\/li>\n<li>inkl. HMS Belay Twist Lock<\/li>\n<li>intuitives Handling<\/li>\n<\/ul>\n","protected":false},"featured_media":6351,"comment_status":"open","ping_status":"closed","template":"","meta":[],"product_brand":[],"product_cat":[3711,4672],"product_tag":[],"class_list":{"0":"post-6349","1":"product","2":"type-product","3":"status-publish","4":"has-post-thumbnail","6":"product_cat-sicherungsgeraete-klettern","7":"product_cat-salewa","9":"first","10":"instock","11":"taxable","12":"shipping-taxable","13":"purchasable","14":"product-type-simple"},"yoast_head":"<!-- This site is optimized with the Yoast SEO Premium plugin v26.9 (Yoast SEO v26.9) - https:\/\/yoast.com\/product\/yoast-seo-premium-wordpress\/ -->\n<title>Salewa Ergo Belay Halbautomatisches Sicherungsger\u00e4t kaufen | bolting.eu<\/title>\n<meta name=\"description\" content=\"Hier findest Du das SALEWA ERGO BELAY. Ein halbautomatisches Sicherungsger\u00e4t inkl. Twist-Lock Karabiner f\u00fcr Einfachseile 8,6-11mm!\" \/>\n<meta name=\"robots\" content=\"index, follow, max-snippet:-1, max-image-preview:large, max-video-preview:-1\" \/>\n<link rel=\"canonical\" href=\"https:\/\/bolting.eu\/en\/shop\/salewa-ergo-belay\/\" \/>\n<meta property=\"og:locale\" content=\"en_US\" \/>\n<meta property=\"og:type\" content=\"article\" \/>\n<meta property=\"og:title\" content=\"Salewa Ergo Belay\" \/>\n<meta property=\"og:description\" content=\"Hier findest Du das SALEWA ERGO BELAY. Ein halbautomatisches Sicherungsger\u00e4t inkl. Twist-Lock Karabiner f\u00fcr Einfachseile 8,6-11mm!\" \/>\n<meta property=\"og:url\" content=\"https:\/\/bolting.eu\/en\/shop\/salewa-ergo-belay\/\" \/>\n<meta property=\"og:site_name\" content=\"bolting.eu\" \/>\n<meta property=\"article:publisher\" content=\"https:\/\/www.facebook.com\/bolting.eu\" \/>\n<meta property=\"article:modified_time\" content=\"2026-03-04T18:32:46+00:00\" \/>\n<meta property=\"og:image\" content=\"https:\/\/bolting.eu\/wp-content\/uploads\/2020\/11\/Salewa-Ergo-Belay-1.jpg\" \/>\n\t<meta property=\"og:image:width\" content=\"700\" \/>\n\t<meta property=\"og:image:height\" content=\"700\" \/>\n\t<meta property=\"og:image:type\" content=\"image\/jpeg\" \/>\n<meta name=\"twitter:card\" content=\"summary_large_image\" \/>\n<meta name=\"twitter:label1\" content=\"Price\" \/>\n\t<meta name=\"twitter:data1\" content=\"&euro;&nbsp;69,90\" \/>\n\t<meta name=\"twitter:label2\" content=\"Availability\" \/>\n\t<meta name=\"twitter:data2\" content=\"In stock\" \/>\n<script type=\"application\/ld+json\" class=\"yoast-schema-graph\">{\"@context\":\"https:\/\/schema.org\",\"@graph\":[{\"@type\":[\"WebPage\",\"ItemPage\"],\"@id\":\"https:\/\/bolting.eu\/en\/shop\/salewa-ergo-belay\/\",\"url\":\"https:\/\/bolting.eu\/en\/shop\/salewa-ergo-belay\/\",\"name\":\"Salewa Ergo Belay Halbautomatisches Sicherungsger\u00e4t kaufen | bolting.eu\",\"isPartOf\":{\"@id\":\"https:\/\/bolting.eu\/en\/#website\"},\"primaryImageOfPage\":{\"@id\":\"https:\/\/bolting.eu\/en\/shop\/salewa-ergo-belay\/#primaryimage\"},\"image\":{\"@id\":\"https:\/\/bolting.eu\/en\/shop\/salewa-ergo-belay\/#primaryimage\"},\"thumbnailUrl\":\"https:\/\/bolting.eu\/wp-content\/uploads\/2020\/11\/Salewa-Ergo-Belay-1.jpg\",\"datePublished\":\"2020-11-21T16:58:12+00:00\",\"dateModified\":\"2026-03-04T18:32:46+00:00\",\"description\":\"Hier findest Du das SALEWA ERGO BELAY. Ein halbautomatisches Sicherungsger\u00e4t inkl. Twist-Lock Karabiner f\u00fcr Einfachseile 8,6-11mm!\",\"breadcrumb\":{\"@id\":\"https:\/\/bolting.eu\/en\/shop\/salewa-ergo-belay\/#breadcrumb\"},\"inLanguage\":\"en-US\",\"potentialAction\":[{\"@type\":\"ReadAction\",\"target\":[\"https:\/\/bolting.eu\/en\/shop\/salewa-ergo-belay\/\"]}]},{\"@type\":\"ImageObject\",\"inLanguage\":\"en-US\",\"@id\":\"https:\/\/bolting.eu\/en\/shop\/salewa-ergo-belay\/#primaryimage\",\"url\":\"https:\/\/bolting.eu\/wp-content\/uploads\/2020\/11\/Salewa-Ergo-Belay-1.jpg\",\"contentUrl\":\"https:\/\/bolting.eu\/wp-content\/uploads\/2020\/11\/Salewa-Ergo-Belay-1.jpg\",\"width\":700,\"height\":700,\"caption\":\"Das Bild zeigt das Salewa Ergo Belay auf einem wei\u00dfem Quadrat. Man erkennt das dunkelblaue Sicherungsger\u00e4t und den antrazifarbenen Twist Lock Karabiner in allen Details.\"},{\"@type\":\"BreadcrumbList\",\"@id\":\"https:\/\/bolting.eu\/en\/shop\/salewa-ergo-belay\/#breadcrumb\",\"itemListElement\":[{\"@type\":\"ListItem\",\"position\":1,\"name\":\"Shop\",\"item\":\"https:\/\/bolting.eu\/en\/shop\/\"},{\"@type\":\"ListItem\",\"position\":2,\"name\":\"climbing equipment\",\"item\":\"https:\/\/bolting.eu\/en\/produkt-kategorie\/climbing-equipment\/\"},{\"@type\":\"ListItem\",\"position\":3,\"name\":\"Sicherungsger\u00e4te Klettern\",\"item\":\"https:\/\/bolting.eu\/produkt-kategorie\/kletterausruestung\/sicherungsgeraete-klettern\/\"},{\"@type\":\"ListItem\",\"position\":4,\"name\":\"Salewa Ergo Belay\"}]},{\"@type\":\"WebSite\",\"@id\":\"https:\/\/bolting.eu\/en\/#website\",\"url\":\"https:\/\/bolting.eu\/en\/\",\"name\":\"bolting.eu\",\"description\":\"we make climbs happen\",\"publisher\":{\"@id\":\"https:\/\/bolting.eu\/en\/#organization\"},\"potentialAction\":[{\"@type\":\"SearchAction\",\"target\":{\"@type\":\"EntryPoint\",\"urlTemplate\":\"https:\/\/bolting.eu\/en\/?s={search_term_string}\"},\"query-input\":{\"@type\":\"PropertyValueSpecification\",\"valueRequired\":true,\"valueName\":\"search_term_string\"}}],\"inLanguage\":\"en-US\"},{\"@type\":[\"Organization\",\"Place\",\"SportingGoodsStore\"],\"@id\":\"https:\/\/bolting.eu\/en\/#organization\",\"name\":\"bolting.eu\",\"url\":\"https:\/\/bolting.eu\/en\/\",\"logo\":{\"@id\":\"https:\/\/bolting.eu\/en\/shop\/salewa-ergo-belay\/#local-main-organization-logo\"},\"image\":{\"@id\":\"https:\/\/bolting.eu\/en\/shop\/salewa-ergo-belay\/#local-main-organization-logo\"},\"sameAs\":[\"https:\/\/www.facebook.com\/bolting.eu\",\"https:\/\/www.instagram.com\/bolting.eu\/\"],\"address\":{\"@id\":\"https:\/\/bolting.eu\/en\/shop\/salewa-ergo-belay\/#local-main-place-address\"},\"geo\":{\"@type\":\"GeoCoordinates\",\"latitude\":\"47.264176340396226\",\"longitude\":\"11.380109057672346\"},\"telephone\":[\"+43 699 19083372\"],\"openingHoursSpecification\":[{\"@type\":\"OpeningHoursSpecification\",\"dayOfWeek\":[\"Monday\",\"Wednesday\",\"Friday\"],\"opens\":\"14:00\",\"closes\":\"18:00\"},{\"@type\":\"OpeningHoursSpecification\",\"dayOfWeek\":[\"Tuesday\",\"Thursday\",\"Saturday\",\"Sunday\"],\"opens\":\"00:00\",\"closes\":\"00:00\"}],\"email\":\"office@bolting.eu\",\"vatID\":\"ATU59999728\",\"priceRange\":\"$$\",\"currenciesAccepted\":\"Euro\"},{\"@type\":\"PostalAddress\",\"@id\":\"https:\/\/bolting.eu\/en\/shop\/salewa-ergo-belay\/#local-main-place-address\",\"streetAddress\":\"Fischnalerstra\u00dfe 4\",\"addressLocality\":\"Innsbruck\",\"postalCode\":\"6020\",\"addressRegion\":\"Tirol\",\"addressCountry\":\"AT\"},{\"@type\":\"ImageObject\",\"inLanguage\":\"en-US\",\"@id\":\"https:\/\/bolting.eu\/en\/shop\/salewa-ergo-belay\/#local-main-organization-logo\",\"url\":\"https:\/\/bolting.eu\/wp-content\/uploads\/2019\/09\/bolting-logo.png\",\"contentUrl\":\"https:\/\/bolting.eu\/wp-content\/uploads\/2019\/09\/bolting-logo.png\",\"width\":400,\"height\":211,\"caption\":\"bolting.eu\"}]}<\/script>\n<meta property=\"og:video\" content=\"https:\/\/www.youtube.com\/embed\/ssU1TT-AbWs\" \/>\n<meta property=\"og:video:type\" content=\"text\/html\" \/>\n<meta property=\"og:video:duration\" content=\"302\" \/>\n<meta property=\"og:video:width\" content=\"480\" \/>\n<meta property=\"og:video:height\" content=\"270\" \/>\n<meta property=\"ya:ovs:adult\" content=\"false\" \/>\n<meta property=\"ya:ovs:upload_date\" content=\"2020-11-21T16:58:12+00:00\" \/>\n<meta property=\"ya:ovs:allow_embed\" content=\"true\" \/>\n<meta property=\"product:price:amount\" content=\"69.90\" \/>\n<meta property=\"product:price:currency\" content=\"EUR\" \/>\n<meta property=\"og:availability\" content=\"instock\" \/>\n<meta property=\"product:availability\" content=\"instock\" \/>\n<meta property=\"product:retailer_item_id\" content=\"00-0000001720\" \/>\n<meta property=\"product:condition\" content=\"new\" \/>\n<meta name=\"geo.placename\" content=\"Innsbruck\" \/>\n<meta name=\"geo.position\" content=\"47.264176340396226;11.380109057672346\" \/>\n<meta name=\"geo.region\" content=\"Austria\" \/>\n<!-- \/ Yoast SEO Premium plugin. -->","yoast_head_json":{"title":"Salewa Ergo Belay Halbautomatisches Sicherungsger\u00e4t kaufen | bolting.eu","description":"Hier findest Du das SALEWA ERGO BELAY. Ein halbautomatisches Sicherungsger\u00e4t inkl. Twist-Lock Karabiner f\u00fcr Einfachseile 8,6-11mm!","robots":{"index":"index","follow":"follow","max-snippet":"max-snippet:-1","max-image-preview":"max-image-preview:large","max-video-preview":"max-video-preview:-1"},"canonical":"https:\/\/bolting.eu\/en\/shop\/salewa-ergo-belay\/","og_locale":"en_US","og_type":"article","og_title":"Salewa Ergo Belay","og_description":"Hier findest Du das SALEWA ERGO BELAY. Ein halbautomatisches Sicherungsger\u00e4t inkl. Twist-Lock Karabiner f\u00fcr Einfachseile 8,6-11mm!","og_url":"https:\/\/bolting.eu\/en\/shop\/salewa-ergo-belay\/","og_site_name":"bolting.eu","article_publisher":"https:\/\/www.facebook.com\/bolting.eu","article_modified_time":"2026-03-04T18:32:46+00:00","og_image":[{"width":700,"height":700,"url":"https:\/\/bolting.eu\/wp-content\/uploads\/2020\/11\/Salewa-Ergo-Belay-1.jpg","type":"image\/jpeg"}],"twitter_card":"summary_large_image","twitter_misc":{"Price":"&euro;&nbsp;69,90","Availability":"In stock"},"schema":{"@context":"https:\/\/schema.org","@graph":[{"@type":["WebPage","ItemPage"],"@id":"https:\/\/bolting.eu\/en\/shop\/salewa-ergo-belay\/","url":"https:\/\/bolting.eu\/en\/shop\/salewa-ergo-belay\/","name":"Salewa Ergo Belay Halbautomatisches Sicherungsger\u00e4t kaufen | bolting.eu","isPartOf":{"@id":"https:\/\/bolting.eu\/en\/#website"},"primaryImageOfPage":{"@id":"https:\/\/bolting.eu\/en\/shop\/salewa-ergo-belay\/#primaryimage"},"image":{"@id":"https:\/\/bolting.eu\/en\/shop\/salewa-ergo-belay\/#primaryimage"},"thumbnailUrl":"https:\/\/bolting.eu\/wp-content\/uploads\/2020\/11\/Salewa-Ergo-Belay-1.jpg","datePublished":"2020-11-21T16:58:12+00:00","dateModified":"2026-03-04T18:32:46+00:00","description":"Hier findest Du das SALEWA ERGO BELAY. Ein halbautomatisches Sicherungsger\u00e4t inkl. Twist-Lock Karabiner f\u00fcr Einfachseile 8,6-11mm!","breadcrumb":{"@id":"https:\/\/bolting.eu\/en\/shop\/salewa-ergo-belay\/#breadcrumb"},"inLanguage":"en-US","potentialAction":[{"@type":"ReadAction","target":["https:\/\/bolting.eu\/en\/shop\/salewa-ergo-belay\/"]}]},{"@type":"ImageObject","inLanguage":"en-US","@id":"https:\/\/bolting.eu\/en\/shop\/salewa-ergo-belay\/#primaryimage","url":"https:\/\/bolting.eu\/wp-content\/uploads\/2020\/11\/Salewa-Ergo-Belay-1.jpg","contentUrl":"https:\/\/bolting.eu\/wp-content\/uploads\/2020\/11\/Salewa-Ergo-Belay-1.jpg","width":700,"height":700,"caption":"Das Bild zeigt das Salewa Ergo Belay auf einem wei\u00dfem Quadrat. Man erkennt das dunkelblaue Sicherungsger\u00e4t und den antrazifarbenen Twist Lock Karabiner in allen Details."},{"@type":"BreadcrumbList","@id":"https:\/\/bolting.eu\/en\/shop\/salewa-ergo-belay\/#breadcrumb","itemListElement":[{"@type":"ListItem","position":1,"name":"Shop","item":"https:\/\/bolting.eu\/en\/shop\/"},{"@type":"ListItem","position":2,"name":"climbing equipment","item":"https:\/\/bolting.eu\/en\/produkt-kategorie\/climbing-equipment\/"},{"@type":"ListItem","position":3,"name":"Sicherungsger\u00e4te Klettern","item":"https:\/\/bolting.eu\/produkt-kategorie\/kletterausruestung\/sicherungsgeraete-klettern\/"},{"@type":"ListItem","position":4,"name":"Salewa Ergo Belay"}]},{"@type":"WebSite","@id":"https:\/\/bolting.eu\/en\/#website","url":"https:\/\/bolting.eu\/en\/","name":"bolting.eu","description":"we make climbs happen","publisher":{"@id":"https:\/\/bolting.eu\/en\/#organization"},"potentialAction":[{"@type":"SearchAction","target":{"@type":"EntryPoint","urlTemplate":"https:\/\/bolting.eu\/en\/?s={search_term_string}"},"query-input":{"@type":"PropertyValueSpecification","valueRequired":true,"valueName":"search_term_string"}}],"inLanguage":"en-US"},{"@type":["Organization","Place","SportingGoodsStore"],"@id":"https:\/\/bolting.eu\/en\/#organization","name":"bolting.eu","url":"https:\/\/bolting.eu\/en\/","logo":{"@id":"https:\/\/bolting.eu\/en\/shop\/salewa-ergo-belay\/#local-main-organization-logo"},"image":{"@id":"https:\/\/bolting.eu\/en\/shop\/salewa-ergo-belay\/#local-main-organization-logo"},"sameAs":["https:\/\/www.facebook.com\/bolting.eu","https:\/\/www.instagram.com\/bolting.eu\/"],"address":{"@id":"https:\/\/bolting.eu\/en\/shop\/salewa-ergo-belay\/#local-main-place-address"},"geo":{"@type":"GeoCoordinates","latitude":"47.264176340396226","longitude":"11.380109057672346"},"telephone":["+43 699 19083372"],"openingHoursSpecification":[{"@type":"OpeningHoursSpecification","dayOfWeek":["Monday","Wednesday","Friday"],"opens":"14:00","closes":"18:00"},{"@type":"OpeningHoursSpecification","dayOfWeek":["Tuesday","Thursday","Saturday","Sunday"],"opens":"00:00","closes":"00:00"}],"email":"office@bolting.eu","vatID":"ATU59999728","priceRange":"$$","currenciesAccepted":"Euro"},{"@type":"PostalAddress","@id":"https:\/\/bolting.eu\/en\/shop\/salewa-ergo-belay\/#local-main-place-address","streetAddress":"Fischnalerstra\u00dfe 4","addressLocality":"Innsbruck","postalCode":"6020","addressRegion":"Tirol","addressCountry":"AT"},{"@type":"ImageObject","inLanguage":"en-US","@id":"https:\/\/bolting.eu\/en\/shop\/salewa-ergo-belay\/#local-main-organization-logo","url":"https:\/\/bolting.eu\/wp-content\/uploads\/2019\/09\/bolting-logo.png","contentUrl":"https:\/\/bolting.eu\/wp-content\/uploads\/2019\/09\/bolting-logo.png","width":400,"height":211,"caption":"bolting.eu"}]},"og_video":"https:\/\/www.youtube.com\/embed\/ssU1TT-AbWs","og_video_type":"text\/html","og_video_duration":"302","og_video_width":"480","og_video_height":"270","ya_ovs_adult":"false","ya_ovs_upload_date":"2020-11-21T16:58:12+00:00","ya_ovs_allow_embed":"true","product_price_amount":"69.90","product_price_currency":"EUR","og_availability":"instock","product_availability":"instock","product_retailer_item_id":"00-0000001720","product_condition":"new","geo.placename":"Innsbruck","geo.position":{"lat":"47.264176340396226","long":"11.380109057672346"},"geo.region":"Austria"},"_links":{"self":[{"href":"https:\/\/bolting.eu\/en\/wp-json\/wp\/v2\/product\/6349","targetHints":{"allow":["GET"]}}],"collection":[{"href":"https:\/\/bolting.eu\/en\/wp-json\/wp\/v2\/product"}],"about":[{"href":"https:\/\/bolting.eu\/en\/wp-json\/wp\/v2\/types\/product"}],"replies":[{"embeddable":true,"href":"https:\/\/bolting.eu\/en\/wp-json\/wp\/v2\/comments?post=6349"}],"wp:featuredmedia":[{"embeddable":true,"href":"https:\/\/bolting.eu\/en\/wp-json\/wp\/v2\/media\/6351"}],"wp:attachment":[{"href":"https:\/\/bolting.eu\/en\/wp-json\/wp\/v2\/media?parent=6349"}],"wp:term":[{"taxonomy":"product_brand","embeddable":true,"href":"https:\/\/bolting.eu\/en\/wp-json\/wp\/v2\/product_brand?post=6349"},{"taxonomy":"product_cat","embeddable":true,"href":"https:\/\/bolting.eu\/en\/wp-json\/wp\/v2\/product_cat?post=6349"},{"taxonomy":"product_tag","embeddable":true,"href":"https:\/\/bolting.eu\/en\/wp-json\/wp\/v2\/product_tag?post=6349"}],"curies":[{"name":"wp","href":"https:\/\/api.w.org\/{rel}","templated":true}]}}