{"id":6343,"date":"2020-11-21T14:49:48","date_gmt":"2020-11-21T13:49:48","guid":{"rendered":"https:\/\/bolting.eu\/?post_type=product&#038;p=6343"},"modified":"2023-09-14T11:41:19","modified_gmt":"2023-09-14T09:41:19","slug":"salewa-alpine-tuber","status":"publish","type":"product","link":"https:\/\/bolting.eu\/en\/shop\/salewa-alpine-tuber\/","title":{"rendered":"Salewa Alpine Tuber"},"content":{"rendered":"<p>Der Salewa Alpine Tuber ist ein vielseitiges <a href=\"https:\/\/bolting.eu\/produkt-kategorie\/sicherungsgeraete-klettern\/\">Sicherungsger\u00e4t<\/a>. Denn es kann zum einen f\u00fcr Einfach- und f\u00fcr Doppelseile verwendet werden. Und zum anderen ist es ideal zum Vorstieg-Sichern als auch Nachstieg-Sichern geeignet.<\/p>\n<p>Selbstverst\u00e4ndlich ist es gleichzeitig auch ein Abseilger\u00e4t.<\/p>\n<p>Dieses Reverso-\u00e4hnliche Sicherungsger\u00e4t ist endlich einmal ganz simpel. Keine Schn\u00f6rkel, keine Spielereien. Nur reine Funktion. D.h. nat\u00fcrlich auch automatisches Blockieren wenn der Nachsteiger das Ger\u00e4t belastet.<\/p>\n<p>Zudem kommt es mit nur 84 Gramm Gewicht daher. Dies macht es ideal f\u00fcr alpine Unternehmungen.<\/p>\n<p>Kurzum. Wer ein solides Sicherungsger\u00e4t f\u00fcr Mehrseill\u00e4ngen sucht ist hier richtig!<\/p>\n<h3>Eigenschaften Salewa Alpine Tuber<\/h3>\n<ul>\n<li>Hersteller: Salewa<\/li>\n<li>Material: Aluminium<\/li>\n<li>Gewicht: 84 Gramm<\/li>\n<li>Normen: EN 15151<\/li>\n<li>f\u00fcr Seile 7,7 &#8211; 11mm<\/li>\n<li>f\u00fcr Vor- und Nachstieg<\/li>\n<li>funktioniert mit allen Karabinern!<\/li>\n<li>tiefe Bremsrillen f\u00fcr kraftsparendes Abseilen<\/li>\n<li>Nase zum &#8220;anheben&#8221; und l\u00f6sen der Blockierfunktion im Nachstieg<\/li>\n<li>Sicherheitsmarkierungen f\u00fcr Rechts- und Linksh\u00e4nder<\/li>\n<\/ul>\n<h3>Salewa Alpine Tuber = klassisches Reverso<\/h3>\n<p>Dieses Sicherungsger\u00e4t z\u00e4hlt zu den klassischen Reverso-\u00e4hnlichen Ger\u00e4ten. Denn der Name des Marktf\u00fchrers hat sich hier gleich als Produktbezeichnung quasi durchgesetzt.<\/p>\n<p>D.h. es kann viele unterschiedliche Funktionen erf\u00fcllen. Zum einen das Sichern im Vorstieg mit Einfach-, Doppel- und Zwillingsseilen von 7,7 &#8211; 11mm.<\/p>\n<p>Und zum anderen das Sichern im Nachstieg von einem oder zwei Kletterern. Dabei gibt es nat\u00fcrlich die automatische Blockierfunktion unter Belastung.<\/p>\n<h3>Super Abseilger\u00e4t<\/h3>\n<p>Wir finden den Salewa Alpine Tuber deswegen so klasse, weil er super zum Abseilen ist. Denn die Bremsrillen sorgen auch bei d\u00fcnnen Seilen f\u00fcr kraftsparendes Ablassen. Dar\u00fcber hinaus klemmen aber dicke Seile nicht, weil die Dimensionen der Bremsschlitze gut designed sind.<\/p>\n<h3>Alle Karabiner verwendbar!<\/h3>\n<p>Der Salewa Alpine Tuber ist mit den Karabinern aller Hersteller verwendbar. Nat\u00fcrlich empfehlen einerseits wir f\u00fcr den Vorstiegs Modus einen gro\u00dfen <a href=\"https:\/\/bolting.eu\/produkt-kategorie\/karabiner-kletterkarabiner\/hms-karabiner\/\">HMS Karabiner<\/a>. Und andererseits f\u00fcr den Nachstiegs Modus einen <a href=\"https:\/\/bolting.eu\/produkt-kategorie\/karabiner-kletterkarabiner\/schraubkarabiner\/\">Schraubkarabiner<\/a> zum Fixieren im Zentralkarabiner, sowie einen Karabiner mit breitem und flachem Schenkel. z.B. einen Austrialpin Ovalo.<\/p>\n<h3>Austausch Salewa Alpine Tuber<\/h3>\n<p>Wie jedes andere Abseilger\u00e4t ist auch dieser Tuber starkem Abrieb ausgesetzt. Denn vor allem beim Alpinklettern kommt viel Schmutz ins Seil. D.h. nat\u00fcrlich entsprechenden Abrieb beim permanenten Abseilen.<\/p>\n<p>Folglich werden an den Einlass- und Auslass Stellen der Seile Abn\u00fctzungserscheinungen auftauchen. Je nach Intensit\u00e4t der Nutzung kann man damit einige Klettersaisonen gut leben. Ist der Abrieb aber zu gro\u00df, so wird die Reibung beim Sichern und Abseilen zu gering. Ihr m\u00fcsst das selber im Auge haben!<\/p>\n<p>Wir empfehlen: wenn ihr deutliche Ver\u00e4nderungen bei der Reibung mit eurem Standard Seil(en) fest stellt, scheidet das Sicherungsger\u00e4t aus!<\/p>\n<h4><strong>Link Tipp<\/strong><\/h4>\n<p>Im Folgenden findet ihr ein passenden <a href=\"https:\/\/www.youtube.com\/watch?v=x_blMJIPix4\" target=\"_blank\" rel=\"noopener noreferrer\">Video<\/a> zum Thema &#8220;Sicheres Abseilen mit Tube beim Alpinklettern&#8221;<\/p>\n<p>&nbsp;<\/p>\n<p>&nbsp;<\/p>\n","protected":false},"excerpt":{"rendered":"<ul>\n<li>Hersteller: <a href=\"https:\/\/bolting.eu\/produkt-kategorie\/salewa\/\">Salewa<\/a><\/li>\n<li>Material: Aluminium<\/li>\n<li>Gewicht: 84 Gramm<\/li>\n<li>Normen: EN 15151<\/li>\n<li>f\u00fcr Seile 7,7 &#8211; 11mm<\/li>\n<li>f\u00fcr Vor- und Nachstieg<\/li>\n<li>funktioniert mit allen Karabinern!<\/li>\n<li>tiefe Bremsrillen f\u00fcr kraftsparendes Abseilen<\/li>\n<\/ul>\n","protected":false},"featured_media":6344,"comment_status":"open","ping_status":"closed","template":"","meta":[],"product_brand":[],"product_cat":[29,14447,3711,4672],"product_tag":[],"class_list":{"0":"post-6343","1":"product","2":"type-product","3":"status-publish","4":"has-post-thumbnail","6":"product_cat-kletterausruestung","7":"product_cat-abseilgeraete","8":"product_cat-sicherungsgeraete-klettern","9":"product_cat-salewa","11":"first","12":"outofstock","13":"taxable","14":"shipping-taxable","15":"purchasable","16":"product-type-simple"},"yoast_head":"<!-- This site is optimized with the Yoast SEO Premium plugin v26.9 (Yoast SEO v26.9) - https:\/\/yoast.com\/product\/yoast-seo-premium-wordpress\/ -->\n<title>Salewa Alpine Tuber Sicherungsger\u00e4t g\u00fcnstig online kaufen | bolting.eu<\/title>\n<meta name=\"description\" content=\"Hier findest du den SALEWA ALPINE TUBER. Ein Sicherungsger\u00e4t f\u00fcr 7,7 - 11mm Einfach- und Doppelseile bzw. zum Vor- und Nachstieg Sichern!\" \/>\n<meta name=\"robots\" content=\"index, follow, max-snippet:-1, max-image-preview:large, max-video-preview:-1\" \/>\n<link rel=\"canonical\" href=\"https:\/\/bolting.eu\/en\/shop\/salewa-alpine-tuber\/\" \/>\n<meta property=\"og:locale\" content=\"en_US\" \/>\n<meta property=\"og:type\" content=\"article\" \/>\n<meta property=\"og:title\" content=\"Salewa Alpine Tuber\" \/>\n<meta property=\"og:description\" content=\"Hier findest du den SALEWA ALPINE TUBER. Ein Sicherungsger\u00e4t f\u00fcr 7,7 - 11mm Einfach- und Doppelseile bzw. zum Vor- und Nachstieg Sichern!\" \/>\n<meta property=\"og:url\" content=\"https:\/\/bolting.eu\/en\/shop\/salewa-alpine-tuber\/\" \/>\n<meta property=\"og:site_name\" content=\"bolting.eu\" \/>\n<meta property=\"article:publisher\" content=\"https:\/\/www.facebook.com\/bolting.eu\" \/>\n<meta property=\"article:modified_time\" content=\"2023-09-14T09:41:19+00:00\" \/>\n<meta property=\"og:image\" content=\"https:\/\/bolting.eu\/wp-content\/uploads\/2020\/11\/Salewa-Alpine-Tuber-2.jpg\" \/>\n\t<meta property=\"og:image:width\" content=\"700\" \/>\n\t<meta property=\"og:image:height\" content=\"700\" \/>\n\t<meta property=\"og:image:type\" content=\"image\/jpeg\" \/>\n<meta name=\"twitter:card\" content=\"summary_large_image\" \/>\n<meta name=\"twitter:label1\" content=\"Price\" \/>\n\t<meta name=\"twitter:data1\" content=\"&euro;&nbsp;24,90\" \/>\n\t<meta name=\"twitter:label2\" content=\"Availability\" \/>\n\t<meta name=\"twitter:data2\" content=\"Out of stock\" \/>\n<script type=\"application\/ld+json\" class=\"yoast-schema-graph\">{\"@context\":\"https:\/\/schema.org\",\"@graph\":[{\"@type\":[\"WebPage\",\"ItemPage\"],\"@id\":\"https:\/\/bolting.eu\/en\/shop\/salewa-alpine-tuber\/\",\"url\":\"https:\/\/bolting.eu\/en\/shop\/salewa-alpine-tuber\/\",\"name\":\"Salewa Alpine Tuber Sicherungsger\u00e4t g\u00fcnstig online kaufen | bolting.eu\",\"isPartOf\":{\"@id\":\"https:\/\/bolting.eu\/en\/#website\"},\"primaryImageOfPage\":{\"@id\":\"https:\/\/bolting.eu\/en\/shop\/salewa-alpine-tuber\/#primaryimage\"},\"image\":{\"@id\":\"https:\/\/bolting.eu\/en\/shop\/salewa-alpine-tuber\/#primaryimage\"},\"thumbnailUrl\":\"https:\/\/bolting.eu\/wp-content\/uploads\/2020\/11\/Salewa-Alpine-Tuber-2.jpg\",\"datePublished\":\"2020-11-21T13:49:48+00:00\",\"dateModified\":\"2023-09-14T09:41:19+00:00\",\"description\":\"Hier findest du den SALEWA ALPINE TUBER. Ein Sicherungsger\u00e4t f\u00fcr 7,7 - 11mm Einfach- und Doppelseile bzw. zum Vor- und Nachstieg Sichern!\",\"breadcrumb\":{\"@id\":\"https:\/\/bolting.eu\/en\/shop\/salewa-alpine-tuber\/#breadcrumb\"},\"inLanguage\":\"en-US\",\"potentialAction\":[{\"@type\":\"ReadAction\",\"target\":[\"https:\/\/bolting.eu\/en\/shop\/salewa-alpine-tuber\/\"]}]},{\"@type\":\"ImageObject\",\"inLanguage\":\"en-US\",\"@id\":\"https:\/\/bolting.eu\/en\/shop\/salewa-alpine-tuber\/#primaryimage\",\"url\":\"https:\/\/bolting.eu\/wp-content\/uploads\/2020\/11\/Salewa-Alpine-Tuber-2.jpg\",\"contentUrl\":\"https:\/\/bolting.eu\/wp-content\/uploads\/2020\/11\/Salewa-Alpine-Tuber-2.jpg\",\"width\":700,\"height\":700,\"caption\":\"Das Bild zeigt den Salewa Alpine Tuber. Das blaue Salewa Sicherungsger\u00e4t steht senkrecht in Bildmitte. Man erkennt die Bauform, den gelben Halteb\u00fcgel sowie alle Bremsschlitze und Markierungen.\"},{\"@type\":\"BreadcrumbList\",\"@id\":\"https:\/\/bolting.eu\/en\/shop\/salewa-alpine-tuber\/#breadcrumb\",\"itemListElement\":[{\"@type\":\"ListItem\",\"position\":1,\"name\":\"Shop\",\"item\":\"https:\/\/bolting.eu\/en\/shop\/\"},{\"@type\":\"ListItem\",\"position\":2,\"name\":\"Salewa\",\"item\":\"https:\/\/bolting.eu\/produkt-kategorie\/salewa\/\"},{\"@type\":\"ListItem\",\"position\":3,\"name\":\"Salewa Alpine Tuber\"}]},{\"@type\":\"WebSite\",\"@id\":\"https:\/\/bolting.eu\/en\/#website\",\"url\":\"https:\/\/bolting.eu\/en\/\",\"name\":\"bolting.eu\",\"description\":\"we make climbs happen\",\"publisher\":{\"@id\":\"https:\/\/bolting.eu\/en\/#organization\"},\"potentialAction\":[{\"@type\":\"SearchAction\",\"target\":{\"@type\":\"EntryPoint\",\"urlTemplate\":\"https:\/\/bolting.eu\/en\/?s={search_term_string}\"},\"query-input\":{\"@type\":\"PropertyValueSpecification\",\"valueRequired\":true,\"valueName\":\"search_term_string\"}}],\"inLanguage\":\"en-US\"},{\"@type\":[\"Organization\",\"Place\",\"SportingGoodsStore\"],\"@id\":\"https:\/\/bolting.eu\/en\/#organization\",\"name\":\"bolting.eu\",\"url\":\"https:\/\/bolting.eu\/en\/\",\"logo\":{\"@id\":\"https:\/\/bolting.eu\/en\/shop\/salewa-alpine-tuber\/#local-main-organization-logo\"},\"image\":{\"@id\":\"https:\/\/bolting.eu\/en\/shop\/salewa-alpine-tuber\/#local-main-organization-logo\"},\"sameAs\":[\"https:\/\/www.facebook.com\/bolting.eu\",\"https:\/\/www.instagram.com\/bolting.eu\/\"],\"address\":{\"@id\":\"https:\/\/bolting.eu\/en\/shop\/salewa-alpine-tuber\/#local-main-place-address\"},\"geo\":{\"@type\":\"GeoCoordinates\",\"latitude\":\"47.264176340396226\",\"longitude\":\"11.380109057672346\"},\"telephone\":[\"+43 699 19083372\"],\"openingHoursSpecification\":[{\"@type\":\"OpeningHoursSpecification\",\"dayOfWeek\":[\"Monday\",\"Wednesday\",\"Friday\"],\"opens\":\"14:00\",\"closes\":\"18:00\"},{\"@type\":\"OpeningHoursSpecification\",\"dayOfWeek\":[\"Tuesday\",\"Thursday\",\"Saturday\",\"Sunday\"],\"opens\":\"00:00\",\"closes\":\"00:00\"}],\"email\":\"office@bolting.eu\",\"vatID\":\"ATU59999728\",\"priceRange\":\"$$\",\"currenciesAccepted\":\"Euro\"},{\"@type\":\"PostalAddress\",\"@id\":\"https:\/\/bolting.eu\/en\/shop\/salewa-alpine-tuber\/#local-main-place-address\",\"streetAddress\":\"Fischnalerstra\u00dfe 4\",\"addressLocality\":\"Innsbruck\",\"postalCode\":\"6020\",\"addressRegion\":\"Tirol\",\"addressCountry\":\"AT\"},{\"@type\":\"ImageObject\",\"inLanguage\":\"en-US\",\"@id\":\"https:\/\/bolting.eu\/en\/shop\/salewa-alpine-tuber\/#local-main-organization-logo\",\"url\":\"https:\/\/bolting.eu\/wp-content\/uploads\/2019\/09\/bolting-logo.png\",\"contentUrl\":\"https:\/\/bolting.eu\/wp-content\/uploads\/2019\/09\/bolting-logo.png\",\"width\":400,\"height\":211,\"caption\":\"bolting.eu\"}]}<\/script>\n<meta property=\"product:price:amount\" content=\"24.90\" \/>\n<meta property=\"product:price:currency\" content=\"EUR\" \/>\n<meta property=\"og:availability\" content=\"out of stock\" \/>\n<meta property=\"product:availability\" content=\"out of stock\" \/>\n<meta property=\"product:retailer_item_id\" content=\"00-0000001484\" \/>\n<meta property=\"product:condition\" content=\"new\" \/>\n<meta name=\"geo.placename\" content=\"Innsbruck\" \/>\n<meta name=\"geo.position\" content=\"47.264176340396226;11.380109057672346\" \/>\n<meta name=\"geo.region\" content=\"Austria\" \/>\n<!-- \/ Yoast SEO Premium plugin. -->","yoast_head_json":{"title":"Salewa Alpine Tuber Sicherungsger\u00e4t g\u00fcnstig online kaufen | bolting.eu","description":"Hier findest du den SALEWA ALPINE TUBER. Ein Sicherungsger\u00e4t f\u00fcr 7,7 - 11mm Einfach- und Doppelseile bzw. zum Vor- und Nachstieg Sichern!","robots":{"index":"index","follow":"follow","max-snippet":"max-snippet:-1","max-image-preview":"max-image-preview:large","max-video-preview":"max-video-preview:-1"},"canonical":"https:\/\/bolting.eu\/en\/shop\/salewa-alpine-tuber\/","og_locale":"en_US","og_type":"article","og_title":"Salewa Alpine Tuber","og_description":"Hier findest du den SALEWA ALPINE TUBER. Ein Sicherungsger\u00e4t f\u00fcr 7,7 - 11mm Einfach- und Doppelseile bzw. zum Vor- und Nachstieg Sichern!","og_url":"https:\/\/bolting.eu\/en\/shop\/salewa-alpine-tuber\/","og_site_name":"bolting.eu","article_publisher":"https:\/\/www.facebook.com\/bolting.eu","article_modified_time":"2023-09-14T09:41:19+00:00","og_image":[{"width":700,"height":700,"url":"https:\/\/bolting.eu\/wp-content\/uploads\/2020\/11\/Salewa-Alpine-Tuber-2.jpg","type":"image\/jpeg"}],"twitter_card":"summary_large_image","twitter_misc":{"Price":"&euro;&nbsp;24,90","Availability":"Out of stock"},"schema":{"@context":"https:\/\/schema.org","@graph":[{"@type":["WebPage","ItemPage"],"@id":"https:\/\/bolting.eu\/en\/shop\/salewa-alpine-tuber\/","url":"https:\/\/bolting.eu\/en\/shop\/salewa-alpine-tuber\/","name":"Salewa Alpine Tuber Sicherungsger\u00e4t g\u00fcnstig online kaufen | bolting.eu","isPartOf":{"@id":"https:\/\/bolting.eu\/en\/#website"},"primaryImageOfPage":{"@id":"https:\/\/bolting.eu\/en\/shop\/salewa-alpine-tuber\/#primaryimage"},"image":{"@id":"https:\/\/bolting.eu\/en\/shop\/salewa-alpine-tuber\/#primaryimage"},"thumbnailUrl":"https:\/\/bolting.eu\/wp-content\/uploads\/2020\/11\/Salewa-Alpine-Tuber-2.jpg","datePublished":"2020-11-21T13:49:48+00:00","dateModified":"2023-09-14T09:41:19+00:00","description":"Hier findest du den SALEWA ALPINE TUBER. Ein Sicherungsger\u00e4t f\u00fcr 7,7 - 11mm Einfach- und Doppelseile bzw. zum Vor- und Nachstieg Sichern!","breadcrumb":{"@id":"https:\/\/bolting.eu\/en\/shop\/salewa-alpine-tuber\/#breadcrumb"},"inLanguage":"en-US","potentialAction":[{"@type":"ReadAction","target":["https:\/\/bolting.eu\/en\/shop\/salewa-alpine-tuber\/"]}]},{"@type":"ImageObject","inLanguage":"en-US","@id":"https:\/\/bolting.eu\/en\/shop\/salewa-alpine-tuber\/#primaryimage","url":"https:\/\/bolting.eu\/wp-content\/uploads\/2020\/11\/Salewa-Alpine-Tuber-2.jpg","contentUrl":"https:\/\/bolting.eu\/wp-content\/uploads\/2020\/11\/Salewa-Alpine-Tuber-2.jpg","width":700,"height":700,"caption":"Das Bild zeigt den Salewa Alpine Tuber. Das blaue Salewa Sicherungsger\u00e4t steht senkrecht in Bildmitte. Man erkennt die Bauform, den gelben Halteb\u00fcgel sowie alle Bremsschlitze und Markierungen."},{"@type":"BreadcrumbList","@id":"https:\/\/bolting.eu\/en\/shop\/salewa-alpine-tuber\/#breadcrumb","itemListElement":[{"@type":"ListItem","position":1,"name":"Shop","item":"https:\/\/bolting.eu\/en\/shop\/"},{"@type":"ListItem","position":2,"name":"Salewa","item":"https:\/\/bolting.eu\/produkt-kategorie\/salewa\/"},{"@type":"ListItem","position":3,"name":"Salewa Alpine Tuber"}]},{"@type":"WebSite","@id":"https:\/\/bolting.eu\/en\/#website","url":"https:\/\/bolting.eu\/en\/","name":"bolting.eu","description":"we make climbs happen","publisher":{"@id":"https:\/\/bolting.eu\/en\/#organization"},"potentialAction":[{"@type":"SearchAction","target":{"@type":"EntryPoint","urlTemplate":"https:\/\/bolting.eu\/en\/?s={search_term_string}"},"query-input":{"@type":"PropertyValueSpecification","valueRequired":true,"valueName":"search_term_string"}}],"inLanguage":"en-US"},{"@type":["Organization","Place","SportingGoodsStore"],"@id":"https:\/\/bolting.eu\/en\/#organization","name":"bolting.eu","url":"https:\/\/bolting.eu\/en\/","logo":{"@id":"https:\/\/bolting.eu\/en\/shop\/salewa-alpine-tuber\/#local-main-organization-logo"},"image":{"@id":"https:\/\/bolting.eu\/en\/shop\/salewa-alpine-tuber\/#local-main-organization-logo"},"sameAs":["https:\/\/www.facebook.com\/bolting.eu","https:\/\/www.instagram.com\/bolting.eu\/"],"address":{"@id":"https:\/\/bolting.eu\/en\/shop\/salewa-alpine-tuber\/#local-main-place-address"},"geo":{"@type":"GeoCoordinates","latitude":"47.264176340396226","longitude":"11.380109057672346"},"telephone":["+43 699 19083372"],"openingHoursSpecification":[{"@type":"OpeningHoursSpecification","dayOfWeek":["Monday","Wednesday","Friday"],"opens":"14:00","closes":"18:00"},{"@type":"OpeningHoursSpecification","dayOfWeek":["Tuesday","Thursday","Saturday","Sunday"],"opens":"00:00","closes":"00:00"}],"email":"office@bolting.eu","vatID":"ATU59999728","priceRange":"$$","currenciesAccepted":"Euro"},{"@type":"PostalAddress","@id":"https:\/\/bolting.eu\/en\/shop\/salewa-alpine-tuber\/#local-main-place-address","streetAddress":"Fischnalerstra\u00dfe 4","addressLocality":"Innsbruck","postalCode":"6020","addressRegion":"Tirol","addressCountry":"AT"},{"@type":"ImageObject","inLanguage":"en-US","@id":"https:\/\/bolting.eu\/en\/shop\/salewa-alpine-tuber\/#local-main-organization-logo","url":"https:\/\/bolting.eu\/wp-content\/uploads\/2019\/09\/bolting-logo.png","contentUrl":"https:\/\/bolting.eu\/wp-content\/uploads\/2019\/09\/bolting-logo.png","width":400,"height":211,"caption":"bolting.eu"}]},"product_price_amount":"24.90","product_price_currency":"EUR","og_availability":"out of stock","product_availability":"out of stock","product_retailer_item_id":"00-0000001484","product_condition":"new","geo.placename":"Innsbruck","geo.position":{"lat":"47.264176340396226","long":"11.380109057672346"},"geo.region":"Austria"},"_links":{"self":[{"href":"https:\/\/bolting.eu\/en\/wp-json\/wp\/v2\/product\/6343","targetHints":{"allow":["GET"]}}],"collection":[{"href":"https:\/\/bolting.eu\/en\/wp-json\/wp\/v2\/product"}],"about":[{"href":"https:\/\/bolting.eu\/en\/wp-json\/wp\/v2\/types\/product"}],"replies":[{"embeddable":true,"href":"https:\/\/bolting.eu\/en\/wp-json\/wp\/v2\/comments?post=6343"}],"wp:featuredmedia":[{"embeddable":true,"href":"https:\/\/bolting.eu\/en\/wp-json\/wp\/v2\/media\/6344"}],"wp:attachment":[{"href":"https:\/\/bolting.eu\/en\/wp-json\/wp\/v2\/media?parent=6343"}],"wp:term":[{"taxonomy":"product_brand","embeddable":true,"href":"https:\/\/bolting.eu\/en\/wp-json\/wp\/v2\/product_brand?post=6343"},{"taxonomy":"product_cat","embeddable":true,"href":"https:\/\/bolting.eu\/en\/wp-json\/wp\/v2\/product_cat?post=6343"},{"taxonomy":"product_tag","embeddable":true,"href":"https:\/\/bolting.eu\/en\/wp-json\/wp\/v2\/product_tag?post=6343"}],"curies":[{"name":"wp","href":"https:\/\/api.w.org\/{rel}","templated":true}]}}