{"id":6340,"date":"2020-11-21T13:58:27","date_gmt":"2020-11-21T12:58:27","guid":{"rendered":"https:\/\/bolting.eu\/?post_type=product&#038;p=6340"},"modified":"2025-10-09T19:31:13","modified_gmt":"2025-10-09T17:31:13","slug":"salewa-rock-hammer","status":"publish","type":"product","link":"https:\/\/bolting.eu\/en\/shop\/salewa-rock-hammer\/","title":{"rendered":"Salewa Rockhammer"},"content":{"rendered":"<p>Der Salewa Rock Hammer ist ein sehr guter Allround <a href=\"https:\/\/bolting.eu\/produkt-kategorie\/felshammer\/\">Felshammer<\/a>. Er zeichnet sich vor allem durch seine lange und schmale Nase aus. Folglich ist er zum einen extrem gut beim Entfernen von Haken. Und zum anderen auch perfekt f\u00fcr die <a href=\"https:\/\/bolting.eu\/produkt-kategorie\/felsreinigung\/\">Felsreinigung<\/a>. Denn mit ihm lassen sich besonders gut Risse, Ritzen und Schuppen putzen.<\/p>\n<p>Bei der Verwendung im alpinen Bereich ist er ideal f\u00fcr das regelm\u00e4\u00dfige Einschlagen von Haken. Denn mit seinen 580 Gramm Gewicht bekommt man einen sehr guten Zug zusammen. Nat\u00fcrlich mit dem kleinen Nachteil des etwas h\u00f6heren Gewichts.<\/p>\n<p>Kurzum. Du suchst einen etwas schwereren Felshammer mit daf\u00fcr auch mehr &#8220;Punch&#8221;? Dann kannst du diesen Hammer getrost kaufen. Er wird dir viel Freude bereiten!<\/p>\n<h2>Eigenschaften Salewa Rock Hammer<\/h2>\n<ul>\n<li>Hersteller: Salewa<\/li>\n<li>Material: Normstahl bzw. Kunststoff<\/li>\n<li>Gewicht: 580 Gramm<\/li>\n<li>L\u00e4nge: 27cm<\/li>\n<li>inkl. Fang-Schnur<\/li>\n<li>ideal f\u00fcr\u00b4s Alpinklettern<\/li>\n<li>perfekt zum Felsen putzen<\/li>\n<li>super &#8220;Zug&#8221;<\/li>\n<li>lange Spitze mit \u00d6se zum Entfernen von Haken<\/li>\n<li>Polyamid Schaft d\u00e4mpft die Vibrationen<\/li>\n<\/ul>\n<h3>Salewa Rock Hammer &#8211; mittlere Gewichtsklasse<\/h3>\n<p>Dieser Felshammer geh\u00f6rt definitiv zur mittleren Gewichtsklasse. D.h. er ist kein &#8220;leichter&#8221; Felshammer wie z.B. der <a href=\"https:\/\/bolting.eu\/shop\/kletterhammer-thunder-climbing-technology\/\">CT Thunder<\/a>. Aber er ist auch kein &#8220;schwerer&#8221; Big Wall Hammer wie der <a href=\"https:\/\/bolting.eu\/shop\/big-wall-hammer-kong-eagle\/\">Kong Eagle<\/a>.<\/p>\n<p>Dieses Modell befindet sich in der &#8220;goldenen Mitte&#8221;. D.h. es ist ein sehr gutes Allround Modell. Wer regelm\u00e4\u00dfig Normalhaken schl\u00e4gt oder entfernt wird eine gro\u00dfe Freude damit haben.<\/p>\n<h3>Perfekt f\u00fcr die Felsreinigung<\/h3>\n<p>Der Salewa Rock Hammer ist perfekt f\u00fcr die Felsreinigung. Denn dieser Felshammer ist einer der ganz wenigen mit einer so langen und schmalen Nase.<\/p>\n<p>Damit kommt man aber perfekt in Ritzen, Risse und hinter Schuppen. Dabei ist die Stahlh\u00e4rte offensichtlich recht hochwertig. D.h. die Spitze nutzt sich verh\u00e4ltnism\u00e4\u00dfig wenig ab.<\/p>\n<p>In Kombination mit dem sehr guten &#8220;Zug&#8221; dieses Hammer meinen wir daher. Eine absolute Empfehlung f\u00fcr Erschlie\u00dfer. Wer eine Kletterroute einrichten will, ist mit diesem Modell super beraten!<\/p>\n<h4><strong>Link Tipp<\/strong><\/h4>\n<p>Zum <a href=\"https:\/\/www.salewa.com\" target=\"_blank\" rel=\"noopener noreferrer\">Hersteller<\/a><\/p>\n<p>&nbsp;<\/p>\n","protected":false},"excerpt":{"rendered":"<p>Felshammer von Salewa f\u00fcr\u00b4s alpine Klettern und Routen putzen. Dieses Modell hat einen sehr guten Zug und vibrationsarmen, kunststoffbeschichteten Schaft.<\/p>\n<p>Die lange Spitze ist beliebt bei Erschlie\u00dfen, wenn es darum geht Felsritzen und Verschneidungen zu putzen.<\/p>\n<p>Versandkostenfrei bis 2kg in <img decoding=\"async\" class=\"emoji\" role=\"img\" draggable=\"false\" src=\"https:\/\/s.w.org\/images\/core\/emoji\/14.0.0\/svg\/1f1e6-1f1f9.svg\" alt=\"\ud83c\udde6\ud83c\uddf9\" \/> ab \u20ac 100,- und <img decoding=\"async\" class=\"emoji\" role=\"img\" draggable=\"false\" src=\"https:\/\/s.w.org\/images\/core\/emoji\/14.0.0\/svg\/1f1e9-1f1ea.svg\" alt=\"\ud83c\udde9\ud83c\uddea\" \/> ab \u20ac 200,-!<\/p>\n","protected":false},"featured_media":6341,"comment_status":"open","ping_status":"closed","template":"","meta":[],"product_brand":[],"product_cat":[38,1210,4672],"product_tag":[],"class_list":{"0":"post-6340","1":"product","2":"type-product","3":"status-publish","4":"has-post-thumbnail","6":"product_cat-felshammer","7":"product_cat-einbohrartikel","8":"product_cat-salewa","10":"first","11":"instock","12":"sale","13":"taxable","14":"shipping-taxable","15":"purchasable","16":"product-type-simple"},"yoast_head":"<!-- This site is optimized with the Yoast SEO Premium plugin v26.9 (Yoast SEO v26.9) - https:\/\/yoast.com\/product\/yoast-seo-premium-wordpress\/ -->\n<title>Salewa Rockhammer - Felshammer online kaufen | bolting.eu<\/title>\n<meta name=\"description\" content=\"SALEWA ROCK HAMMER - Felshammer beim Kletter Hardware Profi aus Innsbruck kaufen \u2705 kostenloser Versand* \u2705 14 Tage R\u00fcckgaberecht \u2705 Co2 neutraler Versand\" \/>\n<meta name=\"robots\" content=\"index, follow, max-snippet:-1, max-image-preview:large, max-video-preview:-1\" \/>\n<link rel=\"canonical\" href=\"https:\/\/bolting.eu\/en\/shop\/salewa-rock-hammer\/\" \/>\n<meta property=\"og:locale\" content=\"en_US\" \/>\n<meta property=\"og:type\" content=\"article\" \/>\n<meta property=\"og:title\" content=\"Salewa Rockhammer\" \/>\n<meta property=\"og:description\" content=\"SALEWA ROCK HAMMER - Felshammer beim Kletter Hardware Profi aus Innsbruck kaufen \u2705 kostenloser Versand* \u2705 14 Tage R\u00fcckgaberecht \u2705 Co2 neutraler Versand\" \/>\n<meta property=\"og:url\" content=\"https:\/\/bolting.eu\/en\/shop\/salewa-rock-hammer\/\" \/>\n<meta property=\"og:site_name\" content=\"bolting.eu\" \/>\n<meta property=\"article:publisher\" content=\"https:\/\/www.facebook.com\/bolting.eu\" \/>\n<meta property=\"article:modified_time\" content=\"2025-10-09T17:31:13+00:00\" \/>\n<meta property=\"og:image\" content=\"https:\/\/bolting.eu\/wp-content\/uploads\/2020\/11\/Salewa-Rock-Hammer-2.jpg\" \/>\n\t<meta property=\"og:image:width\" content=\"700\" \/>\n\t<meta property=\"og:image:height\" content=\"700\" \/>\n\t<meta property=\"og:image:type\" content=\"image\/jpeg\" \/>\n<meta name=\"twitter:card\" content=\"summary_large_image\" \/>\n<meta name=\"twitter:label1\" content=\"Price\" \/>\n\t<meta name=\"twitter:data1\" content=\"&euro;&nbsp;65,00\" \/>\n\t<meta name=\"twitter:label2\" content=\"Availability\" \/>\n\t<meta name=\"twitter:data2\" content=\"In stock\" \/>\n<script type=\"application\/ld+json\" class=\"yoast-schema-graph\">{\"@context\":\"https:\/\/schema.org\",\"@graph\":[{\"@type\":[\"WebPage\",\"ItemPage\"],\"@id\":\"https:\/\/bolting.eu\/en\/shop\/salewa-rock-hammer\/\",\"url\":\"https:\/\/bolting.eu\/en\/shop\/salewa-rock-hammer\/\",\"name\":\"Salewa Rockhammer - Felshammer online kaufen | bolting.eu\",\"isPartOf\":{\"@id\":\"https:\/\/bolting.eu\/en\/#website\"},\"primaryImageOfPage\":{\"@id\":\"https:\/\/bolting.eu\/en\/shop\/salewa-rock-hammer\/#primaryimage\"},\"image\":{\"@id\":\"https:\/\/bolting.eu\/en\/shop\/salewa-rock-hammer\/#primaryimage\"},\"thumbnailUrl\":\"https:\/\/bolting.eu\/wp-content\/uploads\/2020\/11\/Salewa-Rock-Hammer-2.jpg\",\"datePublished\":\"2020-11-21T12:58:27+00:00\",\"dateModified\":\"2025-10-09T17:31:13+00:00\",\"description\":\"SALEWA ROCK HAMMER - Felshammer beim Kletter Hardware Profi aus Innsbruck kaufen \u2705 kostenloser Versand* \u2705 14 Tage R\u00fcckgaberecht \u2705 Co2 neutraler Versand\",\"breadcrumb\":{\"@id\":\"https:\/\/bolting.eu\/en\/shop\/salewa-rock-hammer\/#breadcrumb\"},\"inLanguage\":\"en-US\",\"potentialAction\":[{\"@type\":\"ReadAction\",\"target\":[\"https:\/\/bolting.eu\/en\/shop\/salewa-rock-hammer\/\"]}]},{\"@type\":\"ImageObject\",\"inLanguage\":\"en-US\",\"@id\":\"https:\/\/bolting.eu\/en\/shop\/salewa-rock-hammer\/#primaryimage\",\"url\":\"https:\/\/bolting.eu\/wp-content\/uploads\/2020\/11\/Salewa-Rock-Hammer-2.jpg\",\"contentUrl\":\"https:\/\/bolting.eu\/wp-content\/uploads\/2020\/11\/Salewa-Rock-Hammer-2.jpg\",\"width\":700,\"height\":700,\"caption\":\"Das Bild zeigt den Salewa Rock Hammer in einem wei\u00dfem Quadrat. Der Felshammer mit gelber Stahlspitze und schwarzem Kunststoff Schaft steht in Bildmitte. Unten am Schaft ist eine gelb-schwarze Fangschnur montiert.\"},{\"@type\":\"BreadcrumbList\",\"@id\":\"https:\/\/bolting.eu\/en\/shop\/salewa-rock-hammer\/#breadcrumb\",\"itemListElement\":[{\"@type\":\"ListItem\",\"position\":1,\"name\":\"Shop\",\"item\":\"https:\/\/bolting.eu\/en\/shop\/\"},{\"@type\":\"ListItem\",\"position\":2,\"name\":\"bolting products\",\"item\":\"https:\/\/bolting.eu\/en\/produkt-kategorie\/bolting-products\/\"},{\"@type\":\"ListItem\",\"position\":3,\"name\":\"Rock hammer\",\"item\":\"https:\/\/bolting.eu\/en\/produkt-kategorie\/rock-hammer\/\"},{\"@type\":\"ListItem\",\"position\":4,\"name\":\"Salewa Rockhammer\"}]},{\"@type\":\"WebSite\",\"@id\":\"https:\/\/bolting.eu\/en\/#website\",\"url\":\"https:\/\/bolting.eu\/en\/\",\"name\":\"bolting.eu\",\"description\":\"we make climbs happen\",\"publisher\":{\"@id\":\"https:\/\/bolting.eu\/en\/#organization\"},\"potentialAction\":[{\"@type\":\"SearchAction\",\"target\":{\"@type\":\"EntryPoint\",\"urlTemplate\":\"https:\/\/bolting.eu\/en\/?s={search_term_string}\"},\"query-input\":{\"@type\":\"PropertyValueSpecification\",\"valueRequired\":true,\"valueName\":\"search_term_string\"}}],\"inLanguage\":\"en-US\"},{\"@type\":[\"Organization\",\"Place\",\"SportingGoodsStore\"],\"@id\":\"https:\/\/bolting.eu\/en\/#organization\",\"name\":\"bolting.eu\",\"url\":\"https:\/\/bolting.eu\/en\/\",\"logo\":{\"@id\":\"https:\/\/bolting.eu\/en\/shop\/salewa-rock-hammer\/#local-main-organization-logo\"},\"image\":{\"@id\":\"https:\/\/bolting.eu\/en\/shop\/salewa-rock-hammer\/#local-main-organization-logo\"},\"sameAs\":[\"https:\/\/www.facebook.com\/bolting.eu\",\"https:\/\/www.instagram.com\/bolting.eu\/\"],\"address\":{\"@id\":\"https:\/\/bolting.eu\/en\/shop\/salewa-rock-hammer\/#local-main-place-address\"},\"geo\":{\"@type\":\"GeoCoordinates\",\"latitude\":\"47.264176340396226\",\"longitude\":\"11.380109057672346\"},\"telephone\":[\"+43 699 19083372\"],\"openingHoursSpecification\":[{\"@type\":\"OpeningHoursSpecification\",\"dayOfWeek\":[\"Monday\",\"Wednesday\",\"Friday\"],\"opens\":\"14:00\",\"closes\":\"18:00\"},{\"@type\":\"OpeningHoursSpecification\",\"dayOfWeek\":[\"Tuesday\",\"Thursday\",\"Saturday\",\"Sunday\"],\"opens\":\"00:00\",\"closes\":\"00:00\"}],\"email\":\"office@bolting.eu\",\"vatID\":\"ATU59999728\",\"priceRange\":\"$$\",\"currenciesAccepted\":\"Euro\"},{\"@type\":\"PostalAddress\",\"@id\":\"https:\/\/bolting.eu\/en\/shop\/salewa-rock-hammer\/#local-main-place-address\",\"streetAddress\":\"Fischnalerstra\u00dfe 4\",\"addressLocality\":\"Innsbruck\",\"postalCode\":\"6020\",\"addressRegion\":\"Tirol\",\"addressCountry\":\"AT\"},{\"@type\":\"ImageObject\",\"inLanguage\":\"en-US\",\"@id\":\"https:\/\/bolting.eu\/en\/shop\/salewa-rock-hammer\/#local-main-organization-logo\",\"url\":\"https:\/\/bolting.eu\/wp-content\/uploads\/2019\/09\/bolting-logo.png\",\"contentUrl\":\"https:\/\/bolting.eu\/wp-content\/uploads\/2019\/09\/bolting-logo.png\",\"width\":400,\"height\":211,\"caption\":\"bolting.eu\"}]}<\/script>\n<meta property=\"product:price:amount\" content=\"65.00\" \/>\n<meta property=\"product:price:currency\" content=\"EUR\" \/>\n<meta property=\"og:availability\" content=\"instock\" \/>\n<meta property=\"product:availability\" content=\"instock\" \/>\n<meta property=\"product:retailer_item_id\" content=\"1160\" \/>\n<meta property=\"product:condition\" content=\"new\" \/>\n<meta name=\"geo.placename\" content=\"Innsbruck\" \/>\n<meta name=\"geo.position\" content=\"47.264176340396226;11.380109057672346\" \/>\n<meta name=\"geo.region\" content=\"Austria\" \/>\n<!-- \/ Yoast SEO Premium plugin. -->","yoast_head_json":{"title":"Salewa Rockhammer - Felshammer online kaufen | bolting.eu","description":"SALEWA ROCK HAMMER - Felshammer beim Kletter Hardware Profi aus Innsbruck kaufen \u2705 kostenloser Versand* \u2705 14 Tage R\u00fcckgaberecht \u2705 Co2 neutraler Versand","robots":{"index":"index","follow":"follow","max-snippet":"max-snippet:-1","max-image-preview":"max-image-preview:large","max-video-preview":"max-video-preview:-1"},"canonical":"https:\/\/bolting.eu\/en\/shop\/salewa-rock-hammer\/","og_locale":"en_US","og_type":"article","og_title":"Salewa Rockhammer","og_description":"SALEWA ROCK HAMMER - Felshammer beim Kletter Hardware Profi aus Innsbruck kaufen \u2705 kostenloser Versand* \u2705 14 Tage R\u00fcckgaberecht \u2705 Co2 neutraler Versand","og_url":"https:\/\/bolting.eu\/en\/shop\/salewa-rock-hammer\/","og_site_name":"bolting.eu","article_publisher":"https:\/\/www.facebook.com\/bolting.eu","article_modified_time":"2025-10-09T17:31:13+00:00","og_image":[{"width":700,"height":700,"url":"https:\/\/bolting.eu\/wp-content\/uploads\/2020\/11\/Salewa-Rock-Hammer-2.jpg","type":"image\/jpeg"}],"twitter_card":"summary_large_image","twitter_misc":{"Price":"&euro;&nbsp;65,00","Availability":"In stock"},"schema":{"@context":"https:\/\/schema.org","@graph":[{"@type":["WebPage","ItemPage"],"@id":"https:\/\/bolting.eu\/en\/shop\/salewa-rock-hammer\/","url":"https:\/\/bolting.eu\/en\/shop\/salewa-rock-hammer\/","name":"Salewa Rockhammer - Felshammer online kaufen | bolting.eu","isPartOf":{"@id":"https:\/\/bolting.eu\/en\/#website"},"primaryImageOfPage":{"@id":"https:\/\/bolting.eu\/en\/shop\/salewa-rock-hammer\/#primaryimage"},"image":{"@id":"https:\/\/bolting.eu\/en\/shop\/salewa-rock-hammer\/#primaryimage"},"thumbnailUrl":"https:\/\/bolting.eu\/wp-content\/uploads\/2020\/11\/Salewa-Rock-Hammer-2.jpg","datePublished":"2020-11-21T12:58:27+00:00","dateModified":"2025-10-09T17:31:13+00:00","description":"SALEWA ROCK HAMMER - Felshammer beim Kletter Hardware Profi aus Innsbruck kaufen \u2705 kostenloser Versand* \u2705 14 Tage R\u00fcckgaberecht \u2705 Co2 neutraler Versand","breadcrumb":{"@id":"https:\/\/bolting.eu\/en\/shop\/salewa-rock-hammer\/#breadcrumb"},"inLanguage":"en-US","potentialAction":[{"@type":"ReadAction","target":["https:\/\/bolting.eu\/en\/shop\/salewa-rock-hammer\/"]}]},{"@type":"ImageObject","inLanguage":"en-US","@id":"https:\/\/bolting.eu\/en\/shop\/salewa-rock-hammer\/#primaryimage","url":"https:\/\/bolting.eu\/wp-content\/uploads\/2020\/11\/Salewa-Rock-Hammer-2.jpg","contentUrl":"https:\/\/bolting.eu\/wp-content\/uploads\/2020\/11\/Salewa-Rock-Hammer-2.jpg","width":700,"height":700,"caption":"Das Bild zeigt den Salewa Rock Hammer in einem wei\u00dfem Quadrat. Der Felshammer mit gelber Stahlspitze und schwarzem Kunststoff Schaft steht in Bildmitte. Unten am Schaft ist eine gelb-schwarze Fangschnur montiert."},{"@type":"BreadcrumbList","@id":"https:\/\/bolting.eu\/en\/shop\/salewa-rock-hammer\/#breadcrumb","itemListElement":[{"@type":"ListItem","position":1,"name":"Shop","item":"https:\/\/bolting.eu\/en\/shop\/"},{"@type":"ListItem","position":2,"name":"bolting products","item":"https:\/\/bolting.eu\/en\/produkt-kategorie\/bolting-products\/"},{"@type":"ListItem","position":3,"name":"Rock hammer","item":"https:\/\/bolting.eu\/en\/produkt-kategorie\/rock-hammer\/"},{"@type":"ListItem","position":4,"name":"Salewa Rockhammer"}]},{"@type":"WebSite","@id":"https:\/\/bolting.eu\/en\/#website","url":"https:\/\/bolting.eu\/en\/","name":"bolting.eu","description":"we make climbs happen","publisher":{"@id":"https:\/\/bolting.eu\/en\/#organization"},"potentialAction":[{"@type":"SearchAction","target":{"@type":"EntryPoint","urlTemplate":"https:\/\/bolting.eu\/en\/?s={search_term_string}"},"query-input":{"@type":"PropertyValueSpecification","valueRequired":true,"valueName":"search_term_string"}}],"inLanguage":"en-US"},{"@type":["Organization","Place","SportingGoodsStore"],"@id":"https:\/\/bolting.eu\/en\/#organization","name":"bolting.eu","url":"https:\/\/bolting.eu\/en\/","logo":{"@id":"https:\/\/bolting.eu\/en\/shop\/salewa-rock-hammer\/#local-main-organization-logo"},"image":{"@id":"https:\/\/bolting.eu\/en\/shop\/salewa-rock-hammer\/#local-main-organization-logo"},"sameAs":["https:\/\/www.facebook.com\/bolting.eu","https:\/\/www.instagram.com\/bolting.eu\/"],"address":{"@id":"https:\/\/bolting.eu\/en\/shop\/salewa-rock-hammer\/#local-main-place-address"},"geo":{"@type":"GeoCoordinates","latitude":"47.264176340396226","longitude":"11.380109057672346"},"telephone":["+43 699 19083372"],"openingHoursSpecification":[{"@type":"OpeningHoursSpecification","dayOfWeek":["Monday","Wednesday","Friday"],"opens":"14:00","closes":"18:00"},{"@type":"OpeningHoursSpecification","dayOfWeek":["Tuesday","Thursday","Saturday","Sunday"],"opens":"00:00","closes":"00:00"}],"email":"office@bolting.eu","vatID":"ATU59999728","priceRange":"$$","currenciesAccepted":"Euro"},{"@type":"PostalAddress","@id":"https:\/\/bolting.eu\/en\/shop\/salewa-rock-hammer\/#local-main-place-address","streetAddress":"Fischnalerstra\u00dfe 4","addressLocality":"Innsbruck","postalCode":"6020","addressRegion":"Tirol","addressCountry":"AT"},{"@type":"ImageObject","inLanguage":"en-US","@id":"https:\/\/bolting.eu\/en\/shop\/salewa-rock-hammer\/#local-main-organization-logo","url":"https:\/\/bolting.eu\/wp-content\/uploads\/2019\/09\/bolting-logo.png","contentUrl":"https:\/\/bolting.eu\/wp-content\/uploads\/2019\/09\/bolting-logo.png","width":400,"height":211,"caption":"bolting.eu"}]},"product_price_amount":"65.00","product_price_currency":"EUR","og_availability":"instock","product_availability":"instock","product_retailer_item_id":"1160","product_condition":"new","geo.placename":"Innsbruck","geo.position":{"lat":"47.264176340396226","long":"11.380109057672346"},"geo.region":"Austria"},"_links":{"self":[{"href":"https:\/\/bolting.eu\/en\/wp-json\/wp\/v2\/product\/6340","targetHints":{"allow":["GET"]}}],"collection":[{"href":"https:\/\/bolting.eu\/en\/wp-json\/wp\/v2\/product"}],"about":[{"href":"https:\/\/bolting.eu\/en\/wp-json\/wp\/v2\/types\/product"}],"replies":[{"embeddable":true,"href":"https:\/\/bolting.eu\/en\/wp-json\/wp\/v2\/comments?post=6340"}],"wp:featuredmedia":[{"embeddable":true,"href":"https:\/\/bolting.eu\/en\/wp-json\/wp\/v2\/media\/6341"}],"wp:attachment":[{"href":"https:\/\/bolting.eu\/en\/wp-json\/wp\/v2\/media?parent=6340"}],"wp:term":[{"taxonomy":"product_brand","embeddable":true,"href":"https:\/\/bolting.eu\/en\/wp-json\/wp\/v2\/product_brand?post=6340"},{"taxonomy":"product_cat","embeddable":true,"href":"https:\/\/bolting.eu\/en\/wp-json\/wp\/v2\/product_cat?post=6340"},{"taxonomy":"product_tag","embeddable":true,"href":"https:\/\/bolting.eu\/en\/wp-json\/wp\/v2\/product_tag?post=6340"}],"curies":[{"name":"wp","href":"https:\/\/api.w.org\/{rel}","templated":true}]}}