{"id":6316,"date":"2020-11-20T18:17:26","date_gmt":"2020-11-20T17:17:26","guid":{"rendered":"https:\/\/bolting.eu\/?post_type=product&#038;p=6316"},"modified":"2024-11-20T10:23:17","modified_gmt":"2024-11-20T09:23:17","slug":"rockit-schrauber-austrialpin-eloxiert","status":"publish","type":"product","link":"https:\/\/bolting.eu\/en\/shop\/rockit-schrauber-austrialpin-eloxiert\/","title":{"rendered":"Rockit Schrauber Austrialpin eloxiert"},"content":{"rendered":"<p>Der Rockit Schrauber eloxiert von Austrialpin ist ein leichter Zusatzkarabiner.<\/p>\n<p>Dieser kleine und leichte Schrauber vervollst\u00e4ndigt eine jede <a href=\"https:\/\/bolting.eu\/kletterausruestung\/\">Kletterausr\u00fcstung<\/a>. Denn er ist f\u00fcr alle Sicherheitsverbindungen zust\u00e4ndig bei denen es keine gro\u00dfen HMS Karabiner bedarf!<\/p>\n<p>Beispielsweise ist das eine Selbstsicherung am Stand oder das Einh\u00e4ngen einer <a href=\"https:\/\/bolting.eu\/produkt-kategorie\/bandschlinge\/\">Bandschlinge<\/a> in einem Fixpunkt.<\/p>\n<p>Der Karabiner zeichnet sich unserer Meinung nach durch diese Eigenschaften aus. Erstens ist sowohl seine Gr\u00f6\u00dfe als auch sein Gewicht top. Wenn es nur darum geht sichere Verbindungen mit einem Schrauber herzustellen, erf\u00fcllt er das perfekt!<\/p>\n<p>Zweitens hat er eine angenehme Gr\u00f6\u00dfe. D.h. er ist auch nicht zu klein. Folglich liegt er gut in der Hand und garantiert ein angenehmes Handling. Drittens ist der Preis f\u00fcr diesen eloxierten Karabiner echt top!<\/p>\n<p>Kurzum. Ein kleiner und leichter Zusatz Schraubkarabiner zum top Preis!<\/p>\n<h2>Eigenschaften Rockit Schrauber eloxiert<\/h2>\n<ul>\n<li>Hersteller: <a href=\"https:\/\/bolting.eu\/produkt-kategorie\/austrialpin\/\">Austrialpin<\/a><\/li>\n<li>Material: Aluminium eloxiert<\/li>\n<li>Farbe: azurblau<\/li>\n<li><a href=\"https:\/\/bolting.eu\/en-12275-norm\/\">EN Norm 12275<\/a>, <a href=\"https:\/\/bolting.eu\/en-362-norm\/\">EN 362<\/a>, UIAA 121<\/li>\n<li>Verschluss: Schrauberverschluss<\/li>\n<li>Bruchlasten 26kN l\u00e4ngs \/ 10kN offen \/ 10 kN Querachse<\/li>\n<li>Gr\u00f6\u00dfe 98 x 59mm<\/li>\n<li>Schnapper\u00f6ffnung: 19mm<\/li>\n<li>Gewicht: 63 Gramm<\/li>\n<li>Made in Austria<\/li>\n<\/ul>\n<h3>Perfekter Zusatz &#8211; Schrauber<\/h3>\n<p>Der eloxierte Rockit Schrauber von Austrialpin ist perfekt als zus\u00e4tzlicher Schrauber. Denn er ist sowohl leicht als auch klein. D.h. mit ihm kann man alle n\u00f6tigen Sicherheitverbindungen herstellen, f\u00fcr welche kein gro\u00dfer und schwerer <a href=\"https:\/\/bolting.eu\/produkt-kategorie\/kletterausruestung\/kletterkarabiner\/hms-karabiner\/\">HMS Karabiner<\/a> n\u00f6tig ist.<\/p>\n<p>Wie beispielsweise:<\/p>\n<ul>\n<li>Verbindung Fixpunkt zu Bandschlinge<\/li>\n<li>Selbstsicherung am Umlenker-Kettenstand<\/li>\n<li>Einh\u00e4ngen des Sicherungsger\u00e4tes wie <a href=\"https:\/\/bolting.eu\/shop\/petzl-reverso\/\">Reverso<\/a>, Be-Up, Jul und <a href=\"https:\/\/bolting.eu\/shop\/dmm-pivot-sicherungsgeraet\/\">DMM Pivot<\/a> im Zentralkarabiner<\/li>\n<li>R\u00fccksicherung Fixseil<\/li>\n<li>etc.<\/li>\n<\/ul>\n<p>Folglich geh\u00f6ren zu einer vollst\u00e4ndigen Kletterausr\u00fcstung 2-3 St\u00fcck eines Schraubers dieser Dimension.<\/p>\n<h3>Pflegetipp<\/h3>\n<p>Ihr solltet Euren eloxierten Rockit Schrauber ab und zu mal mit lauwarmen Wasser waschen. Das sp\u00fclt Staub und Schmutz aus dem Schnappergelenk. Danach empfiehlt es sich das Gelenk zu mit einem <a href=\"https:\/\/bolting.eu\/shop\/kong-kletterausruestung-pflegeoel\/\">Kletterausr\u00fcstung Pflege\u00f6l<\/a> einzuschmieren. Somit ist die ordentliche Klipp Funktion wieder gew\u00e4hrleistet!<\/p>\n<h4><strong>Link Tipp<\/strong><\/h4>\n<p>Wer mehr \u00fcber Karabiner wissen will, kann sich mal das folgende <a href=\"https:\/\/youtu.be\/wTtlQV6SFIs\" target=\"_blank\" rel=\"noopener noreferrer\">Video Tutoril<\/a> ansehen. Darum geht es um das Thema Karabiner, seine Formen und Bezeichnungen.<\/p>\n","protected":false},"excerpt":{"rendered":"<p>Kleiner Schraubkarabiner in D-Form. Ideal als leichtes Verbindungsmittel und zus\u00e4tzlicher Schrauber.<\/p>\n<p>100% made in Austria!<\/p>\n<p>Versandkostenfrei bis 2kg in <img decoding=\"async\" class=\"emoji\" role=\"img\" draggable=\"false\" src=\"https:\/\/s.w.org\/images\/core\/emoji\/14.0.0\/svg\/1f1e6-1f1f9.svg\" alt=\"\ud83c\udde6\ud83c\uddf9\" \/> ab \u20ac 100,- und <img decoding=\"async\" class=\"emoji\" role=\"img\" draggable=\"false\" src=\"https:\/\/s.w.org\/images\/core\/emoji\/14.0.0\/svg\/1f1e9-1f1ea.svg\" alt=\"\ud83c\udde9\ud83c\uddea\" \/> ab \u20ac 200,-!<\/p>\n","protected":false},"featured_media":6317,"comment_status":"open","ping_status":"closed","template":"","meta":[],"product_brand":[],"product_cat":[4649,13923,44,3009],"product_tag":[],"class_list":{"0":"post-6316","1":"product","2":"type-product","3":"status-publish","4":"has-post-thumbnail","6":"product_cat-austrialpin","7":"product_cat-austrialpin-rockit","8":"product_cat-kletterkarabiner","9":"product_cat-schraubkarabiner","11":"first","12":"instock","13":"taxable","14":"shipping-taxable","15":"purchasable","16":"product-type-simple"},"yoast_head":"<!-- This site is optimized with the Yoast SEO Premium plugin v26.9 (Yoast SEO v26.9) - https:\/\/yoast.com\/product\/yoast-seo-premium-wordpress\/ -->\n<title>Rockit Schrauber Austrialpin eloxiert | bolting.eu<\/title>\n<meta name=\"description\" content=\"Hier findest du den AUSTRIALPIN ROCKIT SCHRAUBER ELOXIERT. Einen kleinen und leichten Schraubkarabiner f\u00fcr alle alpinen Sportarten!\" \/>\n<meta name=\"robots\" content=\"index, follow, max-snippet:-1, max-image-preview:large, max-video-preview:-1\" \/>\n<link rel=\"canonical\" href=\"https:\/\/bolting.eu\/en\/shop\/rockit-schrauber-austrialpin-eloxiert\/\" \/>\n<meta property=\"og:locale\" content=\"en_US\" \/>\n<meta property=\"og:type\" content=\"article\" \/>\n<meta property=\"og:title\" content=\"Rockit Schrauber Austrialpin eloxiert\" \/>\n<meta property=\"og:description\" content=\"Hier findest du den AUSTRIALPIN ROCKIT SCHRAUBER ELOXIERT. Einen kleinen und leichten Schraubkarabiner f\u00fcr alle alpinen Sportarten!\" \/>\n<meta property=\"og:url\" content=\"https:\/\/bolting.eu\/en\/shop\/rockit-schrauber-austrialpin-eloxiert\/\" \/>\n<meta property=\"og:site_name\" content=\"bolting.eu\" \/>\n<meta property=\"article:publisher\" content=\"https:\/\/www.facebook.com\/bolting.eu\" \/>\n<meta property=\"article:modified_time\" content=\"2024-11-20T09:23:17+00:00\" \/>\n<meta property=\"og:image\" content=\"https:\/\/bolting.eu\/wp-content\/uploads\/2020\/11\/Austrialpin-Rockit-Schrauber-eloxiert-1.jpg\" \/>\n\t<meta property=\"og:image:width\" content=\"700\" \/>\n\t<meta property=\"og:image:height\" content=\"700\" \/>\n\t<meta property=\"og:image:type\" content=\"image\/jpeg\" \/>\n<meta name=\"twitter:card\" content=\"summary_large_image\" \/>\n<meta name=\"twitter:label1\" content=\"Price\" \/>\n\t<meta name=\"twitter:data1\" content=\"&euro;&nbsp;12,70\" \/>\n\t<meta name=\"twitter:label2\" content=\"Availability\" \/>\n\t<meta name=\"twitter:data2\" content=\"In stock\" \/>\n<script type=\"application\/ld+json\" class=\"yoast-schema-graph\">{\"@context\":\"https:\/\/schema.org\",\"@graph\":[{\"@type\":[\"WebPage\",\"ItemPage\"],\"@id\":\"https:\/\/bolting.eu\/en\/shop\/rockit-schrauber-austrialpin-eloxiert\/\",\"url\":\"https:\/\/bolting.eu\/en\/shop\/rockit-schrauber-austrialpin-eloxiert\/\",\"name\":\"Rockit Schrauber Austrialpin eloxiert | bolting.eu\",\"isPartOf\":{\"@id\":\"https:\/\/bolting.eu\/en\/#website\"},\"primaryImageOfPage\":{\"@id\":\"https:\/\/bolting.eu\/en\/shop\/rockit-schrauber-austrialpin-eloxiert\/#primaryimage\"},\"image\":{\"@id\":\"https:\/\/bolting.eu\/en\/shop\/rockit-schrauber-austrialpin-eloxiert\/#primaryimage\"},\"thumbnailUrl\":\"https:\/\/bolting.eu\/wp-content\/uploads\/2020\/11\/Austrialpin-Rockit-Schrauber-eloxiert-1.jpg\",\"datePublished\":\"2020-11-20T17:17:26+00:00\",\"dateModified\":\"2024-11-20T09:23:17+00:00\",\"description\":\"Hier findest du den AUSTRIALPIN ROCKIT SCHRAUBER ELOXIERT. Einen kleinen und leichten Schraubkarabiner f\u00fcr alle alpinen Sportarten!\",\"breadcrumb\":{\"@id\":\"https:\/\/bolting.eu\/en\/shop\/rockit-schrauber-austrialpin-eloxiert\/#breadcrumb\"},\"inLanguage\":\"en-US\",\"potentialAction\":[{\"@type\":\"ReadAction\",\"target\":[\"https:\/\/bolting.eu\/en\/shop\/rockit-schrauber-austrialpin-eloxiert\/\"]}]},{\"@type\":\"ImageObject\",\"inLanguage\":\"en-US\",\"@id\":\"https:\/\/bolting.eu\/en\/shop\/rockit-schrauber-austrialpin-eloxiert\/#primaryimage\",\"url\":\"https:\/\/bolting.eu\/wp-content\/uploads\/2020\/11\/Austrialpin-Rockit-Schrauber-eloxiert-1.jpg\",\"contentUrl\":\"https:\/\/bolting.eu\/wp-content\/uploads\/2020\/11\/Austrialpin-Rockit-Schrauber-eloxiert-1.jpg\",\"width\":700,\"height\":700,\"caption\":\"Das Bild zeigt den Austrialpin Rockit Schrauber eloxiert. Der blaue Schraubkarabiner ist in Bildmitte zu sehen. Er steht aufrecht im Bild und hat den Schnapper links.\"},{\"@type\":\"BreadcrumbList\",\"@id\":\"https:\/\/bolting.eu\/en\/shop\/rockit-schrauber-austrialpin-eloxiert\/#breadcrumb\",\"itemListElement\":[{\"@type\":\"ListItem\",\"position\":1,\"name\":\"Shop\",\"item\":\"https:\/\/bolting.eu\/en\/shop\/\"},{\"@type\":\"ListItem\",\"position\":2,\"name\":\"climbing equipment\",\"item\":\"https:\/\/bolting.eu\/en\/produkt-kategorie\/climbing-equipment\/\"},{\"@type\":\"ListItem\",\"position\":3,\"name\":\"Climbing carabiner\",\"item\":\"https:\/\/bolting.eu\/en\/produkt-kategorie\/climbing-carabiner\/\"},{\"@type\":\"ListItem\",\"position\":4,\"name\":\"Schraubkarabiner\",\"item\":\"https:\/\/bolting.eu\/produkt-kategorie\/kletterausruestung\/kletterkarabiner\/schraubkarabiner\/\"},{\"@type\":\"ListItem\",\"position\":5,\"name\":\"Rockit Schrauber Austrialpin eloxiert\"}]},{\"@type\":\"WebSite\",\"@id\":\"https:\/\/bolting.eu\/en\/#website\",\"url\":\"https:\/\/bolting.eu\/en\/\",\"name\":\"bolting.eu\",\"description\":\"we make climbs happen\",\"publisher\":{\"@id\":\"https:\/\/bolting.eu\/en\/#organization\"},\"potentialAction\":[{\"@type\":\"SearchAction\",\"target\":{\"@type\":\"EntryPoint\",\"urlTemplate\":\"https:\/\/bolting.eu\/en\/?s={search_term_string}\"},\"query-input\":{\"@type\":\"PropertyValueSpecification\",\"valueRequired\":true,\"valueName\":\"search_term_string\"}}],\"inLanguage\":\"en-US\"},{\"@type\":[\"Organization\",\"Place\",\"SportingGoodsStore\"],\"@id\":\"https:\/\/bolting.eu\/en\/#organization\",\"name\":\"bolting.eu\",\"url\":\"https:\/\/bolting.eu\/en\/\",\"logo\":{\"@id\":\"https:\/\/bolting.eu\/en\/shop\/rockit-schrauber-austrialpin-eloxiert\/#local-main-organization-logo\"},\"image\":{\"@id\":\"https:\/\/bolting.eu\/en\/shop\/rockit-schrauber-austrialpin-eloxiert\/#local-main-organization-logo\"},\"sameAs\":[\"https:\/\/www.facebook.com\/bolting.eu\",\"https:\/\/www.instagram.com\/bolting.eu\/\"],\"address\":{\"@id\":\"https:\/\/bolting.eu\/en\/shop\/rockit-schrauber-austrialpin-eloxiert\/#local-main-place-address\"},\"geo\":{\"@type\":\"GeoCoordinates\",\"latitude\":\"47.264176340396226\",\"longitude\":\"11.380109057672346\"},\"telephone\":[\"+43 699 19083372\"],\"openingHoursSpecification\":[{\"@type\":\"OpeningHoursSpecification\",\"dayOfWeek\":[\"Monday\",\"Wednesday\",\"Friday\"],\"opens\":\"14:00\",\"closes\":\"18:00\"},{\"@type\":\"OpeningHoursSpecification\",\"dayOfWeek\":[\"Tuesday\",\"Thursday\",\"Saturday\",\"Sunday\"],\"opens\":\"00:00\",\"closes\":\"00:00\"}],\"email\":\"office@bolting.eu\",\"vatID\":\"ATU59999728\",\"priceRange\":\"$$\",\"currenciesAccepted\":\"Euro\"},{\"@type\":\"PostalAddress\",\"@id\":\"https:\/\/bolting.eu\/en\/shop\/rockit-schrauber-austrialpin-eloxiert\/#local-main-place-address\",\"streetAddress\":\"Fischnalerstra\u00dfe 4\",\"addressLocality\":\"Innsbruck\",\"postalCode\":\"6020\",\"addressRegion\":\"Tirol\",\"addressCountry\":\"AT\"},{\"@type\":\"ImageObject\",\"inLanguage\":\"en-US\",\"@id\":\"https:\/\/bolting.eu\/en\/shop\/rockit-schrauber-austrialpin-eloxiert\/#local-main-organization-logo\",\"url\":\"https:\/\/bolting.eu\/wp-content\/uploads\/2019\/09\/bolting-logo.png\",\"contentUrl\":\"https:\/\/bolting.eu\/wp-content\/uploads\/2019\/09\/bolting-logo.png\",\"width\":400,\"height\":211,\"caption\":\"bolting.eu\"}]}<\/script>\n<meta property=\"product:price:amount\" content=\"12.70\" \/>\n<meta property=\"product:price:currency\" content=\"EUR\" \/>\n<meta property=\"og:availability\" content=\"instock\" \/>\n<meta property=\"product:availability\" content=\"instock\" \/>\n<meta property=\"product:retailer_item_id\" content=\"KG13B-B-ID\" \/>\n<meta property=\"product:condition\" content=\"new\" \/>\n<meta name=\"geo.placename\" content=\"Innsbruck\" \/>\n<meta name=\"geo.position\" content=\"47.264176340396226;11.380109057672346\" \/>\n<meta name=\"geo.region\" content=\"Austria\" \/>\n<!-- \/ Yoast SEO Premium plugin. -->","yoast_head_json":{"title":"Rockit Schrauber Austrialpin eloxiert | bolting.eu","description":"Hier findest du den AUSTRIALPIN ROCKIT SCHRAUBER ELOXIERT. Einen kleinen und leichten Schraubkarabiner f\u00fcr alle alpinen Sportarten!","robots":{"index":"index","follow":"follow","max-snippet":"max-snippet:-1","max-image-preview":"max-image-preview:large","max-video-preview":"max-video-preview:-1"},"canonical":"https:\/\/bolting.eu\/en\/shop\/rockit-schrauber-austrialpin-eloxiert\/","og_locale":"en_US","og_type":"article","og_title":"Rockit Schrauber Austrialpin eloxiert","og_description":"Hier findest du den AUSTRIALPIN ROCKIT SCHRAUBER ELOXIERT. Einen kleinen und leichten Schraubkarabiner f\u00fcr alle alpinen Sportarten!","og_url":"https:\/\/bolting.eu\/en\/shop\/rockit-schrauber-austrialpin-eloxiert\/","og_site_name":"bolting.eu","article_publisher":"https:\/\/www.facebook.com\/bolting.eu","article_modified_time":"2024-11-20T09:23:17+00:00","og_image":[{"width":700,"height":700,"url":"https:\/\/bolting.eu\/wp-content\/uploads\/2020\/11\/Austrialpin-Rockit-Schrauber-eloxiert-1.jpg","type":"image\/jpeg"}],"twitter_card":"summary_large_image","twitter_misc":{"Price":"&euro;&nbsp;12,70","Availability":"In stock"},"schema":{"@context":"https:\/\/schema.org","@graph":[{"@type":["WebPage","ItemPage"],"@id":"https:\/\/bolting.eu\/en\/shop\/rockit-schrauber-austrialpin-eloxiert\/","url":"https:\/\/bolting.eu\/en\/shop\/rockit-schrauber-austrialpin-eloxiert\/","name":"Rockit Schrauber Austrialpin eloxiert | bolting.eu","isPartOf":{"@id":"https:\/\/bolting.eu\/en\/#website"},"primaryImageOfPage":{"@id":"https:\/\/bolting.eu\/en\/shop\/rockit-schrauber-austrialpin-eloxiert\/#primaryimage"},"image":{"@id":"https:\/\/bolting.eu\/en\/shop\/rockit-schrauber-austrialpin-eloxiert\/#primaryimage"},"thumbnailUrl":"https:\/\/bolting.eu\/wp-content\/uploads\/2020\/11\/Austrialpin-Rockit-Schrauber-eloxiert-1.jpg","datePublished":"2020-11-20T17:17:26+00:00","dateModified":"2024-11-20T09:23:17+00:00","description":"Hier findest du den AUSTRIALPIN ROCKIT SCHRAUBER ELOXIERT. Einen kleinen und leichten Schraubkarabiner f\u00fcr alle alpinen Sportarten!","breadcrumb":{"@id":"https:\/\/bolting.eu\/en\/shop\/rockit-schrauber-austrialpin-eloxiert\/#breadcrumb"},"inLanguage":"en-US","potentialAction":[{"@type":"ReadAction","target":["https:\/\/bolting.eu\/en\/shop\/rockit-schrauber-austrialpin-eloxiert\/"]}]},{"@type":"ImageObject","inLanguage":"en-US","@id":"https:\/\/bolting.eu\/en\/shop\/rockit-schrauber-austrialpin-eloxiert\/#primaryimage","url":"https:\/\/bolting.eu\/wp-content\/uploads\/2020\/11\/Austrialpin-Rockit-Schrauber-eloxiert-1.jpg","contentUrl":"https:\/\/bolting.eu\/wp-content\/uploads\/2020\/11\/Austrialpin-Rockit-Schrauber-eloxiert-1.jpg","width":700,"height":700,"caption":"Das Bild zeigt den Austrialpin Rockit Schrauber eloxiert. Der blaue Schraubkarabiner ist in Bildmitte zu sehen. Er steht aufrecht im Bild und hat den Schnapper links."},{"@type":"BreadcrumbList","@id":"https:\/\/bolting.eu\/en\/shop\/rockit-schrauber-austrialpin-eloxiert\/#breadcrumb","itemListElement":[{"@type":"ListItem","position":1,"name":"Shop","item":"https:\/\/bolting.eu\/en\/shop\/"},{"@type":"ListItem","position":2,"name":"climbing equipment","item":"https:\/\/bolting.eu\/en\/produkt-kategorie\/climbing-equipment\/"},{"@type":"ListItem","position":3,"name":"Climbing carabiner","item":"https:\/\/bolting.eu\/en\/produkt-kategorie\/climbing-carabiner\/"},{"@type":"ListItem","position":4,"name":"Schraubkarabiner","item":"https:\/\/bolting.eu\/produkt-kategorie\/kletterausruestung\/kletterkarabiner\/schraubkarabiner\/"},{"@type":"ListItem","position":5,"name":"Rockit Schrauber Austrialpin eloxiert"}]},{"@type":"WebSite","@id":"https:\/\/bolting.eu\/en\/#website","url":"https:\/\/bolting.eu\/en\/","name":"bolting.eu","description":"we make climbs happen","publisher":{"@id":"https:\/\/bolting.eu\/en\/#organization"},"potentialAction":[{"@type":"SearchAction","target":{"@type":"EntryPoint","urlTemplate":"https:\/\/bolting.eu\/en\/?s={search_term_string}"},"query-input":{"@type":"PropertyValueSpecification","valueRequired":true,"valueName":"search_term_string"}}],"inLanguage":"en-US"},{"@type":["Organization","Place","SportingGoodsStore"],"@id":"https:\/\/bolting.eu\/en\/#organization","name":"bolting.eu","url":"https:\/\/bolting.eu\/en\/","logo":{"@id":"https:\/\/bolting.eu\/en\/shop\/rockit-schrauber-austrialpin-eloxiert\/#local-main-organization-logo"},"image":{"@id":"https:\/\/bolting.eu\/en\/shop\/rockit-schrauber-austrialpin-eloxiert\/#local-main-organization-logo"},"sameAs":["https:\/\/www.facebook.com\/bolting.eu","https:\/\/www.instagram.com\/bolting.eu\/"],"address":{"@id":"https:\/\/bolting.eu\/en\/shop\/rockit-schrauber-austrialpin-eloxiert\/#local-main-place-address"},"geo":{"@type":"GeoCoordinates","latitude":"47.264176340396226","longitude":"11.380109057672346"},"telephone":["+43 699 19083372"],"openingHoursSpecification":[{"@type":"OpeningHoursSpecification","dayOfWeek":["Monday","Wednesday","Friday"],"opens":"14:00","closes":"18:00"},{"@type":"OpeningHoursSpecification","dayOfWeek":["Tuesday","Thursday","Saturday","Sunday"],"opens":"00:00","closes":"00:00"}],"email":"office@bolting.eu","vatID":"ATU59999728","priceRange":"$$","currenciesAccepted":"Euro"},{"@type":"PostalAddress","@id":"https:\/\/bolting.eu\/en\/shop\/rockit-schrauber-austrialpin-eloxiert\/#local-main-place-address","streetAddress":"Fischnalerstra\u00dfe 4","addressLocality":"Innsbruck","postalCode":"6020","addressRegion":"Tirol","addressCountry":"AT"},{"@type":"ImageObject","inLanguage":"en-US","@id":"https:\/\/bolting.eu\/en\/shop\/rockit-schrauber-austrialpin-eloxiert\/#local-main-organization-logo","url":"https:\/\/bolting.eu\/wp-content\/uploads\/2019\/09\/bolting-logo.png","contentUrl":"https:\/\/bolting.eu\/wp-content\/uploads\/2019\/09\/bolting-logo.png","width":400,"height":211,"caption":"bolting.eu"}]},"product_price_amount":"12.70","product_price_currency":"EUR","og_availability":"instock","product_availability":"instock","product_retailer_item_id":"KG13B-B-ID","product_condition":"new","geo.placename":"Innsbruck","geo.position":{"lat":"47.264176340396226","long":"11.380109057672346"},"geo.region":"Austria"},"_links":{"self":[{"href":"https:\/\/bolting.eu\/en\/wp-json\/wp\/v2\/product\/6316","targetHints":{"allow":["GET"]}}],"collection":[{"href":"https:\/\/bolting.eu\/en\/wp-json\/wp\/v2\/product"}],"about":[{"href":"https:\/\/bolting.eu\/en\/wp-json\/wp\/v2\/types\/product"}],"replies":[{"embeddable":true,"href":"https:\/\/bolting.eu\/en\/wp-json\/wp\/v2\/comments?post=6316"}],"wp:featuredmedia":[{"embeddable":true,"href":"https:\/\/bolting.eu\/en\/wp-json\/wp\/v2\/media\/6317"}],"wp:attachment":[{"href":"https:\/\/bolting.eu\/en\/wp-json\/wp\/v2\/media?parent=6316"}],"wp:term":[{"taxonomy":"product_brand","embeddable":true,"href":"https:\/\/bolting.eu\/en\/wp-json\/wp\/v2\/product_brand?post=6316"},{"taxonomy":"product_cat","embeddable":true,"href":"https:\/\/bolting.eu\/en\/wp-json\/wp\/v2\/product_cat?post=6316"},{"taxonomy":"product_tag","embeddable":true,"href":"https:\/\/bolting.eu\/en\/wp-json\/wp\/v2\/product_tag?post=6316"}],"curies":[{"name":"wp","href":"https:\/\/api.w.org\/{rel}","templated":true}]}}