{"id":6295,"date":"2020-11-20T15:25:25","date_gmt":"2020-11-20T14:25:25","guid":{"rendered":"https:\/\/bolting.eu\/?post_type=product&#038;p=6295"},"modified":"2024-06-25T16:00:51","modified_gmt":"2024-06-25T14:00:51","slug":"austrialpin-rockit-express-eloxiert","status":"publish","type":"product","link":"https:\/\/bolting.eu\/en\/shop\/austrialpin-rockit-express-eloxiert\/","title":{"rendered":"Austrialpin Rockit Express eloxiert"},"content":{"rendered":"<p>Die Austrialpin Rockit Express eloxiert ist einer unserer Expresschlingen Bestseller. Sie geh\u00f6rt zu den beliebten Produkten der <a href=\"https:\/\/bolting.eu\/produkt-kategorie\/austrialpin\/austrialpin-rockit\/\">Austrialpin Rockit<\/a> Famile.<\/p>\n<p>Diese Express ist in zwei L\u00e4ngen verf\u00fcgbar. Zum einen in der klassischen &#8220;kurzen&#8221; L\u00e4nge mit 11cm. Und zum anderen in der &#8220;alpinen&#8221; L\u00e4nge mit 20cm.<\/p>\n<p>Dieses Modell zeichnet sich durch drei besondere Features aus. Erstens die eloxierten Karabiner. Denn diese sind somit besonders gut gegen Korrosion gesch\u00fctzt. Zweitens mit der 16mm breiten Expresschlinge an sich. Sie bietet durch die breite Bauweise eine super Haptik und somit ein geniales Handling. Drittens sind die Karabiner sehr ausgewogen. Folglich hat diese Express ein gutes Gewicht &#8211; Handling Verh\u00e4ltnis.<\/p>\n<p>Kurzum. Wer eine solide und preiswerte Expressschlinge sucht, hat sie gefunden!<\/p>\n<h2>Eigenschaften Austrialpin Rockit Express eloxiert<\/h2>\n<ul>\n<li>Hersteller: Austrialpin<\/li>\n<li>Material: Aluminium eloxiert<\/li>\n<li>L\u00e4nge Bandschlingen: 11cm und 20cm<\/li>\n<li>Gesamtl\u00e4nge: 27cm und 36cm<\/li>\n<li>Gewicht: 109 Gramm bzw. 120 Gramm<\/li>\n<li>Bruchlast Karabiner: 26kN l\u00e4ngs \/ 10kN quer \/ 10kN offen<\/li>\n<li>Bruchlast Expressschlinge: 22kN<\/li>\n<li>Normen: EN 12275, UIAA 123, EN 566<\/li>\n<li>Schnapper\u00f6ffnung: 22mm und 24mm<\/li>\n<\/ul>\n<h2>Austrialpin Rockit Express eloxiert einzeln kaufen<\/h2>\n<p>Wir bieten unseren Kunden diese Expressschlinge in zwei Varianten. Zum einen mit 11cm Schlinge und 21cm Gesamtl\u00e4nge. Und zum anderen mit 20cm Schlinge und 30cm Gesamtl\u00e4nge.<\/p>\n<p>Dabei kann man die Express gerne einzeln kaufen. Das kann der Fall sein, wenn ihr z.B. eine verliert oder genau zwei St\u00fcck nachkaufen wollt.<\/p>\n<h3>Kletter Rack zusammen stellen<\/h3>\n<p>Achtet beim Zusammenstellen Eurer Kletterausr\u00fcstung auf eine ausgewogene Zusammenstellung. D.h. im Falle der Austrialpin Rockit Express eloxiert beispielsweise. Nehmt zum einen eine gr\u00f6\u00dfer Anzahl an k\u00fcrzeren (Sportkletter) Expressen. Und zum anderen eine kleinere Zahl an langen (alpin) Expressen.<\/p>\n<p>Wir finden eine Anzahl von 10 kurzen und 6 langen Express ist eine gute Wahl. Zudem noch 2-4 St\u00fcck &#8220;verl\u00e4ngerbare&#8221; Expressen (60cm Bandschlinge +2 Karabiner) und fertig ist ein passables Express Rack!<\/p>\n<p>Somit seid ihr sowohl f\u00fcr den Klettergarten als auch Alpinrouten gut ausgestattet. Oder besser ausgedr\u00fcckt. Somit seid ihr in der Lage zu gro\u00dfe Seilreibung zu vermeiden. Denn mit l\u00e4ngeren Expressen verringert man die Seilreibung ganz enorm!<\/p>\n<h3>Pflegetipp Karabiner<\/h3>\n<p>Ihr solltet Eure Austrialpin Rockit Express eloxiert ab und zu mal mit lauwarmen Wasser waschen. Das sp\u00fclt Staub und Schmutz aus dem Karabiner Schnappergelenk. Danach empfiehlt es sich das Gelenk zu mit einem <a href=\"https:\/\/bolting.eu\/shop\/kong-kletterausruestung-pflegeoel\/\">Kletterausr\u00fcstung Pflege\u00f6l<\/a> einzuschmieren. Somit ist die ordentliche Klipp Funktion wieder gew\u00e4hrleistet!<\/p>\n<h4><strong>Link Tipp<\/strong><\/h4>\n<p>Wer mehr \u00fcber Karabiner wissen will, kann sich mal das folgende <a href=\"https:\/\/youtu.be\/2jDg0mFhHvQ\" target=\"_blank\" rel=\"noopener noreferrer\">Video<\/a> ansehen. Darum geht es um die Sicherheit \u2013 das Austauschen von Karabinern von bau\u00e4hnlichen Modellen wie dem Rockit Schnapper gebogen \u2013 Austrialpin.<\/p>\n","protected":false},"excerpt":{"rendered":"<ul>\n<li>Hersteller: <a href=\"https:\/\/bolting.eu\/produkt-kategorie\/austrialpin\/\">Austrialpin<\/a><\/li>\n<li>Material: Aluminium eloxiert<\/li>\n<li>L\u00e4nge Bandschlingen: 11cm und 20cm<\/li>\n<li>Gesamtl\u00e4nge: 21cm und 30cm<\/li>\n<li>Gewicht: 109 Gramm bzw. 120 Gramm<\/li>\n<li>Bruchlast Karabiner: 26kN l\u00e4ngs \/ 10kN quer \/ 10kN offen<\/li>\n<li>Bruchlast Expressschlinge: 22kN<\/li>\n<li>Normen: EN 12275, UIAA 123, EN 566<\/li>\n<li>Schnapper\u00f6ffnung: 22mm und 24mm<\/li>\n<\/ul>\n","protected":false},"featured_media":6298,"comment_status":"open","ping_status":"closed","template":"","meta":[],"product_brand":[],"product_cat":[4649,13923,220],"product_tag":[],"class_list":{"0":"post-6295","1":"product","2":"type-product","3":"status-publish","4":"has-post-thumbnail","6":"product_cat-austrialpin","7":"product_cat-austrialpin-rockit","8":"product_cat-expressschlingen","10":"first","11":"instock","12":"sale","13":"taxable","14":"shipping-taxable","15":"purchasable","16":"product-type-variable"},"yoast_head":"<!-- This site is optimized with the Yoast SEO Premium plugin v26.9 (Yoast SEO v26.9) - https:\/\/yoast.com\/product\/yoast-seo-premium-wordpress\/ -->\n<title>Austrialpin Rockit Express eloxiert 11cm &amp; 22cm online kaufen | bolting.eu<\/title>\n<meta name=\"description\" content=\"Hier gibt\u00b4s die AUSTRIALPIN ROCKIT EXPRESS ELOXIERT mit 11cm &amp; 20cm L\u00e4nge. DER Express Klassiker aus \u00d6sterreich beim Kletterprofi bolting.eu!\" \/>\n<meta name=\"robots\" content=\"index, follow, max-snippet:-1, max-image-preview:large, max-video-preview:-1\" \/>\n<link rel=\"canonical\" href=\"https:\/\/bolting.eu\/en\/shop\/austrialpin-rockit-express-eloxiert\/\" \/>\n<meta property=\"og:locale\" content=\"en_US\" \/>\n<meta property=\"og:type\" content=\"article\" \/>\n<meta property=\"og:title\" content=\"Austrialpin Rockit Express eloxiert\" \/>\n<meta property=\"og:description\" content=\"Hier gibt\u00b4s die AUSTRIALPIN ROCKIT EXPRESS ELOXIERT mit 11cm &amp; 20cm L\u00e4nge. DER Express Klassiker aus \u00d6sterreich beim Kletterprofi bolting.eu!\" \/>\n<meta property=\"og:url\" content=\"https:\/\/bolting.eu\/en\/shop\/austrialpin-rockit-express-eloxiert\/\" \/>\n<meta property=\"og:site_name\" content=\"bolting.eu\" \/>\n<meta property=\"article:publisher\" content=\"https:\/\/www.facebook.com\/bolting.eu\" \/>\n<meta property=\"article:modified_time\" content=\"2024-06-25T14:00:51+00:00\" \/>\n<meta property=\"og:image\" content=\"https:\/\/bolting.eu\/wp-content\/uploads\/2020\/11\/Austrialpin-Rockit-Express-eloxiert-1.jpg\" \/>\n\t<meta property=\"og:image:width\" content=\"700\" \/>\n\t<meta property=\"og:image:height\" content=\"700\" \/>\n\t<meta property=\"og:image:type\" content=\"image\/jpeg\" \/>\n<meta name=\"twitter:card\" content=\"summary_large_image\" \/>\n<meta name=\"twitter:label1\" content=\"Availability\" \/>\n\t<meta name=\"twitter:data1\" content=\"In stock\" \/>\n<script type=\"application\/ld+json\" class=\"yoast-schema-graph\">{\"@context\":\"https:\/\/schema.org\",\"@graph\":[{\"@type\":[\"WebPage\",\"ItemPage\"],\"@id\":\"https:\/\/bolting.eu\/en\/shop\/austrialpin-rockit-express-eloxiert\/\",\"url\":\"https:\/\/bolting.eu\/en\/shop\/austrialpin-rockit-express-eloxiert\/\",\"name\":\"Austrialpin Rockit Express eloxiert 11cm & 22cm online kaufen | bolting.eu\",\"isPartOf\":{\"@id\":\"https:\/\/bolting.eu\/en\/#website\"},\"primaryImageOfPage\":{\"@id\":\"https:\/\/bolting.eu\/en\/shop\/austrialpin-rockit-express-eloxiert\/#primaryimage\"},\"image\":{\"@id\":\"https:\/\/bolting.eu\/en\/shop\/austrialpin-rockit-express-eloxiert\/#primaryimage\"},\"thumbnailUrl\":\"https:\/\/bolting.eu\/wp-content\/uploads\/2020\/11\/Austrialpin-Rockit-Express-eloxiert-1.jpg\",\"datePublished\":\"2020-11-20T14:25:25+00:00\",\"dateModified\":\"2024-06-25T14:00:51+00:00\",\"description\":\"Hier gibt\u00b4s die AUSTRIALPIN ROCKIT EXPRESS ELOXIERT mit 11cm & 20cm L\u00e4nge. DER Express Klassiker aus \u00d6sterreich beim Kletterprofi bolting.eu!\",\"breadcrumb\":{\"@id\":\"https:\/\/bolting.eu\/en\/shop\/austrialpin-rockit-express-eloxiert\/#breadcrumb\"},\"inLanguage\":\"en-US\",\"potentialAction\":[{\"@type\":\"ReadAction\",\"target\":[\"https:\/\/bolting.eu\/en\/shop\/austrialpin-rockit-express-eloxiert\/\"]}]},{\"@type\":\"ImageObject\",\"inLanguage\":\"en-US\",\"@id\":\"https:\/\/bolting.eu\/en\/shop\/austrialpin-rockit-express-eloxiert\/#primaryimage\",\"url\":\"https:\/\/bolting.eu\/wp-content\/uploads\/2020\/11\/Austrialpin-Rockit-Express-eloxiert-1.jpg\",\"contentUrl\":\"https:\/\/bolting.eu\/wp-content\/uploads\/2020\/11\/Austrialpin-Rockit-Express-eloxiert-1.jpg\",\"width\":700,\"height\":700,\"caption\":\"Das Bild zeigt die Austrialpin Rockit Express eloxiert in den L\u00e4ngen 11cm und 20cm. Die beiden blau-gelben Expressen sind nebeneinander in Bildmitte zu sehen. Sie haben beide eine grau-schwarz gestreifte Expressschlinge in der Mitte. Der blaue Karabiner ist oben, der gelbe unten.\"},{\"@type\":\"BreadcrumbList\",\"@id\":\"https:\/\/bolting.eu\/en\/shop\/austrialpin-rockit-express-eloxiert\/#breadcrumb\",\"itemListElement\":[{\"@type\":\"ListItem\",\"position\":1,\"name\":\"Shop\",\"item\":\"https:\/\/bolting.eu\/en\/shop\/\"},{\"@type\":\"ListItem\",\"position\":2,\"name\":\"climbing equipment\",\"item\":\"https:\/\/bolting.eu\/en\/produkt-kategorie\/climbing-equipment\/\"},{\"@type\":\"ListItem\",\"position\":3,\"name\":\"Quickdraws\",\"item\":\"https:\/\/bolting.eu\/en\/produkt-kategorie\/quickdraws\/\"},{\"@type\":\"ListItem\",\"position\":4,\"name\":\"Austrialpin Rockit Express eloxiert\"}]},{\"@type\":\"WebSite\",\"@id\":\"https:\/\/bolting.eu\/en\/#website\",\"url\":\"https:\/\/bolting.eu\/en\/\",\"name\":\"bolting.eu\",\"description\":\"we make climbs happen\",\"publisher\":{\"@id\":\"https:\/\/bolting.eu\/en\/#organization\"},\"potentialAction\":[{\"@type\":\"SearchAction\",\"target\":{\"@type\":\"EntryPoint\",\"urlTemplate\":\"https:\/\/bolting.eu\/en\/?s={search_term_string}\"},\"query-input\":{\"@type\":\"PropertyValueSpecification\",\"valueRequired\":true,\"valueName\":\"search_term_string\"}}],\"inLanguage\":\"en-US\"},{\"@type\":[\"Organization\",\"Place\",\"SportingGoodsStore\"],\"@id\":\"https:\/\/bolting.eu\/en\/#organization\",\"name\":\"bolting.eu\",\"url\":\"https:\/\/bolting.eu\/en\/\",\"logo\":{\"@id\":\"https:\/\/bolting.eu\/en\/shop\/austrialpin-rockit-express-eloxiert\/#local-main-organization-logo\"},\"image\":{\"@id\":\"https:\/\/bolting.eu\/en\/shop\/austrialpin-rockit-express-eloxiert\/#local-main-organization-logo\"},\"sameAs\":[\"https:\/\/www.facebook.com\/bolting.eu\",\"https:\/\/www.instagram.com\/bolting.eu\/\"],\"address\":{\"@id\":\"https:\/\/bolting.eu\/en\/shop\/austrialpin-rockit-express-eloxiert\/#local-main-place-address\"},\"geo\":{\"@type\":\"GeoCoordinates\",\"latitude\":\"47.264176340396226\",\"longitude\":\"11.380109057672346\"},\"telephone\":[\"+43 699 19083372\"],\"openingHoursSpecification\":[{\"@type\":\"OpeningHoursSpecification\",\"dayOfWeek\":[\"Monday\",\"Wednesday\",\"Friday\"],\"opens\":\"14:00\",\"closes\":\"18:00\"},{\"@type\":\"OpeningHoursSpecification\",\"dayOfWeek\":[\"Tuesday\",\"Thursday\",\"Saturday\",\"Sunday\"],\"opens\":\"00:00\",\"closes\":\"00:00\"}],\"email\":\"office@bolting.eu\",\"vatID\":\"ATU59999728\",\"priceRange\":\"$$\",\"currenciesAccepted\":\"Euro\"},{\"@type\":\"PostalAddress\",\"@id\":\"https:\/\/bolting.eu\/en\/shop\/austrialpin-rockit-express-eloxiert\/#local-main-place-address\",\"streetAddress\":\"Fischnalerstra\u00dfe 4\",\"addressLocality\":\"Innsbruck\",\"postalCode\":\"6020\",\"addressRegion\":\"Tirol\",\"addressCountry\":\"AT\"},{\"@type\":\"ImageObject\",\"inLanguage\":\"en-US\",\"@id\":\"https:\/\/bolting.eu\/en\/shop\/austrialpin-rockit-express-eloxiert\/#local-main-organization-logo\",\"url\":\"https:\/\/bolting.eu\/wp-content\/uploads\/2019\/09\/bolting-logo.png\",\"contentUrl\":\"https:\/\/bolting.eu\/wp-content\/uploads\/2019\/09\/bolting-logo.png\",\"width\":400,\"height\":211,\"caption\":\"bolting.eu\"}]}<\/script>\n<meta property=\"og:availability\" content=\"instock\" \/>\n<meta property=\"product:availability\" content=\"instock\" \/>\n<meta property=\"product:condition\" content=\"new\" \/>\n<meta name=\"geo.placename\" content=\"Innsbruck\" \/>\n<meta name=\"geo.position\" content=\"47.264176340396226;11.380109057672346\" \/>\n<meta name=\"geo.region\" content=\"Austria\" \/>\n<!-- \/ Yoast SEO Premium plugin. -->","yoast_head_json":{"title":"Austrialpin Rockit Express eloxiert 11cm & 22cm online kaufen | bolting.eu","description":"Hier gibt\u00b4s die AUSTRIALPIN ROCKIT EXPRESS ELOXIERT mit 11cm & 20cm L\u00e4nge. DER Express Klassiker aus \u00d6sterreich beim Kletterprofi bolting.eu!","robots":{"index":"index","follow":"follow","max-snippet":"max-snippet:-1","max-image-preview":"max-image-preview:large","max-video-preview":"max-video-preview:-1"},"canonical":"https:\/\/bolting.eu\/en\/shop\/austrialpin-rockit-express-eloxiert\/","og_locale":"en_US","og_type":"article","og_title":"Austrialpin Rockit Express eloxiert","og_description":"Hier gibt\u00b4s die AUSTRIALPIN ROCKIT EXPRESS ELOXIERT mit 11cm & 20cm L\u00e4nge. DER Express Klassiker aus \u00d6sterreich beim Kletterprofi bolting.eu!","og_url":"https:\/\/bolting.eu\/en\/shop\/austrialpin-rockit-express-eloxiert\/","og_site_name":"bolting.eu","article_publisher":"https:\/\/www.facebook.com\/bolting.eu","article_modified_time":"2024-06-25T14:00:51+00:00","og_image":[{"width":700,"height":700,"url":"https:\/\/bolting.eu\/wp-content\/uploads\/2020\/11\/Austrialpin-Rockit-Express-eloxiert-1.jpg","type":"image\/jpeg"}],"twitter_card":"summary_large_image","twitter_misc":{"Availability":"In stock"},"schema":{"@context":"https:\/\/schema.org","@graph":[{"@type":["WebPage","ItemPage"],"@id":"https:\/\/bolting.eu\/en\/shop\/austrialpin-rockit-express-eloxiert\/","url":"https:\/\/bolting.eu\/en\/shop\/austrialpin-rockit-express-eloxiert\/","name":"Austrialpin Rockit Express eloxiert 11cm & 22cm online kaufen | bolting.eu","isPartOf":{"@id":"https:\/\/bolting.eu\/en\/#website"},"primaryImageOfPage":{"@id":"https:\/\/bolting.eu\/en\/shop\/austrialpin-rockit-express-eloxiert\/#primaryimage"},"image":{"@id":"https:\/\/bolting.eu\/en\/shop\/austrialpin-rockit-express-eloxiert\/#primaryimage"},"thumbnailUrl":"https:\/\/bolting.eu\/wp-content\/uploads\/2020\/11\/Austrialpin-Rockit-Express-eloxiert-1.jpg","datePublished":"2020-11-20T14:25:25+00:00","dateModified":"2024-06-25T14:00:51+00:00","description":"Hier gibt\u00b4s die AUSTRIALPIN ROCKIT EXPRESS ELOXIERT mit 11cm & 20cm L\u00e4nge. DER Express Klassiker aus \u00d6sterreich beim Kletterprofi bolting.eu!","breadcrumb":{"@id":"https:\/\/bolting.eu\/en\/shop\/austrialpin-rockit-express-eloxiert\/#breadcrumb"},"inLanguage":"en-US","potentialAction":[{"@type":"ReadAction","target":["https:\/\/bolting.eu\/en\/shop\/austrialpin-rockit-express-eloxiert\/"]}]},{"@type":"ImageObject","inLanguage":"en-US","@id":"https:\/\/bolting.eu\/en\/shop\/austrialpin-rockit-express-eloxiert\/#primaryimage","url":"https:\/\/bolting.eu\/wp-content\/uploads\/2020\/11\/Austrialpin-Rockit-Express-eloxiert-1.jpg","contentUrl":"https:\/\/bolting.eu\/wp-content\/uploads\/2020\/11\/Austrialpin-Rockit-Express-eloxiert-1.jpg","width":700,"height":700,"caption":"Das Bild zeigt die Austrialpin Rockit Express eloxiert in den L\u00e4ngen 11cm und 20cm. Die beiden blau-gelben Expressen sind nebeneinander in Bildmitte zu sehen. Sie haben beide eine grau-schwarz gestreifte Expressschlinge in der Mitte. Der blaue Karabiner ist oben, der gelbe unten."},{"@type":"BreadcrumbList","@id":"https:\/\/bolting.eu\/en\/shop\/austrialpin-rockit-express-eloxiert\/#breadcrumb","itemListElement":[{"@type":"ListItem","position":1,"name":"Shop","item":"https:\/\/bolting.eu\/en\/shop\/"},{"@type":"ListItem","position":2,"name":"climbing equipment","item":"https:\/\/bolting.eu\/en\/produkt-kategorie\/climbing-equipment\/"},{"@type":"ListItem","position":3,"name":"Quickdraws","item":"https:\/\/bolting.eu\/en\/produkt-kategorie\/quickdraws\/"},{"@type":"ListItem","position":4,"name":"Austrialpin Rockit Express eloxiert"}]},{"@type":"WebSite","@id":"https:\/\/bolting.eu\/en\/#website","url":"https:\/\/bolting.eu\/en\/","name":"bolting.eu","description":"we make climbs happen","publisher":{"@id":"https:\/\/bolting.eu\/en\/#organization"},"potentialAction":[{"@type":"SearchAction","target":{"@type":"EntryPoint","urlTemplate":"https:\/\/bolting.eu\/en\/?s={search_term_string}"},"query-input":{"@type":"PropertyValueSpecification","valueRequired":true,"valueName":"search_term_string"}}],"inLanguage":"en-US"},{"@type":["Organization","Place","SportingGoodsStore"],"@id":"https:\/\/bolting.eu\/en\/#organization","name":"bolting.eu","url":"https:\/\/bolting.eu\/en\/","logo":{"@id":"https:\/\/bolting.eu\/en\/shop\/austrialpin-rockit-express-eloxiert\/#local-main-organization-logo"},"image":{"@id":"https:\/\/bolting.eu\/en\/shop\/austrialpin-rockit-express-eloxiert\/#local-main-organization-logo"},"sameAs":["https:\/\/www.facebook.com\/bolting.eu","https:\/\/www.instagram.com\/bolting.eu\/"],"address":{"@id":"https:\/\/bolting.eu\/en\/shop\/austrialpin-rockit-express-eloxiert\/#local-main-place-address"},"geo":{"@type":"GeoCoordinates","latitude":"47.264176340396226","longitude":"11.380109057672346"},"telephone":["+43 699 19083372"],"openingHoursSpecification":[{"@type":"OpeningHoursSpecification","dayOfWeek":["Monday","Wednesday","Friday"],"opens":"14:00","closes":"18:00"},{"@type":"OpeningHoursSpecification","dayOfWeek":["Tuesday","Thursday","Saturday","Sunday"],"opens":"00:00","closes":"00:00"}],"email":"office@bolting.eu","vatID":"ATU59999728","priceRange":"$$","currenciesAccepted":"Euro"},{"@type":"PostalAddress","@id":"https:\/\/bolting.eu\/en\/shop\/austrialpin-rockit-express-eloxiert\/#local-main-place-address","streetAddress":"Fischnalerstra\u00dfe 4","addressLocality":"Innsbruck","postalCode":"6020","addressRegion":"Tirol","addressCountry":"AT"},{"@type":"ImageObject","inLanguage":"en-US","@id":"https:\/\/bolting.eu\/en\/shop\/austrialpin-rockit-express-eloxiert\/#local-main-organization-logo","url":"https:\/\/bolting.eu\/wp-content\/uploads\/2019\/09\/bolting-logo.png","contentUrl":"https:\/\/bolting.eu\/wp-content\/uploads\/2019\/09\/bolting-logo.png","width":400,"height":211,"caption":"bolting.eu"}]},"og_availability":"instock","product_availability":"instock","product_condition":"new","geo.placename":"Innsbruck","geo.position":{"lat":"47.264176340396226","long":"11.380109057672346"},"geo.region":"Austria"},"_links":{"self":[{"href":"https:\/\/bolting.eu\/en\/wp-json\/wp\/v2\/product\/6295","targetHints":{"allow":["GET"]}}],"collection":[{"href":"https:\/\/bolting.eu\/en\/wp-json\/wp\/v2\/product"}],"about":[{"href":"https:\/\/bolting.eu\/en\/wp-json\/wp\/v2\/types\/product"}],"replies":[{"embeddable":true,"href":"https:\/\/bolting.eu\/en\/wp-json\/wp\/v2\/comments?post=6295"}],"wp:featuredmedia":[{"embeddable":true,"href":"https:\/\/bolting.eu\/en\/wp-json\/wp\/v2\/media\/6298"}],"wp:attachment":[{"href":"https:\/\/bolting.eu\/en\/wp-json\/wp\/v2\/media?parent=6295"}],"wp:term":[{"taxonomy":"product_brand","embeddable":true,"href":"https:\/\/bolting.eu\/en\/wp-json\/wp\/v2\/product_brand?post=6295"},{"taxonomy":"product_cat","embeddable":true,"href":"https:\/\/bolting.eu\/en\/wp-json\/wp\/v2\/product_cat?post=6295"},{"taxonomy":"product_tag","embeddable":true,"href":"https:\/\/bolting.eu\/en\/wp-json\/wp\/v2\/product_tag?post=6295"}],"curies":[{"name":"wp","href":"https:\/\/api.w.org\/{rel}","templated":true}]}}