{"id":6281,"date":"2020-11-20T10:27:49","date_gmt":"2020-11-20T09:27:49","guid":{"rendered":"https:\/\/bolting.eu\/?post_type=product&#038;p=6281"},"modified":"2026-05-06T14:29:58","modified_gmt":"2026-05-06T12:29:58","slug":"rockit-schnapper-gebogen-austrialpin","status":"publish","type":"product","link":"https:\/\/bolting.eu\/en\/shop\/rockit-schnapper-gebogen-austrialpin\/","title":{"rendered":"Rockit Schnapper gebogen &#8211; Austrialpin"},"content":{"rendered":"<p>Der Rockit Schnapper gebogen &#8211; Austrialpin ist eloxierter Kletterkarabiner! Er kommt aus der <a href=\"https:\/\/bolting.eu\/produkt-kategorie\/austrialpin\/austrialpin-rockit\/\">Austrialpin Rockit<\/a> Familie und wird zur G\u00e4nze in \u00d6sterreich produziert.<\/p>\n<p>Dieses Modell ist vor allem f\u00fcr die Verwendung bei Expresschlingen beliebt. Denn einerseits ist der gebogene Schnapper ideal f\u00fcr das seilseitige Einh\u00e4ngen. Und andererseits sorgt die Eloxierung (=Korrosions Schutzschichte) f\u00fcr eine lange Lebensdauer.<\/p>\n<p>Einzeln verwendet ist dieser Schnapper eine langfristige L\u00f6sung bei Zusatzkarabinern. Beispielsweise zum Best\u00fccken von\u00a0<a href=\"https:\/\/bolting.eu\/produkt-kategorie\/klemmgeraete-friends\/\">Klemmger\u00e4ten-Friends<\/a> oder <a href=\"https:\/\/bolting.eu\/produkt-kategorie\/klemmkeile\/\">Klemmkeilen<\/a>. Denn hier sorgt der gebogene Schnapper f\u00fcr ein ideales Handling.<\/p>\n<p>Fazit. Wer einen preiswerten <a href=\"https:\/\/bolting.eu\/produkt-kategorie\/karabiner-kletterkarabiner\/\">Karabiner<\/a> mit Eloxierung und Allround-Qualit\u00e4ten sucht hat ihn bereits gefunden!<\/p>\n<h2>Eigenschaften Rockit Schnapper gebogen &#8211; Austrialpin<\/h2>\n<ul>\n<li>Hersteller: Austrialpin<\/li>\n<li>Material: Aluminium eloxiert<\/li>\n<li>Farbe: gelb<\/li>\n<li>EN Norm 12275 bzw. UIAA 121<\/li>\n<li>Verschluss: gerader Keylock Schnapper<\/li>\n<li>Bruchlasten 26kN l\u00e4ngs \/ 10kN offen \/ 10 kN Querachse<\/li>\n<li>Gr\u00f6\u00dfe 98 x 59mm<\/li>\n<li>Schnapper\u00f6ffnung: 24mm<\/li>\n<li>Gewicht: 49 Gramm<\/li>\n<li>Made in Austria<\/li>\n<\/ul>\n<h3>Preiswerter und g\u00fcnstiger Allesk\u00f6nner<\/h3>\n<p>Die Beleibtheit des Rockit Schnapper gebogen &#8211; Austrialpin hat viele Gr\u00fcnde. Zum einen ist da nat\u00fcrlich der g\u00fcnstige Preis. Zum anderen aber auch seine Allround Eigenschaften. Denn dieser Schnapper kann in vielen Situationen verwendet werden.<\/p>\n<p>Erstens ist er der perfekte &#8220;neutrale&#8221; Besatz f\u00fcr die seilseitigen Karabiner bei Expressen. Im Lauf der Zeit abgeschliffene Schnapper lassen sich so hochwertig ersetzen. Denn der Schnapper hat eine Eloxierung. D.h. Beschichtung die als Korrosionsschutz dient. Folglich h\u00e4lt der Karabiner sehr, sehr lange!<\/p>\n<p>Zweitens lassen sich alle m\u00f6glichen Ausr\u00fcstungsgegenst\u00e4nde damit best\u00fccken. Wie z.B. Friends, Klemmkeile, Alpinschlingen, usw&#8230; Dabei erleichtert der gebogene Schnapper das Handling.<\/p>\n<p>Drittens ist er mit nur 49 Gramm auch super als Zusatzkarabiner zu gebrauchen. Beispielsweise als Einzelkarabiner beim Standplatzbau, etc&#8230;<\/p>\n<h3>Rockit Schnapper gebogen &#8211; Austrialpin = immer verf\u00fcgbar<\/h3>\n<p>Ein Grund f\u00fcr die Beliebtheit dieses Modells erschlie\u00dft sich nicht gleich auf den ersten Blick. Denn es ist die permanente und langj\u00e4hrige Verf\u00fcgbarkeit dieses Klassikers. D.h. ihn gibt es einerseits bereits unver\u00e4ndert schon \u00fcber Jahre. Und andererseits wird es ihn auch noch lange Zeit genau so geben.<\/p>\n<p>Folglich kann man sich getrost dieses Modell bzw. das Rockit Express Set kaufen. Denn diesen Karabiner wird es zum Nachbesetzen noch lange geben (ausgenommen Farbwechsel)!<\/p>\n<h3>Pflegetipp Rockit Schnapper gebogen &#8211; Austrialpin<\/h3>\n<p>Ihr solltet Eure Kletterkarabiner\u00a0ab und zu mal mit lauwarmen Wasser waschen. Das sp\u00fclt Staub und Schmutz aus dem Schnappergelenk. Danach empfiehlt es sich das Gelenk zu mit einem <a href=\"https:\/\/bolting.eu\/shop\/kong-kletterausruestung-pflegeoel\/\">Kletterausr\u00fcstung Pflege\u00f6l<\/a> einzuschmieren. Somit ist die ordentliche Klipp Funktion wieder gew\u00e4hrleistet!<\/p>\n<h4><strong>Link Tipp<\/strong><\/h4>\n<p>Wer mehr \u00fcber Karabiner wissen will, kann sich mal\u00a0 das folgende <a href=\"https:\/\/youtu.be\/2jDg0mFhHvQ\" target=\"_blank\" rel=\"noopener noreferrer\">Video<\/a> ansehen. Darum geht es um die Sicherheit &#8211; das Austauschen von Karabinern von bau\u00e4hnlichen Modellen wie dem Rockit Schnapper gebogen &#8211; Austrialpin.<\/p>\n","protected":false},"excerpt":{"rendered":"<ul>\n<li>Hersteller: <a href=\"https:\/\/bolting.eu\/produkt-kategorie\/austrialpin\/\">Austrialpin<\/a><\/li>\n<li>Material: Aluminium poliert<\/li>\n<li>Farbe: gelb<\/li>\n<li>EN Norm 12275 bzw. UIAA 121<\/li>\n<li>Verschluss: gebogener Keylock Schnapper<\/li>\n<li>Bruchlasten 26kN l\u00e4ngs \/ 10kN offen \/ 10 kN Querachse<\/li>\n<li>Gr\u00f6\u00dfe 98 x 59mm<\/li>\n<li>Schnapper\u00f6ffnung: 24mm<\/li>\n<li>Gewicht: 49 Gramm<\/li>\n<li>Made in Austria<\/li>\n<\/ul>\n","protected":false},"featured_media":6282,"comment_status":"open","ping_status":"closed","template":"","meta":[],"product_brand":[],"product_cat":[4649,44,13923,3004],"product_tag":[],"class_list":{"0":"post-6281","1":"product","2":"type-product","3":"status-publish","4":"has-post-thumbnail","6":"product_cat-austrialpin","7":"product_cat-kletterkarabiner","8":"product_cat-austrialpin-rockit","9":"product_cat-schnappkarabiner","11":"first","12":"instock","13":"sale","14":"taxable","15":"shipping-taxable","16":"purchasable","17":"product-type-simple"},"yoast_head":"<!-- This site is optimized with the Yoast SEO Premium plugin v26.9 (Yoast SEO v26.9) - https:\/\/yoast.com\/product\/yoast-seo-premium-wordpress\/ -->\n<title>Rockit Schnapper gebogen - Austrialpin g\u00fcnstig online kaufen | bolting.eu<\/title>\n<meta name=\"description\" content=\"Hier findet Ihr den ROCKIT SCHNAPPER GEBOGEN - Austrialpin. Einen eloxierten Allroundkarabiner beim Kletterprofi bolting.eu aus \u00d6sterreich!\" \/>\n<meta name=\"robots\" content=\"index, follow, max-snippet:-1, max-image-preview:large, max-video-preview:-1\" \/>\n<link rel=\"canonical\" href=\"https:\/\/bolting.eu\/en\/shop\/rockit-schnapper-gebogen-austrialpin\/\" \/>\n<meta property=\"og:locale\" content=\"en_US\" \/>\n<meta property=\"og:type\" content=\"article\" \/>\n<meta property=\"og:title\" content=\"Rockit Schnapper gebogen - Austrialpin\" \/>\n<meta property=\"og:description\" content=\"Hier findet Ihr den ROCKIT SCHNAPPER GEBOGEN - Austrialpin. Einen eloxierten Allroundkarabiner beim Kletterprofi bolting.eu aus \u00d6sterreich!\" \/>\n<meta property=\"og:url\" content=\"https:\/\/bolting.eu\/en\/shop\/rockit-schnapper-gebogen-austrialpin\/\" \/>\n<meta property=\"og:site_name\" content=\"bolting.eu\" \/>\n<meta property=\"article:publisher\" content=\"https:\/\/www.facebook.com\/bolting.eu\" \/>\n<meta property=\"article:modified_time\" content=\"2026-05-06T12:29:58+00:00\" \/>\n<meta property=\"og:image\" content=\"https:\/\/bolting.eu\/wp-content\/uploads\/2020\/11\/Rockit-Schnapper-gebogen-Austrialpin-1.jpg\" \/>\n\t<meta property=\"og:image:width\" content=\"700\" \/>\n\t<meta property=\"og:image:height\" content=\"700\" \/>\n\t<meta property=\"og:image:type\" content=\"image\/jpeg\" \/>\n<meta name=\"twitter:card\" content=\"summary_large_image\" \/>\n<meta name=\"twitter:label1\" content=\"Price\" \/>\n\t<meta name=\"twitter:data1\" content=\"&euro;&nbsp;8,60\" \/>\n\t<meta name=\"twitter:label2\" content=\"Availability\" \/>\n\t<meta name=\"twitter:data2\" content=\"In stock\" \/>\n<script type=\"application\/ld+json\" class=\"yoast-schema-graph\">{\"@context\":\"https:\/\/schema.org\",\"@graph\":[{\"@type\":[\"WebPage\",\"ItemPage\"],\"@id\":\"https:\/\/bolting.eu\/en\/shop\/rockit-schnapper-gebogen-austrialpin\/\",\"url\":\"https:\/\/bolting.eu\/en\/shop\/rockit-schnapper-gebogen-austrialpin\/\",\"name\":\"Rockit Schnapper gebogen - Austrialpin g\u00fcnstig online kaufen | bolting.eu\",\"isPartOf\":{\"@id\":\"https:\/\/bolting.eu\/en\/#website\"},\"primaryImageOfPage\":{\"@id\":\"https:\/\/bolting.eu\/en\/shop\/rockit-schnapper-gebogen-austrialpin\/#primaryimage\"},\"image\":{\"@id\":\"https:\/\/bolting.eu\/en\/shop\/rockit-schnapper-gebogen-austrialpin\/#primaryimage\"},\"thumbnailUrl\":\"https:\/\/bolting.eu\/wp-content\/uploads\/2020\/11\/Rockit-Schnapper-gebogen-Austrialpin-1.jpg\",\"datePublished\":\"2020-11-20T09:27:49+00:00\",\"dateModified\":\"2026-05-06T12:29:58+00:00\",\"description\":\"Hier findet Ihr den ROCKIT SCHNAPPER GEBOGEN - Austrialpin. Einen eloxierten Allroundkarabiner beim Kletterprofi bolting.eu aus \u00d6sterreich!\",\"breadcrumb\":{\"@id\":\"https:\/\/bolting.eu\/en\/shop\/rockit-schnapper-gebogen-austrialpin\/#breadcrumb\"},\"inLanguage\":\"en-US\",\"potentialAction\":[{\"@type\":\"ReadAction\",\"target\":[\"https:\/\/bolting.eu\/en\/shop\/rockit-schnapper-gebogen-austrialpin\/\"]}]},{\"@type\":\"ImageObject\",\"inLanguage\":\"en-US\",\"@id\":\"https:\/\/bolting.eu\/en\/shop\/rockit-schnapper-gebogen-austrialpin\/#primaryimage\",\"url\":\"https:\/\/bolting.eu\/wp-content\/uploads\/2020\/11\/Rockit-Schnapper-gebogen-Austrialpin-1.jpg\",\"contentUrl\":\"https:\/\/bolting.eu\/wp-content\/uploads\/2020\/11\/Rockit-Schnapper-gebogen-Austrialpin-1.jpg\",\"width\":700,\"height\":700,\"caption\":\"Das Bild zeigt den Rockit Schnapper gebogen - Austrialpin. Der gelbe eloxierte Schnappkarabiner steht vertikal in Bildmitte mit dem Schnapper nach links.\"},{\"@type\":\"BreadcrumbList\",\"@id\":\"https:\/\/bolting.eu\/en\/shop\/rockit-schnapper-gebogen-austrialpin\/#breadcrumb\",\"itemListElement\":[{\"@type\":\"ListItem\",\"position\":1,\"name\":\"Shop\",\"item\":\"https:\/\/bolting.eu\/en\/shop\/\"},{\"@type\":\"ListItem\",\"position\":2,\"name\":\"climbing equipment\",\"item\":\"https:\/\/bolting.eu\/en\/produkt-kategorie\/climbing-equipment\/\"},{\"@type\":\"ListItem\",\"position\":3,\"name\":\"Climbing carabiner\",\"item\":\"https:\/\/bolting.eu\/en\/produkt-kategorie\/climbing-carabiner\/\"},{\"@type\":\"ListItem\",\"position\":4,\"name\":\"snapgate carabiner\",\"item\":\"https:\/\/bolting.eu\/en\/produkt-kategorie\/snapgate-carabiner\/\"},{\"@type\":\"ListItem\",\"position\":5,\"name\":\"Rockit Schnapper gebogen &#8211; Austrialpin\"}]},{\"@type\":\"WebSite\",\"@id\":\"https:\/\/bolting.eu\/en\/#website\",\"url\":\"https:\/\/bolting.eu\/en\/\",\"name\":\"bolting.eu\",\"description\":\"we make climbs happen\",\"publisher\":{\"@id\":\"https:\/\/bolting.eu\/en\/#organization\"},\"potentialAction\":[{\"@type\":\"SearchAction\",\"target\":{\"@type\":\"EntryPoint\",\"urlTemplate\":\"https:\/\/bolting.eu\/en\/?s={search_term_string}\"},\"query-input\":{\"@type\":\"PropertyValueSpecification\",\"valueRequired\":true,\"valueName\":\"search_term_string\"}}],\"inLanguage\":\"en-US\"},{\"@type\":[\"Organization\",\"Place\",\"SportingGoodsStore\"],\"@id\":\"https:\/\/bolting.eu\/en\/#organization\",\"name\":\"bolting.eu\",\"url\":\"https:\/\/bolting.eu\/en\/\",\"logo\":{\"@id\":\"https:\/\/bolting.eu\/en\/shop\/rockit-schnapper-gebogen-austrialpin\/#local-main-organization-logo\"},\"image\":{\"@id\":\"https:\/\/bolting.eu\/en\/shop\/rockit-schnapper-gebogen-austrialpin\/#local-main-organization-logo\"},\"sameAs\":[\"https:\/\/www.facebook.com\/bolting.eu\",\"https:\/\/www.instagram.com\/bolting.eu\/\"],\"address\":{\"@id\":\"https:\/\/bolting.eu\/en\/shop\/rockit-schnapper-gebogen-austrialpin\/#local-main-place-address\"},\"geo\":{\"@type\":\"GeoCoordinates\",\"latitude\":\"47.264176340396226\",\"longitude\":\"11.380109057672346\"},\"telephone\":[\"+43 699 19083372\"],\"openingHoursSpecification\":[{\"@type\":\"OpeningHoursSpecification\",\"dayOfWeek\":[\"Monday\",\"Wednesday\",\"Friday\"],\"opens\":\"14:00\",\"closes\":\"18:00\"},{\"@type\":\"OpeningHoursSpecification\",\"dayOfWeek\":[\"Tuesday\",\"Thursday\",\"Saturday\",\"Sunday\"],\"opens\":\"00:00\",\"closes\":\"00:00\"}],\"email\":\"office@bolting.eu\",\"vatID\":\"ATU59999728\",\"priceRange\":\"$$\",\"currenciesAccepted\":\"Euro\"},{\"@type\":\"PostalAddress\",\"@id\":\"https:\/\/bolting.eu\/en\/shop\/rockit-schnapper-gebogen-austrialpin\/#local-main-place-address\",\"streetAddress\":\"Fischnalerstra\u00dfe 4\",\"addressLocality\":\"Innsbruck\",\"postalCode\":\"6020\",\"addressRegion\":\"Tirol\",\"addressCountry\":\"AT\"},{\"@type\":\"ImageObject\",\"inLanguage\":\"en-US\",\"@id\":\"https:\/\/bolting.eu\/en\/shop\/rockit-schnapper-gebogen-austrialpin\/#local-main-organization-logo\",\"url\":\"https:\/\/bolting.eu\/wp-content\/uploads\/2019\/09\/bolting-logo.png\",\"contentUrl\":\"https:\/\/bolting.eu\/wp-content\/uploads\/2019\/09\/bolting-logo.png\",\"width\":400,\"height\":211,\"caption\":\"bolting.eu\"}]}<\/script>\n<meta property=\"product:price:amount\" content=\"8.60\" \/>\n<meta property=\"product:price:currency\" content=\"EUR\" \/>\n<meta property=\"og:availability\" content=\"instock\" \/>\n<meta property=\"product:availability\" content=\"instock\" \/>\n<meta property=\"product:retailer_item_id\" content=\"KG06BC-Y\" \/>\n<meta property=\"product:condition\" content=\"new\" \/>\n<meta name=\"geo.placename\" content=\"Innsbruck\" \/>\n<meta name=\"geo.position\" content=\"47.264176340396226;11.380109057672346\" \/>\n<meta name=\"geo.region\" content=\"Austria\" \/>\n<!-- \/ Yoast SEO Premium plugin. -->","yoast_head_json":{"title":"Rockit Schnapper gebogen - Austrialpin g\u00fcnstig online kaufen | bolting.eu","description":"Hier findet Ihr den ROCKIT SCHNAPPER GEBOGEN - Austrialpin. Einen eloxierten Allroundkarabiner beim Kletterprofi bolting.eu aus \u00d6sterreich!","robots":{"index":"index","follow":"follow","max-snippet":"max-snippet:-1","max-image-preview":"max-image-preview:large","max-video-preview":"max-video-preview:-1"},"canonical":"https:\/\/bolting.eu\/en\/shop\/rockit-schnapper-gebogen-austrialpin\/","og_locale":"en_US","og_type":"article","og_title":"Rockit Schnapper gebogen - Austrialpin","og_description":"Hier findet Ihr den ROCKIT SCHNAPPER GEBOGEN - Austrialpin. Einen eloxierten Allroundkarabiner beim Kletterprofi bolting.eu aus \u00d6sterreich!","og_url":"https:\/\/bolting.eu\/en\/shop\/rockit-schnapper-gebogen-austrialpin\/","og_site_name":"bolting.eu","article_publisher":"https:\/\/www.facebook.com\/bolting.eu","article_modified_time":"2026-05-06T12:29:58+00:00","og_image":[{"width":700,"height":700,"url":"https:\/\/bolting.eu\/wp-content\/uploads\/2020\/11\/Rockit-Schnapper-gebogen-Austrialpin-1.jpg","type":"image\/jpeg"}],"twitter_card":"summary_large_image","twitter_misc":{"Price":"&euro;&nbsp;8,60","Availability":"In stock"},"schema":{"@context":"https:\/\/schema.org","@graph":[{"@type":["WebPage","ItemPage"],"@id":"https:\/\/bolting.eu\/en\/shop\/rockit-schnapper-gebogen-austrialpin\/","url":"https:\/\/bolting.eu\/en\/shop\/rockit-schnapper-gebogen-austrialpin\/","name":"Rockit Schnapper gebogen - Austrialpin g\u00fcnstig online kaufen | bolting.eu","isPartOf":{"@id":"https:\/\/bolting.eu\/en\/#website"},"primaryImageOfPage":{"@id":"https:\/\/bolting.eu\/en\/shop\/rockit-schnapper-gebogen-austrialpin\/#primaryimage"},"image":{"@id":"https:\/\/bolting.eu\/en\/shop\/rockit-schnapper-gebogen-austrialpin\/#primaryimage"},"thumbnailUrl":"https:\/\/bolting.eu\/wp-content\/uploads\/2020\/11\/Rockit-Schnapper-gebogen-Austrialpin-1.jpg","datePublished":"2020-11-20T09:27:49+00:00","dateModified":"2026-05-06T12:29:58+00:00","description":"Hier findet Ihr den ROCKIT SCHNAPPER GEBOGEN - Austrialpin. Einen eloxierten Allroundkarabiner beim Kletterprofi bolting.eu aus \u00d6sterreich!","breadcrumb":{"@id":"https:\/\/bolting.eu\/en\/shop\/rockit-schnapper-gebogen-austrialpin\/#breadcrumb"},"inLanguage":"en-US","potentialAction":[{"@type":"ReadAction","target":["https:\/\/bolting.eu\/en\/shop\/rockit-schnapper-gebogen-austrialpin\/"]}]},{"@type":"ImageObject","inLanguage":"en-US","@id":"https:\/\/bolting.eu\/en\/shop\/rockit-schnapper-gebogen-austrialpin\/#primaryimage","url":"https:\/\/bolting.eu\/wp-content\/uploads\/2020\/11\/Rockit-Schnapper-gebogen-Austrialpin-1.jpg","contentUrl":"https:\/\/bolting.eu\/wp-content\/uploads\/2020\/11\/Rockit-Schnapper-gebogen-Austrialpin-1.jpg","width":700,"height":700,"caption":"Das Bild zeigt den Rockit Schnapper gebogen - Austrialpin. Der gelbe eloxierte Schnappkarabiner steht vertikal in Bildmitte mit dem Schnapper nach links."},{"@type":"BreadcrumbList","@id":"https:\/\/bolting.eu\/en\/shop\/rockit-schnapper-gebogen-austrialpin\/#breadcrumb","itemListElement":[{"@type":"ListItem","position":1,"name":"Shop","item":"https:\/\/bolting.eu\/en\/shop\/"},{"@type":"ListItem","position":2,"name":"climbing equipment","item":"https:\/\/bolting.eu\/en\/produkt-kategorie\/climbing-equipment\/"},{"@type":"ListItem","position":3,"name":"Climbing carabiner","item":"https:\/\/bolting.eu\/en\/produkt-kategorie\/climbing-carabiner\/"},{"@type":"ListItem","position":4,"name":"snapgate carabiner","item":"https:\/\/bolting.eu\/en\/produkt-kategorie\/snapgate-carabiner\/"},{"@type":"ListItem","position":5,"name":"Rockit Schnapper gebogen &#8211; Austrialpin"}]},{"@type":"WebSite","@id":"https:\/\/bolting.eu\/en\/#website","url":"https:\/\/bolting.eu\/en\/","name":"bolting.eu","description":"we make climbs happen","publisher":{"@id":"https:\/\/bolting.eu\/en\/#organization"},"potentialAction":[{"@type":"SearchAction","target":{"@type":"EntryPoint","urlTemplate":"https:\/\/bolting.eu\/en\/?s={search_term_string}"},"query-input":{"@type":"PropertyValueSpecification","valueRequired":true,"valueName":"search_term_string"}}],"inLanguage":"en-US"},{"@type":["Organization","Place","SportingGoodsStore"],"@id":"https:\/\/bolting.eu\/en\/#organization","name":"bolting.eu","url":"https:\/\/bolting.eu\/en\/","logo":{"@id":"https:\/\/bolting.eu\/en\/shop\/rockit-schnapper-gebogen-austrialpin\/#local-main-organization-logo"},"image":{"@id":"https:\/\/bolting.eu\/en\/shop\/rockit-schnapper-gebogen-austrialpin\/#local-main-organization-logo"},"sameAs":["https:\/\/www.facebook.com\/bolting.eu","https:\/\/www.instagram.com\/bolting.eu\/"],"address":{"@id":"https:\/\/bolting.eu\/en\/shop\/rockit-schnapper-gebogen-austrialpin\/#local-main-place-address"},"geo":{"@type":"GeoCoordinates","latitude":"47.264176340396226","longitude":"11.380109057672346"},"telephone":["+43 699 19083372"],"openingHoursSpecification":[{"@type":"OpeningHoursSpecification","dayOfWeek":["Monday","Wednesday","Friday"],"opens":"14:00","closes":"18:00"},{"@type":"OpeningHoursSpecification","dayOfWeek":["Tuesday","Thursday","Saturday","Sunday"],"opens":"00:00","closes":"00:00"}],"email":"office@bolting.eu","vatID":"ATU59999728","priceRange":"$$","currenciesAccepted":"Euro"},{"@type":"PostalAddress","@id":"https:\/\/bolting.eu\/en\/shop\/rockit-schnapper-gebogen-austrialpin\/#local-main-place-address","streetAddress":"Fischnalerstra\u00dfe 4","addressLocality":"Innsbruck","postalCode":"6020","addressRegion":"Tirol","addressCountry":"AT"},{"@type":"ImageObject","inLanguage":"en-US","@id":"https:\/\/bolting.eu\/en\/shop\/rockit-schnapper-gebogen-austrialpin\/#local-main-organization-logo","url":"https:\/\/bolting.eu\/wp-content\/uploads\/2019\/09\/bolting-logo.png","contentUrl":"https:\/\/bolting.eu\/wp-content\/uploads\/2019\/09\/bolting-logo.png","width":400,"height":211,"caption":"bolting.eu"}]},"product_price_amount":"8.60","product_price_currency":"EUR","og_availability":"instock","product_availability":"instock","product_retailer_item_id":"KG06BC-Y","product_condition":"new","geo.placename":"Innsbruck","geo.position":{"lat":"47.264176340396226","long":"11.380109057672346"},"geo.region":"Austria"},"_links":{"self":[{"href":"https:\/\/bolting.eu\/en\/wp-json\/wp\/v2\/product\/6281","targetHints":{"allow":["GET"]}}],"collection":[{"href":"https:\/\/bolting.eu\/en\/wp-json\/wp\/v2\/product"}],"about":[{"href":"https:\/\/bolting.eu\/en\/wp-json\/wp\/v2\/types\/product"}],"replies":[{"embeddable":true,"href":"https:\/\/bolting.eu\/en\/wp-json\/wp\/v2\/comments?post=6281"}],"wp:featuredmedia":[{"embeddable":true,"href":"https:\/\/bolting.eu\/en\/wp-json\/wp\/v2\/media\/6282"}],"wp:attachment":[{"href":"https:\/\/bolting.eu\/en\/wp-json\/wp\/v2\/media?parent=6281"}],"wp:term":[{"taxonomy":"product_brand","embeddable":true,"href":"https:\/\/bolting.eu\/en\/wp-json\/wp\/v2\/product_brand?post=6281"},{"taxonomy":"product_cat","embeddable":true,"href":"https:\/\/bolting.eu\/en\/wp-json\/wp\/v2\/product_cat?post=6281"},{"taxonomy":"product_tag","embeddable":true,"href":"https:\/\/bolting.eu\/en\/wp-json\/wp\/v2\/product_tag?post=6281"}],"curies":[{"name":"wp","href":"https:\/\/api.w.org\/{rel}","templated":true}]}}