{"id":6275,"date":"2020-11-20T09:34:09","date_gmt":"2020-11-20T08:34:09","guid":{"rendered":"https:\/\/bolting.eu\/?post_type=product&#038;p=6275"},"modified":"2026-04-10T05:56:02","modified_gmt":"2026-04-10T03:56:02","slug":"rockit-schnapper-poliert-austrialpin","status":"publish","type":"product","link":"https:\/\/bolting.eu\/en\/shop\/rockit-schnapper-poliert-austrialpin\/","title":{"rendered":"Rockit Schnapper poliert &#8211; Austrialpin"},"content":{"rendered":"<p>Der Rockit Schnapper poliert &#8211; Austrialpin ist einer unserer Besteller! Er kommt aus der <a href=\"https:\/\/bolting.eu\/produkt-kategorie\/austrialpin\/austrialpin-rockit\/\">Austrialpin Rockit<\/a> Familie und wird zur G\u00e4nze in \u00d6sterreich produziert. Der Karabiner z\u00e4hlt zu den beliebtesten in unserem Online <a href=\"https:\/\/bolting.eu\/klettershop-startseite\/\">Klettershop.<\/a><\/p>\n<p>Denn bei diesem Produkt hat man ein sehr gutes Preis-Leistungsverh\u00e4ltnis. D.h. man bekommt f\u00fcr einen niedrigen Preis viel Funktion bei gleichzeitig geringem Gewicht. Der Schnapper wiegt n\u00e4mlich gerade einmal 49 Gramm!<\/p>\n<p>Der g\u00fcnstige Preis basiert auf der simplen Fertigung des Karabiners. Denn er ist einerseits aus einfach poliertem Alu. Und andererseits ist er mit einem geraden Keylock Schnapper best\u00fcckt. Folglich kann er so g\u00fcnstig wie wenige andere Karabiner produziert werden.<\/p>\n<p>Der Rockit Schnapper poliert &#8211; Austrialpin ist aber auch aus weiteren Gr\u00fcnden so beliebt. Denn er pr\u00e4sentiert sich als versatiler Allrounder. Oder besser ausgedr\u00fcckt. Man kann ihn f\u00fcr sehr viele Anwendungen hernehmen.<\/p>\n<p>Beispielsweise zum Bau von <a href=\"https:\/\/bolting.eu\/produkt-kategorie\/expressschlingen\/\">Expressschlingen<\/a> oder f\u00fcr <a href=\"https:\/\/bolting.eu\/produkt-kategorie\/klemmgeraete-friends\/\">Klemmger\u00e4ten-Friends<\/a>.<\/p>\n<p>Fazit. Wer einen preiswerten <a href=\"https:\/\/bolting.eu\/produkt-kategorie\/karabiner-kletterkarabiner\/\">Karabiner<\/a> mit Allround-Qualit\u00e4ten sucht hat ihn bereits gefunden!<\/p>\n<h2>Eigenschaften Rockit Schnapper poliert &#8211; Austrialpin<\/h2>\n<ul>\n<li>Hersteller: Austrialpin<\/li>\n<li>Material: Aluminium poliert<\/li>\n<li>Farbe: farblos<\/li>\n<li>EN Norm 12275 bzw. UIAA 121<\/li>\n<li>Verschluss: gerader Keylock Schnapper<\/li>\n<li>Bruchlasten 26kN l\u00e4ngs \/ 10kN offen \/ 10 kN Querachse<\/li>\n<li>Gr\u00f6\u00dfe 98 x 59mm<\/li>\n<li>Schnapper\u00f6ffnung: 22mm<\/li>\n<li>Gewicht: 49 Gramm<\/li>\n<li>Made in Austria<\/li>\n<\/ul>\n<h3>Preiswerter und g\u00fcnstiger Allesk\u00f6nner<\/h3>\n<p>Die Beleibtheit des Rockit Schnapper poliert &#8211; Austrialpin hat viele Gr\u00fcnde. Zum einen ist da nat\u00fcrlich der niedrige Preis. Zum anderen aber auch seine Allround Eigenschaften. Denn dieser Schnapper kann in vielen Situationen verwendet werden.<\/p>\n<p>Erstens ist er der perfekte &#8220;neutrale&#8221; Besatz f\u00fcr die hakenseitigen Karabiner bei Expressen. Im Lauf der Zeit eingekerbte Schnapper lassen sich so kosteng\u00fcnstig ersetzen.<\/p>\n<p>Zweitens lassen sich alle m\u00f6glichen Ausr\u00fcstungsgegenst\u00e4nde damit best\u00fccken. Wie z.B. Friends, Klemmkeile, Alpinschlingen, usw&#8230;<\/p>\n<p>Drittens ist er mit nur 49 Gramm auch super als Zusatzkarabiner zu gebrauchen. Beispielsweise als Einzelkarabiner beim Standplatzbau, etc&#8230;<\/p>\n<h3>Rockit Schnapper poliert &#8211; Austrialpin &#8211; immer verf\u00fcgbar<\/h3>\n<p>Ein Grund f\u00fcr die Beliebtheit dieses Modells erschlie\u00dft sich nicht gleich auf den ersten Blick. Denn es ist die permanente und langj\u00e4hrige Verf\u00fcgbarkeit dieses Klassikers. D.h. ihn gibt es einerseits bereits unver\u00e4ndert schon \u00fcber Jahre. Und andererseits wird es ihn auch noch lange Zeit genau so geben.<\/p>\n<p>Folglich kann man sich getrost dieses Modell bzw. das Rockit Express Set kaufen. Denn diesen Karabiner wird es zum Nachbesetzen noch lange geben!<\/p>\n<h3>Pflegetipp Rockit Schnapper poliert &#8211; Austrialpin<\/h3>\n<p>Ihr solltet Eure Kletterkarabiner\u00a0ab und zu mal mit lauwarmen Wasser waschen. Das sp\u00fclt Staub und Schmutz aus dem Schnappergelenk. Danach empfiehlt es sich das Gelenk zu mit einem <a href=\"https:\/\/bolting.eu\/shop\/kong-kletterausruestung-pflegeoel\/\">Kletterausr\u00fcstung Pflege\u00f6l<\/a> einzuschmieren. Somit ist die ordentliche Klipp Funktion wieder gew\u00e4hrleistet!<\/p>\n<h4><strong>Link Tipp<\/strong><\/h4>\n<p>Wer mehr \u00fcber Karabiner wissen will, kann sich mal\u00a0 das folgende <a href=\"https:\/\/youtu.be\/2jDg0mFhHvQ\" target=\"_blank\" rel=\"noopener noreferrer\">Video<\/a> ansehen. Darum geht es um die Sicherheit &#8211; das Austauschen von Karabinern von bau\u00e4hnlichen Modellen wie dem Rockit Schnapper poliert &#8211; Austrialpin.<\/p>\n","protected":false},"excerpt":{"rendered":"<ul>\n<li>Hersteller: <a href=\"https:\/\/bolting.eu\/produkt-kategorie\/austrialpin\/\">Austrialpin<\/a><\/li>\n<li>Material: Aluminium poliert<\/li>\n<li>Farbe: farblos<\/li>\n<li>EN Norm 12275 bzw. UIAA 121<\/li>\n<li>Verschluss: gerader Keylock Schnapper<\/li>\n<li>Bruchlasten 26kN l\u00e4ngs \/ 10kN offen \/ 10 kN Querachse<\/li>\n<li>Gr\u00f6\u00dfe 98 x 59mm<\/li>\n<li>Schnapper\u00f6ffnung: 22mm<\/li>\n<li>Gewicht: 49 Gramm<\/li>\n<li>Made in Austria<\/li>\n<\/ul>\n","protected":false},"featured_media":6276,"comment_status":"open","ping_status":"closed","template":"","meta":[],"product_brand":[],"product_cat":[13923,3004,4649,44],"product_tag":[],"class_list":{"0":"post-6275","1":"product","2":"type-product","3":"status-publish","4":"has-post-thumbnail","6":"product_cat-austrialpin-rockit","7":"product_cat-schnappkarabiner","8":"product_cat-austrialpin","9":"product_cat-kletterkarabiner","11":"first","12":"instock","13":"sale","14":"taxable","15":"shipping-taxable","16":"purchasable","17":"product-type-simple"},"yoast_head":"<!-- This site is optimized with the Yoast SEO Premium plugin v26.9 (Yoast SEO v26.9) - https:\/\/yoast.com\/product\/yoast-seo-premium-wordpress\/ -->\n<title>Rockit Schnapper poliert - Austrialpin g\u00fcnstig online kaufen | bolting.eu<\/title>\n<meta name=\"description\" content=\"Hier findet Ihr den ROCKIT SCHNAPPER POLIERT - Austrialpin. Einen g\u00fcnstigen Allroundkarabiner aus poliertem Alu beim Kletterprofi bolting.eu!\" \/>\n<meta name=\"robots\" content=\"index, follow, max-snippet:-1, max-image-preview:large, max-video-preview:-1\" \/>\n<link rel=\"canonical\" href=\"https:\/\/bolting.eu\/en\/shop\/rockit-schnapper-poliert-austrialpin\/\" \/>\n<meta property=\"og:locale\" content=\"en_US\" \/>\n<meta property=\"og:type\" content=\"article\" \/>\n<meta property=\"og:title\" content=\"Rockit Schnapper poliert - Austrialpin\" \/>\n<meta property=\"og:description\" content=\"Hier findet Ihr den ROCKIT SCHNAPPER POLIERT - Austrialpin. Einen g\u00fcnstigen Allroundkarabiner aus poliertem Alu beim Kletterprofi bolting.eu!\" \/>\n<meta property=\"og:url\" content=\"https:\/\/bolting.eu\/en\/shop\/rockit-schnapper-poliert-austrialpin\/\" \/>\n<meta property=\"og:site_name\" content=\"bolting.eu\" \/>\n<meta property=\"article:publisher\" content=\"https:\/\/www.facebook.com\/bolting.eu\" \/>\n<meta property=\"article:modified_time\" content=\"2026-04-10T03:56:02+00:00\" \/>\n<meta property=\"og:image\" content=\"https:\/\/bolting.eu\/wp-content\/uploads\/2020\/11\/Rockit-Schnapper-poliert-Austrialpin-1.jpg\" \/>\n\t<meta property=\"og:image:width\" content=\"700\" \/>\n\t<meta property=\"og:image:height\" content=\"700\" \/>\n\t<meta property=\"og:image:type\" content=\"image\/jpeg\" \/>\n<meta name=\"twitter:card\" content=\"summary_large_image\" \/>\n<meta name=\"twitter:label1\" content=\"Price\" \/>\n\t<meta name=\"twitter:data1\" content=\"&euro;&nbsp;7,10\" \/>\n\t<meta name=\"twitter:label2\" content=\"Availability\" \/>\n\t<meta name=\"twitter:data2\" content=\"In stock\" \/>\n<script type=\"application\/ld+json\" class=\"yoast-schema-graph\">{\"@context\":\"https:\/\/schema.org\",\"@graph\":[{\"@type\":[\"WebPage\",\"ItemPage\"],\"@id\":\"https:\/\/bolting.eu\/en\/shop\/rockit-schnapper-poliert-austrialpin\/\",\"url\":\"https:\/\/bolting.eu\/en\/shop\/rockit-schnapper-poliert-austrialpin\/\",\"name\":\"Rockit Schnapper poliert - Austrialpin g\u00fcnstig online kaufen | bolting.eu\",\"isPartOf\":{\"@id\":\"https:\/\/bolting.eu\/en\/#website\"},\"primaryImageOfPage\":{\"@id\":\"https:\/\/bolting.eu\/en\/shop\/rockit-schnapper-poliert-austrialpin\/#primaryimage\"},\"image\":{\"@id\":\"https:\/\/bolting.eu\/en\/shop\/rockit-schnapper-poliert-austrialpin\/#primaryimage\"},\"thumbnailUrl\":\"https:\/\/bolting.eu\/wp-content\/uploads\/2020\/11\/Rockit-Schnapper-poliert-Austrialpin-1.jpg\",\"datePublished\":\"2020-11-20T08:34:09+00:00\",\"dateModified\":\"2026-04-10T03:56:02+00:00\",\"description\":\"Hier findet Ihr den ROCKIT SCHNAPPER POLIERT - Austrialpin. Einen g\u00fcnstigen Allroundkarabiner aus poliertem Alu beim Kletterprofi bolting.eu!\",\"breadcrumb\":{\"@id\":\"https:\/\/bolting.eu\/en\/shop\/rockit-schnapper-poliert-austrialpin\/#breadcrumb\"},\"inLanguage\":\"en-US\",\"potentialAction\":[{\"@type\":\"ReadAction\",\"target\":[\"https:\/\/bolting.eu\/en\/shop\/rockit-schnapper-poliert-austrialpin\/\"]}]},{\"@type\":\"ImageObject\",\"inLanguage\":\"en-US\",\"@id\":\"https:\/\/bolting.eu\/en\/shop\/rockit-schnapper-poliert-austrialpin\/#primaryimage\",\"url\":\"https:\/\/bolting.eu\/wp-content\/uploads\/2020\/11\/Rockit-Schnapper-poliert-Austrialpin-1.jpg\",\"contentUrl\":\"https:\/\/bolting.eu\/wp-content\/uploads\/2020\/11\/Rockit-Schnapper-poliert-Austrialpin-1.jpg\",\"width\":700,\"height\":700,\"caption\":\"Das Bild zeigt den Rockit Schnapper poliert - Austrialpin. Der silberne Allroundkarabiner steht aufrecht in Bildmitte mit dem Schnapper nach links.\"},{\"@type\":\"BreadcrumbList\",\"@id\":\"https:\/\/bolting.eu\/en\/shop\/rockit-schnapper-poliert-austrialpin\/#breadcrumb\",\"itemListElement\":[{\"@type\":\"ListItem\",\"position\":1,\"name\":\"Shop\",\"item\":\"https:\/\/bolting.eu\/en\/shop\/\"},{\"@type\":\"ListItem\",\"position\":2,\"name\":\"climbing equipment\",\"item\":\"https:\/\/bolting.eu\/en\/produkt-kategorie\/climbing-equipment\/\"},{\"@type\":\"ListItem\",\"position\":3,\"name\":\"Climbing carabiner\",\"item\":\"https:\/\/bolting.eu\/en\/produkt-kategorie\/climbing-carabiner\/\"},{\"@type\":\"ListItem\",\"position\":4,\"name\":\"snapgate carabiner\",\"item\":\"https:\/\/bolting.eu\/en\/produkt-kategorie\/snapgate-carabiner\/\"},{\"@type\":\"ListItem\",\"position\":5,\"name\":\"Rockit Schnapper poliert &#8211; Austrialpin\"}]},{\"@type\":\"WebSite\",\"@id\":\"https:\/\/bolting.eu\/en\/#website\",\"url\":\"https:\/\/bolting.eu\/en\/\",\"name\":\"bolting.eu\",\"description\":\"we make climbs happen\",\"publisher\":{\"@id\":\"https:\/\/bolting.eu\/en\/#organization\"},\"potentialAction\":[{\"@type\":\"SearchAction\",\"target\":{\"@type\":\"EntryPoint\",\"urlTemplate\":\"https:\/\/bolting.eu\/en\/?s={search_term_string}\"},\"query-input\":{\"@type\":\"PropertyValueSpecification\",\"valueRequired\":true,\"valueName\":\"search_term_string\"}}],\"inLanguage\":\"en-US\"},{\"@type\":[\"Organization\",\"Place\",\"SportingGoodsStore\"],\"@id\":\"https:\/\/bolting.eu\/en\/#organization\",\"name\":\"bolting.eu\",\"url\":\"https:\/\/bolting.eu\/en\/\",\"logo\":{\"@id\":\"https:\/\/bolting.eu\/en\/shop\/rockit-schnapper-poliert-austrialpin\/#local-main-organization-logo\"},\"image\":{\"@id\":\"https:\/\/bolting.eu\/en\/shop\/rockit-schnapper-poliert-austrialpin\/#local-main-organization-logo\"},\"sameAs\":[\"https:\/\/www.facebook.com\/bolting.eu\",\"https:\/\/www.instagram.com\/bolting.eu\/\"],\"address\":{\"@id\":\"https:\/\/bolting.eu\/en\/shop\/rockit-schnapper-poliert-austrialpin\/#local-main-place-address\"},\"geo\":{\"@type\":\"GeoCoordinates\",\"latitude\":\"47.264176340396226\",\"longitude\":\"11.380109057672346\"},\"telephone\":[\"+43 699 19083372\"],\"openingHoursSpecification\":[{\"@type\":\"OpeningHoursSpecification\",\"dayOfWeek\":[\"Monday\",\"Wednesday\",\"Friday\"],\"opens\":\"14:00\",\"closes\":\"18:00\"},{\"@type\":\"OpeningHoursSpecification\",\"dayOfWeek\":[\"Tuesday\",\"Thursday\",\"Saturday\",\"Sunday\"],\"opens\":\"00:00\",\"closes\":\"00:00\"}],\"email\":\"office@bolting.eu\",\"vatID\":\"ATU59999728\",\"priceRange\":\"$$\",\"currenciesAccepted\":\"Euro\"},{\"@type\":\"PostalAddress\",\"@id\":\"https:\/\/bolting.eu\/en\/shop\/rockit-schnapper-poliert-austrialpin\/#local-main-place-address\",\"streetAddress\":\"Fischnalerstra\u00dfe 4\",\"addressLocality\":\"Innsbruck\",\"postalCode\":\"6020\",\"addressRegion\":\"Tirol\",\"addressCountry\":\"AT\"},{\"@type\":\"ImageObject\",\"inLanguage\":\"en-US\",\"@id\":\"https:\/\/bolting.eu\/en\/shop\/rockit-schnapper-poliert-austrialpin\/#local-main-organization-logo\",\"url\":\"https:\/\/bolting.eu\/wp-content\/uploads\/2019\/09\/bolting-logo.png\",\"contentUrl\":\"https:\/\/bolting.eu\/wp-content\/uploads\/2019\/09\/bolting-logo.png\",\"width\":400,\"height\":211,\"caption\":\"bolting.eu\"}]}<\/script>\n<meta property=\"product:price:amount\" content=\"7.10\" \/>\n<meta property=\"product:price:currency\" content=\"EUR\" \/>\n<meta property=\"og:availability\" content=\"instock\" \/>\n<meta property=\"product:availability\" content=\"instock\" \/>\n<meta property=\"product:retailer_item_id\" content=\"KG01AC\" \/>\n<meta property=\"product:condition\" content=\"new\" \/>\n<meta name=\"geo.placename\" content=\"Innsbruck\" \/>\n<meta name=\"geo.position\" content=\"47.264176340396226;11.380109057672346\" \/>\n<meta name=\"geo.region\" content=\"Austria\" \/>\n<!-- \/ Yoast SEO Premium plugin. -->","yoast_head_json":{"title":"Rockit Schnapper poliert - Austrialpin g\u00fcnstig online kaufen | bolting.eu","description":"Hier findet Ihr den ROCKIT SCHNAPPER POLIERT - Austrialpin. Einen g\u00fcnstigen Allroundkarabiner aus poliertem Alu beim Kletterprofi bolting.eu!","robots":{"index":"index","follow":"follow","max-snippet":"max-snippet:-1","max-image-preview":"max-image-preview:large","max-video-preview":"max-video-preview:-1"},"canonical":"https:\/\/bolting.eu\/en\/shop\/rockit-schnapper-poliert-austrialpin\/","og_locale":"en_US","og_type":"article","og_title":"Rockit Schnapper poliert - Austrialpin","og_description":"Hier findet Ihr den ROCKIT SCHNAPPER POLIERT - Austrialpin. Einen g\u00fcnstigen Allroundkarabiner aus poliertem Alu beim Kletterprofi bolting.eu!","og_url":"https:\/\/bolting.eu\/en\/shop\/rockit-schnapper-poliert-austrialpin\/","og_site_name":"bolting.eu","article_publisher":"https:\/\/www.facebook.com\/bolting.eu","article_modified_time":"2026-04-10T03:56:02+00:00","og_image":[{"width":700,"height":700,"url":"https:\/\/bolting.eu\/wp-content\/uploads\/2020\/11\/Rockit-Schnapper-poliert-Austrialpin-1.jpg","type":"image\/jpeg"}],"twitter_card":"summary_large_image","twitter_misc":{"Price":"&euro;&nbsp;7,10","Availability":"In stock"},"schema":{"@context":"https:\/\/schema.org","@graph":[{"@type":["WebPage","ItemPage"],"@id":"https:\/\/bolting.eu\/en\/shop\/rockit-schnapper-poliert-austrialpin\/","url":"https:\/\/bolting.eu\/en\/shop\/rockit-schnapper-poliert-austrialpin\/","name":"Rockit Schnapper poliert - Austrialpin g\u00fcnstig online kaufen | bolting.eu","isPartOf":{"@id":"https:\/\/bolting.eu\/en\/#website"},"primaryImageOfPage":{"@id":"https:\/\/bolting.eu\/en\/shop\/rockit-schnapper-poliert-austrialpin\/#primaryimage"},"image":{"@id":"https:\/\/bolting.eu\/en\/shop\/rockit-schnapper-poliert-austrialpin\/#primaryimage"},"thumbnailUrl":"https:\/\/bolting.eu\/wp-content\/uploads\/2020\/11\/Rockit-Schnapper-poliert-Austrialpin-1.jpg","datePublished":"2020-11-20T08:34:09+00:00","dateModified":"2026-04-10T03:56:02+00:00","description":"Hier findet Ihr den ROCKIT SCHNAPPER POLIERT - Austrialpin. Einen g\u00fcnstigen Allroundkarabiner aus poliertem Alu beim Kletterprofi bolting.eu!","breadcrumb":{"@id":"https:\/\/bolting.eu\/en\/shop\/rockit-schnapper-poliert-austrialpin\/#breadcrumb"},"inLanguage":"en-US","potentialAction":[{"@type":"ReadAction","target":["https:\/\/bolting.eu\/en\/shop\/rockit-schnapper-poliert-austrialpin\/"]}]},{"@type":"ImageObject","inLanguage":"en-US","@id":"https:\/\/bolting.eu\/en\/shop\/rockit-schnapper-poliert-austrialpin\/#primaryimage","url":"https:\/\/bolting.eu\/wp-content\/uploads\/2020\/11\/Rockit-Schnapper-poliert-Austrialpin-1.jpg","contentUrl":"https:\/\/bolting.eu\/wp-content\/uploads\/2020\/11\/Rockit-Schnapper-poliert-Austrialpin-1.jpg","width":700,"height":700,"caption":"Das Bild zeigt den Rockit Schnapper poliert - Austrialpin. Der silberne Allroundkarabiner steht aufrecht in Bildmitte mit dem Schnapper nach links."},{"@type":"BreadcrumbList","@id":"https:\/\/bolting.eu\/en\/shop\/rockit-schnapper-poliert-austrialpin\/#breadcrumb","itemListElement":[{"@type":"ListItem","position":1,"name":"Shop","item":"https:\/\/bolting.eu\/en\/shop\/"},{"@type":"ListItem","position":2,"name":"climbing equipment","item":"https:\/\/bolting.eu\/en\/produkt-kategorie\/climbing-equipment\/"},{"@type":"ListItem","position":3,"name":"Climbing carabiner","item":"https:\/\/bolting.eu\/en\/produkt-kategorie\/climbing-carabiner\/"},{"@type":"ListItem","position":4,"name":"snapgate carabiner","item":"https:\/\/bolting.eu\/en\/produkt-kategorie\/snapgate-carabiner\/"},{"@type":"ListItem","position":5,"name":"Rockit Schnapper poliert &#8211; Austrialpin"}]},{"@type":"WebSite","@id":"https:\/\/bolting.eu\/en\/#website","url":"https:\/\/bolting.eu\/en\/","name":"bolting.eu","description":"we make climbs happen","publisher":{"@id":"https:\/\/bolting.eu\/en\/#organization"},"potentialAction":[{"@type":"SearchAction","target":{"@type":"EntryPoint","urlTemplate":"https:\/\/bolting.eu\/en\/?s={search_term_string}"},"query-input":{"@type":"PropertyValueSpecification","valueRequired":true,"valueName":"search_term_string"}}],"inLanguage":"en-US"},{"@type":["Organization","Place","SportingGoodsStore"],"@id":"https:\/\/bolting.eu\/en\/#organization","name":"bolting.eu","url":"https:\/\/bolting.eu\/en\/","logo":{"@id":"https:\/\/bolting.eu\/en\/shop\/rockit-schnapper-poliert-austrialpin\/#local-main-organization-logo"},"image":{"@id":"https:\/\/bolting.eu\/en\/shop\/rockit-schnapper-poliert-austrialpin\/#local-main-organization-logo"},"sameAs":["https:\/\/www.facebook.com\/bolting.eu","https:\/\/www.instagram.com\/bolting.eu\/"],"address":{"@id":"https:\/\/bolting.eu\/en\/shop\/rockit-schnapper-poliert-austrialpin\/#local-main-place-address"},"geo":{"@type":"GeoCoordinates","latitude":"47.264176340396226","longitude":"11.380109057672346"},"telephone":["+43 699 19083372"],"openingHoursSpecification":[{"@type":"OpeningHoursSpecification","dayOfWeek":["Monday","Wednesday","Friday"],"opens":"14:00","closes":"18:00"},{"@type":"OpeningHoursSpecification","dayOfWeek":["Tuesday","Thursday","Saturday","Sunday"],"opens":"00:00","closes":"00:00"}],"email":"office@bolting.eu","vatID":"ATU59999728","priceRange":"$$","currenciesAccepted":"Euro"},{"@type":"PostalAddress","@id":"https:\/\/bolting.eu\/en\/shop\/rockit-schnapper-poliert-austrialpin\/#local-main-place-address","streetAddress":"Fischnalerstra\u00dfe 4","addressLocality":"Innsbruck","postalCode":"6020","addressRegion":"Tirol","addressCountry":"AT"},{"@type":"ImageObject","inLanguage":"en-US","@id":"https:\/\/bolting.eu\/en\/shop\/rockit-schnapper-poliert-austrialpin\/#local-main-organization-logo","url":"https:\/\/bolting.eu\/wp-content\/uploads\/2019\/09\/bolting-logo.png","contentUrl":"https:\/\/bolting.eu\/wp-content\/uploads\/2019\/09\/bolting-logo.png","width":400,"height":211,"caption":"bolting.eu"}]},"product_price_amount":"7.10","product_price_currency":"EUR","og_availability":"instock","product_availability":"instock","product_retailer_item_id":"KG01AC","product_condition":"new","geo.placename":"Innsbruck","geo.position":{"lat":"47.264176340396226","long":"11.380109057672346"},"geo.region":"Austria"},"_links":{"self":[{"href":"https:\/\/bolting.eu\/en\/wp-json\/wp\/v2\/product\/6275","targetHints":{"allow":["GET"]}}],"collection":[{"href":"https:\/\/bolting.eu\/en\/wp-json\/wp\/v2\/product"}],"about":[{"href":"https:\/\/bolting.eu\/en\/wp-json\/wp\/v2\/types\/product"}],"replies":[{"embeddable":true,"href":"https:\/\/bolting.eu\/en\/wp-json\/wp\/v2\/comments?post=6275"}],"wp:featuredmedia":[{"embeddable":true,"href":"https:\/\/bolting.eu\/en\/wp-json\/wp\/v2\/media\/6276"}],"wp:attachment":[{"href":"https:\/\/bolting.eu\/en\/wp-json\/wp\/v2\/media?parent=6275"}],"wp:term":[{"taxonomy":"product_brand","embeddable":true,"href":"https:\/\/bolting.eu\/en\/wp-json\/wp\/v2\/product_brand?post=6275"},{"taxonomy":"product_cat","embeddable":true,"href":"https:\/\/bolting.eu\/en\/wp-json\/wp\/v2\/product_cat?post=6275"},{"taxonomy":"product_tag","embeddable":true,"href":"https:\/\/bolting.eu\/en\/wp-json\/wp\/v2\/product_tag?post=6275"}],"curies":[{"name":"wp","href":"https:\/\/api.w.org\/{rel}","templated":true}]}}