{"id":6256,"date":"2020-11-19T19:18:59","date_gmt":"2020-11-19T18:18:59","guid":{"rendered":"https:\/\/bolting.eu\/?post_type=product&#038;p=6256"},"modified":"2023-09-14T15:06:19","modified_gmt":"2023-09-14T13:06:19","slug":"ocun-twist-tech","status":"publish","type":"product","link":"https:\/\/bolting.eu\/en\/shop\/ocun-twist-tech\/","title":{"rendered":"Ocun Twist Tech"},"content":{"rendered":"<p>Der Ocun Twist Tech ist ein beliebter Allround Klettergurt. Er geh\u00f6rt bei uns im Online Klettershop zu den absoluten Bestellern.<\/p>\n<p>Der Grund daf\u00fcr ist auch leicht erkl\u00e4rt. Denn dieses Klettergurt Modell hat einige sehr durchdachte Features die ihn zu einem so klasse Allrounder machen. Denn er ist bei Sport-, Alpin- und Eiskletterern ebenso beliebt wie bei Alpinisten und Klettersteig Liebhabern.<\/p>\n<p>Erstens hat er ein super Gewichts-Komfort Verh\u00e4ltnis. D.h. bei gerade einmal ca. 400 Gramm bietet er super breite Bein und H\u00fcftschlaufen.<\/p>\n<p>Zweitens k\u00f6nne sich die Ausstattungsdetails des Ocun Twist Tech echt sehen lassen. Da w\u00e4ren zum einen die drei Slide-Lock Schnallen zum Verstellen aus Edelstahl. Und zum anderen die ger\u00e4umigen f\u00fcnf Materialschlaufen.<\/p>\n<p>Drittens gibt es den Gurt in drei Gr\u00f6\u00dfenstufen. Folglich bringt dies einen weiteren Vorteil mit sich. Man kann den Gurt im Sommer enger bzw. im Winter weiter machen. Mit einer Gr\u00f6\u00dfe deckt man zwei Jahreszeiten ab!<\/p>\n<p>Kurzum. Es ist wenig verwunderlich dass dieser beliebte Allround Gurt in so vielen Kletterausr\u00fcstungen zu finden ist!<\/p>\n<h2>Eigenschaften Ocun Twist Tech<\/h2>\n<ul>\n<li>Hersteller: Ocun<\/li>\n<li>voll verstellbarer Klettergurt<\/li>\n<li>sehr komfortabel mit breiten Beinschlaufen bzw H\u00fcftschlaufen<\/li>\n<li>Gr\u00f6\u00dfen: XS-M, M-L, L-XL<\/li>\n<li>Gewicht: 380 &#8211; 400 &#8211; 420 Gramm<\/li>\n<li>Normen: EN 122777, UIAA 105<\/li>\n<li>3 praktische Edelstahl Slide-Lock-Schnallen<\/li>\n<li>4 seitliche Materialschlaufen<\/li>\n<li>1 r\u00fcckw\u00e4rtige Materialschlaufe<\/li>\n<li>2 Schlaufen f\u00fcr optionalen Materialkarabiner<\/li>\n<\/ul>\n<h3>Ocun Twist Tech &#8211; Gr\u00f6\u00dfentabelle<\/h3>\n<p>Damit ihr ja die richtige Gr\u00f6\u00dfe findet, gibt es im Folgenden die Gr\u00f6\u00dfentabelle:<\/p>\n<table border=\"1\" width=\"412\">\n<tbody>\n<tr>\n<td style=\"text-align: center;\" width=\"103\"><strong>Gr\u00f6\u00dfe<\/strong><\/td>\n<td style=\"text-align: center;\" width=\"103\"><strong>\u00a0H\u00fcfte<\/strong><\/td>\n<td style=\"text-align: center;\" width=\"103\"><strong>\u00a0Beine\u00a0<\/strong><\/td>\n<td style=\"text-align: center;\" width=\"103\"><strong>\u00a0Gewicht\u00a0<\/strong><\/td>\n<\/tr>\n<tr>\n<td style=\"text-align: center;\" width=\"103\"><strong>XS &#8211; M<\/strong><\/td>\n<td style=\"text-align: center;\" width=\"103\">63 &#8211; 90 cm<\/td>\n<td style=\"text-align: center;\" width=\"103\">\u00a045 &#8211; 60 cm<\/td>\n<td style=\"text-align: center;\" width=\"103\">\u00a0380 g<\/td>\n<\/tr>\n<tr>\n<td style=\"text-align: center;\" width=\"103\"><strong>M &#8211; L<\/strong><\/td>\n<td style=\"text-align: center;\" width=\"103\">69 &#8211; 100 cm<\/td>\n<td style=\"text-align: center;\" width=\"103\">\u00a049 &#8211; 68 cm<\/td>\n<td style=\"text-align: center;\" width=\"103\">\u00a0400 g<\/td>\n<\/tr>\n<tr>\n<td style=\"text-align: center;\" width=\"103\"><strong>L &#8211; XL<\/strong><\/td>\n<td style=\"text-align: center;\" width=\"103\">77 &#8211; 110 cm<\/td>\n<td style=\"text-align: center;\" width=\"103\">\u00a053 &#8211; 72 cm<\/td>\n<td style=\"text-align: center;\" width=\"103\">\u00a0420 g<\/td>\n<\/tr>\n<\/tbody>\n<\/table>\n<h3>Ocun Twist Tech &#8211; Komfort<\/h3>\n<p>Kletterer bzw. Klettersteig Freunde sch\u00e4tzen den Gurt wegen seinem Komfort. Denn die Beinschlaufen sowie die H\u00fcftschlaufe sind breit ausgelegt. D.h. sowohl am Stand als auch in allen Rastpositionen dr\u00fcckt nichts. Das Gewicht verteilt sich ideal und gleichm\u00e4\u00dfig auf alle B\u00e4nder. Das macht diesen Gurt so beliebt.<\/p>\n<h3>Viel Platz am Gurt<\/h3>\n<p>Ein weiterer Grund f\u00fcr die Popularit\u00e4t des Ocun Twist Tech ist sein Platzangebot. Gleich f\u00fcnf Materialschlaufen bieten die M\u00f6glichkeit jede Menge Material mit zu nehmen. Z.B. bei einer langen Alpinroute oder einer Eisklettertour. Hierf\u00fcr bietet der Gurt sogar noch zwei extra Schlaufen, in welche ein Materialkarabiner eingef\u00e4delt werden kann.<\/p>\n<h3>Klettersteig Geher lieben ihn<\/h3>\n<p>Aufgrund der Bestellungen in unserem Shop k\u00f6nnen wir klar sehen. Klettersteig Geher lieben den Ocun Twist Tech bzw. die Damen das Modell Lady. Dies liegt wahrscheinlich an den ausgewogenen Features bzw. dem Komfort sowie dem Preis-Leistungsverh\u00e4ltnis. <a href=\"https:\/\/bolting.eu\/produkt-kategorie\/klettersteigset\/\">Klettersteigsets<\/a> k\u00f6nnen nat\u00fcrlich problemlos an der farblich hervorgehobenen Anseilschlaufe angebracht werden.<\/p>\n<h4><strong>Link Tipp<\/strong><\/h4>\n<p>in diesem <a href=\"https:\/\/youtu.be\/vlAC9_plCtY\" target=\"_blank\" rel=\"noopener noreferrer\">Youtube Video<\/a> wird die Ocun Twist Tech Familie auf der Outdoor vorgestellt (Englisch).<\/p>\n<p>&nbsp;<\/p>\n","protected":false},"excerpt":{"rendered":"<ul>\n<li>Hersteller: <a href=\"https:\/\/bolting.eu\/produkt-kategorie\/ocun\/\">Ocun<\/a><\/li>\n<li>voll verstellbarer Klettergurt<\/li>\n<li>sehr komfortabel mit breiten Beinschlaufen bzw H\u00fcftschlaufen<\/li>\n<li>Gr\u00f6\u00dfen: XS-M, M-L, L-XL<\/li>\n<li>Gewicht: 380 &#8211; 400 &#8211; 420 Gramm<\/li>\n<li>Normen: EN 122777, UIAA 105<\/li>\n<li>3 praktische Edelstahl Slide-Lock-Schnallen<\/li>\n<li>4 seitliche Materialschlaufen<\/li>\n<li>1 r\u00fcckw\u00e4rtige Materialschlaufe<\/li>\n<li>2 Schlaufen f\u00fcr optionalen Materialkarabiner<\/li>\n<\/ul>\n","protected":false},"featured_media":6257,"comment_status":"open","ping_status":"closed","template":"","meta":[],"product_brand":[],"product_cat":[12383,6359],"product_tag":[],"class_list":{"0":"post-6256","1":"product","2":"type-product","3":"status-publish","4":"has-post-thumbnail","6":"product_cat-ocun","7":"product_cat-klettergurte","9":"first","10":"outofstock","11":"sale","12":"taxable","13":"shipping-taxable","14":"purchasable","15":"product-type-variable"},"yoast_head":"<!-- This site is optimized with the Yoast SEO Premium plugin v26.9 (Yoast SEO v26.9) - https:\/\/yoast.com\/product\/yoast-seo-premium-wordpress\/ -->\n<title>Ocun Twist Tech Allround Klettergurt online kaufen | bolting.eu<\/title>\n<meta name=\"description\" content=\"Hier findet ihr den OCUN TWIST TECH. Einen \u00e4u\u00dferst beliebten Allround Klettergurt f\u00fcr alle alpinen DIsziplinen zu einem klasse Preis!\" \/>\n<meta name=\"robots\" content=\"index, follow, max-snippet:-1, max-image-preview:large, max-video-preview:-1\" \/>\n<link rel=\"canonical\" href=\"https:\/\/bolting.eu\/en\/shop\/ocun-twist-tech\/\" \/>\n<meta property=\"og:locale\" content=\"en_US\" \/>\n<meta property=\"og:type\" content=\"article\" \/>\n<meta property=\"og:title\" content=\"Ocun Twist Tech\" \/>\n<meta property=\"og:description\" content=\"Hier findet ihr den OCUN TWIST TECH. Einen \u00e4u\u00dferst beliebten Allround Klettergurt f\u00fcr alle alpinen DIsziplinen zu einem klasse Preis!\" \/>\n<meta property=\"og:url\" content=\"https:\/\/bolting.eu\/en\/shop\/ocun-twist-tech\/\" \/>\n<meta property=\"og:site_name\" content=\"bolting.eu\" \/>\n<meta property=\"article:publisher\" content=\"https:\/\/www.facebook.com\/bolting.eu\" \/>\n<meta property=\"article:modified_time\" content=\"2023-09-14T13:06:19+00:00\" \/>\n<meta property=\"og:image\" content=\"https:\/\/bolting.eu\/wp-content\/uploads\/2020\/11\/Ocun-Twist-Tech-1.jpg\" \/>\n\t<meta property=\"og:image:width\" content=\"700\" \/>\n\t<meta property=\"og:image:height\" content=\"700\" \/>\n\t<meta property=\"og:image:type\" content=\"image\/jpeg\" \/>\n<meta name=\"twitter:card\" content=\"summary_large_image\" \/>\n<meta name=\"twitter:label1\" content=\"Availability\" \/>\n\t<meta name=\"twitter:data1\" content=\"Out of stock\" \/>\n<script type=\"application\/ld+json\" class=\"yoast-schema-graph\">{\"@context\":\"https:\/\/schema.org\",\"@graph\":[{\"@type\":[\"WebPage\",\"ItemPage\"],\"@id\":\"https:\/\/bolting.eu\/en\/shop\/ocun-twist-tech\/\",\"url\":\"https:\/\/bolting.eu\/en\/shop\/ocun-twist-tech\/\",\"name\":\"Ocun Twist Tech Allround Klettergurt online kaufen | bolting.eu\",\"isPartOf\":{\"@id\":\"https:\/\/bolting.eu\/en\/#website\"},\"primaryImageOfPage\":{\"@id\":\"https:\/\/bolting.eu\/en\/shop\/ocun-twist-tech\/#primaryimage\"},\"image\":{\"@id\":\"https:\/\/bolting.eu\/en\/shop\/ocun-twist-tech\/#primaryimage\"},\"thumbnailUrl\":\"https:\/\/bolting.eu\/wp-content\/uploads\/2020\/11\/Ocun-Twist-Tech-1.jpg\",\"datePublished\":\"2020-11-19T18:18:59+00:00\",\"dateModified\":\"2023-09-14T13:06:19+00:00\",\"description\":\"Hier findet ihr den OCUN TWIST TECH. Einen \u00e4u\u00dferst beliebten Allround Klettergurt f\u00fcr alle alpinen DIsziplinen zu einem klasse Preis!\",\"breadcrumb\":{\"@id\":\"https:\/\/bolting.eu\/en\/shop\/ocun-twist-tech\/#breadcrumb\"},\"inLanguage\":\"en-US\",\"potentialAction\":[{\"@type\":\"ReadAction\",\"target\":[\"https:\/\/bolting.eu\/en\/shop\/ocun-twist-tech\/\"]}]},{\"@type\":\"ImageObject\",\"inLanguage\":\"en-US\",\"@id\":\"https:\/\/bolting.eu\/en\/shop\/ocun-twist-tech\/#primaryimage\",\"url\":\"https:\/\/bolting.eu\/wp-content\/uploads\/2020\/11\/Ocun-Twist-Tech-1.jpg\",\"contentUrl\":\"https:\/\/bolting.eu\/wp-content\/uploads\/2020\/11\/Ocun-Twist-Tech-1.jpg\",\"width\":700,\"height\":700,\"caption\":\"Das Bild zeigt den Ocun Twist Tech Klettergurt. Der dunkel-violette Gurt ist in Bildmitte zu sehen. Er ist vor wei\u00dfem Hintergrund ausgebreitet zu sehen sodass man alle Produktdetails gut erkennt. Die H\u00fcftschlaufe, die Materialschlaufen, die Einboindeschlaufe sowie die beiden verstellbaren Beinschlaufen.\"},{\"@type\":\"BreadcrumbList\",\"@id\":\"https:\/\/bolting.eu\/en\/shop\/ocun-twist-tech\/#breadcrumb\",\"itemListElement\":[{\"@type\":\"ListItem\",\"position\":1,\"name\":\"Shop\",\"item\":\"https:\/\/bolting.eu\/en\/shop\/\"},{\"@type\":\"ListItem\",\"position\":2,\"name\":\"Ocun\",\"item\":\"https:\/\/bolting.eu\/produkt-kategorie\/ocun\/\"},{\"@type\":\"ListItem\",\"position\":3,\"name\":\"Ocun Twist Tech\"}]},{\"@type\":\"WebSite\",\"@id\":\"https:\/\/bolting.eu\/en\/#website\",\"url\":\"https:\/\/bolting.eu\/en\/\",\"name\":\"bolting.eu\",\"description\":\"we make climbs happen\",\"publisher\":{\"@id\":\"https:\/\/bolting.eu\/en\/#organization\"},\"potentialAction\":[{\"@type\":\"SearchAction\",\"target\":{\"@type\":\"EntryPoint\",\"urlTemplate\":\"https:\/\/bolting.eu\/en\/?s={search_term_string}\"},\"query-input\":{\"@type\":\"PropertyValueSpecification\",\"valueRequired\":true,\"valueName\":\"search_term_string\"}}],\"inLanguage\":\"en-US\"},{\"@type\":[\"Organization\",\"Place\",\"SportingGoodsStore\"],\"@id\":\"https:\/\/bolting.eu\/en\/#organization\",\"name\":\"bolting.eu\",\"url\":\"https:\/\/bolting.eu\/en\/\",\"logo\":{\"@id\":\"https:\/\/bolting.eu\/en\/shop\/ocun-twist-tech\/#local-main-organization-logo\"},\"image\":{\"@id\":\"https:\/\/bolting.eu\/en\/shop\/ocun-twist-tech\/#local-main-organization-logo\"},\"sameAs\":[\"https:\/\/www.facebook.com\/bolting.eu\",\"https:\/\/www.instagram.com\/bolting.eu\/\"],\"address\":{\"@id\":\"https:\/\/bolting.eu\/en\/shop\/ocun-twist-tech\/#local-main-place-address\"},\"geo\":{\"@type\":\"GeoCoordinates\",\"latitude\":\"47.264176340396226\",\"longitude\":\"11.380109057672346\"},\"telephone\":[\"+43 699 19083372\"],\"openingHoursSpecification\":[{\"@type\":\"OpeningHoursSpecification\",\"dayOfWeek\":[\"Monday\",\"Wednesday\",\"Friday\"],\"opens\":\"14:00\",\"closes\":\"18:00\"},{\"@type\":\"OpeningHoursSpecification\",\"dayOfWeek\":[\"Tuesday\",\"Thursday\",\"Saturday\",\"Sunday\"],\"opens\":\"00:00\",\"closes\":\"00:00\"}],\"email\":\"office@bolting.eu\",\"vatID\":\"ATU59999728\",\"priceRange\":\"$$\",\"currenciesAccepted\":\"Euro\"},{\"@type\":\"PostalAddress\",\"@id\":\"https:\/\/bolting.eu\/en\/shop\/ocun-twist-tech\/#local-main-place-address\",\"streetAddress\":\"Fischnalerstra\u00dfe 4\",\"addressLocality\":\"Innsbruck\",\"postalCode\":\"6020\",\"addressRegion\":\"Tirol\",\"addressCountry\":\"AT\"},{\"@type\":\"ImageObject\",\"inLanguage\":\"en-US\",\"@id\":\"https:\/\/bolting.eu\/en\/shop\/ocun-twist-tech\/#local-main-organization-logo\",\"url\":\"https:\/\/bolting.eu\/wp-content\/uploads\/2019\/09\/bolting-logo.png\",\"contentUrl\":\"https:\/\/bolting.eu\/wp-content\/uploads\/2019\/09\/bolting-logo.png\",\"width\":400,\"height\":211,\"caption\":\"bolting.eu\"}]}<\/script>\n<meta property=\"og:availability\" content=\"out of stock\" \/>\n<meta property=\"product:availability\" content=\"out of stock\" \/>\n<meta property=\"product:condition\" content=\"new\" \/>\n<meta name=\"geo.placename\" content=\"Innsbruck\" \/>\n<meta name=\"geo.position\" content=\"47.264176340396226;11.380109057672346\" \/>\n<meta name=\"geo.region\" content=\"Austria\" \/>\n<!-- \/ Yoast SEO Premium plugin. -->","yoast_head_json":{"title":"Ocun Twist Tech Allround Klettergurt online kaufen | bolting.eu","description":"Hier findet ihr den OCUN TWIST TECH. Einen \u00e4u\u00dferst beliebten Allround Klettergurt f\u00fcr alle alpinen DIsziplinen zu einem klasse Preis!","robots":{"index":"index","follow":"follow","max-snippet":"max-snippet:-1","max-image-preview":"max-image-preview:large","max-video-preview":"max-video-preview:-1"},"canonical":"https:\/\/bolting.eu\/en\/shop\/ocun-twist-tech\/","og_locale":"en_US","og_type":"article","og_title":"Ocun Twist Tech","og_description":"Hier findet ihr den OCUN TWIST TECH. Einen \u00e4u\u00dferst beliebten Allround Klettergurt f\u00fcr alle alpinen DIsziplinen zu einem klasse Preis!","og_url":"https:\/\/bolting.eu\/en\/shop\/ocun-twist-tech\/","og_site_name":"bolting.eu","article_publisher":"https:\/\/www.facebook.com\/bolting.eu","article_modified_time":"2023-09-14T13:06:19+00:00","og_image":[{"width":700,"height":700,"url":"https:\/\/bolting.eu\/wp-content\/uploads\/2020\/11\/Ocun-Twist-Tech-1.jpg","type":"image\/jpeg"}],"twitter_card":"summary_large_image","twitter_misc":{"Availability":"Out of stock"},"schema":{"@context":"https:\/\/schema.org","@graph":[{"@type":["WebPage","ItemPage"],"@id":"https:\/\/bolting.eu\/en\/shop\/ocun-twist-tech\/","url":"https:\/\/bolting.eu\/en\/shop\/ocun-twist-tech\/","name":"Ocun Twist Tech Allround Klettergurt online kaufen | bolting.eu","isPartOf":{"@id":"https:\/\/bolting.eu\/en\/#website"},"primaryImageOfPage":{"@id":"https:\/\/bolting.eu\/en\/shop\/ocun-twist-tech\/#primaryimage"},"image":{"@id":"https:\/\/bolting.eu\/en\/shop\/ocun-twist-tech\/#primaryimage"},"thumbnailUrl":"https:\/\/bolting.eu\/wp-content\/uploads\/2020\/11\/Ocun-Twist-Tech-1.jpg","datePublished":"2020-11-19T18:18:59+00:00","dateModified":"2023-09-14T13:06:19+00:00","description":"Hier findet ihr den OCUN TWIST TECH. Einen \u00e4u\u00dferst beliebten Allround Klettergurt f\u00fcr alle alpinen DIsziplinen zu einem klasse Preis!","breadcrumb":{"@id":"https:\/\/bolting.eu\/en\/shop\/ocun-twist-tech\/#breadcrumb"},"inLanguage":"en-US","potentialAction":[{"@type":"ReadAction","target":["https:\/\/bolting.eu\/en\/shop\/ocun-twist-tech\/"]}]},{"@type":"ImageObject","inLanguage":"en-US","@id":"https:\/\/bolting.eu\/en\/shop\/ocun-twist-tech\/#primaryimage","url":"https:\/\/bolting.eu\/wp-content\/uploads\/2020\/11\/Ocun-Twist-Tech-1.jpg","contentUrl":"https:\/\/bolting.eu\/wp-content\/uploads\/2020\/11\/Ocun-Twist-Tech-1.jpg","width":700,"height":700,"caption":"Das Bild zeigt den Ocun Twist Tech Klettergurt. Der dunkel-violette Gurt ist in Bildmitte zu sehen. Er ist vor wei\u00dfem Hintergrund ausgebreitet zu sehen sodass man alle Produktdetails gut erkennt. Die H\u00fcftschlaufe, die Materialschlaufen, die Einboindeschlaufe sowie die beiden verstellbaren Beinschlaufen."},{"@type":"BreadcrumbList","@id":"https:\/\/bolting.eu\/en\/shop\/ocun-twist-tech\/#breadcrumb","itemListElement":[{"@type":"ListItem","position":1,"name":"Shop","item":"https:\/\/bolting.eu\/en\/shop\/"},{"@type":"ListItem","position":2,"name":"Ocun","item":"https:\/\/bolting.eu\/produkt-kategorie\/ocun\/"},{"@type":"ListItem","position":3,"name":"Ocun Twist Tech"}]},{"@type":"WebSite","@id":"https:\/\/bolting.eu\/en\/#website","url":"https:\/\/bolting.eu\/en\/","name":"bolting.eu","description":"we make climbs happen","publisher":{"@id":"https:\/\/bolting.eu\/en\/#organization"},"potentialAction":[{"@type":"SearchAction","target":{"@type":"EntryPoint","urlTemplate":"https:\/\/bolting.eu\/en\/?s={search_term_string}"},"query-input":{"@type":"PropertyValueSpecification","valueRequired":true,"valueName":"search_term_string"}}],"inLanguage":"en-US"},{"@type":["Organization","Place","SportingGoodsStore"],"@id":"https:\/\/bolting.eu\/en\/#organization","name":"bolting.eu","url":"https:\/\/bolting.eu\/en\/","logo":{"@id":"https:\/\/bolting.eu\/en\/shop\/ocun-twist-tech\/#local-main-organization-logo"},"image":{"@id":"https:\/\/bolting.eu\/en\/shop\/ocun-twist-tech\/#local-main-organization-logo"},"sameAs":["https:\/\/www.facebook.com\/bolting.eu","https:\/\/www.instagram.com\/bolting.eu\/"],"address":{"@id":"https:\/\/bolting.eu\/en\/shop\/ocun-twist-tech\/#local-main-place-address"},"geo":{"@type":"GeoCoordinates","latitude":"47.264176340396226","longitude":"11.380109057672346"},"telephone":["+43 699 19083372"],"openingHoursSpecification":[{"@type":"OpeningHoursSpecification","dayOfWeek":["Monday","Wednesday","Friday"],"opens":"14:00","closes":"18:00"},{"@type":"OpeningHoursSpecification","dayOfWeek":["Tuesday","Thursday","Saturday","Sunday"],"opens":"00:00","closes":"00:00"}],"email":"office@bolting.eu","vatID":"ATU59999728","priceRange":"$$","currenciesAccepted":"Euro"},{"@type":"PostalAddress","@id":"https:\/\/bolting.eu\/en\/shop\/ocun-twist-tech\/#local-main-place-address","streetAddress":"Fischnalerstra\u00dfe 4","addressLocality":"Innsbruck","postalCode":"6020","addressRegion":"Tirol","addressCountry":"AT"},{"@type":"ImageObject","inLanguage":"en-US","@id":"https:\/\/bolting.eu\/en\/shop\/ocun-twist-tech\/#local-main-organization-logo","url":"https:\/\/bolting.eu\/wp-content\/uploads\/2019\/09\/bolting-logo.png","contentUrl":"https:\/\/bolting.eu\/wp-content\/uploads\/2019\/09\/bolting-logo.png","width":400,"height":211,"caption":"bolting.eu"}]},"og_availability":"out of stock","product_availability":"out of stock","product_condition":"new","geo.placename":"Innsbruck","geo.position":{"lat":"47.264176340396226","long":"11.380109057672346"},"geo.region":"Austria"},"_links":{"self":[{"href":"https:\/\/bolting.eu\/en\/wp-json\/wp\/v2\/product\/6256","targetHints":{"allow":["GET"]}}],"collection":[{"href":"https:\/\/bolting.eu\/en\/wp-json\/wp\/v2\/product"}],"about":[{"href":"https:\/\/bolting.eu\/en\/wp-json\/wp\/v2\/types\/product"}],"replies":[{"embeddable":true,"href":"https:\/\/bolting.eu\/en\/wp-json\/wp\/v2\/comments?post=6256"}],"wp:featuredmedia":[{"embeddable":true,"href":"https:\/\/bolting.eu\/en\/wp-json\/wp\/v2\/media\/6257"}],"wp:attachment":[{"href":"https:\/\/bolting.eu\/en\/wp-json\/wp\/v2\/media?parent=6256"}],"wp:term":[{"taxonomy":"product_brand","embeddable":true,"href":"https:\/\/bolting.eu\/en\/wp-json\/wp\/v2\/product_brand?post=6256"},{"taxonomy":"product_cat","embeddable":true,"href":"https:\/\/bolting.eu\/en\/wp-json\/wp\/v2\/product_cat?post=6256"},{"taxonomy":"product_tag","embeddable":true,"href":"https:\/\/bolting.eu\/en\/wp-json\/wp\/v2\/product_tag?post=6256"}],"curies":[{"name":"wp","href":"https:\/\/api.w.org\/{rel}","templated":true}]}}