{"id":6251,"date":"2020-11-19T17:22:46","date_gmt":"2020-11-19T16:22:46","guid":{"rendered":"https:\/\/bolting.eu\/?post_type=product&#038;p=6251"},"modified":"2025-12-30T12:14:06","modified_gmt":"2025-12-30T11:14:06","slug":"ocun-webee-kid","status":"publish","type":"product","link":"https:\/\/bolting.eu\/en\/shop\/ocun-webee-kid\/","title":{"rendered":"Ocun Webee Kid"},"content":{"rendered":"<p>Der Ocun Webee Kid ist ein sehr komfortabler Kinderklettergurt. Denn er basiert auf der Webee Technology mit breiten H\u00fcft- sowie Beinschlaufen. Dies macht den Gurt sehr angenem zu tragen. Einerseits bei allen Sportkletter Aktivit\u00e4ten. Und andererseits auch bei Klettersteigen.<\/p>\n<p>Der Webee Kid ist mit seinen 3 Lite-Lock-Schnallen sganz leicht verstellbar. Somit sind sowohl die Beinschlaufen als auch die H\u00fcftschlaufe im Nu eingestellt.<\/p>\n<p>Bei sehr kleinen Kindern von ca. 6 Jahren empfehlen wir zus\u00e4tzlich einen Brustgurt. Ansonsten kann der Gurt nat\u00fcrlich auch alleine verwendet werden.<\/p>\n<p>Kurzum. Wer einen super komfortablen Kinderklettergurt sucht ist hier richtig!<\/p>\n<h2>Eigenschaften Ocun Webee Kid<\/h2>\n<ul>\n<li>Hersteller: Ocun<\/li>\n<li>voll verstellbarer Klettergurt<\/li>\n<li>super komfortabel durch Webee Technologie<\/li>\n<li>sehr breite Beinschlaufen und H\u00fcftschlaufe<\/li>\n<li>Gr\u00f6\u00dfen: Uni (XXS)<\/li>\n<li>Gewicht: 345 Gramm<\/li>\n<li>Normen: EN 122777, UIAA 105<\/li>\n<li>3 praktische Edelstahl Slide-Lock-Schnallen<\/li>\n<li>2 seitliche Materialschlaufen<\/li>\n<li>geeignet von ca. 5 &#8211; 10 Jahren<\/li>\n<\/ul>\n<h3>Ocun Webee Kid Gr\u00f6\u00dfentabelle<\/h3>\n<p>Damit du die richtige Gr\u00f6\u00dfe findest, gibt es hier die passende \u00dcbersichtstabelle:<\/p>\n<table style=\"border-collapse: collapse; width: 260pt;\" border=\"0\" width=\"348\" cellspacing=\"0\" cellpadding=\"0\">\n<colgroup>\n<col style=\"width: 65pt;\" span=\"4\" width=\"87\" \/> <\/colgroup>\n<tbody>\n<tr style=\"height: 16.0pt;\">\n<td style=\"height: 16pt; width: 65pt; text-align: center;\" width=\"87\" height=\"21\"><strong>Gr\u00f6\u00dfe<\/strong><\/td>\n<td style=\"width: 65pt; text-align: center;\" width=\"87\"><strong>H\u00fcfte<\/strong><\/td>\n<td style=\"width: 65pt; text-align: center;\" width=\"87\"><strong>Beine<\/strong><\/td>\n<td style=\"width: 65pt; text-align: center;\" width=\"87\"><strong>Gewicht<\/strong><\/td>\n<\/tr>\n<tr style=\"height: 16.0pt;\">\n<td style=\"height: 16pt; text-align: center;\" height=\"21\"><strong>XXS<\/strong><\/td>\n<td style=\"text-align: center;\">50-75cm<\/td>\n<td style=\"text-align: center;\">40-50cm<\/td>\n<td style=\"text-align: center;\">565 Gramm<\/td>\n<\/tr>\n<tr style=\"height: 16.0pt;\">\n<td style=\"height: 16pt; text-align: center;\" height=\"21\"><\/td>\n<td style=\"text-align: center;\"><\/td>\n<td style=\"text-align: center;\"><\/td>\n<td style=\"text-align: center;\"><\/td>\n<\/tr>\n<\/tbody>\n<\/table>\n<h3>WeBee Technologie<\/h3>\n<p>Der Ocun Webee Kid ist dank seiner Webee Technologie sehr komfortabel. Denn dabei handelt es sich um ein smartes Kunststoff Material mit kleinen L\u00f6chern. Folglich ist das Material zum einen sch\u00f6n leicht. Und zum anderen sorgt es f\u00fcr die Bel\u00fcftung der Haut unter den extrem breiten B\u00e4ndern dieses Gurtes.<\/p>\n<h3>Ocun Webee Kid &#8211; mitwachsender Gurt<\/h3>\n<p>Wer auf diesen Kinderklettergurt etwas Acht gibt, kann sich lange daran erfreuen. Denn dieser Kinderklettergurt w\u00e4chst mit Eurem Kind mit. D.h. man kann die Beinschlaufen laufend gr\u00f6\u00dfer stellen. Und das H\u00fcftband sowieso.<\/p>\n<p>Zum einen reicht der Beinumfang von 40 bis zu 50cm. Und zum anderen der H\u00fcftumfang von 50 bis 75cm. Das entspricht etwa einer Alters-Bandbreite von ca. 5 bis 10 Jahren.<\/p>\n<p>Das Verstellen funktioniert dabei ganz einfach. Denn mit den Slide-Lock-Schnallen reicht ein sanfter Druck aus um die B\u00e4nder verschieben zu k\u00f6nnen.<\/p>\n<h3>Ihr sucht einen noch kleineren Kinderklettergurt?<\/h3>\n<p>Der Ocun Webee Kid Kinderklettergurt ist f\u00fcr Kids ab ca. 5 Jahren geeignet. Wenn Euer Kind sehr klein bzw. noch j\u00fcnger ist, empfehlen wir euch ein Kinder Klettergeschirr wie das <a href=\"https:\/\/bolting.eu\/shop\/edelrid-fraggle\/\">Edelrid Fraggle<\/a> oder das <a href=\"https:\/\/bolting.eu\/shop\/ocun-mojo\/\">Ocun Mojo<\/a>.<\/p>\n<p>Diese &#8220;Vollk\u00f6rpergurte&#8221; umschlie\u00dfen den gesamten K\u00f6rper und sind f\u00fcr ganz kleine Kinder daher viel sicherer.<\/p>\n<h4><strong>Link Tipp<\/strong><\/h4>\n<p>Im folgenden <a href=\"https:\/\/youtu.be\/xw8DYgQ3qaI\" target=\"_blank\" rel=\"noopener noreferrer\">Video<\/a> wird die WeBee Technologie von Ocun und die Herstellung der Gurte n\u00e4her erkl\u00e4rt.<\/p>\n","protected":false},"excerpt":{"rendered":"<ul>\n<li>Hersteller: <a href=\"https:\/\/bolting.eu\/produkt-kategorie\/ocun\/\">Ocun<\/a><\/li>\n<li>voll verstellbarer Klettergurt<\/li>\n<li>super komfortabel durch Webee Technologie<\/li>\n<li>sehr breite Beinschlaufen und H\u00fcftschlaufe<\/li>\n<li>Gr\u00f6\u00dfen: Uni (XXS)<\/li>\n<li>Gewicht: 345 Gramm<\/li>\n<li>Normen: EN 122777, UIAA 105<\/li>\n<li>3 praktische Edelstahl Slide-Lock-Schnallen<\/li>\n<li>2 seitliche Materialschlaufen<\/li>\n<li>geeignet von ca. 5 &#8211; 10 Jahren<\/li>\n<\/ul>\n","protected":false},"featured_media":6255,"comment_status":"open","ping_status":"closed","template":"","meta":[],"product_brand":[],"product_cat":[6359,12383],"product_tag":[265],"class_list":{"0":"post-6251","1":"product","2":"type-product","3":"status-publish","4":"has-post-thumbnail","6":"product_cat-klettergurte","7":"product_cat-ocun","8":"product_tag-big-wall-klettern","10":"first","11":"outofstock","12":"taxable","13":"shipping-taxable","14":"purchasable","15":"product-type-simple"},"yoast_head":"<!-- This site is optimized with the Yoast SEO Premium plugin v26.9 (Yoast SEO v26.9) - https:\/\/yoast.com\/product\/yoast-seo-premium-wordpress\/ -->\n<title>Ocun Webee Kid Klettergurt online kaufen | bolting.eu<\/title>\n<meta name=\"description\" content=\"Hier findest Du den OCUN WEBEE KID. Einen komfortablen und verstellbaren Kinder Klettergurt f\u00fcr ca. 5-10 Jahre mit Webee Technologie!\" \/>\n<meta name=\"robots\" content=\"index, follow, max-snippet:-1, max-image-preview:large, max-video-preview:-1\" \/>\n<link rel=\"canonical\" href=\"https:\/\/bolting.eu\/en\/shop\/ocun-webee-kid\/\" \/>\n<meta property=\"og:locale\" content=\"en_US\" \/>\n<meta property=\"og:type\" content=\"article\" \/>\n<meta property=\"og:title\" content=\"Ocun Webee Kid\" \/>\n<meta property=\"og:description\" content=\"Hier findest Du den OCUN WEBEE KID. Einen komfortablen und verstellbaren Kinder Klettergurt f\u00fcr ca. 5-10 Jahre mit Webee Technologie!\" \/>\n<meta property=\"og:url\" content=\"https:\/\/bolting.eu\/en\/shop\/ocun-webee-kid\/\" \/>\n<meta property=\"og:site_name\" content=\"bolting.eu\" \/>\n<meta property=\"article:publisher\" content=\"https:\/\/www.facebook.com\/bolting.eu\" \/>\n<meta property=\"article:modified_time\" content=\"2025-12-30T11:14:06+00:00\" \/>\n<meta property=\"og:image\" content=\"https:\/\/bolting.eu\/wp-content\/uploads\/2020\/11\/Ocun-Webee-Kid-1.jpg\" \/>\n\t<meta property=\"og:image:width\" content=\"700\" \/>\n\t<meta property=\"og:image:height\" content=\"700\" \/>\n\t<meta property=\"og:image:type\" content=\"image\/jpeg\" \/>\n<meta name=\"twitter:card\" content=\"summary_large_image\" \/>\n<meta name=\"twitter:label1\" content=\"Price\" \/>\n\t<meta name=\"twitter:data1\" content=\"&euro;&nbsp;54,90\" \/>\n\t<meta name=\"twitter:label2\" content=\"Availability\" \/>\n\t<meta name=\"twitter:data2\" content=\"Out of stock\" \/>\n<script type=\"application\/ld+json\" class=\"yoast-schema-graph\">{\"@context\":\"https:\/\/schema.org\",\"@graph\":[{\"@type\":[\"WebPage\",\"ItemPage\"],\"@id\":\"https:\/\/bolting.eu\/en\/shop\/ocun-webee-kid\/\",\"url\":\"https:\/\/bolting.eu\/en\/shop\/ocun-webee-kid\/\",\"name\":\"Ocun Webee Kid Klettergurt online kaufen | bolting.eu\",\"isPartOf\":{\"@id\":\"https:\/\/bolting.eu\/en\/#website\"},\"primaryImageOfPage\":{\"@id\":\"https:\/\/bolting.eu\/en\/shop\/ocun-webee-kid\/#primaryimage\"},\"image\":{\"@id\":\"https:\/\/bolting.eu\/en\/shop\/ocun-webee-kid\/#primaryimage\"},\"thumbnailUrl\":\"https:\/\/bolting.eu\/wp-content\/uploads\/2020\/11\/Ocun-Webee-Kid-1.jpg\",\"datePublished\":\"2020-11-19T16:22:46+00:00\",\"dateModified\":\"2025-12-30T11:14:06+00:00\",\"description\":\"Hier findest Du den OCUN WEBEE KID. Einen komfortablen und verstellbaren Kinder Klettergurt f\u00fcr ca. 5-10 Jahre mit Webee Technologie!\",\"breadcrumb\":{\"@id\":\"https:\/\/bolting.eu\/en\/shop\/ocun-webee-kid\/#breadcrumb\"},\"inLanguage\":\"en-US\",\"potentialAction\":[{\"@type\":\"ReadAction\",\"target\":[\"https:\/\/bolting.eu\/en\/shop\/ocun-webee-kid\/\"]}]},{\"@type\":\"ImageObject\",\"inLanguage\":\"en-US\",\"@id\":\"https:\/\/bolting.eu\/en\/shop\/ocun-webee-kid\/#primaryimage\",\"url\":\"https:\/\/bolting.eu\/wp-content\/uploads\/2020\/11\/Ocun-Webee-Kid-1.jpg\",\"contentUrl\":\"https:\/\/bolting.eu\/wp-content\/uploads\/2020\/11\/Ocun-Webee-Kid-1.jpg\",\"width\":700,\"height\":700,\"caption\":\"Das Bild zeigt den Ocun Webee Kid Kinderklettergurt. Der blau-gr\u00fcne Gurt ist vor einem wei\u00dfem Hintergrund zu sehen. Man erkennt alle Produktdetails wie B\u00e4nder, Schlaufen und Schnallen.\"},{\"@type\":\"BreadcrumbList\",\"@id\":\"https:\/\/bolting.eu\/en\/shop\/ocun-webee-kid\/#breadcrumb\",\"itemListElement\":[{\"@type\":\"ListItem\",\"position\":1,\"name\":\"Shop\",\"item\":\"https:\/\/bolting.eu\/en\/shop\/\"},{\"@type\":\"ListItem\",\"position\":2,\"name\":\"Ocun\",\"item\":\"https:\/\/bolting.eu\/produkt-kategorie\/ocun\/\"},{\"@type\":\"ListItem\",\"position\":3,\"name\":\"Ocun Webee Kid\"}]},{\"@type\":\"WebSite\",\"@id\":\"https:\/\/bolting.eu\/en\/#website\",\"url\":\"https:\/\/bolting.eu\/en\/\",\"name\":\"bolting.eu\",\"description\":\"we make climbs happen\",\"publisher\":{\"@id\":\"https:\/\/bolting.eu\/en\/#organization\"},\"potentialAction\":[{\"@type\":\"SearchAction\",\"target\":{\"@type\":\"EntryPoint\",\"urlTemplate\":\"https:\/\/bolting.eu\/en\/?s={search_term_string}\"},\"query-input\":{\"@type\":\"PropertyValueSpecification\",\"valueRequired\":true,\"valueName\":\"search_term_string\"}}],\"inLanguage\":\"en-US\"},{\"@type\":[\"Organization\",\"Place\",\"SportingGoodsStore\"],\"@id\":\"https:\/\/bolting.eu\/en\/#organization\",\"name\":\"bolting.eu\",\"url\":\"https:\/\/bolting.eu\/en\/\",\"logo\":{\"@id\":\"https:\/\/bolting.eu\/en\/shop\/ocun-webee-kid\/#local-main-organization-logo\"},\"image\":{\"@id\":\"https:\/\/bolting.eu\/en\/shop\/ocun-webee-kid\/#local-main-organization-logo\"},\"sameAs\":[\"https:\/\/www.facebook.com\/bolting.eu\",\"https:\/\/www.instagram.com\/bolting.eu\/\"],\"address\":{\"@id\":\"https:\/\/bolting.eu\/en\/shop\/ocun-webee-kid\/#local-main-place-address\"},\"geo\":{\"@type\":\"GeoCoordinates\",\"latitude\":\"47.264176340396226\",\"longitude\":\"11.380109057672346\"},\"telephone\":[\"+43 699 19083372\"],\"openingHoursSpecification\":[{\"@type\":\"OpeningHoursSpecification\",\"dayOfWeek\":[\"Monday\",\"Wednesday\",\"Friday\"],\"opens\":\"14:00\",\"closes\":\"18:00\"},{\"@type\":\"OpeningHoursSpecification\",\"dayOfWeek\":[\"Tuesday\",\"Thursday\",\"Saturday\",\"Sunday\"],\"opens\":\"00:00\",\"closes\":\"00:00\"}],\"email\":\"office@bolting.eu\",\"vatID\":\"ATU59999728\",\"priceRange\":\"$$\",\"currenciesAccepted\":\"Euro\"},{\"@type\":\"PostalAddress\",\"@id\":\"https:\/\/bolting.eu\/en\/shop\/ocun-webee-kid\/#local-main-place-address\",\"streetAddress\":\"Fischnalerstra\u00dfe 4\",\"addressLocality\":\"Innsbruck\",\"postalCode\":\"6020\",\"addressRegion\":\"Tirol\",\"addressCountry\":\"AT\"},{\"@type\":\"ImageObject\",\"inLanguage\":\"en-US\",\"@id\":\"https:\/\/bolting.eu\/en\/shop\/ocun-webee-kid\/#local-main-organization-logo\",\"url\":\"https:\/\/bolting.eu\/wp-content\/uploads\/2019\/09\/bolting-logo.png\",\"contentUrl\":\"https:\/\/bolting.eu\/wp-content\/uploads\/2019\/09\/bolting-logo.png\",\"width\":400,\"height\":211,\"caption\":\"bolting.eu\"}]}<\/script>\n<meta property=\"product:price:amount\" content=\"54.90\" \/>\n<meta property=\"product:price:currency\" content=\"EUR\" \/>\n<meta property=\"og:availability\" content=\"out of stock\" \/>\n<meta property=\"product:availability\" content=\"out of stock\" \/>\n<meta property=\"product:retailer_item_id\" content=\"03209\" \/>\n<meta property=\"product:condition\" content=\"new\" \/>\n<meta name=\"geo.placename\" content=\"Innsbruck\" \/>\n<meta name=\"geo.position\" content=\"47.264176340396226;11.380109057672346\" \/>\n<meta name=\"geo.region\" content=\"Austria\" \/>\n<!-- \/ Yoast SEO Premium plugin. -->","yoast_head_json":{"title":"Ocun Webee Kid Klettergurt online kaufen | bolting.eu","description":"Hier findest Du den OCUN WEBEE KID. Einen komfortablen und verstellbaren Kinder Klettergurt f\u00fcr ca. 5-10 Jahre mit Webee Technologie!","robots":{"index":"index","follow":"follow","max-snippet":"max-snippet:-1","max-image-preview":"max-image-preview:large","max-video-preview":"max-video-preview:-1"},"canonical":"https:\/\/bolting.eu\/en\/shop\/ocun-webee-kid\/","og_locale":"en_US","og_type":"article","og_title":"Ocun Webee Kid","og_description":"Hier findest Du den OCUN WEBEE KID. Einen komfortablen und verstellbaren Kinder Klettergurt f\u00fcr ca. 5-10 Jahre mit Webee Technologie!","og_url":"https:\/\/bolting.eu\/en\/shop\/ocun-webee-kid\/","og_site_name":"bolting.eu","article_publisher":"https:\/\/www.facebook.com\/bolting.eu","article_modified_time":"2025-12-30T11:14:06+00:00","og_image":[{"width":700,"height":700,"url":"https:\/\/bolting.eu\/wp-content\/uploads\/2020\/11\/Ocun-Webee-Kid-1.jpg","type":"image\/jpeg"}],"twitter_card":"summary_large_image","twitter_misc":{"Price":"&euro;&nbsp;54,90","Availability":"Out of stock"},"schema":{"@context":"https:\/\/schema.org","@graph":[{"@type":["WebPage","ItemPage"],"@id":"https:\/\/bolting.eu\/en\/shop\/ocun-webee-kid\/","url":"https:\/\/bolting.eu\/en\/shop\/ocun-webee-kid\/","name":"Ocun Webee Kid Klettergurt online kaufen | bolting.eu","isPartOf":{"@id":"https:\/\/bolting.eu\/en\/#website"},"primaryImageOfPage":{"@id":"https:\/\/bolting.eu\/en\/shop\/ocun-webee-kid\/#primaryimage"},"image":{"@id":"https:\/\/bolting.eu\/en\/shop\/ocun-webee-kid\/#primaryimage"},"thumbnailUrl":"https:\/\/bolting.eu\/wp-content\/uploads\/2020\/11\/Ocun-Webee-Kid-1.jpg","datePublished":"2020-11-19T16:22:46+00:00","dateModified":"2025-12-30T11:14:06+00:00","description":"Hier findest Du den OCUN WEBEE KID. Einen komfortablen und verstellbaren Kinder Klettergurt f\u00fcr ca. 5-10 Jahre mit Webee Technologie!","breadcrumb":{"@id":"https:\/\/bolting.eu\/en\/shop\/ocun-webee-kid\/#breadcrumb"},"inLanguage":"en-US","potentialAction":[{"@type":"ReadAction","target":["https:\/\/bolting.eu\/en\/shop\/ocun-webee-kid\/"]}]},{"@type":"ImageObject","inLanguage":"en-US","@id":"https:\/\/bolting.eu\/en\/shop\/ocun-webee-kid\/#primaryimage","url":"https:\/\/bolting.eu\/wp-content\/uploads\/2020\/11\/Ocun-Webee-Kid-1.jpg","contentUrl":"https:\/\/bolting.eu\/wp-content\/uploads\/2020\/11\/Ocun-Webee-Kid-1.jpg","width":700,"height":700,"caption":"Das Bild zeigt den Ocun Webee Kid Kinderklettergurt. Der blau-gr\u00fcne Gurt ist vor einem wei\u00dfem Hintergrund zu sehen. Man erkennt alle Produktdetails wie B\u00e4nder, Schlaufen und Schnallen."},{"@type":"BreadcrumbList","@id":"https:\/\/bolting.eu\/en\/shop\/ocun-webee-kid\/#breadcrumb","itemListElement":[{"@type":"ListItem","position":1,"name":"Shop","item":"https:\/\/bolting.eu\/en\/shop\/"},{"@type":"ListItem","position":2,"name":"Ocun","item":"https:\/\/bolting.eu\/produkt-kategorie\/ocun\/"},{"@type":"ListItem","position":3,"name":"Ocun Webee Kid"}]},{"@type":"WebSite","@id":"https:\/\/bolting.eu\/en\/#website","url":"https:\/\/bolting.eu\/en\/","name":"bolting.eu","description":"we make climbs happen","publisher":{"@id":"https:\/\/bolting.eu\/en\/#organization"},"potentialAction":[{"@type":"SearchAction","target":{"@type":"EntryPoint","urlTemplate":"https:\/\/bolting.eu\/en\/?s={search_term_string}"},"query-input":{"@type":"PropertyValueSpecification","valueRequired":true,"valueName":"search_term_string"}}],"inLanguage":"en-US"},{"@type":["Organization","Place","SportingGoodsStore"],"@id":"https:\/\/bolting.eu\/en\/#organization","name":"bolting.eu","url":"https:\/\/bolting.eu\/en\/","logo":{"@id":"https:\/\/bolting.eu\/en\/shop\/ocun-webee-kid\/#local-main-organization-logo"},"image":{"@id":"https:\/\/bolting.eu\/en\/shop\/ocun-webee-kid\/#local-main-organization-logo"},"sameAs":["https:\/\/www.facebook.com\/bolting.eu","https:\/\/www.instagram.com\/bolting.eu\/"],"address":{"@id":"https:\/\/bolting.eu\/en\/shop\/ocun-webee-kid\/#local-main-place-address"},"geo":{"@type":"GeoCoordinates","latitude":"47.264176340396226","longitude":"11.380109057672346"},"telephone":["+43 699 19083372"],"openingHoursSpecification":[{"@type":"OpeningHoursSpecification","dayOfWeek":["Monday","Wednesday","Friday"],"opens":"14:00","closes":"18:00"},{"@type":"OpeningHoursSpecification","dayOfWeek":["Tuesday","Thursday","Saturday","Sunday"],"opens":"00:00","closes":"00:00"}],"email":"office@bolting.eu","vatID":"ATU59999728","priceRange":"$$","currenciesAccepted":"Euro"},{"@type":"PostalAddress","@id":"https:\/\/bolting.eu\/en\/shop\/ocun-webee-kid\/#local-main-place-address","streetAddress":"Fischnalerstra\u00dfe 4","addressLocality":"Innsbruck","postalCode":"6020","addressRegion":"Tirol","addressCountry":"AT"},{"@type":"ImageObject","inLanguage":"en-US","@id":"https:\/\/bolting.eu\/en\/shop\/ocun-webee-kid\/#local-main-organization-logo","url":"https:\/\/bolting.eu\/wp-content\/uploads\/2019\/09\/bolting-logo.png","contentUrl":"https:\/\/bolting.eu\/wp-content\/uploads\/2019\/09\/bolting-logo.png","width":400,"height":211,"caption":"bolting.eu"}]},"product_price_amount":"54.90","product_price_currency":"EUR","og_availability":"out of stock","product_availability":"out of stock","product_retailer_item_id":"03209","product_condition":"new","geo.placename":"Innsbruck","geo.position":{"lat":"47.264176340396226","long":"11.380109057672346"},"geo.region":"Austria"},"_links":{"self":[{"href":"https:\/\/bolting.eu\/en\/wp-json\/wp\/v2\/product\/6251","targetHints":{"allow":["GET"]}}],"collection":[{"href":"https:\/\/bolting.eu\/en\/wp-json\/wp\/v2\/product"}],"about":[{"href":"https:\/\/bolting.eu\/en\/wp-json\/wp\/v2\/types\/product"}],"replies":[{"embeddable":true,"href":"https:\/\/bolting.eu\/en\/wp-json\/wp\/v2\/comments?post=6251"}],"wp:featuredmedia":[{"embeddable":true,"href":"https:\/\/bolting.eu\/en\/wp-json\/wp\/v2\/media\/6255"}],"wp:attachment":[{"href":"https:\/\/bolting.eu\/en\/wp-json\/wp\/v2\/media?parent=6251"}],"wp:term":[{"taxonomy":"product_brand","embeddable":true,"href":"https:\/\/bolting.eu\/en\/wp-json\/wp\/v2\/product_brand?post=6251"},{"taxonomy":"product_cat","embeddable":true,"href":"https:\/\/bolting.eu\/en\/wp-json\/wp\/v2\/product_cat?post=6251"},{"taxonomy":"product_tag","embeddable":true,"href":"https:\/\/bolting.eu\/en\/wp-json\/wp\/v2\/product_tag?post=6251"}],"curies":[{"name":"wp","href":"https:\/\/api.w.org\/{rel}","templated":true}]}}