{"id":6234,"date":"2020-11-19T13:16:38","date_gmt":"2020-11-19T12:16:38","guid":{"rendered":"https:\/\/bolting.eu\/?post_type=product&#038;p=6234"},"modified":"2024-01-07T13:28:59","modified_gmt":"2024-01-07T12:28:59","slug":"ocun-boulder-bag","status":"publish","type":"product","link":"https:\/\/bolting.eu\/en\/shop\/ocun-boulder-bag\/","title":{"rendered":"Ocun Boulder Bag"},"content":{"rendered":"<p>Das Ocun Boulder Bag z\u00e4hlt zu den am meisten verkauften Boulder Chalkbags in unserem Shop. Und das aus gutem Grund. Denn dieses relativ einfach gehaltene Chalkbag hat alles was man beim Bouldern braucht.<\/p>\n<p>Erstens eine ordentliche Gr\u00f6\u00dfe und eine breite \u00d6ffnung. Folglich steht es super stabil und man kann auch mit zwei H\u00e4nden perfekt hinein fassen.<\/p>\n<p>Zweitens l\u00e4sst sich das Boulder Chalkbag super verschlie\u00dfen. Hierzu hat Ocun den Trageriemen wie bei einem Drybag zum Verschluss umfunktioniert.<\/p>\n<p>Drittens gibt es eine kleine Au\u00dfentasche bzw. auch zwei B\u00fcrstenhalter.<\/p>\n<p>Kurzum. Kein Wunder dass man dieses <a href=\"https:\/\/bolting.eu\/produkt-kategorie\/chalkbag\/\">Chalkbag<\/a> in so vielen Boulderausr\u00fcstungen wiederfindet!<\/p>\n<h2>Eigenschaften Ocun Boulder Bag<\/h2>\n<ul>\n<li>Hersteller: <a href=\"https:\/\/bolting.eu\/produkt-kategorie\/ocun\/\">Ocun<\/a><\/li>\n<li>Gewicht: 198 Gramm<\/li>\n<li>Breite \u00d6ffnung: ca. 22cm<\/li>\n<li>super stabiler Stand<\/li>\n<li>smarter Dry Bag Verschluss<\/li>\n<li>Au\u00dfentasche mit RV<\/li>\n<li>2 B\u00fcrstenhalterungen<\/li>\n<\/ul>\n<h3>Gelb oder gr\u00fcn, welcher Typ bist Du?<\/h3>\n<p>Das Ocun Boulder Bag ist farblich an die <a href=\"https:\/\/bolting.eu\/produkt-kategorie\/bouldermatte\/?filter_brand=ocun&amp;produkt-kategorie%2Fbouldermatte%2F=&amp;cs_preview=\">Ocun Bouldermatten<\/a> angelehnt.<\/p>\n<p>Das gelbe Bag passt perfekt zur <a href=\"https:\/\/bolting.eu\/shop\/ocun-sundance-bouldermatte\/\">Sundance Bouldermatte<\/a> bzw. dem <a href=\"https:\/\/bolting.eu\/shop\/ocun-dominator-bouldermatte\/\">Ocun Dominator<\/a>. Des weiteren das gr\u00fcne Bag zur <a href=\"https:\/\/bolting.eu\/shop\/ocun-moonwalk-bouldermatte\/\">Moonwalk Bouldermatte<\/a>.<\/p>\n<p>Dar\u00fcber hinaus passen sogar die beiden roten Matten wie das <a href=\"https:\/\/bolting.eu\/shop\/ocun-sitcase-bouldermatte\/\">Sitcase<\/a> und die fette <a href=\"https:\/\/bolting.eu\/shop\/ocun-incubator-bouldermatte\/\">Incubator<\/a> Matte ideal zum Design.<\/p>\n<p>Stellt sich nurmehr die Frage. Welcher Typ bist du?<\/p>\n<h3>Pflegetipp Ocun Boulder Bag<\/h3>\n<p>Wir raten euch das Boulder Chalkbag ab und zu zu reinigen. Wenn ihr mal nur mehr ganz wenig Chalk darin habt ist der beste Moment. Einfach den gesamten Inhalt dann ausleeren. Somit kommt mal alles an Schmutz wie z.B. Laub und Steinchen aus dem Bag. Dann einfach mit Wasser aussp\u00fclen und ordentlich trocknen.<\/p>\n<p>Danach habt ihr wieder eine gro\u00dfe Freude mit eurem &#8220;frischen&#8221; Bag. Zudem bleibt euere <a href=\"https:\/\/bolting.eu\/produkt-kategorie\/bouldertaschen\/\">Bouldertasche<\/a> bzw. <a href=\"https:\/\/bolting.eu\/produkt-kategorie\/kletterrucksack\/\">Kletterrucksack<\/a> auch mal eine Zeit lang wieder sch\u00f6n sauber!<\/p>\n<h3>Praxis Tipp \u2013 Chalk<\/h3>\n<p>Jede Haut ist verschieden. Zudem hat jeder von uns hat ein anderes Schwitz-Verhalten auf den H\u00e4nden. Deshalb empfehlen wir euch beim Magnesium f\u00fcr euer Ocun Boulder Bag etwas herum zu probieren. Versucht heraus zu finden, welches <a href=\"https:\/\/bolting.eu\/produkt-kategorie\/chalk-klettern\/\">Kletterchalk<\/a> f\u00fcr Euch das Beste ist. Es lohnt sich hier etwas Zeit und Geld aufzuwenden. Denn ist die Lieblingssorte einmal gefunden, f\u00e4llt Nachschub besorgen nicht mehr schwer!<\/p>\n<p>Link Tipp: zum <a href=\"https:\/\/www.ocun.com\" target=\"_blank\" rel=\"noopener noreferrer\">Hersteller<\/a><\/p>\n","protected":false},"excerpt":{"rendered":"<p>Stylisches Boulder Chalkbag von Ocun. Umklappbarer Verschluss f\u00fcr dichten Abschluss, damit kein Chalk beim Transport austritt.<\/p>\n<p>Versandkostenfrei bis 2kg in <img decoding=\"async\" class=\"emoji\" role=\"img\" draggable=\"false\" src=\"https:\/\/s.w.org\/images\/core\/emoji\/14.0.0\/svg\/1f1e6-1f1f9.svg\" alt=\"\ud83c\udde6\ud83c\uddf9\" \/> ab \u20ac 100,- und <img decoding=\"async\" class=\"emoji\" role=\"img\" draggable=\"false\" src=\"https:\/\/s.w.org\/images\/core\/emoji\/14.0.0\/svg\/1f1e9-1f1ea.svg\" alt=\"\ud83c\udde9\ud83c\uddea\" \/> ab \u20ac 200,-!<\/p>\n","protected":false},"featured_media":6235,"comment_status":"open","ping_status":"closed","template":"","meta":[],"product_brand":[],"product_cat":[5692,12383,5006],"product_tag":[],"class_list":{"0":"post-6234","1":"product","2":"type-product","3":"status-publish","4":"has-post-thumbnail","6":"product_cat-chalkbag-bouldern","7":"product_cat-ocun","8":"product_cat-chalkbag","10":"first","11":"instock","12":"taxable","13":"shipping-taxable","14":"purchasable","15":"product-type-variable"},"yoast_head":"<!-- This site is optimized with the Yoast SEO Premium plugin v26.9 (Yoast SEO v26.9) - https:\/\/yoast.com\/product\/yoast-seo-premium-wordpress\/ -->\n<title>Ocun Boulder Bag zum top Preis online kaufen | bolting.eu<\/title>\n<meta name=\"description\" content=\"OCUN BOULDER BAG beim Kletterprofi aus Innsbruck kaufen \u2705 kostenloser Versand* \u2705 14 Tage R\u00fcckgaberecht \u2705 Co2 neutraler Versand\" \/>\n<meta name=\"robots\" content=\"index, follow, max-snippet:-1, max-image-preview:large, max-video-preview:-1\" \/>\n<link rel=\"canonical\" href=\"https:\/\/bolting.eu\/en\/shop\/ocun-boulder-bag\/\" \/>\n<meta property=\"og:locale\" content=\"en_US\" \/>\n<meta property=\"og:type\" content=\"article\" \/>\n<meta property=\"og:title\" content=\"Ocun Boulder Bag\" \/>\n<meta property=\"og:description\" content=\"OCUN BOULDER BAG beim Kletterprofi aus Innsbruck kaufen \u2705 kostenloser Versand* \u2705 14 Tage R\u00fcckgaberecht \u2705 Co2 neutraler Versand\" \/>\n<meta property=\"og:url\" content=\"https:\/\/bolting.eu\/en\/shop\/ocun-boulder-bag\/\" \/>\n<meta property=\"og:site_name\" content=\"bolting.eu\" \/>\n<meta property=\"article:publisher\" content=\"https:\/\/www.facebook.com\/bolting.eu\" \/>\n<meta property=\"article:modified_time\" content=\"2024-01-07T12:28:59+00:00\" \/>\n<meta property=\"og:image\" content=\"https:\/\/bolting.eu\/wp-content\/uploads\/2020\/11\/Ocun-Boulder-Bag-gelb.jpg\" \/>\n\t<meta property=\"og:image:width\" content=\"700\" \/>\n\t<meta property=\"og:image:height\" content=\"700\" \/>\n\t<meta property=\"og:image:type\" content=\"image\/jpeg\" \/>\n<meta name=\"twitter:card\" content=\"summary_large_image\" \/>\n<meta name=\"twitter:label1\" content=\"Availability\" \/>\n\t<meta name=\"twitter:data1\" content=\"In stock\" \/>\n<script type=\"application\/ld+json\" class=\"yoast-schema-graph\">{\"@context\":\"https:\/\/schema.org\",\"@graph\":[{\"@type\":[\"WebPage\",\"ItemPage\"],\"@id\":\"https:\/\/bolting.eu\/en\/shop\/ocun-boulder-bag\/\",\"url\":\"https:\/\/bolting.eu\/en\/shop\/ocun-boulder-bag\/\",\"name\":\"Ocun Boulder Bag zum top Preis online kaufen | bolting.eu\",\"isPartOf\":{\"@id\":\"https:\/\/bolting.eu\/en\/#website\"},\"primaryImageOfPage\":{\"@id\":\"https:\/\/bolting.eu\/en\/shop\/ocun-boulder-bag\/#primaryimage\"},\"image\":{\"@id\":\"https:\/\/bolting.eu\/en\/shop\/ocun-boulder-bag\/#primaryimage\"},\"thumbnailUrl\":\"https:\/\/bolting.eu\/wp-content\/uploads\/2020\/11\/Ocun-Boulder-Bag-gelb.jpg\",\"datePublished\":\"2020-11-19T12:16:38+00:00\",\"dateModified\":\"2024-01-07T12:28:59+00:00\",\"description\":\"OCUN BOULDER BAG beim Kletterprofi aus Innsbruck kaufen \u2705 kostenloser Versand* \u2705 14 Tage R\u00fcckgaberecht \u2705 Co2 neutraler Versand\",\"breadcrumb\":{\"@id\":\"https:\/\/bolting.eu\/en\/shop\/ocun-boulder-bag\/#breadcrumb\"},\"inLanguage\":\"en-US\",\"potentialAction\":[{\"@type\":\"ReadAction\",\"target\":[\"https:\/\/bolting.eu\/en\/shop\/ocun-boulder-bag\/\"]}]},{\"@type\":\"ImageObject\",\"inLanguage\":\"en-US\",\"@id\":\"https:\/\/bolting.eu\/en\/shop\/ocun-boulder-bag\/#primaryimage\",\"url\":\"https:\/\/bolting.eu\/wp-content\/uploads\/2020\/11\/Ocun-Boulder-Bag-gelb.jpg\",\"contentUrl\":\"https:\/\/bolting.eu\/wp-content\/uploads\/2020\/11\/Ocun-Boulder-Bag-gelb.jpg\",\"width\":700,\"height\":700,\"caption\":\"Das Bild zeigt das Ocun Boulder Bag in der Farbe gelb. Das Boulder Chalkbag steht aufrecht in Bildmitte vor wei\u00dfem Hintergrund. Man erkennt die Produktdetails wie den Tragriemen, das Logo in wei\u00df auf einem schwarzem Rechteck sowie die kleine Au\u00dfentasche.\"},{\"@type\":\"BreadcrumbList\",\"@id\":\"https:\/\/bolting.eu\/en\/shop\/ocun-boulder-bag\/#breadcrumb\",\"itemListElement\":[{\"@type\":\"ListItem\",\"position\":1,\"name\":\"Shop\",\"item\":\"https:\/\/bolting.eu\/en\/shop\/\"},{\"@type\":\"ListItem\",\"position\":2,\"name\":\"climbing equipment\",\"item\":\"https:\/\/bolting.eu\/en\/produkt-kategorie\/climbing-equipment\/\"},{\"@type\":\"ListItem\",\"position\":3,\"name\":\"Chalkbag\",\"item\":\"https:\/\/bolting.eu\/produkt-kategorie\/kletterausruestung\/chalkbag\/\"},{\"@type\":\"ListItem\",\"position\":4,\"name\":\"Chalkbag Bouldern\",\"item\":\"https:\/\/bolting.eu\/produkt-kategorie\/kletterausruestung\/chalkbag\/chalkbag-bouldern\/\"},{\"@type\":\"ListItem\",\"position\":5,\"name\":\"Ocun Boulder Bag\"}]},{\"@type\":\"WebSite\",\"@id\":\"https:\/\/bolting.eu\/en\/#website\",\"url\":\"https:\/\/bolting.eu\/en\/\",\"name\":\"bolting.eu\",\"description\":\"we make climbs happen\",\"publisher\":{\"@id\":\"https:\/\/bolting.eu\/en\/#organization\"},\"potentialAction\":[{\"@type\":\"SearchAction\",\"target\":{\"@type\":\"EntryPoint\",\"urlTemplate\":\"https:\/\/bolting.eu\/en\/?s={search_term_string}\"},\"query-input\":{\"@type\":\"PropertyValueSpecification\",\"valueRequired\":true,\"valueName\":\"search_term_string\"}}],\"inLanguage\":\"en-US\"},{\"@type\":[\"Organization\",\"Place\",\"SportingGoodsStore\"],\"@id\":\"https:\/\/bolting.eu\/en\/#organization\",\"name\":\"bolting.eu\",\"url\":\"https:\/\/bolting.eu\/en\/\",\"logo\":{\"@id\":\"https:\/\/bolting.eu\/en\/shop\/ocun-boulder-bag\/#local-main-organization-logo\"},\"image\":{\"@id\":\"https:\/\/bolting.eu\/en\/shop\/ocun-boulder-bag\/#local-main-organization-logo\"},\"sameAs\":[\"https:\/\/www.facebook.com\/bolting.eu\",\"https:\/\/www.instagram.com\/bolting.eu\/\"],\"address\":{\"@id\":\"https:\/\/bolting.eu\/en\/shop\/ocun-boulder-bag\/#local-main-place-address\"},\"geo\":{\"@type\":\"GeoCoordinates\",\"latitude\":\"47.264176340396226\",\"longitude\":\"11.380109057672346\"},\"telephone\":[\"+43 699 19083372\"],\"openingHoursSpecification\":[{\"@type\":\"OpeningHoursSpecification\",\"dayOfWeek\":[\"Monday\",\"Wednesday\",\"Friday\"],\"opens\":\"14:00\",\"closes\":\"18:00\"},{\"@type\":\"OpeningHoursSpecification\",\"dayOfWeek\":[\"Tuesday\",\"Thursday\",\"Saturday\",\"Sunday\"],\"opens\":\"00:00\",\"closes\":\"00:00\"}],\"email\":\"office@bolting.eu\",\"vatID\":\"ATU59999728\",\"priceRange\":\"$$\",\"currenciesAccepted\":\"Euro\"},{\"@type\":\"PostalAddress\",\"@id\":\"https:\/\/bolting.eu\/en\/shop\/ocun-boulder-bag\/#local-main-place-address\",\"streetAddress\":\"Fischnalerstra\u00dfe 4\",\"addressLocality\":\"Innsbruck\",\"postalCode\":\"6020\",\"addressRegion\":\"Tirol\",\"addressCountry\":\"AT\"},{\"@type\":\"ImageObject\",\"inLanguage\":\"en-US\",\"@id\":\"https:\/\/bolting.eu\/en\/shop\/ocun-boulder-bag\/#local-main-organization-logo\",\"url\":\"https:\/\/bolting.eu\/wp-content\/uploads\/2019\/09\/bolting-logo.png\",\"contentUrl\":\"https:\/\/bolting.eu\/wp-content\/uploads\/2019\/09\/bolting-logo.png\",\"width\":400,\"height\":211,\"caption\":\"bolting.eu\"}]}<\/script>\n<meta property=\"og:availability\" content=\"instock\" \/>\n<meta property=\"product:availability\" content=\"instock\" \/>\n<meta property=\"product:condition\" content=\"new\" \/>\n<meta name=\"geo.placename\" content=\"Innsbruck\" \/>\n<meta name=\"geo.position\" content=\"47.264176340396226;11.380109057672346\" \/>\n<meta name=\"geo.region\" content=\"Austria\" \/>\n<!-- \/ Yoast SEO Premium plugin. -->","yoast_head_json":{"title":"Ocun Boulder Bag zum top Preis online kaufen | bolting.eu","description":"OCUN BOULDER BAG beim Kletterprofi aus Innsbruck kaufen \u2705 kostenloser Versand* \u2705 14 Tage R\u00fcckgaberecht \u2705 Co2 neutraler Versand","robots":{"index":"index","follow":"follow","max-snippet":"max-snippet:-1","max-image-preview":"max-image-preview:large","max-video-preview":"max-video-preview:-1"},"canonical":"https:\/\/bolting.eu\/en\/shop\/ocun-boulder-bag\/","og_locale":"en_US","og_type":"article","og_title":"Ocun Boulder Bag","og_description":"OCUN BOULDER BAG beim Kletterprofi aus Innsbruck kaufen \u2705 kostenloser Versand* \u2705 14 Tage R\u00fcckgaberecht \u2705 Co2 neutraler Versand","og_url":"https:\/\/bolting.eu\/en\/shop\/ocun-boulder-bag\/","og_site_name":"bolting.eu","article_publisher":"https:\/\/www.facebook.com\/bolting.eu","article_modified_time":"2024-01-07T12:28:59+00:00","og_image":[{"width":700,"height":700,"url":"https:\/\/bolting.eu\/wp-content\/uploads\/2020\/11\/Ocun-Boulder-Bag-gelb.jpg","type":"image\/jpeg"}],"twitter_card":"summary_large_image","twitter_misc":{"Availability":"In stock"},"schema":{"@context":"https:\/\/schema.org","@graph":[{"@type":["WebPage","ItemPage"],"@id":"https:\/\/bolting.eu\/en\/shop\/ocun-boulder-bag\/","url":"https:\/\/bolting.eu\/en\/shop\/ocun-boulder-bag\/","name":"Ocun Boulder Bag zum top Preis online kaufen | bolting.eu","isPartOf":{"@id":"https:\/\/bolting.eu\/en\/#website"},"primaryImageOfPage":{"@id":"https:\/\/bolting.eu\/en\/shop\/ocun-boulder-bag\/#primaryimage"},"image":{"@id":"https:\/\/bolting.eu\/en\/shop\/ocun-boulder-bag\/#primaryimage"},"thumbnailUrl":"https:\/\/bolting.eu\/wp-content\/uploads\/2020\/11\/Ocun-Boulder-Bag-gelb.jpg","datePublished":"2020-11-19T12:16:38+00:00","dateModified":"2024-01-07T12:28:59+00:00","description":"OCUN BOULDER BAG beim Kletterprofi aus Innsbruck kaufen \u2705 kostenloser Versand* \u2705 14 Tage R\u00fcckgaberecht \u2705 Co2 neutraler Versand","breadcrumb":{"@id":"https:\/\/bolting.eu\/en\/shop\/ocun-boulder-bag\/#breadcrumb"},"inLanguage":"en-US","potentialAction":[{"@type":"ReadAction","target":["https:\/\/bolting.eu\/en\/shop\/ocun-boulder-bag\/"]}]},{"@type":"ImageObject","inLanguage":"en-US","@id":"https:\/\/bolting.eu\/en\/shop\/ocun-boulder-bag\/#primaryimage","url":"https:\/\/bolting.eu\/wp-content\/uploads\/2020\/11\/Ocun-Boulder-Bag-gelb.jpg","contentUrl":"https:\/\/bolting.eu\/wp-content\/uploads\/2020\/11\/Ocun-Boulder-Bag-gelb.jpg","width":700,"height":700,"caption":"Das Bild zeigt das Ocun Boulder Bag in der Farbe gelb. Das Boulder Chalkbag steht aufrecht in Bildmitte vor wei\u00dfem Hintergrund. Man erkennt die Produktdetails wie den Tragriemen, das Logo in wei\u00df auf einem schwarzem Rechteck sowie die kleine Au\u00dfentasche."},{"@type":"BreadcrumbList","@id":"https:\/\/bolting.eu\/en\/shop\/ocun-boulder-bag\/#breadcrumb","itemListElement":[{"@type":"ListItem","position":1,"name":"Shop","item":"https:\/\/bolting.eu\/en\/shop\/"},{"@type":"ListItem","position":2,"name":"climbing equipment","item":"https:\/\/bolting.eu\/en\/produkt-kategorie\/climbing-equipment\/"},{"@type":"ListItem","position":3,"name":"Chalkbag","item":"https:\/\/bolting.eu\/produkt-kategorie\/kletterausruestung\/chalkbag\/"},{"@type":"ListItem","position":4,"name":"Chalkbag Bouldern","item":"https:\/\/bolting.eu\/produkt-kategorie\/kletterausruestung\/chalkbag\/chalkbag-bouldern\/"},{"@type":"ListItem","position":5,"name":"Ocun Boulder Bag"}]},{"@type":"WebSite","@id":"https:\/\/bolting.eu\/en\/#website","url":"https:\/\/bolting.eu\/en\/","name":"bolting.eu","description":"we make climbs happen","publisher":{"@id":"https:\/\/bolting.eu\/en\/#organization"},"potentialAction":[{"@type":"SearchAction","target":{"@type":"EntryPoint","urlTemplate":"https:\/\/bolting.eu\/en\/?s={search_term_string}"},"query-input":{"@type":"PropertyValueSpecification","valueRequired":true,"valueName":"search_term_string"}}],"inLanguage":"en-US"},{"@type":["Organization","Place","SportingGoodsStore"],"@id":"https:\/\/bolting.eu\/en\/#organization","name":"bolting.eu","url":"https:\/\/bolting.eu\/en\/","logo":{"@id":"https:\/\/bolting.eu\/en\/shop\/ocun-boulder-bag\/#local-main-organization-logo"},"image":{"@id":"https:\/\/bolting.eu\/en\/shop\/ocun-boulder-bag\/#local-main-organization-logo"},"sameAs":["https:\/\/www.facebook.com\/bolting.eu","https:\/\/www.instagram.com\/bolting.eu\/"],"address":{"@id":"https:\/\/bolting.eu\/en\/shop\/ocun-boulder-bag\/#local-main-place-address"},"geo":{"@type":"GeoCoordinates","latitude":"47.264176340396226","longitude":"11.380109057672346"},"telephone":["+43 699 19083372"],"openingHoursSpecification":[{"@type":"OpeningHoursSpecification","dayOfWeek":["Monday","Wednesday","Friday"],"opens":"14:00","closes":"18:00"},{"@type":"OpeningHoursSpecification","dayOfWeek":["Tuesday","Thursday","Saturday","Sunday"],"opens":"00:00","closes":"00:00"}],"email":"office@bolting.eu","vatID":"ATU59999728","priceRange":"$$","currenciesAccepted":"Euro"},{"@type":"PostalAddress","@id":"https:\/\/bolting.eu\/en\/shop\/ocun-boulder-bag\/#local-main-place-address","streetAddress":"Fischnalerstra\u00dfe 4","addressLocality":"Innsbruck","postalCode":"6020","addressRegion":"Tirol","addressCountry":"AT"},{"@type":"ImageObject","inLanguage":"en-US","@id":"https:\/\/bolting.eu\/en\/shop\/ocun-boulder-bag\/#local-main-organization-logo","url":"https:\/\/bolting.eu\/wp-content\/uploads\/2019\/09\/bolting-logo.png","contentUrl":"https:\/\/bolting.eu\/wp-content\/uploads\/2019\/09\/bolting-logo.png","width":400,"height":211,"caption":"bolting.eu"}]},"og_availability":"instock","product_availability":"instock","product_condition":"new","geo.placename":"Innsbruck","geo.position":{"lat":"47.264176340396226","long":"11.380109057672346"},"geo.region":"Austria"},"_links":{"self":[{"href":"https:\/\/bolting.eu\/en\/wp-json\/wp\/v2\/product\/6234","targetHints":{"allow":["GET"]}}],"collection":[{"href":"https:\/\/bolting.eu\/en\/wp-json\/wp\/v2\/product"}],"about":[{"href":"https:\/\/bolting.eu\/en\/wp-json\/wp\/v2\/types\/product"}],"replies":[{"embeddable":true,"href":"https:\/\/bolting.eu\/en\/wp-json\/wp\/v2\/comments?post=6234"}],"wp:featuredmedia":[{"embeddable":true,"href":"https:\/\/bolting.eu\/en\/wp-json\/wp\/v2\/media\/6235"}],"wp:attachment":[{"href":"https:\/\/bolting.eu\/en\/wp-json\/wp\/v2\/media?parent=6234"}],"wp:term":[{"taxonomy":"product_brand","embeddable":true,"href":"https:\/\/bolting.eu\/en\/wp-json\/wp\/v2\/product_brand?post=6234"},{"taxonomy":"product_cat","embeddable":true,"href":"https:\/\/bolting.eu\/en\/wp-json\/wp\/v2\/product_cat?post=6234"},{"taxonomy":"product_tag","embeddable":true,"href":"https:\/\/bolting.eu\/en\/wp-json\/wp\/v2\/product_tag?post=6234"}],"curies":[{"name":"wp","href":"https:\/\/api.w.org\/{rel}","templated":true}]}}