{"id":6228,"date":"2020-11-19T12:22:19","date_gmt":"2020-11-19T11:22:19","guid":{"rendered":"https:\/\/bolting.eu\/?post_type=product&#038;p=6228"},"modified":"2026-03-18T18:47:28","modified_gmt":"2026-03-18T17:47:28","slug":"ocun-crack-gloves-lite","status":"publish","type":"product","link":"https:\/\/bolting.eu\/en\/shop\/ocun-crack-gloves-lite\/","title":{"rendered":"Ocun Crack Gloves lite"},"content":{"rendered":"<p>Die Ocun Crack Gloves lite sind die leichte Version der Risskletterhandschuhe dieses Herstellers. Sie sind im Grunde eine weniger robuste. Daf\u00fcr haben sie eine sensiblere Variante sowie mehr Feingef\u00fchl. Das ist z.B. bei der sporadischen Verwendung bzw. k\u00fcrzeren Risspassagen von Vorteil.<\/p>\n<p>Kurzum. Wer k\u00fcrzere Risse oder Routen mit Risspassagen klettern will ist hier richtig. \u00dcberdies sind die Risskletterhandschuhe f\u00fcr l\u00e4ngere Alpinrouten eine klare Empfehlung. Denn diese Handschuhe geh\u00f6ren zu einem ordentlichen Rack wie die <a href=\"https:\/\/bolting.eu\/produkt-kategorie\/klemmgeraete-friends\/\">Klemmger\u00e4te-Friends<\/a> und <a href=\"https:\/\/bolting.eu\/produkt-kategorie\/klemmkeile\/\">Klemmkeile<\/a>.<\/p>\n<h2>Eigenschaften Ocun Crack Gloves lite<\/h2>\n<ul>\n<li>Hersteller: Ocun<\/li>\n<li>Material: aufgerautes Kunstleder mit 1,1 \ud835\udf41 laminiertem Gummi<\/li>\n<li>Gewicht: 57 Gramm<\/li>\n<li>Gr\u00f6\u00dfen: S &#8211; M &#8211; L &#8211; XL<\/li>\n<li>perfekt f\u00fcr k\u00fcrzere Risse und weniger rauen Fels<\/li>\n<li>Verschluss: Velcro mit Abdeckkappe<\/li>\n<li>nat\u00fcrliche anatomische Passform<\/li>\n<\/ul>\n<h3>Wieso Ocun Crack Gloves lite?<\/h3>\n<p>Wisst ihr wie man <a href=\"https:\/\/bolting.eu\/produkt-kategorie\/kletter-tape\/\">Kletter Tape<\/a> Handschuhe macht? Wisst ihr wie viel Tape das ben\u00f6tigt?<\/p>\n<p>M\u00fcsst ihr auch nicht mehr! Denn mit diesen Risskletterhandschuhen erspart man sich den &#8220;Eigenbau&#8221;. Das ist zum einen zeitsparend. Und zum anderen auch nachhaltig. Denn die Crack Gloves kann man unz\u00e4hlige Male wiederverwenden. Wer halbwegs Acht gibt, sollte einige Jahre Freude daran haben.<\/p>\n<p>Somit ist man f\u00fcr alle Rissklettereien gewappnet. Egal ob Tessin, Cadarese oder Chamonix. Sie sind ein verl\u00e4sslicher Begleiter wenn es darum geht besseren Grip in den Rissen zu haben sowie die Haut am Handr\u00fccken zu sch\u00fctzen!<\/p>\n<h3>Welche Gr\u00f6\u00dfe brauchst Du?<\/h3>\n<p>Beachte bitte die Gr\u00f6\u00dfentabelle anbei. Denn sie gibt einen klaren \u00dcberblick zu den Gr\u00f6\u00dfen der Risskletter Handschuhe. Entscheidend dabei ist die genaue Messung deines Handteller Umfangs.<\/p>\n<p><a href=\"https:\/\/bolting.eu\/wp-content\/uploads\/2020\/11\/Groessentabelle-Ocun-Crack-Gloves.jpg\"><img loading=\"lazy\" decoding=\"async\" class=\"alignnone size-full wp-image-6222\" src=\"https:\/\/bolting.eu\/wp-content\/uploads\/2020\/11\/Groessentabelle-Ocun-Crack-Gloves.jpg\" alt=\"Das Bild zeigt die Gr\u00f6\u00dfentabelle der Ocun Risskletter Handschuhe. Es handelt sich um eine rechteckige Tabelle mit den Gr\u00f6\u00dfen XS bis Xl als graue Balken, sowie dem Handteller Umfang oberhalb in cm und unterhalb in Zoll.\" width=\"536\" height=\"109\" srcset=\"https:\/\/bolting.eu\/wp-content\/uploads\/2020\/11\/Groessentabelle-Ocun-Crack-Gloves.jpg 536w, https:\/\/bolting.eu\/wp-content\/uploads\/2020\/11\/Groessentabelle-Ocun-Crack-Gloves-510x104.jpg 510w\" sizes=\"auto, (max-width: 536px) 100vw, 536px\" \/><\/a><\/p>\n<h3>Pflegehinweise Ocun Crack Gloves lite<\/h3>\n<p>Wenn du ein paar einfache Tipps ber\u00fccksichtigst, halten deine Risskletterhandschuhe viel l\u00e4nger!<\/p>\n<p>Erstens solltest du die Crack Gloves nach der Verwendung offen zum Trocknen liegen lassen. Wichtig dabei! Nie in die direkte Sonne, auf eine Heizung oder neben einen Ofen legen.<\/p>\n<p>Zweitens solltest du die Handschuhe bei Zimmertemperatur lagern. D.h. weder in der Garage im Winter noch im Auto im Kofferraum. Denn der Gummi reagiert auf sehr hei\u00dfe und sehr kalte Temperaturen. Im Keller oder in der Ger\u00e4tekammer ist perfekt.<\/p>\n<h3>Unterschied zum &#8220;light&#8221; Modell?<\/h3>\n<p>Es gibt neben den Ocun Crack Gloves lite auch das &#8220;normale Modell&#8221;.<\/p>\n<p>Im Folgenden erkl\u00e4ren wir die Unterschiede.<\/p>\n<table style=\"height: 306px;\" width=\"460\">\n<tbody>\n<tr>\n<td style=\"text-align: center;\" width=\"144\"><strong>Kriterium<\/strong><\/td>\n<td style=\"text-align: center;\" width=\"87\"><strong>Crack Gloves<\/strong><\/td>\n<td style=\"text-align: center;\" width=\"128\"><strong>Crack Gloves Light<\/strong><\/td>\n<\/tr>\n<tr>\n<td style=\"text-align: center;\"><strong>Gewicht<\/strong><\/td>\n<td style=\"text-align: center;\">57 Gramm<\/td>\n<td style=\"text-align: center;\">57 Gramm<\/td>\n<\/tr>\n<tr>\n<td style=\"text-align: center;\"><strong>Dicke Gummischicht<\/strong><\/td>\n<td style=\"text-align: center;\">1,5 \ud835\udf41<\/td>\n<td style=\"text-align: center;\">1,1 \ud835\udf41<\/td>\n<\/tr>\n<tr>\n<td style=\"text-align: center;\"><strong>Fels<\/strong><\/td>\n<td style=\"text-align: center;\">sehr rau<\/td>\n<td style=\"text-align: center;\">weniger rau<\/td>\n<\/tr>\n<tr>\n<td style=\"text-align: center;\"><strong>Routenl\u00e4nge<\/strong><\/td>\n<td style=\"text-align: center;\">lang<\/td>\n<td style=\"text-align: center;\">kurz<\/td>\n<\/tr>\n<tr>\n<td style=\"text-align: center;\"><strong>Verwendung<\/strong><\/td>\n<td style=\"text-align: center;\">sehr oft<\/td>\n<td style=\"text-align: center;\">sporadisch<\/td>\n<\/tr>\n<tr>\n<td style=\"text-align: center;\"><strong>Alpin<\/strong><\/td>\n<td style=\"text-align: center;\">***<\/td>\n<td style=\"text-align: center;\">*****<\/td>\n<\/tr>\n<tr>\n<td style=\"text-align: center;\"><strong>Trad<\/strong><\/td>\n<td style=\"text-align: center;\">*****<\/td>\n<td style=\"text-align: center;\">***<\/td>\n<\/tr>\n<tr>\n<td style=\"text-align: center;\"><strong>Big Wall<\/strong><\/td>\n<td style=\"text-align: center;\">*****<\/td>\n<td style=\"text-align: center;\">***<\/td>\n<\/tr>\n<tr>\n<td style=\"text-align: center;\"><strong>Sportklettern<\/strong><\/td>\n<td style=\"text-align: center;\">**<\/td>\n<td style=\"text-align: center;\">****<\/td>\n<\/tr>\n<\/tbody>\n<\/table>\n<p>&nbsp;<\/p>\n<h4><strong>Link Tipp<\/strong><\/h4>\n<p>Von den &#8220;Wide Boyz&#8221; gibt es eine Youtube Serie zum Rissklettern die man gesehen habe sollte!<br \/>\n<a href=\"https:\/\/youtu.be\/y4CzwDebyI8\" target=\"_blank\" rel=\"noopener noreferrer\">Crack School Tutorials<\/a><\/p>\n","protected":false},"excerpt":{"rendered":"<p>D\u00fcnne Risskletterhandschuhe mit Klettverschluss und Abdecklappe.<\/p>\n<p>Ideal f\u00fcr das Alpinklettern, wenn geringes Gewicht eine Rolle spielt.<\/p>\n<div class=\"product-short-description\">\n<p>Versandkostenfrei bis 2kg in <img decoding=\"async\" class=\"emoji\" role=\"img\" draggable=\"false\" src=\"https:\/\/s.w.org\/images\/core\/emoji\/13.1.0\/svg\/1f1e6-1f1f9.svg\" alt=\"\ud83c\udde6\ud83c\uddf9\" \/> ab \u20ac 100,- und <img decoding=\"async\" class=\"emoji\" role=\"img\" draggable=\"false\" src=\"https:\/\/s.w.org\/images\/core\/emoji\/13.1.0\/svg\/1f1e9-1f1ea.svg\" alt=\"\ud83c\udde9\ud83c\uddea\" \/> ab \u20ac 200,-!<\/p>\n<\/div>\n","protected":false},"featured_media":6220,"comment_status":"open","ping_status":"closed","template":"","meta":[],"product_brand":[],"product_cat":[31,39,5061,12383],"product_tag":[265],"class_list":{"0":"post-6228","1":"product","2":"type-product","3":"status-publish","4":"has-post-thumbnail","6":"product_cat-big-wall-ausruestung","7":"product_cat-klemmgeraete-friends","8":"product_cat-kletterzubehoer","9":"product_cat-ocun","10":"product_tag-big-wall-klettern","12":"first","13":"instock","14":"taxable","15":"shipping-taxable","16":"purchasable","17":"product-type-variable"},"yoast_head":"<!-- This site is optimized with the Yoast SEO Premium plugin v26.9 (Yoast SEO v26.9) - https:\/\/yoast.com\/product\/yoast-seo-premium-wordpress\/ -->\n<title>Ocun Crack Gloves lite - Risskletter Handschuhe online kaufen | bolting.eu<\/title>\n<meta name=\"description\" content=\"Hier findest Du die OCUN CRACK GLOVES LITE. Leichte Risskletterhandschuhe f\u00fcr k\u00fcrzere Risse bzw. Alpinrouten aus Kunstleder mit Gummi\u00fcberzug!\" \/>\n<meta name=\"robots\" content=\"index, follow, max-snippet:-1, max-image-preview:large, max-video-preview:-1\" \/>\n<link rel=\"canonical\" href=\"https:\/\/bolting.eu\/en\/shop\/ocun-crack-gloves-lite\/\" \/>\n<meta property=\"og:locale\" content=\"en_US\" \/>\n<meta property=\"og:type\" content=\"article\" \/>\n<meta property=\"og:title\" content=\"Ocun Crack Gloves lite\" \/>\n<meta property=\"og:description\" content=\"Hier findest Du die OCUN CRACK GLOVES LITE. Leichte Risskletterhandschuhe f\u00fcr k\u00fcrzere Risse bzw. Alpinrouten aus Kunstleder mit Gummi\u00fcberzug!\" \/>\n<meta property=\"og:url\" content=\"https:\/\/bolting.eu\/en\/shop\/ocun-crack-gloves-lite\/\" \/>\n<meta property=\"og:site_name\" content=\"bolting.eu\" \/>\n<meta property=\"article:publisher\" content=\"https:\/\/www.facebook.com\/bolting.eu\" \/>\n<meta property=\"article:modified_time\" content=\"2026-03-18T17:47:28+00:00\" \/>\n<meta property=\"og:image\" content=\"https:\/\/bolting.eu\/wp-content\/uploads\/2020\/11\/Ocun-Crack-Gloves-light-Risshandschuhe-1-.jpg\" \/>\n\t<meta property=\"og:image:width\" content=\"700\" \/>\n\t<meta property=\"og:image:height\" content=\"700\" \/>\n\t<meta property=\"og:image:type\" content=\"image\/jpeg\" \/>\n<meta name=\"twitter:card\" content=\"summary_large_image\" \/>\n<meta name=\"twitter:label1\" content=\"Availability\" \/>\n\t<meta name=\"twitter:data1\" content=\"In stock\" \/>\n<script type=\"application\/ld+json\" class=\"yoast-schema-graph\">{\"@context\":\"https:\/\/schema.org\",\"@graph\":[{\"@type\":[\"WebPage\",\"ItemPage\"],\"@id\":\"https:\/\/bolting.eu\/en\/shop\/ocun-crack-gloves-lite\/\",\"url\":\"https:\/\/bolting.eu\/en\/shop\/ocun-crack-gloves-lite\/\",\"name\":\"Ocun Crack Gloves lite - Risskletter Handschuhe online kaufen | bolting.eu\",\"isPartOf\":{\"@id\":\"https:\/\/bolting.eu\/en\/#website\"},\"primaryImageOfPage\":{\"@id\":\"https:\/\/bolting.eu\/en\/shop\/ocun-crack-gloves-lite\/#primaryimage\"},\"image\":{\"@id\":\"https:\/\/bolting.eu\/en\/shop\/ocun-crack-gloves-lite\/#primaryimage\"},\"thumbnailUrl\":\"https:\/\/bolting.eu\/wp-content\/uploads\/2020\/11\/Ocun-Crack-Gloves-light-Risshandschuhe-1-.jpg\",\"datePublished\":\"2020-11-19T11:22:19+00:00\",\"dateModified\":\"2026-03-18T17:47:28+00:00\",\"description\":\"Hier findest Du die OCUN CRACK GLOVES LITE. Leichte Risskletterhandschuhe f\u00fcr k\u00fcrzere Risse bzw. Alpinrouten aus Kunstleder mit Gummi\u00fcberzug!\",\"breadcrumb\":{\"@id\":\"https:\/\/bolting.eu\/en\/shop\/ocun-crack-gloves-lite\/#breadcrumb\"},\"inLanguage\":\"en-US\",\"potentialAction\":[{\"@type\":\"ReadAction\",\"target\":[\"https:\/\/bolting.eu\/en\/shop\/ocun-crack-gloves-lite\/\"]}]},{\"@type\":\"ImageObject\",\"inLanguage\":\"en-US\",\"@id\":\"https:\/\/bolting.eu\/en\/shop\/ocun-crack-gloves-lite\/#primaryimage\",\"url\":\"https:\/\/bolting.eu\/wp-content\/uploads\/2020\/11\/Ocun-Crack-Gloves-light-Risshandschuhe-1-.jpg\",\"contentUrl\":\"https:\/\/bolting.eu\/wp-content\/uploads\/2020\/11\/Ocun-Crack-Gloves-light-Risshandschuhe-1-.jpg\",\"width\":700,\"height\":700,\"caption\":\"das Bild zeigt das Modell f\u00fcr die linke Hand der Ocun Crack Gloves lite. Der Risskletterhandschuh ist in der Mitte eines wei\u00dfen Quadrates abgebildet. Der schwarze Handschuh hat rote Finger-Fassungen und den wei\u00dfen Ocun Schriftzug sowie ein rotes Logo am Handr\u00fccken.\"},{\"@type\":\"BreadcrumbList\",\"@id\":\"https:\/\/bolting.eu\/en\/shop\/ocun-crack-gloves-lite\/#breadcrumb\",\"itemListElement\":[{\"@type\":\"ListItem\",\"position\":1,\"name\":\"Shop\",\"item\":\"https:\/\/bolting.eu\/en\/shop\/\"},{\"@type\":\"ListItem\",\"position\":2,\"name\":\"climbing equipment\",\"item\":\"https:\/\/bolting.eu\/en\/produkt-kategorie\/climbing-equipment\/\"},{\"@type\":\"ListItem\",\"position\":3,\"name\":\"Klemmger\u00e4te - Friends\",\"item\":\"https:\/\/bolting.eu\/produkt-kategorie\/kletterausruestung\/klemmgeraete-friends\/\"},{\"@type\":\"ListItem\",\"position\":4,\"name\":\"Ocun Crack Gloves lite\"}]},{\"@type\":\"WebSite\",\"@id\":\"https:\/\/bolting.eu\/en\/#website\",\"url\":\"https:\/\/bolting.eu\/en\/\",\"name\":\"bolting.eu\",\"description\":\"we make climbs happen\",\"publisher\":{\"@id\":\"https:\/\/bolting.eu\/en\/#organization\"},\"potentialAction\":[{\"@type\":\"SearchAction\",\"target\":{\"@type\":\"EntryPoint\",\"urlTemplate\":\"https:\/\/bolting.eu\/en\/?s={search_term_string}\"},\"query-input\":{\"@type\":\"PropertyValueSpecification\",\"valueRequired\":true,\"valueName\":\"search_term_string\"}}],\"inLanguage\":\"en-US\"},{\"@type\":[\"Organization\",\"Place\",\"SportingGoodsStore\"],\"@id\":\"https:\/\/bolting.eu\/en\/#organization\",\"name\":\"bolting.eu\",\"url\":\"https:\/\/bolting.eu\/en\/\",\"logo\":{\"@id\":\"https:\/\/bolting.eu\/en\/shop\/ocun-crack-gloves-lite\/#local-main-organization-logo\"},\"image\":{\"@id\":\"https:\/\/bolting.eu\/en\/shop\/ocun-crack-gloves-lite\/#local-main-organization-logo\"},\"sameAs\":[\"https:\/\/www.facebook.com\/bolting.eu\",\"https:\/\/www.instagram.com\/bolting.eu\/\"],\"address\":{\"@id\":\"https:\/\/bolting.eu\/en\/shop\/ocun-crack-gloves-lite\/#local-main-place-address\"},\"geo\":{\"@type\":\"GeoCoordinates\",\"latitude\":\"47.264176340396226\",\"longitude\":\"11.380109057672346\"},\"telephone\":[\"+43 699 19083372\"],\"openingHoursSpecification\":[{\"@type\":\"OpeningHoursSpecification\",\"dayOfWeek\":[\"Monday\",\"Wednesday\",\"Friday\"],\"opens\":\"14:00\",\"closes\":\"18:00\"},{\"@type\":\"OpeningHoursSpecification\",\"dayOfWeek\":[\"Tuesday\",\"Thursday\",\"Saturday\",\"Sunday\"],\"opens\":\"00:00\",\"closes\":\"00:00\"}],\"email\":\"office@bolting.eu\",\"vatID\":\"ATU59999728\",\"priceRange\":\"$$\",\"currenciesAccepted\":\"Euro\"},{\"@type\":\"PostalAddress\",\"@id\":\"https:\/\/bolting.eu\/en\/shop\/ocun-crack-gloves-lite\/#local-main-place-address\",\"streetAddress\":\"Fischnalerstra\u00dfe 4\",\"addressLocality\":\"Innsbruck\",\"postalCode\":\"6020\",\"addressRegion\":\"Tirol\",\"addressCountry\":\"AT\"},{\"@type\":\"ImageObject\",\"inLanguage\":\"en-US\",\"@id\":\"https:\/\/bolting.eu\/en\/shop\/ocun-crack-gloves-lite\/#local-main-organization-logo\",\"url\":\"https:\/\/bolting.eu\/wp-content\/uploads\/2019\/09\/bolting-logo.png\",\"contentUrl\":\"https:\/\/bolting.eu\/wp-content\/uploads\/2019\/09\/bolting-logo.png\",\"width\":400,\"height\":211,\"caption\":\"bolting.eu\"}]}<\/script>\n<meta property=\"og:availability\" content=\"instock\" \/>\n<meta property=\"product:availability\" content=\"instock\" \/>\n<meta property=\"product:retailer_item_id\" content=\"03548-1\" \/>\n<meta property=\"product:condition\" content=\"new\" \/>\n<meta name=\"geo.placename\" content=\"Innsbruck\" \/>\n<meta name=\"geo.position\" content=\"47.264176340396226;11.380109057672346\" \/>\n<meta name=\"geo.region\" content=\"Austria\" \/>\n<!-- \/ Yoast SEO Premium plugin. -->","yoast_head_json":{"title":"Ocun Crack Gloves lite - Risskletter Handschuhe online kaufen | bolting.eu","description":"Hier findest Du die OCUN CRACK GLOVES LITE. Leichte Risskletterhandschuhe f\u00fcr k\u00fcrzere Risse bzw. Alpinrouten aus Kunstleder mit Gummi\u00fcberzug!","robots":{"index":"index","follow":"follow","max-snippet":"max-snippet:-1","max-image-preview":"max-image-preview:large","max-video-preview":"max-video-preview:-1"},"canonical":"https:\/\/bolting.eu\/en\/shop\/ocun-crack-gloves-lite\/","og_locale":"en_US","og_type":"article","og_title":"Ocun Crack Gloves lite","og_description":"Hier findest Du die OCUN CRACK GLOVES LITE. Leichte Risskletterhandschuhe f\u00fcr k\u00fcrzere Risse bzw. Alpinrouten aus Kunstleder mit Gummi\u00fcberzug!","og_url":"https:\/\/bolting.eu\/en\/shop\/ocun-crack-gloves-lite\/","og_site_name":"bolting.eu","article_publisher":"https:\/\/www.facebook.com\/bolting.eu","article_modified_time":"2026-03-18T17:47:28+00:00","og_image":[{"width":700,"height":700,"url":"https:\/\/bolting.eu\/wp-content\/uploads\/2020\/11\/Ocun-Crack-Gloves-light-Risshandschuhe-1-.jpg","type":"image\/jpeg"}],"twitter_card":"summary_large_image","twitter_misc":{"Availability":"In stock"},"schema":{"@context":"https:\/\/schema.org","@graph":[{"@type":["WebPage","ItemPage"],"@id":"https:\/\/bolting.eu\/en\/shop\/ocun-crack-gloves-lite\/","url":"https:\/\/bolting.eu\/en\/shop\/ocun-crack-gloves-lite\/","name":"Ocun Crack Gloves lite - Risskletter Handschuhe online kaufen | bolting.eu","isPartOf":{"@id":"https:\/\/bolting.eu\/en\/#website"},"primaryImageOfPage":{"@id":"https:\/\/bolting.eu\/en\/shop\/ocun-crack-gloves-lite\/#primaryimage"},"image":{"@id":"https:\/\/bolting.eu\/en\/shop\/ocun-crack-gloves-lite\/#primaryimage"},"thumbnailUrl":"https:\/\/bolting.eu\/wp-content\/uploads\/2020\/11\/Ocun-Crack-Gloves-light-Risshandschuhe-1-.jpg","datePublished":"2020-11-19T11:22:19+00:00","dateModified":"2026-03-18T17:47:28+00:00","description":"Hier findest Du die OCUN CRACK GLOVES LITE. Leichte Risskletterhandschuhe f\u00fcr k\u00fcrzere Risse bzw. Alpinrouten aus Kunstleder mit Gummi\u00fcberzug!","breadcrumb":{"@id":"https:\/\/bolting.eu\/en\/shop\/ocun-crack-gloves-lite\/#breadcrumb"},"inLanguage":"en-US","potentialAction":[{"@type":"ReadAction","target":["https:\/\/bolting.eu\/en\/shop\/ocun-crack-gloves-lite\/"]}]},{"@type":"ImageObject","inLanguage":"en-US","@id":"https:\/\/bolting.eu\/en\/shop\/ocun-crack-gloves-lite\/#primaryimage","url":"https:\/\/bolting.eu\/wp-content\/uploads\/2020\/11\/Ocun-Crack-Gloves-light-Risshandschuhe-1-.jpg","contentUrl":"https:\/\/bolting.eu\/wp-content\/uploads\/2020\/11\/Ocun-Crack-Gloves-light-Risshandschuhe-1-.jpg","width":700,"height":700,"caption":"das Bild zeigt das Modell f\u00fcr die linke Hand der Ocun Crack Gloves lite. Der Risskletterhandschuh ist in der Mitte eines wei\u00dfen Quadrates abgebildet. Der schwarze Handschuh hat rote Finger-Fassungen und den wei\u00dfen Ocun Schriftzug sowie ein rotes Logo am Handr\u00fccken."},{"@type":"BreadcrumbList","@id":"https:\/\/bolting.eu\/en\/shop\/ocun-crack-gloves-lite\/#breadcrumb","itemListElement":[{"@type":"ListItem","position":1,"name":"Shop","item":"https:\/\/bolting.eu\/en\/shop\/"},{"@type":"ListItem","position":2,"name":"climbing equipment","item":"https:\/\/bolting.eu\/en\/produkt-kategorie\/climbing-equipment\/"},{"@type":"ListItem","position":3,"name":"Klemmger\u00e4te - Friends","item":"https:\/\/bolting.eu\/produkt-kategorie\/kletterausruestung\/klemmgeraete-friends\/"},{"@type":"ListItem","position":4,"name":"Ocun Crack Gloves lite"}]},{"@type":"WebSite","@id":"https:\/\/bolting.eu\/en\/#website","url":"https:\/\/bolting.eu\/en\/","name":"bolting.eu","description":"we make climbs happen","publisher":{"@id":"https:\/\/bolting.eu\/en\/#organization"},"potentialAction":[{"@type":"SearchAction","target":{"@type":"EntryPoint","urlTemplate":"https:\/\/bolting.eu\/en\/?s={search_term_string}"},"query-input":{"@type":"PropertyValueSpecification","valueRequired":true,"valueName":"search_term_string"}}],"inLanguage":"en-US"},{"@type":["Organization","Place","SportingGoodsStore"],"@id":"https:\/\/bolting.eu\/en\/#organization","name":"bolting.eu","url":"https:\/\/bolting.eu\/en\/","logo":{"@id":"https:\/\/bolting.eu\/en\/shop\/ocun-crack-gloves-lite\/#local-main-organization-logo"},"image":{"@id":"https:\/\/bolting.eu\/en\/shop\/ocun-crack-gloves-lite\/#local-main-organization-logo"},"sameAs":["https:\/\/www.facebook.com\/bolting.eu","https:\/\/www.instagram.com\/bolting.eu\/"],"address":{"@id":"https:\/\/bolting.eu\/en\/shop\/ocun-crack-gloves-lite\/#local-main-place-address"},"geo":{"@type":"GeoCoordinates","latitude":"47.264176340396226","longitude":"11.380109057672346"},"telephone":["+43 699 19083372"],"openingHoursSpecification":[{"@type":"OpeningHoursSpecification","dayOfWeek":["Monday","Wednesday","Friday"],"opens":"14:00","closes":"18:00"},{"@type":"OpeningHoursSpecification","dayOfWeek":["Tuesday","Thursday","Saturday","Sunday"],"opens":"00:00","closes":"00:00"}],"email":"office@bolting.eu","vatID":"ATU59999728","priceRange":"$$","currenciesAccepted":"Euro"},{"@type":"PostalAddress","@id":"https:\/\/bolting.eu\/en\/shop\/ocun-crack-gloves-lite\/#local-main-place-address","streetAddress":"Fischnalerstra\u00dfe 4","addressLocality":"Innsbruck","postalCode":"6020","addressRegion":"Tirol","addressCountry":"AT"},{"@type":"ImageObject","inLanguage":"en-US","@id":"https:\/\/bolting.eu\/en\/shop\/ocun-crack-gloves-lite\/#local-main-organization-logo","url":"https:\/\/bolting.eu\/wp-content\/uploads\/2019\/09\/bolting-logo.png","contentUrl":"https:\/\/bolting.eu\/wp-content\/uploads\/2019\/09\/bolting-logo.png","width":400,"height":211,"caption":"bolting.eu"}]},"og_availability":"instock","product_availability":"instock","product_retailer_item_id":"03548-1","product_condition":"new","geo.placename":"Innsbruck","geo.position":{"lat":"47.264176340396226","long":"11.380109057672346"},"geo.region":"Austria"},"_links":{"self":[{"href":"https:\/\/bolting.eu\/en\/wp-json\/wp\/v2\/product\/6228","targetHints":{"allow":["GET"]}}],"collection":[{"href":"https:\/\/bolting.eu\/en\/wp-json\/wp\/v2\/product"}],"about":[{"href":"https:\/\/bolting.eu\/en\/wp-json\/wp\/v2\/types\/product"}],"replies":[{"embeddable":true,"href":"https:\/\/bolting.eu\/en\/wp-json\/wp\/v2\/comments?post=6228"}],"wp:featuredmedia":[{"embeddable":true,"href":"https:\/\/bolting.eu\/en\/wp-json\/wp\/v2\/media\/6220"}],"wp:attachment":[{"href":"https:\/\/bolting.eu\/en\/wp-json\/wp\/v2\/media?parent=6228"}],"wp:term":[{"taxonomy":"product_brand","embeddable":true,"href":"https:\/\/bolting.eu\/en\/wp-json\/wp\/v2\/product_brand?post=6228"},{"taxonomy":"product_cat","embeddable":true,"href":"https:\/\/bolting.eu\/en\/wp-json\/wp\/v2\/product_cat?post=6228"},{"taxonomy":"product_tag","embeddable":true,"href":"https:\/\/bolting.eu\/en\/wp-json\/wp\/v2\/product_tag?post=6228"}],"curies":[{"name":"wp","href":"https:\/\/api.w.org\/{rel}","templated":true}]}}