{"id":6201,"date":"2020-11-18T18:11:56","date_gmt":"2020-11-18T17:11:56","guid":{"rendered":"https:\/\/bolting.eu\/?post_type=product&#038;p=6201"},"modified":"2025-08-25T19:58:37","modified_gmt":"2025-08-25T17:58:37","slug":"beal-gully-73mm-goldendry","status":"publish","type":"product","link":"https:\/\/bolting.eu\/en\/shop\/beal-gully-73mm-goldendry\/","title":{"rendered":"Beal Gully 7,3mm Goldendry"},"content":{"rendered":"<p>Das Beal Gully 7,3mm Golden Dry ist ein extrem leichtes Halbseil bzw. Doppelseil (a.k.a. Zwillingsseil). Denn es wiegt gerade einmal 36 Gramm pro Meter. Folglich ist dieses Seil zum einen perfekt f\u00fcr erfahrene Alpinisten in schweren und langen Routen. Und zum anderen etwas f\u00fcr alle, die auf geringstes Gewicht achten.<\/p>\n<p>Das Gully hat einige hochwertige Eigenschaften. Erstens kommt aus der <strong>Unicore Technology<\/strong> Familie (Mantel und Kern ergeben eine Einheit = Unicore). Zweitens hat es eine <strong>Golden Dry Impr\u00e4gnierung<\/strong> und ist somit perfekt gegen Wasseraufnahme und Schmutz gesch\u00fctzt. Drittens ist der Fangsto\u00df extrem weich. Und viertens sind die beiden Str\u00e4nge auch als Doppelseil (a.k.a. Zwillingsseil) zugelassen.<\/p>\n<p>Kurzum. Ein extrem hochwertiges <a href=\"https:\/\/bolting.eu\/produkt-kategorie\/kletterseil\/\">Kletterseil<\/a> f\u00fcr alpine Abenteuer!<\/p>\n<h2>Eigenschaften Beal Gully 7,3 Golden Dry<\/h2>\n<ul>\n<li>Type: Doppelseil (a.k.a. Zwillingsseil) und Halbseil<\/li>\n<li>Lieferumfang 2 x 60m Str\u00e4nge<\/li>\n<li>Durchmesser: 7,3mm<\/li>\n<li>Material: Polyamid<\/li>\n<li>Gewicht \/ Meter: 36 Gramm<\/li>\n<li>Farbe: gr\u00fcn und orange-rot<\/li>\n<li>L\u00e4nge: 60m<\/li>\n<li>EN Norm 892<\/li>\n<li>Behandlung: <strong>Golden Dry<\/strong><\/li>\n<li>Technologie: Unicore (Mantel+Kern = 1 Einheit)<\/li>\n<li>Mittlere Markierung: yes<\/li>\n<li>Normst\u00fcrze: 12 (80kg, beide Str\u00e4nge)<\/li>\n<li>Mantelanteil: 45%<\/li>\n<li>dyn. Dehnung: 34%<\/li>\n<li>Fangsto\u00df: 7,9kN (bei 80kg, beide Str\u00e4nge)<\/li>\n<li>Mantelverschiebung: 0,0mm<\/li>\n<\/ul>\n<h3>Einsatzbereiche<\/h3>\n<p>Eines vielleicht vorweg. Das Beal Gully ist nichts f\u00fcr Anf\u00e4nger. Denn mit 7,3mm ist dieses Seil extrem d\u00fcnn sowie leicht. Folglich ben\u00f6tigt man gen\u00fcgend Erfahrung beim Handling. Denn es rutscht mit entsprechend geringer Reibung durch alle Sicherungs- und Abseilger\u00e4te.<\/p>\n<p>D.h. die beiden Halbseil Str\u00e4nge sind einerseits etwas f\u00fcr erfahrene Alpinisten. Denn f\u00fcr sie sind vor allem Gewicht, extreme Haltbarkeit und wasserabweisendes Verhalten entscheidend. Beim Eisklettern, bei alpinen Kletterrouten sowie langen Mixed Routen.<\/p>\n<p>Zum anderen ist das Gully etwas f\u00fcr alle, die geringstes Gewicht sch\u00e4tzen. Dann ist man hier goldrichtig. Denn die beiden 60m langen Str\u00e4nge bringen es zusammen auf gerade einmal 4320 Gramm.<\/p>\n<h3>Seilpflege Tipps<\/h3>\n<p>Zum einen lautet unsere Empfehlung euer Beal Gully immer gut an der Luft zu trocknen. Lange anhaltende Feuchtigkeit schadet den Fasern bzw. der Impr\u00e4gnierung. Wichtig dabei. Erstens nie in der direkten Sonne trocknen. Zweitens nie \u00fcber einer Heizung oder Ofen. Drittens insicherer Entfernung von spitzen Objekten und S\u00e4uren bzw. Treibstoffen.<\/p>\n<p>Zum anderen wascht euer Doppelseil regelm\u00e4\u00dfig mit dem <a href=\"https:\/\/bolting.eu\/shop\/beal-seilwaschmittel-rope-cleaner\/\">Beal Seilwaschmittel<\/a>. Denn so bleibt eure Golden Dry Impr\u00e4gnierung l\u00e4nger erhalten. Zudem schont ihr durch das Auswaschen von Sand eure Sicherungs- bzw. Abseilger\u00e4te!<\/p>\n<h4><strong>Link Tipp<\/strong><\/h4>\n<p>In diesem Video wird euch die <a href=\"https:\/\/youtu.be\/YwtbKe4Vfag\" target=\"_blank\" rel=\"noopener noreferrer\">Unicore Technology<\/a> des Beal Gully 7,3mm eindrucksvoll erkl\u00e4rt!<\/p>\n","protected":false},"excerpt":{"rendered":"<p>Das Beal Gully ist eines der d\u00fcnnsten und leichtesten Halbseile bzw. Zwillingsseile am Markt. Dieses Produkt ist f\u00fcr Alpinisten gemacht, bei denen jedes Gramm z\u00e4hlt.<\/p>\n<p>Ein hochwertiges High-End Produkt mit Unicore Technology und Golden Dry Impr\u00e4gnierung f\u00fcr exzellenten Feuchtigkeitsschutz!<\/p>\n","protected":false},"featured_media":6203,"comment_status":"open","ping_status":"closed","template":"","meta":[],"product_brand":[],"product_cat":[4663,6727,29],"product_tag":[262],"class_list":{"0":"post-6201","1":"product","2":"type-product","3":"status-publish","4":"has-post-thumbnail","6":"product_cat-beal","7":"product_cat-kletterseil","8":"product_cat-kletterausruestung","9":"product_tag-alpinklettern","11":"first","12":"outofstock","13":"sale","14":"taxable","15":"shipping-taxable","16":"purchasable","17":"product-type-simple"},"yoast_head":"<!-- This site is optimized with the Yoast SEO Premium plugin v26.9 (Yoast SEO v26.9) - https:\/\/yoast.com\/product\/yoast-seo-premium-wordpress\/ -->\n<title>Beal Gully 7,3mm Goldendry Halbseil zum top Preis kaufen | bolting.eu<\/title>\n<meta name=\"description\" content=\"Hier findest Du das BEAL GULLY 7,3mm Halbseil \/ Doppelseil mit Golden Dry Impr\u00e4gnierung zum top Preis beim Kletterprofi bolting.eu!\" \/>\n<meta name=\"robots\" content=\"index, follow, max-snippet:-1, max-image-preview:large, max-video-preview:-1\" \/>\n<link rel=\"canonical\" href=\"https:\/\/bolting.eu\/en\/shop\/beal-gully-73mm-goldendry\/\" \/>\n<meta property=\"og:locale\" content=\"en_US\" \/>\n<meta property=\"og:type\" content=\"article\" \/>\n<meta property=\"og:title\" content=\"Beal Gully 7,3mm Goldendry\" \/>\n<meta property=\"og:description\" content=\"Hier findest Du das BEAL GULLY 7,3mm Halbseil \/ Doppelseil mit Golden Dry Impr\u00e4gnierung zum top Preis beim Kletterprofi bolting.eu!\" \/>\n<meta property=\"og:url\" content=\"https:\/\/bolting.eu\/en\/shop\/beal-gully-73mm-goldendry\/\" \/>\n<meta property=\"og:site_name\" content=\"bolting.eu\" \/>\n<meta property=\"article:publisher\" content=\"https:\/\/www.facebook.com\/bolting.eu\" \/>\n<meta property=\"article:modified_time\" content=\"2025-08-25T17:58:37+00:00\" \/>\n<meta property=\"og:image\" content=\"https:\/\/bolting.eu\/wp-content\/uploads\/2020\/11\/Beal-Gully-73mm-goldendry-1.jpg\" \/>\n\t<meta property=\"og:image:width\" content=\"700\" \/>\n\t<meta property=\"og:image:height\" content=\"700\" \/>\n\t<meta property=\"og:image:type\" content=\"image\/jpeg\" \/>\n<meta name=\"twitter:card\" content=\"summary_large_image\" \/>\n<meta name=\"twitter:label1\" content=\"Price\" \/>\n\t<meta name=\"twitter:data1\" content=\"&euro;&nbsp;374,90\" \/>\n\t<meta name=\"twitter:label2\" content=\"Availability\" \/>\n\t<meta name=\"twitter:data2\" content=\"Out of stock\" \/>\n<script type=\"application\/ld+json\" class=\"yoast-schema-graph\">{\"@context\":\"https:\/\/schema.org\",\"@graph\":[{\"@type\":[\"WebPage\",\"ItemPage\"],\"@id\":\"https:\/\/bolting.eu\/en\/shop\/beal-gully-73mm-goldendry\/\",\"url\":\"https:\/\/bolting.eu\/en\/shop\/beal-gully-73mm-goldendry\/\",\"name\":\"Beal Gully 7,3mm Goldendry Halbseil zum top Preis kaufen | bolting.eu\",\"isPartOf\":{\"@id\":\"https:\/\/bolting.eu\/en\/#website\"},\"primaryImageOfPage\":{\"@id\":\"https:\/\/bolting.eu\/en\/shop\/beal-gully-73mm-goldendry\/#primaryimage\"},\"image\":{\"@id\":\"https:\/\/bolting.eu\/en\/shop\/beal-gully-73mm-goldendry\/#primaryimage\"},\"thumbnailUrl\":\"https:\/\/bolting.eu\/wp-content\/uploads\/2020\/11\/Beal-Gully-73mm-goldendry-1.jpg\",\"datePublished\":\"2020-11-18T17:11:56+00:00\",\"dateModified\":\"2025-08-25T17:58:37+00:00\",\"description\":\"Hier findest Du das BEAL GULLY 7,3mm Halbseil \/ Doppelseil mit Golden Dry Impr\u00e4gnierung zum top Preis beim Kletterprofi bolting.eu!\",\"breadcrumb\":{\"@id\":\"https:\/\/bolting.eu\/en\/shop\/beal-gully-73mm-goldendry\/#breadcrumb\"},\"inLanguage\":\"en-US\",\"potentialAction\":[{\"@type\":\"ReadAction\",\"target\":[\"https:\/\/bolting.eu\/en\/shop\/beal-gully-73mm-goldendry\/\"]}]},{\"@type\":\"ImageObject\",\"inLanguage\":\"en-US\",\"@id\":\"https:\/\/bolting.eu\/en\/shop\/beal-gully-73mm-goldendry\/#primaryimage\",\"url\":\"https:\/\/bolting.eu\/wp-content\/uploads\/2020\/11\/Beal-Gully-73mm-goldendry-1.jpg\",\"contentUrl\":\"https:\/\/bolting.eu\/wp-content\/uploads\/2020\/11\/Beal-Gully-73mm-goldendry-1.jpg\",\"width\":700,\"height\":700,\"caption\":\"Das Bild zeigt zwei Str\u00e4nge des Beal Gully 7,3mm Golden Dry Halbseiles. Ein grell-gr\u00fcner und ein orange-roter Strang sind als Paar hintereinander und aufrecht stehend in der Mitte eines wei\u00dfen Quadrates zu sehen.\"},{\"@type\":\"BreadcrumbList\",\"@id\":\"https:\/\/bolting.eu\/en\/shop\/beal-gully-73mm-goldendry\/#breadcrumb\",\"itemListElement\":[{\"@type\":\"ListItem\",\"position\":1,\"name\":\"Shop\",\"item\":\"https:\/\/bolting.eu\/en\/shop\/\"},{\"@type\":\"ListItem\",\"position\":2,\"name\":\"climbing equipment\",\"item\":\"https:\/\/bolting.eu\/en\/produkt-kategorie\/climbing-equipment\/\"},{\"@type\":\"ListItem\",\"position\":3,\"name\":\"Kletterseil\",\"item\":\"https:\/\/bolting.eu\/produkt-kategorie\/kletterausruestung\/kletterseil\/\"},{\"@type\":\"ListItem\",\"position\":4,\"name\":\"Beal Gully 7,3mm Goldendry\"}]},{\"@type\":\"WebSite\",\"@id\":\"https:\/\/bolting.eu\/en\/#website\",\"url\":\"https:\/\/bolting.eu\/en\/\",\"name\":\"bolting.eu\",\"description\":\"we make climbs happen\",\"publisher\":{\"@id\":\"https:\/\/bolting.eu\/en\/#organization\"},\"potentialAction\":[{\"@type\":\"SearchAction\",\"target\":{\"@type\":\"EntryPoint\",\"urlTemplate\":\"https:\/\/bolting.eu\/en\/?s={search_term_string}\"},\"query-input\":{\"@type\":\"PropertyValueSpecification\",\"valueRequired\":true,\"valueName\":\"search_term_string\"}}],\"inLanguage\":\"en-US\"},{\"@type\":[\"Organization\",\"Place\",\"SportingGoodsStore\"],\"@id\":\"https:\/\/bolting.eu\/en\/#organization\",\"name\":\"bolting.eu\",\"url\":\"https:\/\/bolting.eu\/en\/\",\"logo\":{\"@id\":\"https:\/\/bolting.eu\/en\/shop\/beal-gully-73mm-goldendry\/#local-main-organization-logo\"},\"image\":{\"@id\":\"https:\/\/bolting.eu\/en\/shop\/beal-gully-73mm-goldendry\/#local-main-organization-logo\"},\"sameAs\":[\"https:\/\/www.facebook.com\/bolting.eu\",\"https:\/\/www.instagram.com\/bolting.eu\/\"],\"address\":{\"@id\":\"https:\/\/bolting.eu\/en\/shop\/beal-gully-73mm-goldendry\/#local-main-place-address\"},\"geo\":{\"@type\":\"GeoCoordinates\",\"latitude\":\"47.264176340396226\",\"longitude\":\"11.380109057672346\"},\"telephone\":[\"+43 699 19083372\"],\"openingHoursSpecification\":[{\"@type\":\"OpeningHoursSpecification\",\"dayOfWeek\":[\"Monday\",\"Wednesday\",\"Friday\"],\"opens\":\"14:00\",\"closes\":\"18:00\"},{\"@type\":\"OpeningHoursSpecification\",\"dayOfWeek\":[\"Tuesday\",\"Thursday\",\"Saturday\",\"Sunday\"],\"opens\":\"00:00\",\"closes\":\"00:00\"}],\"email\":\"office@bolting.eu\",\"vatID\":\"ATU59999728\",\"priceRange\":\"$$\",\"currenciesAccepted\":\"Euro\"},{\"@type\":\"PostalAddress\",\"@id\":\"https:\/\/bolting.eu\/en\/shop\/beal-gully-73mm-goldendry\/#local-main-place-address\",\"streetAddress\":\"Fischnalerstra\u00dfe 4\",\"addressLocality\":\"Innsbruck\",\"postalCode\":\"6020\",\"addressRegion\":\"Tirol\",\"addressCountry\":\"AT\"},{\"@type\":\"ImageObject\",\"inLanguage\":\"en-US\",\"@id\":\"https:\/\/bolting.eu\/en\/shop\/beal-gully-73mm-goldendry\/#local-main-organization-logo\",\"url\":\"https:\/\/bolting.eu\/wp-content\/uploads\/2019\/09\/bolting-logo.png\",\"contentUrl\":\"https:\/\/bolting.eu\/wp-content\/uploads\/2019\/09\/bolting-logo.png\",\"width\":400,\"height\":211,\"caption\":\"bolting.eu\"}]}<\/script>\n<meta property=\"product:price:amount\" content=\"374.90\" \/>\n<meta property=\"product:price:currency\" content=\"EUR\" \/>\n<meta property=\"og:availability\" content=\"out of stock\" \/>\n<meta property=\"product:availability\" content=\"out of stock\" \/>\n<meta property=\"product:retailer_item_id\" content=\"BC073G.602GD.OG\" \/>\n<meta property=\"product:condition\" content=\"new\" \/>\n<meta name=\"geo.placename\" content=\"Innsbruck\" \/>\n<meta name=\"geo.position\" content=\"47.264176340396226;11.380109057672346\" \/>\n<meta name=\"geo.region\" content=\"Austria\" \/>\n<!-- \/ Yoast SEO Premium plugin. -->","yoast_head_json":{"title":"Beal Gully 7,3mm Goldendry Halbseil zum top Preis kaufen | bolting.eu","description":"Hier findest Du das BEAL GULLY 7,3mm Halbseil \/ Doppelseil mit Golden Dry Impr\u00e4gnierung zum top Preis beim Kletterprofi bolting.eu!","robots":{"index":"index","follow":"follow","max-snippet":"max-snippet:-1","max-image-preview":"max-image-preview:large","max-video-preview":"max-video-preview:-1"},"canonical":"https:\/\/bolting.eu\/en\/shop\/beal-gully-73mm-goldendry\/","og_locale":"en_US","og_type":"article","og_title":"Beal Gully 7,3mm Goldendry","og_description":"Hier findest Du das BEAL GULLY 7,3mm Halbseil \/ Doppelseil mit Golden Dry Impr\u00e4gnierung zum top Preis beim Kletterprofi bolting.eu!","og_url":"https:\/\/bolting.eu\/en\/shop\/beal-gully-73mm-goldendry\/","og_site_name":"bolting.eu","article_publisher":"https:\/\/www.facebook.com\/bolting.eu","article_modified_time":"2025-08-25T17:58:37+00:00","og_image":[{"width":700,"height":700,"url":"https:\/\/bolting.eu\/wp-content\/uploads\/2020\/11\/Beal-Gully-73mm-goldendry-1.jpg","type":"image\/jpeg"}],"twitter_card":"summary_large_image","twitter_misc":{"Price":"&euro;&nbsp;374,90","Availability":"Out of stock"},"schema":{"@context":"https:\/\/schema.org","@graph":[{"@type":["WebPage","ItemPage"],"@id":"https:\/\/bolting.eu\/en\/shop\/beal-gully-73mm-goldendry\/","url":"https:\/\/bolting.eu\/en\/shop\/beal-gully-73mm-goldendry\/","name":"Beal Gully 7,3mm Goldendry Halbseil zum top Preis kaufen | bolting.eu","isPartOf":{"@id":"https:\/\/bolting.eu\/en\/#website"},"primaryImageOfPage":{"@id":"https:\/\/bolting.eu\/en\/shop\/beal-gully-73mm-goldendry\/#primaryimage"},"image":{"@id":"https:\/\/bolting.eu\/en\/shop\/beal-gully-73mm-goldendry\/#primaryimage"},"thumbnailUrl":"https:\/\/bolting.eu\/wp-content\/uploads\/2020\/11\/Beal-Gully-73mm-goldendry-1.jpg","datePublished":"2020-11-18T17:11:56+00:00","dateModified":"2025-08-25T17:58:37+00:00","description":"Hier findest Du das BEAL GULLY 7,3mm Halbseil \/ Doppelseil mit Golden Dry Impr\u00e4gnierung zum top Preis beim Kletterprofi bolting.eu!","breadcrumb":{"@id":"https:\/\/bolting.eu\/en\/shop\/beal-gully-73mm-goldendry\/#breadcrumb"},"inLanguage":"en-US","potentialAction":[{"@type":"ReadAction","target":["https:\/\/bolting.eu\/en\/shop\/beal-gully-73mm-goldendry\/"]}]},{"@type":"ImageObject","inLanguage":"en-US","@id":"https:\/\/bolting.eu\/en\/shop\/beal-gully-73mm-goldendry\/#primaryimage","url":"https:\/\/bolting.eu\/wp-content\/uploads\/2020\/11\/Beal-Gully-73mm-goldendry-1.jpg","contentUrl":"https:\/\/bolting.eu\/wp-content\/uploads\/2020\/11\/Beal-Gully-73mm-goldendry-1.jpg","width":700,"height":700,"caption":"Das Bild zeigt zwei Str\u00e4nge des Beal Gully 7,3mm Golden Dry Halbseiles. Ein grell-gr\u00fcner und ein orange-roter Strang sind als Paar hintereinander und aufrecht stehend in der Mitte eines wei\u00dfen Quadrates zu sehen."},{"@type":"BreadcrumbList","@id":"https:\/\/bolting.eu\/en\/shop\/beal-gully-73mm-goldendry\/#breadcrumb","itemListElement":[{"@type":"ListItem","position":1,"name":"Shop","item":"https:\/\/bolting.eu\/en\/shop\/"},{"@type":"ListItem","position":2,"name":"climbing equipment","item":"https:\/\/bolting.eu\/en\/produkt-kategorie\/climbing-equipment\/"},{"@type":"ListItem","position":3,"name":"Kletterseil","item":"https:\/\/bolting.eu\/produkt-kategorie\/kletterausruestung\/kletterseil\/"},{"@type":"ListItem","position":4,"name":"Beal Gully 7,3mm Goldendry"}]},{"@type":"WebSite","@id":"https:\/\/bolting.eu\/en\/#website","url":"https:\/\/bolting.eu\/en\/","name":"bolting.eu","description":"we make climbs happen","publisher":{"@id":"https:\/\/bolting.eu\/en\/#organization"},"potentialAction":[{"@type":"SearchAction","target":{"@type":"EntryPoint","urlTemplate":"https:\/\/bolting.eu\/en\/?s={search_term_string}"},"query-input":{"@type":"PropertyValueSpecification","valueRequired":true,"valueName":"search_term_string"}}],"inLanguage":"en-US"},{"@type":["Organization","Place","SportingGoodsStore"],"@id":"https:\/\/bolting.eu\/en\/#organization","name":"bolting.eu","url":"https:\/\/bolting.eu\/en\/","logo":{"@id":"https:\/\/bolting.eu\/en\/shop\/beal-gully-73mm-goldendry\/#local-main-organization-logo"},"image":{"@id":"https:\/\/bolting.eu\/en\/shop\/beal-gully-73mm-goldendry\/#local-main-organization-logo"},"sameAs":["https:\/\/www.facebook.com\/bolting.eu","https:\/\/www.instagram.com\/bolting.eu\/"],"address":{"@id":"https:\/\/bolting.eu\/en\/shop\/beal-gully-73mm-goldendry\/#local-main-place-address"},"geo":{"@type":"GeoCoordinates","latitude":"47.264176340396226","longitude":"11.380109057672346"},"telephone":["+43 699 19083372"],"openingHoursSpecification":[{"@type":"OpeningHoursSpecification","dayOfWeek":["Monday","Wednesday","Friday"],"opens":"14:00","closes":"18:00"},{"@type":"OpeningHoursSpecification","dayOfWeek":["Tuesday","Thursday","Saturday","Sunday"],"opens":"00:00","closes":"00:00"}],"email":"office@bolting.eu","vatID":"ATU59999728","priceRange":"$$","currenciesAccepted":"Euro"},{"@type":"PostalAddress","@id":"https:\/\/bolting.eu\/en\/shop\/beal-gully-73mm-goldendry\/#local-main-place-address","streetAddress":"Fischnalerstra\u00dfe 4","addressLocality":"Innsbruck","postalCode":"6020","addressRegion":"Tirol","addressCountry":"AT"},{"@type":"ImageObject","inLanguage":"en-US","@id":"https:\/\/bolting.eu\/en\/shop\/beal-gully-73mm-goldendry\/#local-main-organization-logo","url":"https:\/\/bolting.eu\/wp-content\/uploads\/2019\/09\/bolting-logo.png","contentUrl":"https:\/\/bolting.eu\/wp-content\/uploads\/2019\/09\/bolting-logo.png","width":400,"height":211,"caption":"bolting.eu"}]},"product_price_amount":"374.90","product_price_currency":"EUR","og_availability":"out of stock","product_availability":"out of stock","product_retailer_item_id":"BC073G.602GD.OG","product_condition":"new","geo.placename":"Innsbruck","geo.position":{"lat":"47.264176340396226","long":"11.380109057672346"},"geo.region":"Austria"},"_links":{"self":[{"href":"https:\/\/bolting.eu\/en\/wp-json\/wp\/v2\/product\/6201","targetHints":{"allow":["GET"]}}],"collection":[{"href":"https:\/\/bolting.eu\/en\/wp-json\/wp\/v2\/product"}],"about":[{"href":"https:\/\/bolting.eu\/en\/wp-json\/wp\/v2\/types\/product"}],"replies":[{"embeddable":true,"href":"https:\/\/bolting.eu\/en\/wp-json\/wp\/v2\/comments?post=6201"}],"wp:featuredmedia":[{"embeddable":true,"href":"https:\/\/bolting.eu\/en\/wp-json\/wp\/v2\/media\/6203"}],"wp:attachment":[{"href":"https:\/\/bolting.eu\/en\/wp-json\/wp\/v2\/media?parent=6201"}],"wp:term":[{"taxonomy":"product_brand","embeddable":true,"href":"https:\/\/bolting.eu\/en\/wp-json\/wp\/v2\/product_brand?post=6201"},{"taxonomy":"product_cat","embeddable":true,"href":"https:\/\/bolting.eu\/en\/wp-json\/wp\/v2\/product_cat?post=6201"},{"taxonomy":"product_tag","embeddable":true,"href":"https:\/\/bolting.eu\/en\/wp-json\/wp\/v2\/product_tag?post=6201"}],"curies":[{"name":"wp","href":"https:\/\/api.w.org\/{rel}","templated":true}]}}