{"id":6191,"date":"2020-11-18T17:18:22","date_gmt":"2020-11-18T16:18:22","guid":{"rendered":"https:\/\/bolting.eu\/?post_type=product&#038;p=6191"},"modified":"2025-12-13T13:59:31","modified_gmt":"2025-12-13T12:59:31","slug":"beal-dynaclip-selbstsicherungsschlinge","status":"publish","type":"product","link":"https:\/\/bolting.eu\/en\/shop\/beal-dynaclip-selbstsicherungsschlinge\/","title":{"rendered":"Beal Dynaclip Selbstsicherungsschlinge"},"content":{"rendered":"<p>Die Beal Dynaclip ist eine innovative Selbstsicherungsschlinge. Denn das Material ist dynamisch. D.h. es dehnt sich im Falle eines Sturzes aus und mindert so den Fangsto\u00df. Z.B. wenn man an einem Stand ausrutscht. Eine statische Selbstsicherungsschlinge (Dyneema Bandschlinge oder Nylon Schlinge) w\u00fcrde dann einen gef\u00e4hrlichen Fangsto\u00df bis zum Faktor 2 bedeuten.<\/p>\n<p>\u00dcberdies hat die Dynaclip fix vern\u00e4hte Schlaufen. D.h. einerseits kann man sich perfekt mit einem Ankerstich im <a href=\"https:\/\/bolting.eu\/produkt-kategorie\/klettergurte\/\">Klettergurt<\/a> einbinden. Und andererseits kann sich der Karabiner zum Einh\u00e4ngen in den Fixpunkt nicht unabsichtlich verdrehen.<\/p>\n<p>Es gibt drei L\u00e4ngen der Dynaclip Schlinge. Erstens 40cm f\u00fcr Kinder bzw. H\u00f6henarbeiten (kurzer &#8220;cow\u00b4s tail&#8221;). Zweitens 50cm f\u00fcr Damen bzw. Jugendliche und kleine Personen. Und drittens 75cm f\u00fcr gro\u00dfe Personen.<\/p>\n<p>Kurzum. Eine sehr gute, neuartige Selbstsicherungsschlinge die in keiner <a href=\"https:\/\/bolting.eu\/kletterausruestung\/\">Kletterausr\u00fcstung<\/a> fehlen sollte.<\/p>\n<h2>Eigenschaften Beal Dynaclip<\/h2>\n<ul>\n<li>Hersteller: <a href=\"https:\/\/bolting.eu\/produkt-kategorie\/beal\/\">Beal<\/a><\/li>\n<li>Material: Polyamid<\/li>\n<li>L\u00e4ngen: 40cm &#8211; 50cm &#8211; 75cm<\/li>\n<li>Gewicht: 55 &#8211; 60 &#8211; 75 Gramm<\/li>\n<li>Bruchlast: 15kN<\/li>\n<li>Normen: UIAA 109<\/li>\n<li>zwei vern\u00e4hte Schlaufen<\/li>\n<li>perfekt als Selbsicherungsschlinge<\/li>\n<li>darf nicht als Zwischensicherung benutzt werden!<\/li>\n<li>Produktion aus Seilresten &#8211; farbliche Unterschiede m\u00f6glich<\/li>\n<\/ul>\n<h3>Einbinden mit Ankerstich<\/h3>\n<p>Alle Varianten der Beal Dynaclip Schlinge werden mit einem Ankerstich in den Klettergurt eingebunden. Dabei wird die lange Schlaufe zuerst durch den Anseilring gef\u00fchrt. Dann wird der Rest der Schlinge durch die Schlaufe gef\u00e4delt und angezogen.<\/p>\n<p>Im Folgenden Video wird der Ankerstich ausf\u00fchrlich vorgestellt!<\/p>\n<p><iframe loading=\"lazy\" src=\"https:\/\/www.youtube.com\/embed\/FhIgziJCm20\" width=\"70%\" height=\"300\" frameborder=\"0\" allowfullscreen=\"allowfullscreen\"><span data-mce-type=\"bookmark\" style=\"display: inline-block; width: 0px; overflow: hidden; line-height: 0;\" class=\"mce_SELRES_start\">\ufeff<\/span><span data-mce-type=\"bookmark\" style=\"display: inline-block; width: 0px; overflow: hidden; line-height: 0;\" class=\"mce_SELRES_start\">\ufeff<\/span><\/iframe><\/p>\n<h3>Beal Dynaclip 40cm<\/h3>\n<p>Die k\u00fcrzeste L\u00e4nge der Selbstsicherungsschlinge ist einerseits f\u00fcr Kinder gedacht. Beispielsweise um am Klettersteig rasten zu k\u00f6nnen.<\/p>\n<p>Andererseits wird sie bei H\u00f6henarbeitern verwendet. Hierbei erf\u00fcllt diese L\u00e4nge die Funktion des &#8220;short cow\u00b4s tail&#8221;. D.h. der kurzen der zwei Selbstsicherungsarme die jeder immer am Gurt tragen sollte.<\/p>\n<h3>Beal Dynaclip 50cm<\/h3>\n<p>Diese L\u00e4nge ist f\u00fcr Jugendliche und kleinere Personen ideal. Denn somit betr\u00e4gt der Abstand zum Fixpunkt insgesamt ca. 50 cm. Das errechnet sich wie folgt: 50cm minus ca. 10cm f\u00fcr den Ankerstich plus 10cm Karabinerl\u00e4nge = 50cm.<\/p>\n<h3>Dynaclip 75cm<\/h3>\n<p>Diese L\u00e4nge der Beal Dynaclip Schlinge ist einerseits perfekt f\u00fcr gro\u00dfe Personen. Denn sie k\u00f6nnen so mit ausgetrecktem Armen noch perfekt zum Karabiner langen. Andererseits verwenden diese lange Version der Selbstsicherungsschlinge auch die H\u00f6henarbeiter (&#8220;long cow\u00b4s tail&#8221;).<\/p>\n<h4><strong>Link Tipp<\/strong><\/h4>\n<p>Vielleicht wollt ihr die neue Beal Dynaclip Schlinge ja mal ausprobieren, beim <a href=\"https:\/\/maltatal.rocks\" target=\"_blank\" rel=\"noopener noreferrer\">Klettern im Maltatal<\/a> in K\u00e4rnten!<\/p>\n","protected":false},"excerpt":{"rendered":"<ul>\n<li>Hersteller: Beal<\/li>\n<li>Material: Polyamid<\/li>\n<li>L\u00e4ngen: 40cm &#8211; 50cm &#8211; 75cm<\/li>\n<li>Gewicht: 55 &#8211; 60 &#8211; 75 Gramm<\/li>\n<li>Bruchlast: 15kN<\/li>\n<li>Normen: UIAA 109<\/li>\n<li>zwei vern\u00e4hte Schlaufen<\/li>\n<li>perfekt als Selbsicherungsschlinge<\/li>\n<li>darf nicht als Zwischensicherung benutzt werden!<\/li>\n<li>Produktion aus Seilresten &#8211; farbliche Unterschiede m\u00f6glich<\/li>\n<\/ul>\n","protected":false},"featured_media":6193,"comment_status":"open","ping_status":"closed","template":"","meta":[],"product_brand":[],"product_cat":[4663],"product_tag":[],"class_list":{"0":"post-6191","1":"product","2":"type-product","3":"status-publish","4":"has-post-thumbnail","6":"product_cat-beal","8":"first","9":"instock","10":"taxable","11":"shipping-taxable","12":"purchasable","13":"product-type-variable"},"yoast_head":"<!-- This site is optimized with the Yoast SEO Premium plugin v26.9 (Yoast SEO v26.9) - https:\/\/yoast.com\/product\/yoast-seo-premium-wordpress\/ -->\n<title>Beal Dynaclip Selbstsicherungsschlinge zum top Preis kaufen | bolting.eu<\/title>\n<meta name=\"description\" content=\"Hier gibt\u00b4s die BEAL DYNACLIP. Eine dynamische Selbstsicherungsschlinge mit 40, 50 oder 75cm f\u00fcr jede Anwendung bzw. K\u00f6rpergr\u00f6\u00dfe!\" \/>\n<meta name=\"robots\" content=\"index, follow, max-snippet:-1, max-image-preview:large, max-video-preview:-1\" \/>\n<link rel=\"canonical\" href=\"https:\/\/bolting.eu\/en\/shop\/beal-dynaclip-selbstsicherungsschlinge\/\" \/>\n<meta property=\"og:locale\" content=\"en_US\" \/>\n<meta property=\"og:type\" content=\"article\" \/>\n<meta property=\"og:title\" content=\"Beal Dynaclip Selbstsicherungsschlinge\" \/>\n<meta property=\"og:description\" content=\"Hier gibt\u00b4s die BEAL DYNACLIP. Eine dynamische Selbstsicherungsschlinge mit 40, 50 oder 75cm f\u00fcr jede Anwendung bzw. K\u00f6rpergr\u00f6\u00dfe!\" \/>\n<meta property=\"og:url\" content=\"https:\/\/bolting.eu\/en\/shop\/beal-dynaclip-selbstsicherungsschlinge\/\" \/>\n<meta property=\"og:site_name\" content=\"bolting.eu\" \/>\n<meta property=\"article:publisher\" content=\"https:\/\/www.facebook.com\/bolting.eu\" \/>\n<meta property=\"article:modified_time\" content=\"2025-12-13T12:59:31+00:00\" \/>\n<meta property=\"og:image\" content=\"https:\/\/bolting.eu\/wp-content\/uploads\/2020\/11\/Beal-Dynaclip-all2.jpg\" \/>\n\t<meta property=\"og:image:width\" content=\"700\" \/>\n\t<meta property=\"og:image:height\" content=\"700\" \/>\n\t<meta property=\"og:image:type\" content=\"image\/jpeg\" \/>\n<meta name=\"twitter:card\" content=\"summary_large_image\" \/>\n<meta name=\"twitter:label1\" content=\"Availability\" \/>\n\t<meta name=\"twitter:data1\" content=\"In stock\" \/>\n<script type=\"application\/ld+json\" class=\"yoast-schema-graph\">{\"@context\":\"https:\/\/schema.org\",\"@graph\":[{\"@type\":[\"WebPage\",\"ItemPage\"],\"@id\":\"https:\/\/bolting.eu\/en\/shop\/beal-dynaclip-selbstsicherungsschlinge\/\",\"url\":\"https:\/\/bolting.eu\/en\/shop\/beal-dynaclip-selbstsicherungsschlinge\/\",\"name\":\"Beal Dynaclip Selbstsicherungsschlinge zum top Preis kaufen | bolting.eu\",\"isPartOf\":{\"@id\":\"https:\/\/bolting.eu\/en\/#website\"},\"primaryImageOfPage\":{\"@id\":\"https:\/\/bolting.eu\/en\/shop\/beal-dynaclip-selbstsicherungsschlinge\/#primaryimage\"},\"image\":{\"@id\":\"https:\/\/bolting.eu\/en\/shop\/beal-dynaclip-selbstsicherungsschlinge\/#primaryimage\"},\"thumbnailUrl\":\"https:\/\/bolting.eu\/wp-content\/uploads\/2020\/11\/Beal-Dynaclip-all2.jpg\",\"datePublished\":\"2020-11-18T16:18:22+00:00\",\"dateModified\":\"2025-12-13T12:59:31+00:00\",\"description\":\"Hier gibt\u00b4s die BEAL DYNACLIP. Eine dynamische Selbstsicherungsschlinge mit 40, 50 oder 75cm f\u00fcr jede Anwendung bzw. K\u00f6rpergr\u00f6\u00dfe!\",\"breadcrumb\":{\"@id\":\"https:\/\/bolting.eu\/en\/shop\/beal-dynaclip-selbstsicherungsschlinge\/#breadcrumb\"},\"inLanguage\":\"en-US\",\"potentialAction\":[{\"@type\":\"ReadAction\",\"target\":[\"https:\/\/bolting.eu\/en\/shop\/beal-dynaclip-selbstsicherungsschlinge\/\"]}]},{\"@type\":\"ImageObject\",\"inLanguage\":\"en-US\",\"@id\":\"https:\/\/bolting.eu\/en\/shop\/beal-dynaclip-selbstsicherungsschlinge\/#primaryimage\",\"url\":\"https:\/\/bolting.eu\/wp-content\/uploads\/2020\/11\/Beal-Dynaclip-all2.jpg\",\"contentUrl\":\"https:\/\/bolting.eu\/wp-content\/uploads\/2020\/11\/Beal-Dynaclip-all2.jpg\",\"width\":700,\"height\":700,\"caption\":\"Das Bild zeigt die drei Varianten der Beal Dynaclip Selbstsicherungsschlinge. Die gr\u00fcnen Schlingen sind nebeneinander in Bildmitte auf einem wei\u00dfem Quadrat zu sehen. Man erkennt alle Produktdetails wie die abgen\u00e4hten Enden und die Kunststoffschutz-H\u00fcllen \u00fcber den N\u00e4hten.\"},{\"@type\":\"BreadcrumbList\",\"@id\":\"https:\/\/bolting.eu\/en\/shop\/beal-dynaclip-selbstsicherungsschlinge\/#breadcrumb\",\"itemListElement\":[{\"@type\":\"ListItem\",\"position\":1,\"name\":\"Shop\",\"item\":\"https:\/\/bolting.eu\/en\/shop\/\"},{\"@type\":\"ListItem\",\"position\":2,\"name\":\"Beal\",\"item\":\"https:\/\/bolting.eu\/en\/produkt-kategorie\/beal-en\/\"},{\"@type\":\"ListItem\",\"position\":3,\"name\":\"Beal Dynaclip Selbstsicherungsschlinge\"}]},{\"@type\":\"WebSite\",\"@id\":\"https:\/\/bolting.eu\/en\/#website\",\"url\":\"https:\/\/bolting.eu\/en\/\",\"name\":\"bolting.eu\",\"description\":\"we make climbs happen\",\"publisher\":{\"@id\":\"https:\/\/bolting.eu\/en\/#organization\"},\"potentialAction\":[{\"@type\":\"SearchAction\",\"target\":{\"@type\":\"EntryPoint\",\"urlTemplate\":\"https:\/\/bolting.eu\/en\/?s={search_term_string}\"},\"query-input\":{\"@type\":\"PropertyValueSpecification\",\"valueRequired\":true,\"valueName\":\"search_term_string\"}}],\"inLanguage\":\"en-US\"},{\"@type\":[\"Organization\",\"Place\",\"SportingGoodsStore\"],\"@id\":\"https:\/\/bolting.eu\/en\/#organization\",\"name\":\"bolting.eu\",\"url\":\"https:\/\/bolting.eu\/en\/\",\"logo\":{\"@id\":\"https:\/\/bolting.eu\/en\/shop\/beal-dynaclip-selbstsicherungsschlinge\/#local-main-organization-logo\"},\"image\":{\"@id\":\"https:\/\/bolting.eu\/en\/shop\/beal-dynaclip-selbstsicherungsschlinge\/#local-main-organization-logo\"},\"sameAs\":[\"https:\/\/www.facebook.com\/bolting.eu\",\"https:\/\/www.instagram.com\/bolting.eu\/\"],\"address\":{\"@id\":\"https:\/\/bolting.eu\/en\/shop\/beal-dynaclip-selbstsicherungsschlinge\/#local-main-place-address\"},\"geo\":{\"@type\":\"GeoCoordinates\",\"latitude\":\"47.264176340396226\",\"longitude\":\"11.380109057672346\"},\"telephone\":[\"+43 699 19083372\"],\"openingHoursSpecification\":[{\"@type\":\"OpeningHoursSpecification\",\"dayOfWeek\":[\"Monday\",\"Wednesday\",\"Friday\"],\"opens\":\"14:00\",\"closes\":\"18:00\"},{\"@type\":\"OpeningHoursSpecification\",\"dayOfWeek\":[\"Tuesday\",\"Thursday\",\"Saturday\",\"Sunday\"],\"opens\":\"00:00\",\"closes\":\"00:00\"}],\"email\":\"office@bolting.eu\",\"vatID\":\"ATU59999728\",\"priceRange\":\"$$\",\"currenciesAccepted\":\"Euro\"},{\"@type\":\"PostalAddress\",\"@id\":\"https:\/\/bolting.eu\/en\/shop\/beal-dynaclip-selbstsicherungsschlinge\/#local-main-place-address\",\"streetAddress\":\"Fischnalerstra\u00dfe 4\",\"addressLocality\":\"Innsbruck\",\"postalCode\":\"6020\",\"addressRegion\":\"Tirol\",\"addressCountry\":\"AT\"},{\"@type\":\"ImageObject\",\"inLanguage\":\"en-US\",\"@id\":\"https:\/\/bolting.eu\/en\/shop\/beal-dynaclip-selbstsicherungsschlinge\/#local-main-organization-logo\",\"url\":\"https:\/\/bolting.eu\/wp-content\/uploads\/2019\/09\/bolting-logo.png\",\"contentUrl\":\"https:\/\/bolting.eu\/wp-content\/uploads\/2019\/09\/bolting-logo.png\",\"width\":400,\"height\":211,\"caption\":\"bolting.eu\"}]}<\/script>\n<meta property=\"og:video\" content=\"https:\/\/www.youtube.com\/embed\/FhIgziJCm20\" \/>\n<meta property=\"og:video:type\" content=\"text\/html\" \/>\n<meta property=\"og:video:duration\" content=\"86\" \/>\n<meta property=\"og:video:width\" content=\"480\" \/>\n<meta property=\"og:video:height\" content=\"270\" \/>\n<meta property=\"ya:ovs:adult\" content=\"false\" \/>\n<meta property=\"ya:ovs:upload_date\" content=\"2020-11-18T16:18:22+00:00\" \/>\n<meta property=\"ya:ovs:allow_embed\" content=\"true\" \/>\n<meta property=\"og:availability\" content=\"instock\" \/>\n<meta property=\"product:availability\" content=\"instock\" \/>\n<meta property=\"product:condition\" content=\"new\" \/>\n<meta name=\"geo.placename\" content=\"Innsbruck\" \/>\n<meta name=\"geo.position\" content=\"47.264176340396226;11.380109057672346\" \/>\n<meta name=\"geo.region\" content=\"Austria\" \/>\n<!-- \/ Yoast SEO Premium plugin. -->","yoast_head_json":{"title":"Beal Dynaclip Selbstsicherungsschlinge zum top Preis kaufen | bolting.eu","description":"Hier gibt\u00b4s die BEAL DYNACLIP. Eine dynamische Selbstsicherungsschlinge mit 40, 50 oder 75cm f\u00fcr jede Anwendung bzw. K\u00f6rpergr\u00f6\u00dfe!","robots":{"index":"index","follow":"follow","max-snippet":"max-snippet:-1","max-image-preview":"max-image-preview:large","max-video-preview":"max-video-preview:-1"},"canonical":"https:\/\/bolting.eu\/en\/shop\/beal-dynaclip-selbstsicherungsschlinge\/","og_locale":"en_US","og_type":"article","og_title":"Beal Dynaclip Selbstsicherungsschlinge","og_description":"Hier gibt\u00b4s die BEAL DYNACLIP. Eine dynamische Selbstsicherungsschlinge mit 40, 50 oder 75cm f\u00fcr jede Anwendung bzw. K\u00f6rpergr\u00f6\u00dfe!","og_url":"https:\/\/bolting.eu\/en\/shop\/beal-dynaclip-selbstsicherungsschlinge\/","og_site_name":"bolting.eu","article_publisher":"https:\/\/www.facebook.com\/bolting.eu","article_modified_time":"2025-12-13T12:59:31+00:00","og_image":[{"width":700,"height":700,"url":"https:\/\/bolting.eu\/wp-content\/uploads\/2020\/11\/Beal-Dynaclip-all2.jpg","type":"image\/jpeg"}],"twitter_card":"summary_large_image","twitter_misc":{"Availability":"In stock"},"schema":{"@context":"https:\/\/schema.org","@graph":[{"@type":["WebPage","ItemPage"],"@id":"https:\/\/bolting.eu\/en\/shop\/beal-dynaclip-selbstsicherungsschlinge\/","url":"https:\/\/bolting.eu\/en\/shop\/beal-dynaclip-selbstsicherungsschlinge\/","name":"Beal Dynaclip Selbstsicherungsschlinge zum top Preis kaufen | bolting.eu","isPartOf":{"@id":"https:\/\/bolting.eu\/en\/#website"},"primaryImageOfPage":{"@id":"https:\/\/bolting.eu\/en\/shop\/beal-dynaclip-selbstsicherungsschlinge\/#primaryimage"},"image":{"@id":"https:\/\/bolting.eu\/en\/shop\/beal-dynaclip-selbstsicherungsschlinge\/#primaryimage"},"thumbnailUrl":"https:\/\/bolting.eu\/wp-content\/uploads\/2020\/11\/Beal-Dynaclip-all2.jpg","datePublished":"2020-11-18T16:18:22+00:00","dateModified":"2025-12-13T12:59:31+00:00","description":"Hier gibt\u00b4s die BEAL DYNACLIP. Eine dynamische Selbstsicherungsschlinge mit 40, 50 oder 75cm f\u00fcr jede Anwendung bzw. K\u00f6rpergr\u00f6\u00dfe!","breadcrumb":{"@id":"https:\/\/bolting.eu\/en\/shop\/beal-dynaclip-selbstsicherungsschlinge\/#breadcrumb"},"inLanguage":"en-US","potentialAction":[{"@type":"ReadAction","target":["https:\/\/bolting.eu\/en\/shop\/beal-dynaclip-selbstsicherungsschlinge\/"]}]},{"@type":"ImageObject","inLanguage":"en-US","@id":"https:\/\/bolting.eu\/en\/shop\/beal-dynaclip-selbstsicherungsschlinge\/#primaryimage","url":"https:\/\/bolting.eu\/wp-content\/uploads\/2020\/11\/Beal-Dynaclip-all2.jpg","contentUrl":"https:\/\/bolting.eu\/wp-content\/uploads\/2020\/11\/Beal-Dynaclip-all2.jpg","width":700,"height":700,"caption":"Das Bild zeigt die drei Varianten der Beal Dynaclip Selbstsicherungsschlinge. Die gr\u00fcnen Schlingen sind nebeneinander in Bildmitte auf einem wei\u00dfem Quadrat zu sehen. Man erkennt alle Produktdetails wie die abgen\u00e4hten Enden und die Kunststoffschutz-H\u00fcllen \u00fcber den N\u00e4hten."},{"@type":"BreadcrumbList","@id":"https:\/\/bolting.eu\/en\/shop\/beal-dynaclip-selbstsicherungsschlinge\/#breadcrumb","itemListElement":[{"@type":"ListItem","position":1,"name":"Shop","item":"https:\/\/bolting.eu\/en\/shop\/"},{"@type":"ListItem","position":2,"name":"Beal","item":"https:\/\/bolting.eu\/en\/produkt-kategorie\/beal-en\/"},{"@type":"ListItem","position":3,"name":"Beal Dynaclip Selbstsicherungsschlinge"}]},{"@type":"WebSite","@id":"https:\/\/bolting.eu\/en\/#website","url":"https:\/\/bolting.eu\/en\/","name":"bolting.eu","description":"we make climbs happen","publisher":{"@id":"https:\/\/bolting.eu\/en\/#organization"},"potentialAction":[{"@type":"SearchAction","target":{"@type":"EntryPoint","urlTemplate":"https:\/\/bolting.eu\/en\/?s={search_term_string}"},"query-input":{"@type":"PropertyValueSpecification","valueRequired":true,"valueName":"search_term_string"}}],"inLanguage":"en-US"},{"@type":["Organization","Place","SportingGoodsStore"],"@id":"https:\/\/bolting.eu\/en\/#organization","name":"bolting.eu","url":"https:\/\/bolting.eu\/en\/","logo":{"@id":"https:\/\/bolting.eu\/en\/shop\/beal-dynaclip-selbstsicherungsschlinge\/#local-main-organization-logo"},"image":{"@id":"https:\/\/bolting.eu\/en\/shop\/beal-dynaclip-selbstsicherungsschlinge\/#local-main-organization-logo"},"sameAs":["https:\/\/www.facebook.com\/bolting.eu","https:\/\/www.instagram.com\/bolting.eu\/"],"address":{"@id":"https:\/\/bolting.eu\/en\/shop\/beal-dynaclip-selbstsicherungsschlinge\/#local-main-place-address"},"geo":{"@type":"GeoCoordinates","latitude":"47.264176340396226","longitude":"11.380109057672346"},"telephone":["+43 699 19083372"],"openingHoursSpecification":[{"@type":"OpeningHoursSpecification","dayOfWeek":["Monday","Wednesday","Friday"],"opens":"14:00","closes":"18:00"},{"@type":"OpeningHoursSpecification","dayOfWeek":["Tuesday","Thursday","Saturday","Sunday"],"opens":"00:00","closes":"00:00"}],"email":"office@bolting.eu","vatID":"ATU59999728","priceRange":"$$","currenciesAccepted":"Euro"},{"@type":"PostalAddress","@id":"https:\/\/bolting.eu\/en\/shop\/beal-dynaclip-selbstsicherungsschlinge\/#local-main-place-address","streetAddress":"Fischnalerstra\u00dfe 4","addressLocality":"Innsbruck","postalCode":"6020","addressRegion":"Tirol","addressCountry":"AT"},{"@type":"ImageObject","inLanguage":"en-US","@id":"https:\/\/bolting.eu\/en\/shop\/beal-dynaclip-selbstsicherungsschlinge\/#local-main-organization-logo","url":"https:\/\/bolting.eu\/wp-content\/uploads\/2019\/09\/bolting-logo.png","contentUrl":"https:\/\/bolting.eu\/wp-content\/uploads\/2019\/09\/bolting-logo.png","width":400,"height":211,"caption":"bolting.eu"}]},"og_video":"https:\/\/www.youtube.com\/embed\/FhIgziJCm20","og_video_type":"text\/html","og_video_duration":"86","og_video_width":"480","og_video_height":"270","ya_ovs_adult":"false","ya_ovs_upload_date":"2020-11-18T16:18:22+00:00","ya_ovs_allow_embed":"true","og_availability":"instock","product_availability":"instock","product_condition":"new","geo.placename":"Innsbruck","geo.position":{"lat":"47.264176340396226","long":"11.380109057672346"},"geo.region":"Austria"},"_links":{"self":[{"href":"https:\/\/bolting.eu\/en\/wp-json\/wp\/v2\/product\/6191","targetHints":{"allow":["GET"]}}],"collection":[{"href":"https:\/\/bolting.eu\/en\/wp-json\/wp\/v2\/product"}],"about":[{"href":"https:\/\/bolting.eu\/en\/wp-json\/wp\/v2\/types\/product"}],"replies":[{"embeddable":true,"href":"https:\/\/bolting.eu\/en\/wp-json\/wp\/v2\/comments?post=6191"}],"wp:featuredmedia":[{"embeddable":true,"href":"https:\/\/bolting.eu\/en\/wp-json\/wp\/v2\/media\/6193"}],"wp:attachment":[{"href":"https:\/\/bolting.eu\/en\/wp-json\/wp\/v2\/media?parent=6191"}],"wp:term":[{"taxonomy":"product_brand","embeddable":true,"href":"https:\/\/bolting.eu\/en\/wp-json\/wp\/v2\/product_brand?post=6191"},{"taxonomy":"product_cat","embeddable":true,"href":"https:\/\/bolting.eu\/en\/wp-json\/wp\/v2\/product_cat?post=6191"},{"taxonomy":"product_tag","embeddable":true,"href":"https:\/\/bolting.eu\/en\/wp-json\/wp\/v2\/product_tag?post=6191"}],"curies":[{"name":"wp","href":"https:\/\/api.w.org\/{rel}","templated":true}]}}