{"id":6179,"date":"2020-11-18T12:04:15","date_gmt":"2020-11-18T11:04:15","guid":{"rendered":"https:\/\/bolting.eu\/?post_type=product&#038;p=6179"},"modified":"2025-12-17T13:46:42","modified_gmt":"2025-12-17T12:46:42","slug":"wirbel-drehgelenk-fixe-sw1","status":"publish","type":"product","link":"https:\/\/bolting.eu\/en\/shop\/wirbel-drehgelenk-fixe-sw1\/","title":{"rendered":"Wirbel-Drehgelenk FIXE SW1"},"content":{"rendered":"<p>Das Wirbel-Drehgelenk FIXE SW1 ist ein klassischer Swivel. D.h. ein gelagertes Drehgelenk, um das Eindrehen bzw. Krangeln von Seilen und B\u00e4ndern zu verhindern.<\/p>\n<p>Die Einsatzbereiche solcher Wirbel-Drehgelenke ist sehr vielseitig.<\/p>\n<p>Erstens im Alpinsport. Hier ist es am besten bekannt f\u00fcr die Verwendung mit Haulbags. Zweitens findet man es in vielen <a href=\"https:\/\/bolting.eu\/produkt-kategorie\/industriekletter-ausruestung\/\">Industriekletter Ausr\u00fcstungen<\/a>. Hier wird es f\u00fcr alle Arbeiten verwendet wo sich die Last nicht mit drehen soll. Drittens bei vielen Rettungsorganisationen. Wie z.B. Flugrettung bzw. Bergrettung. Und viertens im Hobby Bereich wie bei Schaukeln oder H\u00e4ngest\u00fchlen.<\/p>\n<p>Kurzum. Wer einen vielseitigen und g\u00fcnstigen Swivel sucht, der hat ihn gefunden!<\/p>\n<h2>Eigenschaften Wirbel-Drehgelenk FIXE SW1<\/h2>\n<ul>\n<li>Hersteller: Fixe Climbing<\/li>\n<li>Material: Stahl eloxiert<\/li>\n<li>Gewicht: 154 Gramm<\/li>\n<li>Bruchlast: 30kN (3.000kg)<\/li>\n<li>Arbeitslast: 4kN (400kg)<\/li>\n<li>Normen: EN 354<\/li>\n<li>gelagertes Gelenk<\/li>\n<li>verhindert das Drehen von Lasten wie z.B. <a href=\"https:\/\/bolting.eu\/produkt-kategorie\/haulbag\/\">Haulbags<\/a><\/li>\n<li>ideal mit ovalen Karabiner wie <a href=\"https:\/\/bolting.eu\/shop\/petzl-ok-ball-lock\/\">Petzl OK Ball Lock<\/a><\/li>\n<\/ul>\n<h3>Vorteile Wirbel-Drehgelenk FIXE SW1<\/h3>\n<p>Drehwirbel sind ein praktisches Teil in vielen Situationen. Denn dieses Produkt verhindert, dass sich die Drehbewegung von einer Seite auf die andere fortsetzt. Was hei\u00dft das im Klartext?<\/p>\n<p>Stellt euch einen Drehsessel vor der von der Decke h\u00e4ngt. Wer sich zu drehen beginnt, der sorgt daf\u00fcr dass sich auch die Aufh\u00e4ngung eindreht. Gibt man den Swivel dazwischen, so kann das nicht passieren.<\/p>\n<h3>Unsere Empfehlungen zur Verwendung<\/h3>\n<ul>\n<li>heben von Lasten im Alpinsport wie z.B. Haulbag&#8230;<\/li>\n<li>im Rettungswesen wie z.B. Bergrettung oder Feuerwehr<\/li>\n<li>Befestigung Vertikaltuch<\/li>\n<li>Aufh\u00e4ngen Sitzschaukel<\/li>\n<li>Befestigen H\u00e4ngesessel<\/li>\n<\/ul>\n<h3>Befestigen Wirbel-Drehgelenk in der Aufh\u00e4ngung<\/h3>\n<p>Es gibt zwei Varianten wie man den Swivel befestigen kann. Erstens f\u00fcr laufenden Ab- und Aufbau mit zwei <a href=\"https:\/\/bolting.eu\/produkt-kategorie\/karabiner-kletterkarabiner\/schraubkarabiner\/\">Schraubkarabinern<\/a> , Triact-Locks oder Ball-Locks. Hierbei ist eine ovale Form ideal. Zweitens f\u00fcr eine fixe Installation mit zwei St\u00fcck <a href=\"https:\/\/bolting.eu\/produkt-kategorie\/schraubglied-rapidglied\/\">Schraubgliedern-Rapidgliedern<\/a>.<\/p>\n<p>Beide Varianten sind m\u00f6glich. Bitte w\u00e4hlt aus, je nachdem was ihr vorhabt bzw. wie oft auf- und abgebaut werden soll.<\/p>\n<h4><strong>Link Tipp<\/strong><\/h4>\n<p>In diesem <a href=\"https:\/\/youtu.be\/RC_pKvaDAg4\" target=\"_blank\" rel=\"noopener noreferrer\">Video<\/a> seht ihr die Verwendung des Wirbel-Drehgelenks bei der Aufh\u00e4ngung eines Vertikaltuchs.<\/p>\n","protected":false},"excerpt":{"rendered":"<p>Kleines und preisg\u00fcnstiges Wirbel-Drehgelenk (Swivel) f\u00fcr alle erdenklichen Anwendungen.<\/p>\n<p>E354 genormt mit gelagertem Gelenk und 4 kN Arbeitslast bzw. 30kN Bruchlast.<\/p>\n<p>Versandkostenfrei bis 2kg in\u00a0<img decoding=\"async\" class=\"emoji\" role=\"img\" draggable=\"false\" src=\"https:\/\/s.w.org\/images\/core\/emoji\/14.0.0\/svg\/1f1e6-1f1f9.svg\" alt=\"\ud83c\udde6\ud83c\uddf9\" \/>\u00a0ab \u20ac 100,- und\u00a0<img decoding=\"async\" class=\"emoji\" role=\"img\" draggable=\"false\" src=\"https:\/\/s.w.org\/images\/core\/emoji\/14.0.0\/svg\/1f1e9-1f1ea.svg\" alt=\"\ud83c\udde9\ud83c\uddea\" \/>\u00a0ab \u20ac 200,-!<\/p>\n","protected":false},"featured_media":6181,"comment_status":"open","ping_status":"closed","template":"","meta":[],"product_brand":[],"product_cat":[4665,14513,14771],"product_tag":[],"class_list":{"0":"post-6179","1":"product","2":"type-product","3":"status-publish","4":"has-post-thumbnail","6":"product_cat-fixe-climbing","7":"product_cat-industriekletter-ausruestung","8":"product_cat-swivel-wirbel-drehgelenke","10":"first","11":"outofstock","12":"sale","13":"taxable","14":"shipping-taxable","15":"purchasable","16":"product-type-simple"},"yoast_head":"<!-- This site is optimized with the Yoast SEO Premium plugin v26.9 (Yoast SEO v26.9) - https:\/\/yoast.com\/product\/yoast-seo-premium-wordpress\/ -->\n<title>Wirbel-Drehgelenk FIXE SW1 f\u00fcr Bergsport und Hobby kaufen | bolting.eu<\/title>\n<meta name=\"description\" content=\"WIRBEL-DREHGELENK Fixe SW1 beim Industriekletter Profi kaufen \u2705 Trusted Shop \u2705 kostenloser Versand* \u2705 14 Tage R\u00fcckgaberecht \u2705 Co2 neutrale Zustellung\" \/>\n<meta name=\"robots\" content=\"index, follow, max-snippet:-1, max-image-preview:large, max-video-preview:-1\" \/>\n<link rel=\"canonical\" href=\"https:\/\/bolting.eu\/en\/shop\/wirbel-drehgelenk-fixe-sw1\/\" \/>\n<meta property=\"og:locale\" content=\"en_US\" \/>\n<meta property=\"og:type\" content=\"article\" \/>\n<meta property=\"og:title\" content=\"Wirbel-Drehgelenk FIXE SW1\" \/>\n<meta property=\"og:description\" content=\"WIRBEL-DREHGELENK Fixe SW1 beim Industriekletter Profi kaufen \u2705 Trusted Shop \u2705 kostenloser Versand* \u2705 14 Tage R\u00fcckgaberecht \u2705 Co2 neutrale Zustellung\" \/>\n<meta property=\"og:url\" content=\"https:\/\/bolting.eu\/en\/shop\/wirbel-drehgelenk-fixe-sw1\/\" \/>\n<meta property=\"og:site_name\" content=\"bolting.eu\" \/>\n<meta property=\"article:publisher\" content=\"https:\/\/www.facebook.com\/bolting.eu\" \/>\n<meta property=\"article:modified_time\" content=\"2025-12-17T12:46:42+00:00\" \/>\n<meta property=\"og:image\" content=\"https:\/\/bolting.eu\/wp-content\/uploads\/2020\/11\/Wirbel-Drehgelenk-FIXE-SW1-2.jpg\" \/>\n\t<meta property=\"og:image:width\" content=\"700\" \/>\n\t<meta property=\"og:image:height\" content=\"700\" \/>\n\t<meta property=\"og:image:type\" content=\"image\/jpeg\" \/>\n<meta name=\"twitter:card\" content=\"summary_large_image\" \/>\n<meta name=\"twitter:label1\" content=\"Price\" \/>\n\t<meta name=\"twitter:data1\" content=\"&euro;&nbsp;39,90\" \/>\n\t<meta name=\"twitter:label2\" content=\"Availability\" \/>\n\t<meta name=\"twitter:data2\" content=\"Out of stock\" \/>\n<script type=\"application\/ld+json\" class=\"yoast-schema-graph\">{\"@context\":\"https:\/\/schema.org\",\"@graph\":[{\"@type\":[\"WebPage\",\"ItemPage\"],\"@id\":\"https:\/\/bolting.eu\/en\/shop\/wirbel-drehgelenk-fixe-sw1\/\",\"url\":\"https:\/\/bolting.eu\/en\/shop\/wirbel-drehgelenk-fixe-sw1\/\",\"name\":\"Wirbel-Drehgelenk FIXE SW1 f\u00fcr Bergsport und Hobby kaufen | bolting.eu\",\"isPartOf\":{\"@id\":\"https:\/\/bolting.eu\/en\/#website\"},\"primaryImageOfPage\":{\"@id\":\"https:\/\/bolting.eu\/en\/shop\/wirbel-drehgelenk-fixe-sw1\/#primaryimage\"},\"image\":{\"@id\":\"https:\/\/bolting.eu\/en\/shop\/wirbel-drehgelenk-fixe-sw1\/#primaryimage\"},\"thumbnailUrl\":\"https:\/\/bolting.eu\/wp-content\/uploads\/2020\/11\/Wirbel-Drehgelenk-FIXE-SW1-2.jpg\",\"datePublished\":\"2020-11-18T11:04:15+00:00\",\"dateModified\":\"2025-12-17T12:46:42+00:00\",\"description\":\"WIRBEL-DREHGELENK Fixe SW1 beim Industriekletter Profi kaufen \u2705 Trusted Shop \u2705 kostenloser Versand* \u2705 14 Tage R\u00fcckgaberecht \u2705 Co2 neutrale Zustellung\",\"breadcrumb\":{\"@id\":\"https:\/\/bolting.eu\/en\/shop\/wirbel-drehgelenk-fixe-sw1\/#breadcrumb\"},\"inLanguage\":\"en-US\",\"potentialAction\":[{\"@type\":\"ReadAction\",\"target\":[\"https:\/\/bolting.eu\/en\/shop\/wirbel-drehgelenk-fixe-sw1\/\"]}]},{\"@type\":\"ImageObject\",\"inLanguage\":\"en-US\",\"@id\":\"https:\/\/bolting.eu\/en\/shop\/wirbel-drehgelenk-fixe-sw1\/#primaryimage\",\"url\":\"https:\/\/bolting.eu\/wp-content\/uploads\/2020\/11\/Wirbel-Drehgelenk-FIXE-SW1-2.jpg\",\"contentUrl\":\"https:\/\/bolting.eu\/wp-content\/uploads\/2020\/11\/Wirbel-Drehgelenk-FIXE-SW1-2.jpg\",\"width\":700,\"height\":700,\"caption\":\"Das Bild zeigt das Wirbel-Drehgelenk FIXE SW1 auf einem wei\u00dfem Quadrat. Der rot-graue Swivel steht vertikal in Bildmitte.\"},{\"@type\":\"BreadcrumbList\",\"@id\":\"https:\/\/bolting.eu\/en\/shop\/wirbel-drehgelenk-fixe-sw1\/#breadcrumb\",\"itemListElement\":[{\"@type\":\"ListItem\",\"position\":1,\"name\":\"Shop\",\"item\":\"https:\/\/bolting.eu\/en\/shop\/\"},{\"@type\":\"ListItem\",\"position\":2,\"name\":\"Industrial climbing gear\",\"item\":\"https:\/\/bolting.eu\/en\/produkt-kategorie\/industrial-climbing-gear\/\"},{\"@type\":\"ListItem\",\"position\":3,\"name\":\"Swivel - Wirbel Drehgelenke\",\"item\":\"https:\/\/bolting.eu\/produkt-kategorie\/industriekletter-ausruestung\/swivel-wirbel-drehgelenke\/\"},{\"@type\":\"ListItem\",\"position\":4,\"name\":\"Wirbel-Drehgelenk FIXE SW1\"}]},{\"@type\":\"WebSite\",\"@id\":\"https:\/\/bolting.eu\/en\/#website\",\"url\":\"https:\/\/bolting.eu\/en\/\",\"name\":\"bolting.eu\",\"description\":\"we make climbs happen\",\"publisher\":{\"@id\":\"https:\/\/bolting.eu\/en\/#organization\"},\"potentialAction\":[{\"@type\":\"SearchAction\",\"target\":{\"@type\":\"EntryPoint\",\"urlTemplate\":\"https:\/\/bolting.eu\/en\/?s={search_term_string}\"},\"query-input\":{\"@type\":\"PropertyValueSpecification\",\"valueRequired\":true,\"valueName\":\"search_term_string\"}}],\"inLanguage\":\"en-US\"},{\"@type\":[\"Organization\",\"Place\",\"SportingGoodsStore\"],\"@id\":\"https:\/\/bolting.eu\/en\/#organization\",\"name\":\"bolting.eu\",\"url\":\"https:\/\/bolting.eu\/en\/\",\"logo\":{\"@id\":\"https:\/\/bolting.eu\/en\/shop\/wirbel-drehgelenk-fixe-sw1\/#local-main-organization-logo\"},\"image\":{\"@id\":\"https:\/\/bolting.eu\/en\/shop\/wirbel-drehgelenk-fixe-sw1\/#local-main-organization-logo\"},\"sameAs\":[\"https:\/\/www.facebook.com\/bolting.eu\",\"https:\/\/www.instagram.com\/bolting.eu\/\"],\"address\":{\"@id\":\"https:\/\/bolting.eu\/en\/shop\/wirbel-drehgelenk-fixe-sw1\/#local-main-place-address\"},\"geo\":{\"@type\":\"GeoCoordinates\",\"latitude\":\"47.264176340396226\",\"longitude\":\"11.380109057672346\"},\"telephone\":[\"+43 699 19083372\"],\"openingHoursSpecification\":[{\"@type\":\"OpeningHoursSpecification\",\"dayOfWeek\":[\"Monday\",\"Wednesday\",\"Friday\"],\"opens\":\"14:00\",\"closes\":\"18:00\"},{\"@type\":\"OpeningHoursSpecification\",\"dayOfWeek\":[\"Tuesday\",\"Thursday\",\"Saturday\",\"Sunday\"],\"opens\":\"00:00\",\"closes\":\"00:00\"}],\"email\":\"office@bolting.eu\",\"vatID\":\"ATU59999728\",\"priceRange\":\"$$\",\"currenciesAccepted\":\"Euro\"},{\"@type\":\"PostalAddress\",\"@id\":\"https:\/\/bolting.eu\/en\/shop\/wirbel-drehgelenk-fixe-sw1\/#local-main-place-address\",\"streetAddress\":\"Fischnalerstra\u00dfe 4\",\"addressLocality\":\"Innsbruck\",\"postalCode\":\"6020\",\"addressRegion\":\"Tirol\",\"addressCountry\":\"AT\"},{\"@type\":\"ImageObject\",\"inLanguage\":\"en-US\",\"@id\":\"https:\/\/bolting.eu\/en\/shop\/wirbel-drehgelenk-fixe-sw1\/#local-main-organization-logo\",\"url\":\"https:\/\/bolting.eu\/wp-content\/uploads\/2019\/09\/bolting-logo.png\",\"contentUrl\":\"https:\/\/bolting.eu\/wp-content\/uploads\/2019\/09\/bolting-logo.png\",\"width\":400,\"height\":211,\"caption\":\"bolting.eu\"}]}<\/script>\n<meta property=\"product:price:amount\" content=\"39.90\" \/>\n<meta property=\"product:price:currency\" content=\"EUR\" \/>\n<meta property=\"og:availability\" content=\"out of stock\" \/>\n<meta property=\"product:availability\" content=\"out of stock\" \/>\n<meta property=\"product:retailer_item_id\" content=\"590\" \/>\n<meta property=\"product:condition\" content=\"new\" \/>\n<meta name=\"geo.placename\" content=\"Innsbruck\" \/>\n<meta name=\"geo.position\" content=\"47.264176340396226;11.380109057672346\" \/>\n<meta name=\"geo.region\" content=\"Austria\" \/>\n<!-- \/ Yoast SEO Premium plugin. -->","yoast_head_json":{"title":"Wirbel-Drehgelenk FIXE SW1 f\u00fcr Bergsport und Hobby kaufen | bolting.eu","description":"WIRBEL-DREHGELENK Fixe SW1 beim Industriekletter Profi kaufen \u2705 Trusted Shop \u2705 kostenloser Versand* \u2705 14 Tage R\u00fcckgaberecht \u2705 Co2 neutrale Zustellung","robots":{"index":"index","follow":"follow","max-snippet":"max-snippet:-1","max-image-preview":"max-image-preview:large","max-video-preview":"max-video-preview:-1"},"canonical":"https:\/\/bolting.eu\/en\/shop\/wirbel-drehgelenk-fixe-sw1\/","og_locale":"en_US","og_type":"article","og_title":"Wirbel-Drehgelenk FIXE SW1","og_description":"WIRBEL-DREHGELENK Fixe SW1 beim Industriekletter Profi kaufen \u2705 Trusted Shop \u2705 kostenloser Versand* \u2705 14 Tage R\u00fcckgaberecht \u2705 Co2 neutrale Zustellung","og_url":"https:\/\/bolting.eu\/en\/shop\/wirbel-drehgelenk-fixe-sw1\/","og_site_name":"bolting.eu","article_publisher":"https:\/\/www.facebook.com\/bolting.eu","article_modified_time":"2025-12-17T12:46:42+00:00","og_image":[{"width":700,"height":700,"url":"https:\/\/bolting.eu\/wp-content\/uploads\/2020\/11\/Wirbel-Drehgelenk-FIXE-SW1-2.jpg","type":"image\/jpeg"}],"twitter_card":"summary_large_image","twitter_misc":{"Price":"&euro;&nbsp;39,90","Availability":"Out of stock"},"schema":{"@context":"https:\/\/schema.org","@graph":[{"@type":["WebPage","ItemPage"],"@id":"https:\/\/bolting.eu\/en\/shop\/wirbel-drehgelenk-fixe-sw1\/","url":"https:\/\/bolting.eu\/en\/shop\/wirbel-drehgelenk-fixe-sw1\/","name":"Wirbel-Drehgelenk FIXE SW1 f\u00fcr Bergsport und Hobby kaufen | bolting.eu","isPartOf":{"@id":"https:\/\/bolting.eu\/en\/#website"},"primaryImageOfPage":{"@id":"https:\/\/bolting.eu\/en\/shop\/wirbel-drehgelenk-fixe-sw1\/#primaryimage"},"image":{"@id":"https:\/\/bolting.eu\/en\/shop\/wirbel-drehgelenk-fixe-sw1\/#primaryimage"},"thumbnailUrl":"https:\/\/bolting.eu\/wp-content\/uploads\/2020\/11\/Wirbel-Drehgelenk-FIXE-SW1-2.jpg","datePublished":"2020-11-18T11:04:15+00:00","dateModified":"2025-12-17T12:46:42+00:00","description":"WIRBEL-DREHGELENK Fixe SW1 beim Industriekletter Profi kaufen \u2705 Trusted Shop \u2705 kostenloser Versand* \u2705 14 Tage R\u00fcckgaberecht \u2705 Co2 neutrale Zustellung","breadcrumb":{"@id":"https:\/\/bolting.eu\/en\/shop\/wirbel-drehgelenk-fixe-sw1\/#breadcrumb"},"inLanguage":"en-US","potentialAction":[{"@type":"ReadAction","target":["https:\/\/bolting.eu\/en\/shop\/wirbel-drehgelenk-fixe-sw1\/"]}]},{"@type":"ImageObject","inLanguage":"en-US","@id":"https:\/\/bolting.eu\/en\/shop\/wirbel-drehgelenk-fixe-sw1\/#primaryimage","url":"https:\/\/bolting.eu\/wp-content\/uploads\/2020\/11\/Wirbel-Drehgelenk-FIXE-SW1-2.jpg","contentUrl":"https:\/\/bolting.eu\/wp-content\/uploads\/2020\/11\/Wirbel-Drehgelenk-FIXE-SW1-2.jpg","width":700,"height":700,"caption":"Das Bild zeigt das Wirbel-Drehgelenk FIXE SW1 auf einem wei\u00dfem Quadrat. Der rot-graue Swivel steht vertikal in Bildmitte."},{"@type":"BreadcrumbList","@id":"https:\/\/bolting.eu\/en\/shop\/wirbel-drehgelenk-fixe-sw1\/#breadcrumb","itemListElement":[{"@type":"ListItem","position":1,"name":"Shop","item":"https:\/\/bolting.eu\/en\/shop\/"},{"@type":"ListItem","position":2,"name":"Industrial climbing gear","item":"https:\/\/bolting.eu\/en\/produkt-kategorie\/industrial-climbing-gear\/"},{"@type":"ListItem","position":3,"name":"Swivel - Wirbel Drehgelenke","item":"https:\/\/bolting.eu\/produkt-kategorie\/industriekletter-ausruestung\/swivel-wirbel-drehgelenke\/"},{"@type":"ListItem","position":4,"name":"Wirbel-Drehgelenk FIXE SW1"}]},{"@type":"WebSite","@id":"https:\/\/bolting.eu\/en\/#website","url":"https:\/\/bolting.eu\/en\/","name":"bolting.eu","description":"we make climbs happen","publisher":{"@id":"https:\/\/bolting.eu\/en\/#organization"},"potentialAction":[{"@type":"SearchAction","target":{"@type":"EntryPoint","urlTemplate":"https:\/\/bolting.eu\/en\/?s={search_term_string}"},"query-input":{"@type":"PropertyValueSpecification","valueRequired":true,"valueName":"search_term_string"}}],"inLanguage":"en-US"},{"@type":["Organization","Place","SportingGoodsStore"],"@id":"https:\/\/bolting.eu\/en\/#organization","name":"bolting.eu","url":"https:\/\/bolting.eu\/en\/","logo":{"@id":"https:\/\/bolting.eu\/en\/shop\/wirbel-drehgelenk-fixe-sw1\/#local-main-organization-logo"},"image":{"@id":"https:\/\/bolting.eu\/en\/shop\/wirbel-drehgelenk-fixe-sw1\/#local-main-organization-logo"},"sameAs":["https:\/\/www.facebook.com\/bolting.eu","https:\/\/www.instagram.com\/bolting.eu\/"],"address":{"@id":"https:\/\/bolting.eu\/en\/shop\/wirbel-drehgelenk-fixe-sw1\/#local-main-place-address"},"geo":{"@type":"GeoCoordinates","latitude":"47.264176340396226","longitude":"11.380109057672346"},"telephone":["+43 699 19083372"],"openingHoursSpecification":[{"@type":"OpeningHoursSpecification","dayOfWeek":["Monday","Wednesday","Friday"],"opens":"14:00","closes":"18:00"},{"@type":"OpeningHoursSpecification","dayOfWeek":["Tuesday","Thursday","Saturday","Sunday"],"opens":"00:00","closes":"00:00"}],"email":"office@bolting.eu","vatID":"ATU59999728","priceRange":"$$","currenciesAccepted":"Euro"},{"@type":"PostalAddress","@id":"https:\/\/bolting.eu\/en\/shop\/wirbel-drehgelenk-fixe-sw1\/#local-main-place-address","streetAddress":"Fischnalerstra\u00dfe 4","addressLocality":"Innsbruck","postalCode":"6020","addressRegion":"Tirol","addressCountry":"AT"},{"@type":"ImageObject","inLanguage":"en-US","@id":"https:\/\/bolting.eu\/en\/shop\/wirbel-drehgelenk-fixe-sw1\/#local-main-organization-logo","url":"https:\/\/bolting.eu\/wp-content\/uploads\/2019\/09\/bolting-logo.png","contentUrl":"https:\/\/bolting.eu\/wp-content\/uploads\/2019\/09\/bolting-logo.png","width":400,"height":211,"caption":"bolting.eu"}]},"product_price_amount":"39.90","product_price_currency":"EUR","og_availability":"out of stock","product_availability":"out of stock","product_retailer_item_id":"590","product_condition":"new","geo.placename":"Innsbruck","geo.position":{"lat":"47.264176340396226","long":"11.380109057672346"},"geo.region":"Austria"},"_links":{"self":[{"href":"https:\/\/bolting.eu\/en\/wp-json\/wp\/v2\/product\/6179","targetHints":{"allow":["GET"]}}],"collection":[{"href":"https:\/\/bolting.eu\/en\/wp-json\/wp\/v2\/product"}],"about":[{"href":"https:\/\/bolting.eu\/en\/wp-json\/wp\/v2\/types\/product"}],"replies":[{"embeddable":true,"href":"https:\/\/bolting.eu\/en\/wp-json\/wp\/v2\/comments?post=6179"}],"wp:featuredmedia":[{"embeddable":true,"href":"https:\/\/bolting.eu\/en\/wp-json\/wp\/v2\/media\/6181"}],"wp:attachment":[{"href":"https:\/\/bolting.eu\/en\/wp-json\/wp\/v2\/media?parent=6179"}],"wp:term":[{"taxonomy":"product_brand","embeddable":true,"href":"https:\/\/bolting.eu\/en\/wp-json\/wp\/v2\/product_brand?post=6179"},{"taxonomy":"product_cat","embeddable":true,"href":"https:\/\/bolting.eu\/en\/wp-json\/wp\/v2\/product_cat?post=6179"},{"taxonomy":"product_tag","embeddable":true,"href":"https:\/\/bolting.eu\/en\/wp-json\/wp\/v2\/product_tag?post=6179"}],"curies":[{"name":"wp","href":"https:\/\/api.w.org\/{rel}","templated":true}]}}