{"id":6166,"date":"2020-11-18T10:44:08","date_gmt":"2020-11-18T09:44:08","guid":{"rendered":"https:\/\/bolting.eu\/?post_type=product&#038;p=6166"},"modified":"2026-02-04T17:24:58","modified_gmt":"2026-02-04T16:24:58","slug":"camp-cable-express","status":"publish","type":"product","link":"https:\/\/bolting.eu\/en\/shop\/camp-cable-express\/","title":{"rendered":"Camp Cable Express"},"content":{"rendered":"<p>Die Camp Cable Express ist eine universelle Stahlkabel Expressschlinge. D.h. sie ist einerseits perfekt f\u00fcr den permanenten Einbau als &#8220;Fixschlinge&#8221; in Kletterg\u00e4rten. Aber auch an Stellen wo Expressen stark am Fels &#8220;reiben&#8221; ist sie ideal! Und zum anderen als <a href=\"https:\/\/bolting.eu\/produkt-kategorie\/expressschlingen\/\">Expressschlinge<\/a> f\u00fcr Kletterw\u00e4nde.<\/p>\n<p>Denn erstens ist das Material komplett UV unempfindlich. Zweitens ist der &#8220;Steg&#8221; mit einem sch\u00fctzenden Kunstoff Mantel umgeben. Drittens kann sowohl ein beliebiger Karabiner als auch ein 8-12mm <a href=\"https:\/\/bolting.eu\/produkt-kategorie\/schraubglied-rapidglied\/\">Rapidglied<\/a> angebracht werden.<\/p>\n<p>Kurzum. Wer eine Fixschlinge f\u00fcr den Klettergarten bzw. unkaputtbare Expressschlinge f\u00fcr Kletterw\u00e4nde sucht, hat sie gefunden!<\/p>\n<h2>Eigenschaften Camp Cable Express<\/h2>\n<ul>\n<li>Hersteller: Camp &#8211; Cassin<\/li>\n<li>Material: verzinkter Stahl<\/li>\n<li>L\u00e4nge: 18cm &#8211; 23cm &#8211; 30cm<\/li>\n<li>Gewicht: 92 Gramm &#8211; 107 Gramm &#8211; 133 Gramm<\/li>\n<li>Bruchlast: 23kN<\/li>\n<li>EN Norm EN 566<\/li>\n<li>mit Kunststoff Ummantelung<\/li>\n<li>inkl. Kausche in den \u00d6sen<\/li>\n<li>UV unempfindlich<\/li>\n<li>perfekte Expressschlinge f\u00fcr Kletterw\u00e4nde bzw. praktisches <a href=\"https:\/\/bolting.eu\/produkt-kategorie\/kletterwand-zubehoer\/\">Kletterwand Zubeh\u00f6r<\/a><\/li>\n<\/ul>\n<h3>Vorteile Camp Cable Express<\/h3>\n<p>Die Vorteile dieser Stahlkabel Express liegen recht klar auf der Hand. Erstens die UV Unempfindlichkeit des Materials. Gegen\u00fcber textilen B\u00e4ndern macht die Sonneneinstrahlung dem Stahlkabel nichts aus.<\/p>\n<p>Zweitens die Widerstandsf\u00e4higkeit gegen Abrieb. \u00dcberall dort wo normale Expressen am Fels &#8220;reiben&#8221; bietet sie wesentlich mehr Sicherheit. Folglich ist dieses Produkt auch eine ideale Expressschlinge f\u00fcr Kletterw\u00e4nde. Und drittens schonen die fix eingebauten Kauschen sowohl die Karabiner als als auch die Schraubglieder!<\/p>\n<h3>Alternative textile Fixschlingen<\/h3>\n<p><a href=\"https:\/\/bolting.eu\/wp-content\/uploads\/2020\/11\/Fixschlinge-Fixe-Wide-2.jpg\"><img loading=\"lazy\" decoding=\"async\" class=\"alignleft wp-image-6160\" src=\"https:\/\/bolting.eu\/wp-content\/uploads\/2020\/11\/Fixschlinge-Fixe-Wide-2-280x280.jpg\" alt=\"Das Bild zeigt zwei fixe Expressschlingen auf einem wei\u00dfem Quadrat. Die fixen Exen sind leicht schr\u00e4g und exakt in Bildmitte zu sehen, man erkennt alle Details wie das Schraubglied, die schwarze Schlinge sowie den Stahlkarabiner.\" width=\"200\" height=\"200\" srcset=\"https:\/\/bolting.eu\/wp-content\/uploads\/2020\/11\/Fixschlinge-Fixe-Wide-2-280x280.jpg 280w, https:\/\/bolting.eu\/wp-content\/uploads\/2020\/11\/Fixschlinge-Fixe-Wide-2-247x247.jpg 247w, https:\/\/bolting.eu\/wp-content\/uploads\/2020\/11\/Fixschlinge-Fixe-Wide-2-100x100.jpg 100w, https:\/\/bolting.eu\/wp-content\/uploads\/2020\/11\/Fixschlinge-Fixe-Wide-2-510x510.jpg 510w, https:\/\/bolting.eu\/wp-content\/uploads\/2020\/11\/Fixschlinge-Fixe-Wide-2-400x400.jpg 400w, https:\/\/bolting.eu\/wp-content\/uploads\/2020\/11\/Fixschlinge-Fixe-Wide-2-300x300.jpg 300w, https:\/\/bolting.eu\/wp-content\/uploads\/2020\/11\/Fixschlinge-Fixe-Wide-2-600x600.jpg 600w, https:\/\/bolting.eu\/wp-content\/uploads\/2020\/11\/Fixschlinge-Fixe-Wide-2.jpg 700w\" sizes=\"auto, (max-width: 200px) 100vw, 200px\" \/><\/a>Neben der Camp Cable Express gibt es nat\u00fcrlich auch klassische Fixschlingen. Wer z.B. gerne fixe Exen in seine eigenen Projekte h\u00e4ngen will, kann sich ggf. als Alternative die komplett ausgestattete <a href=\"https:\/\/bolting.eu\/shop\/fixe-expressschlinge-fixe-wide\/\">Fixe &#8220;Wide&#8221; Express<\/a> \u00fcberlegen.<\/p>\n<p>Sie gibt es in 12 oder 18cm, fix mit Rapidglied und Stahlkarabiner inkl. Diebstahlschutz!<\/p>\n<h3>Fixe Expressen &#8211; Praxis Tipp<\/h3>\n<p>Ihr wollt in einem Klettergarten die Camp Cable Express bzw. generell fixe Exen installieren? Dann seid euch unbedingt der Gefahr bewusst, dass es hier zu eingeschliffenen Karabinern kommen kann!<\/p>\n<figure class=\"wp-caption alignleft\" aria-describedby=\"caption-attachment-6163\">\n<figure id=\"attachment_6163\" aria-describedby=\"caption-attachment-6163\" style=\"width: 350px\" class=\"wp-caption alignleft\"><a href=\"https:\/\/bolting.eu\/wp-content\/uploads\/2020\/11\/Eingeschliffene-Karabiner-fixe-Expressschlinge-1.jpg\"><img loading=\"lazy\" decoding=\"async\" class=\"wp-image-6163\" src=\"https:\/\/bolting.eu\/wp-content\/uploads\/2020\/11\/Eingeschliffene-Karabiner-fixe-Expressschlinge-1.jpg\" alt=\"Das Bild zeigt vier gef\u00e4hrlich eingeschliffene Karabiner von fixen Expressschlingen auf schwarzem Hintergrund. Man erkennt perfekt die ganz scharfen Kanten an denen es zu Seilrissen kommen kann.\" width=\"350\" height=\"233\" srcset=\"https:\/\/bolting.eu\/wp-content\/uploads\/2020\/11\/Eingeschliffene-Karabiner-fixe-Expressschlinge-1.jpg 1024w, https:\/\/bolting.eu\/wp-content\/uploads\/2020\/11\/Eingeschliffene-Karabiner-fixe-Expressschlinge-1-510x340.jpg 510w, https:\/\/bolting.eu\/wp-content\/uploads\/2020\/11\/Eingeschliffene-Karabiner-fixe-Expressschlinge-1-601x400.jpg 601w, https:\/\/bolting.eu\/wp-content\/uploads\/2020\/11\/Eingeschliffene-Karabiner-fixe-Expressschlinge-1-768x512.jpg 768w, https:\/\/bolting.eu\/wp-content\/uploads\/2020\/11\/Eingeschliffene-Karabiner-fixe-Expressschlinge-1-600x400.jpg 600w\" sizes=\"auto, (max-width: 350px) 100vw, 350px\" \/><\/a><figcaption id=\"caption-attachment-6163\" class=\"wp-caption-text\">Gef\u00e4hrlich eingeschliffene Expressen vom Schleierwasserfall \/ Tirol. Bild: Peter Platter \/ bergundsteigen<\/figcaption><\/figure>\n<p>Schaut zumindest, dass bei Fixschlingen im Klettergarten die 1. Express mit einem Stahlkarabiner versehen ist. Denn durch das permanente Ablassen entstehen hier oft ganz gef\u00e4hrliche \u201escharfe\u201c Kanten an <a href=\"https:\/\/bolting.eu\/eingeschliffene-karabiner-gefahr-von-seilriss\/\">eingeschliffene Karabinern<\/a> die zum Seilriss f\u00fchren k\u00f6nnen.<\/figure>\n<figure class=\"wp-caption alignleft\" aria-describedby=\"caption-attachment-6163\">Schaut euch einfach mal das Bild nebenbei an!<\/figure>\n<p>&nbsp;<\/p>\n<p>&nbsp;<\/p>\n<p>&nbsp;<\/p>\n<p>Folglich bedeutet dies auch. Kontrolliert alle eure Fixschlingen regelm\u00e4\u00dfig auf diese scharfen Kanten! Denn sie entstehen \u00fcberall dort, wo beim Ablassen das Seil mit Druck durch den Karabiner l\u00e4uft!<\/p>\n<h3>Praxis Tipp Camp Cable Express<\/h3>\n<p>Verwendet f\u00fcr die Fixierung des Stahlkabels ausschlie\u00dflich verzinkte Rapidglieder. Denn mit Edelstahl Produkten verursacht ihr &#8220;galvanische Korrosion&#8221;. Ihr wisst nicht was das ist? Dann lest euch unseren <a href=\"https:\/\/bolting.eu\/einbohr-blog\/\">Einbohr Blog<\/a> Beitrag &#8220;<a href=\"https:\/\/bolting.eu\/galvanische-korrosion-bei-bohrhaken\/\">galvanische Korrosion bei Bohrhaken<\/a>&#8221; durch.<\/p>\n<h4><strong>Link Tipp<\/strong><\/h4>\n<p>Wer vor hat die Camp Cable Express bzw. generell fixe Exen zu installieren, sollte sich unbedingt diesen Beitrag von bergundsteigen durchlesen: <a href=\"https:\/\/www.bergundsteigen.at\/file.php\/archiv\/2012\/4\/44-50%20%28%20unfallursache%20seilriss%29.pdf\" target=\"_blank\" rel=\"noopener noreferrer\">Unfallursache Seilriss!<\/a><\/p>\n","protected":false},"excerpt":{"rendered":"<p>Fixe Expressschlinge aus verzinkten Stahl oder Edelstahl in 18cm, 23cm oder 30cm L\u00e4nge.<\/p>\n<p>Dank EN 566 Norm ideal f\u00fcr k\u00fcnstliche Kletterw\u00e4nde. Wird auch gerne als Fixexe in Kletterg\u00e4rten verwendet.<\/p>\n<p>Versandkostenfrei bis 2kg in <img decoding=\"async\" class=\"emoji\" role=\"img\" draggable=\"false\" src=\"https:\/\/s.w.org\/images\/core\/emoji\/14.0.0\/svg\/1f1e6-1f1f9.svg\" alt=\"\ud83c\udde6\ud83c\uddf9\" \/> ab \u20ac 100,- und <img decoding=\"async\" class=\"emoji\" role=\"img\" draggable=\"false\" src=\"https:\/\/s.w.org\/images\/core\/emoji\/14.0.0\/svg\/1f1e9-1f1ea.svg\" alt=\"\ud83c\udde9\ud83c\uddea\" \/> ab \u20ac 200,-!<\/p>\n","protected":false},"featured_media":33522,"comment_status":"open","ping_status":"closed","template":"","meta":[],"product_brand":[],"product_cat":[15211,29,220,4653],"product_tag":[],"class_list":{"0":"post-6166","1":"product","2":"type-product","3":"status-publish","4":"has-post-thumbnail","6":"product_cat-kletterwand-zubehoer","7":"product_cat-kletterausruestung","8":"product_cat-expressschlingen","9":"product_cat-camp-cassin","11":"first","12":"instock","13":"taxable","14":"shipping-taxable","15":"purchasable","16":"product-type-variable"},"yoast_head":"<!-- This site is optimized with the Yoast SEO Premium plugin v26.9 (Yoast SEO v26.9) - https:\/\/yoast.com\/product\/yoast-seo-premium-wordpress\/ -->\n<title>Camp Cable Express verzinkt f\u00fcr Indoor Kletterwand | bolting.eu<\/title>\n<meta name=\"description\" content=\"CAMP CABLE EXPRESS verzinkt beim Kletterprofi kaufen \u2705 Trusted Shop \u2705 kostenloser Versand* \u2705 14 Tage R\u00fcckgaberecht \u2705 Co2 neutrale Zustellung\" \/>\n<meta name=\"robots\" content=\"index, follow, max-snippet:-1, max-image-preview:large, max-video-preview:-1\" \/>\n<link rel=\"canonical\" href=\"https:\/\/bolting.eu\/en\/shop\/camp-cable-express\/\" \/>\n<meta property=\"og:locale\" content=\"en_US\" \/>\n<meta property=\"og:type\" content=\"article\" \/>\n<meta property=\"og:title\" content=\"Camp Cable Express\" \/>\n<meta property=\"og:description\" content=\"CAMP CABLE EXPRESS verzinkt beim Kletterprofi kaufen \u2705 Trusted Shop \u2705 kostenloser Versand* \u2705 14 Tage R\u00fcckgaberecht \u2705 Co2 neutrale Zustellung\" \/>\n<meta property=\"og:url\" content=\"https:\/\/bolting.eu\/en\/shop\/camp-cable-express\/\" \/>\n<meta property=\"og:site_name\" content=\"bolting.eu\" \/>\n<meta property=\"article:publisher\" content=\"https:\/\/www.facebook.com\/bolting.eu\" \/>\n<meta property=\"article:modified_time\" content=\"2026-02-04T16:24:58+00:00\" \/>\n<meta property=\"og:image\" content=\"https:\/\/bolting.eu\/wp-content\/uploads\/2025\/08\/Camp-Cable-Express.jpg\" \/>\n\t<meta property=\"og:image:width\" content=\"700\" \/>\n\t<meta property=\"og:image:height\" content=\"700\" \/>\n\t<meta property=\"og:image:type\" content=\"image\/jpeg\" \/>\n<meta name=\"twitter:card\" content=\"summary_large_image\" \/>\n<meta name=\"twitter:label1\" content=\"Availability\" \/>\n\t<meta name=\"twitter:data1\" content=\"In stock\" \/>\n<script type=\"application\/ld+json\" class=\"yoast-schema-graph\">{\"@context\":\"https:\/\/schema.org\",\"@graph\":[{\"@type\":[\"WebPage\",\"ItemPage\"],\"@id\":\"https:\/\/bolting.eu\/en\/shop\/camp-cable-express\/\",\"url\":\"https:\/\/bolting.eu\/en\/shop\/camp-cable-express\/\",\"name\":\"Camp Cable Express verzinkt f\u00fcr Indoor Kletterwand | bolting.eu\",\"isPartOf\":{\"@id\":\"https:\/\/bolting.eu\/en\/#website\"},\"primaryImageOfPage\":{\"@id\":\"https:\/\/bolting.eu\/en\/shop\/camp-cable-express\/#primaryimage\"},\"image\":{\"@id\":\"https:\/\/bolting.eu\/en\/shop\/camp-cable-express\/#primaryimage\"},\"thumbnailUrl\":\"https:\/\/bolting.eu\/wp-content\/uploads\/2025\/08\/Camp-Cable-Express.jpg\",\"datePublished\":\"2020-11-18T09:44:08+00:00\",\"dateModified\":\"2026-02-04T16:24:58+00:00\",\"description\":\"CAMP CABLE EXPRESS verzinkt beim Kletterprofi kaufen \u2705 Trusted Shop \u2705 kostenloser Versand* \u2705 14 Tage R\u00fcckgaberecht \u2705 Co2 neutrale Zustellung\",\"breadcrumb\":{\"@id\":\"https:\/\/bolting.eu\/en\/shop\/camp-cable-express\/#breadcrumb\"},\"inLanguage\":\"en-US\",\"potentialAction\":[{\"@type\":\"ReadAction\",\"target\":[\"https:\/\/bolting.eu\/en\/shop\/camp-cable-express\/\"]}]},{\"@type\":\"ImageObject\",\"inLanguage\":\"en-US\",\"@id\":\"https:\/\/bolting.eu\/en\/shop\/camp-cable-express\/#primaryimage\",\"url\":\"https:\/\/bolting.eu\/wp-content\/uploads\/2025\/08\/Camp-Cable-Express.jpg\",\"contentUrl\":\"https:\/\/bolting.eu\/wp-content\/uploads\/2025\/08\/Camp-Cable-Express.jpg\",\"width\":700,\"height\":700,\"caption\":\"Drei grau gr\u00fcne Camp Cable Express aufrecht in wei\u00dfem Quadrat.\"},{\"@type\":\"BreadcrumbList\",\"@id\":\"https:\/\/bolting.eu\/en\/shop\/camp-cable-express\/#breadcrumb\",\"itemListElement\":[{\"@type\":\"ListItem\",\"position\":1,\"name\":\"Shop\",\"item\":\"https:\/\/bolting.eu\/en\/shop\/\"},{\"@type\":\"ListItem\",\"position\":2,\"name\":\"Kletterwand Zubeh\u00f6r\",\"item\":\"https:\/\/bolting.eu\/produkt-kategorie\/kletterwand-zubehoer\/\"},{\"@type\":\"ListItem\",\"position\":3,\"name\":\"Camp Cable Express\"}]},{\"@type\":\"WebSite\",\"@id\":\"https:\/\/bolting.eu\/en\/#website\",\"url\":\"https:\/\/bolting.eu\/en\/\",\"name\":\"bolting.eu\",\"description\":\"we make climbs happen\",\"publisher\":{\"@id\":\"https:\/\/bolting.eu\/en\/#organization\"},\"potentialAction\":[{\"@type\":\"SearchAction\",\"target\":{\"@type\":\"EntryPoint\",\"urlTemplate\":\"https:\/\/bolting.eu\/en\/?s={search_term_string}\"},\"query-input\":{\"@type\":\"PropertyValueSpecification\",\"valueRequired\":true,\"valueName\":\"search_term_string\"}}],\"inLanguage\":\"en-US\"},{\"@type\":[\"Organization\",\"Place\",\"SportingGoodsStore\"],\"@id\":\"https:\/\/bolting.eu\/en\/#organization\",\"name\":\"bolting.eu\",\"url\":\"https:\/\/bolting.eu\/en\/\",\"logo\":{\"@id\":\"https:\/\/bolting.eu\/en\/shop\/camp-cable-express\/#local-main-organization-logo\"},\"image\":{\"@id\":\"https:\/\/bolting.eu\/en\/shop\/camp-cable-express\/#local-main-organization-logo\"},\"sameAs\":[\"https:\/\/www.facebook.com\/bolting.eu\",\"https:\/\/www.instagram.com\/bolting.eu\/\"],\"address\":{\"@id\":\"https:\/\/bolting.eu\/en\/shop\/camp-cable-express\/#local-main-place-address\"},\"geo\":{\"@type\":\"GeoCoordinates\",\"latitude\":\"47.264176340396226\",\"longitude\":\"11.380109057672346\"},\"telephone\":[\"+43 699 19083372\"],\"openingHoursSpecification\":[{\"@type\":\"OpeningHoursSpecification\",\"dayOfWeek\":[\"Monday\",\"Wednesday\",\"Friday\"],\"opens\":\"14:00\",\"closes\":\"18:00\"},{\"@type\":\"OpeningHoursSpecification\",\"dayOfWeek\":[\"Tuesday\",\"Thursday\",\"Saturday\",\"Sunday\"],\"opens\":\"00:00\",\"closes\":\"00:00\"}],\"email\":\"office@bolting.eu\",\"vatID\":\"ATU59999728\",\"priceRange\":\"$$\",\"currenciesAccepted\":\"Euro\"},{\"@type\":\"PostalAddress\",\"@id\":\"https:\/\/bolting.eu\/en\/shop\/camp-cable-express\/#local-main-place-address\",\"streetAddress\":\"Fischnalerstra\u00dfe 4\",\"addressLocality\":\"Innsbruck\",\"postalCode\":\"6020\",\"addressRegion\":\"Tirol\",\"addressCountry\":\"AT\"},{\"@type\":\"ImageObject\",\"inLanguage\":\"en-US\",\"@id\":\"https:\/\/bolting.eu\/en\/shop\/camp-cable-express\/#local-main-organization-logo\",\"url\":\"https:\/\/bolting.eu\/wp-content\/uploads\/2019\/09\/bolting-logo.png\",\"contentUrl\":\"https:\/\/bolting.eu\/wp-content\/uploads\/2019\/09\/bolting-logo.png\",\"width\":400,\"height\":211,\"caption\":\"bolting.eu\"}]}<\/script>\n<meta property=\"og:availability\" content=\"instock\" \/>\n<meta property=\"product:availability\" content=\"instock\" \/>\n<meta property=\"product:condition\" content=\"new\" \/>\n<meta name=\"geo.placename\" content=\"Innsbruck\" \/>\n<meta name=\"geo.position\" content=\"47.264176340396226;11.380109057672346\" \/>\n<meta name=\"geo.region\" content=\"Austria\" \/>\n<!-- \/ Yoast SEO Premium plugin. -->","yoast_head_json":{"title":"Camp Cable Express verzinkt f\u00fcr Indoor Kletterwand | bolting.eu","description":"CAMP CABLE EXPRESS verzinkt beim Kletterprofi kaufen \u2705 Trusted Shop \u2705 kostenloser Versand* \u2705 14 Tage R\u00fcckgaberecht \u2705 Co2 neutrale Zustellung","robots":{"index":"index","follow":"follow","max-snippet":"max-snippet:-1","max-image-preview":"max-image-preview:large","max-video-preview":"max-video-preview:-1"},"canonical":"https:\/\/bolting.eu\/en\/shop\/camp-cable-express\/","og_locale":"en_US","og_type":"article","og_title":"Camp Cable Express","og_description":"CAMP CABLE EXPRESS verzinkt beim Kletterprofi kaufen \u2705 Trusted Shop \u2705 kostenloser Versand* \u2705 14 Tage R\u00fcckgaberecht \u2705 Co2 neutrale Zustellung","og_url":"https:\/\/bolting.eu\/en\/shop\/camp-cable-express\/","og_site_name":"bolting.eu","article_publisher":"https:\/\/www.facebook.com\/bolting.eu","article_modified_time":"2026-02-04T16:24:58+00:00","og_image":[{"width":700,"height":700,"url":"https:\/\/bolting.eu\/wp-content\/uploads\/2025\/08\/Camp-Cable-Express.jpg","type":"image\/jpeg"}],"twitter_card":"summary_large_image","twitter_misc":{"Availability":"In stock"},"schema":{"@context":"https:\/\/schema.org","@graph":[{"@type":["WebPage","ItemPage"],"@id":"https:\/\/bolting.eu\/en\/shop\/camp-cable-express\/","url":"https:\/\/bolting.eu\/en\/shop\/camp-cable-express\/","name":"Camp Cable Express verzinkt f\u00fcr Indoor Kletterwand | bolting.eu","isPartOf":{"@id":"https:\/\/bolting.eu\/en\/#website"},"primaryImageOfPage":{"@id":"https:\/\/bolting.eu\/en\/shop\/camp-cable-express\/#primaryimage"},"image":{"@id":"https:\/\/bolting.eu\/en\/shop\/camp-cable-express\/#primaryimage"},"thumbnailUrl":"https:\/\/bolting.eu\/wp-content\/uploads\/2025\/08\/Camp-Cable-Express.jpg","datePublished":"2020-11-18T09:44:08+00:00","dateModified":"2026-02-04T16:24:58+00:00","description":"CAMP CABLE EXPRESS verzinkt beim Kletterprofi kaufen \u2705 Trusted Shop \u2705 kostenloser Versand* \u2705 14 Tage R\u00fcckgaberecht \u2705 Co2 neutrale Zustellung","breadcrumb":{"@id":"https:\/\/bolting.eu\/en\/shop\/camp-cable-express\/#breadcrumb"},"inLanguage":"en-US","potentialAction":[{"@type":"ReadAction","target":["https:\/\/bolting.eu\/en\/shop\/camp-cable-express\/"]}]},{"@type":"ImageObject","inLanguage":"en-US","@id":"https:\/\/bolting.eu\/en\/shop\/camp-cable-express\/#primaryimage","url":"https:\/\/bolting.eu\/wp-content\/uploads\/2025\/08\/Camp-Cable-Express.jpg","contentUrl":"https:\/\/bolting.eu\/wp-content\/uploads\/2025\/08\/Camp-Cable-Express.jpg","width":700,"height":700,"caption":"Drei grau gr\u00fcne Camp Cable Express aufrecht in wei\u00dfem Quadrat."},{"@type":"BreadcrumbList","@id":"https:\/\/bolting.eu\/en\/shop\/camp-cable-express\/#breadcrumb","itemListElement":[{"@type":"ListItem","position":1,"name":"Shop","item":"https:\/\/bolting.eu\/en\/shop\/"},{"@type":"ListItem","position":2,"name":"Kletterwand Zubeh\u00f6r","item":"https:\/\/bolting.eu\/produkt-kategorie\/kletterwand-zubehoer\/"},{"@type":"ListItem","position":3,"name":"Camp Cable Express"}]},{"@type":"WebSite","@id":"https:\/\/bolting.eu\/en\/#website","url":"https:\/\/bolting.eu\/en\/","name":"bolting.eu","description":"we make climbs happen","publisher":{"@id":"https:\/\/bolting.eu\/en\/#organization"},"potentialAction":[{"@type":"SearchAction","target":{"@type":"EntryPoint","urlTemplate":"https:\/\/bolting.eu\/en\/?s={search_term_string}"},"query-input":{"@type":"PropertyValueSpecification","valueRequired":true,"valueName":"search_term_string"}}],"inLanguage":"en-US"},{"@type":["Organization","Place","SportingGoodsStore"],"@id":"https:\/\/bolting.eu\/en\/#organization","name":"bolting.eu","url":"https:\/\/bolting.eu\/en\/","logo":{"@id":"https:\/\/bolting.eu\/en\/shop\/camp-cable-express\/#local-main-organization-logo"},"image":{"@id":"https:\/\/bolting.eu\/en\/shop\/camp-cable-express\/#local-main-organization-logo"},"sameAs":["https:\/\/www.facebook.com\/bolting.eu","https:\/\/www.instagram.com\/bolting.eu\/"],"address":{"@id":"https:\/\/bolting.eu\/en\/shop\/camp-cable-express\/#local-main-place-address"},"geo":{"@type":"GeoCoordinates","latitude":"47.264176340396226","longitude":"11.380109057672346"},"telephone":["+43 699 19083372"],"openingHoursSpecification":[{"@type":"OpeningHoursSpecification","dayOfWeek":["Monday","Wednesday","Friday"],"opens":"14:00","closes":"18:00"},{"@type":"OpeningHoursSpecification","dayOfWeek":["Tuesday","Thursday","Saturday","Sunday"],"opens":"00:00","closes":"00:00"}],"email":"office@bolting.eu","vatID":"ATU59999728","priceRange":"$$","currenciesAccepted":"Euro"},{"@type":"PostalAddress","@id":"https:\/\/bolting.eu\/en\/shop\/camp-cable-express\/#local-main-place-address","streetAddress":"Fischnalerstra\u00dfe 4","addressLocality":"Innsbruck","postalCode":"6020","addressRegion":"Tirol","addressCountry":"AT"},{"@type":"ImageObject","inLanguage":"en-US","@id":"https:\/\/bolting.eu\/en\/shop\/camp-cable-express\/#local-main-organization-logo","url":"https:\/\/bolting.eu\/wp-content\/uploads\/2019\/09\/bolting-logo.png","contentUrl":"https:\/\/bolting.eu\/wp-content\/uploads\/2019\/09\/bolting-logo.png","width":400,"height":211,"caption":"bolting.eu"}]},"og_availability":"instock","product_availability":"instock","product_condition":"new","geo.placename":"Innsbruck","geo.position":{"lat":"47.264176340396226","long":"11.380109057672346"},"geo.region":"Austria"},"_links":{"self":[{"href":"https:\/\/bolting.eu\/en\/wp-json\/wp\/v2\/product\/6166","targetHints":{"allow":["GET"]}}],"collection":[{"href":"https:\/\/bolting.eu\/en\/wp-json\/wp\/v2\/product"}],"about":[{"href":"https:\/\/bolting.eu\/en\/wp-json\/wp\/v2\/types\/product"}],"replies":[{"embeddable":true,"href":"https:\/\/bolting.eu\/en\/wp-json\/wp\/v2\/comments?post=6166"}],"wp:featuredmedia":[{"embeddable":true,"href":"https:\/\/bolting.eu\/en\/wp-json\/wp\/v2\/media\/33522"}],"wp:attachment":[{"href":"https:\/\/bolting.eu\/en\/wp-json\/wp\/v2\/media?parent=6166"}],"wp:term":[{"taxonomy":"product_brand","embeddable":true,"href":"https:\/\/bolting.eu\/en\/wp-json\/wp\/v2\/product_brand?post=6166"},{"taxonomy":"product_cat","embeddable":true,"href":"https:\/\/bolting.eu\/en\/wp-json\/wp\/v2\/product_cat?post=6166"},{"taxonomy":"product_tag","embeddable":true,"href":"https:\/\/bolting.eu\/en\/wp-json\/wp\/v2\/product_tag?post=6166"}],"curies":[{"name":"wp","href":"https:\/\/api.w.org\/{rel}","templated":true}]}}