{"id":6157,"date":"2020-11-18T09:38:29","date_gmt":"2020-11-18T08:38:29","guid":{"rendered":"https:\/\/bolting.eu\/?post_type=product&#038;p=6157"},"modified":"2024-04-10T13:32:33","modified_gmt":"2024-04-10T11:32:33","slug":"fixe-expressschlinge-fixe-wide","status":"publish","type":"product","link":"https:\/\/bolting.eu\/en\/shop\/fixe-expressschlinge-fixe-wide\/","title":{"rendered":"Fixe Expressschlinge Fixe Wide"},"content":{"rendered":"<p>Die Fixe <a href=\"https:\/\/bolting.eu\/produkt-kategorie\/expressschlingen\/\">Expressschlinge<\/a> Fixe Wide gibt es bei uns in zwei L\u00e4ngen. Zum einen 12cm und zum anderen in 18cm. Diese fixe Exe kann sowohl im Klettergarten als auch an Kletterw\u00e4nden verwendet werden.<\/p>\n<p>Sie besteht erstens aus einem robusten Stahlkarabiner. Dieser hat einen gebogenen Keylock-Schnapper und einen Splint als Diebstahlsicherung. Er kann mit einem Mini-Inbus entfernt werden.<\/p>\n<p>Zweitens ist die Expressschlinge selbst sch\u00f6n breit. D.h. man kann sie super mit der Hand umschlie\u00dfen. Beispielsweise beim Einh\u00e4ngen w\u00e4hrend des Projektierens.<\/p>\n<p>Drittens ist felsseitig ein verzinktes <a href=\"https:\/\/bolting.eu\/produkt-kategorie\/schraubglied-rapidglied\/\">Rapidglied-Schraubglied<\/a> vormontiert.<\/p>\n<p>Kurzum. Wer seinen Klettergarten bzw. sein Projekt mit g\u00fcnstigen Fixschlingen ausstatten will, ist hier richtig!<\/p>\n<h2>Eigenschaften Fixe Expressschlinge Fixe Wide<\/h2>\n<div class=\"product-short-description\">\n<ul>\n<li>Hersteller: Fixe Climbing<\/li>\n<li>Material: abriebfester Stahl<\/li>\n<li>L\u00e4nge Bandschlinge: 12cm bzw. 18cm<\/li>\n<li>Gesamtl\u00e4nge: ca. 22cm bzw. 28cm<\/li>\n<li>Gewicht: 150 Gramm bzw. 160 Gramm<\/li>\n<li>Bruchlast: 22kN l\u00e4ngs \/ 8kN quer \/ 9kN offen<\/li>\n<li>EN Norm 12275, EN 362, UIAA 121, UIAA 103<\/li>\n<li>Karabiner mit Diebstahlsicherung<\/li>\n<li>inklusive Rapidglied-Schraubglied<\/li>\n<\/ul>\n<h3>Fixe Exe &#8211; die Vorteile<\/h3>\n<p>Der Hauptvorteil dieser fixen Expressschlingen liegt im Material des Karabiners. Denn dieser ist aus Stahl. D.h. er ist wesentlich abriebfester als die sonst \u00fcblichen Alu Karabiner.<\/p>\n<p>Folglich ist die Fixschlinge zum einen perfekt f\u00fcr langwierige Projekte. Und zum anderen in Kletterg\u00e4rten wo man sich generell f\u00fcr fixe Zwischensicherungen entschieden hat.<\/p>\n<h3>Fixe Expressschlinge Fixe Wide &#8211; Praxis Tipp<\/h3>\n<figure id=\"attachment_6163\" aria-describedby=\"caption-attachment-6163\" style=\"width: 350px\" class=\"wp-caption alignleft\"><a href=\"https:\/\/bolting.eu\/wp-content\/uploads\/2020\/11\/Eingeschliffene-Karabiner-fixe-Expressschlinge-1.jpg\"><img loading=\"lazy\" decoding=\"async\" class=\"wp-image-6163\" src=\"https:\/\/bolting.eu\/wp-content\/uploads\/2020\/11\/Eingeschliffene-Karabiner-fixe-Expressschlinge-1.jpg\" alt=\"Das Bild zeigt vier gef\u00e4hrlich eingeschliffene Karabiner von fixen Expressschlingen auf schwarzem Hintergrund. Man erkennt perfekt die ganz scharfen Kanten an denen es zu Seilrissen kommen kann.\" width=\"350\" height=\"233\" srcset=\"https:\/\/bolting.eu\/wp-content\/uploads\/2020\/11\/Eingeschliffene-Karabiner-fixe-Expressschlinge-1.jpg 1024w, https:\/\/bolting.eu\/wp-content\/uploads\/2020\/11\/Eingeschliffene-Karabiner-fixe-Expressschlinge-1-510x340.jpg 510w, https:\/\/bolting.eu\/wp-content\/uploads\/2020\/11\/Eingeschliffene-Karabiner-fixe-Expressschlinge-1-601x400.jpg 601w, https:\/\/bolting.eu\/wp-content\/uploads\/2020\/11\/Eingeschliffene-Karabiner-fixe-Expressschlinge-1-768x512.jpg 768w, https:\/\/bolting.eu\/wp-content\/uploads\/2020\/11\/Eingeschliffene-Karabiner-fixe-Expressschlinge-1-600x400.jpg 600w\" sizes=\"auto, (max-width: 350px) 100vw, 350px\" \/><\/a><figcaption id=\"caption-attachment-6163\" class=\"wp-caption-text\">Gef\u00e4hrlich eingeschliffene Expressen vom Schleierwasserfall \/ Tirol. Bild: Peter Platter \/ bergundsteigen<\/figcaption><\/figure>\n<p>Schaut zumindest, dass bei fixen Exen im Klettergarten die 1. Express mit einem Stahlkarabiner versehen ist. Denn durch das permanente Ablassen entstehen hier oft ganz gef\u00e4hrliche &#8220;scharfe&#8221; Kanten an den Karabinern die zum Seilriss f\u00fchren k\u00f6nnen.<\/p>\n<p>Schaut euch einfach mal das Bild nebenbei an!<\/p>\n<p>Folglich bedeutet dies auch. Kontrolliert alle eure Fixschlingen regelm\u00e4\u00dfig auf diese scharfen Kanten! Denn sie entstehen \u00fcberall dort, wo beim Ablassen das Seil mit Druck durch den Karabiner l\u00e4uft!<\/p>\n<h3>Fixe Exen &#8211; diebstahlsicher machen<\/h3>\n<p>Die Fixe Expressschlinge Fixe Wide kann man ganz einfach gegen Diebstahl sichern.<\/p>\n<p>Denn zum einen ist der Karabiner ohnehin mit einem Splint gesichert. Und zum anderen kann man das Rapid Glied mit einem 15er Schraubenschl\u00fcsel fest anziehen. Dann hat man mit der Hand keine Chance mehr dieses auf zu bekommen.<\/p>\n<h3>Alternative Stahlkabel Express<\/h3>\n<p>Ihr wollt von der Ausstattung her ein noch besseres Produkt haben? Dann k\u00f6nnt ihr euch ein Upgrade auf Stahlkabel Expressen \u00fcberlegen. Gegen\u00fcber Polyamid bzw. Dyneema Schlingen, sind diese Expressen nicht UV empfindlich.<\/p>\n<p>Wir f\u00fchren die <a href=\"https:\/\/bolting.eu\/shop\/stahlseil-expressschlinge-36cm-fixe\/\">Fixe Stahlkabel Express mit 36cm<\/a> sowie die <a href=\"https:\/\/bolting.eu\/shop\/camp-cable-express\/\">Camp Cable Express<\/a> mit 18cm bzw. 23cm.<\/p>\n<h4><strong>Link Tipp<\/strong><\/h4>\n<p>Wer vor hat Fixe Expressschlinge Fixe Wide bzw. fixe Exen zu installieren, sollte sich unbedingt diesen Beitrag von bergundsteigen durchlesen: <a href=\"https:\/\/www.bergundsteigen.at\/file.php\/archiv\/2012\/4\/44-50%20%28%20unfallursache%20seilriss%29.pdf\" target=\"_blank\" rel=\"noopener noreferrer\">Unfallursache Seilriss!<\/a><\/p>\n<\/div>\n","protected":false},"excerpt":{"rendered":"<ul>\n<li>Hersteller: <a href=\"https:\/\/bolting.eu\/fixe-climbing\/\">Fixe Climbing<\/a><\/li>\n<li>Material: abriebfester Stahl<\/li>\n<li>L\u00e4nge Bandschlinge: 12cm bzw. 18cm<\/li>\n<li>Gesamtl\u00e4nge: ca. 22cm bzw. 28cm<\/li>\n<li>Gewicht: 150 Gramm bzw. 160 Gramm<\/li>\n<li>Bruchlast: 22kN l\u00e4ngs \/ 8kN quer \/ 9kN offen<\/li>\n<li>EN Norm 12275, EN 362, UIAA 121, UIAA 103<\/li>\n<li>Karabiner mit Diebstahlsicherung<\/li>\n<li>inklusive Rapidglied-Schraubglied<\/li>\n<\/ul>\n","protected":false},"featured_media":6159,"comment_status":"open","ping_status":"closed","template":"","meta":[],"product_brand":[],"product_cat":[220,4665],"product_tag":[],"class_list":{"0":"post-6157","1":"product","2":"type-product","3":"status-publish","4":"has-post-thumbnail","6":"product_cat-expressschlingen","7":"product_cat-fixe-climbing","9":"first","10":"outofstock","11":"taxable","12":"shipping-taxable","13":"purchasable","14":"product-type-variable"},"yoast_head":"<!-- This site is optimized with the Yoast SEO Premium plugin v26.9 (Yoast SEO v26.9) - https:\/\/yoast.com\/product\/yoast-seo-premium-wordpress\/ -->\n<title>Fixe Expressschlinge Fixe Wide zm top Preis kaufen | bolting.eu<\/title>\n<meta name=\"description\" content=\"Hier findet Ihr die FIXE EXPRESSSCHLINGE &quot;Wide&quot;. Eine fixe Exe mit diebstahlisicherem Stahlkarabiner f\u00fcr Klettergarten &amp; Kletterwand!\" \/>\n<meta name=\"robots\" content=\"index, follow, max-snippet:-1, max-image-preview:large, max-video-preview:-1\" \/>\n<link rel=\"canonical\" href=\"https:\/\/bolting.eu\/en\/shop\/fixe-expressschlinge-fixe-wide\/\" \/>\n<meta property=\"og:locale\" content=\"en_US\" \/>\n<meta property=\"og:type\" content=\"article\" \/>\n<meta property=\"og:title\" content=\"Fixe Expressschlinge Fixe Wide\" \/>\n<meta property=\"og:description\" content=\"Hier findet Ihr die FIXE EXPRESSSCHLINGE &quot;Wide&quot;. Eine fixe Exe mit diebstahlisicherem Stahlkarabiner f\u00fcr Klettergarten &amp; Kletterwand!\" \/>\n<meta property=\"og:url\" content=\"https:\/\/bolting.eu\/en\/shop\/fixe-expressschlinge-fixe-wide\/\" \/>\n<meta property=\"og:site_name\" content=\"bolting.eu\" \/>\n<meta property=\"article:publisher\" content=\"https:\/\/www.facebook.com\/bolting.eu\" \/>\n<meta property=\"article:modified_time\" content=\"2024-04-10T11:32:33+00:00\" \/>\n<meta property=\"og:image\" content=\"https:\/\/bolting.eu\/wp-content\/uploads\/2020\/11\/Fixschlinge-Fixe-Wide-1.jpg\" \/>\n\t<meta property=\"og:image:width\" content=\"700\" \/>\n\t<meta property=\"og:image:height\" content=\"700\" \/>\n\t<meta property=\"og:image:type\" content=\"image\/jpeg\" \/>\n<meta name=\"twitter:card\" content=\"summary_large_image\" \/>\n<meta name=\"twitter:label1\" content=\"Availability\" \/>\n\t<meta name=\"twitter:data1\" content=\"Out of stock\" \/>\n<script type=\"application\/ld+json\" class=\"yoast-schema-graph\">{\"@context\":\"https:\/\/schema.org\",\"@graph\":[{\"@type\":[\"WebPage\",\"ItemPage\"],\"@id\":\"https:\/\/bolting.eu\/en\/shop\/fixe-expressschlinge-fixe-wide\/\",\"url\":\"https:\/\/bolting.eu\/en\/shop\/fixe-expressschlinge-fixe-wide\/\",\"name\":\"Fixe Expressschlinge Fixe Wide zm top Preis kaufen | bolting.eu\",\"isPartOf\":{\"@id\":\"https:\/\/bolting.eu\/en\/#website\"},\"primaryImageOfPage\":{\"@id\":\"https:\/\/bolting.eu\/en\/shop\/fixe-expressschlinge-fixe-wide\/#primaryimage\"},\"image\":{\"@id\":\"https:\/\/bolting.eu\/en\/shop\/fixe-expressschlinge-fixe-wide\/#primaryimage\"},\"thumbnailUrl\":\"https:\/\/bolting.eu\/wp-content\/uploads\/2020\/11\/Fixschlinge-Fixe-Wide-1.jpg\",\"datePublished\":\"2020-11-18T08:38:29+00:00\",\"dateModified\":\"2024-04-10T11:32:33+00:00\",\"description\":\"Hier findet Ihr die FIXE EXPRESSSCHLINGE \\\"Wide\\\". Eine fixe Exe mit diebstahlisicherem Stahlkarabiner f\u00fcr Klettergarten & Kletterwand!\",\"breadcrumb\":{\"@id\":\"https:\/\/bolting.eu\/en\/shop\/fixe-expressschlinge-fixe-wide\/#breadcrumb\"},\"inLanguage\":\"en-US\",\"potentialAction\":[{\"@type\":\"ReadAction\",\"target\":[\"https:\/\/bolting.eu\/en\/shop\/fixe-expressschlinge-fixe-wide\/\"]}]},{\"@type\":\"ImageObject\",\"inLanguage\":\"en-US\",\"@id\":\"https:\/\/bolting.eu\/en\/shop\/fixe-expressschlinge-fixe-wide\/#primaryimage\",\"url\":\"https:\/\/bolting.eu\/wp-content\/uploads\/2020\/11\/Fixschlinge-Fixe-Wide-1.jpg\",\"contentUrl\":\"https:\/\/bolting.eu\/wp-content\/uploads\/2020\/11\/Fixschlinge-Fixe-Wide-1.jpg\",\"width\":700,\"height\":700,\"caption\":\"Das Bild zeigt zwei fixe Expressschlingen auf einem wei\u00dfem Quadrat. Die fixen Exen sind vertikal exakt in Bildmitte zu sehen, man erkennt alle Details wie das Schraubglied, die schwarze Schlinge sowie den Stahlkarabiner.\"},{\"@type\":\"BreadcrumbList\",\"@id\":\"https:\/\/bolting.eu\/en\/shop\/fixe-expressschlinge-fixe-wide\/#breadcrumb\",\"itemListElement\":[{\"@type\":\"ListItem\",\"position\":1,\"name\":\"Shop\",\"item\":\"https:\/\/bolting.eu\/en\/shop\/\"},{\"@type\":\"ListItem\",\"position\":2,\"name\":\"Fixed Climbing\",\"item\":\"https:\/\/bolting.eu\/en\/produkt-kategorie\/fixed-climbing\/\"},{\"@type\":\"ListItem\",\"position\":3,\"name\":\"Fixe Expressschlinge Fixe Wide\"}]},{\"@type\":\"WebSite\",\"@id\":\"https:\/\/bolting.eu\/en\/#website\",\"url\":\"https:\/\/bolting.eu\/en\/\",\"name\":\"bolting.eu\",\"description\":\"we make climbs happen\",\"publisher\":{\"@id\":\"https:\/\/bolting.eu\/en\/#organization\"},\"potentialAction\":[{\"@type\":\"SearchAction\",\"target\":{\"@type\":\"EntryPoint\",\"urlTemplate\":\"https:\/\/bolting.eu\/en\/?s={search_term_string}\"},\"query-input\":{\"@type\":\"PropertyValueSpecification\",\"valueRequired\":true,\"valueName\":\"search_term_string\"}}],\"inLanguage\":\"en-US\"},{\"@type\":[\"Organization\",\"Place\",\"SportingGoodsStore\"],\"@id\":\"https:\/\/bolting.eu\/en\/#organization\",\"name\":\"bolting.eu\",\"url\":\"https:\/\/bolting.eu\/en\/\",\"logo\":{\"@id\":\"https:\/\/bolting.eu\/en\/shop\/fixe-expressschlinge-fixe-wide\/#local-main-organization-logo\"},\"image\":{\"@id\":\"https:\/\/bolting.eu\/en\/shop\/fixe-expressschlinge-fixe-wide\/#local-main-organization-logo\"},\"sameAs\":[\"https:\/\/www.facebook.com\/bolting.eu\",\"https:\/\/www.instagram.com\/bolting.eu\/\"],\"address\":{\"@id\":\"https:\/\/bolting.eu\/en\/shop\/fixe-expressschlinge-fixe-wide\/#local-main-place-address\"},\"geo\":{\"@type\":\"GeoCoordinates\",\"latitude\":\"47.264176340396226\",\"longitude\":\"11.380109057672346\"},\"telephone\":[\"+43 699 19083372\"],\"openingHoursSpecification\":[{\"@type\":\"OpeningHoursSpecification\",\"dayOfWeek\":[\"Monday\",\"Wednesday\",\"Friday\"],\"opens\":\"14:00\",\"closes\":\"18:00\"},{\"@type\":\"OpeningHoursSpecification\",\"dayOfWeek\":[\"Tuesday\",\"Thursday\",\"Saturday\",\"Sunday\"],\"opens\":\"00:00\",\"closes\":\"00:00\"}],\"email\":\"office@bolting.eu\",\"vatID\":\"ATU59999728\",\"priceRange\":\"$$\",\"currenciesAccepted\":\"Euro\"},{\"@type\":\"PostalAddress\",\"@id\":\"https:\/\/bolting.eu\/en\/shop\/fixe-expressschlinge-fixe-wide\/#local-main-place-address\",\"streetAddress\":\"Fischnalerstra\u00dfe 4\",\"addressLocality\":\"Innsbruck\",\"postalCode\":\"6020\",\"addressRegion\":\"Tirol\",\"addressCountry\":\"AT\"},{\"@type\":\"ImageObject\",\"inLanguage\":\"en-US\",\"@id\":\"https:\/\/bolting.eu\/en\/shop\/fixe-expressschlinge-fixe-wide\/#local-main-organization-logo\",\"url\":\"https:\/\/bolting.eu\/wp-content\/uploads\/2019\/09\/bolting-logo.png\",\"contentUrl\":\"https:\/\/bolting.eu\/wp-content\/uploads\/2019\/09\/bolting-logo.png\",\"width\":400,\"height\":211,\"caption\":\"bolting.eu\"}]}<\/script>\n<meta property=\"og:availability\" content=\"out of stock\" \/>\n<meta property=\"product:availability\" content=\"out of stock\" \/>\n<meta property=\"product:condition\" content=\"new\" \/>\n<meta name=\"geo.placename\" content=\"Innsbruck\" \/>\n<meta name=\"geo.position\" content=\"47.264176340396226;11.380109057672346\" \/>\n<meta name=\"geo.region\" content=\"Austria\" \/>\n<!-- \/ Yoast SEO Premium plugin. -->","yoast_head_json":{"title":"Fixe Expressschlinge Fixe Wide zm top Preis kaufen | bolting.eu","description":"Hier findet Ihr die FIXE EXPRESSSCHLINGE \"Wide\". Eine fixe Exe mit diebstahlisicherem Stahlkarabiner f\u00fcr Klettergarten & Kletterwand!","robots":{"index":"index","follow":"follow","max-snippet":"max-snippet:-1","max-image-preview":"max-image-preview:large","max-video-preview":"max-video-preview:-1"},"canonical":"https:\/\/bolting.eu\/en\/shop\/fixe-expressschlinge-fixe-wide\/","og_locale":"en_US","og_type":"article","og_title":"Fixe Expressschlinge Fixe Wide","og_description":"Hier findet Ihr die FIXE EXPRESSSCHLINGE \"Wide\". Eine fixe Exe mit diebstahlisicherem Stahlkarabiner f\u00fcr Klettergarten & Kletterwand!","og_url":"https:\/\/bolting.eu\/en\/shop\/fixe-expressschlinge-fixe-wide\/","og_site_name":"bolting.eu","article_publisher":"https:\/\/www.facebook.com\/bolting.eu","article_modified_time":"2024-04-10T11:32:33+00:00","og_image":[{"width":700,"height":700,"url":"https:\/\/bolting.eu\/wp-content\/uploads\/2020\/11\/Fixschlinge-Fixe-Wide-1.jpg","type":"image\/jpeg"}],"twitter_card":"summary_large_image","twitter_misc":{"Availability":"Out of stock"},"schema":{"@context":"https:\/\/schema.org","@graph":[{"@type":["WebPage","ItemPage"],"@id":"https:\/\/bolting.eu\/en\/shop\/fixe-expressschlinge-fixe-wide\/","url":"https:\/\/bolting.eu\/en\/shop\/fixe-expressschlinge-fixe-wide\/","name":"Fixe Expressschlinge Fixe Wide zm top Preis kaufen | bolting.eu","isPartOf":{"@id":"https:\/\/bolting.eu\/en\/#website"},"primaryImageOfPage":{"@id":"https:\/\/bolting.eu\/en\/shop\/fixe-expressschlinge-fixe-wide\/#primaryimage"},"image":{"@id":"https:\/\/bolting.eu\/en\/shop\/fixe-expressschlinge-fixe-wide\/#primaryimage"},"thumbnailUrl":"https:\/\/bolting.eu\/wp-content\/uploads\/2020\/11\/Fixschlinge-Fixe-Wide-1.jpg","datePublished":"2020-11-18T08:38:29+00:00","dateModified":"2024-04-10T11:32:33+00:00","description":"Hier findet Ihr die FIXE EXPRESSSCHLINGE \"Wide\". Eine fixe Exe mit diebstahlisicherem Stahlkarabiner f\u00fcr Klettergarten & Kletterwand!","breadcrumb":{"@id":"https:\/\/bolting.eu\/en\/shop\/fixe-expressschlinge-fixe-wide\/#breadcrumb"},"inLanguage":"en-US","potentialAction":[{"@type":"ReadAction","target":["https:\/\/bolting.eu\/en\/shop\/fixe-expressschlinge-fixe-wide\/"]}]},{"@type":"ImageObject","inLanguage":"en-US","@id":"https:\/\/bolting.eu\/en\/shop\/fixe-expressschlinge-fixe-wide\/#primaryimage","url":"https:\/\/bolting.eu\/wp-content\/uploads\/2020\/11\/Fixschlinge-Fixe-Wide-1.jpg","contentUrl":"https:\/\/bolting.eu\/wp-content\/uploads\/2020\/11\/Fixschlinge-Fixe-Wide-1.jpg","width":700,"height":700,"caption":"Das Bild zeigt zwei fixe Expressschlingen auf einem wei\u00dfem Quadrat. Die fixen Exen sind vertikal exakt in Bildmitte zu sehen, man erkennt alle Details wie das Schraubglied, die schwarze Schlinge sowie den Stahlkarabiner."},{"@type":"BreadcrumbList","@id":"https:\/\/bolting.eu\/en\/shop\/fixe-expressschlinge-fixe-wide\/#breadcrumb","itemListElement":[{"@type":"ListItem","position":1,"name":"Shop","item":"https:\/\/bolting.eu\/en\/shop\/"},{"@type":"ListItem","position":2,"name":"Fixed Climbing","item":"https:\/\/bolting.eu\/en\/produkt-kategorie\/fixed-climbing\/"},{"@type":"ListItem","position":3,"name":"Fixe Expressschlinge Fixe Wide"}]},{"@type":"WebSite","@id":"https:\/\/bolting.eu\/en\/#website","url":"https:\/\/bolting.eu\/en\/","name":"bolting.eu","description":"we make climbs happen","publisher":{"@id":"https:\/\/bolting.eu\/en\/#organization"},"potentialAction":[{"@type":"SearchAction","target":{"@type":"EntryPoint","urlTemplate":"https:\/\/bolting.eu\/en\/?s={search_term_string}"},"query-input":{"@type":"PropertyValueSpecification","valueRequired":true,"valueName":"search_term_string"}}],"inLanguage":"en-US"},{"@type":["Organization","Place","SportingGoodsStore"],"@id":"https:\/\/bolting.eu\/en\/#organization","name":"bolting.eu","url":"https:\/\/bolting.eu\/en\/","logo":{"@id":"https:\/\/bolting.eu\/en\/shop\/fixe-expressschlinge-fixe-wide\/#local-main-organization-logo"},"image":{"@id":"https:\/\/bolting.eu\/en\/shop\/fixe-expressschlinge-fixe-wide\/#local-main-organization-logo"},"sameAs":["https:\/\/www.facebook.com\/bolting.eu","https:\/\/www.instagram.com\/bolting.eu\/"],"address":{"@id":"https:\/\/bolting.eu\/en\/shop\/fixe-expressschlinge-fixe-wide\/#local-main-place-address"},"geo":{"@type":"GeoCoordinates","latitude":"47.264176340396226","longitude":"11.380109057672346"},"telephone":["+43 699 19083372"],"openingHoursSpecification":[{"@type":"OpeningHoursSpecification","dayOfWeek":["Monday","Wednesday","Friday"],"opens":"14:00","closes":"18:00"},{"@type":"OpeningHoursSpecification","dayOfWeek":["Tuesday","Thursday","Saturday","Sunday"],"opens":"00:00","closes":"00:00"}],"email":"office@bolting.eu","vatID":"ATU59999728","priceRange":"$$","currenciesAccepted":"Euro"},{"@type":"PostalAddress","@id":"https:\/\/bolting.eu\/en\/shop\/fixe-expressschlinge-fixe-wide\/#local-main-place-address","streetAddress":"Fischnalerstra\u00dfe 4","addressLocality":"Innsbruck","postalCode":"6020","addressRegion":"Tirol","addressCountry":"AT"},{"@type":"ImageObject","inLanguage":"en-US","@id":"https:\/\/bolting.eu\/en\/shop\/fixe-expressschlinge-fixe-wide\/#local-main-organization-logo","url":"https:\/\/bolting.eu\/wp-content\/uploads\/2019\/09\/bolting-logo.png","contentUrl":"https:\/\/bolting.eu\/wp-content\/uploads\/2019\/09\/bolting-logo.png","width":400,"height":211,"caption":"bolting.eu"}]},"og_availability":"out of stock","product_availability":"out of stock","product_condition":"new","geo.placename":"Innsbruck","geo.position":{"lat":"47.264176340396226","long":"11.380109057672346"},"geo.region":"Austria"},"_links":{"self":[{"href":"https:\/\/bolting.eu\/en\/wp-json\/wp\/v2\/product\/6157","targetHints":{"allow":["GET"]}}],"collection":[{"href":"https:\/\/bolting.eu\/en\/wp-json\/wp\/v2\/product"}],"about":[{"href":"https:\/\/bolting.eu\/en\/wp-json\/wp\/v2\/types\/product"}],"replies":[{"embeddable":true,"href":"https:\/\/bolting.eu\/en\/wp-json\/wp\/v2\/comments?post=6157"}],"wp:featuredmedia":[{"embeddable":true,"href":"https:\/\/bolting.eu\/en\/wp-json\/wp\/v2\/media\/6159"}],"wp:attachment":[{"href":"https:\/\/bolting.eu\/en\/wp-json\/wp\/v2\/media?parent=6157"}],"wp:term":[{"taxonomy":"product_brand","embeddable":true,"href":"https:\/\/bolting.eu\/en\/wp-json\/wp\/v2\/product_brand?post=6157"},{"taxonomy":"product_cat","embeddable":true,"href":"https:\/\/bolting.eu\/en\/wp-json\/wp\/v2\/product_cat?post=6157"},{"taxonomy":"product_tag","embeddable":true,"href":"https:\/\/bolting.eu\/en\/wp-json\/wp\/v2\/product_tag?post=6157"}],"curies":[{"name":"wp","href":"https:\/\/api.w.org\/{rel}","templated":true}]}}