{"id":6154,"date":"2020-11-17T19:16:05","date_gmt":"2020-11-17T18:16:05","guid":{"rendered":"https:\/\/bolting.eu\/?post_type=product&#038;p=6154"},"modified":"2025-05-21T15:14:40","modified_gmt":"2025-05-21T13:14:40","slug":"fixe-multi-chain-pro-light","status":"publish","type":"product","link":"https:\/\/bolting.eu\/en\/shop\/fixe-multi-chain-pro-light\/","title":{"rendered":"Fixe Multi Chain Pro light"},"content":{"rendered":"<p>Die Fixe Multi Chain Pro light ist eine klasse Daisy f\u00fcr die klassische Selbstsicherung am <a href=\"https:\/\/bolting.eu\/produkt-kategorie\/umlenker-kettenstand\/\">Umlenker-Kettenstand<\/a>. Z.B. beim Umf\u00e4deln oder bei Mehrseill\u00e4ngen.<\/p>\n<p>Denn sie ist zum einen sehr leicht. Sie wiegt gerade mal 58 Gramm. Zum anderen besteht sie aus einzelnen Ringen mit enormer Bruchlast. D.h. sie ist auch ideal f\u00fcr Abseilman\u00f6ver und im Notfall taugt sie sogar als Ausgleichsverankerung.<\/p>\n<p>Kurzum. Die Multi Chain Pro light von Fixe ist ein Gegenstand f\u00fcr die Sportkletterausr\u00fcstung. \u00dcbrigens! Es gibt neben der leichten Bauweise gibt es auch das robustere und l\u00e4ngere <a href=\"https:\/\/bolting.eu\/shop\/fixe-multi-chain-pro\/\">Modell Multi Chain Pro<\/a> f\u00fcr\u00b4s alpine Klettern.<\/p>\n<h2>Eigenschaften Fixe Multi Chain Pro<\/h2>\n<ul>\n<li>Hersteller: <a href=\"https:\/\/bolting.eu\/produkt-kategorie\/fixe-climbing\/\">Fixe Climbing<\/a><\/li>\n<li>Material: Dyneema<\/li>\n<li>L\u00e4nge: 72cm<\/li>\n<li>Breite: 10mm<\/li>\n<li>Gewicht: 58 Gramm<\/li>\n<li>Normen: EN 566, UIAA 104<\/li>\n<li>Bruchlast: 22kN<\/li>\n<\/ul>\n<h3>Fixe Multi Chain Pro light als Daisy Chain &#8211; Selbstsicherungsschlinge<\/h3>\n<p>Diese Schlinge kann aufgrund der einzelnen Ringe perfekt als Selbstischerungsschlinge verwendet werden. Beispielsweise f\u00fcr Klettersteige oder beim Klettern. Einfach das schmale und andersf\u00e4rbige Ende mit einem Ankerstich am Gurt befestigen. Dann einen <a href=\"https:\/\/bolting.eu\/produkt-kategorie\/karabiner-kletterkarabiner\/\">Karabiner<\/a> wie z.B. Schrauber oder Twist Lock in den gew\u00fcnschten Ring und fertig ist die Selbstsicherung!<\/p>\n<h3>Verwendung als Standplatzschlinge<\/h3>\n<p>Die Fixe Multi Chain Pro light kann notfalls auch an Standpl\u00e4tzen verwendet werden. Denn mit den einzelnen Ringen l\u00e4sst sich im Nu eine Ausgleichsverankerung oder Serienschaltung bauen. Die 22kN Bruchlast halten dabei auch den schwersten Nachsteiger aus. Allerdings schr\u00e4nkt die L\u00e4nge von nur 72cm diese Funktion deutlich ein. Im Grunde funktioniert dies nur bei zwei eng zusammen liegenden Bohrhaken.<\/p>\n<p>Wer diese Funktion oft und auch im Alpinen nutzen will. Nehmt die lange Version Multi Chain Pro!<\/p>\n<p>Bitte \u00fcbt den korrekten Bau dieser Verankerungen. Denn es geh\u00f6rt etwas \u00dcbersicht und Erfahrung dazu. Wichtig. Die Enden immer mit <a href=\"https:\/\/bolting.eu\/produkt-kategorie\/karabiner-kletterkarabiner\/schraubkarabiner\/\">Schraubkarabinern<\/a> an den Fixpunkten festmachen!<\/p>\n<h3>Fixe Multi Chain Pro light als Trittschlinge<\/h3>\n<p>Ihr kommt bei einer schweren Stelle nicht weiter? Dann k\u00f6nnt ihr die Multi Chain als trickreiches Hilfsmittel verwenden. Einfach mit der Einbindeschlaufe nach unten passend am Fixpunkt einh\u00e4ngen. Passend hei\u00dft so, dass man hoch mit dem Bein in der Anbindeschlaufe &#8220;ansteigen&#8221; kann. So hat man jederzeit einen perfekten k\u00fcnstlichen Tritt!<\/p>\n<h4><strong>Link Tipp<\/strong><\/h4>\n<p>Hier findet Ihr ein <a href=\"https:\/\/www.youtube.com\/watch?v=iyD4CZUGg3w\" target=\"_blank\" rel=\"noopener noreferrer\">Erkl\u00e4rungsvideo<\/a> f\u00fcr eine Multi Chain eines anderen Herstellers. Dort werden alle Anwendungsbereiche sehr gut erkl\u00e4rt. Achtung: die Einbindemethode in den Gurt ist dort etwas anders!<\/p>\n","protected":false},"excerpt":{"rendered":"<ul>\n<li>Hersteller: Fixe Climbing<\/li>\n<li>Material: Dyneema<\/li>\n<li>L\u00e4nge: 72cm<\/li>\n<li>Breite: 10mm<\/li>\n<li>Gewicht: 58 Gramm<\/li>\n<li>Normen: EN 566, UIAA 104<\/li>\n<li>Bruchlast: 22kN<\/li>\n<\/ul>\n","protected":false},"featured_media":6155,"comment_status":"open","ping_status":"closed","template":"","meta":[],"product_brand":[],"product_cat":[29,31,8207,259,14739,4665],"product_tag":[],"class_list":{"0":"post-6154","1":"product","2":"type-product","3":"status-publish","4":"has-post-thumbnail","6":"product_cat-kletterausruestung","7":"product_cat-big-wall-ausruestung","8":"product_cat-daisy-chain-klettern","9":"product_cat-bandschlinge","10":"product_cat-selbstsicherungsschlinge","11":"product_cat-fixe-climbing","13":"first","14":"outofstock","15":"taxable","16":"shipping-taxable","17":"purchasable","18":"product-type-simple"},"yoast_head":"<!-- This site is optimized with the Yoast SEO Premium plugin v26.9 (Yoast SEO v26.9) - https:\/\/yoast.com\/product\/yoast-seo-premium-wordpress\/ -->\n<title>Fixe Multi Chain Pro light Selbstsicherungsschlinge kaufen | bolting.eu<\/title>\n<meta name=\"description\" content=\"Hier findest du die Fixe Multi Chain Pro light beim Kletterprofi bolting.eu. Eine robuste Dyneema Selbstsicherungsschlinge &amp; Daisy in einem!\" \/>\n<meta name=\"robots\" content=\"index, follow, max-snippet:-1, max-image-preview:large, max-video-preview:-1\" \/>\n<link rel=\"canonical\" href=\"https:\/\/bolting.eu\/en\/shop\/fixe-multi-chain-pro-light\/\" \/>\n<meta property=\"og:locale\" content=\"en_US\" \/>\n<meta property=\"og:type\" content=\"article\" \/>\n<meta property=\"og:title\" content=\"Fixe Multi Chain Pro light\" \/>\n<meta property=\"og:description\" content=\"Hier findest du die Fixe Multi Chain Pro light beim Kletterprofi bolting.eu. Eine robuste Dyneema Selbstsicherungsschlinge &amp; Daisy in einem!\" \/>\n<meta property=\"og:url\" content=\"https:\/\/bolting.eu\/en\/shop\/fixe-multi-chain-pro-light\/\" \/>\n<meta property=\"og:site_name\" content=\"bolting.eu\" \/>\n<meta property=\"article:publisher\" content=\"https:\/\/www.facebook.com\/bolting.eu\" \/>\n<meta property=\"article:modified_time\" content=\"2025-05-21T13:14:40+00:00\" \/>\n<meta property=\"og:image\" content=\"https:\/\/bolting.eu\/wp-content\/uploads\/2020\/11\/Fixe-Multi-Chain-Pro-light-1.jpg\" \/>\n\t<meta property=\"og:image:width\" content=\"700\" \/>\n\t<meta property=\"og:image:height\" content=\"700\" \/>\n\t<meta property=\"og:image:type\" content=\"image\/jpeg\" \/>\n<meta name=\"twitter:card\" content=\"summary_large_image\" \/>\n<meta name=\"twitter:label1\" content=\"Price\" \/>\n\t<meta name=\"twitter:data1\" content=\"&euro;&nbsp;29,90\" \/>\n\t<meta name=\"twitter:label2\" content=\"Availability\" \/>\n\t<meta name=\"twitter:data2\" content=\"Out of stock\" \/>\n<script type=\"application\/ld+json\" class=\"yoast-schema-graph\">{\"@context\":\"https:\/\/schema.org\",\"@graph\":[{\"@type\":[\"WebPage\",\"ItemPage\"],\"@id\":\"https:\/\/bolting.eu\/en\/shop\/fixe-multi-chain-pro-light\/\",\"url\":\"https:\/\/bolting.eu\/en\/shop\/fixe-multi-chain-pro-light\/\",\"name\":\"Fixe Multi Chain Pro light Selbstsicherungsschlinge kaufen | bolting.eu\",\"isPartOf\":{\"@id\":\"https:\/\/bolting.eu\/en\/#website\"},\"primaryImageOfPage\":{\"@id\":\"https:\/\/bolting.eu\/en\/shop\/fixe-multi-chain-pro-light\/#primaryimage\"},\"image\":{\"@id\":\"https:\/\/bolting.eu\/en\/shop\/fixe-multi-chain-pro-light\/#primaryimage\"},\"thumbnailUrl\":\"https:\/\/bolting.eu\/wp-content\/uploads\/2020\/11\/Fixe-Multi-Chain-Pro-light-1.jpg\",\"datePublished\":\"2020-11-17T18:16:05+00:00\",\"dateModified\":\"2025-05-21T13:14:40+00:00\",\"description\":\"Hier findest du die Fixe Multi Chain Pro light beim Kletterprofi bolting.eu. Eine robuste Dyneema Selbstsicherungsschlinge & Daisy in einem!\",\"breadcrumb\":{\"@id\":\"https:\/\/bolting.eu\/en\/shop\/fixe-multi-chain-pro-light\/#breadcrumb\"},\"inLanguage\":\"en-US\",\"potentialAction\":[{\"@type\":\"ReadAction\",\"target\":[\"https:\/\/bolting.eu\/en\/shop\/fixe-multi-chain-pro-light\/\"]}]},{\"@type\":\"ImageObject\",\"inLanguage\":\"en-US\",\"@id\":\"https:\/\/bolting.eu\/en\/shop\/fixe-multi-chain-pro-light\/#primaryimage\",\"url\":\"https:\/\/bolting.eu\/wp-content\/uploads\/2020\/11\/Fixe-Multi-Chain-Pro-light-1.jpg\",\"contentUrl\":\"https:\/\/bolting.eu\/wp-content\/uploads\/2020\/11\/Fixe-Multi-Chain-Pro-light-1.jpg\",\"width\":700,\"height\":700,\"caption\":\"Das Bild zeigt die Fixe Multi Chain Pro light Daisy Chain auf einem wei\u00dfem Quadrat. Die grellgr\u00fcne-wei\u00df-t\u00fcrkise Selbstsicherungsschlinge liegt in einem Bogen und horizontal im Bild. Man erkennt ihre Funktionsweise und die einzelnen Ringe.\"},{\"@type\":\"BreadcrumbList\",\"@id\":\"https:\/\/bolting.eu\/en\/shop\/fixe-multi-chain-pro-light\/#breadcrumb\",\"itemListElement\":[{\"@type\":\"ListItem\",\"position\":1,\"name\":\"Shop\",\"item\":\"https:\/\/bolting.eu\/en\/shop\/\"},{\"@type\":\"ListItem\",\"position\":2,\"name\":\"climbing equipment\",\"item\":\"https:\/\/bolting.eu\/en\/produkt-kategorie\/climbing-equipment\/\"},{\"@type\":\"ListItem\",\"position\":3,\"name\":\"Selbstsicherungsschlinge\",\"item\":\"https:\/\/bolting.eu\/produkt-kategorie\/kletterausruestung\/selbstsicherungsschlinge\/\"},{\"@type\":\"ListItem\",\"position\":4,\"name\":\"Fixe Multi Chain Pro light\"}]},{\"@type\":\"WebSite\",\"@id\":\"https:\/\/bolting.eu\/en\/#website\",\"url\":\"https:\/\/bolting.eu\/en\/\",\"name\":\"bolting.eu\",\"description\":\"we make climbs happen\",\"publisher\":{\"@id\":\"https:\/\/bolting.eu\/en\/#organization\"},\"potentialAction\":[{\"@type\":\"SearchAction\",\"target\":{\"@type\":\"EntryPoint\",\"urlTemplate\":\"https:\/\/bolting.eu\/en\/?s={search_term_string}\"},\"query-input\":{\"@type\":\"PropertyValueSpecification\",\"valueRequired\":true,\"valueName\":\"search_term_string\"}}],\"inLanguage\":\"en-US\"},{\"@type\":[\"Organization\",\"Place\",\"SportingGoodsStore\"],\"@id\":\"https:\/\/bolting.eu\/en\/#organization\",\"name\":\"bolting.eu\",\"url\":\"https:\/\/bolting.eu\/en\/\",\"logo\":{\"@id\":\"https:\/\/bolting.eu\/en\/shop\/fixe-multi-chain-pro-light\/#local-main-organization-logo\"},\"image\":{\"@id\":\"https:\/\/bolting.eu\/en\/shop\/fixe-multi-chain-pro-light\/#local-main-organization-logo\"},\"sameAs\":[\"https:\/\/www.facebook.com\/bolting.eu\",\"https:\/\/www.instagram.com\/bolting.eu\/\"],\"address\":{\"@id\":\"https:\/\/bolting.eu\/en\/shop\/fixe-multi-chain-pro-light\/#local-main-place-address\"},\"geo\":{\"@type\":\"GeoCoordinates\",\"latitude\":\"47.264176340396226\",\"longitude\":\"11.380109057672346\"},\"telephone\":[\"+43 699 19083372\"],\"openingHoursSpecification\":[{\"@type\":\"OpeningHoursSpecification\",\"dayOfWeek\":[\"Monday\",\"Wednesday\",\"Friday\"],\"opens\":\"14:00\",\"closes\":\"18:00\"},{\"@type\":\"OpeningHoursSpecification\",\"dayOfWeek\":[\"Tuesday\",\"Thursday\",\"Saturday\",\"Sunday\"],\"opens\":\"00:00\",\"closes\":\"00:00\"}],\"email\":\"office@bolting.eu\",\"vatID\":\"ATU59999728\",\"priceRange\":\"$$\",\"currenciesAccepted\":\"Euro\"},{\"@type\":\"PostalAddress\",\"@id\":\"https:\/\/bolting.eu\/en\/shop\/fixe-multi-chain-pro-light\/#local-main-place-address\",\"streetAddress\":\"Fischnalerstra\u00dfe 4\",\"addressLocality\":\"Innsbruck\",\"postalCode\":\"6020\",\"addressRegion\":\"Tirol\",\"addressCountry\":\"AT\"},{\"@type\":\"ImageObject\",\"inLanguage\":\"en-US\",\"@id\":\"https:\/\/bolting.eu\/en\/shop\/fixe-multi-chain-pro-light\/#local-main-organization-logo\",\"url\":\"https:\/\/bolting.eu\/wp-content\/uploads\/2019\/09\/bolting-logo.png\",\"contentUrl\":\"https:\/\/bolting.eu\/wp-content\/uploads\/2019\/09\/bolting-logo.png\",\"width\":400,\"height\":211,\"caption\":\"bolting.eu\"}]}<\/script>\n<meta property=\"product:price:amount\" content=\"29.90\" \/>\n<meta property=\"product:price:currency\" content=\"EUR\" \/>\n<meta property=\"og:availability\" content=\"out of stock\" \/>\n<meta property=\"product:availability\" content=\"out of stock\" \/>\n<meta property=\"product:retailer_item_id\" content=\"A00490\" \/>\n<meta property=\"product:condition\" content=\"new\" \/>\n<meta name=\"geo.placename\" content=\"Innsbruck\" \/>\n<meta name=\"geo.position\" content=\"47.264176340396226;11.380109057672346\" \/>\n<meta name=\"geo.region\" content=\"Austria\" \/>\n<!-- \/ Yoast SEO Premium plugin. -->","yoast_head_json":{"title":"Fixe Multi Chain Pro light Selbstsicherungsschlinge kaufen | bolting.eu","description":"Hier findest du die Fixe Multi Chain Pro light beim Kletterprofi bolting.eu. Eine robuste Dyneema Selbstsicherungsschlinge & Daisy in einem!","robots":{"index":"index","follow":"follow","max-snippet":"max-snippet:-1","max-image-preview":"max-image-preview:large","max-video-preview":"max-video-preview:-1"},"canonical":"https:\/\/bolting.eu\/en\/shop\/fixe-multi-chain-pro-light\/","og_locale":"en_US","og_type":"article","og_title":"Fixe Multi Chain Pro light","og_description":"Hier findest du die Fixe Multi Chain Pro light beim Kletterprofi bolting.eu. Eine robuste Dyneema Selbstsicherungsschlinge & Daisy in einem!","og_url":"https:\/\/bolting.eu\/en\/shop\/fixe-multi-chain-pro-light\/","og_site_name":"bolting.eu","article_publisher":"https:\/\/www.facebook.com\/bolting.eu","article_modified_time":"2025-05-21T13:14:40+00:00","og_image":[{"width":700,"height":700,"url":"https:\/\/bolting.eu\/wp-content\/uploads\/2020\/11\/Fixe-Multi-Chain-Pro-light-1.jpg","type":"image\/jpeg"}],"twitter_card":"summary_large_image","twitter_misc":{"Price":"&euro;&nbsp;29,90","Availability":"Out of stock"},"schema":{"@context":"https:\/\/schema.org","@graph":[{"@type":["WebPage","ItemPage"],"@id":"https:\/\/bolting.eu\/en\/shop\/fixe-multi-chain-pro-light\/","url":"https:\/\/bolting.eu\/en\/shop\/fixe-multi-chain-pro-light\/","name":"Fixe Multi Chain Pro light Selbstsicherungsschlinge kaufen | bolting.eu","isPartOf":{"@id":"https:\/\/bolting.eu\/en\/#website"},"primaryImageOfPage":{"@id":"https:\/\/bolting.eu\/en\/shop\/fixe-multi-chain-pro-light\/#primaryimage"},"image":{"@id":"https:\/\/bolting.eu\/en\/shop\/fixe-multi-chain-pro-light\/#primaryimage"},"thumbnailUrl":"https:\/\/bolting.eu\/wp-content\/uploads\/2020\/11\/Fixe-Multi-Chain-Pro-light-1.jpg","datePublished":"2020-11-17T18:16:05+00:00","dateModified":"2025-05-21T13:14:40+00:00","description":"Hier findest du die Fixe Multi Chain Pro light beim Kletterprofi bolting.eu. Eine robuste Dyneema Selbstsicherungsschlinge & Daisy in einem!","breadcrumb":{"@id":"https:\/\/bolting.eu\/en\/shop\/fixe-multi-chain-pro-light\/#breadcrumb"},"inLanguage":"en-US","potentialAction":[{"@type":"ReadAction","target":["https:\/\/bolting.eu\/en\/shop\/fixe-multi-chain-pro-light\/"]}]},{"@type":"ImageObject","inLanguage":"en-US","@id":"https:\/\/bolting.eu\/en\/shop\/fixe-multi-chain-pro-light\/#primaryimage","url":"https:\/\/bolting.eu\/wp-content\/uploads\/2020\/11\/Fixe-Multi-Chain-Pro-light-1.jpg","contentUrl":"https:\/\/bolting.eu\/wp-content\/uploads\/2020\/11\/Fixe-Multi-Chain-Pro-light-1.jpg","width":700,"height":700,"caption":"Das Bild zeigt die Fixe Multi Chain Pro light Daisy Chain auf einem wei\u00dfem Quadrat. Die grellgr\u00fcne-wei\u00df-t\u00fcrkise Selbstsicherungsschlinge liegt in einem Bogen und horizontal im Bild. Man erkennt ihre Funktionsweise und die einzelnen Ringe."},{"@type":"BreadcrumbList","@id":"https:\/\/bolting.eu\/en\/shop\/fixe-multi-chain-pro-light\/#breadcrumb","itemListElement":[{"@type":"ListItem","position":1,"name":"Shop","item":"https:\/\/bolting.eu\/en\/shop\/"},{"@type":"ListItem","position":2,"name":"climbing equipment","item":"https:\/\/bolting.eu\/en\/produkt-kategorie\/climbing-equipment\/"},{"@type":"ListItem","position":3,"name":"Selbstsicherungsschlinge","item":"https:\/\/bolting.eu\/produkt-kategorie\/kletterausruestung\/selbstsicherungsschlinge\/"},{"@type":"ListItem","position":4,"name":"Fixe Multi Chain Pro light"}]},{"@type":"WebSite","@id":"https:\/\/bolting.eu\/en\/#website","url":"https:\/\/bolting.eu\/en\/","name":"bolting.eu","description":"we make climbs happen","publisher":{"@id":"https:\/\/bolting.eu\/en\/#organization"},"potentialAction":[{"@type":"SearchAction","target":{"@type":"EntryPoint","urlTemplate":"https:\/\/bolting.eu\/en\/?s={search_term_string}"},"query-input":{"@type":"PropertyValueSpecification","valueRequired":true,"valueName":"search_term_string"}}],"inLanguage":"en-US"},{"@type":["Organization","Place","SportingGoodsStore"],"@id":"https:\/\/bolting.eu\/en\/#organization","name":"bolting.eu","url":"https:\/\/bolting.eu\/en\/","logo":{"@id":"https:\/\/bolting.eu\/en\/shop\/fixe-multi-chain-pro-light\/#local-main-organization-logo"},"image":{"@id":"https:\/\/bolting.eu\/en\/shop\/fixe-multi-chain-pro-light\/#local-main-organization-logo"},"sameAs":["https:\/\/www.facebook.com\/bolting.eu","https:\/\/www.instagram.com\/bolting.eu\/"],"address":{"@id":"https:\/\/bolting.eu\/en\/shop\/fixe-multi-chain-pro-light\/#local-main-place-address"},"geo":{"@type":"GeoCoordinates","latitude":"47.264176340396226","longitude":"11.380109057672346"},"telephone":["+43 699 19083372"],"openingHoursSpecification":[{"@type":"OpeningHoursSpecification","dayOfWeek":["Monday","Wednesday","Friday"],"opens":"14:00","closes":"18:00"},{"@type":"OpeningHoursSpecification","dayOfWeek":["Tuesday","Thursday","Saturday","Sunday"],"opens":"00:00","closes":"00:00"}],"email":"office@bolting.eu","vatID":"ATU59999728","priceRange":"$$","currenciesAccepted":"Euro"},{"@type":"PostalAddress","@id":"https:\/\/bolting.eu\/en\/shop\/fixe-multi-chain-pro-light\/#local-main-place-address","streetAddress":"Fischnalerstra\u00dfe 4","addressLocality":"Innsbruck","postalCode":"6020","addressRegion":"Tirol","addressCountry":"AT"},{"@type":"ImageObject","inLanguage":"en-US","@id":"https:\/\/bolting.eu\/en\/shop\/fixe-multi-chain-pro-light\/#local-main-organization-logo","url":"https:\/\/bolting.eu\/wp-content\/uploads\/2019\/09\/bolting-logo.png","contentUrl":"https:\/\/bolting.eu\/wp-content\/uploads\/2019\/09\/bolting-logo.png","width":400,"height":211,"caption":"bolting.eu"}]},"product_price_amount":"29.90","product_price_currency":"EUR","og_availability":"out of stock","product_availability":"out of stock","product_retailer_item_id":"A00490","product_condition":"new","geo.placename":"Innsbruck","geo.position":{"lat":"47.264176340396226","long":"11.380109057672346"},"geo.region":"Austria"},"_links":{"self":[{"href":"https:\/\/bolting.eu\/en\/wp-json\/wp\/v2\/product\/6154","targetHints":{"allow":["GET"]}}],"collection":[{"href":"https:\/\/bolting.eu\/en\/wp-json\/wp\/v2\/product"}],"about":[{"href":"https:\/\/bolting.eu\/en\/wp-json\/wp\/v2\/types\/product"}],"replies":[{"embeddable":true,"href":"https:\/\/bolting.eu\/en\/wp-json\/wp\/v2\/comments?post=6154"}],"wp:featuredmedia":[{"embeddable":true,"href":"https:\/\/bolting.eu\/en\/wp-json\/wp\/v2\/media\/6155"}],"wp:attachment":[{"href":"https:\/\/bolting.eu\/en\/wp-json\/wp\/v2\/media?parent=6154"}],"wp:term":[{"taxonomy":"product_brand","embeddable":true,"href":"https:\/\/bolting.eu\/en\/wp-json\/wp\/v2\/product_brand?post=6154"},{"taxonomy":"product_cat","embeddable":true,"href":"https:\/\/bolting.eu\/en\/wp-json\/wp\/v2\/product_cat?post=6154"},{"taxonomy":"product_tag","embeddable":true,"href":"https:\/\/bolting.eu\/en\/wp-json\/wp\/v2\/product_tag?post=6154"}],"curies":[{"name":"wp","href":"https:\/\/api.w.org\/{rel}","templated":true}]}}