{"id":6150,"date":"2020-11-17T19:00:54","date_gmt":"2020-11-17T18:00:54","guid":{"rendered":"https:\/\/bolting.eu\/?post_type=product&#038;p=6150"},"modified":"2026-04-08T07:40:28","modified_gmt":"2026-04-08T05:40:28","slug":"fixe-multi-chain","status":"publish","type":"product","link":"https:\/\/bolting.eu\/en\/shop\/fixe-multi-chain\/","title":{"rendered":"Fixe Multi Chain"},"content":{"rendered":"<p>Die Fixe Multi Chain ist eine vielseitige Bandschlinge. Denn sie kann auf vielerlei Arten eigesetzt werden. Das ist aufgrund der Bauweise mit alles separaten Ringen zur\u00fcck zu f\u00fchren. Dies erlaubt n\u00e4mlich folgende Anwendungen.<\/p>\n<p>Erstens als Daisy Chain f\u00fcr die klassische <a href=\"https:\/\/bolting.eu\/produkt-kategorie\/kletterausruestung\/selbstsicherungsschlinge\/\">Selbstsicherungschlinge<\/a> am <a href=\"https:\/\/bolting.eu\/produkt-kategorie\/umlenker-kettenstand\/\">Umlenker-Kettenstand<\/a>. Zweitens kann sie als Standplatzschlinge genutzt werden. Und drittens macht sie auch als &#8220;Trittleiter&#8221; eine gute Figur.<\/p>\n<p>Es gibt sie in den L\u00e4ngen 60cm und 90cm.<\/p>\n<h2>Eigenschaften Fixe Multi Chain Pro<\/h2>\n<ul>\n<li>Hersteller: <a href=\"https:\/\/bolting.eu\/produkt-kategorie\/fixe-climbing\/\">Fixe Climbing<\/a><\/li>\n<li>Material: Dyneema<\/li>\n<li>L\u00e4nge: 60cm (kleine Personen) oder 90cm (gro\u00dfe Personen)<\/li>\n<li>Breite: 10mm<\/li>\n<li>Gewicht: 70 bzw. 100 Gramm<\/li>\n<li>Normen: EN 566, UIAA 104<\/li>\n<li>Bruchlast: 22kN<\/li>\n<li>Wird mit Ankerstich am <a href=\"https:\/\/bolting.eu\/produkt-kategorie\/kletterausruestung\/klettergurte\/\">Klettergurt<\/a> befestigt<\/li>\n<\/ul>\n<h3>Fixe Multi Chain als Daisy Chain &#8211; Selbstsicherungsschlinge<\/h3>\n<p>Diese Schlinge kann aufgrund der einzelnen Ringe perfekt als Selbstischerungsschlinge verwendet werden. Beispielsweise f\u00fcr Klettersteige oder beim Klettern. Einfach das schmale und andersf\u00e4rbige Ende mit einem Ankerstich am Gurt befestigen. Dann einen <a href=\"https:\/\/bolting.eu\/produkt-kategorie\/karabiner-kletterkarabiner\/\">Karabiner<\/a> wie z.B. Schrauber oder Twist Lock in den gew\u00fcnschten Ring und fertig ist die Selbstsicherung!<\/p>\n<h3>Verwendung als Standplatzschlinge<\/h3>\n<p>Die Fixe Multi Chain kann auch an Standpl\u00e4tzen verwendet werden. Denn mit den einzelnen Ringen l\u00e4sst sich im Nu eine Ausgleichsverankerung oder Serienschaltung bauen. Die 22kN Bruchlast halten dabei auch den schwersten Nachsteiger aus.<\/p>\n<p>Bitte \u00fcbt den korrekten Bau dieser Verankerungen. Denn es geh\u00f6rt etwas \u00dcbersicht und Erfahrung dazu. Wichtig. Die Enden immer mit <a href=\"https:\/\/bolting.eu\/produkt-kategorie\/karabiner-kletterkarabiner\/schraubkarabiner\/\">Schraubkarabinern<\/a> an den Fixpunkten festmachen!<\/p>\n<h3>Fixe Multi Chain als Trittschlinge<\/h3>\n<p>Ihr kommt bei einer schweren Stelle nicht weiter? Dann k\u00f6nnt ihr diese Daisy als trickreiches Hilfsmittel verwenden. Einfach mit der Einbindeschlaufe nach unten passend am Fixpunkt einh\u00e4ngen. Passend hei\u00dft so, dass man hoch mit dem Bein in der Anbindeschlaufe &#8220;ansteigen&#8221; kann. So hat man jederzeit einen perfekten k\u00fcnstlichen Tritt!<\/p>\n<h4><strong>Link Tipp<\/strong><\/h4>\n<p>Hier findet Ihr ein <a href=\"https:\/\/www.youtube.com\/watch?v=iyD4CZUGg3w\" target=\"_blank\" rel=\"noopener noreferrer\">Erkl\u00e4rungsvideo<\/a> f\u00fcr eine Multi Chain eines anderen Herstellers. Dort werden alle Anwendungsbereiche sehr gut erkl\u00e4rt. Achtung: die Einbindemethode in den Gurt ist dort etwas anders!<\/p>\n","protected":false},"excerpt":{"rendered":"<p>Vielseitige Daisy Chain als Selbstsicherungs-, Standplatz oder Trittschlinge.<\/p>\n<p>Erh\u00e4ltlich mit 60cm f\u00fcr kleine oder 90cm f\u00fcr gro\u00dfe Personen.<\/p>\n<p>Versandkostenfrei bis 2kg in <img decoding=\"async\" class=\"emoji\" role=\"img\" draggable=\"false\" src=\"https:\/\/s.w.org\/images\/core\/emoji\/14.0.0\/svg\/1f1e6-1f1f9.svg\" alt=\"\ud83c\udde6\ud83c\uddf9\" \/> ab \u20ac 100,- und <img decoding=\"async\" class=\"emoji\" role=\"img\" draggable=\"false\" src=\"https:\/\/s.w.org\/images\/core\/emoji\/14.0.0\/svg\/1f1e9-1f1ea.svg\" alt=\"\ud83c\udde9\ud83c\uddea\" \/> ab \u20ac 200,-!<\/p>\n","protected":false},"featured_media":33037,"comment_status":"open","ping_status":"closed","template":"","meta":[],"product_brand":[],"product_cat":[259,31,8207,4665,29,14739],"product_tag":[],"class_list":{"0":"post-6150","1":"product","2":"type-product","3":"status-publish","4":"has-post-thumbnail","6":"product_cat-bandschlinge","7":"product_cat-big-wall-ausruestung","8":"product_cat-daisy-chain-klettern","9":"product_cat-fixe-climbing","10":"product_cat-kletterausruestung","11":"product_cat-selbstsicherungsschlinge","13":"first","14":"instock","15":"taxable","16":"shipping-taxable","17":"purchasable","18":"product-type-variable"},"yoast_head":"<!-- This site is optimized with the Yoast SEO Premium plugin v26.9 (Yoast SEO v26.9) - https:\/\/yoast.com\/product\/yoast-seo-premium-wordpress\/ -->\n<title>Fixe Multi Chain Standplatzschlinge - Daisy Chain kaufen | bolting.eu<\/title>\n<meta name=\"description\" content=\"Fixe Multi Chain beim Kletterprofi kaufen \u2705 Trusted Shop \u2705 kostenloser Versand* \u2705 14 Tage R\u00fcckgaberecht \u2705 Co2 neutrale Zustellung\" \/>\n<meta name=\"robots\" content=\"index, follow, max-snippet:-1, max-image-preview:large, max-video-preview:-1\" \/>\n<link rel=\"canonical\" href=\"https:\/\/bolting.eu\/en\/shop\/fixe-multi-chain\/\" \/>\n<meta property=\"og:locale\" content=\"en_US\" \/>\n<meta property=\"og:type\" content=\"article\" \/>\n<meta property=\"og:title\" content=\"Fixe Multi Chain\" \/>\n<meta property=\"og:description\" content=\"Fixe Multi Chain beim Kletterprofi kaufen \u2705 Trusted Shop \u2705 kostenloser Versand* \u2705 14 Tage R\u00fcckgaberecht \u2705 Co2 neutrale Zustellung\" \/>\n<meta property=\"og:url\" content=\"https:\/\/bolting.eu\/en\/shop\/fixe-multi-chain\/\" \/>\n<meta property=\"og:site_name\" content=\"bolting.eu\" \/>\n<meta property=\"article:publisher\" content=\"https:\/\/www.facebook.com\/bolting.eu\" \/>\n<meta property=\"article:modified_time\" content=\"2026-04-08T05:40:28+00:00\" \/>\n<meta property=\"og:image\" content=\"https:\/\/bolting.eu\/wp-content\/uploads\/2020\/11\/Fixe-Multi-Chain-90cm.jpg\" \/>\n\t<meta property=\"og:image:width\" content=\"700\" \/>\n\t<meta property=\"og:image:height\" content=\"700\" \/>\n\t<meta property=\"og:image:type\" content=\"image\/jpeg\" \/>\n<meta name=\"twitter:card\" content=\"summary_large_image\" \/>\n<meta name=\"twitter:label1\" content=\"Availability\" \/>\n\t<meta name=\"twitter:data1\" content=\"In stock\" \/>\n<script type=\"application\/ld+json\" class=\"yoast-schema-graph\">{\"@context\":\"https:\/\/schema.org\",\"@graph\":[{\"@type\":[\"WebPage\",\"ItemPage\"],\"@id\":\"https:\/\/bolting.eu\/en\/shop\/fixe-multi-chain\/\",\"url\":\"https:\/\/bolting.eu\/en\/shop\/fixe-multi-chain\/\",\"name\":\"Fixe Multi Chain Standplatzschlinge - Daisy Chain kaufen | bolting.eu\",\"isPartOf\":{\"@id\":\"https:\/\/bolting.eu\/en\/#website\"},\"primaryImageOfPage\":{\"@id\":\"https:\/\/bolting.eu\/en\/shop\/fixe-multi-chain\/#primaryimage\"},\"image\":{\"@id\":\"https:\/\/bolting.eu\/en\/shop\/fixe-multi-chain\/#primaryimage\"},\"thumbnailUrl\":\"https:\/\/bolting.eu\/wp-content\/uploads\/2020\/11\/Fixe-Multi-Chain-90cm.jpg\",\"datePublished\":\"2020-11-17T18:00:54+00:00\",\"dateModified\":\"2026-04-08T05:40:28+00:00\",\"description\":\"Fixe Multi Chain beim Kletterprofi kaufen \u2705 Trusted Shop \u2705 kostenloser Versand* \u2705 14 Tage R\u00fcckgaberecht \u2705 Co2 neutrale Zustellung\",\"breadcrumb\":{\"@id\":\"https:\/\/bolting.eu\/en\/shop\/fixe-multi-chain\/#breadcrumb\"},\"inLanguage\":\"en-US\",\"potentialAction\":[{\"@type\":\"ReadAction\",\"target\":[\"https:\/\/bolting.eu\/en\/shop\/fixe-multi-chain\/\"]}]},{\"@type\":\"ImageObject\",\"inLanguage\":\"en-US\",\"@id\":\"https:\/\/bolting.eu\/en\/shop\/fixe-multi-chain\/#primaryimage\",\"url\":\"https:\/\/bolting.eu\/wp-content\/uploads\/2020\/11\/Fixe-Multi-Chain-90cm.jpg\",\"contentUrl\":\"https:\/\/bolting.eu\/wp-content\/uploads\/2020\/11\/Fixe-Multi-Chain-90cm.jpg\",\"width\":700,\"height\":700,\"caption\":\"Eine t\u00fcrkis Rote Fixe Multi Chain Schlinge mit 60cm L\u00e4nge auf wei\u00dfem Quadrat.\"},{\"@type\":\"BreadcrumbList\",\"@id\":\"https:\/\/bolting.eu\/en\/shop\/fixe-multi-chain\/#breadcrumb\",\"itemListElement\":[{\"@type\":\"ListItem\",\"position\":1,\"name\":\"Shop\",\"item\":\"https:\/\/bolting.eu\/en\/shop\/\"},{\"@type\":\"ListItem\",\"position\":2,\"name\":\"climbing equipment\",\"item\":\"https:\/\/bolting.eu\/en\/produkt-kategorie\/climbing-equipment\/\"},{\"@type\":\"ListItem\",\"position\":3,\"name\":\"Selbstsicherungsschlinge\",\"item\":\"https:\/\/bolting.eu\/produkt-kategorie\/kletterausruestung\/selbstsicherungsschlinge\/\"},{\"@type\":\"ListItem\",\"position\":4,\"name\":\"Fixe Multi Chain\"}]},{\"@type\":\"WebSite\",\"@id\":\"https:\/\/bolting.eu\/en\/#website\",\"url\":\"https:\/\/bolting.eu\/en\/\",\"name\":\"bolting.eu\",\"description\":\"we make climbs happen\",\"publisher\":{\"@id\":\"https:\/\/bolting.eu\/en\/#organization\"},\"potentialAction\":[{\"@type\":\"SearchAction\",\"target\":{\"@type\":\"EntryPoint\",\"urlTemplate\":\"https:\/\/bolting.eu\/en\/?s={search_term_string}\"},\"query-input\":{\"@type\":\"PropertyValueSpecification\",\"valueRequired\":true,\"valueName\":\"search_term_string\"}}],\"inLanguage\":\"en-US\"},{\"@type\":[\"Organization\",\"Place\",\"SportingGoodsStore\"],\"@id\":\"https:\/\/bolting.eu\/en\/#organization\",\"name\":\"bolting.eu\",\"url\":\"https:\/\/bolting.eu\/en\/\",\"logo\":{\"@id\":\"https:\/\/bolting.eu\/en\/shop\/fixe-multi-chain\/#local-main-organization-logo\"},\"image\":{\"@id\":\"https:\/\/bolting.eu\/en\/shop\/fixe-multi-chain\/#local-main-organization-logo\"},\"sameAs\":[\"https:\/\/www.facebook.com\/bolting.eu\",\"https:\/\/www.instagram.com\/bolting.eu\/\"],\"address\":{\"@id\":\"https:\/\/bolting.eu\/en\/shop\/fixe-multi-chain\/#local-main-place-address\"},\"geo\":{\"@type\":\"GeoCoordinates\",\"latitude\":\"47.264176340396226\",\"longitude\":\"11.380109057672346\"},\"telephone\":[\"+43 699 19083372\"],\"openingHoursSpecification\":[{\"@type\":\"OpeningHoursSpecification\",\"dayOfWeek\":[\"Monday\",\"Wednesday\",\"Friday\"],\"opens\":\"14:00\",\"closes\":\"18:00\"},{\"@type\":\"OpeningHoursSpecification\",\"dayOfWeek\":[\"Tuesday\",\"Thursday\",\"Saturday\",\"Sunday\"],\"opens\":\"00:00\",\"closes\":\"00:00\"}],\"email\":\"office@bolting.eu\",\"vatID\":\"ATU59999728\",\"priceRange\":\"$$\",\"currenciesAccepted\":\"Euro\"},{\"@type\":\"PostalAddress\",\"@id\":\"https:\/\/bolting.eu\/en\/shop\/fixe-multi-chain\/#local-main-place-address\",\"streetAddress\":\"Fischnalerstra\u00dfe 4\",\"addressLocality\":\"Innsbruck\",\"postalCode\":\"6020\",\"addressRegion\":\"Tirol\",\"addressCountry\":\"AT\"},{\"@type\":\"ImageObject\",\"inLanguage\":\"en-US\",\"@id\":\"https:\/\/bolting.eu\/en\/shop\/fixe-multi-chain\/#local-main-organization-logo\",\"url\":\"https:\/\/bolting.eu\/wp-content\/uploads\/2019\/09\/bolting-logo.png\",\"contentUrl\":\"https:\/\/bolting.eu\/wp-content\/uploads\/2019\/09\/bolting-logo.png\",\"width\":400,\"height\":211,\"caption\":\"bolting.eu\"}]}<\/script>\n<meta property=\"og:availability\" content=\"instock\" \/>\n<meta property=\"product:availability\" content=\"instock\" \/>\n<meta property=\"product:retailer_item_id\" content=\"A00368\" \/>\n<meta property=\"product:condition\" content=\"new\" \/>\n<meta name=\"geo.placename\" content=\"Innsbruck\" \/>\n<meta name=\"geo.position\" content=\"47.264176340396226;11.380109057672346\" \/>\n<meta name=\"geo.region\" content=\"Austria\" \/>\n<!-- \/ Yoast SEO Premium plugin. -->","yoast_head_json":{"title":"Fixe Multi Chain Standplatzschlinge - Daisy Chain kaufen | bolting.eu","description":"Fixe Multi Chain beim Kletterprofi kaufen \u2705 Trusted Shop \u2705 kostenloser Versand* \u2705 14 Tage R\u00fcckgaberecht \u2705 Co2 neutrale Zustellung","robots":{"index":"index","follow":"follow","max-snippet":"max-snippet:-1","max-image-preview":"max-image-preview:large","max-video-preview":"max-video-preview:-1"},"canonical":"https:\/\/bolting.eu\/en\/shop\/fixe-multi-chain\/","og_locale":"en_US","og_type":"article","og_title":"Fixe Multi Chain","og_description":"Fixe Multi Chain beim Kletterprofi kaufen \u2705 Trusted Shop \u2705 kostenloser Versand* \u2705 14 Tage R\u00fcckgaberecht \u2705 Co2 neutrale Zustellung","og_url":"https:\/\/bolting.eu\/en\/shop\/fixe-multi-chain\/","og_site_name":"bolting.eu","article_publisher":"https:\/\/www.facebook.com\/bolting.eu","article_modified_time":"2026-04-08T05:40:28+00:00","og_image":[{"width":700,"height":700,"url":"https:\/\/bolting.eu\/wp-content\/uploads\/2020\/11\/Fixe-Multi-Chain-90cm.jpg","type":"image\/jpeg"}],"twitter_card":"summary_large_image","twitter_misc":{"Availability":"In stock"},"schema":{"@context":"https:\/\/schema.org","@graph":[{"@type":["WebPage","ItemPage"],"@id":"https:\/\/bolting.eu\/en\/shop\/fixe-multi-chain\/","url":"https:\/\/bolting.eu\/en\/shop\/fixe-multi-chain\/","name":"Fixe Multi Chain Standplatzschlinge - Daisy Chain kaufen | bolting.eu","isPartOf":{"@id":"https:\/\/bolting.eu\/en\/#website"},"primaryImageOfPage":{"@id":"https:\/\/bolting.eu\/en\/shop\/fixe-multi-chain\/#primaryimage"},"image":{"@id":"https:\/\/bolting.eu\/en\/shop\/fixe-multi-chain\/#primaryimage"},"thumbnailUrl":"https:\/\/bolting.eu\/wp-content\/uploads\/2020\/11\/Fixe-Multi-Chain-90cm.jpg","datePublished":"2020-11-17T18:00:54+00:00","dateModified":"2026-04-08T05:40:28+00:00","description":"Fixe Multi Chain beim Kletterprofi kaufen \u2705 Trusted Shop \u2705 kostenloser Versand* \u2705 14 Tage R\u00fcckgaberecht \u2705 Co2 neutrale Zustellung","breadcrumb":{"@id":"https:\/\/bolting.eu\/en\/shop\/fixe-multi-chain\/#breadcrumb"},"inLanguage":"en-US","potentialAction":[{"@type":"ReadAction","target":["https:\/\/bolting.eu\/en\/shop\/fixe-multi-chain\/"]}]},{"@type":"ImageObject","inLanguage":"en-US","@id":"https:\/\/bolting.eu\/en\/shop\/fixe-multi-chain\/#primaryimage","url":"https:\/\/bolting.eu\/wp-content\/uploads\/2020\/11\/Fixe-Multi-Chain-90cm.jpg","contentUrl":"https:\/\/bolting.eu\/wp-content\/uploads\/2020\/11\/Fixe-Multi-Chain-90cm.jpg","width":700,"height":700,"caption":"Eine t\u00fcrkis Rote Fixe Multi Chain Schlinge mit 60cm L\u00e4nge auf wei\u00dfem Quadrat."},{"@type":"BreadcrumbList","@id":"https:\/\/bolting.eu\/en\/shop\/fixe-multi-chain\/#breadcrumb","itemListElement":[{"@type":"ListItem","position":1,"name":"Shop","item":"https:\/\/bolting.eu\/en\/shop\/"},{"@type":"ListItem","position":2,"name":"climbing equipment","item":"https:\/\/bolting.eu\/en\/produkt-kategorie\/climbing-equipment\/"},{"@type":"ListItem","position":3,"name":"Selbstsicherungsschlinge","item":"https:\/\/bolting.eu\/produkt-kategorie\/kletterausruestung\/selbstsicherungsschlinge\/"},{"@type":"ListItem","position":4,"name":"Fixe Multi Chain"}]},{"@type":"WebSite","@id":"https:\/\/bolting.eu\/en\/#website","url":"https:\/\/bolting.eu\/en\/","name":"bolting.eu","description":"we make climbs happen","publisher":{"@id":"https:\/\/bolting.eu\/en\/#organization"},"potentialAction":[{"@type":"SearchAction","target":{"@type":"EntryPoint","urlTemplate":"https:\/\/bolting.eu\/en\/?s={search_term_string}"},"query-input":{"@type":"PropertyValueSpecification","valueRequired":true,"valueName":"search_term_string"}}],"inLanguage":"en-US"},{"@type":["Organization","Place","SportingGoodsStore"],"@id":"https:\/\/bolting.eu\/en\/#organization","name":"bolting.eu","url":"https:\/\/bolting.eu\/en\/","logo":{"@id":"https:\/\/bolting.eu\/en\/shop\/fixe-multi-chain\/#local-main-organization-logo"},"image":{"@id":"https:\/\/bolting.eu\/en\/shop\/fixe-multi-chain\/#local-main-organization-logo"},"sameAs":["https:\/\/www.facebook.com\/bolting.eu","https:\/\/www.instagram.com\/bolting.eu\/"],"address":{"@id":"https:\/\/bolting.eu\/en\/shop\/fixe-multi-chain\/#local-main-place-address"},"geo":{"@type":"GeoCoordinates","latitude":"47.264176340396226","longitude":"11.380109057672346"},"telephone":["+43 699 19083372"],"openingHoursSpecification":[{"@type":"OpeningHoursSpecification","dayOfWeek":["Monday","Wednesday","Friday"],"opens":"14:00","closes":"18:00"},{"@type":"OpeningHoursSpecification","dayOfWeek":["Tuesday","Thursday","Saturday","Sunday"],"opens":"00:00","closes":"00:00"}],"email":"office@bolting.eu","vatID":"ATU59999728","priceRange":"$$","currenciesAccepted":"Euro"},{"@type":"PostalAddress","@id":"https:\/\/bolting.eu\/en\/shop\/fixe-multi-chain\/#local-main-place-address","streetAddress":"Fischnalerstra\u00dfe 4","addressLocality":"Innsbruck","postalCode":"6020","addressRegion":"Tirol","addressCountry":"AT"},{"@type":"ImageObject","inLanguage":"en-US","@id":"https:\/\/bolting.eu\/en\/shop\/fixe-multi-chain\/#local-main-organization-logo","url":"https:\/\/bolting.eu\/wp-content\/uploads\/2019\/09\/bolting-logo.png","contentUrl":"https:\/\/bolting.eu\/wp-content\/uploads\/2019\/09\/bolting-logo.png","width":400,"height":211,"caption":"bolting.eu"}]},"og_availability":"instock","product_availability":"instock","product_retailer_item_id":"A00368","product_condition":"new","geo.placename":"Innsbruck","geo.position":{"lat":"47.264176340396226","long":"11.380109057672346"},"geo.region":"Austria"},"_links":{"self":[{"href":"https:\/\/bolting.eu\/en\/wp-json\/wp\/v2\/product\/6150","targetHints":{"allow":["GET"]}}],"collection":[{"href":"https:\/\/bolting.eu\/en\/wp-json\/wp\/v2\/product"}],"about":[{"href":"https:\/\/bolting.eu\/en\/wp-json\/wp\/v2\/types\/product"}],"replies":[{"embeddable":true,"href":"https:\/\/bolting.eu\/en\/wp-json\/wp\/v2\/comments?post=6150"}],"wp:featuredmedia":[{"embeddable":true,"href":"https:\/\/bolting.eu\/en\/wp-json\/wp\/v2\/media\/33037"}],"wp:attachment":[{"href":"https:\/\/bolting.eu\/en\/wp-json\/wp\/v2\/media?parent=6150"}],"wp:term":[{"taxonomy":"product_brand","embeddable":true,"href":"https:\/\/bolting.eu\/en\/wp-json\/wp\/v2\/product_brand?post=6150"},{"taxonomy":"product_cat","embeddable":true,"href":"https:\/\/bolting.eu\/en\/wp-json\/wp\/v2\/product_cat?post=6150"},{"taxonomy":"product_tag","embeddable":true,"href":"https:\/\/bolting.eu\/en\/wp-json\/wp\/v2\/product_tag?post=6150"}],"curies":[{"name":"wp","href":"https:\/\/api.w.org\/{rel}","templated":true}]}}