{"id":5312,"date":"2020-09-06T18:52:36","date_gmt":"2020-09-06T16:52:36","guid":{"rendered":"https:\/\/bolting.eu\/?post_type=product&#038;p=5312"},"modified":"2025-07-21T15:44:15","modified_gmt":"2025-07-21T13:44:15","slug":"edelrid-fraggle","status":"publish","type":"product","link":"https:\/\/bolting.eu\/en\/shop\/edelrid-fraggle\/","title":{"rendered":"Edelrid Fraggle"},"content":{"rendered":"<p>Der Edelrid Fraggle ist ein beliebtes Kinder Klettergeschirr. Es ist der Bestseller in unserer Kategorie &#8220;<a href=\"https:\/\/bolting.eu\/produkt-kategorie\/klettergurte\/klettergurt-kinder\/\">Klettergurt Kinder<\/a>&#8220;. Denn dieses Produkt ist perfekt f\u00fcr sehr kleine Kletterk\u00fcnstler und Outdoor Liebhaber.<\/p>\n<p>Zum einen deckt die Gr\u00f6\u00dfe XXS den Altersbereich von ca. 2-5 Jahren ab. Zum anderen die Gr\u00f6\u00dfe XS von ca. 5-7 Jahren.<\/p>\n<p>Das Kinder Klettergeschirr kan bei vielen Abenteuern verwendet werden. Erstens nat\u00fcrlich zum Klettern. Zweitens aber auch f\u00fcr alle Arten von Schaukeln. Drittens beim Wandern oder Skifahren. Der Anseilpunkt am R\u00fccken deckt alle Bereiche ab, bei denen ein &#8220;Halten&#8221; bzw. Sichern sinnvoll ist.<\/p>\n<p>Durch die gute Polsterung ist das Klettergeschirr angenehm steif. Somit kann es ganz leicht an- und wieder ausgezogen werden.<\/p>\n<p>Kurzum. In einer Familien <a href=\"https:\/\/bolting.eu\/kletterausruestung\/\">Kletterausr\u00fcstung<\/a> bzw. Outdoor Ausr\u00fcstung sollte der Fraggle nicht fehlen!<\/p>\n<h2>Eigenschaften Fraggle<\/h2>\n<ul>\n<li>Hersteller: <a href=\"https:\/\/bolting.eu\/produkt-kategorie\/edelrid\/\">Edelrid<\/a><\/li>\n<li>Gewicht: 271 Gramm (XXS) bzw. 307 Gramm (XS)<\/li>\n<li>EN Norm: EN 12277 Typ B<\/li>\n<li>CE 0123<\/li>\n<li>Anseilpunkt im Brustbereich oder R\u00fccken<\/li>\n<li>3D Mesh Polsterung f\u00fcr komfortablen Tragekomfort<\/li>\n<li>formstabil = besonders leicht an- und aus zu ziehen<\/li>\n<li>bluesign \u00ae Zertifikat f\u00fcr nachhaltige Produktion<\/li>\n<li>mitwachsende Konstruktion<\/li>\n<li>verpackt im praktischen Turnbeutel<\/li>\n<li>f\u00fcr alle m\u00f6glichen Outdoor Sportarten<\/li>\n<\/ul>\n<h3>Produktvideo<\/h3>\n<p>Das folgende Video soll euch bei eurer Kaufentscheidung helfen. Es stellt das Produkt ausf\u00fchrlich vor.<\/p>\n<p><iframe loading=\"lazy\" src=\"https:\/\/www.youtube.com\/embed\/z1pEMu2HsSY\" width=\"100%\" height=\"450\" frameborder=\"0\" allowfullscreen=\"allowfullscreen\" data-mce-fragment=\"1\"><span data-mce-type=\"bookmark\" style=\"display: inline-block; width: 0px; overflow: hidden; line-height: 0;\" class=\"mce_SELRES_start\">\ufeff<\/span><\/iframe><\/p>\n<h3>Gr\u00f6\u00dfentabelle Edelrid Fraggle<\/h3>\n<p>Im Folgenden findet ihr eine Gr\u00f6\u00dfen-Alterstabelle f\u00fcr das Kinder Klettergeschirr. Ihr seht dort zum einen die Altersempfehlung. Und zum anderen Angaben zu den Umf\u00e4nge von H\u00fcfte bzw. Oberschenkeln.<\/p>\n<p>Ab 40kg K\u00f6rpergewicht bzw. 120cm K\u00f6rpergr\u00f6\u00dfe ist das Kinder Klettergeschirr nicht mehr f\u00fcr eure Kids geeignet!<\/p>\n<p>Wir hoffen das ist euch bei der Auswahl eine gute Hilfe!<\/p>\n<table style=\"border-collapse: collapse; width: 447px; height: 112px;\" border=\"0\" width=\"348\" cellspacing=\"0\" cellpadding=\"0\">\n<colgroup>\n<col style=\"width: 65pt;\" span=\"4\" width=\"87\" \/> <\/colgroup>\n<tbody>\n<tr style=\"height: 16.0pt;\">\n<td class=\"xl65\" style=\"height: 16pt; width: 260pt; text-align: center;\" colspan=\"4\" width=\"348\" height=\"21\"><span style=\"font-size: 105%;\"><strong>Gr\u00f6\u00dfentabelle<\/strong><\/span><\/td>\n<\/tr>\n<tr style=\"height: 16.0pt;\">\n<td style=\"height: 16pt; text-align: center;\" height=\"21\"><strong>Gr\u00f6\u00dfe<\/strong><\/td>\n<td style=\"text-align: center;\"><strong>Alter<\/strong><\/td>\n<td style=\"text-align: center;\"><strong>H\u00fcftschlaufe<\/strong><\/td>\n<td style=\"text-align: center;\"><strong>Beinschlaufe<\/strong><\/td>\n<\/tr>\n<tr style=\"height: 16.0pt;\">\n<td style=\"height: 16pt; text-align: center;\" height=\"21\">XXS<\/td>\n<td style=\"text-align: center;\">ca. 2-5 Jahre<\/td>\n<td style=\"text-align: center;\">45-55cm<\/td>\n<td style=\"text-align: center;\">max. 37cm<\/td>\n<\/tr>\n<tr style=\"height: 16.0pt;\">\n<td style=\"height: 16pt; text-align: center;\" height=\"21\">XS<\/td>\n<td style=\"text-align: center;\">ca. 5-7 Jahre<\/td>\n<td style=\"text-align: center;\">50-60cm<\/td>\n<td style=\"text-align: center;\">max. 48cm<\/td>\n<\/tr>\n<\/tbody>\n<\/table>\n<h3>Klettergeschirr w\u00e4chst mit<\/h3>\n<figure id=\"attachment_5313\" aria-describedby=\"caption-attachment-5313\" style=\"width: 280px\" class=\"wp-caption alignleft\"><a href=\"https:\/\/bolting.eu\/wp-content\/uploads\/2020\/09\/Edelrid-Fraggle-5.jpg\"><img loading=\"lazy\" decoding=\"async\" class=\"wp-image-5313 size-thumbnail\" src=\"https:\/\/bolting.eu\/wp-content\/uploads\/2020\/09\/Edelrid-Fraggle-5-280x280.jpg\" alt=\"\" width=\"280\" height=\"280\" srcset=\"https:\/\/bolting.eu\/wp-content\/uploads\/2020\/09\/Edelrid-Fraggle-5-280x280.jpg 280w, https:\/\/bolting.eu\/wp-content\/uploads\/2020\/09\/Edelrid-Fraggle-5-247x247.jpg 247w, https:\/\/bolting.eu\/wp-content\/uploads\/2020\/09\/Edelrid-Fraggle-5-100x100.jpg 100w, https:\/\/bolting.eu\/wp-content\/uploads\/2020\/09\/Edelrid-Fraggle-5-300x300.jpg 300w\" sizes=\"auto, (max-width: 280px) 100vw, 280px\" \/><\/a><figcaption id=\"caption-attachment-5313\" class=\"wp-caption-text\">Mit den Slide Block Schnallen l\u00e4sst sich der Fraggle super schnell verstellen!<\/figcaption><\/figure>\n<p>Der Fraggle von Edelrid hat drei super leicht verstellbare B\u00e4nder bzw. Schnallen.<\/p>\n<p>Erstens an beiden Schulterb\u00e4ndern. Somit kann man im Grunde die Gr\u00f6\u00dfe des Geschirrs anpassen. Zweitens am R\u00fccken im Lendenbereich. Hiermit reguliert man die Passform um die H\u00fcfte.<\/p>\n<p>Diese Einstellm\u00f6glichkeiten lassen das Kinder Klettergeschirr mitwachsen. Dabei reicht die Gr\u00f6\u00dfe XXS einerseits ca. von 2-5 Jahren. Die Gr\u00f6\u00dfe XS andererseits reicht ca. von 5-7 Jahren.<\/p>\n<h3>Kinder Klettergeschirr mit zwei Anseilm\u00f6glichkeiten<\/h3>\n<p>Beim diesem Modell gibt es zwei Anseilpunkte.<\/p>\n<p>Einerseits die farblich markierten Anseilschlaufen vorne. Hier wird durch beide entweder ein Karabiner oder das Kletterseil eingebunden.<\/p>\n<figure id=\"attachment_5315\" aria-describedby=\"caption-attachment-5315\" style=\"width: 280px\" class=\"wp-caption alignleft\"><a href=\"https:\/\/bolting.eu\/wp-content\/uploads\/2020\/09\/Edelrid-Fraggle-3.jpg\"><img loading=\"lazy\" decoding=\"async\" class=\"wp-image-5315 size-thumbnail\" src=\"https:\/\/bolting.eu\/wp-content\/uploads\/2020\/09\/Edelrid-Fraggle-3-280x280.jpg\" alt=\"\" width=\"280\" height=\"280\" srcset=\"https:\/\/bolting.eu\/wp-content\/uploads\/2020\/09\/Edelrid-Fraggle-3-280x280.jpg 280w, https:\/\/bolting.eu\/wp-content\/uploads\/2020\/09\/Edelrid-Fraggle-3-247x247.jpg 247w, https:\/\/bolting.eu\/wp-content\/uploads\/2020\/09\/Edelrid-Fraggle-3-100x100.jpg 100w, https:\/\/bolting.eu\/wp-content\/uploads\/2020\/09\/Edelrid-Fraggle-3-300x300.jpg 300w\" sizes=\"auto, (max-width: 280px) 100vw, 280px\" \/><\/a><figcaption id=\"caption-attachment-5315\" class=\"wp-caption-text\">Die gelb markierten Einbindeschlaufen im Brustbereich. Auff\u00e4llig und nicht verwechselbar!<\/figcaption><\/figure>\n<p>Und andererseits am R\u00fccken. Das ist beispielsweise beim Skifahren oder Wandern sinnvoll.<\/p>\n<p>Dieses Produktmerkmal macht dieses Kinder Kletetrgeschirr perfekt f\u00fcr alle Outdoor Sportarten. Denn egal ob Schaukeln oder Klettern. Wandern oder Skifahren. \u00dcberall wo ein Sichern zweckm\u00e4\u00dfig ist, kann man diesen Kinderklettergurt verwenden.<\/p>\n<h3>bluesign \u00ae zertifiziert<\/h3>\n<p>Der Edelrid Fraggle ist der einzige bluesign \u00ae zertifizierte Kindergurt am gesamten Markt. D.h. hier werden nachweislich Ressourcen schonende Materialien f\u00fcr die Herstellung verwendet.<\/p>\n<p>Somit ist dieses Produkt im Vergleich zu anderen Gurten viel nachhaltiger!<\/p>\n<h3>Wann ist das Klettergeschirr auszutauschen?<\/h3>\n<p>Wie jeder andere Klettergurt ist auch der Fraggle irgendwann einmal auszutauschen. Zum einen muss man ihn entsorgen wenn er seine 10j\u00e4hrige Lagerfrist erreicht.<\/p>\n<p>Zum anderen betr\u00e4gt die Gebrauchsdauer in der Regel 5 Jahre. Nat\u00fcrlich kann die Gebrauchsdauer auch schon vorher erreicht werden. Dies h\u00e4ngt von zwei Faktoren ab. Erstens der H\u00e4ufigkeit der Verwendung. Und zweitens der Intensit\u00e4t.<\/p>\n<p>Wenn Eure Kleinen richtig viel Klettern, kann dies bereits nach 2-3 Jahren der Fall sein.<\/p>\n<p>In jedem Fall ist der Gurt auszutauschen, wenn er offensichtliche Sch\u00e4den hat. Beispielsweise eingeschnittene B\u00e4nder durch scharfe Gegenst\u00e4nde.<\/p>\n<h3>Geliefert im Turnbeutel<\/h3>\n<p><a href=\"https:\/\/bolting.eu\/wp-content\/uploads\/2020\/09\/Edelrid-Finn-4.jpg\"><img loading=\"lazy\" decoding=\"async\" class=\"alignleft wp-image-5307 size-thumbnail\" src=\"https:\/\/bolting.eu\/wp-content\/uploads\/2020\/09\/Edelrid-Finn-4-280x280.jpg\" sizes=\"auto, (max-width: 280px) 100vw, 280px\" srcset=\"https:\/\/bolting.eu\/wp-content\/uploads\/2020\/09\/Edelrid-Finn-4-280x280.jpg 280w, https:\/\/bolting.eu\/wp-content\/uploads\/2020\/09\/Edelrid-Finn-4-300x300.jpg 300w, https:\/\/bolting.eu\/wp-content\/uploads\/2020\/09\/Edelrid-Finn-4-100x100.jpg 100w\" alt=\"Das Bild zeigt einen grasgr\u00fcnen Edelrid Packsack f\u00fcr einen Kinderklettergurt.\" width=\"280\" height=\"280\" \/><\/a>Der Fraggle wird wie alle Edelrid Kindergurte im praktischen Turnbeutel geliefert.<\/p>\n<p>Dieser dient dann als Staubeutel f\u00fcr das Produkt. Allerdings kann er auch prima f\u00fcr Kletterschuhe oder das <a href=\"https:\/\/bolting.eu\/produkt-kategorie\/chalkbag\/chalkbag-kinder\/\">Kinder Chalkbag<\/a> genutzt werden.<\/p>\n<p>Somit ist das wieder einmal eine richtig nachhaltige Idee von Edelrid. Denn anstatt der oft sinnlosen Einmalverpackung gibt es hier einen widerstandsf\u00e4higen, wiederverwendbaren Beutel.<\/p>\n<h3>Pflege Tipp<\/h3>\n<p>Wer dieses Kinder Klettergeschirr immer sch\u00f6n sauber haben will, sollte ihn ab und zu waschen. Das geht ganz einfach. Erstens mit etwas Seil Waschmittel in ein Waschbecken geben. Zweitens ordentlich durchkneten und anschlie\u00dfend aussp\u00fclen.<\/p>\n<p>Drittens an einem trockenem Ort trocknen lassen. Schon ist der Kinderklettergurt wieder sauber!<\/p>\n<h4><strong>Link Tipp<\/strong><\/h4>\n<p>Mehr erf\u00e4hrt ihr in der <a href=\"https:\/\/media.edelrid.de\/images\/attribut\/54507_GAL_Gurte_Sport_ANSICHT.pdf\" target=\"_blank\" rel=\"noopener noreferrer\">Bedienungsanleitung<\/a> des Herstellers.<\/p>\n","protected":false},"excerpt":{"rendered":"<p>Kinder Klettergeschirr in den Gr\u00f6\u00dfen XXS und XS f\u00fcr Kleinkinder ab ca. 2 Jahren. Geht bis ca. 40kg K\u00f6rpergewicht und 120cm K\u00f6rpergr\u00f6\u00dfe.<\/p>\n<p>Ideal durch zwei Anseilpunkte und Verstellsystem.<\/p>\n<p>Versandkostenfrei bis 2kg in <img decoding=\"async\" class=\"emoji\" role=\"img\" draggable=\"false\" src=\"https:\/\/s.w.org\/images\/core\/emoji\/14.0.0\/svg\/1f1e6-1f1f9.svg\" alt=\"\ud83c\udde6\ud83c\uddf9\" \/> ab \u20ac 100,- und <img decoding=\"async\" class=\"emoji\" role=\"img\" draggable=\"false\" src=\"https:\/\/s.w.org\/images\/core\/emoji\/14.0.0\/svg\/1f1e9-1f1ea.svg\" alt=\"\ud83c\udde9\ud83c\uddea\" \/> ab \u20ac 200,-!<\/p>\n","protected":false},"featured_media":5317,"comment_status":"open","ping_status":"closed","template":"","meta":[],"product_brand":[],"product_cat":[4655,6359,6363],"product_tag":[],"class_list":{"0":"post-5312","1":"product","2":"type-product","3":"status-publish","4":"has-post-thumbnail","6":"product_cat-edelrid","7":"product_cat-klettergurte","8":"product_cat-klettergeschirr","10":"first","11":"instock","12":"taxable","13":"shipping-taxable","14":"purchasable","15":"product-type-variable"},"yoast_head":"<!-- This site is optimized with the Yoast SEO Premium plugin v26.9 (Yoast SEO v26.9) - https:\/\/yoast.com\/product\/yoast-seo-premium-wordpress\/ -->\n<title>Edelrid Fraggle - Kinder Klettergeschirr g\u00fcnstig kaufen | bolting.eu<\/title>\n<meta name=\"description\" content=\"EDELRID FRAGGLE Kinder Klettergeschirr beim Kletterprofi kaufen \u2705 Trusted Shop \u2705 kostenloser Versand* \u2705 14 Tage R\u00fcckgaberecht \u2705 Co2 neutrale Zustellung\" \/>\n<meta name=\"robots\" content=\"index, follow, max-snippet:-1, max-image-preview:large, max-video-preview:-1\" \/>\n<link rel=\"canonical\" href=\"https:\/\/bolting.eu\/en\/shop\/edelrid-fraggle\/\" \/>\n<meta property=\"og:locale\" content=\"en_US\" \/>\n<meta property=\"og:type\" content=\"article\" \/>\n<meta property=\"og:title\" content=\"Edelrid Fraggle\" \/>\n<meta property=\"og:description\" content=\"EDELRID FRAGGLE Kinder Klettergeschirr beim Kletterprofi kaufen \u2705 Trusted Shop \u2705 kostenloser Versand* \u2705 14 Tage R\u00fcckgaberecht \u2705 Co2 neutrale Zustellung\" \/>\n<meta property=\"og:url\" content=\"https:\/\/bolting.eu\/en\/shop\/edelrid-fraggle\/\" \/>\n<meta property=\"og:site_name\" content=\"bolting.eu\" \/>\n<meta property=\"article:publisher\" content=\"https:\/\/www.facebook.com\/bolting.eu\" \/>\n<meta property=\"article:modified_time\" content=\"2025-07-21T13:44:15+00:00\" \/>\n<meta property=\"og:image\" content=\"https:\/\/bolting.eu\/wp-content\/uploads\/2020\/09\/Edelrid-Fraggle-1.jpg\" \/>\n\t<meta property=\"og:image:width\" content=\"418\" \/>\n\t<meta property=\"og:image:height\" content=\"512\" \/>\n\t<meta property=\"og:image:type\" content=\"image\/jpeg\" \/>\n<meta name=\"twitter:card\" content=\"summary_large_image\" \/>\n<meta name=\"twitter:label1\" content=\"Availability\" \/>\n\t<meta name=\"twitter:data1\" content=\"In stock\" \/>\n<script type=\"application\/ld+json\" class=\"yoast-schema-graph\">{\"@context\":\"https:\/\/schema.org\",\"@graph\":[{\"@type\":[\"WebPage\",\"ItemPage\"],\"@id\":\"https:\/\/bolting.eu\/en\/shop\/edelrid-fraggle\/\",\"url\":\"https:\/\/bolting.eu\/en\/shop\/edelrid-fraggle\/\",\"name\":\"Edelrid Fraggle - Kinder Klettergeschirr g\u00fcnstig kaufen | bolting.eu\",\"isPartOf\":{\"@id\":\"https:\/\/bolting.eu\/en\/#website\"},\"primaryImageOfPage\":{\"@id\":\"https:\/\/bolting.eu\/en\/shop\/edelrid-fraggle\/#primaryimage\"},\"image\":{\"@id\":\"https:\/\/bolting.eu\/en\/shop\/edelrid-fraggle\/#primaryimage\"},\"thumbnailUrl\":\"https:\/\/bolting.eu\/wp-content\/uploads\/2020\/09\/Edelrid-Fraggle-1.jpg\",\"datePublished\":\"2020-09-06T16:52:36+00:00\",\"dateModified\":\"2025-07-21T13:44:15+00:00\",\"description\":\"EDELRID FRAGGLE Kinder Klettergeschirr beim Kletterprofi kaufen \u2705 Trusted Shop \u2705 kostenloser Versand* \u2705 14 Tage R\u00fcckgaberecht \u2705 Co2 neutrale Zustellung\",\"breadcrumb\":{\"@id\":\"https:\/\/bolting.eu\/en\/shop\/edelrid-fraggle\/#breadcrumb\"},\"inLanguage\":\"en-US\",\"potentialAction\":[{\"@type\":\"ReadAction\",\"target\":[\"https:\/\/bolting.eu\/en\/shop\/edelrid-fraggle\/\"]}]},{\"@type\":\"ImageObject\",\"inLanguage\":\"en-US\",\"@id\":\"https:\/\/bolting.eu\/en\/shop\/edelrid-fraggle\/#primaryimage\",\"url\":\"https:\/\/bolting.eu\/wp-content\/uploads\/2020\/09\/Edelrid-Fraggle-1.jpg\",\"contentUrl\":\"https:\/\/bolting.eu\/wp-content\/uploads\/2020\/09\/Edelrid-Fraggle-1.jpg\",\"width\":418,\"height\":512,\"caption\":\"Das Bild zeigt das Edelrid Fraggle Kinder Klettergeschirr. Der t\u00fcrkise Klettergurt ist in Bildmitte mit all seinen Details von vorne zu sehen. Man erkennt die Beinschlaufen, das H\u00fcftband, die Brust- bzw. Schulterg\u00fcrtel und die gelbe Anseilschlaufe.\"},{\"@type\":\"BreadcrumbList\",\"@id\":\"https:\/\/bolting.eu\/en\/shop\/edelrid-fraggle\/#breadcrumb\",\"itemListElement\":[{\"@type\":\"ListItem\",\"position\":1,\"name\":\"Shop\",\"item\":\"https:\/\/bolting.eu\/en\/shop\/\"},{\"@type\":\"ListItem\",\"position\":2,\"name\":\"climbing equipment\",\"item\":\"https:\/\/bolting.eu\/en\/produkt-kategorie\/climbing-equipment\/\"},{\"@type\":\"ListItem\",\"position\":3,\"name\":\"Klettergurte\",\"item\":\"https:\/\/bolting.eu\/produkt-kategorie\/kletterausruestung\/klettergurte\/\"},{\"@type\":\"ListItem\",\"position\":4,\"name\":\"Edelrid Fraggle\"}]},{\"@type\":\"WebSite\",\"@id\":\"https:\/\/bolting.eu\/en\/#website\",\"url\":\"https:\/\/bolting.eu\/en\/\",\"name\":\"bolting.eu\",\"description\":\"we make climbs happen\",\"publisher\":{\"@id\":\"https:\/\/bolting.eu\/en\/#organization\"},\"potentialAction\":[{\"@type\":\"SearchAction\",\"target\":{\"@type\":\"EntryPoint\",\"urlTemplate\":\"https:\/\/bolting.eu\/en\/?s={search_term_string}\"},\"query-input\":{\"@type\":\"PropertyValueSpecification\",\"valueRequired\":true,\"valueName\":\"search_term_string\"}}],\"inLanguage\":\"en-US\"},{\"@type\":[\"Organization\",\"Place\",\"SportingGoodsStore\"],\"@id\":\"https:\/\/bolting.eu\/en\/#organization\",\"name\":\"bolting.eu\",\"url\":\"https:\/\/bolting.eu\/en\/\",\"logo\":{\"@id\":\"https:\/\/bolting.eu\/en\/shop\/edelrid-fraggle\/#local-main-organization-logo\"},\"image\":{\"@id\":\"https:\/\/bolting.eu\/en\/shop\/edelrid-fraggle\/#local-main-organization-logo\"},\"sameAs\":[\"https:\/\/www.facebook.com\/bolting.eu\",\"https:\/\/www.instagram.com\/bolting.eu\/\"],\"address\":{\"@id\":\"https:\/\/bolting.eu\/en\/shop\/edelrid-fraggle\/#local-main-place-address\"},\"geo\":{\"@type\":\"GeoCoordinates\",\"latitude\":\"47.264176340396226\",\"longitude\":\"11.380109057672346\"},\"telephone\":[\"+43 699 19083372\"],\"openingHoursSpecification\":[{\"@type\":\"OpeningHoursSpecification\",\"dayOfWeek\":[\"Monday\",\"Wednesday\",\"Friday\"],\"opens\":\"14:00\",\"closes\":\"18:00\"},{\"@type\":\"OpeningHoursSpecification\",\"dayOfWeek\":[\"Tuesday\",\"Thursday\",\"Saturday\",\"Sunday\"],\"opens\":\"00:00\",\"closes\":\"00:00\"}],\"email\":\"office@bolting.eu\",\"vatID\":\"ATU59999728\",\"priceRange\":\"$$\",\"currenciesAccepted\":\"Euro\"},{\"@type\":\"PostalAddress\",\"@id\":\"https:\/\/bolting.eu\/en\/shop\/edelrid-fraggle\/#local-main-place-address\",\"streetAddress\":\"Fischnalerstra\u00dfe 4\",\"addressLocality\":\"Innsbruck\",\"postalCode\":\"6020\",\"addressRegion\":\"Tirol\",\"addressCountry\":\"AT\"},{\"@type\":\"ImageObject\",\"inLanguage\":\"en-US\",\"@id\":\"https:\/\/bolting.eu\/en\/shop\/edelrid-fraggle\/#local-main-organization-logo\",\"url\":\"https:\/\/bolting.eu\/wp-content\/uploads\/2019\/09\/bolting-logo.png\",\"contentUrl\":\"https:\/\/bolting.eu\/wp-content\/uploads\/2019\/09\/bolting-logo.png\",\"width\":400,\"height\":211,\"caption\":\"bolting.eu\"}]}<\/script>\n<meta property=\"og:video\" content=\"https:\/\/www.youtube.com\/embed\/z1pEMu2HsSY\" \/>\n<meta property=\"og:video:type\" content=\"text\/html\" \/>\n<meta property=\"og:video:duration\" content=\"185\" \/>\n<meta property=\"og:video:width\" content=\"480\" \/>\n<meta property=\"og:video:height\" content=\"270\" \/>\n<meta property=\"ya:ovs:adult\" content=\"false\" \/>\n<meta property=\"ya:ovs:upload_date\" content=\"2020-09-06T16:52:36+00:00\" \/>\n<meta property=\"ya:ovs:allow_embed\" content=\"true\" \/>\n<meta property=\"og:availability\" content=\"instock\" \/>\n<meta property=\"product:availability\" content=\"instock\" \/>\n<meta property=\"product:condition\" content=\"new\" \/>\n<meta name=\"geo.placename\" content=\"Innsbruck\" \/>\n<meta name=\"geo.position\" content=\"47.264176340396226;11.380109057672346\" \/>\n<meta name=\"geo.region\" content=\"Austria\" \/>\n<!-- \/ Yoast SEO Premium plugin. -->","yoast_head_json":{"title":"Edelrid Fraggle - Kinder Klettergeschirr g\u00fcnstig kaufen | bolting.eu","description":"EDELRID FRAGGLE Kinder Klettergeschirr beim Kletterprofi kaufen \u2705 Trusted Shop \u2705 kostenloser Versand* \u2705 14 Tage R\u00fcckgaberecht \u2705 Co2 neutrale Zustellung","robots":{"index":"index","follow":"follow","max-snippet":"max-snippet:-1","max-image-preview":"max-image-preview:large","max-video-preview":"max-video-preview:-1"},"canonical":"https:\/\/bolting.eu\/en\/shop\/edelrid-fraggle\/","og_locale":"en_US","og_type":"article","og_title":"Edelrid Fraggle","og_description":"EDELRID FRAGGLE Kinder Klettergeschirr beim Kletterprofi kaufen \u2705 Trusted Shop \u2705 kostenloser Versand* \u2705 14 Tage R\u00fcckgaberecht \u2705 Co2 neutrale Zustellung","og_url":"https:\/\/bolting.eu\/en\/shop\/edelrid-fraggle\/","og_site_name":"bolting.eu","article_publisher":"https:\/\/www.facebook.com\/bolting.eu","article_modified_time":"2025-07-21T13:44:15+00:00","og_image":[{"width":418,"height":512,"url":"https:\/\/bolting.eu\/wp-content\/uploads\/2020\/09\/Edelrid-Fraggle-1.jpg","type":"image\/jpeg"}],"twitter_card":"summary_large_image","twitter_misc":{"Availability":"In stock"},"schema":{"@context":"https:\/\/schema.org","@graph":[{"@type":["WebPage","ItemPage"],"@id":"https:\/\/bolting.eu\/en\/shop\/edelrid-fraggle\/","url":"https:\/\/bolting.eu\/en\/shop\/edelrid-fraggle\/","name":"Edelrid Fraggle - Kinder Klettergeschirr g\u00fcnstig kaufen | bolting.eu","isPartOf":{"@id":"https:\/\/bolting.eu\/en\/#website"},"primaryImageOfPage":{"@id":"https:\/\/bolting.eu\/en\/shop\/edelrid-fraggle\/#primaryimage"},"image":{"@id":"https:\/\/bolting.eu\/en\/shop\/edelrid-fraggle\/#primaryimage"},"thumbnailUrl":"https:\/\/bolting.eu\/wp-content\/uploads\/2020\/09\/Edelrid-Fraggle-1.jpg","datePublished":"2020-09-06T16:52:36+00:00","dateModified":"2025-07-21T13:44:15+00:00","description":"EDELRID FRAGGLE Kinder Klettergeschirr beim Kletterprofi kaufen \u2705 Trusted Shop \u2705 kostenloser Versand* \u2705 14 Tage R\u00fcckgaberecht \u2705 Co2 neutrale Zustellung","breadcrumb":{"@id":"https:\/\/bolting.eu\/en\/shop\/edelrid-fraggle\/#breadcrumb"},"inLanguage":"en-US","potentialAction":[{"@type":"ReadAction","target":["https:\/\/bolting.eu\/en\/shop\/edelrid-fraggle\/"]}]},{"@type":"ImageObject","inLanguage":"en-US","@id":"https:\/\/bolting.eu\/en\/shop\/edelrid-fraggle\/#primaryimage","url":"https:\/\/bolting.eu\/wp-content\/uploads\/2020\/09\/Edelrid-Fraggle-1.jpg","contentUrl":"https:\/\/bolting.eu\/wp-content\/uploads\/2020\/09\/Edelrid-Fraggle-1.jpg","width":418,"height":512,"caption":"Das Bild zeigt das Edelrid Fraggle Kinder Klettergeschirr. Der t\u00fcrkise Klettergurt ist in Bildmitte mit all seinen Details von vorne zu sehen. Man erkennt die Beinschlaufen, das H\u00fcftband, die Brust- bzw. Schulterg\u00fcrtel und die gelbe Anseilschlaufe."},{"@type":"BreadcrumbList","@id":"https:\/\/bolting.eu\/en\/shop\/edelrid-fraggle\/#breadcrumb","itemListElement":[{"@type":"ListItem","position":1,"name":"Shop","item":"https:\/\/bolting.eu\/en\/shop\/"},{"@type":"ListItem","position":2,"name":"climbing equipment","item":"https:\/\/bolting.eu\/en\/produkt-kategorie\/climbing-equipment\/"},{"@type":"ListItem","position":3,"name":"Klettergurte","item":"https:\/\/bolting.eu\/produkt-kategorie\/kletterausruestung\/klettergurte\/"},{"@type":"ListItem","position":4,"name":"Edelrid Fraggle"}]},{"@type":"WebSite","@id":"https:\/\/bolting.eu\/en\/#website","url":"https:\/\/bolting.eu\/en\/","name":"bolting.eu","description":"we make climbs happen","publisher":{"@id":"https:\/\/bolting.eu\/en\/#organization"},"potentialAction":[{"@type":"SearchAction","target":{"@type":"EntryPoint","urlTemplate":"https:\/\/bolting.eu\/en\/?s={search_term_string}"},"query-input":{"@type":"PropertyValueSpecification","valueRequired":true,"valueName":"search_term_string"}}],"inLanguage":"en-US"},{"@type":["Organization","Place","SportingGoodsStore"],"@id":"https:\/\/bolting.eu\/en\/#organization","name":"bolting.eu","url":"https:\/\/bolting.eu\/en\/","logo":{"@id":"https:\/\/bolting.eu\/en\/shop\/edelrid-fraggle\/#local-main-organization-logo"},"image":{"@id":"https:\/\/bolting.eu\/en\/shop\/edelrid-fraggle\/#local-main-organization-logo"},"sameAs":["https:\/\/www.facebook.com\/bolting.eu","https:\/\/www.instagram.com\/bolting.eu\/"],"address":{"@id":"https:\/\/bolting.eu\/en\/shop\/edelrid-fraggle\/#local-main-place-address"},"geo":{"@type":"GeoCoordinates","latitude":"47.264176340396226","longitude":"11.380109057672346"},"telephone":["+43 699 19083372"],"openingHoursSpecification":[{"@type":"OpeningHoursSpecification","dayOfWeek":["Monday","Wednesday","Friday"],"opens":"14:00","closes":"18:00"},{"@type":"OpeningHoursSpecification","dayOfWeek":["Tuesday","Thursday","Saturday","Sunday"],"opens":"00:00","closes":"00:00"}],"email":"office@bolting.eu","vatID":"ATU59999728","priceRange":"$$","currenciesAccepted":"Euro"},{"@type":"PostalAddress","@id":"https:\/\/bolting.eu\/en\/shop\/edelrid-fraggle\/#local-main-place-address","streetAddress":"Fischnalerstra\u00dfe 4","addressLocality":"Innsbruck","postalCode":"6020","addressRegion":"Tirol","addressCountry":"AT"},{"@type":"ImageObject","inLanguage":"en-US","@id":"https:\/\/bolting.eu\/en\/shop\/edelrid-fraggle\/#local-main-organization-logo","url":"https:\/\/bolting.eu\/wp-content\/uploads\/2019\/09\/bolting-logo.png","contentUrl":"https:\/\/bolting.eu\/wp-content\/uploads\/2019\/09\/bolting-logo.png","width":400,"height":211,"caption":"bolting.eu"}]},"og_video":"https:\/\/www.youtube.com\/embed\/z1pEMu2HsSY","og_video_type":"text\/html","og_video_duration":"185","og_video_width":"480","og_video_height":"270","ya_ovs_adult":"false","ya_ovs_upload_date":"2020-09-06T16:52:36+00:00","ya_ovs_allow_embed":"true","og_availability":"instock","product_availability":"instock","product_condition":"new","geo.placename":"Innsbruck","geo.position":{"lat":"47.264176340396226","long":"11.380109057672346"},"geo.region":"Austria"},"_links":{"self":[{"href":"https:\/\/bolting.eu\/en\/wp-json\/wp\/v2\/product\/5312","targetHints":{"allow":["GET"]}}],"collection":[{"href":"https:\/\/bolting.eu\/en\/wp-json\/wp\/v2\/product"}],"about":[{"href":"https:\/\/bolting.eu\/en\/wp-json\/wp\/v2\/types\/product"}],"replies":[{"embeddable":true,"href":"https:\/\/bolting.eu\/en\/wp-json\/wp\/v2\/comments?post=5312"}],"wp:featuredmedia":[{"embeddable":true,"href":"https:\/\/bolting.eu\/en\/wp-json\/wp\/v2\/media\/5317"}],"wp:attachment":[{"href":"https:\/\/bolting.eu\/en\/wp-json\/wp\/v2\/media?parent=5312"}],"wp:term":[{"taxonomy":"product_brand","embeddable":true,"href":"https:\/\/bolting.eu\/en\/wp-json\/wp\/v2\/product_brand?post=5312"},{"taxonomy":"product_cat","embeddable":true,"href":"https:\/\/bolting.eu\/en\/wp-json\/wp\/v2\/product_cat?post=5312"},{"taxonomy":"product_tag","embeddable":true,"href":"https:\/\/bolting.eu\/en\/wp-json\/wp\/v2\/product_tag?post=5312"}],"curies":[{"name":"wp","href":"https:\/\/api.w.org\/{rel}","templated":true}]}}