{"id":5297,"date":"2020-09-06T15:27:42","date_gmt":"2020-09-06T13:27:42","guid":{"rendered":"https:\/\/bolting.eu\/?post_type=product&#038;p=5297"},"modified":"2023-09-14T11:38:37","modified_gmt":"2023-09-14T09:38:37","slug":"edelrid-micro-jul","status":"publish","type":"product","link":"https:\/\/bolting.eu\/en\/shop\/edelrid-micro-jul\/","title":{"rendered":"Edelrid Micro Jul"},"content":{"rendered":"<p>Das Edelrid Micro Jul ist ein Sicherungs- und Abseilger\u00e4t f\u00fcr d\u00fcnnste Kletterseile. Der empfohlene Seildurchmesser betr\u00e4gt 6,9 &#8211; 8,0mm. Somit ist es f\u00fcr die neueste Generation d\u00fcnnster Einfach-, Halb- und Zwillingsseile geeignet.<\/p>\n<p>Ihr habt eines dieser neuen Seile in seiner <a href=\"https:\/\/bolting.eu\/kletterausruestung\/\">Kletterausr\u00fcstung<\/a>? Dann k\u00f6nnt ihr das <a href=\"https:\/\/bolting.eu\/produkt-kategorie\/sicherungsgeraete-klettern\/edelrid-sicherungsgeraet\/\">Edelrid Sicherungsger\u00e4t<\/a> Mega Jul (7,9 -10,5mm) eventuell\u00a0 NICHT verwenden.<\/p>\n<p>Fazit. Ein Sicherungs- und Abseilger\u00e4t f\u00fcr die d\u00fcnnen Seile der neuesten Generation!<\/p>\n<h2>Eigenschaften Edelrid Micro Jul<\/h2>\n<ul>\n<li>Hersteller: <a href=\"https:\/\/bolting.eu\/produkt-kategorie\/edelrid\/\">Edelrid<\/a><\/li>\n<li>Material: Edelstahl<\/li>\n<li>EN Norm: EN Norm: EN 15151-2<\/li>\n<li>Sicherungsger\u00e4te Typ: Tuber<\/li>\n<li>f\u00fcr Einfach-, Doppel- und Halbseile<\/li>\n<li>Gewicht: nur 62 Gramm<\/li>\n<li>f\u00fcr Seildurchmesser 6,9 \u2013 8,9 mm<\/li>\n<li>tolles Allround Ger\u00e4t f\u00fcr d\u00fcnnste Seile<\/li>\n<li>hohe Bremskraft<\/li>\n<li><a href=\"https:\/\/bolting.eu\/produkt-kategorie\/karabiner-kletterkarabiner\/\">Karabiner<\/a> Empfehlung: Edelrid HMS Strike oder HMS Bulletproof<\/li>\n<\/ul>\n<h3>Edelrid Micro Jul Video<\/h3>\n<p>Im folgenden Video wird das Sicherungsger\u00e4t und dessen Verwendung n\u00e4her erkl\u00e4rt. Wir hoffen es hilft euch bei eurer Kaufentscheidung.<\/p>\n<p><iframe loading=\"lazy\" src=\"https:\/\/www.youtube.com\/embed\/D1jCd5rpUB8\" width=\"100%\" height=\"450\" frameborder=\"0\" allowfullscreen=\"allowfullscreen\"><span data-mce-type=\"bookmark\" style=\"display: inline-block; width: 0px; overflow: hidden; line-height: 0;\" class=\"mce_SELRES_start\">\ufeff<\/span><\/iframe><\/p>\n<h3>Auf passenden Karabiner achten!<\/h3>\n<p>Beachtet! F\u00fcr das Edelrid Micro Jul kann man nicht einfach einen beliebigen <a href=\"https:\/\/bolting.eu\/produkt-kategorie\/karabiner-kletterkarabiner\/\">Karabiner<\/a> verwenden. Denn die erw\u00fcnschte hohe Bremskraft h\u00e4ngt ganz entscheidend der Karabinerform ab.<\/p>\n<p>Daher d\u00fcrfen nur HMS Karabiner mit rundem Querschnitt sowie symmetrischem Scheitel verwendet werden!<\/p>\n<p>Ideal sind der Edelrid HMS Strike oder der Edelrid HMS Bulletproof!<\/p>\n<h3>Edelrid Micro Jul &#8211; f\u00fcr d\u00fcnnste Seile<\/h3>\n<p>Mit diesem Produkt hat Edelrid auf den aktuellen Trend reagiert. Zum einen werden die Einfachseile immer d\u00fcnner. Wie beispielsweise das Edelrid Swift oder Beal Joker mit nur 8,9mm.<\/p>\n<figure id=\"attachment_3121\" aria-describedby=\"caption-attachment-3121\" style=\"width: 280px\" class=\"wp-caption alignleft\"><a href=\"https:\/\/bolting.eu\/wp-content\/uploads\/2020\/04\/Kletterseile.jpg\"><img loading=\"lazy\" decoding=\"async\" class=\"wp-image-3121 size-thumbnail\" src=\"https:\/\/bolting.eu\/wp-content\/uploads\/2020\/04\/Kletterseile-280x280.jpg\" alt=\"Das Bild zeigt einen Strang eines gr\u00fcnen Kletterseil von Beal. Der Seilstrang ist aufrecht gerichtet und man sieht ihn direkt von vorne. Man erkennt die Wicklungen des Stranges, das schwarze Hersteller Label im oberen Bereich mit dem Beal Logo, sowie die zwei Verpackungsschlaufen in der Mitte und das gelbe &quot;Unicore&quot; Label im unteren Bereich.\" width=\"280\" height=\"280\" srcset=\"https:\/\/bolting.eu\/wp-content\/uploads\/2020\/04\/Kletterseile-280x280.jpg 280w, https:\/\/bolting.eu\/wp-content\/uploads\/2020\/04\/Kletterseile-247x247.jpg 247w, https:\/\/bolting.eu\/wp-content\/uploads\/2020\/04\/Kletterseile-100x100.jpg 100w, https:\/\/bolting.eu\/wp-content\/uploads\/2020\/04\/Kletterseile-510x510.jpg 510w, https:\/\/bolting.eu\/wp-content\/uploads\/2020\/04\/Kletterseile-400x400.jpg 400w, https:\/\/bolting.eu\/wp-content\/uploads\/2020\/04\/Kletterseile-300x300.jpg 300w, https:\/\/bolting.eu\/wp-content\/uploads\/2020\/04\/Kletterseile-600x600.jpg 600w, https:\/\/bolting.eu\/wp-content\/uploads\/2020\/04\/Kletterseile.jpg 700w\" sizes=\"auto, (max-width: 280px) 100vw, 280px\" \/><\/a><figcaption id=\"caption-attachment-3121\" class=\"wp-caption-text\">D\u00fcnnste Seile mit extrem kleinen Durchmessern brauchen eigene Sicherungs- und Abseilger\u00e4te, wie das Micro Jul.<\/figcaption><\/figure>\n<p>Zum anderen nimmt aber auch der Durchmesser der Doppel- und Halbseile ab. Zum Beispiel das Edelrid Skimmer (7,1mm) oder Apus Pro (7,9mm) usw.<\/p>\n<p>Normale Standard Sicherungs- und Abseilger\u00e4te funktionieren hier nur eingeschr\u00e4nkt oder sogar \u00fcberhaupt nicht mehr.<\/p>\n<p>Das Micro Jul weitet die Durchmesser Skala stark nach unten aus. Folglich k\u00f6nnen all die d\u00fcnnen Seile der neuen Generation damit verwendet werden.<\/p>\n<h3>Zwei Abseilmodi<\/h3>\n<p>Das Edelrid Micro Jul bietet je nach Einh\u00e4ngerichtung in den <a href=\"https:\/\/bolting.eu\/produkt-kategorie\/klettergurte\/\">Klettergurt<\/a> zwei Abseilmodi.<\/p>\n<p>Steht einerseits die blaue Daumenkerbe zum K\u00f6rper, so seilt ihr komplett manuell ab. D.h. ihr m\u00fcsst mit der Bremshand den Seildurchlauf immer kontrollieren.<\/p>\n<p>Steht die blaue Daumenkerbe andererseits vom K\u00f6rper ab, so k\u00f6nnt ihr mit dem automatischen Blockiermechanismus abseilen. Hierf\u00fcr muss man entweder das Sicherungsger\u00e4t wie im Video entsperren. Alternativ kann man auch mit dem festem Druck des Daumen die Blockierfunktion l\u00f6sen.<\/p>\n<p><a href=\"https:\/\/bolting.eu\/wp-content\/uploads\/2020\/09\/Edelrid-Micro-Jul-Abseilen.jpg\"><img loading=\"lazy\" decoding=\"async\" class=\"alignnone size-thumbnail wp-image-5298\" src=\"https:\/\/bolting.eu\/wp-content\/uploads\/2020\/09\/Edelrid-Micro-Jul-Abseilen-280x280.jpg\" alt=\"Das Bild zeigt die Position des Edelrid Micro Jul in der Blockierfunktion.\" width=\"280\" height=\"280\" srcset=\"https:\/\/bolting.eu\/wp-content\/uploads\/2020\/09\/Edelrid-Micro-Jul-Abseilen-280x280.jpg 280w, https:\/\/bolting.eu\/wp-content\/uploads\/2020\/09\/Edelrid-Micro-Jul-Abseilen-100x100.jpg 100w, https:\/\/bolting.eu\/wp-content\/uploads\/2020\/09\/Edelrid-Micro-Jul-Abseilen-300x300.jpg 300w\" sizes=\"auto, (max-width: 280px) 100vw, 280px\" \/><\/a><\/p>\n<h4><strong>Link Tipp<\/strong><\/h4>\n<p>Mehr Informationen zum Edelrid Micro Jul findest Du in der <a href=\"https:\/\/media.edelrid.de\/images\/attribut\/54544017_GAL_MegaJul_MicroJul_MegaJulSport_SS_161205.pdf\" target=\"_blank\" rel=\"noopener noreferrer\">Gebrauchsinformation<\/a> des Herstellers.<\/p>\n","protected":false},"excerpt":{"rendered":"<ul>\n<li>Hersteller: Edelrid<\/li>\n<li>Material: Edelstahl<\/li>\n<li>EN Norm: EN Norm: EN 15151-2<\/li>\n<li>Sicherungsger\u00e4te Typ: Tuber<\/li>\n<li>f\u00fcr Einfach-, Doppel- und Halbseile<\/li>\n<li>Gewicht: nur 62 Gramm<\/li>\n<li>f\u00fcr Seildurchmesser 6,9 \u2013 8,9 mm<\/li>\n<li>tolles Allround Ger\u00e4t f\u00fcr d\u00fcnnste Seile<\/li>\n<li>hohe Bremskraft<\/li>\n<li><a href=\"https:\/\/bolting.eu\/produkt-kategorie\/karabiner-kletterkarabiner\/\">Karabiner<\/a> Empfehlung: Edelrid HMS Strike oder HMS Bulletproof<\/li>\n<\/ul>\n","protected":false},"featured_media":5301,"comment_status":"open","ping_status":"closed","template":"","meta":[],"product_brand":[],"product_cat":[3711,4655,13406,14447,29],"product_tag":[],"class_list":{"0":"post-5297","1":"product","2":"type-product","3":"status-publish","4":"has-post-thumbnail","6":"product_cat-sicherungsgeraete-klettern","7":"product_cat-edelrid","8":"product_cat-edelrid-sicherungsgeraet","9":"product_cat-abseilgeraete","10":"product_cat-kletterausruestung","12":"first","13":"instock","14":"taxable","15":"shipping-taxable","16":"purchasable","17":"product-type-simple"},"yoast_head":"<!-- This site is optimized with the Yoast SEO Premium plugin v26.9 (Yoast SEO v26.9) - https:\/\/yoast.com\/product\/yoast-seo-premium-wordpress\/ -->\n<title>Edelrid Micro Jul Sicherungsger\u00e4t f\u00fcr d\u00fcnne Seile kaufen | bolting.eu<\/title>\n<meta name=\"description\" content=\"Hier findest Du das EDELRID MICRO JUL. Ein universelles Sicherungs- und Abseilger\u00e4t f\u00fcr d\u00fcnnste Seile von 6,9 - 8,9mm Durchmessser!\" \/>\n<meta name=\"robots\" content=\"index, follow, max-snippet:-1, max-image-preview:large, max-video-preview:-1\" \/>\n<link rel=\"canonical\" href=\"https:\/\/bolting.eu\/en\/shop\/edelrid-micro-jul\/\" \/>\n<meta property=\"og:locale\" content=\"en_US\" \/>\n<meta property=\"og:type\" content=\"article\" \/>\n<meta property=\"og:title\" content=\"Edelrid Micro Jul\" \/>\n<meta property=\"og:description\" content=\"Hier findest Du das EDELRID MICRO JUL. Ein universelles Sicherungs- und Abseilger\u00e4t f\u00fcr d\u00fcnnste Seile von 6,9 - 8,9mm Durchmessser!\" \/>\n<meta property=\"og:url\" content=\"https:\/\/bolting.eu\/en\/shop\/edelrid-micro-jul\/\" \/>\n<meta property=\"og:site_name\" content=\"bolting.eu\" \/>\n<meta property=\"article:publisher\" content=\"https:\/\/www.facebook.com\/bolting.eu\" \/>\n<meta property=\"article:modified_time\" content=\"2023-09-14T09:38:37+00:00\" \/>\n<meta property=\"og:image\" content=\"https:\/\/bolting.eu\/wp-content\/uploads\/2020\/09\/Edlerid-Micro-Jul-main.jpg\" \/>\n\t<meta property=\"og:image:width\" content=\"700\" \/>\n\t<meta property=\"og:image:height\" content=\"700\" \/>\n\t<meta property=\"og:image:type\" content=\"image\/jpeg\" \/>\n<meta name=\"twitter:card\" content=\"summary_large_image\" \/>\n<meta name=\"twitter:label1\" content=\"Price\" \/>\n\t<meta name=\"twitter:data1\" content=\"&euro;&nbsp;42,00\" \/>\n\t<meta name=\"twitter:label2\" content=\"Availability\" \/>\n\t<meta name=\"twitter:data2\" content=\"In stock\" \/>\n<script type=\"application\/ld+json\" class=\"yoast-schema-graph\">{\"@context\":\"https:\/\/schema.org\",\"@graph\":[{\"@type\":[\"WebPage\",\"ItemPage\"],\"@id\":\"https:\/\/bolting.eu\/en\/shop\/edelrid-micro-jul\/\",\"url\":\"https:\/\/bolting.eu\/en\/shop\/edelrid-micro-jul\/\",\"name\":\"Edelrid Micro Jul Sicherungsger\u00e4t f\u00fcr d\u00fcnne Seile kaufen | bolting.eu\",\"isPartOf\":{\"@id\":\"https:\/\/bolting.eu\/en\/#website\"},\"primaryImageOfPage\":{\"@id\":\"https:\/\/bolting.eu\/en\/shop\/edelrid-micro-jul\/#primaryimage\"},\"image\":{\"@id\":\"https:\/\/bolting.eu\/en\/shop\/edelrid-micro-jul\/#primaryimage\"},\"thumbnailUrl\":\"https:\/\/bolting.eu\/wp-content\/uploads\/2020\/09\/Edlerid-Micro-Jul-main.jpg\",\"datePublished\":\"2020-09-06T13:27:42+00:00\",\"dateModified\":\"2023-09-14T09:38:37+00:00\",\"description\":\"Hier findest Du das EDELRID MICRO JUL. Ein universelles Sicherungs- und Abseilger\u00e4t f\u00fcr d\u00fcnnste Seile von 6,9 - 8,9mm Durchmessser!\",\"breadcrumb\":{\"@id\":\"https:\/\/bolting.eu\/en\/shop\/edelrid-micro-jul\/#breadcrumb\"},\"inLanguage\":\"en-US\",\"potentialAction\":[{\"@type\":\"ReadAction\",\"target\":[\"https:\/\/bolting.eu\/en\/shop\/edelrid-micro-jul\/\"]}]},{\"@type\":\"ImageObject\",\"inLanguage\":\"en-US\",\"@id\":\"https:\/\/bolting.eu\/en\/shop\/edelrid-micro-jul\/#primaryimage\",\"url\":\"https:\/\/bolting.eu\/wp-content\/uploads\/2020\/09\/Edlerid-Micro-Jul-main.jpg\",\"contentUrl\":\"https:\/\/bolting.eu\/wp-content\/uploads\/2020\/09\/Edlerid-Micro-Jul-main.jpg\",\"width\":700,\"height\":700,\"caption\":\"Das Bild zeigt das Edelrid Micro Jul Sicherungsger\u00e4t. Man erkennt den schwarzen Drahtb\u00fcgel an der Unterseite, den silbernen K\u00f6rper und die blaue Daumenkerbe des Ger\u00e4tes.\"},{\"@type\":\"BreadcrumbList\",\"@id\":\"https:\/\/bolting.eu\/en\/shop\/edelrid-micro-jul\/#breadcrumb\",\"itemListElement\":[{\"@type\":\"ListItem\",\"position\":1,\"name\":\"Shop\",\"item\":\"https:\/\/bolting.eu\/en\/shop\/\"},{\"@type\":\"ListItem\",\"position\":2,\"name\":\"Edelrid\",\"item\":\"https:\/\/bolting.eu\/en\/produkt-kategorie\/edelrid-en\/\"},{\"@type\":\"ListItem\",\"position\":3,\"name\":\"Edelrid Micro Jul\"}]},{\"@type\":\"WebSite\",\"@id\":\"https:\/\/bolting.eu\/en\/#website\",\"url\":\"https:\/\/bolting.eu\/en\/\",\"name\":\"bolting.eu\",\"description\":\"we make climbs happen\",\"publisher\":{\"@id\":\"https:\/\/bolting.eu\/en\/#organization\"},\"potentialAction\":[{\"@type\":\"SearchAction\",\"target\":{\"@type\":\"EntryPoint\",\"urlTemplate\":\"https:\/\/bolting.eu\/en\/?s={search_term_string}\"},\"query-input\":{\"@type\":\"PropertyValueSpecification\",\"valueRequired\":true,\"valueName\":\"search_term_string\"}}],\"inLanguage\":\"en-US\"},{\"@type\":[\"Organization\",\"Place\",\"SportingGoodsStore\"],\"@id\":\"https:\/\/bolting.eu\/en\/#organization\",\"name\":\"bolting.eu\",\"url\":\"https:\/\/bolting.eu\/en\/\",\"logo\":{\"@id\":\"https:\/\/bolting.eu\/en\/shop\/edelrid-micro-jul\/#local-main-organization-logo\"},\"image\":{\"@id\":\"https:\/\/bolting.eu\/en\/shop\/edelrid-micro-jul\/#local-main-organization-logo\"},\"sameAs\":[\"https:\/\/www.facebook.com\/bolting.eu\",\"https:\/\/www.instagram.com\/bolting.eu\/\"],\"address\":{\"@id\":\"https:\/\/bolting.eu\/en\/shop\/edelrid-micro-jul\/#local-main-place-address\"},\"geo\":{\"@type\":\"GeoCoordinates\",\"latitude\":\"47.264176340396226\",\"longitude\":\"11.380109057672346\"},\"telephone\":[\"+43 699 19083372\"],\"openingHoursSpecification\":[{\"@type\":\"OpeningHoursSpecification\",\"dayOfWeek\":[\"Monday\",\"Wednesday\",\"Friday\"],\"opens\":\"14:00\",\"closes\":\"18:00\"},{\"@type\":\"OpeningHoursSpecification\",\"dayOfWeek\":[\"Tuesday\",\"Thursday\",\"Saturday\",\"Sunday\"],\"opens\":\"00:00\",\"closes\":\"00:00\"}],\"email\":\"office@bolting.eu\",\"vatID\":\"ATU59999728\",\"priceRange\":\"$$\",\"currenciesAccepted\":\"Euro\"},{\"@type\":\"PostalAddress\",\"@id\":\"https:\/\/bolting.eu\/en\/shop\/edelrid-micro-jul\/#local-main-place-address\",\"streetAddress\":\"Fischnalerstra\u00dfe 4\",\"addressLocality\":\"Innsbruck\",\"postalCode\":\"6020\",\"addressRegion\":\"Tirol\",\"addressCountry\":\"AT\"},{\"@type\":\"ImageObject\",\"inLanguage\":\"en-US\",\"@id\":\"https:\/\/bolting.eu\/en\/shop\/edelrid-micro-jul\/#local-main-organization-logo\",\"url\":\"https:\/\/bolting.eu\/wp-content\/uploads\/2019\/09\/bolting-logo.png\",\"contentUrl\":\"https:\/\/bolting.eu\/wp-content\/uploads\/2019\/09\/bolting-logo.png\",\"width\":400,\"height\":211,\"caption\":\"bolting.eu\"}]}<\/script>\n<meta property=\"product:price:amount\" content=\"42.00\" \/>\n<meta property=\"product:price:currency\" content=\"EUR\" \/>\n<meta property=\"og:availability\" content=\"instock\" \/>\n<meta property=\"product:availability\" content=\"instock\" \/>\n<meta property=\"product:retailer_item_id\" content=\"717640006630\" \/>\n<meta property=\"product:condition\" content=\"new\" \/>\n<meta name=\"geo.placename\" content=\"Innsbruck\" \/>\n<meta name=\"geo.position\" content=\"47.264176340396226;11.380109057672346\" \/>\n<meta name=\"geo.region\" content=\"Austria\" \/>\n<!-- \/ Yoast SEO Premium plugin. -->","yoast_head_json":{"title":"Edelrid Micro Jul Sicherungsger\u00e4t f\u00fcr d\u00fcnne Seile kaufen | bolting.eu","description":"Hier findest Du das EDELRID MICRO JUL. Ein universelles Sicherungs- und Abseilger\u00e4t f\u00fcr d\u00fcnnste Seile von 6,9 - 8,9mm Durchmessser!","robots":{"index":"index","follow":"follow","max-snippet":"max-snippet:-1","max-image-preview":"max-image-preview:large","max-video-preview":"max-video-preview:-1"},"canonical":"https:\/\/bolting.eu\/en\/shop\/edelrid-micro-jul\/","og_locale":"en_US","og_type":"article","og_title":"Edelrid Micro Jul","og_description":"Hier findest Du das EDELRID MICRO JUL. Ein universelles Sicherungs- und Abseilger\u00e4t f\u00fcr d\u00fcnnste Seile von 6,9 - 8,9mm Durchmessser!","og_url":"https:\/\/bolting.eu\/en\/shop\/edelrid-micro-jul\/","og_site_name":"bolting.eu","article_publisher":"https:\/\/www.facebook.com\/bolting.eu","article_modified_time":"2023-09-14T09:38:37+00:00","og_image":[{"width":700,"height":700,"url":"https:\/\/bolting.eu\/wp-content\/uploads\/2020\/09\/Edlerid-Micro-Jul-main.jpg","type":"image\/jpeg"}],"twitter_card":"summary_large_image","twitter_misc":{"Price":"&euro;&nbsp;42,00","Availability":"In stock"},"schema":{"@context":"https:\/\/schema.org","@graph":[{"@type":["WebPage","ItemPage"],"@id":"https:\/\/bolting.eu\/en\/shop\/edelrid-micro-jul\/","url":"https:\/\/bolting.eu\/en\/shop\/edelrid-micro-jul\/","name":"Edelrid Micro Jul Sicherungsger\u00e4t f\u00fcr d\u00fcnne Seile kaufen | bolting.eu","isPartOf":{"@id":"https:\/\/bolting.eu\/en\/#website"},"primaryImageOfPage":{"@id":"https:\/\/bolting.eu\/en\/shop\/edelrid-micro-jul\/#primaryimage"},"image":{"@id":"https:\/\/bolting.eu\/en\/shop\/edelrid-micro-jul\/#primaryimage"},"thumbnailUrl":"https:\/\/bolting.eu\/wp-content\/uploads\/2020\/09\/Edlerid-Micro-Jul-main.jpg","datePublished":"2020-09-06T13:27:42+00:00","dateModified":"2023-09-14T09:38:37+00:00","description":"Hier findest Du das EDELRID MICRO JUL. Ein universelles Sicherungs- und Abseilger\u00e4t f\u00fcr d\u00fcnnste Seile von 6,9 - 8,9mm Durchmessser!","breadcrumb":{"@id":"https:\/\/bolting.eu\/en\/shop\/edelrid-micro-jul\/#breadcrumb"},"inLanguage":"en-US","potentialAction":[{"@type":"ReadAction","target":["https:\/\/bolting.eu\/en\/shop\/edelrid-micro-jul\/"]}]},{"@type":"ImageObject","inLanguage":"en-US","@id":"https:\/\/bolting.eu\/en\/shop\/edelrid-micro-jul\/#primaryimage","url":"https:\/\/bolting.eu\/wp-content\/uploads\/2020\/09\/Edlerid-Micro-Jul-main.jpg","contentUrl":"https:\/\/bolting.eu\/wp-content\/uploads\/2020\/09\/Edlerid-Micro-Jul-main.jpg","width":700,"height":700,"caption":"Das Bild zeigt das Edelrid Micro Jul Sicherungsger\u00e4t. Man erkennt den schwarzen Drahtb\u00fcgel an der Unterseite, den silbernen K\u00f6rper und die blaue Daumenkerbe des Ger\u00e4tes."},{"@type":"BreadcrumbList","@id":"https:\/\/bolting.eu\/en\/shop\/edelrid-micro-jul\/#breadcrumb","itemListElement":[{"@type":"ListItem","position":1,"name":"Shop","item":"https:\/\/bolting.eu\/en\/shop\/"},{"@type":"ListItem","position":2,"name":"Edelrid","item":"https:\/\/bolting.eu\/en\/produkt-kategorie\/edelrid-en\/"},{"@type":"ListItem","position":3,"name":"Edelrid Micro Jul"}]},{"@type":"WebSite","@id":"https:\/\/bolting.eu\/en\/#website","url":"https:\/\/bolting.eu\/en\/","name":"bolting.eu","description":"we make climbs happen","publisher":{"@id":"https:\/\/bolting.eu\/en\/#organization"},"potentialAction":[{"@type":"SearchAction","target":{"@type":"EntryPoint","urlTemplate":"https:\/\/bolting.eu\/en\/?s={search_term_string}"},"query-input":{"@type":"PropertyValueSpecification","valueRequired":true,"valueName":"search_term_string"}}],"inLanguage":"en-US"},{"@type":["Organization","Place","SportingGoodsStore"],"@id":"https:\/\/bolting.eu\/en\/#organization","name":"bolting.eu","url":"https:\/\/bolting.eu\/en\/","logo":{"@id":"https:\/\/bolting.eu\/en\/shop\/edelrid-micro-jul\/#local-main-organization-logo"},"image":{"@id":"https:\/\/bolting.eu\/en\/shop\/edelrid-micro-jul\/#local-main-organization-logo"},"sameAs":["https:\/\/www.facebook.com\/bolting.eu","https:\/\/www.instagram.com\/bolting.eu\/"],"address":{"@id":"https:\/\/bolting.eu\/en\/shop\/edelrid-micro-jul\/#local-main-place-address"},"geo":{"@type":"GeoCoordinates","latitude":"47.264176340396226","longitude":"11.380109057672346"},"telephone":["+43 699 19083372"],"openingHoursSpecification":[{"@type":"OpeningHoursSpecification","dayOfWeek":["Monday","Wednesday","Friday"],"opens":"14:00","closes":"18:00"},{"@type":"OpeningHoursSpecification","dayOfWeek":["Tuesday","Thursday","Saturday","Sunday"],"opens":"00:00","closes":"00:00"}],"email":"office@bolting.eu","vatID":"ATU59999728","priceRange":"$$","currenciesAccepted":"Euro"},{"@type":"PostalAddress","@id":"https:\/\/bolting.eu\/en\/shop\/edelrid-micro-jul\/#local-main-place-address","streetAddress":"Fischnalerstra\u00dfe 4","addressLocality":"Innsbruck","postalCode":"6020","addressRegion":"Tirol","addressCountry":"AT"},{"@type":"ImageObject","inLanguage":"en-US","@id":"https:\/\/bolting.eu\/en\/shop\/edelrid-micro-jul\/#local-main-organization-logo","url":"https:\/\/bolting.eu\/wp-content\/uploads\/2019\/09\/bolting-logo.png","contentUrl":"https:\/\/bolting.eu\/wp-content\/uploads\/2019\/09\/bolting-logo.png","width":400,"height":211,"caption":"bolting.eu"}]},"product_price_amount":"42.00","product_price_currency":"EUR","og_availability":"instock","product_availability":"instock","product_retailer_item_id":"717640006630","product_condition":"new","geo.placename":"Innsbruck","geo.position":{"lat":"47.264176340396226","long":"11.380109057672346"},"geo.region":"Austria"},"_links":{"self":[{"href":"https:\/\/bolting.eu\/en\/wp-json\/wp\/v2\/product\/5297","targetHints":{"allow":["GET"]}}],"collection":[{"href":"https:\/\/bolting.eu\/en\/wp-json\/wp\/v2\/product"}],"about":[{"href":"https:\/\/bolting.eu\/en\/wp-json\/wp\/v2\/types\/product"}],"replies":[{"embeddable":true,"href":"https:\/\/bolting.eu\/en\/wp-json\/wp\/v2\/comments?post=5297"}],"wp:featuredmedia":[{"embeddable":true,"href":"https:\/\/bolting.eu\/en\/wp-json\/wp\/v2\/media\/5301"}],"wp:attachment":[{"href":"https:\/\/bolting.eu\/en\/wp-json\/wp\/v2\/media?parent=5297"}],"wp:term":[{"taxonomy":"product_brand","embeddable":true,"href":"https:\/\/bolting.eu\/en\/wp-json\/wp\/v2\/product_brand?post=5297"},{"taxonomy":"product_cat","embeddable":true,"href":"https:\/\/bolting.eu\/en\/wp-json\/wp\/v2\/product_cat?post=5297"},{"taxonomy":"product_tag","embeddable":true,"href":"https:\/\/bolting.eu\/en\/wp-json\/wp\/v2\/product_tag?post=5297"}],"curies":[{"name":"wp","href":"https:\/\/api.w.org\/{rel}","templated":true}]}}