{"id":5293,"date":"2020-09-06T14:43:46","date_gmt":"2020-09-06T12:43:46","guid":{"rendered":"https:\/\/bolting.eu\/?post_type=product&#038;p=5293"},"modified":"2023-10-22T09:14:27","modified_gmt":"2023-10-22T07:14:27","slug":"edelrid-eddy","status":"publish","type":"product","link":"https:\/\/bolting.eu\/en\/shop\/edelrid-eddy\/","title":{"rendered":"Edelrid Eddy"},"content":{"rendered":"<p>Das Edelrid Eddy ist ein halbautomatisches Sicherungsger\u00e4t bzw. <a href=\"https:\/\/bolting.eu\/produkt-kategorie\/kletterausruestung\/abseilgeraete\/\">Abseilger\u00e4t<\/a>. D.h. bereits bei leichtem Halten des Kletterseils mit der Bremshand blockiert das Ger\u00e4t. Es funktioniert mit Einfachseilen von 9 &#8211; 11mm Durchmesser.<\/p>\n<p>\u00dcberdies verhindert eine &#8220;Panik Funktion&#8221; ein unkontrolliertes Bedienen des Ablasshebels. Somit ist dieses Ger\u00e4t vor allem f\u00fcr Anf\u00e4nger und bei H\u00f6henarbeiten ideal!<\/p>\n<p>Fazit. Ihr sucht einen verl\u00e4sslichen Halbautomat f\u00fcr eher dickere Seile? Ihr seid Anf\u00e4nger und wollt auch beim Ablassen absolute Sicherheit. Oder ihr sucht ein sicheres Abseilger\u00e4t f\u00fcr H\u00f6henarbeiten? Dann ist der Eddy eine \u00fcberlegenswerte Alternative f\u00fcr eure <a href=\"https:\/\/bolting.eu\/kletterausruestung\/\">Kletterausr\u00fcstung<\/a>.<\/p>\n<h2>Eigenschaften Edelrid Eddy<\/h2>\n<ul>\n<li>Hersteller: <a href=\"https:\/\/bolting.eu\/produkt-kategorie\/edelrid\/\">Edelrid<\/a><\/li>\n<li>Material: Aluminium bzw. Edelstahl<\/li>\n<li>EN Norm: EN Norm: EN 15151-1<\/li>\n<li>Sicherungsger\u00e4te Typ: Halbautomat<\/li>\n<li>f\u00fcr Einfachseile<\/li>\n<li>Gewicht: 360 Gramm<\/li>\n<li>f\u00fcr Seildurchmesser 9 \u2013 11mm<\/li>\n<li>zum Sportklettern bzw. f\u00fcr H\u00f6henarbeiten<\/li>\n<li>Anti-Panik Ablassfunktion<\/li>\n<li>Ikons zeigen am Ger\u00e4t richtige Verwendung an<\/li>\n<\/ul>\n<h3>Lehrvideo Edelrid Eddy<\/h3>\n<p>Der \u00d6sterr. Alpenverein hat ein tolles Video \u00fcber dieses Sicherungsger\u00e4t gemacht. Es erkl\u00e4rt viele Eigenschaften sowie die Verwendung dieses Halbautomaten. Wir hoffen es ist euch bei der Kaufentscheidung eine gute Hilfe.<\/p>\n<p><iframe loading=\"lazy\" src=\"https:\/\/www.youtube.com\/embed\/q272h7Z4R-0\" width=\"100%\" height=\"450\" frameborder=\"0\" allowfullscreen=\"allowfullscreen\"><span data-mce-type=\"bookmark\" style=\"display: inline-block; width: 0px; overflow: hidden; line-height: 0;\" class=\"mce_SELRES_start\">\ufeff<\/span><\/iframe><\/p>\n<h3>Edelrid Eddy &#8211; anders als die anderen!<\/h3>\n<p>Dieses Sicherungsger\u00e4t unterscheidet sich doch deutlich von anderen Halbautomaten.<\/p>\n<p>Denn erstens befindet sich das Sicherungsseil bzw. die Bremshand k\u00f6rpernahe. D.h. im Umkehrschluss. Das Seilende mit dem Kletterer geht vom K\u00f6rper nach vorne weg. Damit unterscheidet sich dieses Sicherungsger\u00e4t zu allen anderen Halbautomaten!<\/p>\n<p>Zweitens ist das Eddy sehr schwer. Der Grund daf\u00fcr liegt im Ursprung in der Arbeitssicherheit.<\/p>\n<p>Darin ist auch der dritte gro\u00dfe Unterschied begr\u00fcndet. Das Ger\u00e4t hat n\u00e4mlich eine Anti-Panik Funktion. Folglich kann der Bremshebel im Notfall nicht unkontrolliert bet\u00e4tigt werden. Wird zu fest gedr\u00fcckt, rastet der Hebel aus und das <a href=\"https:\/\/bolting.eu\/produkt-kategorie\/kletterseil\/\">Kletterseil<\/a> wird automatisch blockiert.<\/p>\n<h3>Schnelles Seilausgeben<\/h3>\n<p>Beim Edelrid Eddy ist das schnelle Seilausgeben etwas gew\u00f6hnungsbed\u00fcrftig.<\/p>\n<p>Denn man muss den Halbautomaten erstens zwischen Daumen und Mittefinger der Bremshand einklemmen. Zweitens muss man mit dem Zeigefinger den Blockiermechanismus dr\u00fccken. Der Ringfinger und kleine Finger umschlie\u00dft das Seil dabei zu jeder Zeit (&#8220;Bremshandprinzip&#8221;).<\/p>\n<figure id=\"attachment_5296\" aria-describedby=\"caption-attachment-5296\" style=\"width: 1024px\" class=\"wp-caption alignnone\"><a href=\"https:\/\/bolting.eu\/wp-content\/uploads\/2020\/09\/Edelrid-Eddy-3.jpg\"><img loading=\"lazy\" decoding=\"async\" class=\"wp-image-5296 size-full\" src=\"https:\/\/bolting.eu\/wp-content\/uploads\/2020\/09\/Edelrid-Eddy-3.jpg\" alt=\"Das Bild zeigt die HAndposition beim Edelrid Eddy, f\u00fcr schnelles Seilausgeben.\" width=\"1024\" height=\"720\" srcset=\"https:\/\/bolting.eu\/wp-content\/uploads\/2020\/09\/Edelrid-Eddy-3.jpg 1024w, https:\/\/bolting.eu\/wp-content\/uploads\/2020\/09\/Edelrid-Eddy-3-510x359.jpg 510w, https:\/\/bolting.eu\/wp-content\/uploads\/2020\/09\/Edelrid-Eddy-3-569x400.jpg 569w, https:\/\/bolting.eu\/wp-content\/uploads\/2020\/09\/Edelrid-Eddy-3-768x540.jpg 768w, https:\/\/bolting.eu\/wp-content\/uploads\/2020\/09\/Edelrid-Eddy-3-600x422.jpg 600w\" sizes=\"auto, (max-width: 1024px) 100vw, 1024px\" \/><\/a><figcaption id=\"caption-attachment-5296\" class=\"wp-caption-text\">Die Handposition f\u00fcr schnelles Seilausgeben ist etwas gew\u00f6hnungsbed\u00fcrftig. Bild aus dem Lehrvideo des \u00d6AV.<\/figcaption><\/figure>\n<h3>Funktioniert unabh\u00e4ngig vom Karabiner bzw. Einlaufwinkel<\/h3>\n<p>Das Edelrid Eddy ist ein verl\u00e4ssliches Sicherungs- und Abseilger\u00e4t.<\/p>\n<p>Es funktioniert zum einen unabh\u00e4ngig vom verwendeten <a href=\"https:\/\/bolting.eu\/produkt-kategorie\/karabiner-kletterkarabiner\/\">Karabiner<\/a> Typ. Allerdings muss es zumindest ein Sicherungskarabiner mit Schraub- oder Twist Lock Verschluss sein.<\/p>\n<p>Zum anderen ist beim Sichern auch der Einlaufwinkel egal. Bei anderen Halbautomat ist die Position der Bremshand vor\/\u00fcber dem Ger\u00e4t ja sehr wichtig. Das Eddy ist hier jedoch ganz unkompliziert. Es blockiert immer gleich, sofern man das Bremshandprinzip beachtet. Also das Bremsseil immer mit der &#8220;Tunnelhand&#8221; umschlie\u00dfen!<\/p>\n<h3>Ideales Abseilger\u00e4t bei H\u00f6henarbeiten<\/h3>\n<p>Die Anti Panik Funktion macht das Edelrid Eddy nach wie vor bei H\u00f6henarbeitern sehr beliebt. Denn wie bereits erw\u00e4hnt, ist eine unkontrollierte Verwendung des Ablasshebels nicht m\u00f6glich.<\/p>\n<p>Zweitens passen die empfohlenen 9 &#8211; 11mm Seildurchmesser ideal zu den verwendeten Statikseilen.<\/p>\n<p>Drittens ist der Ablasshebel relativ gro\u00df. Somit kann er auch mit Handschuhen gut bedient werden.<\/p>\n<p>Folglich ist das Eddy ein fixer Bestandteil des Equipments f\u00fcr viele H\u00f6henarbeiter.<\/p>\n<h4><strong>Link Tipp<\/strong><\/h4>\n<p>Mehr Informationen zum Edelrid Eddy erh\u00e4lt man in der <a href=\"https:\/\/media.edelrid.de\/images\/attribut\/54524_GAL_Eddy_ANSICHT.pdf\" target=\"_blank\" rel=\"noopener noreferrer\">Gebrauchsanleitung<\/a> des Herstellers.<\/p>\n","protected":false},"excerpt":{"rendered":"<ul>\n<li>Hersteller: <a href=\"https:\/\/bolting.eu\/produkt-kategorie\/edelrid\/\">Edelrid<\/a><\/li>\n<li>Material: Aluminium bzw. Edelstahl<\/li>\n<li>EN Norm: EN Norm: EN 15151-1<\/li>\n<li>Sicherungsger\u00e4te Typ: Halbautomat<\/li>\n<li>f\u00fcr Einfachseile<\/li>\n<li>Gewicht: 360 Gramm<\/li>\n<li>f\u00fcr Seildurchmesser 9 \u2013 11mm<\/li>\n<li>zum Sportklettern bzw. f\u00fcr H\u00f6henarbeiten<\/li>\n<li>Anti-Panik Ablassfunktion<\/li>\n<li>Ikons zeigen am Ger\u00e4t richtige Verwendung an<\/li>\n<\/ul>\n","protected":false},"featured_media":5295,"comment_status":"open","ping_status":"closed","template":"","meta":[],"product_brand":[],"product_cat":[3711,4655,13406,14447,29],"product_tag":[2228],"class_list":{"0":"post-5293","1":"product","2":"type-product","3":"status-publish","4":"has-post-thumbnail","6":"product_cat-sicherungsgeraete-klettern","7":"product_cat-edelrid","8":"product_cat-edelrid-sicherungsgeraet","9":"product_cat-abseilgeraete","10":"product_cat-kletterausruestung","11":"product_tag-hoehenarbeiten","13":"first","14":"instock","15":"sale","16":"taxable","17":"shipping-taxable","18":"purchasable","19":"product-type-simple"},"yoast_head":"<!-- This site is optimized with the Yoast SEO Premium plugin v26.9 (Yoast SEO v26.9) - https:\/\/yoast.com\/product\/yoast-seo-premium-wordpress\/ -->\n<title>Edelrid Eddy halbautomatisches Sicherungs- &amp; Abseilger\u00e4t | bolting.eu<\/title>\n<meta name=\"description\" content=\"Hier findest Du das EDELRID EDDY. Ein halbautomatisches Sicherungs- und Abseilger\u00e4t mit Anti-Panik Hebel zum Sportklettern bzw. f\u00fcr H\u00f6henarbeiten.\" \/>\n<meta name=\"robots\" content=\"index, follow, max-snippet:-1, max-image-preview:large, max-video-preview:-1\" \/>\n<link rel=\"canonical\" href=\"https:\/\/bolting.eu\/en\/shop\/edelrid-eddy\/\" \/>\n<meta property=\"og:locale\" content=\"en_US\" \/>\n<meta property=\"og:type\" content=\"article\" \/>\n<meta property=\"og:title\" content=\"Edelrid Eddy\" \/>\n<meta property=\"og:description\" content=\"Hier findest Du das EDELRID EDDY. Ein halbautomatisches Sicherungs- und Abseilger\u00e4t mit Anti-Panik Hebel zum Sportklettern bzw. f\u00fcr H\u00f6henarbeiten.\" \/>\n<meta property=\"og:url\" content=\"https:\/\/bolting.eu\/en\/shop\/edelrid-eddy\/\" \/>\n<meta property=\"og:site_name\" content=\"bolting.eu\" \/>\n<meta property=\"article:publisher\" content=\"https:\/\/www.facebook.com\/bolting.eu\" \/>\n<meta property=\"article:modified_time\" content=\"2023-10-22T07:14:27+00:00\" \/>\n<meta property=\"og:image\" content=\"https:\/\/bolting.eu\/wp-content\/uploads\/2020\/09\/Edelrid-Eddy-1.jpg\" \/>\n\t<meta property=\"og:image:width\" content=\"700\" \/>\n\t<meta property=\"og:image:height\" content=\"700\" \/>\n\t<meta property=\"og:image:type\" content=\"image\/jpeg\" \/>\n<meta name=\"twitter:card\" content=\"summary_large_image\" \/>\n<meta name=\"twitter:label1\" content=\"Price\" \/>\n\t<meta name=\"twitter:data1\" content=\"&euro;&nbsp;110,00\" \/>\n\t<meta name=\"twitter:label2\" content=\"Availability\" \/>\n\t<meta name=\"twitter:data2\" content=\"In stock\" \/>\n<script type=\"application\/ld+json\" class=\"yoast-schema-graph\">{\"@context\":\"https:\/\/schema.org\",\"@graph\":[{\"@type\":[\"WebPage\",\"ItemPage\"],\"@id\":\"https:\/\/bolting.eu\/en\/shop\/edelrid-eddy\/\",\"url\":\"https:\/\/bolting.eu\/en\/shop\/edelrid-eddy\/\",\"name\":\"Edelrid Eddy halbautomatisches Sicherungs- & Abseilger\u00e4t | bolting.eu\",\"isPartOf\":{\"@id\":\"https:\/\/bolting.eu\/en\/#website\"},\"primaryImageOfPage\":{\"@id\":\"https:\/\/bolting.eu\/en\/shop\/edelrid-eddy\/#primaryimage\"},\"image\":{\"@id\":\"https:\/\/bolting.eu\/en\/shop\/edelrid-eddy\/#primaryimage\"},\"thumbnailUrl\":\"https:\/\/bolting.eu\/wp-content\/uploads\/2020\/09\/Edelrid-Eddy-1.jpg\",\"datePublished\":\"2020-09-06T12:43:46+00:00\",\"dateModified\":\"2023-10-22T07:14:27+00:00\",\"description\":\"Hier findest Du das EDELRID EDDY. Ein halbautomatisches Sicherungs- und Abseilger\u00e4t mit Anti-Panik Hebel zum Sportklettern bzw. f\u00fcr H\u00f6henarbeiten.\",\"breadcrumb\":{\"@id\":\"https:\/\/bolting.eu\/en\/shop\/edelrid-eddy\/#breadcrumb\"},\"inLanguage\":\"en-US\",\"potentialAction\":[{\"@type\":\"ReadAction\",\"target\":[\"https:\/\/bolting.eu\/en\/shop\/edelrid-eddy\/\"]}]},{\"@type\":\"ImageObject\",\"inLanguage\":\"en-US\",\"@id\":\"https:\/\/bolting.eu\/en\/shop\/edelrid-eddy\/#primaryimage\",\"url\":\"https:\/\/bolting.eu\/wp-content\/uploads\/2020\/09\/Edelrid-Eddy-1.jpg\",\"contentUrl\":\"https:\/\/bolting.eu\/wp-content\/uploads\/2020\/09\/Edelrid-Eddy-1.jpg\",\"width\":700,\"height\":700,\"caption\":\"Das Bild zeigt das Edelrid Eddy Sicherungsger\u00e4t. Der Halbautomat ist in Bildmitte zu sehen. Man erkennt den schwarzen Grundk\u00f6rper mit wei\u00dfer Aufschrift sowie den gr\u00fcnen Ablasshebel. Diesersteht \u00fcber dem Ger\u00e4t etwas ab.\"},{\"@type\":\"BreadcrumbList\",\"@id\":\"https:\/\/bolting.eu\/en\/shop\/edelrid-eddy\/#breadcrumb\",\"itemListElement\":[{\"@type\":\"ListItem\",\"position\":1,\"name\":\"Shop\",\"item\":\"https:\/\/bolting.eu\/en\/shop\/\"},{\"@type\":\"ListItem\",\"position\":2,\"name\":\"climbing equipment\",\"item\":\"https:\/\/bolting.eu\/en\/produkt-kategorie\/climbing-equipment\/\"},{\"@type\":\"ListItem\",\"position\":3,\"name\":\"Sicherungsger\u00e4te Klettern\",\"item\":\"https:\/\/bolting.eu\/produkt-kategorie\/kletterausruestung\/sicherungsgeraete-klettern\/\"},{\"@type\":\"ListItem\",\"position\":4,\"name\":\"Edelrid Eddy\"}]},{\"@type\":\"WebSite\",\"@id\":\"https:\/\/bolting.eu\/en\/#website\",\"url\":\"https:\/\/bolting.eu\/en\/\",\"name\":\"bolting.eu\",\"description\":\"we make climbs happen\",\"publisher\":{\"@id\":\"https:\/\/bolting.eu\/en\/#organization\"},\"potentialAction\":[{\"@type\":\"SearchAction\",\"target\":{\"@type\":\"EntryPoint\",\"urlTemplate\":\"https:\/\/bolting.eu\/en\/?s={search_term_string}\"},\"query-input\":{\"@type\":\"PropertyValueSpecification\",\"valueRequired\":true,\"valueName\":\"search_term_string\"}}],\"inLanguage\":\"en-US\"},{\"@type\":[\"Organization\",\"Place\",\"SportingGoodsStore\"],\"@id\":\"https:\/\/bolting.eu\/en\/#organization\",\"name\":\"bolting.eu\",\"url\":\"https:\/\/bolting.eu\/en\/\",\"logo\":{\"@id\":\"https:\/\/bolting.eu\/en\/shop\/edelrid-eddy\/#local-main-organization-logo\"},\"image\":{\"@id\":\"https:\/\/bolting.eu\/en\/shop\/edelrid-eddy\/#local-main-organization-logo\"},\"sameAs\":[\"https:\/\/www.facebook.com\/bolting.eu\",\"https:\/\/www.instagram.com\/bolting.eu\/\"],\"address\":{\"@id\":\"https:\/\/bolting.eu\/en\/shop\/edelrid-eddy\/#local-main-place-address\"},\"geo\":{\"@type\":\"GeoCoordinates\",\"latitude\":\"47.264176340396226\",\"longitude\":\"11.380109057672346\"},\"telephone\":[\"+43 699 19083372\"],\"openingHoursSpecification\":[{\"@type\":\"OpeningHoursSpecification\",\"dayOfWeek\":[\"Monday\",\"Wednesday\",\"Friday\"],\"opens\":\"14:00\",\"closes\":\"18:00\"},{\"@type\":\"OpeningHoursSpecification\",\"dayOfWeek\":[\"Tuesday\",\"Thursday\",\"Saturday\",\"Sunday\"],\"opens\":\"00:00\",\"closes\":\"00:00\"}],\"email\":\"office@bolting.eu\",\"vatID\":\"ATU59999728\",\"priceRange\":\"$$\",\"currenciesAccepted\":\"Euro\"},{\"@type\":\"PostalAddress\",\"@id\":\"https:\/\/bolting.eu\/en\/shop\/edelrid-eddy\/#local-main-place-address\",\"streetAddress\":\"Fischnalerstra\u00dfe 4\",\"addressLocality\":\"Innsbruck\",\"postalCode\":\"6020\",\"addressRegion\":\"Tirol\",\"addressCountry\":\"AT\"},{\"@type\":\"ImageObject\",\"inLanguage\":\"en-US\",\"@id\":\"https:\/\/bolting.eu\/en\/shop\/edelrid-eddy\/#local-main-organization-logo\",\"url\":\"https:\/\/bolting.eu\/wp-content\/uploads\/2019\/09\/bolting-logo.png\",\"contentUrl\":\"https:\/\/bolting.eu\/wp-content\/uploads\/2019\/09\/bolting-logo.png\",\"width\":400,\"height\":211,\"caption\":\"bolting.eu\"}]}<\/script>\n<meta property=\"og:video\" content=\"https:\/\/www.youtube.com\/embed\/q272h7Z4R-0\" \/>\n<meta property=\"og:video:type\" content=\"text\/html\" \/>\n<meta property=\"og:video:duration\" content=\"205\" \/>\n<meta property=\"og:video:width\" content=\"480\" \/>\n<meta property=\"og:video:height\" content=\"270\" \/>\n<meta property=\"ya:ovs:adult\" content=\"false\" \/>\n<meta property=\"ya:ovs:upload_date\" content=\"2020-09-06T12:43:46+00:00\" \/>\n<meta property=\"ya:ovs:allow_embed\" content=\"true\" \/>\n<meta property=\"product:price:amount\" content=\"110.00\" \/>\n<meta property=\"product:price:currency\" content=\"EUR\" \/>\n<meta property=\"og:availability\" content=\"instock\" \/>\n<meta property=\"product:availability\" content=\"instock\" \/>\n<meta property=\"product:retailer_item_id\" content=\"752140000170\" \/>\n<meta property=\"product:condition\" content=\"new\" \/>\n<meta name=\"geo.placename\" content=\"Innsbruck\" \/>\n<meta name=\"geo.position\" content=\"47.264176340396226;11.380109057672346\" \/>\n<meta name=\"geo.region\" content=\"Austria\" \/>\n<!-- \/ Yoast SEO Premium plugin. -->","yoast_head_json":{"title":"Edelrid Eddy halbautomatisches Sicherungs- & Abseilger\u00e4t | bolting.eu","description":"Hier findest Du das EDELRID EDDY. Ein halbautomatisches Sicherungs- und Abseilger\u00e4t mit Anti-Panik Hebel zum Sportklettern bzw. f\u00fcr H\u00f6henarbeiten.","robots":{"index":"index","follow":"follow","max-snippet":"max-snippet:-1","max-image-preview":"max-image-preview:large","max-video-preview":"max-video-preview:-1"},"canonical":"https:\/\/bolting.eu\/en\/shop\/edelrid-eddy\/","og_locale":"en_US","og_type":"article","og_title":"Edelrid Eddy","og_description":"Hier findest Du das EDELRID EDDY. Ein halbautomatisches Sicherungs- und Abseilger\u00e4t mit Anti-Panik Hebel zum Sportklettern bzw. f\u00fcr H\u00f6henarbeiten.","og_url":"https:\/\/bolting.eu\/en\/shop\/edelrid-eddy\/","og_site_name":"bolting.eu","article_publisher":"https:\/\/www.facebook.com\/bolting.eu","article_modified_time":"2023-10-22T07:14:27+00:00","og_image":[{"width":700,"height":700,"url":"https:\/\/bolting.eu\/wp-content\/uploads\/2020\/09\/Edelrid-Eddy-1.jpg","type":"image\/jpeg"}],"twitter_card":"summary_large_image","twitter_misc":{"Price":"&euro;&nbsp;110,00","Availability":"In stock"},"schema":{"@context":"https:\/\/schema.org","@graph":[{"@type":["WebPage","ItemPage"],"@id":"https:\/\/bolting.eu\/en\/shop\/edelrid-eddy\/","url":"https:\/\/bolting.eu\/en\/shop\/edelrid-eddy\/","name":"Edelrid Eddy halbautomatisches Sicherungs- & Abseilger\u00e4t | bolting.eu","isPartOf":{"@id":"https:\/\/bolting.eu\/en\/#website"},"primaryImageOfPage":{"@id":"https:\/\/bolting.eu\/en\/shop\/edelrid-eddy\/#primaryimage"},"image":{"@id":"https:\/\/bolting.eu\/en\/shop\/edelrid-eddy\/#primaryimage"},"thumbnailUrl":"https:\/\/bolting.eu\/wp-content\/uploads\/2020\/09\/Edelrid-Eddy-1.jpg","datePublished":"2020-09-06T12:43:46+00:00","dateModified":"2023-10-22T07:14:27+00:00","description":"Hier findest Du das EDELRID EDDY. Ein halbautomatisches Sicherungs- und Abseilger\u00e4t mit Anti-Panik Hebel zum Sportklettern bzw. f\u00fcr H\u00f6henarbeiten.","breadcrumb":{"@id":"https:\/\/bolting.eu\/en\/shop\/edelrid-eddy\/#breadcrumb"},"inLanguage":"en-US","potentialAction":[{"@type":"ReadAction","target":["https:\/\/bolting.eu\/en\/shop\/edelrid-eddy\/"]}]},{"@type":"ImageObject","inLanguage":"en-US","@id":"https:\/\/bolting.eu\/en\/shop\/edelrid-eddy\/#primaryimage","url":"https:\/\/bolting.eu\/wp-content\/uploads\/2020\/09\/Edelrid-Eddy-1.jpg","contentUrl":"https:\/\/bolting.eu\/wp-content\/uploads\/2020\/09\/Edelrid-Eddy-1.jpg","width":700,"height":700,"caption":"Das Bild zeigt das Edelrid Eddy Sicherungsger\u00e4t. Der Halbautomat ist in Bildmitte zu sehen. Man erkennt den schwarzen Grundk\u00f6rper mit wei\u00dfer Aufschrift sowie den gr\u00fcnen Ablasshebel. Diesersteht \u00fcber dem Ger\u00e4t etwas ab."},{"@type":"BreadcrumbList","@id":"https:\/\/bolting.eu\/en\/shop\/edelrid-eddy\/#breadcrumb","itemListElement":[{"@type":"ListItem","position":1,"name":"Shop","item":"https:\/\/bolting.eu\/en\/shop\/"},{"@type":"ListItem","position":2,"name":"climbing equipment","item":"https:\/\/bolting.eu\/en\/produkt-kategorie\/climbing-equipment\/"},{"@type":"ListItem","position":3,"name":"Sicherungsger\u00e4te Klettern","item":"https:\/\/bolting.eu\/produkt-kategorie\/kletterausruestung\/sicherungsgeraete-klettern\/"},{"@type":"ListItem","position":4,"name":"Edelrid Eddy"}]},{"@type":"WebSite","@id":"https:\/\/bolting.eu\/en\/#website","url":"https:\/\/bolting.eu\/en\/","name":"bolting.eu","description":"we make climbs happen","publisher":{"@id":"https:\/\/bolting.eu\/en\/#organization"},"potentialAction":[{"@type":"SearchAction","target":{"@type":"EntryPoint","urlTemplate":"https:\/\/bolting.eu\/en\/?s={search_term_string}"},"query-input":{"@type":"PropertyValueSpecification","valueRequired":true,"valueName":"search_term_string"}}],"inLanguage":"en-US"},{"@type":["Organization","Place","SportingGoodsStore"],"@id":"https:\/\/bolting.eu\/en\/#organization","name":"bolting.eu","url":"https:\/\/bolting.eu\/en\/","logo":{"@id":"https:\/\/bolting.eu\/en\/shop\/edelrid-eddy\/#local-main-organization-logo"},"image":{"@id":"https:\/\/bolting.eu\/en\/shop\/edelrid-eddy\/#local-main-organization-logo"},"sameAs":["https:\/\/www.facebook.com\/bolting.eu","https:\/\/www.instagram.com\/bolting.eu\/"],"address":{"@id":"https:\/\/bolting.eu\/en\/shop\/edelrid-eddy\/#local-main-place-address"},"geo":{"@type":"GeoCoordinates","latitude":"47.264176340396226","longitude":"11.380109057672346"},"telephone":["+43 699 19083372"],"openingHoursSpecification":[{"@type":"OpeningHoursSpecification","dayOfWeek":["Monday","Wednesday","Friday"],"opens":"14:00","closes":"18:00"},{"@type":"OpeningHoursSpecification","dayOfWeek":["Tuesday","Thursday","Saturday","Sunday"],"opens":"00:00","closes":"00:00"}],"email":"office@bolting.eu","vatID":"ATU59999728","priceRange":"$$","currenciesAccepted":"Euro"},{"@type":"PostalAddress","@id":"https:\/\/bolting.eu\/en\/shop\/edelrid-eddy\/#local-main-place-address","streetAddress":"Fischnalerstra\u00dfe 4","addressLocality":"Innsbruck","postalCode":"6020","addressRegion":"Tirol","addressCountry":"AT"},{"@type":"ImageObject","inLanguage":"en-US","@id":"https:\/\/bolting.eu\/en\/shop\/edelrid-eddy\/#local-main-organization-logo","url":"https:\/\/bolting.eu\/wp-content\/uploads\/2019\/09\/bolting-logo.png","contentUrl":"https:\/\/bolting.eu\/wp-content\/uploads\/2019\/09\/bolting-logo.png","width":400,"height":211,"caption":"bolting.eu"}]},"og_video":"https:\/\/www.youtube.com\/embed\/q272h7Z4R-0","og_video_type":"text\/html","og_video_duration":"205","og_video_width":"480","og_video_height":"270","ya_ovs_adult":"false","ya_ovs_upload_date":"2020-09-06T12:43:46+00:00","ya_ovs_allow_embed":"true","product_price_amount":"110.00","product_price_currency":"EUR","og_availability":"instock","product_availability":"instock","product_retailer_item_id":"752140000170","product_condition":"new","geo.placename":"Innsbruck","geo.position":{"lat":"47.264176340396226","long":"11.380109057672346"},"geo.region":"Austria"},"_links":{"self":[{"href":"https:\/\/bolting.eu\/en\/wp-json\/wp\/v2\/product\/5293","targetHints":{"allow":["GET"]}}],"collection":[{"href":"https:\/\/bolting.eu\/en\/wp-json\/wp\/v2\/product"}],"about":[{"href":"https:\/\/bolting.eu\/en\/wp-json\/wp\/v2\/types\/product"}],"replies":[{"embeddable":true,"href":"https:\/\/bolting.eu\/en\/wp-json\/wp\/v2\/comments?post=5293"}],"wp:featuredmedia":[{"embeddable":true,"href":"https:\/\/bolting.eu\/en\/wp-json\/wp\/v2\/media\/5295"}],"wp:attachment":[{"href":"https:\/\/bolting.eu\/en\/wp-json\/wp\/v2\/media?parent=5293"}],"wp:term":[{"taxonomy":"product_brand","embeddable":true,"href":"https:\/\/bolting.eu\/en\/wp-json\/wp\/v2\/product_brand?post=5293"},{"taxonomy":"product_cat","embeddable":true,"href":"https:\/\/bolting.eu\/en\/wp-json\/wp\/v2\/product_cat?post=5293"},{"taxonomy":"product_tag","embeddable":true,"href":"https:\/\/bolting.eu\/en\/wp-json\/wp\/v2\/product_tag?post=5293"}],"curies":[{"name":"wp","href":"https:\/\/api.w.org\/{rel}","templated":true}]}}