{"id":5288,"date":"2020-09-06T13:43:49","date_gmt":"2020-09-06T11:43:49","guid":{"rendered":"https:\/\/bolting.eu\/?post_type=product&#038;p=5288"},"modified":"2026-03-20T13:52:01","modified_gmt":"2026-03-20T12:52:01","slug":"edelrid-mega-jul","status":"publish","type":"product","link":"https:\/\/bolting.eu\/en\/shop\/edelrid-mega-jul\/","title":{"rendered":"Edelrid Mega Jul"},"content":{"rendered":"<p>Das Edelrid Mega Jul ist ein extrem beliebtes Sicherungsger\u00e4t mit sehr hoher Bremskraft. Der &#8220;Tuber&#8221; kann sowohl mit Einfach- als auch Doppel- und Halbseilen verwendet werden. Folglich findet man dieses Produkt einerseits in der <a href=\"https:\/\/bolting.eu\/kletterausruestung\/\">Kletterausr\u00fcstung<\/a> von Sportkletterern. Andererseits aber auch von Alpinisten. Denn das <a href=\"https:\/\/bolting.eu\/produkt-kategorie\/sicherungsgeraete-klettern\/edelrid-sicherungsgeraet\/\">Edelrid Sicherungsger\u00e4t<\/a> hat ein paar richtig coole Features die es so vielseitig machen.<\/p>\n<p>Erstens kann es mit allen drei Seiltypen verwendet werden. Der Seildurchmesser kann von 7,9 bis 10,5mm reichen. Somit deckt es den gr\u00f6\u00dften Bereich aller g\u00e4ngigen Halb-, Doppel und Einfachseile ab.<\/p>\n<p>Zweitens hat es eine Auto-Block Funktion. D.h. im Nachstieg blockiert das Ger\u00e4t automatisch bei allen drei Seiltypen.<\/p>\n<p>Drittens besteht es aus Edelstahl. Folglich ist es extrem abriebfest und somit langlebig. Deshalb hat man mit diesem Sicherungsger\u00e4t sehr lange eine Freude.<\/p>\n<p>Viertens hat es mit gerade einmal 65 Gramm eine extrem tolles Gewichts-Leistungs Verh\u00e4ltnis.<\/p>\n<p>Kurzum. Ihr sucht ein vielseitiges und leichtes Sicherungsger\u00e4t mit hoher Bremskraft? Ein Ger\u00e4t f\u00fcr alle Seiltypen bzw. Alpinsportarten? Dann ist dieses Ger\u00e4t eine extrem gute Wahl!<\/p>\n<h2>Eigenschaften Edelrid Mega Jul<\/h2>\n<ul>\n<li>Hersteller: <a href=\"https:\/\/bolting.eu\/produkt-kategorie\/edelrid\/\">Edelrid<\/a><\/li>\n<li>Material: Edelstahl<\/li>\n<li>EN Norm: EN Norm: EN 15151-2<\/li>\n<li>Sicherungsger\u00e4te Typ: Tuber<\/li>\n<li>f\u00fcr Einfach-, Doppel- und Halbseile<\/li>\n<li>Gewicht: nur 65 Gramm bzw. 149 Gramm (plus Karabiner)<\/li>\n<li>f\u00fcr Seildurchmesser 7,9 \u2013 10,5 mm<\/li>\n<li>tolles Allround Ger\u00e4t f\u00fcr alle Alpinsportarten<\/li>\n<li>hohe Bremskraft<\/li>\n<li><a href=\"https:\/\/bolting.eu\/produkt-kategorie\/karabiner-kletterkarabiner\/\">Karabiner<\/a> Empfehlung: Edelrid HMS Strike oder HMS Bulletproof<\/li>\n<li>auch als komplettes Set erh\u00e4ltlich<\/li>\n<\/ul>\n<div class=\"mceTemp\"><\/div>\n<h4><strong>Link Tipp<\/strong><\/h4>\n<p>Mehr Informationen zum Produkt erh\u00e4lt man in der <a href=\"https:\/\/media.edelrid.de\/images\/attribut\/54544017_GAL_MegaJul_MicroJul_MegaJulSport_SS_161205.pdf\" target=\"_blank\" rel=\"noopener noreferrer\">Bedienungsanleitung<\/a> des Herstellers.<\/p>\n","protected":false},"excerpt":{"rendered":"<ul>\n<li>Hersteller: Edelrid<\/li>\n<li>Material: Edelstahl<\/li>\n<li>EN Norm: EN Norm: EN 15151-2<\/li>\n<li>Sicherungsger\u00e4te Typ: Tuber<\/li>\n<li>f\u00fcr Einfach-, Doppel- und Halbseile<\/li>\n<li>Gewicht: nur 65 Gramm bzw. 149 Gramm (plus Karabiner)<\/li>\n<li>f\u00fcr Seildurchmesser 7,9 \u2013 10,5 mm<\/li>\n<li>tolles Allround Ger\u00e4t f\u00fcr alle Alpinsportarten<\/li>\n<li>hohe Bremskraft<\/li>\n<li>Karabiner Empfehlung: Edelrid HMS Strike oder HMS Bulletproof<\/li>\n<li>auch als komplettes Set erh\u00e4ltlich<\/li>\n<\/ul>\n","protected":false},"featured_media":5291,"comment_status":"open","ping_status":"closed","template":"","meta":[],"product_brand":[],"product_cat":[14447,4655,13406,29,3711],"product_tag":[],"class_list":{"0":"post-5288","1":"product","2":"type-product","3":"status-publish","4":"has-post-thumbnail","6":"product_cat-abseilgeraete","7":"product_cat-edelrid","8":"product_cat-edelrid-sicherungsgeraet","9":"product_cat-kletterausruestung","10":"product_cat-sicherungsgeraete-klettern","12":"first","13":"instock","14":"sale","15":"taxable","16":"shipping-taxable","17":"purchasable","18":"product-type-variable"},"yoast_head":"<!-- This site is optimized with the Yoast SEO Premium plugin v26.9 (Yoast SEO v26.9) - https:\/\/yoast.com\/product\/yoast-seo-premium-wordpress\/ -->\n<title>Edelrid Mega Jul - Allround Sicherungs- &amp; Abseilger\u00e4t | bolting.eu<\/title>\n<meta name=\"description\" content=\"Hier findest Du das EDELRID MEGA JUL Sicherungs- &amp; Abseilger\u00e4t mit hoher Bremskraft. Ein tolles Allround Ger\u00e4t f\u00fcr alle Alpinsportarten\" \/>\n<meta name=\"robots\" content=\"index, follow, max-snippet:-1, max-image-preview:large, max-video-preview:-1\" \/>\n<link rel=\"canonical\" href=\"https:\/\/bolting.eu\/en\/shop\/edelrid-mega-jul\/\" \/>\n<meta property=\"og:locale\" content=\"en_US\" \/>\n<meta property=\"og:type\" content=\"article\" \/>\n<meta property=\"og:title\" content=\"Edelrid Mega Jul\" \/>\n<meta property=\"og:description\" content=\"Hier findest Du das EDELRID MEGA JUL Sicherungs- &amp; Abseilger\u00e4t mit hoher Bremskraft. Ein tolles Allround Ger\u00e4t f\u00fcr alle Alpinsportarten\" \/>\n<meta property=\"og:url\" content=\"https:\/\/bolting.eu\/en\/shop\/edelrid-mega-jul\/\" \/>\n<meta property=\"og:site_name\" content=\"bolting.eu\" \/>\n<meta property=\"article:publisher\" content=\"https:\/\/www.facebook.com\/bolting.eu\" \/>\n<meta property=\"article:modified_time\" content=\"2026-03-20T12:52:01+00:00\" \/>\n<meta property=\"og:image\" content=\"https:\/\/bolting.eu\/wp-content\/uploads\/2020\/09\/Edelrid-Mega-Jul-1.jpg\" \/>\n\t<meta property=\"og:image:width\" content=\"700\" \/>\n\t<meta property=\"og:image:height\" content=\"700\" \/>\n\t<meta property=\"og:image:type\" content=\"image\/jpeg\" \/>\n<meta name=\"twitter:card\" content=\"summary_large_image\" \/>\n<meta name=\"twitter:label1\" content=\"Availability\" \/>\n\t<meta name=\"twitter:data1\" content=\"In stock\" \/>\n<script type=\"application\/ld+json\" class=\"yoast-schema-graph\">{\"@context\":\"https:\/\/schema.org\",\"@graph\":[{\"@type\":[\"WebPage\",\"ItemPage\"],\"@id\":\"https:\/\/bolting.eu\/en\/shop\/edelrid-mega-jul\/\",\"url\":\"https:\/\/bolting.eu\/en\/shop\/edelrid-mega-jul\/\",\"name\":\"Edelrid Mega Jul - Allround Sicherungs- & Abseilger\u00e4t | bolting.eu\",\"isPartOf\":{\"@id\":\"https:\/\/bolting.eu\/en\/#website\"},\"primaryImageOfPage\":{\"@id\":\"https:\/\/bolting.eu\/en\/shop\/edelrid-mega-jul\/#primaryimage\"},\"image\":{\"@id\":\"https:\/\/bolting.eu\/en\/shop\/edelrid-mega-jul\/#primaryimage\"},\"thumbnailUrl\":\"https:\/\/bolting.eu\/wp-content\/uploads\/2020\/09\/Edelrid-Mega-Jul-1.jpg\",\"datePublished\":\"2020-09-06T11:43:49+00:00\",\"dateModified\":\"2026-03-20T12:52:01+00:00\",\"description\":\"Hier findest Du das EDELRID MEGA JUL Sicherungs- & Abseilger\u00e4t mit hoher Bremskraft. Ein tolles Allround Ger\u00e4t f\u00fcr alle Alpinsportarten\",\"breadcrumb\":{\"@id\":\"https:\/\/bolting.eu\/en\/shop\/edelrid-mega-jul\/#breadcrumb\"},\"inLanguage\":\"en-US\",\"potentialAction\":[{\"@type\":\"ReadAction\",\"target\":[\"https:\/\/bolting.eu\/en\/shop\/edelrid-mega-jul\/\"]}]},{\"@type\":\"ImageObject\",\"inLanguage\":\"en-US\",\"@id\":\"https:\/\/bolting.eu\/en\/shop\/edelrid-mega-jul\/#primaryimage\",\"url\":\"https:\/\/bolting.eu\/wp-content\/uploads\/2020\/09\/Edelrid-Mega-Jul-1.jpg\",\"contentUrl\":\"https:\/\/bolting.eu\/wp-content\/uploads\/2020\/09\/Edelrid-Mega-Jul-1.jpg\",\"width\":700,\"height\":700,\"caption\":\"Das Bild zeigt das Edelrid Mega Jul Sicherungsger\u00e4t. Das Ger\u00e4t liegt in Bildmitte, man erkennt den Drahtb\u00fcgel an der Unterseite sowie den Edelstahlk\u00f6rper mit dem Logo. Rechts die Kerbe f\u00fcr den Daumen.\"},{\"@type\":\"BreadcrumbList\",\"@id\":\"https:\/\/bolting.eu\/en\/shop\/edelrid-mega-jul\/#breadcrumb\",\"itemListElement\":[{\"@type\":\"ListItem\",\"position\":1,\"name\":\"Shop\",\"item\":\"https:\/\/bolting.eu\/en\/shop\/\"},{\"@type\":\"ListItem\",\"position\":2,\"name\":\"climbing equipment\",\"item\":\"https:\/\/bolting.eu\/en\/produkt-kategorie\/climbing-equipment\/\"},{\"@type\":\"ListItem\",\"position\":3,\"name\":\"Sicherungsger\u00e4te Klettern\",\"item\":\"https:\/\/bolting.eu\/produkt-kategorie\/kletterausruestung\/sicherungsgeraete-klettern\/\"},{\"@type\":\"ListItem\",\"position\":4,\"name\":\"Edelrid Mega Jul\"}]},{\"@type\":\"WebSite\",\"@id\":\"https:\/\/bolting.eu\/en\/#website\",\"url\":\"https:\/\/bolting.eu\/en\/\",\"name\":\"bolting.eu\",\"description\":\"we make climbs happen\",\"publisher\":{\"@id\":\"https:\/\/bolting.eu\/en\/#organization\"},\"potentialAction\":[{\"@type\":\"SearchAction\",\"target\":{\"@type\":\"EntryPoint\",\"urlTemplate\":\"https:\/\/bolting.eu\/en\/?s={search_term_string}\"},\"query-input\":{\"@type\":\"PropertyValueSpecification\",\"valueRequired\":true,\"valueName\":\"search_term_string\"}}],\"inLanguage\":\"en-US\"},{\"@type\":[\"Organization\",\"Place\",\"SportingGoodsStore\"],\"@id\":\"https:\/\/bolting.eu\/en\/#organization\",\"name\":\"bolting.eu\",\"url\":\"https:\/\/bolting.eu\/en\/\",\"logo\":{\"@id\":\"https:\/\/bolting.eu\/en\/shop\/edelrid-mega-jul\/#local-main-organization-logo\"},\"image\":{\"@id\":\"https:\/\/bolting.eu\/en\/shop\/edelrid-mega-jul\/#local-main-organization-logo\"},\"sameAs\":[\"https:\/\/www.facebook.com\/bolting.eu\",\"https:\/\/www.instagram.com\/bolting.eu\/\"],\"address\":{\"@id\":\"https:\/\/bolting.eu\/en\/shop\/edelrid-mega-jul\/#local-main-place-address\"},\"geo\":{\"@type\":\"GeoCoordinates\",\"latitude\":\"47.264176340396226\",\"longitude\":\"11.380109057672346\"},\"telephone\":[\"+43 699 19083372\"],\"openingHoursSpecification\":[{\"@type\":\"OpeningHoursSpecification\",\"dayOfWeek\":[\"Monday\",\"Wednesday\",\"Friday\"],\"opens\":\"14:00\",\"closes\":\"18:00\"},{\"@type\":\"OpeningHoursSpecification\",\"dayOfWeek\":[\"Tuesday\",\"Thursday\",\"Saturday\",\"Sunday\"],\"opens\":\"00:00\",\"closes\":\"00:00\"}],\"email\":\"office@bolting.eu\",\"vatID\":\"ATU59999728\",\"priceRange\":\"$$\",\"currenciesAccepted\":\"Euro\"},{\"@type\":\"PostalAddress\",\"@id\":\"https:\/\/bolting.eu\/en\/shop\/edelrid-mega-jul\/#local-main-place-address\",\"streetAddress\":\"Fischnalerstra\u00dfe 4\",\"addressLocality\":\"Innsbruck\",\"postalCode\":\"6020\",\"addressRegion\":\"Tirol\",\"addressCountry\":\"AT\"},{\"@type\":\"ImageObject\",\"inLanguage\":\"en-US\",\"@id\":\"https:\/\/bolting.eu\/en\/shop\/edelrid-mega-jul\/#local-main-organization-logo\",\"url\":\"https:\/\/bolting.eu\/wp-content\/uploads\/2019\/09\/bolting-logo.png\",\"contentUrl\":\"https:\/\/bolting.eu\/wp-content\/uploads\/2019\/09\/bolting-logo.png\",\"width\":400,\"height\":211,\"caption\":\"bolting.eu\"}]}<\/script>\n<meta property=\"og:availability\" content=\"instock\" \/>\n<meta property=\"product:availability\" content=\"instock\" \/>\n<meta property=\"product:condition\" content=\"new\" \/>\n<meta name=\"geo.placename\" content=\"Innsbruck\" \/>\n<meta name=\"geo.position\" content=\"47.264176340396226;11.380109057672346\" \/>\n<meta name=\"geo.region\" content=\"Austria\" \/>\n<!-- \/ Yoast SEO Premium plugin. -->","yoast_head_json":{"title":"Edelrid Mega Jul - Allround Sicherungs- & Abseilger\u00e4t | bolting.eu","description":"Hier findest Du das EDELRID MEGA JUL Sicherungs- & Abseilger\u00e4t mit hoher Bremskraft. Ein tolles Allround Ger\u00e4t f\u00fcr alle Alpinsportarten","robots":{"index":"index","follow":"follow","max-snippet":"max-snippet:-1","max-image-preview":"max-image-preview:large","max-video-preview":"max-video-preview:-1"},"canonical":"https:\/\/bolting.eu\/en\/shop\/edelrid-mega-jul\/","og_locale":"en_US","og_type":"article","og_title":"Edelrid Mega Jul","og_description":"Hier findest Du das EDELRID MEGA JUL Sicherungs- & Abseilger\u00e4t mit hoher Bremskraft. Ein tolles Allround Ger\u00e4t f\u00fcr alle Alpinsportarten","og_url":"https:\/\/bolting.eu\/en\/shop\/edelrid-mega-jul\/","og_site_name":"bolting.eu","article_publisher":"https:\/\/www.facebook.com\/bolting.eu","article_modified_time":"2026-03-20T12:52:01+00:00","og_image":[{"width":700,"height":700,"url":"https:\/\/bolting.eu\/wp-content\/uploads\/2020\/09\/Edelrid-Mega-Jul-1.jpg","type":"image\/jpeg"}],"twitter_card":"summary_large_image","twitter_misc":{"Availability":"In stock"},"schema":{"@context":"https:\/\/schema.org","@graph":[{"@type":["WebPage","ItemPage"],"@id":"https:\/\/bolting.eu\/en\/shop\/edelrid-mega-jul\/","url":"https:\/\/bolting.eu\/en\/shop\/edelrid-mega-jul\/","name":"Edelrid Mega Jul - Allround Sicherungs- & Abseilger\u00e4t | bolting.eu","isPartOf":{"@id":"https:\/\/bolting.eu\/en\/#website"},"primaryImageOfPage":{"@id":"https:\/\/bolting.eu\/en\/shop\/edelrid-mega-jul\/#primaryimage"},"image":{"@id":"https:\/\/bolting.eu\/en\/shop\/edelrid-mega-jul\/#primaryimage"},"thumbnailUrl":"https:\/\/bolting.eu\/wp-content\/uploads\/2020\/09\/Edelrid-Mega-Jul-1.jpg","datePublished":"2020-09-06T11:43:49+00:00","dateModified":"2026-03-20T12:52:01+00:00","description":"Hier findest Du das EDELRID MEGA JUL Sicherungs- & Abseilger\u00e4t mit hoher Bremskraft. Ein tolles Allround Ger\u00e4t f\u00fcr alle Alpinsportarten","breadcrumb":{"@id":"https:\/\/bolting.eu\/en\/shop\/edelrid-mega-jul\/#breadcrumb"},"inLanguage":"en-US","potentialAction":[{"@type":"ReadAction","target":["https:\/\/bolting.eu\/en\/shop\/edelrid-mega-jul\/"]}]},{"@type":"ImageObject","inLanguage":"en-US","@id":"https:\/\/bolting.eu\/en\/shop\/edelrid-mega-jul\/#primaryimage","url":"https:\/\/bolting.eu\/wp-content\/uploads\/2020\/09\/Edelrid-Mega-Jul-1.jpg","contentUrl":"https:\/\/bolting.eu\/wp-content\/uploads\/2020\/09\/Edelrid-Mega-Jul-1.jpg","width":700,"height":700,"caption":"Das Bild zeigt das Edelrid Mega Jul Sicherungsger\u00e4t. Das Ger\u00e4t liegt in Bildmitte, man erkennt den Drahtb\u00fcgel an der Unterseite sowie den Edelstahlk\u00f6rper mit dem Logo. Rechts die Kerbe f\u00fcr den Daumen."},{"@type":"BreadcrumbList","@id":"https:\/\/bolting.eu\/en\/shop\/edelrid-mega-jul\/#breadcrumb","itemListElement":[{"@type":"ListItem","position":1,"name":"Shop","item":"https:\/\/bolting.eu\/en\/shop\/"},{"@type":"ListItem","position":2,"name":"climbing equipment","item":"https:\/\/bolting.eu\/en\/produkt-kategorie\/climbing-equipment\/"},{"@type":"ListItem","position":3,"name":"Sicherungsger\u00e4te Klettern","item":"https:\/\/bolting.eu\/produkt-kategorie\/kletterausruestung\/sicherungsgeraete-klettern\/"},{"@type":"ListItem","position":4,"name":"Edelrid Mega Jul"}]},{"@type":"WebSite","@id":"https:\/\/bolting.eu\/en\/#website","url":"https:\/\/bolting.eu\/en\/","name":"bolting.eu","description":"we make climbs happen","publisher":{"@id":"https:\/\/bolting.eu\/en\/#organization"},"potentialAction":[{"@type":"SearchAction","target":{"@type":"EntryPoint","urlTemplate":"https:\/\/bolting.eu\/en\/?s={search_term_string}"},"query-input":{"@type":"PropertyValueSpecification","valueRequired":true,"valueName":"search_term_string"}}],"inLanguage":"en-US"},{"@type":["Organization","Place","SportingGoodsStore"],"@id":"https:\/\/bolting.eu\/en\/#organization","name":"bolting.eu","url":"https:\/\/bolting.eu\/en\/","logo":{"@id":"https:\/\/bolting.eu\/en\/shop\/edelrid-mega-jul\/#local-main-organization-logo"},"image":{"@id":"https:\/\/bolting.eu\/en\/shop\/edelrid-mega-jul\/#local-main-organization-logo"},"sameAs":["https:\/\/www.facebook.com\/bolting.eu","https:\/\/www.instagram.com\/bolting.eu\/"],"address":{"@id":"https:\/\/bolting.eu\/en\/shop\/edelrid-mega-jul\/#local-main-place-address"},"geo":{"@type":"GeoCoordinates","latitude":"47.264176340396226","longitude":"11.380109057672346"},"telephone":["+43 699 19083372"],"openingHoursSpecification":[{"@type":"OpeningHoursSpecification","dayOfWeek":["Monday","Wednesday","Friday"],"opens":"14:00","closes":"18:00"},{"@type":"OpeningHoursSpecification","dayOfWeek":["Tuesday","Thursday","Saturday","Sunday"],"opens":"00:00","closes":"00:00"}],"email":"office@bolting.eu","vatID":"ATU59999728","priceRange":"$$","currenciesAccepted":"Euro"},{"@type":"PostalAddress","@id":"https:\/\/bolting.eu\/en\/shop\/edelrid-mega-jul\/#local-main-place-address","streetAddress":"Fischnalerstra\u00dfe 4","addressLocality":"Innsbruck","postalCode":"6020","addressRegion":"Tirol","addressCountry":"AT"},{"@type":"ImageObject","inLanguage":"en-US","@id":"https:\/\/bolting.eu\/en\/shop\/edelrid-mega-jul\/#local-main-organization-logo","url":"https:\/\/bolting.eu\/wp-content\/uploads\/2019\/09\/bolting-logo.png","contentUrl":"https:\/\/bolting.eu\/wp-content\/uploads\/2019\/09\/bolting-logo.png","width":400,"height":211,"caption":"bolting.eu"}]},"og_availability":"instock","product_availability":"instock","product_condition":"new","geo.placename":"Innsbruck","geo.position":{"lat":"47.264176340396226","long":"11.380109057672346"},"geo.region":"Austria"},"_links":{"self":[{"href":"https:\/\/bolting.eu\/en\/wp-json\/wp\/v2\/product\/5288","targetHints":{"allow":["GET"]}}],"collection":[{"href":"https:\/\/bolting.eu\/en\/wp-json\/wp\/v2\/product"}],"about":[{"href":"https:\/\/bolting.eu\/en\/wp-json\/wp\/v2\/types\/product"}],"replies":[{"embeddable":true,"href":"https:\/\/bolting.eu\/en\/wp-json\/wp\/v2\/comments?post=5288"}],"wp:featuredmedia":[{"embeddable":true,"href":"https:\/\/bolting.eu\/en\/wp-json\/wp\/v2\/media\/5291"}],"wp:attachment":[{"href":"https:\/\/bolting.eu\/en\/wp-json\/wp\/v2\/media?parent=5288"}],"wp:term":[{"taxonomy":"product_brand","embeddable":true,"href":"https:\/\/bolting.eu\/en\/wp-json\/wp\/v2\/product_brand?post=5288"},{"taxonomy":"product_cat","embeddable":true,"href":"https:\/\/bolting.eu\/en\/wp-json\/wp\/v2\/product_cat?post=5288"},{"taxonomy":"product_tag","embeddable":true,"href":"https:\/\/bolting.eu\/en\/wp-json\/wp\/v2\/product_tag?post=5288"}],"curies":[{"name":"wp","href":"https:\/\/api.w.org\/{rel}","templated":true}]}}