{"id":5276,"date":"2020-09-06T11:27:29","date_gmt":"2020-09-06T09:27:29","guid":{"rendered":"https:\/\/bolting.eu\/?post_type=product&#038;p=5276"},"modified":"2026-03-04T19:24:08","modified_gmt":"2026-03-04T18:24:08","slug":"edelrid-giga-jul","status":"publish","type":"product","link":"https:\/\/bolting.eu\/en\/shop\/edelrid-giga-jul\/","title":{"rendered":"Edelrid Giga Jul"},"content":{"rendered":"<p>Das Edelrid Giga Jul ist ein unglaublich smartes Sicherungs- und <a href=\"https:\/\/bolting.eu\/produkt-kategorie\/kletterausruestung\/abseilgeraete\/\">Abseilger\u00e4t<\/a>. Denn es vereint <strong>zwei Arten von Sicherungsger\u00e4ten in einem Ger\u00e4t<\/strong>. Es ist <strong>f\u00fcr Einfach-, Halb- sowie Zwillingsseile<\/strong> geeignet.<\/p>\n<p>Zum einen ist es ein <strong>normales manuelles Sicherungsger\u00e4t<\/strong>. D.h. ein <strong>&#8220;normaler&#8221; Tuber<\/strong> wie jeder andere auch. Und zum anderen ist es aber auch ein <strong>bremskraftunterst\u00fctzendes Sicherungsger\u00e4t<\/strong>. Oder besser formuliert. Auch ein <strong>Autotuber<\/strong>!<\/p>\n<p>M\u00f6glich macht dies ein kleiner Schieber auf der Ger\u00e4te Oberseite. Denn mit ihm kann man einfach zwischen den zwei Modi w\u00e4hlen.<\/p>\n<p>\u00dcberdies kann man dieses Ger\u00e4t <strong>wie ein &#8220;Reverso&#8221; zum Nachsichern<\/strong>\u00a0 verwenden.<\/p>\n<p>Ihr findet hier die &#8220;solo&#8221; Variante als auch den Belay Kit. Dieser hat einen passenden HMS Strike Screw dabei.<\/p>\n<p>Fazit. Das wohl kompakteste und vielseitigste Sicherungsger\u00e4t am Markt. Dieses <a href=\"https:\/\/bolting.eu\/produkt-kategorie\/sicherungsgeraete-klettern\/edelrid-sicherungsgeraet\/\">Edelrid Sicherungsger\u00e4t<\/a> sollte in keiner <a href=\"https:\/\/bolting.eu\/kletterausruestung\/\">Kletterausr\u00fcstung<\/a> fehlen!<\/p>\n<h2>Giga Jul &#8211; wieso?<\/h2>\n<p>Wof\u00fcr ist ein Sicherungsger\u00e4t mit zwei Modi sinnvoll?<\/p>\n<p>Eine klasse Frage welche aber leicht zu beantworten ist. Denn es <strong>macht f\u00fcr alle Kletterer Sinn, die verschiedene Kletterdisziplinen aus\u00fcben<\/strong>!<\/p>\n<p>Erstens verwendet man den <strong>manuellen Modus z.B. beim Sichern im alpinen Gel\u00e4nde mit Doppelseil.<\/strong> Hierbei kann man sowohl rasch Seil ausgeben als auch perfekt Nachsichern. Zweitens macht der manuelle Modus auch <strong>beim Abseilen voll Sinn<\/strong>.<\/p>\n<p>Der bremskraftverst\u00e4rkende Modus ist beim <strong>Sportklettern mit dem Einfachseil<\/strong> extrem n\u00fctzlich. Besonders bei Anf\u00e4ngern. Zum einen bietet die <strong>Blockierfunktion ein Plus an Sicherheit<\/strong>. Zum anderen kann man mit dem Daumen das Ger\u00e4t zudem &#8220;offen halten&#8221;. Folglich l\u00e4sst sich hier das Seil super schnell ausgeben.<\/p>\n<h2>Eigenschaften Giga Jul<\/h2>\n<ul>\n<li>Hersteller: <a href=\"https:\/\/bolting.eu\/produkt-kategorie\/edelrid\/\">Edelrid<\/a><\/li>\n<li>Material: Alu bzw. Edelstahl<\/li>\n<li>EN Norm: EN Norm: EN 15151-2<\/li>\n<li>f\u00fcr Einfach-, Halb- und Zwillingsseile<\/li>\n<li>Gewicht: 121 Gramm<\/li>\n<li>Hybrid Bauweise: K\u00f6rper Alu &#8211; Seilausl\u00e4sse Edelstahl<\/li>\n<li>Schieber macht aus manuellen Tuber einen Autotuber<\/li>\n<li>Auto-Block Funktion beim Nachsichern<\/li>\n<li>f\u00fcr Seildurchmesser 7,1 &#8211; 10mm<\/li>\n<li>super zum Sport- UND Alpinklettern<\/li>\n<li><a href=\"https:\/\/bolting.eu\/produkt-kategorie\/karabiner-kletterkarabiner\/\">Karabiner<\/a> Empfehlung: Edelrid HMS Strike oder HMS Bulletproof<\/li>\n<li>auch als komplettes Set erh\u00e4ltlich<\/li>\n<\/ul>\n<h3>Produktvideo<\/h3>\n<p>Das Produktvideo von Edelrid beschreibt die Vorteile ganz wunderbar. Wir hoffen es ist euch bei der Kaufentscheidung eine Hilfe.<\/p>\n<p><iframe loading=\"lazy\" src=\"https:\/\/www.youtube.com\/embed\/rlZ3lu98kgs\" width=\"100%\" height=\"450\" frameborder=\"0\" allowfullscreen=\"allowfullscreen\"><span data-mce-type=\"bookmark\" style=\"display: inline-block; width: 0px; overflow: hidden; line-height: 0;\" class=\"mce_SELRES_start\">\ufeff<\/span><\/iframe><\/p>\n<p>&nbsp;<\/p>\n<h3>Manueller Modus bzw. Tuber Modus<\/h3>\n<p>Der manuelle Modus des Giga Jul von Edelrid erm\u00f6glich ein extrem rasches Seilausgeben. D.h. hier l\u00e4uft das Seil relativ reibungsarm durch das Sicherungsger\u00e4t. Das ist beispielsweise beim Alpinklettern mit Doppelseilen von gro\u00dfem Vorteil. \u00dcberdies kann man in diesem Modus perfekt Abseilen.<\/p>\n<p>Folglich muss man hier aber auch &#8220;manuell&#8221; bedienen. Oder besser ausgedr\u00fcckt. Erstens ist das starke Zufassen mit der Sicherungshand erforderlich. Zweitens das &#8220;Nach-Unten-Dr\u00fccken&#8221; der Doppelseile. Erst dann entfaltet sich die volle Bremskraft am Ger\u00e4t.<\/p>\n<figure id=\"attachment_5278\" aria-describedby=\"caption-attachment-5278\" style=\"width: 1024px\" class=\"wp-caption alignnone\"><a href=\"https:\/\/bolting.eu\/wp-content\/uploads\/2020\/09\/Edelrid-Giga-Jul-4.jpg\"><img loading=\"lazy\" decoding=\"async\" class=\"wp-image-5278 size-full\" src=\"https:\/\/bolting.eu\/wp-content\/uploads\/2020\/09\/Edelrid-Giga-Jul-4.jpg\" alt=\"\" width=\"1024\" height=\"720\" srcset=\"https:\/\/bolting.eu\/wp-content\/uploads\/2020\/09\/Edelrid-Giga-Jul-4.jpg 1024w, https:\/\/bolting.eu\/wp-content\/uploads\/2020\/09\/Edelrid-Giga-Jul-4-510x359.jpg 510w, https:\/\/bolting.eu\/wp-content\/uploads\/2020\/09\/Edelrid-Giga-Jul-4-569x400.jpg 569w, https:\/\/bolting.eu\/wp-content\/uploads\/2020\/09\/Edelrid-Giga-Jul-4-768x540.jpg 768w, https:\/\/bolting.eu\/wp-content\/uploads\/2020\/09\/Edelrid-Giga-Jul-4-600x422.jpg 600w\" sizes=\"auto, (max-width: 1024px) 100vw, 1024px\" \/><\/a><figcaption id=\"caption-attachment-5278\" class=\"wp-caption-text\">Das Edelrid Giga Jul im manuellen Modus.<\/figcaption><\/figure>\n<h3>Der bremskraftverst\u00e4rkende Modus bzw. Auto Tuber Modus<\/h3>\n<p>Durch Dr\u00fccken des &#8220;Schieber&#8221; wird das Giga Jul zum Auto Tuber. D.h. hierbei wird das Einfachseil bzw. Doppelseil mit geringster Kraft in die Bremsrillen gepresst und blockiert fast automatisch. Es ist lediglich ein leichtes Halten mit der Bremshand erforderlich.<\/p>\n<p>Folglich wird diese Funktion besonders beim Sportklettern verwendet. Zum einen ist dieser Modus extrem bequem. Denn man ben\u00f6tigt wenig Haltekraft. Zum anderen gibt die Auto Tuber Funktion ein Plus an Sicherheit. Besonders bei Anf\u00e4ngern ist die bremskraftverst\u00e4rkende Wirkung enorm erleichternd.<\/p>\n<p>Besonders Bedienungsfreundlich in diesem Modus? Die Kerbe f\u00fcr den Daumen! Denn sie erlaubt das &#8220;offen Halten&#8221; des Ger\u00e4tes f\u00fcr kontrolliertes Seil-Ausgeben.<\/p>\n<figure id=\"attachment_5279\" aria-describedby=\"caption-attachment-5279\" style=\"width: 1024px\" class=\"wp-caption alignnone\"><a href=\"https:\/\/bolting.eu\/wp-content\/uploads\/2020\/09\/Edelrid-Giga-Jul-3.jpg\"><img loading=\"lazy\" decoding=\"async\" class=\"wp-image-5279 size-full\" src=\"https:\/\/bolting.eu\/wp-content\/uploads\/2020\/09\/Edelrid-Giga-Jul-3.jpg\" alt=\"\" width=\"1024\" height=\"720\" srcset=\"https:\/\/bolting.eu\/wp-content\/uploads\/2020\/09\/Edelrid-Giga-Jul-3.jpg 1024w, https:\/\/bolting.eu\/wp-content\/uploads\/2020\/09\/Edelrid-Giga-Jul-3-510x359.jpg 510w, https:\/\/bolting.eu\/wp-content\/uploads\/2020\/09\/Edelrid-Giga-Jul-3-569x400.jpg 569w, https:\/\/bolting.eu\/wp-content\/uploads\/2020\/09\/Edelrid-Giga-Jul-3-768x540.jpg 768w, https:\/\/bolting.eu\/wp-content\/uploads\/2020\/09\/Edelrid-Giga-Jul-3-600x422.jpg 600w\" sizes=\"auto, (max-width: 1024px) 100vw, 1024px\" \/><\/a><figcaption id=\"caption-attachment-5279\" class=\"wp-caption-text\">Mit dem &#8220;Schieber&#8221; bringt man das Giga Jul in den Auto-Tuber Modus.<\/figcaption><\/figure>\n<h3>Edelrid Giga Jul = perfekt zum Nachsichern<\/h3>\n<p>Im Tuber Modus funktioniert dieses Sicherungsger\u00e4t wie ein &#8220;Reverso&#8221; beim Sichern im Nachstieg. D.h. es hat eine Auto-Block Funktion.<\/p>\n<p>Somit k\u00f6nnen sowohl ein oder zwei Nachsteiger gleichzeitig gesichert werden. Mit einer zus\u00e4tzliche, kleine \u00d6se kann das Ger\u00e4t im Nachstiegsmodus &#8220;gekippt&#8221; werden. Hierdurch ist das Seil-Ausgeben f\u00fcr den Nachsteiger oder dessen Ablassen m\u00f6glich.<\/p>\n<h3>Hybrid Bauweise<\/h3>\n<p>Diese Jul Ger\u00e4tevariante &#8220;Mega&#8221; besteht aus zwei Materialien. Deshalb nennt man diese Konstruktion auch &#8220;Hybrid Bauweise&#8221;.<\/p>\n<p>Zum einen wird extrem leichtes Aluminium f\u00fcr den Grundk\u00f6rper verwendet. Somit spart man Gewicht und das Sicherungsger\u00e4t bleicht sch\u00f6n leicht.<\/p>\n<p>Zum anderen wird Edelstahl an den Seilausl\u00e4ssen verwendet. Denn hier findet die gr\u00f6\u00dfte Belastung statt. Oder besser ausgedr\u00fcckt. An den Stellen mit der gr\u00f6\u00dften Reibung der <a href=\"https:\/\/bolting.eu\/produkt-kategorie\/kletterseil\/\">Kletterseile<\/a> sorgen Edelstahl Teile f\u00fcr eine lange Lebensdauer!<\/p>\n<figure id=\"attachment_5277\" aria-describedby=\"caption-attachment-5277\" style=\"width: 1024px\" class=\"wp-caption alignnone\"><a href=\"https:\/\/bolting.eu\/wp-content\/uploads\/2020\/09\/Edelrid-Giga-Jul-5.jpg\"><img loading=\"lazy\" decoding=\"async\" class=\"wp-image-5277 size-full\" src=\"https:\/\/bolting.eu\/wp-content\/uploads\/2020\/09\/Edelrid-Giga-Jul-5.jpg\" alt=\"\" width=\"1024\" height=\"720\" srcset=\"https:\/\/bolting.eu\/wp-content\/uploads\/2020\/09\/Edelrid-Giga-Jul-5.jpg 1024w, https:\/\/bolting.eu\/wp-content\/uploads\/2020\/09\/Edelrid-Giga-Jul-5-510x359.jpg 510w, https:\/\/bolting.eu\/wp-content\/uploads\/2020\/09\/Edelrid-Giga-Jul-5-569x400.jpg 569w, https:\/\/bolting.eu\/wp-content\/uploads\/2020\/09\/Edelrid-Giga-Jul-5-768x540.jpg 768w, https:\/\/bolting.eu\/wp-content\/uploads\/2020\/09\/Edelrid-Giga-Jul-5-600x422.jpg 600w\" sizes=\"auto, (max-width: 1024px) 100vw, 1024px\" \/><\/a><figcaption id=\"caption-attachment-5277\" class=\"wp-caption-text\">Hybrid Bauweise. Die Seilausl\u00e4sse sind aus Edelstahl f\u00fcr eine lange Lebensdauer!<\/figcaption><\/figure>\n<h4><strong>Link Tipp<\/strong><\/h4>\n<p>Mehr Infos zu diesem Produkt findet ihr in der <a href=\"https:\/\/media.edelrid.de\/images\/attribut\/5XXXX_GAL_GIGAJUL_ANSICHT.pdf\" target=\"_blank\" rel=\"noopener noreferrer\">Bedienungsanleitung<\/a>!<\/p>\n","protected":false},"excerpt":{"rendered":"<p>Smarter Tuber bzw. Autotuber f\u00fcr Einfach- und Halbseile von 7,1mm &#8211; 10mm.<\/p>\n<p>Mit Auto-Block Funktion beim Nachsichern. Ideal zum Sport- UND Alpinklettern!<\/p>\n<div class=\"product-short-description\">\n<p>Versandkostenfrei bis 2kg in <img decoding=\"async\" class=\"emoji\" role=\"img\" draggable=\"false\" src=\"https:\/\/s.w.org\/images\/core\/emoji\/14.0.0\/svg\/1f1e6-1f1f9.svg\" alt=\"\ud83c\udde6\ud83c\uddf9\" \/> ab \u20ac 100,- und <img decoding=\"async\" class=\"emoji\" role=\"img\" draggable=\"false\" src=\"https:\/\/s.w.org\/images\/core\/emoji\/14.0.0\/svg\/1f1e9-1f1ea.svg\" alt=\"\ud83c\udde9\ud83c\uddea\" \/> ab \u20ac 200,-!<\/p>\n<\/div>\n","protected":false},"featured_media":5281,"comment_status":"open","ping_status":"closed","template":"","meta":[],"product_brand":[],"product_cat":[4655,29,13406,3711,14447],"product_tag":[],"class_list":{"0":"post-5276","1":"product","2":"type-product","3":"status-publish","4":"has-post-thumbnail","6":"product_cat-edelrid","7":"product_cat-kletterausruestung","8":"product_cat-edelrid-sicherungsgeraet","9":"product_cat-sicherungsgeraete-klettern","10":"product_cat-abseilgeraete","12":"first","13":"instock","14":"sale","15":"taxable","16":"shipping-taxable","17":"purchasable","18":"product-type-variable"},"yoast_head":"<!-- This site is optimized with the Yoast SEO Premium plugin v26.9 (Yoast SEO v26.9) - https:\/\/yoast.com\/product\/yoast-seo-premium-wordpress\/ -->\n<title>Edelrid Giga Jul Belay Kit - Tuber \/ Auto -Tuber Kombi | bolting.eu<\/title>\n<meta name=\"description\" content=\"EDELRID GIGA JUL Belay Kit beim Innsbrucker Kletter Hardwareprofi kaufen \u2705 kostenloser Versand* \u2705 14 Tage R\u00fcckgaberecht \u2705 Co2 neutraler Versand\" \/>\n<meta name=\"robots\" content=\"index, follow, max-snippet:-1, max-image-preview:large, max-video-preview:-1\" \/>\n<link rel=\"canonical\" href=\"https:\/\/bolting.eu\/en\/shop\/edelrid-giga-jul\/\" \/>\n<meta property=\"og:locale\" content=\"en_US\" \/>\n<meta property=\"og:type\" content=\"article\" \/>\n<meta property=\"og:title\" content=\"Edelrid Giga Jul\" \/>\n<meta property=\"og:description\" content=\"EDELRID GIGA JUL Belay Kit beim Innsbrucker Kletter Hardwareprofi kaufen \u2705 kostenloser Versand* \u2705 14 Tage R\u00fcckgaberecht \u2705 Co2 neutraler Versand\" \/>\n<meta property=\"og:url\" content=\"https:\/\/bolting.eu\/en\/shop\/edelrid-giga-jul\/\" \/>\n<meta property=\"og:site_name\" content=\"bolting.eu\" \/>\n<meta property=\"article:publisher\" content=\"https:\/\/www.facebook.com\/bolting.eu\" \/>\n<meta property=\"article:modified_time\" content=\"2026-03-04T18:24:08+00:00\" \/>\n<meta property=\"og:image\" content=\"https:\/\/bolting.eu\/wp-content\/uploads\/2020\/09\/Edelrid-Giga-Jul-1.jpg\" \/>\n\t<meta property=\"og:image:width\" content=\"700\" \/>\n\t<meta property=\"og:image:height\" content=\"700\" \/>\n\t<meta property=\"og:image:type\" content=\"image\/jpeg\" \/>\n<meta name=\"twitter:card\" content=\"summary_large_image\" \/>\n<meta name=\"twitter:label1\" content=\"Availability\" \/>\n\t<meta name=\"twitter:data1\" content=\"In stock\" \/>\n<script type=\"application\/ld+json\" class=\"yoast-schema-graph\">{\"@context\":\"https:\/\/schema.org\",\"@graph\":[{\"@type\":[\"WebPage\",\"ItemPage\"],\"@id\":\"https:\/\/bolting.eu\/en\/shop\/edelrid-giga-jul\/\",\"url\":\"https:\/\/bolting.eu\/en\/shop\/edelrid-giga-jul\/\",\"name\":\"Edelrid Giga Jul Belay Kit - Tuber \/ Auto -Tuber Kombi | bolting.eu\",\"isPartOf\":{\"@id\":\"https:\/\/bolting.eu\/en\/#website\"},\"primaryImageOfPage\":{\"@id\":\"https:\/\/bolting.eu\/en\/shop\/edelrid-giga-jul\/#primaryimage\"},\"image\":{\"@id\":\"https:\/\/bolting.eu\/en\/shop\/edelrid-giga-jul\/#primaryimage\"},\"thumbnailUrl\":\"https:\/\/bolting.eu\/wp-content\/uploads\/2020\/09\/Edelrid-Giga-Jul-1.jpg\",\"datePublished\":\"2020-09-06T09:27:29+00:00\",\"dateModified\":\"2026-03-04T18:24:08+00:00\",\"description\":\"EDELRID GIGA JUL Belay Kit beim Innsbrucker Kletter Hardwareprofi kaufen \u2705 kostenloser Versand* \u2705 14 Tage R\u00fcckgaberecht \u2705 Co2 neutraler Versand\",\"breadcrumb\":{\"@id\":\"https:\/\/bolting.eu\/en\/shop\/edelrid-giga-jul\/#breadcrumb\"},\"inLanguage\":\"en-US\",\"potentialAction\":[{\"@type\":\"ReadAction\",\"target\":[\"https:\/\/bolting.eu\/en\/shop\/edelrid-giga-jul\/\"]}]},{\"@type\":\"ImageObject\",\"inLanguage\":\"en-US\",\"@id\":\"https:\/\/bolting.eu\/en\/shop\/edelrid-giga-jul\/#primaryimage\",\"url\":\"https:\/\/bolting.eu\/wp-content\/uploads\/2020\/09\/Edelrid-Giga-Jul-1.jpg\",\"contentUrl\":\"https:\/\/bolting.eu\/wp-content\/uploads\/2020\/09\/Edelrid-Giga-Jul-1.jpg\",\"width\":700,\"height\":700,\"caption\":\"Das Bild zeigt das Edelrid Giga Jul Sicherungsger\u00e4t. Es liegt in Bildmitte, man blickt von leicht links oberhalb darauf. Man erkennt das Ger\u00e4t mit dem gelbem Drahtb\u00fcgel an der Unterseite, dem schwarzen K\u00f6rper, die beiden Seilschlitze sowie den gelben Schieber f\u00fcr die beiden Sicherungsmodi.\"},{\"@type\":\"BreadcrumbList\",\"@id\":\"https:\/\/bolting.eu\/en\/shop\/edelrid-giga-jul\/#breadcrumb\",\"itemListElement\":[{\"@type\":\"ListItem\",\"position\":1,\"name\":\"Shop\",\"item\":\"https:\/\/bolting.eu\/en\/shop\/\"},{\"@type\":\"ListItem\",\"position\":2,\"name\":\"climbing equipment\",\"item\":\"https:\/\/bolting.eu\/en\/produkt-kategorie\/climbing-equipment\/\"},{\"@type\":\"ListItem\",\"position\":3,\"name\":\"Sicherungsger\u00e4te Klettern\",\"item\":\"https:\/\/bolting.eu\/produkt-kategorie\/kletterausruestung\/sicherungsgeraete-klettern\/\"},{\"@type\":\"ListItem\",\"position\":4,\"name\":\"Edelrid Giga Jul\"}]},{\"@type\":\"WebSite\",\"@id\":\"https:\/\/bolting.eu\/en\/#website\",\"url\":\"https:\/\/bolting.eu\/en\/\",\"name\":\"bolting.eu\",\"description\":\"we make climbs happen\",\"publisher\":{\"@id\":\"https:\/\/bolting.eu\/en\/#organization\"},\"potentialAction\":[{\"@type\":\"SearchAction\",\"target\":{\"@type\":\"EntryPoint\",\"urlTemplate\":\"https:\/\/bolting.eu\/en\/?s={search_term_string}\"},\"query-input\":{\"@type\":\"PropertyValueSpecification\",\"valueRequired\":true,\"valueName\":\"search_term_string\"}}],\"inLanguage\":\"en-US\"},{\"@type\":[\"Organization\",\"Place\",\"SportingGoodsStore\"],\"@id\":\"https:\/\/bolting.eu\/en\/#organization\",\"name\":\"bolting.eu\",\"url\":\"https:\/\/bolting.eu\/en\/\",\"logo\":{\"@id\":\"https:\/\/bolting.eu\/en\/shop\/edelrid-giga-jul\/#local-main-organization-logo\"},\"image\":{\"@id\":\"https:\/\/bolting.eu\/en\/shop\/edelrid-giga-jul\/#local-main-organization-logo\"},\"sameAs\":[\"https:\/\/www.facebook.com\/bolting.eu\",\"https:\/\/www.instagram.com\/bolting.eu\/\"],\"address\":{\"@id\":\"https:\/\/bolting.eu\/en\/shop\/edelrid-giga-jul\/#local-main-place-address\"},\"geo\":{\"@type\":\"GeoCoordinates\",\"latitude\":\"47.264176340396226\",\"longitude\":\"11.380109057672346\"},\"telephone\":[\"+43 699 19083372\"],\"openingHoursSpecification\":[{\"@type\":\"OpeningHoursSpecification\",\"dayOfWeek\":[\"Monday\",\"Wednesday\",\"Friday\"],\"opens\":\"14:00\",\"closes\":\"18:00\"},{\"@type\":\"OpeningHoursSpecification\",\"dayOfWeek\":[\"Tuesday\",\"Thursday\",\"Saturday\",\"Sunday\"],\"opens\":\"00:00\",\"closes\":\"00:00\"}],\"email\":\"office@bolting.eu\",\"vatID\":\"ATU59999728\",\"priceRange\":\"$$\",\"currenciesAccepted\":\"Euro\"},{\"@type\":\"PostalAddress\",\"@id\":\"https:\/\/bolting.eu\/en\/shop\/edelrid-giga-jul\/#local-main-place-address\",\"streetAddress\":\"Fischnalerstra\u00dfe 4\",\"addressLocality\":\"Innsbruck\",\"postalCode\":\"6020\",\"addressRegion\":\"Tirol\",\"addressCountry\":\"AT\"},{\"@type\":\"ImageObject\",\"inLanguage\":\"en-US\",\"@id\":\"https:\/\/bolting.eu\/en\/shop\/edelrid-giga-jul\/#local-main-organization-logo\",\"url\":\"https:\/\/bolting.eu\/wp-content\/uploads\/2019\/09\/bolting-logo.png\",\"contentUrl\":\"https:\/\/bolting.eu\/wp-content\/uploads\/2019\/09\/bolting-logo.png\",\"width\":400,\"height\":211,\"caption\":\"bolting.eu\"}]}<\/script>\n<meta property=\"og:video\" content=\"https:\/\/www.youtube.com\/embed\/rlZ3lu98kgs\" \/>\n<meta property=\"og:video:type\" content=\"text\/html\" \/>\n<meta property=\"og:video:duration\" content=\"108\" \/>\n<meta property=\"og:video:width\" content=\"480\" \/>\n<meta property=\"og:video:height\" content=\"270\" \/>\n<meta property=\"ya:ovs:adult\" content=\"false\" \/>\n<meta property=\"ya:ovs:upload_date\" content=\"2020-09-06T09:27:29+00:00\" \/>\n<meta property=\"ya:ovs:allow_embed\" content=\"true\" \/>\n<meta property=\"og:availability\" content=\"instock\" \/>\n<meta property=\"product:availability\" content=\"instock\" \/>\n<meta property=\"product:retailer_item_id\" content=\"717840006630\" \/>\n<meta property=\"product:condition\" content=\"new\" \/>\n<meta name=\"geo.placename\" content=\"Innsbruck\" \/>\n<meta name=\"geo.position\" content=\"47.264176340396226;11.380109057672346\" \/>\n<meta name=\"geo.region\" content=\"Austria\" \/>\n<!-- \/ Yoast SEO Premium plugin. -->","yoast_head_json":{"title":"Edelrid Giga Jul Belay Kit - Tuber \/ Auto -Tuber Kombi | bolting.eu","description":"EDELRID GIGA JUL Belay Kit beim Innsbrucker Kletter Hardwareprofi kaufen \u2705 kostenloser Versand* \u2705 14 Tage R\u00fcckgaberecht \u2705 Co2 neutraler Versand","robots":{"index":"index","follow":"follow","max-snippet":"max-snippet:-1","max-image-preview":"max-image-preview:large","max-video-preview":"max-video-preview:-1"},"canonical":"https:\/\/bolting.eu\/en\/shop\/edelrid-giga-jul\/","og_locale":"en_US","og_type":"article","og_title":"Edelrid Giga Jul","og_description":"EDELRID GIGA JUL Belay Kit beim Innsbrucker Kletter Hardwareprofi kaufen \u2705 kostenloser Versand* \u2705 14 Tage R\u00fcckgaberecht \u2705 Co2 neutraler Versand","og_url":"https:\/\/bolting.eu\/en\/shop\/edelrid-giga-jul\/","og_site_name":"bolting.eu","article_publisher":"https:\/\/www.facebook.com\/bolting.eu","article_modified_time":"2026-03-04T18:24:08+00:00","og_image":[{"width":700,"height":700,"url":"https:\/\/bolting.eu\/wp-content\/uploads\/2020\/09\/Edelrid-Giga-Jul-1.jpg","type":"image\/jpeg"}],"twitter_card":"summary_large_image","twitter_misc":{"Availability":"In stock"},"schema":{"@context":"https:\/\/schema.org","@graph":[{"@type":["WebPage","ItemPage"],"@id":"https:\/\/bolting.eu\/en\/shop\/edelrid-giga-jul\/","url":"https:\/\/bolting.eu\/en\/shop\/edelrid-giga-jul\/","name":"Edelrid Giga Jul Belay Kit - Tuber \/ Auto -Tuber Kombi | bolting.eu","isPartOf":{"@id":"https:\/\/bolting.eu\/en\/#website"},"primaryImageOfPage":{"@id":"https:\/\/bolting.eu\/en\/shop\/edelrid-giga-jul\/#primaryimage"},"image":{"@id":"https:\/\/bolting.eu\/en\/shop\/edelrid-giga-jul\/#primaryimage"},"thumbnailUrl":"https:\/\/bolting.eu\/wp-content\/uploads\/2020\/09\/Edelrid-Giga-Jul-1.jpg","datePublished":"2020-09-06T09:27:29+00:00","dateModified":"2026-03-04T18:24:08+00:00","description":"EDELRID GIGA JUL Belay Kit beim Innsbrucker Kletter Hardwareprofi kaufen \u2705 kostenloser Versand* \u2705 14 Tage R\u00fcckgaberecht \u2705 Co2 neutraler Versand","breadcrumb":{"@id":"https:\/\/bolting.eu\/en\/shop\/edelrid-giga-jul\/#breadcrumb"},"inLanguage":"en-US","potentialAction":[{"@type":"ReadAction","target":["https:\/\/bolting.eu\/en\/shop\/edelrid-giga-jul\/"]}]},{"@type":"ImageObject","inLanguage":"en-US","@id":"https:\/\/bolting.eu\/en\/shop\/edelrid-giga-jul\/#primaryimage","url":"https:\/\/bolting.eu\/wp-content\/uploads\/2020\/09\/Edelrid-Giga-Jul-1.jpg","contentUrl":"https:\/\/bolting.eu\/wp-content\/uploads\/2020\/09\/Edelrid-Giga-Jul-1.jpg","width":700,"height":700,"caption":"Das Bild zeigt das Edelrid Giga Jul Sicherungsger\u00e4t. Es liegt in Bildmitte, man blickt von leicht links oberhalb darauf. Man erkennt das Ger\u00e4t mit dem gelbem Drahtb\u00fcgel an der Unterseite, dem schwarzen K\u00f6rper, die beiden Seilschlitze sowie den gelben Schieber f\u00fcr die beiden Sicherungsmodi."},{"@type":"BreadcrumbList","@id":"https:\/\/bolting.eu\/en\/shop\/edelrid-giga-jul\/#breadcrumb","itemListElement":[{"@type":"ListItem","position":1,"name":"Shop","item":"https:\/\/bolting.eu\/en\/shop\/"},{"@type":"ListItem","position":2,"name":"climbing equipment","item":"https:\/\/bolting.eu\/en\/produkt-kategorie\/climbing-equipment\/"},{"@type":"ListItem","position":3,"name":"Sicherungsger\u00e4te Klettern","item":"https:\/\/bolting.eu\/produkt-kategorie\/kletterausruestung\/sicherungsgeraete-klettern\/"},{"@type":"ListItem","position":4,"name":"Edelrid Giga Jul"}]},{"@type":"WebSite","@id":"https:\/\/bolting.eu\/en\/#website","url":"https:\/\/bolting.eu\/en\/","name":"bolting.eu","description":"we make climbs happen","publisher":{"@id":"https:\/\/bolting.eu\/en\/#organization"},"potentialAction":[{"@type":"SearchAction","target":{"@type":"EntryPoint","urlTemplate":"https:\/\/bolting.eu\/en\/?s={search_term_string}"},"query-input":{"@type":"PropertyValueSpecification","valueRequired":true,"valueName":"search_term_string"}}],"inLanguage":"en-US"},{"@type":["Organization","Place","SportingGoodsStore"],"@id":"https:\/\/bolting.eu\/en\/#organization","name":"bolting.eu","url":"https:\/\/bolting.eu\/en\/","logo":{"@id":"https:\/\/bolting.eu\/en\/shop\/edelrid-giga-jul\/#local-main-organization-logo"},"image":{"@id":"https:\/\/bolting.eu\/en\/shop\/edelrid-giga-jul\/#local-main-organization-logo"},"sameAs":["https:\/\/www.facebook.com\/bolting.eu","https:\/\/www.instagram.com\/bolting.eu\/"],"address":{"@id":"https:\/\/bolting.eu\/en\/shop\/edelrid-giga-jul\/#local-main-place-address"},"geo":{"@type":"GeoCoordinates","latitude":"47.264176340396226","longitude":"11.380109057672346"},"telephone":["+43 699 19083372"],"openingHoursSpecification":[{"@type":"OpeningHoursSpecification","dayOfWeek":["Monday","Wednesday","Friday"],"opens":"14:00","closes":"18:00"},{"@type":"OpeningHoursSpecification","dayOfWeek":["Tuesday","Thursday","Saturday","Sunday"],"opens":"00:00","closes":"00:00"}],"email":"office@bolting.eu","vatID":"ATU59999728","priceRange":"$$","currenciesAccepted":"Euro"},{"@type":"PostalAddress","@id":"https:\/\/bolting.eu\/en\/shop\/edelrid-giga-jul\/#local-main-place-address","streetAddress":"Fischnalerstra\u00dfe 4","addressLocality":"Innsbruck","postalCode":"6020","addressRegion":"Tirol","addressCountry":"AT"},{"@type":"ImageObject","inLanguage":"en-US","@id":"https:\/\/bolting.eu\/en\/shop\/edelrid-giga-jul\/#local-main-organization-logo","url":"https:\/\/bolting.eu\/wp-content\/uploads\/2019\/09\/bolting-logo.png","contentUrl":"https:\/\/bolting.eu\/wp-content\/uploads\/2019\/09\/bolting-logo.png","width":400,"height":211,"caption":"bolting.eu"}]},"og_video":"https:\/\/www.youtube.com\/embed\/rlZ3lu98kgs","og_video_type":"text\/html","og_video_duration":"108","og_video_width":"480","og_video_height":"270","ya_ovs_adult":"false","ya_ovs_upload_date":"2020-09-06T09:27:29+00:00","ya_ovs_allow_embed":"true","og_availability":"instock","product_availability":"instock","product_retailer_item_id":"717840006630","product_condition":"new","geo.placename":"Innsbruck","geo.position":{"lat":"47.264176340396226","long":"11.380109057672346"},"geo.region":"Austria"},"_links":{"self":[{"href":"https:\/\/bolting.eu\/en\/wp-json\/wp\/v2\/product\/5276","targetHints":{"allow":["GET"]}}],"collection":[{"href":"https:\/\/bolting.eu\/en\/wp-json\/wp\/v2\/product"}],"about":[{"href":"https:\/\/bolting.eu\/en\/wp-json\/wp\/v2\/types\/product"}],"replies":[{"embeddable":true,"href":"https:\/\/bolting.eu\/en\/wp-json\/wp\/v2\/comments?post=5276"}],"wp:featuredmedia":[{"embeddable":true,"href":"https:\/\/bolting.eu\/en\/wp-json\/wp\/v2\/media\/5281"}],"wp:attachment":[{"href":"https:\/\/bolting.eu\/en\/wp-json\/wp\/v2\/media?parent=5276"}],"wp:term":[{"taxonomy":"product_brand","embeddable":true,"href":"https:\/\/bolting.eu\/en\/wp-json\/wp\/v2\/product_brand?post=5276"},{"taxonomy":"product_cat","embeddable":true,"href":"https:\/\/bolting.eu\/en\/wp-json\/wp\/v2\/product_cat?post=5276"},{"taxonomy":"product_tag","embeddable":true,"href":"https:\/\/bolting.eu\/en\/wp-json\/wp\/v2\/product_tag?post=5276"}],"curies":[{"name":"wp","href":"https:\/\/api.w.org\/{rel}","templated":true}]}}