{"id":5270,"date":"2020-09-03T20:12:47","date_gmt":"2020-09-03T18:12:47","guid":{"rendered":"https:\/\/bolting.eu\/?post_type=product&#038;p=5270"},"modified":"2025-03-13T15:42:25","modified_gmt":"2025-03-13T14:42:25","slug":"edelrid-kermit-kinder-brustgurt","status":"publish","type":"product","link":"https:\/\/bolting.eu\/en\/shop\/edelrid-kermit-kinder-brustgurt\/","title":{"rendered":"Edelrid Kermit Kinder Brustgurt"},"content":{"rendered":"<p>Der Edelrid Kermit Kinder Brustgurt ist f\u00fcr kleine Kletterk\u00fcnstler gedacht. Der Gurt ist mit einer einzigen Schnalle komplett verstellbar. Denn das tragende Band wird in einer einzigen Schlaufe durch die ganze Konstruktion gef\u00fchrt. Somit kann man den Brustgurt f\u00fcr Kinder bis 40kg verwenden.<\/p>\n<p>Zudem besticht dieses Produkt einerseits durch das freche Design. Andererseits sorgt die Polsterung mit Distanzgewebe f\u00fcr perfekte Bel\u00fcftung. Nur in Verbindung mit einem passenden H\u00fcftgurt aus unserer Kategorie &#8220;<a href=\"https:\/\/bolting.eu\/produkt-kategorie\/klettergurte\/klettergurt-kinder\/\">Klettergurt Kinder<\/a>&#8221; verwenden!<\/p>\n<h2>Eigenschaften Kermit<\/h2>\n<ul>\n<li>Hersteller: <a href=\"https:\/\/bolting.eu\/produkt-kategorie\/edelrid\/\">Edelrid<\/a><\/li>\n<li>Material: Polyamide<\/li>\n<li>EN Norm: EN 12277 Typ D<\/li>\n<li>CE 0123<\/li>\n<li>spezieller Kinder Brustgurt<\/li>\n<li>Gewicht: 103 Gramm<\/li>\n<li>voll verstellbar durch eine Easy-Glider Schnalle<\/li>\n<li>Achter Form f\u00fcr leichtes An- und Ausziehen mit Kindern<\/li>\n<li>freches Design<\/li>\n<li>gute Bel\u00fcftung durch Distanzgewebe Polsterung<\/li>\n<\/ul>\n<h3>Einsatzgebiete<\/h3>\n<p>Der Kermit von Edelrid wird immer gemeinsam mit einem H\u00fcftgurt verwendet. Dabei stabilisiert es zum einen den K\u00f6rper des Kindes. Zum anderen hebt es den Anseilpunkt \u00fcber den Schwerpunkt des Kindes. D.h. euer Kind kann dann nicht mehr so leicht im Gurt kippen bzw. schon gar nicht herausfallen.<\/p>\n<p>Folglich verwendet man den Brustgurt plus H\u00fcftgurt bei sehr kleinen Kindern. Von 3-6 Jahren ist dabei der ideale Einsatzbereich.<\/p>\n<p>Der Verwendung sind dann keine Grenzen gesetzt. Ob Schwungschaukel, Klettern oder Klettersteig. Es h\u00e4ngt dann nur mehr von Euch als Eltern ab \ud83d\ude09<\/p>\n<h3>Lebensdauer des Brustgurt<\/h3>\n<p>Grunds\u00e4tzlich betr\u00e4gt die maximale Lebensdauer des Kermit Kinder Brustgurtes 10 Jahre. Hier reden wir von der sogenannten Lagerfrist. D.h. bei regelm\u00e4\u00dfiger Verwendung ist ein Gurt durchaus fr\u00fcher auszutauschen. Das h\u00e4ngt zum einen eben von der H\u00e4ufigkeit ab. Und zum anderen von der Intensit\u00e4t. Wir empfehlen bei normalen Gebrauch eine Verwendungsfrist von 5 Jahren.<\/p>\n<p>Bei offensichtlichen Besch\u00e4digungen ist der Gurt sofort auszuscheiden. Beispielsweise bei eingerissenen N\u00e4hten, Schnitten in den B\u00e4ndern, etc\u2026<\/p>\n<h4><strong>Link Tipp<\/strong><\/h4>\n<p>Mit dem Edelrid Kermit und den Kindern viel unterwegs? Wer auf der Suche nach interessanten Ideen f\u00fcr Kletterspiele ist, kann sich beim \u00d6AV das Buch \u201e<a href=\"https:\/\/www.alpenverein.at\/portal\/bergsport\/sicheramberg\/sportklettern\/publikationen\/kletterspielebuch.php\" target=\"_blank\" rel=\"noopener noreferrer\">Spielideen f\u00fcr Kletterkurse<\/a>\u201c bestellen. So wird es Familien und vor allem den Kindern nie mehr langweilig!<\/p>\n","protected":false},"excerpt":{"rendered":"<p>Komfortabler Kinder Brustgurt zum leichten An- und Ausziehen.<\/p>\n<p>Mit Easy Gleit Schnalle zum raschen Einstellen.<\/p>\n<p>Versandkostenfrei bis 2kg in <img decoding=\"async\" class=\"emoji\" role=\"img\" draggable=\"false\" src=\"https:\/\/s.w.org\/images\/core\/emoji\/14.0.0\/svg\/1f1e6-1f1f9.svg\" alt=\"\ud83c\udde6\ud83c\uddf9\" \/> ab \u20ac 100,- und <img decoding=\"async\" class=\"emoji\" role=\"img\" draggable=\"false\" src=\"https:\/\/s.w.org\/images\/core\/emoji\/14.0.0\/svg\/1f1e9-1f1ea.svg\" alt=\"\ud83c\udde9\ud83c\uddea\" \/> ab \u20ac 200,-!<\/p>\n","protected":false},"featured_media":18246,"comment_status":"open","ping_status":"closed","template":"","meta":[],"product_brand":[],"product_cat":[4655,6359,6363,14419],"product_tag":[],"class_list":{"0":"post-5270","1":"product","2":"type-product","3":"status-publish","4":"has-post-thumbnail","6":"product_cat-edelrid","7":"product_cat-klettergurte","8":"product_cat-klettergeschirr","9":"product_cat-brustgurte-klettern","11":"first","12":"instock","13":"sale","14":"taxable","15":"shipping-taxable","16":"purchasable","17":"product-type-simple"},"yoast_head":"<!-- This site is optimized with the Yoast SEO Premium plugin v26.9 (Yoast SEO v26.9) - https:\/\/yoast.com\/product\/yoast-seo-premium-wordpress\/ -->\n<title>Edelrid Kermit Kinder Brustgurt g\u00fcnstig online kaufen | bolting.eu<\/title>\n<meta name=\"description\" content=\"Hier findest Du den EDELRID KERMIT KINDER BRUSTGURT. Einen klasse Brustgurt zum tollen Preis der mit allen anderen H\u00fcftgurten kombinierbar ist!\" \/>\n<meta name=\"robots\" content=\"index, follow, max-snippet:-1, max-image-preview:large, max-video-preview:-1\" \/>\n<link rel=\"canonical\" href=\"https:\/\/bolting.eu\/en\/shop\/edelrid-kermit-kinder-brustgurt\/\" \/>\n<meta property=\"og:locale\" content=\"en_US\" \/>\n<meta property=\"og:type\" content=\"article\" \/>\n<meta property=\"og:title\" content=\"Edelrid Kermit Kinder Brustgurt\" \/>\n<meta property=\"og:description\" content=\"Hier findest Du den EDELRID KERMIT KINDER BRUSTGURT. Einen klasse Brustgurt zum tollen Preis der mit allen anderen H\u00fcftgurten kombinierbar ist!\" \/>\n<meta property=\"og:url\" content=\"https:\/\/bolting.eu\/en\/shop\/edelrid-kermit-kinder-brustgurt\/\" \/>\n<meta property=\"og:site_name\" content=\"bolting.eu\" \/>\n<meta property=\"article:publisher\" content=\"https:\/\/www.facebook.com\/bolting.eu\" \/>\n<meta property=\"article:modified_time\" content=\"2025-03-13T14:42:25+00:00\" \/>\n<meta property=\"og:image\" content=\"https:\/\/bolting.eu\/wp-content\/uploads\/2020\/09\/Edelrid-KErmit-2.jpg\" \/>\n\t<meta property=\"og:image:width\" content=\"700\" \/>\n\t<meta property=\"og:image:height\" content=\"700\" \/>\n\t<meta property=\"og:image:type\" content=\"image\/jpeg\" \/>\n<meta name=\"twitter:card\" content=\"summary_large_image\" \/>\n<meta name=\"twitter:label1\" content=\"Price\" \/>\n\t<meta name=\"twitter:data1\" content=\"&euro;&nbsp;27,00\" \/>\n\t<meta name=\"twitter:label2\" content=\"Availability\" \/>\n\t<meta name=\"twitter:data2\" content=\"In stock\" \/>\n<script type=\"application\/ld+json\" class=\"yoast-schema-graph\">{\"@context\":\"https:\/\/schema.org\",\"@graph\":[{\"@type\":[\"WebPage\",\"ItemPage\"],\"@id\":\"https:\/\/bolting.eu\/en\/shop\/edelrid-kermit-kinder-brustgurt\/\",\"url\":\"https:\/\/bolting.eu\/en\/shop\/edelrid-kermit-kinder-brustgurt\/\",\"name\":\"Edelrid Kermit Kinder Brustgurt g\u00fcnstig online kaufen | bolting.eu\",\"isPartOf\":{\"@id\":\"https:\/\/bolting.eu\/en\/#website\"},\"primaryImageOfPage\":{\"@id\":\"https:\/\/bolting.eu\/en\/shop\/edelrid-kermit-kinder-brustgurt\/#primaryimage\"},\"image\":{\"@id\":\"https:\/\/bolting.eu\/en\/shop\/edelrid-kermit-kinder-brustgurt\/#primaryimage\"},\"thumbnailUrl\":\"https:\/\/bolting.eu\/wp-content\/uploads\/2020\/09\/Edelrid-KErmit-2.jpg\",\"datePublished\":\"2020-09-03T18:12:47+00:00\",\"dateModified\":\"2025-03-13T14:42:25+00:00\",\"description\":\"Hier findest Du den EDELRID KERMIT KINDER BRUSTGURT. Einen klasse Brustgurt zum tollen Preis der mit allen anderen H\u00fcftgurten kombinierbar ist!\",\"breadcrumb\":{\"@id\":\"https:\/\/bolting.eu\/en\/shop\/edelrid-kermit-kinder-brustgurt\/#breadcrumb\"},\"inLanguage\":\"en-US\",\"potentialAction\":[{\"@type\":\"ReadAction\",\"target\":[\"https:\/\/bolting.eu\/en\/shop\/edelrid-kermit-kinder-brustgurt\/\"]}]},{\"@type\":\"ImageObject\",\"inLanguage\":\"en-US\",\"@id\":\"https:\/\/bolting.eu\/en\/shop\/edelrid-kermit-kinder-brustgurt\/#primaryimage\",\"url\":\"https:\/\/bolting.eu\/wp-content\/uploads\/2020\/09\/Edelrid-KErmit-2.jpg\",\"contentUrl\":\"https:\/\/bolting.eu\/wp-content\/uploads\/2020\/09\/Edelrid-KErmit-2.jpg\",\"width\":700,\"height\":700,\"caption\":\"T\u00fcrkiser Edelrid Kermit Kinder Brustgurt von der Seite.\"},{\"@type\":\"BreadcrumbList\",\"@id\":\"https:\/\/bolting.eu\/en\/shop\/edelrid-kermit-kinder-brustgurt\/#breadcrumb\",\"itemListElement\":[{\"@type\":\"ListItem\",\"position\":1,\"name\":\"Shop\",\"item\":\"https:\/\/bolting.eu\/en\/shop\/\"},{\"@type\":\"ListItem\",\"position\":2,\"name\":\"climbing equipment\",\"item\":\"https:\/\/bolting.eu\/en\/produkt-kategorie\/climbing-equipment\/\"},{\"@type\":\"ListItem\",\"position\":3,\"name\":\"Brustgurte\",\"item\":\"https:\/\/bolting.eu\/produkt-kategorie\/kletterausruestung\/brustgurte-klettern\/\"},{\"@type\":\"ListItem\",\"position\":4,\"name\":\"Edelrid Kermit Kinder Brustgurt\"}]},{\"@type\":\"WebSite\",\"@id\":\"https:\/\/bolting.eu\/en\/#website\",\"url\":\"https:\/\/bolting.eu\/en\/\",\"name\":\"bolting.eu\",\"description\":\"we make climbs happen\",\"publisher\":{\"@id\":\"https:\/\/bolting.eu\/en\/#organization\"},\"potentialAction\":[{\"@type\":\"SearchAction\",\"target\":{\"@type\":\"EntryPoint\",\"urlTemplate\":\"https:\/\/bolting.eu\/en\/?s={search_term_string}\"},\"query-input\":{\"@type\":\"PropertyValueSpecification\",\"valueRequired\":true,\"valueName\":\"search_term_string\"}}],\"inLanguage\":\"en-US\"},{\"@type\":[\"Organization\",\"Place\",\"SportingGoodsStore\"],\"@id\":\"https:\/\/bolting.eu\/en\/#organization\",\"name\":\"bolting.eu\",\"url\":\"https:\/\/bolting.eu\/en\/\",\"logo\":{\"@id\":\"https:\/\/bolting.eu\/en\/shop\/edelrid-kermit-kinder-brustgurt\/#local-main-organization-logo\"},\"image\":{\"@id\":\"https:\/\/bolting.eu\/en\/shop\/edelrid-kermit-kinder-brustgurt\/#local-main-organization-logo\"},\"sameAs\":[\"https:\/\/www.facebook.com\/bolting.eu\",\"https:\/\/www.instagram.com\/bolting.eu\/\"],\"address\":{\"@id\":\"https:\/\/bolting.eu\/en\/shop\/edelrid-kermit-kinder-brustgurt\/#local-main-place-address\"},\"geo\":{\"@type\":\"GeoCoordinates\",\"latitude\":\"47.264176340396226\",\"longitude\":\"11.380109057672346\"},\"telephone\":[\"+43 699 19083372\"],\"openingHoursSpecification\":[{\"@type\":\"OpeningHoursSpecification\",\"dayOfWeek\":[\"Monday\",\"Wednesday\",\"Friday\"],\"opens\":\"14:00\",\"closes\":\"18:00\"},{\"@type\":\"OpeningHoursSpecification\",\"dayOfWeek\":[\"Tuesday\",\"Thursday\",\"Saturday\",\"Sunday\"],\"opens\":\"00:00\",\"closes\":\"00:00\"}],\"email\":\"office@bolting.eu\",\"vatID\":\"ATU59999728\",\"priceRange\":\"$$\",\"currenciesAccepted\":\"Euro\"},{\"@type\":\"PostalAddress\",\"@id\":\"https:\/\/bolting.eu\/en\/shop\/edelrid-kermit-kinder-brustgurt\/#local-main-place-address\",\"streetAddress\":\"Fischnalerstra\u00dfe 4\",\"addressLocality\":\"Innsbruck\",\"postalCode\":\"6020\",\"addressRegion\":\"Tirol\",\"addressCountry\":\"AT\"},{\"@type\":\"ImageObject\",\"inLanguage\":\"en-US\",\"@id\":\"https:\/\/bolting.eu\/en\/shop\/edelrid-kermit-kinder-brustgurt\/#local-main-organization-logo\",\"url\":\"https:\/\/bolting.eu\/wp-content\/uploads\/2019\/09\/bolting-logo.png\",\"contentUrl\":\"https:\/\/bolting.eu\/wp-content\/uploads\/2019\/09\/bolting-logo.png\",\"width\":400,\"height\":211,\"caption\":\"bolting.eu\"}]}<\/script>\n<meta property=\"product:price:amount\" content=\"27.00\" \/>\n<meta property=\"product:price:currency\" content=\"EUR\" \/>\n<meta property=\"og:availability\" content=\"instock\" \/>\n<meta property=\"product:availability\" content=\"instock\" \/>\n<meta property=\"product:retailer_item_id\" content=\"749100033290\" \/>\n<meta property=\"product:condition\" content=\"new\" \/>\n<meta name=\"geo.placename\" content=\"Innsbruck\" \/>\n<meta name=\"geo.position\" content=\"47.264176340396226;11.380109057672346\" \/>\n<meta name=\"geo.region\" content=\"Austria\" \/>\n<!-- \/ Yoast SEO Premium plugin. -->","yoast_head_json":{"title":"Edelrid Kermit Kinder Brustgurt g\u00fcnstig online kaufen | bolting.eu","description":"Hier findest Du den EDELRID KERMIT KINDER BRUSTGURT. Einen klasse Brustgurt zum tollen Preis der mit allen anderen H\u00fcftgurten kombinierbar ist!","robots":{"index":"index","follow":"follow","max-snippet":"max-snippet:-1","max-image-preview":"max-image-preview:large","max-video-preview":"max-video-preview:-1"},"canonical":"https:\/\/bolting.eu\/en\/shop\/edelrid-kermit-kinder-brustgurt\/","og_locale":"en_US","og_type":"article","og_title":"Edelrid Kermit Kinder Brustgurt","og_description":"Hier findest Du den EDELRID KERMIT KINDER BRUSTGURT. Einen klasse Brustgurt zum tollen Preis der mit allen anderen H\u00fcftgurten kombinierbar ist!","og_url":"https:\/\/bolting.eu\/en\/shop\/edelrid-kermit-kinder-brustgurt\/","og_site_name":"bolting.eu","article_publisher":"https:\/\/www.facebook.com\/bolting.eu","article_modified_time":"2025-03-13T14:42:25+00:00","og_image":[{"width":700,"height":700,"url":"https:\/\/bolting.eu\/wp-content\/uploads\/2020\/09\/Edelrid-KErmit-2.jpg","type":"image\/jpeg"}],"twitter_card":"summary_large_image","twitter_misc":{"Price":"&euro;&nbsp;27,00","Availability":"In stock"},"schema":{"@context":"https:\/\/schema.org","@graph":[{"@type":["WebPage","ItemPage"],"@id":"https:\/\/bolting.eu\/en\/shop\/edelrid-kermit-kinder-brustgurt\/","url":"https:\/\/bolting.eu\/en\/shop\/edelrid-kermit-kinder-brustgurt\/","name":"Edelrid Kermit Kinder Brustgurt g\u00fcnstig online kaufen | bolting.eu","isPartOf":{"@id":"https:\/\/bolting.eu\/en\/#website"},"primaryImageOfPage":{"@id":"https:\/\/bolting.eu\/en\/shop\/edelrid-kermit-kinder-brustgurt\/#primaryimage"},"image":{"@id":"https:\/\/bolting.eu\/en\/shop\/edelrid-kermit-kinder-brustgurt\/#primaryimage"},"thumbnailUrl":"https:\/\/bolting.eu\/wp-content\/uploads\/2020\/09\/Edelrid-KErmit-2.jpg","datePublished":"2020-09-03T18:12:47+00:00","dateModified":"2025-03-13T14:42:25+00:00","description":"Hier findest Du den EDELRID KERMIT KINDER BRUSTGURT. Einen klasse Brustgurt zum tollen Preis der mit allen anderen H\u00fcftgurten kombinierbar ist!","breadcrumb":{"@id":"https:\/\/bolting.eu\/en\/shop\/edelrid-kermit-kinder-brustgurt\/#breadcrumb"},"inLanguage":"en-US","potentialAction":[{"@type":"ReadAction","target":["https:\/\/bolting.eu\/en\/shop\/edelrid-kermit-kinder-brustgurt\/"]}]},{"@type":"ImageObject","inLanguage":"en-US","@id":"https:\/\/bolting.eu\/en\/shop\/edelrid-kermit-kinder-brustgurt\/#primaryimage","url":"https:\/\/bolting.eu\/wp-content\/uploads\/2020\/09\/Edelrid-KErmit-2.jpg","contentUrl":"https:\/\/bolting.eu\/wp-content\/uploads\/2020\/09\/Edelrid-KErmit-2.jpg","width":700,"height":700,"caption":"T\u00fcrkiser Edelrid Kermit Kinder Brustgurt von der Seite."},{"@type":"BreadcrumbList","@id":"https:\/\/bolting.eu\/en\/shop\/edelrid-kermit-kinder-brustgurt\/#breadcrumb","itemListElement":[{"@type":"ListItem","position":1,"name":"Shop","item":"https:\/\/bolting.eu\/en\/shop\/"},{"@type":"ListItem","position":2,"name":"climbing equipment","item":"https:\/\/bolting.eu\/en\/produkt-kategorie\/climbing-equipment\/"},{"@type":"ListItem","position":3,"name":"Brustgurte","item":"https:\/\/bolting.eu\/produkt-kategorie\/kletterausruestung\/brustgurte-klettern\/"},{"@type":"ListItem","position":4,"name":"Edelrid Kermit Kinder Brustgurt"}]},{"@type":"WebSite","@id":"https:\/\/bolting.eu\/en\/#website","url":"https:\/\/bolting.eu\/en\/","name":"bolting.eu","description":"we make climbs happen","publisher":{"@id":"https:\/\/bolting.eu\/en\/#organization"},"potentialAction":[{"@type":"SearchAction","target":{"@type":"EntryPoint","urlTemplate":"https:\/\/bolting.eu\/en\/?s={search_term_string}"},"query-input":{"@type":"PropertyValueSpecification","valueRequired":true,"valueName":"search_term_string"}}],"inLanguage":"en-US"},{"@type":["Organization","Place","SportingGoodsStore"],"@id":"https:\/\/bolting.eu\/en\/#organization","name":"bolting.eu","url":"https:\/\/bolting.eu\/en\/","logo":{"@id":"https:\/\/bolting.eu\/en\/shop\/edelrid-kermit-kinder-brustgurt\/#local-main-organization-logo"},"image":{"@id":"https:\/\/bolting.eu\/en\/shop\/edelrid-kermit-kinder-brustgurt\/#local-main-organization-logo"},"sameAs":["https:\/\/www.facebook.com\/bolting.eu","https:\/\/www.instagram.com\/bolting.eu\/"],"address":{"@id":"https:\/\/bolting.eu\/en\/shop\/edelrid-kermit-kinder-brustgurt\/#local-main-place-address"},"geo":{"@type":"GeoCoordinates","latitude":"47.264176340396226","longitude":"11.380109057672346"},"telephone":["+43 699 19083372"],"openingHoursSpecification":[{"@type":"OpeningHoursSpecification","dayOfWeek":["Monday","Wednesday","Friday"],"opens":"14:00","closes":"18:00"},{"@type":"OpeningHoursSpecification","dayOfWeek":["Tuesday","Thursday","Saturday","Sunday"],"opens":"00:00","closes":"00:00"}],"email":"office@bolting.eu","vatID":"ATU59999728","priceRange":"$$","currenciesAccepted":"Euro"},{"@type":"PostalAddress","@id":"https:\/\/bolting.eu\/en\/shop\/edelrid-kermit-kinder-brustgurt\/#local-main-place-address","streetAddress":"Fischnalerstra\u00dfe 4","addressLocality":"Innsbruck","postalCode":"6020","addressRegion":"Tirol","addressCountry":"AT"},{"@type":"ImageObject","inLanguage":"en-US","@id":"https:\/\/bolting.eu\/en\/shop\/edelrid-kermit-kinder-brustgurt\/#local-main-organization-logo","url":"https:\/\/bolting.eu\/wp-content\/uploads\/2019\/09\/bolting-logo.png","contentUrl":"https:\/\/bolting.eu\/wp-content\/uploads\/2019\/09\/bolting-logo.png","width":400,"height":211,"caption":"bolting.eu"}]},"product_price_amount":"27.00","product_price_currency":"EUR","og_availability":"instock","product_availability":"instock","product_retailer_item_id":"749100033290","product_condition":"new","geo.placename":"Innsbruck","geo.position":{"lat":"47.264176340396226","long":"11.380109057672346"},"geo.region":"Austria"},"_links":{"self":[{"href":"https:\/\/bolting.eu\/en\/wp-json\/wp\/v2\/product\/5270","targetHints":{"allow":["GET"]}}],"collection":[{"href":"https:\/\/bolting.eu\/en\/wp-json\/wp\/v2\/product"}],"about":[{"href":"https:\/\/bolting.eu\/en\/wp-json\/wp\/v2\/types\/product"}],"replies":[{"embeddable":true,"href":"https:\/\/bolting.eu\/en\/wp-json\/wp\/v2\/comments?post=5270"}],"wp:featuredmedia":[{"embeddable":true,"href":"https:\/\/bolting.eu\/en\/wp-json\/wp\/v2\/media\/18246"}],"wp:attachment":[{"href":"https:\/\/bolting.eu\/en\/wp-json\/wp\/v2\/media?parent=5270"}],"wp:term":[{"taxonomy":"product_brand","embeddable":true,"href":"https:\/\/bolting.eu\/en\/wp-json\/wp\/v2\/product_brand?post=5270"},{"taxonomy":"product_cat","embeddable":true,"href":"https:\/\/bolting.eu\/en\/wp-json\/wp\/v2\/product_cat?post=5270"},{"taxonomy":"product_tag","embeddable":true,"href":"https:\/\/bolting.eu\/en\/wp-json\/wp\/v2\/product_tag?post=5270"}],"curies":[{"name":"wp","href":"https:\/\/api.w.org\/{rel}","templated":true}]}}