{"id":5267,"date":"2020-09-03T19:47:27","date_gmt":"2020-09-03T17:47:27","guid":{"rendered":"https:\/\/bolting.eu\/?post_type=product&#038;p=5267"},"modified":"2026-04-27T13:57:50","modified_gmt":"2026-04-27T11:57:50","slug":"edelrid-rope-tooth-einhandmesser","status":"publish","type":"product","link":"https:\/\/bolting.eu\/en\/shop\/edelrid-rope-tooth-einhandmesser\/","title":{"rendered":"Edelrid Rope Tooth Einhandmesser"},"content":{"rendered":"<p>Das Edelrid Rope Tooth Einhandmesser ist f\u00fcr Alpinsportarten gedacht. Denn es schneidet B\u00e4nder sowie Schn\u00fcre und Seile im Handumdrehen durch. Je nach Beschaffenheit geht das sogar mit einer Hand.<\/p>\n<p>Einerseits geht das wegen der extrem scharfen Klinge. Und andererseits wegen den Zacken auf der Klinge, welche sich tief in die Materialien bohren.<\/p>\n<p>Folglich sind beim Klettern oder Canyoning brenzlige Momente rasch entsch\u00e4rft. N\u00e4mlich jene wo Seile h\u00e4ngen bleiben bzw. jemand sofort vom Seil losgel\u00f6st werden muss. Deshalb findet dieses Messer auch in vielen Rettungsorganisationen immer mehr Verbreitung.<\/p>\n<p>Kurzum. Ein super sinnvolles Tool welches in keiner <a href=\"https:\/\/bolting.eu\/kletterausruestung\/\">Kletterausr\u00fcstung<\/a> fehlen sollte!<\/p>\n<h2>Eigenschaften Rope Tooth<\/h2>\n<ul>\n<li>Hersteller: <a href=\"https:\/\/bolting.eu\/produkt-kategorie\/edelrid\/\">Edelrid<\/a><\/li>\n<li>Material: Kunststoff und Edelstahl<\/li>\n<li>Verpackung: Alu Dose<\/li>\n<li>Gewicht: 48 Gramm<\/li>\n<li>sehr scharfes Einhandmesser<\/li>\n<li>Karabinerloch zum Befestigen am Klettergurt<\/li>\n<li>extrem scharfe Klinge mit Wellenschliff<\/li>\n<li>zum Durchtrennen von Reepschn\u00fcren, Bandschlingen und Kletterseilen<\/li>\n<li>leicht ein- bzw. ausklappbar<\/li>\n<\/ul>\n<h2>Einsatzgebiete<\/h2>\n<p><a href=\"https:\/\/bolting.eu\/wp-content\/uploads\/2020\/09\/Edelrid-Rope-Tooth-1.jpg\"><img loading=\"lazy\" decoding=\"async\" class=\"size-thumbnail wp-image-5269 alignleft\" src=\"https:\/\/bolting.eu\/wp-content\/uploads\/2020\/09\/Edelrid-Rope-Tooth-1-280x280.jpg\" alt=\"Das Bild zeigt das Edelrid Rope Tooth Einhandmesser. Das Messer mit dunklem Griff, gelber Drehachse und silberne Schneide ist in Bildmitte zu sehen. Die Klinge steht nach links unten.\" width=\"280\" height=\"280\" srcset=\"https:\/\/bolting.eu\/wp-content\/uploads\/2020\/09\/Edelrid-Rope-Tooth-1-280x280.jpg 280w, https:\/\/bolting.eu\/wp-content\/uploads\/2020\/09\/Edelrid-Rope-Tooth-1-247x247.jpg 247w, https:\/\/bolting.eu\/wp-content\/uploads\/2020\/09\/Edelrid-Rope-Tooth-1-100x100.jpg 100w, https:\/\/bolting.eu\/wp-content\/uploads\/2020\/09\/Edelrid-Rope-Tooth-1-510x510.jpg 510w, https:\/\/bolting.eu\/wp-content\/uploads\/2020\/09\/Edelrid-Rope-Tooth-1-400x400.jpg 400w, https:\/\/bolting.eu\/wp-content\/uploads\/2020\/09\/Edelrid-Rope-Tooth-1-300x300.jpg 300w, https:\/\/bolting.eu\/wp-content\/uploads\/2020\/09\/Edelrid-Rope-Tooth-1-600x600.jpg 600w, https:\/\/bolting.eu\/wp-content\/uploads\/2020\/09\/Edelrid-Rope-Tooth-1.jpg 700w\" sizes=\"auto, (max-width: 280px) 100vw, 280px\" \/><\/a>Das Rope Tooth von Edelrid ist ein extrem scharfes Einhandmesser. D.h. es ist f\u00fcr das rasche Durchtrennen von weichen Band- und Seilmaterialien gedacht. Beispielsweise im Notfall beim Canyoning. Oder zum Abtrennen eines stecken gebliebenen <a href=\"https:\/\/bolting.eu\/produkt-kategorie\/kletterseil\/\">Kletterseils<\/a>.<\/p>\n<p>\u00dcberdies lassen sich auch Gurtb\u00e4nder perfekt damit durchtrennen. Deswegen ist dieses Messer ideal f\u00fcr alle Rettungsorganisationen.<\/p>\n<h3>Kein Campingmesser<\/h3>\n<p>Euer Rope Tooth Messer solltet ihr NICHT regelm\u00e4\u00dfig am Lagerfeuer f\u00fcr\u00b4s Schnitzen verwenden. Denn dieses Einhandmesser ist ein Ausr\u00fcstungsgegenstand f\u00fcr Notf\u00e4lle. Es soll im Fall des Falles 100%ig funktionieren. Und zudem auch rasch. Wer seine Klinge also abstumpft, hat im entscheidenden Moment vielleicht nicht die Funktion die er dann gerne h\u00e4tte. Daher. Lieber nur sporadisch einsetzen!<\/p>\n<h3>Tipp zum Abschneiden von Seilen<\/h3>\n<p>Wer mit dem Rope Tooth seine Seile abschneiden will, kann das gerne machen. Das gelegentliche Durchtrennen von <a href=\"https:\/\/bolting.eu\/produkt-kategorie\/reepschnur\/\">Reepschn\u00fcren<\/a>, <a href=\"https:\/\/bolting.eu\/produkt-kategorie\/bandschlinge\/\">Bandschlingen<\/a> und Seilen schadet der Klinge \u00fcberhaupt nicht.<\/p>\n<p>Wer Seile abschneidet, sollte vorher aber ein Tape dar\u00fcber geben. Denn dann ist der Schnitt ersten viel sauberer. Zweitens franst der Mantel auch nicht aus. Und drittens kann man das Ende dann mit einem Feuerzeug versengen.<\/p>\n<h4><strong>Link Tipp<\/strong><\/h4>\n<p>Dieser <a href=\"https:\/\/www.bergundsteigen.at\/file.php\/archiv\/2004\/2\/print\/22-31%20%28canyoning%2C%20teil%201%29.pdf\" target=\"_blank\" rel=\"noopener noreferrer\">bergundsteigen Beitrag<\/a> beschreibt mit unter den Einsatz von Messern beim Canyoning.<\/p>\n","protected":false},"excerpt":{"rendered":"<p>Extrem scharfes Messer f\u00fcr Notf\u00e4lle im Alpinsport. Trennt Seile und B\u00e4nder extrem schnell.<\/p>\n<p>Sehr leicht aufklappbar.<\/p>\n<p>Versandkostenfrei bis 2kg in <img decoding=\"async\" class=\"emoji\" role=\"img\" draggable=\"false\" src=\"https:\/\/s.w.org\/images\/core\/emoji\/14.0.0\/svg\/1f1e6-1f1f9.svg\" alt=\"\ud83c\udde6\ud83c\uddf9\" \/> ab \u20ac 100,- und <img decoding=\"async\" class=\"emoji\" role=\"img\" draggable=\"false\" src=\"https:\/\/s.w.org\/images\/core\/emoji\/14.0.0\/svg\/1f1e9-1f1ea.svg\" alt=\"\ud83c\udde9\ud83c\uddea\" \/> ab \u20ac 200,-!<\/p>\n","protected":false},"featured_media":5269,"comment_status":"open","ping_status":"closed","template":"","meta":[],"product_brand":[],"product_cat":[4655,31,5061],"product_tag":[1565,2188],"class_list":{"0":"post-5267","1":"product","2":"type-product","3":"status-publish","4":"has-post-thumbnail","6":"product_cat-edelrid","7":"product_cat-big-wall-ausruestung","8":"product_cat-kletterzubehoer","9":"product_tag-bergrettung","10":"product_tag-hoehlenrettung","12":"first","13":"instock","14":"sale","15":"taxable","16":"shipping-taxable","17":"purchasable","18":"product-type-simple"},"yoast_head":"<!-- This site is optimized with the Yoast SEO Premium plugin v26.9 (Yoast SEO v26.9) - https:\/\/yoast.com\/product\/yoast-seo-premium-wordpress\/ -->\n<title>Edelrid Rope Tooth Einhandmesser - g\u00fcnstig online kaufen | bolting.eu<\/title>\n<meta name=\"description\" content=\"EDELRID ROPE TOOTH Einhandmesser beim Kletterprofi aus Innsbruck kaufen \u2705 kostenloser Versand* \u2705 14 Tage R\u00fcckgaberecht \u2705 Co2 neutraler Versand\" \/>\n<meta name=\"robots\" content=\"index, follow, max-snippet:-1, max-image-preview:large, max-video-preview:-1\" \/>\n<link rel=\"canonical\" href=\"https:\/\/bolting.eu\/en\/shop\/edelrid-rope-tooth-einhandmesser\/\" \/>\n<meta property=\"og:locale\" content=\"en_US\" \/>\n<meta property=\"og:type\" content=\"article\" \/>\n<meta property=\"og:title\" content=\"Edelrid Rope Tooth Einhandmesser\" \/>\n<meta property=\"og:description\" content=\"EDELRID ROPE TOOTH Einhandmesser beim Kletterprofi aus Innsbruck kaufen \u2705 kostenloser Versand* \u2705 14 Tage R\u00fcckgaberecht \u2705 Co2 neutraler Versand\" \/>\n<meta property=\"og:url\" content=\"https:\/\/bolting.eu\/en\/shop\/edelrid-rope-tooth-einhandmesser\/\" \/>\n<meta property=\"og:site_name\" content=\"bolting.eu\" \/>\n<meta property=\"article:publisher\" content=\"https:\/\/www.facebook.com\/bolting.eu\" \/>\n<meta property=\"article:modified_time\" content=\"2026-04-27T11:57:50+00:00\" \/>\n<meta property=\"og:image\" content=\"https:\/\/bolting.eu\/wp-content\/uploads\/2020\/09\/Edelrid-Rope-Tooth-1.jpg\" \/>\n\t<meta property=\"og:image:width\" content=\"700\" \/>\n\t<meta property=\"og:image:height\" content=\"700\" \/>\n\t<meta property=\"og:image:type\" content=\"image\/jpeg\" \/>\n<meta name=\"twitter:card\" content=\"summary_large_image\" \/>\n<meta name=\"twitter:label1\" content=\"Price\" \/>\n\t<meta name=\"twitter:data1\" content=\"&euro;&nbsp;19,00\" \/>\n\t<meta name=\"twitter:label2\" content=\"Availability\" \/>\n\t<meta name=\"twitter:data2\" content=\"In stock\" \/>\n<script type=\"application\/ld+json\" class=\"yoast-schema-graph\">{\"@context\":\"https:\/\/schema.org\",\"@graph\":[{\"@type\":[\"WebPage\",\"ItemPage\"],\"@id\":\"https:\/\/bolting.eu\/en\/shop\/edelrid-rope-tooth-einhandmesser\/\",\"url\":\"https:\/\/bolting.eu\/en\/shop\/edelrid-rope-tooth-einhandmesser\/\",\"name\":\"Edelrid Rope Tooth Einhandmesser - g\u00fcnstig online kaufen | bolting.eu\",\"isPartOf\":{\"@id\":\"https:\/\/bolting.eu\/en\/#website\"},\"primaryImageOfPage\":{\"@id\":\"https:\/\/bolting.eu\/en\/shop\/edelrid-rope-tooth-einhandmesser\/#primaryimage\"},\"image\":{\"@id\":\"https:\/\/bolting.eu\/en\/shop\/edelrid-rope-tooth-einhandmesser\/#primaryimage\"},\"thumbnailUrl\":\"https:\/\/bolting.eu\/wp-content\/uploads\/2020\/09\/Edelrid-Rope-Tooth-1.jpg\",\"datePublished\":\"2020-09-03T17:47:27+00:00\",\"dateModified\":\"2026-04-27T11:57:50+00:00\",\"description\":\"EDELRID ROPE TOOTH Einhandmesser beim Kletterprofi aus Innsbruck kaufen \u2705 kostenloser Versand* \u2705 14 Tage R\u00fcckgaberecht \u2705 Co2 neutraler Versand\",\"breadcrumb\":{\"@id\":\"https:\/\/bolting.eu\/en\/shop\/edelrid-rope-tooth-einhandmesser\/#breadcrumb\"},\"inLanguage\":\"en-US\",\"potentialAction\":[{\"@type\":\"ReadAction\",\"target\":[\"https:\/\/bolting.eu\/en\/shop\/edelrid-rope-tooth-einhandmesser\/\"]}]},{\"@type\":\"ImageObject\",\"inLanguage\":\"en-US\",\"@id\":\"https:\/\/bolting.eu\/en\/shop\/edelrid-rope-tooth-einhandmesser\/#primaryimage\",\"url\":\"https:\/\/bolting.eu\/wp-content\/uploads\/2020\/09\/Edelrid-Rope-Tooth-1.jpg\",\"contentUrl\":\"https:\/\/bolting.eu\/wp-content\/uploads\/2020\/09\/Edelrid-Rope-Tooth-1.jpg\",\"width\":700,\"height\":700,\"caption\":\"Das Bild zeigt das Edelrid Rope Tooth Einhandmesser. Das Messer mit dunklem Griff, gelber Drehachse und silberne Schneide ist in Bildmitte zu sehen. Die Klinge steht nach links unten.\"},{\"@type\":\"BreadcrumbList\",\"@id\":\"https:\/\/bolting.eu\/en\/shop\/edelrid-rope-tooth-einhandmesser\/#breadcrumb\",\"itemListElement\":[{\"@type\":\"ListItem\",\"position\":1,\"name\":\"Shop\",\"item\":\"https:\/\/bolting.eu\/en\/shop\/\"},{\"@type\":\"ListItem\",\"position\":2,\"name\":\"Big Wall gear\",\"item\":\"https:\/\/bolting.eu\/en\/produkt-kategorie\/big-wall-gear\/\"},{\"@type\":\"ListItem\",\"position\":3,\"name\":\"Edelrid Rope Tooth Einhandmesser\"}]},{\"@type\":\"WebSite\",\"@id\":\"https:\/\/bolting.eu\/en\/#website\",\"url\":\"https:\/\/bolting.eu\/en\/\",\"name\":\"bolting.eu\",\"description\":\"we make climbs happen\",\"publisher\":{\"@id\":\"https:\/\/bolting.eu\/en\/#organization\"},\"potentialAction\":[{\"@type\":\"SearchAction\",\"target\":{\"@type\":\"EntryPoint\",\"urlTemplate\":\"https:\/\/bolting.eu\/en\/?s={search_term_string}\"},\"query-input\":{\"@type\":\"PropertyValueSpecification\",\"valueRequired\":true,\"valueName\":\"search_term_string\"}}],\"inLanguage\":\"en-US\"},{\"@type\":[\"Organization\",\"Place\",\"SportingGoodsStore\"],\"@id\":\"https:\/\/bolting.eu\/en\/#organization\",\"name\":\"bolting.eu\",\"url\":\"https:\/\/bolting.eu\/en\/\",\"logo\":{\"@id\":\"https:\/\/bolting.eu\/en\/shop\/edelrid-rope-tooth-einhandmesser\/#local-main-organization-logo\"},\"image\":{\"@id\":\"https:\/\/bolting.eu\/en\/shop\/edelrid-rope-tooth-einhandmesser\/#local-main-organization-logo\"},\"sameAs\":[\"https:\/\/www.facebook.com\/bolting.eu\",\"https:\/\/www.instagram.com\/bolting.eu\/\"],\"address\":{\"@id\":\"https:\/\/bolting.eu\/en\/shop\/edelrid-rope-tooth-einhandmesser\/#local-main-place-address\"},\"geo\":{\"@type\":\"GeoCoordinates\",\"latitude\":\"47.264176340396226\",\"longitude\":\"11.380109057672346\"},\"telephone\":[\"+43 699 19083372\"],\"openingHoursSpecification\":[{\"@type\":\"OpeningHoursSpecification\",\"dayOfWeek\":[\"Monday\",\"Wednesday\",\"Friday\"],\"opens\":\"14:00\",\"closes\":\"18:00\"},{\"@type\":\"OpeningHoursSpecification\",\"dayOfWeek\":[\"Tuesday\",\"Thursday\",\"Saturday\",\"Sunday\"],\"opens\":\"00:00\",\"closes\":\"00:00\"}],\"email\":\"office@bolting.eu\",\"vatID\":\"ATU59999728\",\"priceRange\":\"$$\",\"currenciesAccepted\":\"Euro\"},{\"@type\":\"PostalAddress\",\"@id\":\"https:\/\/bolting.eu\/en\/shop\/edelrid-rope-tooth-einhandmesser\/#local-main-place-address\",\"streetAddress\":\"Fischnalerstra\u00dfe 4\",\"addressLocality\":\"Innsbruck\",\"postalCode\":\"6020\",\"addressRegion\":\"Tirol\",\"addressCountry\":\"AT\"},{\"@type\":\"ImageObject\",\"inLanguage\":\"en-US\",\"@id\":\"https:\/\/bolting.eu\/en\/shop\/edelrid-rope-tooth-einhandmesser\/#local-main-organization-logo\",\"url\":\"https:\/\/bolting.eu\/wp-content\/uploads\/2019\/09\/bolting-logo.png\",\"contentUrl\":\"https:\/\/bolting.eu\/wp-content\/uploads\/2019\/09\/bolting-logo.png\",\"width\":400,\"height\":211,\"caption\":\"bolting.eu\"}]}<\/script>\n<meta property=\"product:price:amount\" content=\"19.00\" \/>\n<meta property=\"product:price:currency\" content=\"EUR\" \/>\n<meta property=\"og:availability\" content=\"instock\" \/>\n<meta property=\"product:availability\" content=\"instock\" \/>\n<meta property=\"product:retailer_item_id\" content=\"734700000000\" \/>\n<meta property=\"product:condition\" content=\"new\" \/>\n<meta name=\"geo.placename\" content=\"Innsbruck\" \/>\n<meta name=\"geo.position\" content=\"47.264176340396226;11.380109057672346\" \/>\n<meta name=\"geo.region\" content=\"Austria\" \/>\n<!-- \/ Yoast SEO Premium plugin. -->","yoast_head_json":{"title":"Edelrid Rope Tooth Einhandmesser - g\u00fcnstig online kaufen | bolting.eu","description":"EDELRID ROPE TOOTH Einhandmesser beim Kletterprofi aus Innsbruck kaufen \u2705 kostenloser Versand* \u2705 14 Tage R\u00fcckgaberecht \u2705 Co2 neutraler Versand","robots":{"index":"index","follow":"follow","max-snippet":"max-snippet:-1","max-image-preview":"max-image-preview:large","max-video-preview":"max-video-preview:-1"},"canonical":"https:\/\/bolting.eu\/en\/shop\/edelrid-rope-tooth-einhandmesser\/","og_locale":"en_US","og_type":"article","og_title":"Edelrid Rope Tooth Einhandmesser","og_description":"EDELRID ROPE TOOTH Einhandmesser beim Kletterprofi aus Innsbruck kaufen \u2705 kostenloser Versand* \u2705 14 Tage R\u00fcckgaberecht \u2705 Co2 neutraler Versand","og_url":"https:\/\/bolting.eu\/en\/shop\/edelrid-rope-tooth-einhandmesser\/","og_site_name":"bolting.eu","article_publisher":"https:\/\/www.facebook.com\/bolting.eu","article_modified_time":"2026-04-27T11:57:50+00:00","og_image":[{"width":700,"height":700,"url":"https:\/\/bolting.eu\/wp-content\/uploads\/2020\/09\/Edelrid-Rope-Tooth-1.jpg","type":"image\/jpeg"}],"twitter_card":"summary_large_image","twitter_misc":{"Price":"&euro;&nbsp;19,00","Availability":"In stock"},"schema":{"@context":"https:\/\/schema.org","@graph":[{"@type":["WebPage","ItemPage"],"@id":"https:\/\/bolting.eu\/en\/shop\/edelrid-rope-tooth-einhandmesser\/","url":"https:\/\/bolting.eu\/en\/shop\/edelrid-rope-tooth-einhandmesser\/","name":"Edelrid Rope Tooth Einhandmesser - g\u00fcnstig online kaufen | bolting.eu","isPartOf":{"@id":"https:\/\/bolting.eu\/en\/#website"},"primaryImageOfPage":{"@id":"https:\/\/bolting.eu\/en\/shop\/edelrid-rope-tooth-einhandmesser\/#primaryimage"},"image":{"@id":"https:\/\/bolting.eu\/en\/shop\/edelrid-rope-tooth-einhandmesser\/#primaryimage"},"thumbnailUrl":"https:\/\/bolting.eu\/wp-content\/uploads\/2020\/09\/Edelrid-Rope-Tooth-1.jpg","datePublished":"2020-09-03T17:47:27+00:00","dateModified":"2026-04-27T11:57:50+00:00","description":"EDELRID ROPE TOOTH Einhandmesser beim Kletterprofi aus Innsbruck kaufen \u2705 kostenloser Versand* \u2705 14 Tage R\u00fcckgaberecht \u2705 Co2 neutraler Versand","breadcrumb":{"@id":"https:\/\/bolting.eu\/en\/shop\/edelrid-rope-tooth-einhandmesser\/#breadcrumb"},"inLanguage":"en-US","potentialAction":[{"@type":"ReadAction","target":["https:\/\/bolting.eu\/en\/shop\/edelrid-rope-tooth-einhandmesser\/"]}]},{"@type":"ImageObject","inLanguage":"en-US","@id":"https:\/\/bolting.eu\/en\/shop\/edelrid-rope-tooth-einhandmesser\/#primaryimage","url":"https:\/\/bolting.eu\/wp-content\/uploads\/2020\/09\/Edelrid-Rope-Tooth-1.jpg","contentUrl":"https:\/\/bolting.eu\/wp-content\/uploads\/2020\/09\/Edelrid-Rope-Tooth-1.jpg","width":700,"height":700,"caption":"Das Bild zeigt das Edelrid Rope Tooth Einhandmesser. Das Messer mit dunklem Griff, gelber Drehachse und silberne Schneide ist in Bildmitte zu sehen. Die Klinge steht nach links unten."},{"@type":"BreadcrumbList","@id":"https:\/\/bolting.eu\/en\/shop\/edelrid-rope-tooth-einhandmesser\/#breadcrumb","itemListElement":[{"@type":"ListItem","position":1,"name":"Shop","item":"https:\/\/bolting.eu\/en\/shop\/"},{"@type":"ListItem","position":2,"name":"Big Wall gear","item":"https:\/\/bolting.eu\/en\/produkt-kategorie\/big-wall-gear\/"},{"@type":"ListItem","position":3,"name":"Edelrid Rope Tooth Einhandmesser"}]},{"@type":"WebSite","@id":"https:\/\/bolting.eu\/en\/#website","url":"https:\/\/bolting.eu\/en\/","name":"bolting.eu","description":"we make climbs happen","publisher":{"@id":"https:\/\/bolting.eu\/en\/#organization"},"potentialAction":[{"@type":"SearchAction","target":{"@type":"EntryPoint","urlTemplate":"https:\/\/bolting.eu\/en\/?s={search_term_string}"},"query-input":{"@type":"PropertyValueSpecification","valueRequired":true,"valueName":"search_term_string"}}],"inLanguage":"en-US"},{"@type":["Organization","Place","SportingGoodsStore"],"@id":"https:\/\/bolting.eu\/en\/#organization","name":"bolting.eu","url":"https:\/\/bolting.eu\/en\/","logo":{"@id":"https:\/\/bolting.eu\/en\/shop\/edelrid-rope-tooth-einhandmesser\/#local-main-organization-logo"},"image":{"@id":"https:\/\/bolting.eu\/en\/shop\/edelrid-rope-tooth-einhandmesser\/#local-main-organization-logo"},"sameAs":["https:\/\/www.facebook.com\/bolting.eu","https:\/\/www.instagram.com\/bolting.eu\/"],"address":{"@id":"https:\/\/bolting.eu\/en\/shop\/edelrid-rope-tooth-einhandmesser\/#local-main-place-address"},"geo":{"@type":"GeoCoordinates","latitude":"47.264176340396226","longitude":"11.380109057672346"},"telephone":["+43 699 19083372"],"openingHoursSpecification":[{"@type":"OpeningHoursSpecification","dayOfWeek":["Monday","Wednesday","Friday"],"opens":"14:00","closes":"18:00"},{"@type":"OpeningHoursSpecification","dayOfWeek":["Tuesday","Thursday","Saturday","Sunday"],"opens":"00:00","closes":"00:00"}],"email":"office@bolting.eu","vatID":"ATU59999728","priceRange":"$$","currenciesAccepted":"Euro"},{"@type":"PostalAddress","@id":"https:\/\/bolting.eu\/en\/shop\/edelrid-rope-tooth-einhandmesser\/#local-main-place-address","streetAddress":"Fischnalerstra\u00dfe 4","addressLocality":"Innsbruck","postalCode":"6020","addressRegion":"Tirol","addressCountry":"AT"},{"@type":"ImageObject","inLanguage":"en-US","@id":"https:\/\/bolting.eu\/en\/shop\/edelrid-rope-tooth-einhandmesser\/#local-main-organization-logo","url":"https:\/\/bolting.eu\/wp-content\/uploads\/2019\/09\/bolting-logo.png","contentUrl":"https:\/\/bolting.eu\/wp-content\/uploads\/2019\/09\/bolting-logo.png","width":400,"height":211,"caption":"bolting.eu"}]},"product_price_amount":"19.00","product_price_currency":"EUR","og_availability":"instock","product_availability":"instock","product_retailer_item_id":"734700000000","product_condition":"new","geo.placename":"Innsbruck","geo.position":{"lat":"47.264176340396226","long":"11.380109057672346"},"geo.region":"Austria"},"_links":{"self":[{"href":"https:\/\/bolting.eu\/en\/wp-json\/wp\/v2\/product\/5267","targetHints":{"allow":["GET"]}}],"collection":[{"href":"https:\/\/bolting.eu\/en\/wp-json\/wp\/v2\/product"}],"about":[{"href":"https:\/\/bolting.eu\/en\/wp-json\/wp\/v2\/types\/product"}],"replies":[{"embeddable":true,"href":"https:\/\/bolting.eu\/en\/wp-json\/wp\/v2\/comments?post=5267"}],"wp:featuredmedia":[{"embeddable":true,"href":"https:\/\/bolting.eu\/en\/wp-json\/wp\/v2\/media\/5269"}],"wp:attachment":[{"href":"https:\/\/bolting.eu\/en\/wp-json\/wp\/v2\/media?parent=5267"}],"wp:term":[{"taxonomy":"product_brand","embeddable":true,"href":"https:\/\/bolting.eu\/en\/wp-json\/wp\/v2\/product_brand?post=5267"},{"taxonomy":"product_cat","embeddable":true,"href":"https:\/\/bolting.eu\/en\/wp-json\/wp\/v2\/product_cat?post=5267"},{"taxonomy":"product_tag","embeddable":true,"href":"https:\/\/bolting.eu\/en\/wp-json\/wp\/v2\/product_tag?post=5267"}],"curies":[{"name":"wp","href":"https:\/\/api.w.org\/{rel}","templated":true}]}}