{"id":5247,"date":"2020-09-03T16:18:09","date_gmt":"2020-09-03T14:18:09","guid":{"rendered":"https:\/\/bolting.eu\/?post_type=product&#038;p=5247"},"modified":"2026-01-18T11:29:08","modified_gmt":"2026-01-18T10:29:08","slug":"edelrid-jay","status":"publish","type":"product","link":"https:\/\/bolting.eu\/en\/shop\/edelrid-jay\/","title":{"rendered":"Edelrid Jay"},"content":{"rendered":"<p>Der Edelrid Jay ist ein \u00e4u\u00dferst beliebter M\u00e4nner <a href=\"https:\/\/bolting.eu\/produkt-kategorie\/kletterausruestung\/klettergurte\/\">Klettergurt<\/a>. Er macht sowohl beim Sportklettern als auch Klettersteig und Bergsteigen eine prima Figur.<\/p>\n<p>Der Grund f\u00fcr die gro\u00dfe Beliebtheit liegt im smarten Design des Gurtes.<\/p>\n<p>Denn erstens hat er ein zentrierbares H\u00fcftband. D.h. die H\u00fcftschlaufe am Gurt ist frei hin und her schiebbar. Somit kann die Einbindeschlaufe immer perfekt zentriert werden.<\/p>\n<p>Zweitens hat der Klettergurt breite und verstellbare Beinschlaufen. Dadurch ist der Sitz immer komfortabel.<\/p>\n<p>Drittens sorgen vier Materialschlaufen und atmungsaktive B\u00e4nder f\u00fcr h\u00f6chste Funktionalit\u00e4t. Und all dies bei nur 410 Gramm Gewicht.<\/p>\n<p>Kurzum. Dieser Klettergurt sollte in keiner Kletter- bzw. <a href=\"https:\/\/bolting.eu\/klettersteigausruestung\/\">Klettersteigausr\u00fcstung<\/a> und Bergsteigerausr\u00fcstung fehlen. Er hat ein au\u00dfergew\u00f6hnlich tolles Preis-Leistungsverh\u00e4ltnis.<\/p>\n<h2>Eigenschaften Edelrid Jay<\/h2>\n<ul>\n<li>Hersteller: <a href=\"https:\/\/bolting.eu\/produkt-kategorie\/edelrid\/\">Edelrid<\/a><\/li>\n<li>Gewicht: 410 Gramm (S)<\/li>\n<li>EN Norm: EN 12277 Typ C<\/li>\n<li>CE 0123<\/li>\n<li>verstellbare Beinschlaufen<\/li>\n<li>zentrierbarer H\u00fcftgurt<\/li>\n<li>Einbindeschlaufe mit Dyneema Abriebschutz<\/li>\n<li>H\u00fcft- und Beinschlaufen gepolstert<\/li>\n<li>Slide Block Schnallen f\u00fcr leichtes an- und Ausziehen<\/li>\n<li>4 Materialschlaufen<\/li>\n<li>Schlaufen f\u00fcr Edelrid Materialkarabiner<\/li>\n<\/ul>\n<h3>F\u00fcr wen ist der Edelrid Jay gedacht?<\/h3>\n<p>Dieser Klettergurt ist ein M\u00e4nner Modell. Es handelt sich dabei um einen Universal Gurt. D.h. er hat ein breites Einsatzspektrum. Er macht sich sowohl beim Sportklettern prima. Als auch am Klettersteig und beim Bergsteiger.<\/p>\n<p>Er hat ausgewogene Eigenschaften und kann somit \u00fcberall gleich gut verwendet werden. Es ist dieser extrem breite Einsatzbereich, welcher dieses Modell so erfolgreich macht!<\/p>\n<h3>Welche Gr\u00f6\u00dfe brauche ich?<\/h3>\n<p>Damit ihr die passende Gr\u00f6\u00dfe beim Edelrid Jay bestellt, gibt es hier die Gr\u00f6\u00dfen\u00fcbersicht.<\/p>\n<table width=\"411\">\n<tbody>\n<tr>\n<td style=\"text-align: center;\" colspan=\"4\" width=\"411\"><span style=\"font-size: 105%;\"><strong>Gr\u00f6\u00dfentabelle Edelrid Jay<\/strong><\/span><\/td>\n<\/tr>\n<tr>\n<td style=\"text-align: center;\"><strong>Gr\u00f6\u00dfe<\/strong><\/td>\n<td style=\"text-align: center;\"><strong>Gewicht<\/strong><\/td>\n<td style=\"text-align: center;\"><strong>H\u00fcftumfang<\/strong><\/td>\n<td style=\"text-align: center;\"><strong>Oberschenkelumfang<\/strong><\/td>\n<\/tr>\n<tr>\n<td style=\"text-align: center;\">S<\/td>\n<td style=\"text-align: center;\">410 Gramm<\/td>\n<td style=\"text-align: center;\">63-83cm<\/td>\n<td style=\"text-align: center;\">45-55cm<\/td>\n<\/tr>\n<tr>\n<td style=\"text-align: center;\">M<\/td>\n<td style=\"text-align: center;\">435 Gramm<\/td>\n<td style=\"text-align: center;\">70-90cm<\/td>\n<td style=\"text-align: center;\">50-60cm<\/td>\n<\/tr>\n<tr>\n<td style=\"text-align: center;\">L<\/td>\n<td style=\"text-align: center;\">465 Gramm<\/td>\n<td style=\"text-align: center;\">78-98cm<\/td>\n<td style=\"text-align: center;\">55-65cm<\/td>\n<\/tr>\n<\/tbody>\n<\/table>\n<h3>Produktvideo Edelrid Jay<\/h3>\n<p>Ein Bild sagt mehr als 1.000 Worte. Daher wollen wir euch ein Produktvideo zeigen. Es soll euch zum einen bei der Kaufentscheidung helfen. Zum anderen kann sich alle Vorteile des Klettergurtes perfekt anschauen!<\/p>\n<p><iframe loading=\"lazy\" title=\"JAY &amp; JAYNE Harnesses | EDELRID\" src=\"https:\/\/www.youtube.com\/embed\/H6zzKldUuXg\" width=\"2560\" height=\"1318\" frameborder=\"0\" allowfullscreen=\"allowfullscreen\"><\/iframe><\/p>\n<p>&nbsp;<\/p>\n<h3>bluesign \u00ae zertifiziert<\/h3>\n<p>Der Edelrid Jay und Jayne sind die einzigen bluesign \u00ae zertifizierten Klettergurte am gesamten Markt. D.h. hier werden nachweislich Ressourcen schonende Materialien f\u00fcr die Herstellung verwendet.<\/p>\n<p>Somit ist dieses Produkt im Vergleich zu anderen Gurten viel nachhaltiger!<\/p>\n<h3>Wann muss der Gurt getauscht werden?<\/h3>\n<p>Wie jeder andere Gurt erreicht der Edelrid Jay irgendwann sein Gebrauchsfrist. D.h. einen zu hohen Grad der Abnutzung.<\/p>\n<p><a href=\"https:\/\/bolting.eu\/wp-content\/uploads\/2020\/09\/Edelrid-Jay-3.jpg\"><img loading=\"lazy\" decoding=\"async\" class=\"size-thumbnail wp-image-5250 alignleft\" src=\"https:\/\/bolting.eu\/wp-content\/uploads\/2020\/09\/Edelrid-Jay-3-280x280.jpg\" alt=\"\" width=\"280\" height=\"280\" srcset=\"https:\/\/bolting.eu\/wp-content\/uploads\/2020\/09\/Edelrid-Jay-3-280x280.jpg 280w, https:\/\/bolting.eu\/wp-content\/uploads\/2020\/09\/Edelrid-Jay-3-100x100.jpg 100w, https:\/\/bolting.eu\/wp-content\/uploads\/2020\/09\/Edelrid-Jay-3-510x510.jpg 510w, https:\/\/bolting.eu\/wp-content\/uploads\/2020\/09\/Edelrid-Jay-3-400x400.jpg 400w, https:\/\/bolting.eu\/wp-content\/uploads\/2020\/09\/Edelrid-Jay-3-300x300.jpg 300w, https:\/\/bolting.eu\/wp-content\/uploads\/2020\/09\/Edelrid-Jay-3-600x600.jpg 600w, https:\/\/bolting.eu\/wp-content\/uploads\/2020\/09\/Edelrid-Jay-3.jpg 700w\" sizes=\"auto, (max-width: 280px) 100vw, 280px\" \/><\/a>Dabei ist von Vorteil, das Edelrid hier ein smartes System besitzt. Denn der am h\u00f6chsten beanspruchte Teil sind die Anseilschlaufen bzw. der zentrale Einbindering. Und hier kommen bei zu hoher Abnutzung rote Fasern zum Vorschein. Somit hat man eine perfekte optische Kontrolle!<\/p>\n<p>Kommen sie zum Vorschein, ist der Gurt auszutauschen. Weiters sollte ein Gurt nach 10 Jahren sowieso getauscht werden. Denn dies ist das Ende der sogenannten &#8220;Lagerfrist&#8221;.<\/p>\n<p>Haben tragende Teile wie H\u00fcft- oder Beinschlaufen offensichtliche Besch\u00e4digungen? Dann sofort weg damit!<\/p>\n<h3>Edelrid Jay &#8211; extra Schlaufen<\/h3>\n<p>Wir finden die extra Schlaufen am H\u00fcftband spitze. Denn hier kann man zwei Sachen dazu h\u00e4ngen. Erstens einen Edelrid Materialkarabiner. z.B. f\u00fcr Eisschrauben im Winter. Und zweitens eine Schlaufe f\u00fcr ein <a href=\"https:\/\/bolting.eu\/produkt-kategorie\/chalkbag\/\">Chalkbag<\/a> auf der R\u00fcckseite. Dort kann man den Magnesiumbeutel mit einem <a href=\"https:\/\/bolting.eu\/produkt-kategorie\/karabiner-kletterkarabiner\/materialkarabiner\/\">Materialkarabiner<\/a> prima befestigen.<\/p>\n<h3>Gurt regelm\u00e4\u00dfig waschen<\/h3>\n<p>Versucht Euren Edelrid Jay zwei Mal im Jahr zu waschen. Am einfachsten geht dies mit einem <a href=\"https:\/\/bolting.eu\/shop\/beal-seilwaschmittel-rope-cleaner\/\">Seil Waschmittel<\/a>.<\/p>\n<p>Sp\u00fclt den Gurt erstens mit einer Kappe des Waschmittels in einem Waschbecken gut durch. Danach solltet ihr das Produkt mit laufendem Wasser gut aussp\u00fclen. Abschlie\u00dfend an der Luft trocknen lassen. Schon habt ihr wieder einen perfekt sauberen Gurt!<\/p>\n<h4><strong>Link Tipp<\/strong><\/h4>\n<p>Die <a href=\"https:\/\/media.edelrid.de\/images\/attribut\/Pruefanweisung_Gurt.pdf\" target=\"_blank\" rel=\"noopener noreferrer\">Pr\u00fcfanweisung<\/a> des Herstellers gibt n\u00e4here Auskunft \u00fcber die wichtigen Pr\u00fcfkriterien f\u00fcr Klettergurte!<\/p>\n","protected":false},"excerpt":{"rendered":"<ul>\n<li>Hersteller: <a href=\"https:\/\/bolting.eu\/produkt-kategorie\/edelrid\/\">Edelrid<\/a><\/li>\n<li>Gewicht: 368 Gramm (S)<\/li>\n<li>EN Norm: EN 12277 Typ C<\/li>\n<li>CE 0123<\/li>\n<li>verstellbare Beinschlaufen<\/li>\n<li>zentrierbarer H\u00fcftgurt<\/li>\n<li>Einbindeschlaufe mit Dyneema Abriebschutz<\/li>\n<li>H\u00fcft- und Beinschlaufen gepolstert<\/li>\n<li>Slide Block Schnallen f\u00fcr leichtes an- und Ausziehen<\/li>\n<li>4 Materialschlaufen<\/li>\n<li>Schlaufen f\u00fcr Edelrid Materialkarabiner<\/li>\n<\/ul>\n","protected":false},"featured_media":34274,"comment_status":"open","ping_status":"closed","template":"","meta":[],"product_brand":[],"product_cat":[4655,6359],"product_tag":[262,3128,264],"class_list":{"0":"post-5247","1":"product","2":"type-product","3":"status-publish","4":"has-post-thumbnail","6":"product_cat-edelrid","7":"product_cat-klettergurte","8":"product_tag-alpinklettern","9":"product_tag-bergsteigen","10":"product_tag-sportklettern","12":"first","13":"instock","14":"sale","15":"taxable","16":"shipping-taxable","17":"purchasable","18":"product-type-variable"},"yoast_head":"<!-- This site is optimized with the Yoast SEO Premium plugin v26.9 (Yoast SEO v26.9) - https:\/\/yoast.com\/product\/yoast-seo-premium-wordpress\/ -->\n<title>Edelrid Jay Allround-Klettergurt g\u00fcnstig online kaufen | bolting.eu<\/title>\n<meta name=\"description\" content=\"EDELRID JAY ALLROUND-KLETTERGURT beim Kletterprofi kaufen\" \/>\n<meta name=\"robots\" content=\"index, follow, max-snippet:-1, max-image-preview:large, max-video-preview:-1\" \/>\n<link rel=\"canonical\" href=\"https:\/\/bolting.eu\/en\/shop\/edelrid-jay\/\" \/>\n<meta property=\"og:locale\" content=\"en_US\" \/>\n<meta property=\"og:type\" content=\"article\" \/>\n<meta property=\"og:title\" content=\"Edelrid Jay\" \/>\n<meta property=\"og:description\" content=\"EDELRID JAY ALLROUND-KLETTERGURT beim Kletterprofi kaufen\" \/>\n<meta property=\"og:url\" content=\"https:\/\/bolting.eu\/en\/shop\/edelrid-jay\/\" \/>\n<meta property=\"og:site_name\" content=\"bolting.eu\" \/>\n<meta property=\"article:publisher\" content=\"https:\/\/www.facebook.com\/bolting.eu\" \/>\n<meta property=\"article:modified_time\" content=\"2026-01-18T10:29:08+00:00\" \/>\n<meta property=\"og:image\" content=\"https:\/\/bolting.eu\/wp-content\/uploads\/2020\/09\/Edelrid-Jay-IV-2.jpg\" \/>\n\t<meta property=\"og:image:width\" content=\"700\" \/>\n\t<meta property=\"og:image:height\" content=\"700\" \/>\n\t<meta property=\"og:image:type\" content=\"image\/jpeg\" \/>\n<meta name=\"twitter:card\" content=\"summary_large_image\" \/>\n<meta name=\"twitter:label1\" content=\"Availability\" \/>\n\t<meta name=\"twitter:data1\" content=\"In stock\" \/>\n<script type=\"application\/ld+json\" class=\"yoast-schema-graph\">{\"@context\":\"https:\/\/schema.org\",\"@graph\":[{\"@type\":[\"WebPage\",\"ItemPage\"],\"@id\":\"https:\/\/bolting.eu\/en\/shop\/edelrid-jay\/\",\"url\":\"https:\/\/bolting.eu\/en\/shop\/edelrid-jay\/\",\"name\":\"Edelrid Jay Allround-Klettergurt g\u00fcnstig online kaufen | bolting.eu\",\"isPartOf\":{\"@id\":\"https:\/\/bolting.eu\/en\/#website\"},\"primaryImageOfPage\":{\"@id\":\"https:\/\/bolting.eu\/en\/shop\/edelrid-jay\/#primaryimage\"},\"image\":{\"@id\":\"https:\/\/bolting.eu\/en\/shop\/edelrid-jay\/#primaryimage\"},\"thumbnailUrl\":\"https:\/\/bolting.eu\/wp-content\/uploads\/2020\/09\/Edelrid-Jay-IV-2.jpg\",\"datePublished\":\"2020-09-03T14:18:09+00:00\",\"dateModified\":\"2026-01-18T10:29:08+00:00\",\"description\":\"EDELRID JAY ALLROUND-KLETTERGURT beim Kletterprofi kaufen\",\"breadcrumb\":{\"@id\":\"https:\/\/bolting.eu\/en\/shop\/edelrid-jay\/#breadcrumb\"},\"inLanguage\":\"en-US\",\"potentialAction\":[{\"@type\":\"ReadAction\",\"target\":[\"https:\/\/bolting.eu\/en\/shop\/edelrid-jay\/\"]}]},{\"@type\":\"ImageObject\",\"inLanguage\":\"en-US\",\"@id\":\"https:\/\/bolting.eu\/en\/shop\/edelrid-jay\/#primaryimage\",\"url\":\"https:\/\/bolting.eu\/wp-content\/uploads\/2020\/09\/Edelrid-Jay-IV-2.jpg\",\"contentUrl\":\"https:\/\/bolting.eu\/wp-content\/uploads\/2020\/09\/Edelrid-Jay-IV-2.jpg\",\"width\":700,\"height\":700,\"caption\":\"Blau - t\u00fcrkiser Edelrid Jay IV Allround Klettergurt von der Vorderseite auf wei\u00dfem Hintergrund.\"},{\"@type\":\"BreadcrumbList\",\"@id\":\"https:\/\/bolting.eu\/en\/shop\/edelrid-jay\/#breadcrumb\",\"itemListElement\":[{\"@type\":\"ListItem\",\"position\":1,\"name\":\"Shop\",\"item\":\"https:\/\/bolting.eu\/en\/shop\/\"},{\"@type\":\"ListItem\",\"position\":2,\"name\":\"climbing equipment\",\"item\":\"https:\/\/bolting.eu\/en\/produkt-kategorie\/climbing-equipment\/\"},{\"@type\":\"ListItem\",\"position\":3,\"name\":\"Klettergurte\",\"item\":\"https:\/\/bolting.eu\/produkt-kategorie\/kletterausruestung\/klettergurte\/\"},{\"@type\":\"ListItem\",\"position\":4,\"name\":\"Edelrid Jay\"}]},{\"@type\":\"WebSite\",\"@id\":\"https:\/\/bolting.eu\/en\/#website\",\"url\":\"https:\/\/bolting.eu\/en\/\",\"name\":\"bolting.eu\",\"description\":\"we make climbs happen\",\"publisher\":{\"@id\":\"https:\/\/bolting.eu\/en\/#organization\"},\"potentialAction\":[{\"@type\":\"SearchAction\",\"target\":{\"@type\":\"EntryPoint\",\"urlTemplate\":\"https:\/\/bolting.eu\/en\/?s={search_term_string}\"},\"query-input\":{\"@type\":\"PropertyValueSpecification\",\"valueRequired\":true,\"valueName\":\"search_term_string\"}}],\"inLanguage\":\"en-US\"},{\"@type\":[\"Organization\",\"Place\",\"SportingGoodsStore\"],\"@id\":\"https:\/\/bolting.eu\/en\/#organization\",\"name\":\"bolting.eu\",\"url\":\"https:\/\/bolting.eu\/en\/\",\"logo\":{\"@id\":\"https:\/\/bolting.eu\/en\/shop\/edelrid-jay\/#local-main-organization-logo\"},\"image\":{\"@id\":\"https:\/\/bolting.eu\/en\/shop\/edelrid-jay\/#local-main-organization-logo\"},\"sameAs\":[\"https:\/\/www.facebook.com\/bolting.eu\",\"https:\/\/www.instagram.com\/bolting.eu\/\"],\"address\":{\"@id\":\"https:\/\/bolting.eu\/en\/shop\/edelrid-jay\/#local-main-place-address\"},\"geo\":{\"@type\":\"GeoCoordinates\",\"latitude\":\"47.264176340396226\",\"longitude\":\"11.380109057672346\"},\"telephone\":[\"+43 699 19083372\"],\"openingHoursSpecification\":[{\"@type\":\"OpeningHoursSpecification\",\"dayOfWeek\":[\"Monday\",\"Wednesday\",\"Friday\"],\"opens\":\"14:00\",\"closes\":\"18:00\"},{\"@type\":\"OpeningHoursSpecification\",\"dayOfWeek\":[\"Tuesday\",\"Thursday\",\"Saturday\",\"Sunday\"],\"opens\":\"00:00\",\"closes\":\"00:00\"}],\"email\":\"office@bolting.eu\",\"vatID\":\"ATU59999728\",\"priceRange\":\"$$\",\"currenciesAccepted\":\"Euro\"},{\"@type\":\"PostalAddress\",\"@id\":\"https:\/\/bolting.eu\/en\/shop\/edelrid-jay\/#local-main-place-address\",\"streetAddress\":\"Fischnalerstra\u00dfe 4\",\"addressLocality\":\"Innsbruck\",\"postalCode\":\"6020\",\"addressRegion\":\"Tirol\",\"addressCountry\":\"AT\"},{\"@type\":\"ImageObject\",\"inLanguage\":\"en-US\",\"@id\":\"https:\/\/bolting.eu\/en\/shop\/edelrid-jay\/#local-main-organization-logo\",\"url\":\"https:\/\/bolting.eu\/wp-content\/uploads\/2019\/09\/bolting-logo.png\",\"contentUrl\":\"https:\/\/bolting.eu\/wp-content\/uploads\/2019\/09\/bolting-logo.png\",\"width\":400,\"height\":211,\"caption\":\"bolting.eu\"}]}<\/script>\n<meta property=\"og:video\" content=\"https:\/\/www.youtube.com\/embed\/H6zzKldUuXg\" \/>\n<meta property=\"og:video:type\" content=\"text\/html\" \/>\n<meta property=\"og:video:duration\" content=\"185\" \/>\n<meta property=\"og:video:width\" content=\"480\" \/>\n<meta property=\"og:video:height\" content=\"270\" \/>\n<meta property=\"ya:ovs:adult\" content=\"false\" \/>\n<meta property=\"ya:ovs:upload_date\" content=\"2020-09-03T14:18:09+00:00\" \/>\n<meta property=\"ya:ovs:allow_embed\" content=\"true\" \/>\n<meta property=\"og:availability\" content=\"instock\" \/>\n<meta property=\"product:availability\" content=\"instock\" \/>\n<meta property=\"product:condition\" content=\"new\" \/>\n<meta name=\"geo.placename\" content=\"Innsbruck\" \/>\n<meta name=\"geo.position\" content=\"47.264176340396226;11.380109057672346\" \/>\n<meta name=\"geo.region\" content=\"Austria\" \/>\n<!-- \/ Yoast SEO Premium plugin. -->","yoast_head_json":{"title":"Edelrid Jay Allround-Klettergurt g\u00fcnstig online kaufen | bolting.eu","description":"EDELRID JAY ALLROUND-KLETTERGURT beim Kletterprofi kaufen","robots":{"index":"index","follow":"follow","max-snippet":"max-snippet:-1","max-image-preview":"max-image-preview:large","max-video-preview":"max-video-preview:-1"},"canonical":"https:\/\/bolting.eu\/en\/shop\/edelrid-jay\/","og_locale":"en_US","og_type":"article","og_title":"Edelrid Jay","og_description":"EDELRID JAY ALLROUND-KLETTERGURT beim Kletterprofi kaufen","og_url":"https:\/\/bolting.eu\/en\/shop\/edelrid-jay\/","og_site_name":"bolting.eu","article_publisher":"https:\/\/www.facebook.com\/bolting.eu","article_modified_time":"2026-01-18T10:29:08+00:00","og_image":[{"width":700,"height":700,"url":"https:\/\/bolting.eu\/wp-content\/uploads\/2020\/09\/Edelrid-Jay-IV-2.jpg","type":"image\/jpeg"}],"twitter_card":"summary_large_image","twitter_misc":{"Availability":"In stock"},"schema":{"@context":"https:\/\/schema.org","@graph":[{"@type":["WebPage","ItemPage"],"@id":"https:\/\/bolting.eu\/en\/shop\/edelrid-jay\/","url":"https:\/\/bolting.eu\/en\/shop\/edelrid-jay\/","name":"Edelrid Jay Allround-Klettergurt g\u00fcnstig online kaufen | bolting.eu","isPartOf":{"@id":"https:\/\/bolting.eu\/en\/#website"},"primaryImageOfPage":{"@id":"https:\/\/bolting.eu\/en\/shop\/edelrid-jay\/#primaryimage"},"image":{"@id":"https:\/\/bolting.eu\/en\/shop\/edelrid-jay\/#primaryimage"},"thumbnailUrl":"https:\/\/bolting.eu\/wp-content\/uploads\/2020\/09\/Edelrid-Jay-IV-2.jpg","datePublished":"2020-09-03T14:18:09+00:00","dateModified":"2026-01-18T10:29:08+00:00","description":"EDELRID JAY ALLROUND-KLETTERGURT beim Kletterprofi kaufen","breadcrumb":{"@id":"https:\/\/bolting.eu\/en\/shop\/edelrid-jay\/#breadcrumb"},"inLanguage":"en-US","potentialAction":[{"@type":"ReadAction","target":["https:\/\/bolting.eu\/en\/shop\/edelrid-jay\/"]}]},{"@type":"ImageObject","inLanguage":"en-US","@id":"https:\/\/bolting.eu\/en\/shop\/edelrid-jay\/#primaryimage","url":"https:\/\/bolting.eu\/wp-content\/uploads\/2020\/09\/Edelrid-Jay-IV-2.jpg","contentUrl":"https:\/\/bolting.eu\/wp-content\/uploads\/2020\/09\/Edelrid-Jay-IV-2.jpg","width":700,"height":700,"caption":"Blau - t\u00fcrkiser Edelrid Jay IV Allround Klettergurt von der Vorderseite auf wei\u00dfem Hintergrund."},{"@type":"BreadcrumbList","@id":"https:\/\/bolting.eu\/en\/shop\/edelrid-jay\/#breadcrumb","itemListElement":[{"@type":"ListItem","position":1,"name":"Shop","item":"https:\/\/bolting.eu\/en\/shop\/"},{"@type":"ListItem","position":2,"name":"climbing equipment","item":"https:\/\/bolting.eu\/en\/produkt-kategorie\/climbing-equipment\/"},{"@type":"ListItem","position":3,"name":"Klettergurte","item":"https:\/\/bolting.eu\/produkt-kategorie\/kletterausruestung\/klettergurte\/"},{"@type":"ListItem","position":4,"name":"Edelrid Jay"}]},{"@type":"WebSite","@id":"https:\/\/bolting.eu\/en\/#website","url":"https:\/\/bolting.eu\/en\/","name":"bolting.eu","description":"we make climbs happen","publisher":{"@id":"https:\/\/bolting.eu\/en\/#organization"},"potentialAction":[{"@type":"SearchAction","target":{"@type":"EntryPoint","urlTemplate":"https:\/\/bolting.eu\/en\/?s={search_term_string}"},"query-input":{"@type":"PropertyValueSpecification","valueRequired":true,"valueName":"search_term_string"}}],"inLanguage":"en-US"},{"@type":["Organization","Place","SportingGoodsStore"],"@id":"https:\/\/bolting.eu\/en\/#organization","name":"bolting.eu","url":"https:\/\/bolting.eu\/en\/","logo":{"@id":"https:\/\/bolting.eu\/en\/shop\/edelrid-jay\/#local-main-organization-logo"},"image":{"@id":"https:\/\/bolting.eu\/en\/shop\/edelrid-jay\/#local-main-organization-logo"},"sameAs":["https:\/\/www.facebook.com\/bolting.eu","https:\/\/www.instagram.com\/bolting.eu\/"],"address":{"@id":"https:\/\/bolting.eu\/en\/shop\/edelrid-jay\/#local-main-place-address"},"geo":{"@type":"GeoCoordinates","latitude":"47.264176340396226","longitude":"11.380109057672346"},"telephone":["+43 699 19083372"],"openingHoursSpecification":[{"@type":"OpeningHoursSpecification","dayOfWeek":["Monday","Wednesday","Friday"],"opens":"14:00","closes":"18:00"},{"@type":"OpeningHoursSpecification","dayOfWeek":["Tuesday","Thursday","Saturday","Sunday"],"opens":"00:00","closes":"00:00"}],"email":"office@bolting.eu","vatID":"ATU59999728","priceRange":"$$","currenciesAccepted":"Euro"},{"@type":"PostalAddress","@id":"https:\/\/bolting.eu\/en\/shop\/edelrid-jay\/#local-main-place-address","streetAddress":"Fischnalerstra\u00dfe 4","addressLocality":"Innsbruck","postalCode":"6020","addressRegion":"Tirol","addressCountry":"AT"},{"@type":"ImageObject","inLanguage":"en-US","@id":"https:\/\/bolting.eu\/en\/shop\/edelrid-jay\/#local-main-organization-logo","url":"https:\/\/bolting.eu\/wp-content\/uploads\/2019\/09\/bolting-logo.png","contentUrl":"https:\/\/bolting.eu\/wp-content\/uploads\/2019\/09\/bolting-logo.png","width":400,"height":211,"caption":"bolting.eu"}]},"og_video":"https:\/\/www.youtube.com\/embed\/H6zzKldUuXg","og_video_type":"text\/html","og_video_duration":"185","og_video_width":"480","og_video_height":"270","ya_ovs_adult":"false","ya_ovs_upload_date":"2020-09-03T14:18:09+00:00","ya_ovs_allow_embed":"true","og_availability":"instock","product_availability":"instock","product_condition":"new","geo.placename":"Innsbruck","geo.position":{"lat":"47.264176340396226","long":"11.380109057672346"},"geo.region":"Austria"},"_links":{"self":[{"href":"https:\/\/bolting.eu\/en\/wp-json\/wp\/v2\/product\/5247","targetHints":{"allow":["GET"]}}],"collection":[{"href":"https:\/\/bolting.eu\/en\/wp-json\/wp\/v2\/product"}],"about":[{"href":"https:\/\/bolting.eu\/en\/wp-json\/wp\/v2\/types\/product"}],"replies":[{"embeddable":true,"href":"https:\/\/bolting.eu\/en\/wp-json\/wp\/v2\/comments?post=5247"}],"wp:featuredmedia":[{"embeddable":true,"href":"https:\/\/bolting.eu\/en\/wp-json\/wp\/v2\/media\/34274"}],"wp:attachment":[{"href":"https:\/\/bolting.eu\/en\/wp-json\/wp\/v2\/media?parent=5247"}],"wp:term":[{"taxonomy":"product_brand","embeddable":true,"href":"https:\/\/bolting.eu\/en\/wp-json\/wp\/v2\/product_brand?post=5247"},{"taxonomy":"product_cat","embeddable":true,"href":"https:\/\/bolting.eu\/en\/wp-json\/wp\/v2\/product_cat?post=5247"},{"taxonomy":"product_tag","embeddable":true,"href":"https:\/\/bolting.eu\/en\/wp-json\/wp\/v2\/product_tag?post=5247"}],"curies":[{"name":"wp","href":"https:\/\/api.w.org\/{rel}","templated":true}]}}