{"id":5223,"date":"2020-09-02T19:53:23","date_gmt":"2020-09-02T17:53:23","guid":{"rendered":"https:\/\/bolting.eu\/?post_type=product&#038;p=5223"},"modified":"2023-09-14T15:05:05","modified_gmt":"2023-09-14T13:05:05","slug":"chalkbag-igel","status":"publish","type":"product","link":"https:\/\/bolting.eu\/en\/shop\/chalkbag-igel\/","title":{"rendered":"Chalkbag Igel"},"content":{"rendered":"<p>Das Chalkbag Igel ist ein spezieller Kinder Magnesiabeutel.<\/p>\n<p>Denn Kinder lieben IHR <a href=\"https:\/\/bolting.eu\/produkt-kategorie\/chalkbag\/\">Chalkbag<\/a>. Sie wissen meist ganz genau was ihnen gef\u00e4llt bzw. auch Mama und Papa. Wir hoffen ihr w\u00e4hlt die richtige Comic Figur oder das richtige Tier f\u00fcr Eure Kleinen. Damit sie viel Freude beim Klettern haben und ihr ein klasse Erlebnis gemeinsam.<\/p>\n<p>Egal ob am Fels oder in der Halle. Mit einem Magnesiumbeutel aus unserer Kategorie Chalkbag Kinder&#8221; macht ihr euren Kletterkids sicher eine riesige Freude.<\/p>\n<h2>Eigenschaften Chalkbag Igel<\/h2>\n<ul>\n<li>kindergerechte Gr\u00f6\u00dfe<\/li>\n<li>inkl. Kordelzug zum Verschlie\u00dfen<\/li>\n<li>kindergerechtes H\u00fcftband<\/li>\n<li>Steckschnalle<\/li>\n<li>waschbar<\/li>\n<li>liebliche Tier Nachbildung eines Igel<\/li>\n<\/ul>\n<h3>Chalkbag Igel &#8211; gar nicht stachelig<\/h3>\n<p><a href=\"https:\/\/bolting.eu\/wp-content\/uploads\/2020\/09\/Chalkbag-Igel-3.jpg\"><img loading=\"lazy\" decoding=\"async\" class=\"size-thumbnail wp-image-5225 alignleft\" src=\"https:\/\/bolting.eu\/wp-content\/uploads\/2020\/09\/Chalkbag-Igel-3-280x280.jpg\" alt=\"Das Bild zeigt das Chalkbag Igel. MAn erkennt denbraunen Igel, die \u00d6ffnung des Magnesiumbeutels sowie die H\u00fcftbandhalterung.\" width=\"280\" height=\"280\" srcset=\"https:\/\/bolting.eu\/wp-content\/uploads\/2020\/09\/Chalkbag-Igel-3-280x280.jpg 280w, https:\/\/bolting.eu\/wp-content\/uploads\/2020\/09\/Chalkbag-Igel-3-100x100.jpg 100w, https:\/\/bolting.eu\/wp-content\/uploads\/2020\/09\/Chalkbag-Igel-3-510x510.jpg 510w, https:\/\/bolting.eu\/wp-content\/uploads\/2020\/09\/Chalkbag-Igel-3-400x400.jpg 400w, https:\/\/bolting.eu\/wp-content\/uploads\/2020\/09\/Chalkbag-Igel-3-300x300.jpg 300w, https:\/\/bolting.eu\/wp-content\/uploads\/2020\/09\/Chalkbag-Igel-3-600x600.jpg 600w, https:\/\/bolting.eu\/wp-content\/uploads\/2020\/09\/Chalkbag-Igel-3.jpg 700w\" sizes=\"auto, (max-width: 280px) 100vw, 280px\" \/><\/a>Dieses Kinder Chalkbag ist perfekt f\u00fcr alle Tierfans. Denn wenn einen der Igel mit seinen gro\u00dfen und niedlichen Augen anschaut, kommen M\u00e4dchen ins Schw\u00e4rmen. Das kleine Tierchen ist echt niedlich und wird von seinen Besitzern innig geliebt!<\/p>\n<h3>Eigenes H\u00fcftband &#8211; Chalkbag Igel<\/h3>\n<p>Bei diesem Bag f\u00e4llt die Befestigung am <a href=\"https:\/\/bolting.eu\/produkt-kategorie\/klettergurte\/klettergurt-kinder\/\">Kinder Klettergurt<\/a> weg. Denn der Kinder Magnesiumbeutel hat ein integriertes H\u00fcftband mit Plastik-Steckschnalle. Wenn man halbwegs Acht gibt, sollte das Band und die Schnalle ein Leben lang halten.<\/p>\n<h3>Kinder sind keine Erwachsenen!<\/h3>\n<p>Das Chalkbag Igel kann euren Kindern viel Freude beim Klettern bringen. Allerdings geh\u00f6rt neben liebevollem Equipment auch die richtige Anleitung der Eltern dazu. Hier ein paar einfache Tipps!<\/p>\n<h4><strong>Starten mit Bouldern<\/strong><\/h4>\n<p>Kinder f\u00fchlen sich beim Bouldern meist viel wohler als beim Seilklettern. Erstens f\u00e4llt die gro\u00dfe H\u00f6he weg. Zweitens ist alles viel spielerischer. Drittens sind auch andere Kinder gleich nebenan auf der Wand.<\/p>\n<p>Daher. Geht lieber viel Bouldern bevor das 1. Mal das Seil zum Einsatz kommt.<\/p>\n<h4><strong>Spielerisch lernen!<\/strong><\/h4>\n<p>Sowie das Chalkbag Igel helfen kann einen spielerischen Bezug beim Klettern herzustellen, so k\u00f6nnen es auch Kletterspiele sein. z.B. Expressen Clip Wettbewerb an der Boulderwand.<\/p>\n<p>Viel spielerisch klappt besser als Frontalunterricht.<\/p>\n<h4><strong>Kinder brauchen viel zu trinken<\/strong><\/h4>\n<p>Vergesst nicht genug zu trinken einzupacken. Ebenso helfen kleine Snacks den Blutzuckerspiegel etwas h\u00f6her zu halten.<\/p>\n<h4><strong>Chalk oder Chalkball?<\/strong><\/h4>\n<p>Beobachtet Eure Kids wenn sie zu Klettern beginnen etwas. Wenn sie etwas zu ungest\u00fcm sind kann es sich lohnen einen <a href=\"https:\/\/bolting.eu\/shop\/chalkball-austrialpin\/\">Chalkball<\/a> ins Chalkbag Igel zu geben. Gehen sie recht umsichtig damit um, kann man auf normales <a href=\"https:\/\/bolting.eu\/produkt-kategorie\/chalk-klettern\/\">Kletterchalk<\/a> umstellen.<\/p>\n<h4><strong>Prinzip Belohnung<\/strong><\/h4>\n<p>Verst\u00e4rkt Lernerfolge oder sch\u00f6ne Klettererlebnisse durch Belohnung. Ein Eis nach dem Klettern. Ein Besuch im Schwimmbad am Nachmittag. Ihr wisst selber wor\u00fcber sich Eure Kleinen freuen!<\/p>\n","protected":false},"excerpt":{"rendered":"<ul>\n<li>kindergerechte Gr\u00f6\u00dfe<\/li>\n<li>inkl. Kordelzug zum Verschlie\u00dfen<\/li>\n<li>kindergerechtes H\u00fcftband<\/li>\n<li>Steckschnalle<\/li>\n<li>waschbar<\/li>\n<li>getreue<\/li>\n<li>liebliche Nachbildung eines Igel<\/li>\n<li>macht jedem Kind viiiieeeeel Freude<\/li>\n<\/ul>\n","protected":false},"featured_media":5224,"comment_status":"open","ping_status":"closed","template":"","meta":[],"product_brand":[],"product_cat":[5006,5792],"product_tag":[],"class_list":{"0":"post-5223","1":"product","2":"type-product","3":"status-publish","4":"has-post-thumbnail","6":"product_cat-chalkbag","7":"product_cat-chalkbag-kinder","9":"first","10":"outofstock","11":"sale","12":"taxable","13":"shipping-taxable","14":"purchasable","15":"product-type-simple"},"yoast_head":"<!-- This site is optimized with the Yoast SEO Premium plugin v26.9 (Yoast SEO v26.9) - https:\/\/yoast.com\/product\/yoast-seo-premium-wordpress\/ -->\n<title>Chalkbag Igel jetzt g\u00fcnstig online kaufen | bolting.eu<\/title>\n<meta name=\"description\" content=\"Hier findest du das CHALKBAG IGEL. Ein perfektes Kinder Chalkbag des Spongebob Charakters an dem jeder kleine Kletterk\u00fcnstler viel Freude haben wird!\" \/>\n<meta name=\"robots\" content=\"index, follow, max-snippet:-1, max-image-preview:large, max-video-preview:-1\" \/>\n<link rel=\"canonical\" href=\"https:\/\/bolting.eu\/en\/shop\/chalkbag-igel\/\" \/>\n<meta property=\"og:locale\" content=\"en_US\" \/>\n<meta property=\"og:type\" content=\"article\" \/>\n<meta property=\"og:title\" content=\"Chalkbag Igel\" \/>\n<meta property=\"og:description\" content=\"Hier findest du das CHALKBAG IGEL. Ein perfektes Kinder Chalkbag des Spongebob Charakters an dem jeder kleine Kletterk\u00fcnstler viel Freude haben wird!\" \/>\n<meta property=\"og:url\" content=\"https:\/\/bolting.eu\/en\/shop\/chalkbag-igel\/\" \/>\n<meta property=\"og:site_name\" content=\"bolting.eu\" \/>\n<meta property=\"article:publisher\" content=\"https:\/\/www.facebook.com\/bolting.eu\" \/>\n<meta property=\"article:modified_time\" content=\"2023-09-14T13:05:05+00:00\" \/>\n<meta property=\"og:image\" content=\"https:\/\/bolting.eu\/wp-content\/uploads\/2020\/09\/Chalkbag-Igel-1.jpg\" \/>\n\t<meta property=\"og:image:width\" content=\"700\" \/>\n\t<meta property=\"og:image:height\" content=\"700\" \/>\n\t<meta property=\"og:image:type\" content=\"image\/jpeg\" \/>\n<meta name=\"twitter:card\" content=\"summary_large_image\" \/>\n<meta name=\"twitter:label1\" content=\"Price\" \/>\n\t<meta name=\"twitter:data1\" content=\"&euro;&nbsp;30,00\" \/>\n\t<meta name=\"twitter:label2\" content=\"Availability\" \/>\n\t<meta name=\"twitter:data2\" content=\"Out of stock\" \/>\n<script type=\"application\/ld+json\" class=\"yoast-schema-graph\">{\"@context\":\"https:\/\/schema.org\",\"@graph\":[{\"@type\":[\"WebPage\",\"ItemPage\"],\"@id\":\"https:\/\/bolting.eu\/en\/shop\/chalkbag-igel\/\",\"url\":\"https:\/\/bolting.eu\/en\/shop\/chalkbag-igel\/\",\"name\":\"Chalkbag Igel jetzt g\u00fcnstig online kaufen | bolting.eu\",\"isPartOf\":{\"@id\":\"https:\/\/bolting.eu\/en\/#website\"},\"primaryImageOfPage\":{\"@id\":\"https:\/\/bolting.eu\/en\/shop\/chalkbag-igel\/#primaryimage\"},\"image\":{\"@id\":\"https:\/\/bolting.eu\/en\/shop\/chalkbag-igel\/#primaryimage\"},\"thumbnailUrl\":\"https:\/\/bolting.eu\/wp-content\/uploads\/2020\/09\/Chalkbag-Igel-1.jpg\",\"datePublished\":\"2020-09-02T17:53:23+00:00\",\"dateModified\":\"2023-09-14T13:05:05+00:00\",\"description\":\"Hier findest du das CHALKBAG IGEL. Ein perfektes Kinder Chalkbag des Spongebob Charakters an dem jeder kleine Kletterk\u00fcnstler viel Freude haben wird!\",\"breadcrumb\":{\"@id\":\"https:\/\/bolting.eu\/en\/shop\/chalkbag-igel\/#breadcrumb\"},\"inLanguage\":\"en-US\",\"potentialAction\":[{\"@type\":\"ReadAction\",\"target\":[\"https:\/\/bolting.eu\/en\/shop\/chalkbag-igel\/\"]}]},{\"@type\":\"ImageObject\",\"inLanguage\":\"en-US\",\"@id\":\"https:\/\/bolting.eu\/en\/shop\/chalkbag-igel\/#primaryimage\",\"url\":\"https:\/\/bolting.eu\/wp-content\/uploads\/2020\/09\/Chalkbag-Igel-1.jpg\",\"contentUrl\":\"https:\/\/bolting.eu\/wp-content\/uploads\/2020\/09\/Chalkbag-Igel-1.jpg\",\"width\":700,\"height\":700,\"caption\":\"Das Bild zeigt das Chalkbag Igel. MAn erkennt denbraunen Igel, die \u00d6ffnung des Magnesiumbeutels sowie die H\u00fcftbandhalterung.\"},{\"@type\":\"BreadcrumbList\",\"@id\":\"https:\/\/bolting.eu\/en\/shop\/chalkbag-igel\/#breadcrumb\",\"itemListElement\":[{\"@type\":\"ListItem\",\"position\":1,\"name\":\"Shop\",\"item\":\"https:\/\/bolting.eu\/en\/shop\/\"},{\"@type\":\"ListItem\",\"position\":2,\"name\":\"climbing equipment\",\"item\":\"https:\/\/bolting.eu\/en\/produkt-kategorie\/climbing-equipment\/\"},{\"@type\":\"ListItem\",\"position\":3,\"name\":\"Chalkbag\",\"item\":\"https:\/\/bolting.eu\/produkt-kategorie\/kletterausruestung\/chalkbag\/\"},{\"@type\":\"ListItem\",\"position\":4,\"name\":\"Chalkbag Igel\"}]},{\"@type\":\"WebSite\",\"@id\":\"https:\/\/bolting.eu\/en\/#website\",\"url\":\"https:\/\/bolting.eu\/en\/\",\"name\":\"bolting.eu\",\"description\":\"we make climbs happen\",\"publisher\":{\"@id\":\"https:\/\/bolting.eu\/en\/#organization\"},\"potentialAction\":[{\"@type\":\"SearchAction\",\"target\":{\"@type\":\"EntryPoint\",\"urlTemplate\":\"https:\/\/bolting.eu\/en\/?s={search_term_string}\"},\"query-input\":{\"@type\":\"PropertyValueSpecification\",\"valueRequired\":true,\"valueName\":\"search_term_string\"}}],\"inLanguage\":\"en-US\"},{\"@type\":[\"Organization\",\"Place\",\"SportingGoodsStore\"],\"@id\":\"https:\/\/bolting.eu\/en\/#organization\",\"name\":\"bolting.eu\",\"url\":\"https:\/\/bolting.eu\/en\/\",\"logo\":{\"@id\":\"https:\/\/bolting.eu\/en\/shop\/chalkbag-igel\/#local-main-organization-logo\"},\"image\":{\"@id\":\"https:\/\/bolting.eu\/en\/shop\/chalkbag-igel\/#local-main-organization-logo\"},\"sameAs\":[\"https:\/\/www.facebook.com\/bolting.eu\",\"https:\/\/www.instagram.com\/bolting.eu\/\"],\"address\":{\"@id\":\"https:\/\/bolting.eu\/en\/shop\/chalkbag-igel\/#local-main-place-address\"},\"geo\":{\"@type\":\"GeoCoordinates\",\"latitude\":\"47.264176340396226\",\"longitude\":\"11.380109057672346\"},\"telephone\":[\"+43 699 19083372\"],\"openingHoursSpecification\":[{\"@type\":\"OpeningHoursSpecification\",\"dayOfWeek\":[\"Monday\",\"Wednesday\",\"Friday\"],\"opens\":\"14:00\",\"closes\":\"18:00\"},{\"@type\":\"OpeningHoursSpecification\",\"dayOfWeek\":[\"Tuesday\",\"Thursday\",\"Saturday\",\"Sunday\"],\"opens\":\"00:00\",\"closes\":\"00:00\"}],\"email\":\"office@bolting.eu\",\"vatID\":\"ATU59999728\",\"priceRange\":\"$$\",\"currenciesAccepted\":\"Euro\"},{\"@type\":\"PostalAddress\",\"@id\":\"https:\/\/bolting.eu\/en\/shop\/chalkbag-igel\/#local-main-place-address\",\"streetAddress\":\"Fischnalerstra\u00dfe 4\",\"addressLocality\":\"Innsbruck\",\"postalCode\":\"6020\",\"addressRegion\":\"Tirol\",\"addressCountry\":\"AT\"},{\"@type\":\"ImageObject\",\"inLanguage\":\"en-US\",\"@id\":\"https:\/\/bolting.eu\/en\/shop\/chalkbag-igel\/#local-main-organization-logo\",\"url\":\"https:\/\/bolting.eu\/wp-content\/uploads\/2019\/09\/bolting-logo.png\",\"contentUrl\":\"https:\/\/bolting.eu\/wp-content\/uploads\/2019\/09\/bolting-logo.png\",\"width\":400,\"height\":211,\"caption\":\"bolting.eu\"}]}<\/script>\n<meta property=\"product:price:amount\" content=\"30.00\" \/>\n<meta property=\"product:price:currency\" content=\"EUR\" \/>\n<meta property=\"og:availability\" content=\"out of stock\" \/>\n<meta property=\"product:availability\" content=\"out of stock\" \/>\n<meta property=\"product:retailer_item_id\" content=\"dd-igel\" \/>\n<meta property=\"product:condition\" content=\"new\" \/>\n<meta name=\"geo.placename\" content=\"Innsbruck\" \/>\n<meta name=\"geo.position\" content=\"47.264176340396226;11.380109057672346\" \/>\n<meta name=\"geo.region\" content=\"Austria\" \/>\n<!-- \/ Yoast SEO Premium plugin. -->","yoast_head_json":{"title":"Chalkbag Igel jetzt g\u00fcnstig online kaufen | bolting.eu","description":"Hier findest du das CHALKBAG IGEL. Ein perfektes Kinder Chalkbag des Spongebob Charakters an dem jeder kleine Kletterk\u00fcnstler viel Freude haben wird!","robots":{"index":"index","follow":"follow","max-snippet":"max-snippet:-1","max-image-preview":"max-image-preview:large","max-video-preview":"max-video-preview:-1"},"canonical":"https:\/\/bolting.eu\/en\/shop\/chalkbag-igel\/","og_locale":"en_US","og_type":"article","og_title":"Chalkbag Igel","og_description":"Hier findest du das CHALKBAG IGEL. Ein perfektes Kinder Chalkbag des Spongebob Charakters an dem jeder kleine Kletterk\u00fcnstler viel Freude haben wird!","og_url":"https:\/\/bolting.eu\/en\/shop\/chalkbag-igel\/","og_site_name":"bolting.eu","article_publisher":"https:\/\/www.facebook.com\/bolting.eu","article_modified_time":"2023-09-14T13:05:05+00:00","og_image":[{"width":700,"height":700,"url":"https:\/\/bolting.eu\/wp-content\/uploads\/2020\/09\/Chalkbag-Igel-1.jpg","type":"image\/jpeg"}],"twitter_card":"summary_large_image","twitter_misc":{"Price":"&euro;&nbsp;30,00","Availability":"Out of stock"},"schema":{"@context":"https:\/\/schema.org","@graph":[{"@type":["WebPage","ItemPage"],"@id":"https:\/\/bolting.eu\/en\/shop\/chalkbag-igel\/","url":"https:\/\/bolting.eu\/en\/shop\/chalkbag-igel\/","name":"Chalkbag Igel jetzt g\u00fcnstig online kaufen | bolting.eu","isPartOf":{"@id":"https:\/\/bolting.eu\/en\/#website"},"primaryImageOfPage":{"@id":"https:\/\/bolting.eu\/en\/shop\/chalkbag-igel\/#primaryimage"},"image":{"@id":"https:\/\/bolting.eu\/en\/shop\/chalkbag-igel\/#primaryimage"},"thumbnailUrl":"https:\/\/bolting.eu\/wp-content\/uploads\/2020\/09\/Chalkbag-Igel-1.jpg","datePublished":"2020-09-02T17:53:23+00:00","dateModified":"2023-09-14T13:05:05+00:00","description":"Hier findest du das CHALKBAG IGEL. Ein perfektes Kinder Chalkbag des Spongebob Charakters an dem jeder kleine Kletterk\u00fcnstler viel Freude haben wird!","breadcrumb":{"@id":"https:\/\/bolting.eu\/en\/shop\/chalkbag-igel\/#breadcrumb"},"inLanguage":"en-US","potentialAction":[{"@type":"ReadAction","target":["https:\/\/bolting.eu\/en\/shop\/chalkbag-igel\/"]}]},{"@type":"ImageObject","inLanguage":"en-US","@id":"https:\/\/bolting.eu\/en\/shop\/chalkbag-igel\/#primaryimage","url":"https:\/\/bolting.eu\/wp-content\/uploads\/2020\/09\/Chalkbag-Igel-1.jpg","contentUrl":"https:\/\/bolting.eu\/wp-content\/uploads\/2020\/09\/Chalkbag-Igel-1.jpg","width":700,"height":700,"caption":"Das Bild zeigt das Chalkbag Igel. MAn erkennt denbraunen Igel, die \u00d6ffnung des Magnesiumbeutels sowie die H\u00fcftbandhalterung."},{"@type":"BreadcrumbList","@id":"https:\/\/bolting.eu\/en\/shop\/chalkbag-igel\/#breadcrumb","itemListElement":[{"@type":"ListItem","position":1,"name":"Shop","item":"https:\/\/bolting.eu\/en\/shop\/"},{"@type":"ListItem","position":2,"name":"climbing equipment","item":"https:\/\/bolting.eu\/en\/produkt-kategorie\/climbing-equipment\/"},{"@type":"ListItem","position":3,"name":"Chalkbag","item":"https:\/\/bolting.eu\/produkt-kategorie\/kletterausruestung\/chalkbag\/"},{"@type":"ListItem","position":4,"name":"Chalkbag Igel"}]},{"@type":"WebSite","@id":"https:\/\/bolting.eu\/en\/#website","url":"https:\/\/bolting.eu\/en\/","name":"bolting.eu","description":"we make climbs happen","publisher":{"@id":"https:\/\/bolting.eu\/en\/#organization"},"potentialAction":[{"@type":"SearchAction","target":{"@type":"EntryPoint","urlTemplate":"https:\/\/bolting.eu\/en\/?s={search_term_string}"},"query-input":{"@type":"PropertyValueSpecification","valueRequired":true,"valueName":"search_term_string"}}],"inLanguage":"en-US"},{"@type":["Organization","Place","SportingGoodsStore"],"@id":"https:\/\/bolting.eu\/en\/#organization","name":"bolting.eu","url":"https:\/\/bolting.eu\/en\/","logo":{"@id":"https:\/\/bolting.eu\/en\/shop\/chalkbag-igel\/#local-main-organization-logo"},"image":{"@id":"https:\/\/bolting.eu\/en\/shop\/chalkbag-igel\/#local-main-organization-logo"},"sameAs":["https:\/\/www.facebook.com\/bolting.eu","https:\/\/www.instagram.com\/bolting.eu\/"],"address":{"@id":"https:\/\/bolting.eu\/en\/shop\/chalkbag-igel\/#local-main-place-address"},"geo":{"@type":"GeoCoordinates","latitude":"47.264176340396226","longitude":"11.380109057672346"},"telephone":["+43 699 19083372"],"openingHoursSpecification":[{"@type":"OpeningHoursSpecification","dayOfWeek":["Monday","Wednesday","Friday"],"opens":"14:00","closes":"18:00"},{"@type":"OpeningHoursSpecification","dayOfWeek":["Tuesday","Thursday","Saturday","Sunday"],"opens":"00:00","closes":"00:00"}],"email":"office@bolting.eu","vatID":"ATU59999728","priceRange":"$$","currenciesAccepted":"Euro"},{"@type":"PostalAddress","@id":"https:\/\/bolting.eu\/en\/shop\/chalkbag-igel\/#local-main-place-address","streetAddress":"Fischnalerstra\u00dfe 4","addressLocality":"Innsbruck","postalCode":"6020","addressRegion":"Tirol","addressCountry":"AT"},{"@type":"ImageObject","inLanguage":"en-US","@id":"https:\/\/bolting.eu\/en\/shop\/chalkbag-igel\/#local-main-organization-logo","url":"https:\/\/bolting.eu\/wp-content\/uploads\/2019\/09\/bolting-logo.png","contentUrl":"https:\/\/bolting.eu\/wp-content\/uploads\/2019\/09\/bolting-logo.png","width":400,"height":211,"caption":"bolting.eu"}]},"product_price_amount":"30.00","product_price_currency":"EUR","og_availability":"out of stock","product_availability":"out of stock","product_retailer_item_id":"dd-igel","product_condition":"new","geo.placename":"Innsbruck","geo.position":{"lat":"47.264176340396226","long":"11.380109057672346"},"geo.region":"Austria"},"_links":{"self":[{"href":"https:\/\/bolting.eu\/en\/wp-json\/wp\/v2\/product\/5223","targetHints":{"allow":["GET"]}}],"collection":[{"href":"https:\/\/bolting.eu\/en\/wp-json\/wp\/v2\/product"}],"about":[{"href":"https:\/\/bolting.eu\/en\/wp-json\/wp\/v2\/types\/product"}],"replies":[{"embeddable":true,"href":"https:\/\/bolting.eu\/en\/wp-json\/wp\/v2\/comments?post=5223"}],"wp:featuredmedia":[{"embeddable":true,"href":"https:\/\/bolting.eu\/en\/wp-json\/wp\/v2\/media\/5224"}],"wp:attachment":[{"href":"https:\/\/bolting.eu\/en\/wp-json\/wp\/v2\/media?parent=5223"}],"wp:term":[{"taxonomy":"product_brand","embeddable":true,"href":"https:\/\/bolting.eu\/en\/wp-json\/wp\/v2\/product_brand?post=5223"},{"taxonomy":"product_cat","embeddable":true,"href":"https:\/\/bolting.eu\/en\/wp-json\/wp\/v2\/product_cat?post=5223"},{"taxonomy":"product_tag","embeddable":true,"href":"https:\/\/bolting.eu\/en\/wp-json\/wp\/v2\/product_tag?post=5223"}],"curies":[{"name":"wp","href":"https:\/\/api.w.org\/{rel}","templated":true}]}}