{"id":5186,"date":"2020-09-02T08:48:02","date_gmt":"2020-09-02T06:48:02","guid":{"rendered":"https:\/\/bolting.eu\/?post_type=product&#038;p=5186"},"modified":"2025-06-11T15:29:54","modified_gmt":"2025-06-11T13:29:54","slug":"edelrid-liner","status":"publish","type":"product","link":"https:\/\/bolting.eu\/en\/shop\/edelrid-liner\/","title":{"rendered":"Edelrid Liner"},"content":{"rendered":"<p>Der Edelrid Liner ist einer unserer Seilsack Top Seller. Und das aus gutem Grund. Denn dieses einfach gehaltene Produkt erf\u00fcllt seinen Job einfach top. Einerseits das <a href=\"https:\/\/bolting.eu\/produkt-kategorie\/kletterseil\/\">Kletterseil<\/a> vor dem Schmutz am Boden sch\u00fctzen. Und andererseits als ein komfortables Transportmittel fungieren.<\/p>\n<p>Was den Liner auszeichnet, ist seine trichterf\u00f6rmige Konstruktion. Das hat zwei wesentliche Vorteile. Erstens f\u00e4llt das Seil durch die aufragenden Seiten nicht so leicht in den Schmutz. Zweitens kann man das Seil nach dem Klettern super einfach in den Taschenteil bugsieren.<\/p>\n<p>Kurzum. Ein Basic Seilsack zum \u00fcber die Schulter werfen der extrem leicht zu packen ist!<\/p>\n<h2>Eigenschaften Edelrid Liner<\/h2>\n<ul>\n<li>Hersteller: <a href=\"https:\/\/bolting.eu\/produkt-kategorie\/edelrid\/\">Edelrid<\/a><\/li>\n<li>Material: Polyamid (Nylon)<\/li>\n<li>Gr\u00f6\u00dfe: ca. 40 x 25 x 25 cm<\/li>\n<li>Seilplane: 90 x 80cm<\/li>\n<li>Gewicht: 380 Gramm<\/li>\n<li>f\u00fcr bis zu 80m Seile<\/li>\n<li>2 gelbe Schlaufen f\u00fcr Seilenden<\/li>\n<li>Plane leicht PU beschichtet<\/li>\n<li>aufstehende R\u00e4nder<\/li>\n<li>&#8220;Trichterform&#8221; zum leichten Verpacken des Seils<\/li>\n<li>Seilsack mit 2 Kompressionsriemen<\/li>\n<li>gepolsterter Schulterriemen<\/li>\n<\/ul>\n<h3>Edelrid Liner + Trichterform = leichtes Packen<\/h3>\n<figure id=\"attachment_5189\" aria-describedby=\"caption-attachment-5189\" style=\"width: 280px\" class=\"wp-caption alignleft\"><a href=\"https:\/\/bolting.eu\/wp-content\/uploads\/2020\/09\/Edelrid-Liner-3.jpg\"><img loading=\"lazy\" decoding=\"async\" class=\"wp-image-5189 size-thumbnail\" src=\"https:\/\/bolting.eu\/wp-content\/uploads\/2020\/09\/Edelrid-Liner-3-280x280.jpg\" alt=\"Das Bild zeigt den Edelrid Liner Seilsack. Der Rope Bag liegt ausgebreitet und schr\u00e4g imBild. Man erkennt die Seilplane, die gelben Schlaufen f\u00fcr die Seilenden und die aufstehenden R\u00e4nder sowie den Taschenteil.\" width=\"280\" height=\"280\" srcset=\"https:\/\/bolting.eu\/wp-content\/uploads\/2020\/09\/Edelrid-Liner-3-280x280.jpg 280w, https:\/\/bolting.eu\/wp-content\/uploads\/2020\/09\/Edelrid-Liner-3-247x247.jpg 247w, https:\/\/bolting.eu\/wp-content\/uploads\/2020\/09\/Edelrid-Liner-3-100x100.jpg 100w, https:\/\/bolting.eu\/wp-content\/uploads\/2020\/09\/Edelrid-Liner-3-510x510.jpg 510w, https:\/\/bolting.eu\/wp-content\/uploads\/2020\/09\/Edelrid-Liner-3-400x400.jpg 400w, https:\/\/bolting.eu\/wp-content\/uploads\/2020\/09\/Edelrid-Liner-3-300x300.jpg 300w, https:\/\/bolting.eu\/wp-content\/uploads\/2020\/09\/Edelrid-Liner-3-600x600.jpg 600w, https:\/\/bolting.eu\/wp-content\/uploads\/2020\/09\/Edelrid-Liner-3.jpg 700w\" sizes=\"auto, (max-width: 280px) 100vw, 280px\" \/><\/a><figcaption id=\"caption-attachment-5189\" class=\"wp-caption-text\">Die aufstehenden R\u00e4nder schaffen eine Art Trichter durch den das Seil super easy zu Packen ist!<\/figcaption><\/figure>\n<p>Also wie finden die Trichter form des Liner echt klasse. Denn somit kann man das Seil super leicht packen. D.h. kein umst\u00e4ndliches Positionieren des Seils per Hand in Planen Mitte und kompliziertes Einrollen mehr.<\/p>\n<p>Einfach die beiden gelben einhalten. Die Plane schr\u00e4g aufstellen und schon rutscht das Seil in den Taschenteil. Dann Plane einschlagen, mit den Kompressionsriemen schlie\u00dfen. Fertig!<\/p>\n<h3>Qualit\u00e4tsmerkmal &#8220;Einfachheit&#8221;<\/h3>\n<p>Der Edelrid Liner punktet unserer Meinung nach durch Einfachheit! Denn dieser Seilsack ist bewusst simpel designed. Und genau das macht dieses Edelrid Produkt so beliebt. Das Seil liegt einerseits sicher in der Plane. Und andererseits ist es auch rasch im Sack verstaut. Einfach, rasch und effektiv!<\/p>\n<p>Kurzum. Dieser Seilsack ist super praktisch.<\/p>\n<h3>Edelrid Liner Tragesystem<\/h3>\n<p>Dieser Seilsack l\u00e4sst sich wirklich prima tragen. Denn aufgrund des verstellbaren Trageriemens ist der Transport sehr angenehm.<\/p>\n<p>Zudem wird das Seil eher l\u00e4nglich, also wie eine kleine Rolle verstaut. Das hat gegen\u00fcber &#8220;kugelf\u00f6rmigen&#8221; Seils\u00e4cken manchmal Vorteile. Erstens kann man den Seilsack an vielen Rucks\u00e4cken unten fest zurren. Zweitens kann man ihn etwas leichter leichter seitlich am K\u00f6rper tragen da schm\u00e4ler.<\/p>\n<h3>Gro\u00dfe Plane f\u00fcr den Edelrid Liner<\/h3>\n<p>Mit 90 x 88cm hat die Plane dieses Seilsacks eine tolle gro\u00dfe. Denn hier liegen auch 80m Seile komfortabel am Boden, ohne im Schmutz zu landen. Die leichte Beschichtung h\u00e4lt Feuchtigkeit fern. Was will man mehr.<\/p>\n<p>Standardm\u00e4\u00dfig gibt es nat\u00fcrlich auch farblich markierte Schlaufen. Hier k\u00f6nnen die Seilenden eingebunden werden.<\/p>\n<h3>Seile regelm\u00e4\u00dfig waschen<\/h3>\n<p>Es lohnt sich den Seilsack sowie das Seil in regelm\u00e4\u00dfigen Abst\u00e4nden zu waschen. Den Edelrid Liner leeren und den ganzen Sand, Steinchen und Schmutz heraussch\u00fctteln. Das verhindert ein Eindringen durch den Seilmantel ins Seilinnere.<\/p>\n<p>Dann empfehlen wir das Seil zu waschen. Am besten mit einem <a href=\"https:\/\/bolting.eu\/shop\/beal-seilwaschmittel-rope-cleaner\/\">Seilwaschmittel<\/a> bzw. der <a href=\"https:\/\/bolting.eu\/shop\/beal-seilbuerste-rope-brush\/\">Beal Rope-Brush<\/a> in der Badewanne. Im verbleibenden Wasser den Seilsack kurz aussp\u00fclen. Fertig!<\/p>\n<h4><strong>Link Tipp<\/strong><\/h4>\n<p>Fahrt mit Eurem neuen Edelrid Liner doch gleich mal auf Kletterurlaub! Beispielsweise zum <a href=\"https:\/\/maltatal.rocks\" target=\"_blank\" rel=\"noopener noreferrer\">Klettern in K\u00e4rnten<\/a>!<\/p>\n","protected":false},"excerpt":{"rendered":"<p>Smarter Seilsack mit &#8220;Tasche&#8221; am unteren Rand. Ideal, um Sack leicht und rasch zusammenzupacken.<\/p>\n<p>Einfach das Seil nach unten gleiten lassen, fertig!<\/p>\n<p>Versandkostenfrei bis 2kg in <img decoding=\"async\" class=\"emoji\" role=\"img\" draggable=\"false\" src=\"https:\/\/s.w.org\/images\/core\/emoji\/14.0.0\/svg\/1f1e6-1f1f9.svg\" alt=\"\ud83c\udde6\ud83c\uddf9\" \/> ab \u20ac 100,- und <img decoding=\"async\" class=\"emoji\" role=\"img\" draggable=\"false\" src=\"https:\/\/s.w.org\/images\/core\/emoji\/14.0.0\/svg\/1f1e9-1f1ea.svg\" alt=\"\ud83c\udde9\ud83c\uddea\" \/> ab \u20ac 200,-!<\/p>\n","protected":false},"featured_media":5188,"comment_status":"open","ping_status":"closed","template":"","meta":[],"product_brand":[],"product_cat":[5416,29,4655],"product_tag":[],"class_list":{"0":"post-5186","1":"product","2":"type-product","3":"status-publish","4":"has-post-thumbnail","6":"product_cat-seilsaecke","7":"product_cat-kletterausruestung","8":"product_cat-edelrid","10":"first","11":"instock","12":"sale","13":"taxable","14":"shipping-taxable","15":"purchasable","16":"product-type-simple"},"yoast_head":"<!-- This site is optimized with the Yoast SEO Premium plugin v26.9 (Yoast SEO v26.9) - https:\/\/yoast.com\/product\/yoast-seo-premium-wordpress\/ -->\n<title>Edelrid Liner Seilsack g\u00fcnstig online kaufen | bolting.eu<\/title>\n<meta name=\"description\" content=\"EDELRID LINER SEILSACK beim Innsbrucker Kletterprofi kaufen \u2705 kostenloser Versand* \u2705 14 Tage R\u00fcckgaberecht \u2705 Co2 neutraler Versand\" \/>\n<meta name=\"robots\" content=\"index, follow, max-snippet:-1, max-image-preview:large, max-video-preview:-1\" \/>\n<link rel=\"canonical\" href=\"https:\/\/bolting.eu\/en\/shop\/edelrid-liner\/\" \/>\n<meta property=\"og:locale\" content=\"en_US\" \/>\n<meta property=\"og:type\" content=\"article\" \/>\n<meta property=\"og:title\" content=\"Edelrid Liner\" \/>\n<meta property=\"og:description\" content=\"EDELRID LINER SEILSACK beim Innsbrucker Kletterprofi kaufen \u2705 kostenloser Versand* \u2705 14 Tage R\u00fcckgaberecht \u2705 Co2 neutraler Versand\" \/>\n<meta property=\"og:url\" content=\"https:\/\/bolting.eu\/en\/shop\/edelrid-liner\/\" \/>\n<meta property=\"og:site_name\" content=\"bolting.eu\" \/>\n<meta property=\"article:publisher\" content=\"https:\/\/www.facebook.com\/bolting.eu\" \/>\n<meta property=\"article:modified_time\" content=\"2025-06-11T13:29:54+00:00\" \/>\n<meta property=\"og:image\" content=\"https:\/\/bolting.eu\/wp-content\/uploads\/2020\/09\/Edelrid-Liner-1.jpg\" \/>\n\t<meta property=\"og:image:width\" content=\"700\" \/>\n\t<meta property=\"og:image:height\" content=\"700\" \/>\n\t<meta property=\"og:image:type\" content=\"image\/jpeg\" \/>\n<meta name=\"twitter:card\" content=\"summary_large_image\" \/>\n<meta name=\"twitter:label1\" content=\"Price\" \/>\n\t<meta name=\"twitter:data1\" content=\"&euro;&nbsp;27,00\" \/>\n\t<meta name=\"twitter:label2\" content=\"Availability\" \/>\n\t<meta name=\"twitter:data2\" content=\"In stock\" \/>\n<script type=\"application\/ld+json\" class=\"yoast-schema-graph\">{\"@context\":\"https:\/\/schema.org\",\"@graph\":[{\"@type\":[\"WebPage\",\"ItemPage\"],\"@id\":\"https:\/\/bolting.eu\/en\/shop\/edelrid-liner\/\",\"url\":\"https:\/\/bolting.eu\/en\/shop\/edelrid-liner\/\",\"name\":\"Edelrid Liner Seilsack g\u00fcnstig online kaufen | bolting.eu\",\"isPartOf\":{\"@id\":\"https:\/\/bolting.eu\/en\/#website\"},\"primaryImageOfPage\":{\"@id\":\"https:\/\/bolting.eu\/en\/shop\/edelrid-liner\/#primaryimage\"},\"image\":{\"@id\":\"https:\/\/bolting.eu\/en\/shop\/edelrid-liner\/#primaryimage\"},\"thumbnailUrl\":\"https:\/\/bolting.eu\/wp-content\/uploads\/2020\/09\/Edelrid-Liner-1.jpg\",\"datePublished\":\"2020-09-02T06:48:02+00:00\",\"dateModified\":\"2025-06-11T13:29:54+00:00\",\"description\":\"EDELRID LINER SEILSACK beim Innsbrucker Kletterprofi kaufen \u2705 kostenloser Versand* \u2705 14 Tage R\u00fcckgaberecht \u2705 Co2 neutraler Versand\",\"breadcrumb\":{\"@id\":\"https:\/\/bolting.eu\/en\/shop\/edelrid-liner\/#breadcrumb\"},\"inLanguage\":\"en-US\",\"potentialAction\":[{\"@type\":\"ReadAction\",\"target\":[\"https:\/\/bolting.eu\/en\/shop\/edelrid-liner\/\"]}]},{\"@type\":\"ImageObject\",\"inLanguage\":\"en-US\",\"@id\":\"https:\/\/bolting.eu\/en\/shop\/edelrid-liner\/#primaryimage\",\"url\":\"https:\/\/bolting.eu\/wp-content\/uploads\/2020\/09\/Edelrid-Liner-1.jpg\",\"contentUrl\":\"https:\/\/bolting.eu\/wp-content\/uploads\/2020\/09\/Edelrid-Liner-1.jpg\",\"width\":700,\"height\":700,\"caption\":\"Das Bild zeigt den Edelrid Liner. Der schwarze Seilsack liegt gerade im Bild mit den Tragriemen nach oben gezogen.\"},{\"@type\":\"BreadcrumbList\",\"@id\":\"https:\/\/bolting.eu\/en\/shop\/edelrid-liner\/#breadcrumb\",\"itemListElement\":[{\"@type\":\"ListItem\",\"position\":1,\"name\":\"Shop\",\"item\":\"https:\/\/bolting.eu\/en\/shop\/\"},{\"@type\":\"ListItem\",\"position\":2,\"name\":\"climbing equipment\",\"item\":\"https:\/\/bolting.eu\/en\/produkt-kategorie\/climbing-equipment\/\"},{\"@type\":\"ListItem\",\"position\":3,\"name\":\"Seils\u00e4cke\",\"item\":\"https:\/\/bolting.eu\/produkt-kategorie\/kletterausruestung\/seilsaecke\/\"},{\"@type\":\"ListItem\",\"position\":4,\"name\":\"Edelrid Liner\"}]},{\"@type\":\"WebSite\",\"@id\":\"https:\/\/bolting.eu\/en\/#website\",\"url\":\"https:\/\/bolting.eu\/en\/\",\"name\":\"bolting.eu\",\"description\":\"we make climbs happen\",\"publisher\":{\"@id\":\"https:\/\/bolting.eu\/en\/#organization\"},\"potentialAction\":[{\"@type\":\"SearchAction\",\"target\":{\"@type\":\"EntryPoint\",\"urlTemplate\":\"https:\/\/bolting.eu\/en\/?s={search_term_string}\"},\"query-input\":{\"@type\":\"PropertyValueSpecification\",\"valueRequired\":true,\"valueName\":\"search_term_string\"}}],\"inLanguage\":\"en-US\"},{\"@type\":[\"Organization\",\"Place\",\"SportingGoodsStore\"],\"@id\":\"https:\/\/bolting.eu\/en\/#organization\",\"name\":\"bolting.eu\",\"url\":\"https:\/\/bolting.eu\/en\/\",\"logo\":{\"@id\":\"https:\/\/bolting.eu\/en\/shop\/edelrid-liner\/#local-main-organization-logo\"},\"image\":{\"@id\":\"https:\/\/bolting.eu\/en\/shop\/edelrid-liner\/#local-main-organization-logo\"},\"sameAs\":[\"https:\/\/www.facebook.com\/bolting.eu\",\"https:\/\/www.instagram.com\/bolting.eu\/\"],\"address\":{\"@id\":\"https:\/\/bolting.eu\/en\/shop\/edelrid-liner\/#local-main-place-address\"},\"geo\":{\"@type\":\"GeoCoordinates\",\"latitude\":\"47.264176340396226\",\"longitude\":\"11.380109057672346\"},\"telephone\":[\"+43 699 19083372\"],\"openingHoursSpecification\":[{\"@type\":\"OpeningHoursSpecification\",\"dayOfWeek\":[\"Monday\",\"Wednesday\",\"Friday\"],\"opens\":\"14:00\",\"closes\":\"18:00\"},{\"@type\":\"OpeningHoursSpecification\",\"dayOfWeek\":[\"Tuesday\",\"Thursday\",\"Saturday\",\"Sunday\"],\"opens\":\"00:00\",\"closes\":\"00:00\"}],\"email\":\"office@bolting.eu\",\"vatID\":\"ATU59999728\",\"priceRange\":\"$$\",\"currenciesAccepted\":\"Euro\"},{\"@type\":\"PostalAddress\",\"@id\":\"https:\/\/bolting.eu\/en\/shop\/edelrid-liner\/#local-main-place-address\",\"streetAddress\":\"Fischnalerstra\u00dfe 4\",\"addressLocality\":\"Innsbruck\",\"postalCode\":\"6020\",\"addressRegion\":\"Tirol\",\"addressCountry\":\"AT\"},{\"@type\":\"ImageObject\",\"inLanguage\":\"en-US\",\"@id\":\"https:\/\/bolting.eu\/en\/shop\/edelrid-liner\/#local-main-organization-logo\",\"url\":\"https:\/\/bolting.eu\/wp-content\/uploads\/2019\/09\/bolting-logo.png\",\"contentUrl\":\"https:\/\/bolting.eu\/wp-content\/uploads\/2019\/09\/bolting-logo.png\",\"width\":400,\"height\":211,\"caption\":\"bolting.eu\"}]}<\/script>\n<meta property=\"product:price:amount\" content=\"27.00\" \/>\n<meta property=\"product:price:currency\" content=\"EUR\" \/>\n<meta property=\"og:availability\" content=\"instock\" \/>\n<meta property=\"product:availability\" content=\"instock\" \/>\n<meta property=\"product:retailer_item_id\" content=\"721120002190\" \/>\n<meta property=\"product:condition\" content=\"new\" \/>\n<meta name=\"geo.placename\" content=\"Innsbruck\" \/>\n<meta name=\"geo.position\" content=\"47.264176340396226;11.380109057672346\" \/>\n<meta name=\"geo.region\" content=\"Austria\" \/>\n<!-- \/ Yoast SEO Premium plugin. -->","yoast_head_json":{"title":"Edelrid Liner Seilsack g\u00fcnstig online kaufen | bolting.eu","description":"EDELRID LINER SEILSACK beim Innsbrucker Kletterprofi kaufen \u2705 kostenloser Versand* \u2705 14 Tage R\u00fcckgaberecht \u2705 Co2 neutraler Versand","robots":{"index":"index","follow":"follow","max-snippet":"max-snippet:-1","max-image-preview":"max-image-preview:large","max-video-preview":"max-video-preview:-1"},"canonical":"https:\/\/bolting.eu\/en\/shop\/edelrid-liner\/","og_locale":"en_US","og_type":"article","og_title":"Edelrid Liner","og_description":"EDELRID LINER SEILSACK beim Innsbrucker Kletterprofi kaufen \u2705 kostenloser Versand* \u2705 14 Tage R\u00fcckgaberecht \u2705 Co2 neutraler Versand","og_url":"https:\/\/bolting.eu\/en\/shop\/edelrid-liner\/","og_site_name":"bolting.eu","article_publisher":"https:\/\/www.facebook.com\/bolting.eu","article_modified_time":"2025-06-11T13:29:54+00:00","og_image":[{"width":700,"height":700,"url":"https:\/\/bolting.eu\/wp-content\/uploads\/2020\/09\/Edelrid-Liner-1.jpg","type":"image\/jpeg"}],"twitter_card":"summary_large_image","twitter_misc":{"Price":"&euro;&nbsp;27,00","Availability":"In stock"},"schema":{"@context":"https:\/\/schema.org","@graph":[{"@type":["WebPage","ItemPage"],"@id":"https:\/\/bolting.eu\/en\/shop\/edelrid-liner\/","url":"https:\/\/bolting.eu\/en\/shop\/edelrid-liner\/","name":"Edelrid Liner Seilsack g\u00fcnstig online kaufen | bolting.eu","isPartOf":{"@id":"https:\/\/bolting.eu\/en\/#website"},"primaryImageOfPage":{"@id":"https:\/\/bolting.eu\/en\/shop\/edelrid-liner\/#primaryimage"},"image":{"@id":"https:\/\/bolting.eu\/en\/shop\/edelrid-liner\/#primaryimage"},"thumbnailUrl":"https:\/\/bolting.eu\/wp-content\/uploads\/2020\/09\/Edelrid-Liner-1.jpg","datePublished":"2020-09-02T06:48:02+00:00","dateModified":"2025-06-11T13:29:54+00:00","description":"EDELRID LINER SEILSACK beim Innsbrucker Kletterprofi kaufen \u2705 kostenloser Versand* \u2705 14 Tage R\u00fcckgaberecht \u2705 Co2 neutraler Versand","breadcrumb":{"@id":"https:\/\/bolting.eu\/en\/shop\/edelrid-liner\/#breadcrumb"},"inLanguage":"en-US","potentialAction":[{"@type":"ReadAction","target":["https:\/\/bolting.eu\/en\/shop\/edelrid-liner\/"]}]},{"@type":"ImageObject","inLanguage":"en-US","@id":"https:\/\/bolting.eu\/en\/shop\/edelrid-liner\/#primaryimage","url":"https:\/\/bolting.eu\/wp-content\/uploads\/2020\/09\/Edelrid-Liner-1.jpg","contentUrl":"https:\/\/bolting.eu\/wp-content\/uploads\/2020\/09\/Edelrid-Liner-1.jpg","width":700,"height":700,"caption":"Das Bild zeigt den Edelrid Liner. Der schwarze Seilsack liegt gerade im Bild mit den Tragriemen nach oben gezogen."},{"@type":"BreadcrumbList","@id":"https:\/\/bolting.eu\/en\/shop\/edelrid-liner\/#breadcrumb","itemListElement":[{"@type":"ListItem","position":1,"name":"Shop","item":"https:\/\/bolting.eu\/en\/shop\/"},{"@type":"ListItem","position":2,"name":"climbing equipment","item":"https:\/\/bolting.eu\/en\/produkt-kategorie\/climbing-equipment\/"},{"@type":"ListItem","position":3,"name":"Seils\u00e4cke","item":"https:\/\/bolting.eu\/produkt-kategorie\/kletterausruestung\/seilsaecke\/"},{"@type":"ListItem","position":4,"name":"Edelrid Liner"}]},{"@type":"WebSite","@id":"https:\/\/bolting.eu\/en\/#website","url":"https:\/\/bolting.eu\/en\/","name":"bolting.eu","description":"we make climbs happen","publisher":{"@id":"https:\/\/bolting.eu\/en\/#organization"},"potentialAction":[{"@type":"SearchAction","target":{"@type":"EntryPoint","urlTemplate":"https:\/\/bolting.eu\/en\/?s={search_term_string}"},"query-input":{"@type":"PropertyValueSpecification","valueRequired":true,"valueName":"search_term_string"}}],"inLanguage":"en-US"},{"@type":["Organization","Place","SportingGoodsStore"],"@id":"https:\/\/bolting.eu\/en\/#organization","name":"bolting.eu","url":"https:\/\/bolting.eu\/en\/","logo":{"@id":"https:\/\/bolting.eu\/en\/shop\/edelrid-liner\/#local-main-organization-logo"},"image":{"@id":"https:\/\/bolting.eu\/en\/shop\/edelrid-liner\/#local-main-organization-logo"},"sameAs":["https:\/\/www.facebook.com\/bolting.eu","https:\/\/www.instagram.com\/bolting.eu\/"],"address":{"@id":"https:\/\/bolting.eu\/en\/shop\/edelrid-liner\/#local-main-place-address"},"geo":{"@type":"GeoCoordinates","latitude":"47.264176340396226","longitude":"11.380109057672346"},"telephone":["+43 699 19083372"],"openingHoursSpecification":[{"@type":"OpeningHoursSpecification","dayOfWeek":["Monday","Wednesday","Friday"],"opens":"14:00","closes":"18:00"},{"@type":"OpeningHoursSpecification","dayOfWeek":["Tuesday","Thursday","Saturday","Sunday"],"opens":"00:00","closes":"00:00"}],"email":"office@bolting.eu","vatID":"ATU59999728","priceRange":"$$","currenciesAccepted":"Euro"},{"@type":"PostalAddress","@id":"https:\/\/bolting.eu\/en\/shop\/edelrid-liner\/#local-main-place-address","streetAddress":"Fischnalerstra\u00dfe 4","addressLocality":"Innsbruck","postalCode":"6020","addressRegion":"Tirol","addressCountry":"AT"},{"@type":"ImageObject","inLanguage":"en-US","@id":"https:\/\/bolting.eu\/en\/shop\/edelrid-liner\/#local-main-organization-logo","url":"https:\/\/bolting.eu\/wp-content\/uploads\/2019\/09\/bolting-logo.png","contentUrl":"https:\/\/bolting.eu\/wp-content\/uploads\/2019\/09\/bolting-logo.png","width":400,"height":211,"caption":"bolting.eu"}]},"product_price_amount":"27.00","product_price_currency":"EUR","og_availability":"instock","product_availability":"instock","product_retailer_item_id":"721120002190","product_condition":"new","geo.placename":"Innsbruck","geo.position":{"lat":"47.264176340396226","long":"11.380109057672346"},"geo.region":"Austria"},"_links":{"self":[{"href":"https:\/\/bolting.eu\/en\/wp-json\/wp\/v2\/product\/5186","targetHints":{"allow":["GET"]}}],"collection":[{"href":"https:\/\/bolting.eu\/en\/wp-json\/wp\/v2\/product"}],"about":[{"href":"https:\/\/bolting.eu\/en\/wp-json\/wp\/v2\/types\/product"}],"replies":[{"embeddable":true,"href":"https:\/\/bolting.eu\/en\/wp-json\/wp\/v2\/comments?post=5186"}],"wp:featuredmedia":[{"embeddable":true,"href":"https:\/\/bolting.eu\/en\/wp-json\/wp\/v2\/media\/5188"}],"wp:attachment":[{"href":"https:\/\/bolting.eu\/en\/wp-json\/wp\/v2\/media?parent=5186"}],"wp:term":[{"taxonomy":"product_brand","embeddable":true,"href":"https:\/\/bolting.eu\/en\/wp-json\/wp\/v2\/product_brand?post=5186"},{"taxonomy":"product_cat","embeddable":true,"href":"https:\/\/bolting.eu\/en\/wp-json\/wp\/v2\/product_cat?post=5186"},{"taxonomy":"product_tag","embeddable":true,"href":"https:\/\/bolting.eu\/en\/wp-json\/wp\/v2\/product_tag?post=5186"}],"curies":[{"name":"wp","href":"https:\/\/api.w.org\/{rel}","templated":true}]}}